{"id":1979,"date":"2023-06-16T18:32:15","date_gmt":"2023-06-16T10:32:15","guid":{"rendered":"https:\/\/skbty.com\/?post_type=product&#038;p=1979"},"modified":"2025-12-05T18:57:46","modified_gmt":"2025-12-05T10:57:46","slug":"appareil-facial-a-oxygene-hydrogene-h2o2","status":"publish","type":"product","link":"https:\/\/skbty.com\/fr\/produit\/appareil-facial-a-oxygene-hydrogene-h2o2\/","title":{"rendered":"Appareil facial \u00e0 oxyg\u00e8ne et hydrog\u00e8ne 6\/7 en 1"},"content":{"rendered":"<div>\n<h2>Appareil facial \u00e0 oxyg\u00e8ne et hydrog\u00e8ne 6\/7 en 1 pour hydrodermabrasion<\/h2>\n<h3>Appareil professionnel d&#039;hydrodermabrasion faciale \u00e0 oxyg\u00e8ne et hydrog\u00e8ne 6\/7 en 1<\/h3>\n<p>L&#039;appareil professionnel 6\/7 en 1 d&#039;hydrodermabrasion pour le visage \u00e0 l&#039;hydrog\u00e8ne et \u00e0 l&#039;oxyg\u00e8ne revitalise, nourrit, illumine et hydrate en profondeur votre peau gr\u00e2ce aux pouvoirs de gu\u00e9rison naturels de l&#039;eau et de l&#039;oxyg\u00e8ne.<\/p>\n<p><img loading=\"lazy\" decoding=\"async\" class=\"aligncenter wp-image-2062\" title=\"Appareil facial \u00e0 hydrog\u00e8ne et oxyg\u00e8ne\" src=\"https:\/\/skbty.com\/wp-content\/uploads\/2023\/06\/H349fe795da8542dcb13397ad3a29fa558.jpg\" alt=\"Appareil facial \u00e0 hydrog\u00e8ne et oxyg\u00e8ne\" width=\"536\" height=\"830\" srcset=\"https:\/\/skbty.com\/wp-content\/uploads\/2023\/06\/H349fe795da8542dcb13397ad3a29fa558.jpg 750w, https:\/\/skbty.com\/wp-content\/uploads\/2023\/06\/H349fe795da8542dcb13397ad3a29fa558-194x300.jpg 194w, https:\/\/skbty.com\/wp-content\/uploads\/2023\/06\/H349fe795da8542dcb13397ad3a29fa558-661x1024.jpg 661w, https:\/\/skbty.com\/wp-content\/uploads\/2023\/06\/H349fe795da8542dcb13397ad3a29fa558-600x929.jpg 600w\" sizes=\"auto, (max-width: 536px) 100vw, 536px\" \/><\/p>\n<p><strong>DONNEZ \u00c0 VOTRE PEAU L\u2019ATTENTION QU\u2019ELLE M\u00c9RITE !<\/strong><\/p>\n<p>Cette machine, qui co\u00fbte g\u00e9n\u00e9ralement des milliers de dollars chez les grossistes, est d\u00e9sormais disponible pour un usage domestique \u00e0 une fraction du prix. Les traitements d&#039;hydrodermabrasion traditionnels peuvent \u00eatre difficiles, mais l&#039;infusion d&#039;eau et d&#039;oxyg\u00e8ne rend ce traitement plus doux et plus confortable.<\/p>\n<h3>Qu&#039;est-ce que l&#039;hydrodermabrasion ?<\/h3>\n<p>L&#039;hydrodermabrasion est un traitement facial de pointe qui nettoie, d\u00e9toxifie, exfolie et extrait les impuret\u00e9s tout en hydratant la peau en profondeur. Il r\u00e9duit \u00e9galement les ridules, les rides, les pores dilat\u00e9s, l&#039;hyperpigmentation et le teint irr\u00e9gulier. Combinant la microdermabrasion \u00e0 l&#039;eau et \u00e0 l&#039;oxyg\u00e8ne, il rajeunit la peau pour un \u00e9clat hydrat\u00e9, sain et jeune.<\/p>\n<h3><img loading=\"lazy\" decoding=\"async\" class=\"aligncenter wp-image-2796 size-full\" title=\"Appareil facial \u00e0 hydrog\u00e8ne et oxyg\u00e8ne\" src=\"https:\/\/skbty.com\/wp-content\/uploads\/2023\/06\/h2o2-howwork-3.webp\" alt=\"Appareil facial \u00e0 hydrog\u00e8ne et oxyg\u00e8ne\" width=\"400\" height=\"225\" srcset=\"https:\/\/skbty.com\/wp-content\/uploads\/2023\/06\/h2o2-howwork-3.webp 400w, https:\/\/skbty.com\/wp-content\/uploads\/2023\/06\/h2o2-howwork-3-300x169.webp 300w\" sizes=\"auto, (max-width: 400px) 100vw, 400px\" \/><\/h3>\n<h3>Comment \u00e7a marche ?<\/h3>\n<p><strong>Exfolier et extraire :<\/strong><br \/>\nL&#039;eau adoucit la couche externe de la peau, o\u00f9 se trouvent les impuret\u00e9s. L&#039;aspiration sous vide exfolie et extrait les cellules mortes de la peau, le s\u00e9bum, l&#039;exc\u00e8s de s\u00e9bum, les points noirs, les points blancs et d\u00e9bouche les pores. L&#039;\u00e9limination de cette barri\u00e8re stimule la croissance de nouvelles cellules, r\u00e9v\u00e9lant une peau plus jeune.<\/p>\n<h3><img loading=\"lazy\" decoding=\"async\" class=\"aligncenter wp-image-2797 size-full\" title=\"Appareil facial \u00e0 hydrog\u00e8ne et oxyg\u00e8ne\" src=\"https:\/\/skbty.com\/wp-content\/uploads\/2023\/06\/h2o2-howwork-2.webp\" alt=\"Appareil facial \u00e0 hydrog\u00e8ne et oxyg\u00e8ne\" width=\"480\" height=\"270\" srcset=\"https:\/\/skbty.com\/wp-content\/uploads\/2023\/06\/h2o2-howwork-2.webp 480w, https:\/\/skbty.com\/wp-content\/uploads\/2023\/06\/h2o2-howwork-2-300x169.webp 300w\" sizes=\"auto, (max-width: 480px) 100vw, 480px\" \/><\/h3>\n<p><strong>Am\u00e9liorer:<\/strong><br \/>\nL&#039;aspiration sous vide augmente la circulation sanguine et d\u00e9clenche le processus naturel de gu\u00e9rison, stimulant le collag\u00e8ne et l&#039;\u00e9lastine. Elle laisse la peau ferme, fra\u00eeche et \u00e9clatante. En \u00e9liminant la couche sup\u00e9rieure des cellules mortes de la peau, les produits de soin p\u00e9n\u00e8trent jusqu&#039;\u00e0 20 fois plus profond\u00e9ment, maximisant ainsi leurs bienfaits.<\/p>\n<h3><\/h3>\n<div><\/div>\n<div>\n<table style=\"border-collapse: collapse; width: 100%;\">\n<tbody>\n<tr>\n<td style=\"width: 50%;\"><img loading=\"lazy\" decoding=\"async\" class=\"aligncenter\" title=\"Appareil facial \u00e0 hydrog\u00e8ne et oxyg\u00e8ne\" src=\"https:\/\/sc04.alicdn.com\/kf\/H19e4079ac93946b3bfe69172bfb6816fK\/247315878\/H19e4079ac93946b3bfe69172bfb6816fK.jpg\" alt=\"Appareil facial \u00e0 hydrog\u00e8ne et oxyg\u00e8ne\" width=\"534\" height=\"468\" data-src=\"\/\/sc04.alicdn.com\/kf\/H19e4079ac93946b3bfe69172bfb6816fK\/247315878\/H19e4079ac93946b3bfe69172bfb6816fK.jpg\" \/><\/td>\n<td style=\"width: 50%;\"><img loading=\"lazy\" decoding=\"async\" class=\"aligncenter wp-image-2065\" title=\"Appareil facial \u00e0 hydrog\u00e8ne et oxyg\u00e8ne\" src=\"https:\/\/skbty.com\/wp-content\/uploads\/2023\/06\/Hec216d1b208f4e9a9ef65182c5f23123l.jpg\" alt=\"Appareil facial \u00e0 hydrog\u00e8ne et oxyg\u00e8ne\" width=\"492\" height=\"507\" srcset=\"https:\/\/skbty.com\/wp-content\/uploads\/2023\/06\/Hec216d1b208f4e9a9ef65182c5f23123l.jpg 750w, https:\/\/skbty.com\/wp-content\/uploads\/2023\/06\/Hec216d1b208f4e9a9ef65182c5f23123l-291x300.jpg 291w, https:\/\/skbty.com\/wp-content\/uploads\/2023\/06\/Hec216d1b208f4e9a9ef65182c5f23123l-600x618.jpg 600w\" sizes=\"auto, (max-width: 492px) 100vw, 492px\" \/><\/td>\n<\/tr>\n<\/tbody>\n<\/table>\n<\/div>\n<div><\/div>\n<h3>Avantages de la machine faciale \u00e0 oxyg\u00e8ne et hydrog\u00e8ne pour microdermabrasion Hydra<\/h3>\n<ul>\n<li><strong>Nettoyage en profondeur :<\/strong> \u00c9limine les cellules mortes de la peau et les impuret\u00e9s pour un teint plus clair.<\/li>\n<li><strong>Hydrate la peau :<\/strong> Favorise une barri\u00e8re cutan\u00e9e \u00e9quilibr\u00e9e et saine.<\/li>\n<li><strong>R\u00e9duit les ridules et les rides :<\/strong> Am\u00e9liore l&#039;apparence de la peau en \u00e9liminant les cellules mortes et les impuret\u00e9s.<\/li>\n<li><strong>Unifie le teint :<\/strong> R\u00e9duit la d\u00e9coloration, les taches pigmentaires et les tons de peau irr\u00e9guliers.<\/li>\n<\/ul>\n<h3><img loading=\"lazy\" decoding=\"async\" class=\"aligncenter wp-image-2064\" title=\"Appareil facial \u00e0 hydrog\u00e8ne et oxyg\u00e8ne\" src=\"https:\/\/skbty.com\/wp-content\/uploads\/2023\/06\/H158366cdcc384d06b1b75abaae40536eL.jpg\" alt=\"Appareil facial \u00e0 hydrog\u00e8ne et oxyg\u00e8ne\" width=\"505\" height=\"558\" srcset=\"https:\/\/skbty.com\/wp-content\/uploads\/2023\/06\/H158366cdcc384d06b1b75abaae40536eL.jpg 750w, https:\/\/skbty.com\/wp-content\/uploads\/2023\/06\/H158366cdcc384d06b1b75abaae40536eL-272x300.jpg 272w, https:\/\/skbty.com\/wp-content\/uploads\/2023\/06\/H158366cdcc384d06b1b75abaae40536eL-600x662.jpg 600w\" sizes=\"auto, (max-width: 505px) 100vw, 505px\" \/><\/h3>\n<h3>Avantages de la machine faciale \u00e0 oxyg\u00e8ne hydrog\u00e8ne de 4e g\u00e9n\u00e9ration<\/h3>\n<ul>\n<li><strong>Pompes doubles de grande taille :<\/strong> \u00c9quip\u00e9 de 2 grandes pompes pour des performances optimales, surpassant les concurrents avec seulement 1 pompe moyenne ou petite.<\/li>\n<li><strong>Aspiration sup\u00e9rieure :<\/strong> Assure un nettoyage en profondeur mais doux.<\/li>\n<li><strong>Fonctionnement silencieux :<\/strong> G\u00e9n\u00e8re 50% moins de bruit que les autres marques.<\/li>\n<li><strong>Conseils pour prendre soin de la peau :<\/strong> Comprend des embouts en silicone pour un toucher plus doux sur la peau.<\/li>\n<li><strong>P\u00e9n\u00e9tration am\u00e9lior\u00e9e :<\/strong> Atteint une p\u00e9n\u00e9tration de produit sup\u00e9rieure 90% avec la sonde d&#039;hydratation hydrog\u00e8ne-oxyg\u00e8ne am\u00e9lior\u00e9e.<\/li>\n<li><strong>Construction de haute qualit\u00e9 :<\/strong> Fabriqu\u00e9 \u00e0 partir de mati\u00e8res premi\u00e8res de premi\u00e8re qualit\u00e9.<\/li>\n<li><strong>Solutions riches en nutriments :<\/strong> Livr\u00e9 avec un ensemble de solutions liquides nutritives enti\u00e8rement naturelles.<\/li>\n<li><strong>Emballage professionnel :<\/strong> Livr\u00e9 dans un emballage airbox professionnel pour une protection optimale.<\/li>\n<li><strong>Garantie et assistance :<\/strong> Comprend une garantie am\u00e9lior\u00e9e et une assistance technique \u00e0 vie.<\/li>\n<\/ul>\n<h3>Seulement 10 minutes, une fois par semaine<\/h3>\n<p>C&#039;est tout ce qu&#039;il faut pour obtenir la meilleure peau de votre vie ! Apr\u00e8s le premier traitement, votre peau sera tr\u00e8s douce et neuve. Apr\u00e8s 4 traitements, vous constaterez des am\u00e9liorations notables : une peau plus ferme, plus lisse et velout\u00e9e. Les cicatrices d&#039;acn\u00e9 l\u00e9g\u00e8res et les taches solaires peuvent diminuer, et vous aurez moins d&#039;\u00e9ruptions cutan\u00e9es, de ridules et de rides.<\/p>\n<\/div>\n<h3>Accessoires<\/h3>\n<div><strong>Pulv\u00e9risateur d&#039;oxyg\u00e8ne<\/strong><br \/>\nPour hydrater, \u00e9claircir et rajeunir la peau.<br \/>\n<strong>Poign\u00e9e \u00e0 ultrasons<\/strong><br \/>\nLes vibrations \u00e0 haute fr\u00e9quence d\u00e9tendent la peau et am\u00e9liorent l\u2019absorption des nutriments.<br \/>\n<strong>Marteau \u00e0 froid<\/strong><br \/>\nPour r\u00e9tr\u00e9cir les pores, raffermir et apaiser la peau. Augmente l&#039;\u00e9lasticit\u00e9 et r\u00e9duit les rides et les rougeurs.<br \/>\n<strong>Exfoliant pour la peau<\/strong><br \/>\nPour \u00e9liminer les peaux mortes et am\u00e9liorer l&#039;\u00e9tat de la peau.<\/div>\n<div><strong>Stylo dermabrasion Hydra<\/strong><\/div>\n<div>Pour un nettoyage en profondeur de la peau, l&#039;\u00e9limination de la graisse et des points noirs et l&#039;augmentation de l&#039;\u00e9lasticit\u00e9.<br \/>\n<strong>Poign\u00e9e RF bipolaire<\/strong><\/div>\n<div>Pour le lifting et le raffermissement de la peau, l&#039;\u00e9limination des rides.<\/div>\n<div>\n<table style=\"border-collapse: collapse; width: 100%;\">\n<tbody>\n<tr>\n<td style=\"width: 50%;\"><img loading=\"lazy\" decoding=\"async\" class=\"aligncenter\" title=\"Appareil facial \u00e0 hydrog\u00e8ne et oxyg\u00e8ne\" src=\"https:\/\/sc04.alicdn.com\/kf\/H4e7641065f3d430eac8f7994bd0719523\/247315878\/H4e7641065f3d430eac8f7994bd0719523.jpg\" alt=\"Appareil facial \u00e0 hydrog\u00e8ne et oxyg\u00e8ne\" width=\"394\" height=\"417\" data-src=\"\/\/sc04.alicdn.com\/kf\/H4e7641065f3d430eac8f7994bd0719523\/247315878\/H4e7641065f3d430eac8f7994bd0719523.jpg\" \/><\/td>\n<td style=\"width: 50%;\"><img loading=\"lazy\" decoding=\"async\" class=\"aligncenter\" title=\"Appareil facial \u00e0 hydrog\u00e8ne et oxyg\u00e8ne\" src=\"https:\/\/sc04.alicdn.com\/kf\/H23620bd3f0ba48b090cc2daa2767506cM\/247315878\/H23620bd3f0ba48b090cc2daa2767506cM.jpg\" alt=\"Appareil facial \u00e0 hydrog\u00e8ne et oxyg\u00e8ne\" width=\"447\" height=\"427\" data-src=\"\/\/sc04.alicdn.com\/kf\/H23620bd3f0ba48b090cc2daa2767506cM\/247315878\/H23620bd3f0ba48b090cc2daa2767506cM.jpg\" \/><\/td>\n<\/tr>\n<\/tbody>\n<\/table>\n<\/div>\n<div>\n<h3>Lumi\u00e8re \u00e0 7 LED<\/h3>\n<div><strong>Feu rouge : <\/strong>\u00c9claircit la peau, augmente son \u00e9lasticit\u00e9.<\/div>\n<div><strong>Lumi\u00e8re bleue : <\/strong>St\u00e9rilisation anti-acn\u00e9 anti-inflammatoire.<\/div>\n<div><strong>Feu vert: <\/strong>Apaise la peau, maintient l&#039;\u00e9quilibre en eau et en huile.<\/div>\n<div>\n<div><strong>Lumi\u00e8re jaune : <\/strong>R\u00e9duit les rougeurs et l\u2019\u00e9ryth\u00e8me de la peau.<\/div>\n<p><strong>Lumi\u00e8re violette : <\/strong>Blanchir la peau et r\u00e9duire l&#039;acn\u00e9.<br \/>\n<strong>Lumi\u00e8re cyan : <\/strong>Augmente l&#039;\u00e9nergie cellulaire. Favorise le m\u00e9tabolisme.<br \/>\n<strong>Lumi\u00e8re blanche : <\/strong>R\u00e9duit les rides, raffermit la peau.<\/p>\n<\/div>\n<div style=\"text-align: center;\"><\/div>\n<div>\n<table style=\"border-collapse: collapse; width: 100%;\">\n<tbody>\n<tr>\n<td style=\"width: 50%;\"><img loading=\"lazy\" decoding=\"async\" class=\"magic-13 aligncenter\" title=\"Appareil facial \u00e0 hydrog\u00e8ne et oxyg\u00e8ne\" src=\"https:\/\/sc04.alicdn.com\/kf\/H958ae3f8a614413e985f34a7adbbfadbp\/247315878\/H958ae3f8a614413e985f34a7adbbfadbp.jpg\" alt=\"Appareil facial \u00e0 hydrog\u00e8ne et oxyg\u00e8ne\" width=\"512\" height=\"522\" data-src=\"\/\/sc04.alicdn.com\/kf\/H958ae3f8a614413e985f34a7adbbfadbp\/247315878\/H958ae3f8a614413e985f34a7adbbfadbp.jpg\" \/><\/td>\n<td style=\"width: 50%;\"><img loading=\"lazy\" decoding=\"async\" class=\"aligncenter\" title=\"Appareil facial \u00e0 hydrog\u00e8ne et oxyg\u00e8ne\" src=\"https:\/\/sc04.alicdn.com\/kf\/H063b765e305243fd8352bfc37e8c91a0p\/247315878\/H063b765e305243fd8352bfc37e8c91a0p.jpg\" alt=\"Appareil facial \u00e0 hydrog\u00e8ne et oxyg\u00e8ne\" width=\"534\" height=\"538\" data-src=\"\/\/sc04.alicdn.com\/kf\/H063b765e305243fd8352bfc37e8c91a0p\/247315878\/H063b765e305243fd8352bfc37e8c91a0p.jpg\" \/><\/td>\n<\/tr>\n<\/tbody>\n<\/table>\n<\/div>\n<div><\/div>\n<\/div>\n<div>\n<div><\/div>\n<div><\/div>\n<div><img loading=\"lazy\" decoding=\"async\" class=\"aligncenter\" title=\"Appareil facial \u00e0 hydrog\u00e8ne et oxyg\u00e8ne\" src=\"https:\/\/sc04.alicdn.com\/kf\/H1682f395701b4d43be53e265d65bb5d9t\/247315878\/H1682f395701b4d43be53e265d65bb5d9t.jpg\" alt=\"Appareil facial \u00e0 hydrog\u00e8ne et oxyg\u00e8ne\" width=\"750\" height=\"762\" data-src=\"\/\/sc04.alicdn.com\/kf\/H1682f395701b4d43be53e265d65bb5d9t\/247315878\/H1682f395701b4d43be53e265d65bb5d9t.jpg\" \/><\/div>\n<div><strong>T\u00eate de peeling Aqua<\/strong><br \/>\nL&#039;eau pure est purifi\u00e9e pour produire de fines mol\u00e9cules H2 \u00e0 la surface de la peau, de sorte que les mol\u00e9cules d&#039;eau p\u00e9n\u00e8trent rapidement dans la peau<\/div>\n<div><strong>Exfoliant pour la peau<\/strong><br \/>\nVibrez pour \u00e9liminer les peaux mortes et retirer l&#039;exc\u00e8s de cuticules<\/div>\n<div><strong>Marteau cool<\/strong><br \/>\nCool Hammer, refroidissement rapide, r\u00e9tr\u00e9cissement des pores, apaisement de la peau<\/div>\n<div><strong>Ultrason<\/strong><br \/>\nVibration haute fr\u00e9quence, infusion efficace<\/div>\n<div>\n<div><strong>Pistolet \u00e0 eau<\/strong><br \/>\nL&#039;instrument g\u00e9n\u00e8re une solution combin\u00e9e d&#039;ions eau-oxyg\u00e8ne \u00e0 haute teneur et le pistolet pulv\u00e9risateur la conduit dans la couche dermique<\/div>\n<div><strong>RF bipolaire<\/strong><br \/>\nFavorise la r\u00e9g\u00e9n\u00e9ration du collag\u00e8ne, comble les rides, restaure l&#039;\u00e9lasticit\u00e9<\/div>\n<\/div>\n<div>\n<table style=\"border-collapse: collapse; width: 100%;\">\n<tbody>\n<tr>\n<td style=\"width: 50%;\"><img loading=\"lazy\" decoding=\"async\" class=\"aligncenter wp-image-2795 size-large\" title=\"Appareil facial \u00e0 hydrog\u00e8ne et oxyg\u00e8ne\" src=\"https:\/\/skbty.com\/wp-content\/uploads\/2023\/06\/h2o2-facial-1-1024x880.jpg\" alt=\"Appareil facial \u00e0 hydrog\u00e8ne et oxyg\u00e8ne\" width=\"1024\" height=\"880\" srcset=\"https:\/\/skbty.com\/wp-content\/uploads\/2023\/06\/h2o2-facial-1-1024x880.jpg 1024w, https:\/\/skbty.com\/wp-content\/uploads\/2023\/06\/h2o2-facial-1-300x258.jpg 300w, https:\/\/skbty.com\/wp-content\/uploads\/2023\/06\/h2o2-facial-1-768x660.jpg 768w, https:\/\/skbty.com\/wp-content\/uploads\/2023\/06\/h2o2-facial-1-600x516.jpg 600w, https:\/\/skbty.com\/wp-content\/uploads\/2023\/06\/h2o2-facial-1.jpg 1138w\" sizes=\"auto, (max-width: 1024px) 100vw, 1024px\" \/><\/td>\n<td style=\"width: 50%;\"><img loading=\"lazy\" decoding=\"async\" class=\"aligncenter wp-image-2794 size-large\" title=\"Appareil facial \u00e0 hydrog\u00e8ne et oxyg\u00e8ne\" src=\"https:\/\/skbty.com\/wp-content\/uploads\/2023\/06\/h2o2-facial-2-1024x837.jpg\" alt=\"Appareil facial \u00e0 hydrog\u00e8ne et oxyg\u00e8ne\" width=\"1024\" height=\"837\" srcset=\"https:\/\/skbty.com\/wp-content\/uploads\/2023\/06\/h2o2-facial-2-1024x837.jpg 1024w, https:\/\/skbty.com\/wp-content\/uploads\/2023\/06\/h2o2-facial-2-300x245.jpg 300w, https:\/\/skbty.com\/wp-content\/uploads\/2023\/06\/h2o2-facial-2-768x628.jpg 768w, https:\/\/skbty.com\/wp-content\/uploads\/2023\/06\/h2o2-facial-2-600x491.jpg 600w, https:\/\/skbty.com\/wp-content\/uploads\/2023\/06\/h2o2-facial-2.jpg 1152w\" sizes=\"auto, (max-width: 1024px) 100vw, 1024px\" \/><\/td>\n<\/tr>\n<\/tbody>\n<\/table>\n<\/div>\n<div><\/div>\n<div><strong style=\"font-family: 'Playfair Display', serif; font-size: 24px; text-transform: capitalize;\">Personnaliser Le Logo<\/strong><\/div>\n<\/div>\n<div>\n<p>Vous voulez faire de votre marque de se d\u00e9marquer? Nous vous proposons logo personnalis\u00e9 de services pour vous aider \u00e0 cr\u00e9er un unique et personnalis\u00e9e de logo, qui refl\u00e8te l&#039;identit\u00e9 de votre marque. Notre \u00e9quipe d&#039;experts travaillera en \u00e9troite collaboration avec vous pour concevoir un logo qui r\u00e9sonne avec les valeurs de votre marque et de messagerie. Si vous \u00eates \u00e0 la recherche de r\u00e9organiser votre logo existant ou en cr\u00e9er un nouveau \u00e0 partir de z\u00e9ro, nous vous avons avons couvert. <a href=\"\/fr\/contact\/\">Contactez-nous<\/a> aujourd&#039;hui pour en savoir plus sur notre logo personnalis\u00e9 de services!<\/p>\n<\/div>\n<div>\n<div><\/div>\n<\/div>","protected":false},"excerpt":{"rendered":"<p>\u2662 Hydratation de la peau<br \/>\n\u2662 Raffermissement de la peau<br \/>\n\u2662 S\u00e9dation cutan\u00e9e<br \/>\n\u2662 Blanchiment de la peau<br \/>\n\u2662 \u00c9limination des points noirs<br \/>\n\u2662 \u00c9limination des rides<\/p>","protected":false},"featured_media":2070,"comment_status":"open","ping_status":"closed","template":"","meta":{"_kad_post_transparent":"default","_kad_post_title":"","_kad_post_layout":"default","_kad_post_sidebar_id":"","_kad_post_content_style":"default","_kad_post_vertical_padding":"default","_kad_post_feature":"","_kad_post_feature_position":"","_kad_post_header":false,"_kad_post_footer":false,"_kad_post_classname":"","rank_math_title":"","rank_math_description":"","rank_math_focus_keyword":""},"product_brand":[],"product_cat":[33],"product_tag":[],"class_list":{"0":"post-1979","1":"product","2":"type-product","3":"status-publish","4":"has-post-thumbnail","6":"product_cat-face-care","7":"product_shipping_class-sk-fc002","9":"first","10":"instock","11":"sale","12":"shipping-taxable","13":"purchasable","14":"product-type-variable","15":"entry","16":"content-bg","17":"loop-entry"},"_links":{"self":[{"href":"https:\/\/skbty.com\/fr\/wp-json\/wp\/v2\/product\/1979","targetHints":{"allow":["GET"]}}],"collection":[{"href":"https:\/\/skbty.com\/fr\/wp-json\/wp\/v2\/product"}],"about":[{"href":"https:\/\/skbty.com\/fr\/wp-json\/wp\/v2\/types\/product"}],"replies":[{"embeddable":true,"href":"https:\/\/skbty.com\/fr\/wp-json\/wp\/v2\/comments?post=1979"}],"wp:featuredmedia":[{"embeddable":true,"href":"https:\/\/skbty.com\/fr\/wp-json\/wp\/v2\/media\/2070"}],"wp:attachment":[{"href":"https:\/\/skbty.com\/fr\/wp-json\/wp\/v2\/media?parent=1979"}],"wp:term":[{"taxonomy":"product_brand","embeddable":true,"href":"https:\/\/skbty.com\/fr\/wp-json\/wp\/v2\/product_brand?post=1979"},{"taxonomy":"product_cat","embeddable":true,"href":"https:\/\/skbty.com\/fr\/wp-json\/wp\/v2\/product_cat?post=1979"},{"taxonomy":"product_tag","embeddable":true,"href":"https:\/\/skbty.com\/fr\/wp-json\/wp\/v2\/product_tag?post=1979"}],"curies":[{"name":"Wp wp","href":"https:\/\/api.w.org\/{rel}","templated":true}]}}