{"id":1994,"date":"2023-06-16T22:01:05","date_gmt":"2023-06-16T14:01:05","guid":{"rendered":"https:\/\/skbty.com\/?post_type=product&#038;p=1994"},"modified":"2025-12-05T18:45:33","modified_gmt":"2025-12-05T10:45:33","slug":"appareil-de-beaute-plasma-2-en-1-2","status":"publish","type":"product","link":"https:\/\/skbty.com\/fr\/produit\/appareil-de-beaute-plasma-2-en-1-2\/","title":{"rendered":"Appareil de beaut\u00e9 plasma 2 en 1"},"content":{"rendered":"<div>\n<h1><strong>Appareil de beaut\u00e9 plasma 2 en 1 : r\u00e9volutionner le traitement de la peau<\/strong><\/h1>\n<h3><strong>Qu&#039;est-ce que la machine de beaut\u00e9 plasma 2 en 1 ?<\/strong><\/h3>\n<p>La machine de beaut\u00e9 au plasma 2 en 1 est un appareil de pointe qui utilise la technologie avanc\u00e9e de transfert de plasma TDDS pour fournir une gamme de traitements cutan\u00e9s. Cette machine est con\u00e7ue pour fournir une solution s\u00fbre et efficace \u00e0 divers probl\u00e8mes de peau, notamment l&#039;acn\u00e9, les cicatrices et le vieillissement cutan\u00e9.<\/p>\n<table style=\"border-collapse: collapse; width: 100%;\">\n<tbody>\n<tr>\n<td style=\"width: 50%;\"><img loading=\"lazy\" decoding=\"async\" class=\"aligncenter\" title=\"Appareil de beaut\u00e9 plasma 2 en 1\" src=\"https:\/\/sc04.alicdn.com\/kf\/Hd8b7981db9c5416dabf5a49b9d8b5b40O\/247315878\/Hd8b7981db9c5416dabf5a49b9d8b5b40O.jpg\" alt=\"Appareil de beaut\u00e9 plasma 2 en 1\" width=\"382\" height=\"460\" data-src=\"\/\/sc04.alicdn.com\/kf\/Hd8b7981db9c5416dabf5a49b9d8b5b40O\/247315878\/Hd8b7981db9c5416dabf5a49b9d8b5b40O.jpg\" \/><\/td>\n<td style=\"width: 50%;\">\n<h3><img loading=\"lazy\" decoding=\"async\" class=\"aligncenter\" title=\"Appareil de beaut\u00e9 plasma 2 en 1\" src=\"https:\/\/sc04.alicdn.com\/kf\/H0ccdb68f66c9430992fcc581feb4054dF\/247315878\/H0ccdb68f66c9430992fcc581feb4054dF.jpg\" alt=\"Appareil de beaut\u00e9 plasma 2 en 1\" width=\"423\" height=\"447\" data-src=\"\/\/sc04.alicdn.com\/kf\/H0ccdb68f66c9430992fcc581feb4054dF\/247315878\/H0ccdb68f66c9430992fcc581feb4054dF.jpg\" \/><\/h3>\n<\/td>\n<\/tr>\n<\/tbody>\n<\/table>\n<h3><strong>Avantages techniques<\/strong><\/h3>\n<p>La machine de beaut\u00e9 plasma 2 en 1 pr\u00e9sente plusieurs avantages techniques, notamment :<\/p>\n<h4><strong>1. Absorption rapide<\/strong><\/h4>\n<p>La technologie de transfert de plasma TDDS ouvre rapidement les mol\u00e9cules d&#039;adh\u00e9sion (CAM) qui relient les cellules, produisant une absorption \u00e9tonnante, qui est instantan\u00e9ment absorb\u00e9e par la peau en seulement 30 secondes.<\/p>\n<h4><strong>2. Forte capacit\u00e9 de d\u00e9sinfection<\/strong><\/h4>\n<p>L&#039;\u00e9nergie du plasma a une forte capacit\u00e9 de d\u00e9sinfection, qui peut \u00e9liminer efficacement les bact\u00e9ries en d\u00e9truisant la structure mol\u00e9culaire des bact\u00e9ries et \u00e9viter de provoquer divers probl\u00e8mes de peau.<\/p>\n<h4><strong>3. \u00c9claircissement et blanchiment de la peau<\/strong><\/h4>\n<p>L&#039;\u00e9nergie du plasma provoque l&#039;atrophie et la recombinaison des cellules vieillissantes par pulv\u00e9risation, tout en inhibant la pr\u00e9cipitation de la m\u00e9lanine, rendant la peau lumineuse, blanche et impeccable.<\/p>\n<h4><strong>4. Auto-r\u00e9g\u00e9n\u00e9ration du collag\u00e8ne<\/strong><\/h4>\n<p>L&#039;\u00e9nergie du plasma exerce une chaleur et une pression \u00e0 haute \u00e9nergie pendant le transport, forme de l&#039;hydrog\u00e8ne \u00e0 la surface de la peau et produit rapidement des groupes de plasma fins F-DBD entre les cellules de la peau, reproduit la tension de la membrane cellulaire, \u00e9quilibre tous les ions de la structure de la peau et auto-r\u00e9g\u00e9n\u00e8re le collag\u00e8ne, ce qui permet \u00e0 la structure malsaine qui a \u00e9t\u00e9 endommag\u00e9e et affect\u00e9e par les pigments de produire un effet d&#039;auto-gu\u00e9rison \u00e0 haute efficacit\u00e9, tout en stimulant la production de fibroblastes de collag\u00e8ne et en pr\u00e9venant le vieillissement cutan\u00e9.<\/p>\n<h3><img loading=\"lazy\" decoding=\"async\" class=\"aligncenter\" title=\"Appareil de beaut\u00e9 plasma 2 en 1\" src=\"https:\/\/sc04.alicdn.com\/kf\/Hf9efdaa8aeec40d9b2b126e076f49959M\/247315878\/Hf9efdaa8aeec40d9b2b126e076f49959M.jpg\" alt=\"Appareil de beaut\u00e9 plasma 2 en 1\" width=\"584\" height=\"1894\" data-src=\"\/\/sc04.alicdn.com\/kf\/Hf9efdaa8aeec40d9b2b126e076f49959M\/247315878\/Hf9efdaa8aeec40d9b2b126e076f49959M.jpg\" \/><\/h3>\n<h3><img loading=\"lazy\" decoding=\"async\" class=\"aligncenter\" title=\"Appareil de beaut\u00e9 plasma 2 en 1\" src=\"https:\/\/sc04.alicdn.com\/kf\/Hf29d05aff52e46f58902152ec6841c53L\/247315878\/Hf29d05aff52e46f58902152ec6841c53L.jpg\" alt=\"Appareil de beaut\u00e9 plasma 2 en 1\" width=\"525\" height=\"933\" data-src=\"\/\/sc04.alicdn.com\/kf\/Hf29d05aff52e46f58902152ec6841c53L\/247315878\/Hf29d05aff52e46f58902152ec6841c53L.jpg\" \/><\/h3>\n<h3><strong>Sonde \u00e0 plasma et \u00e9lectrode en c\u00e9ramique<\/strong><\/h3>\n<p>La machine est livr\u00e9e avec une sonde plasma et une \u00e9lectrode en c\u00e9ramique, qui fournissent :<\/p>\n<h4><strong>Sonde chirurgicale \u00e0 plasma<\/strong><\/h4>\n<p>Traitement chirurgical d\u00e9licat et pr\u00e9cis qui n&#039;endommage pas le tissu cutan\u00e9 mais stimule la peau et le tissu sous-cutan\u00e9, le rendant adapt\u00e9 \u00e0 divers traitements cutan\u00e9s tels que l&#039;acn\u00e9, les cicatrices et la chirurgie esth\u00e9tique des paupi\u00e8res.<\/p>\n<h4><strong>\u00c9lectrode en c\u00e9ramique<\/strong><\/h4>\n<p>Excellente r\u00e9sistance m\u00e9canique avec une forte durabilit\u00e9 et un contact plus s\u00fbr et plus fiable avec le corps humain.<\/p>\n<h3><strong>Service et tension<\/strong><\/h3>\n<p>La machine de beaut\u00e9 plasma 2 en 1 est livr\u00e9e avec un service OEM\/ODM et fonctionne \u00e0 une tension de AC110V\/240V.<\/p>\n<h3><strong>Fr\u00e9quence et taille de l&#039;h\u00f4te<\/strong><\/h3>\n<p>La machine fonctionne \u00e0 une fr\u00e9quence de 10 MHz et a une taille d&#039;h\u00f4te de 57 (longueur) \u00d7 46 (largeur) \u00d7 46 (hauteur) cm.<\/p>\n<h3><strong>Poids brut<\/strong><\/h3>\n<p>La machine a un poids brut d&#039;environ 13,1 kg.<\/p>\n<h3><strong>Conclusion<\/strong><\/h3>\n<p>La machine de beaut\u00e9 au plasma 2 en 1 est un appareil r\u00e9volutionnaire qui offre une gamme de traitements cutan\u00e9s, notamment l&#039;acn\u00e9, les cicatrices et le vieillissement cutan\u00e9. Gr\u00e2ce \u00e0 sa technologie avanc\u00e9e de transfert de plasma TDDS, sa sonde plasma et son \u00e9lectrode en c\u00e9ramique, cette machine est une solution id\u00e9ale pour ceux qui cherchent \u00e0 am\u00e9liorer la sant\u00e9 de leur peau.<\/p>\n<h3><strong>Questions fr\u00e9quemment pos\u00e9es<\/strong><\/h3>\n<h4><strong>Q\u00a0:\u00a0La machine de beaut\u00e9 plasma 2 en 1 est-elle s\u00fbre \u00e0 utiliser\u00a0?<\/strong><\/h4>\n<p>R : Oui, la machine est s\u00fbre \u00e0 utiliser et poss\u00e8de une forte capacit\u00e9 de d\u00e9sinfection qui \u00e9limine les bact\u00e9ries et pr\u00e9vient les probl\u00e8mes de peau.<\/p>\n<h4><strong>Q : Quels probl\u00e8mes de peau peuvent \u00eatre trait\u00e9s avec la machine ?<\/strong><\/h4>\n<p>R : La machine peut traiter divers probl\u00e8mes de peau, notamment l\u2019acn\u00e9, les cicatrices et le vieillissement cutan\u00e9.<\/p>\n<h4><strong>Q : Combien de temps dure une s\u00e9ance de traitement ?<\/strong><\/h4>\n<p>R : Les s\u00e9ances de traitement peuvent varier en dur\u00e9e, mais durent g\u00e9n\u00e9ralement environ 30 \u00e0 60 minutes.<\/p>\n<h4><strong>Q : La machine est-elle facile \u00e0 utiliser ?<\/strong><\/h4>\n<p>R : Oui, la machine est facile \u00e0 utiliser et est livr\u00e9e avec un service et une assistance OEM\/ODM.<\/p>\n<h4><strong>Q : Quels types de r\u00e9sultats puis-je attendre de la machine ?<\/strong><\/h4>\n<p>R : Les r\u00e9sultats peuvent varier, mais la machine peut assurer une absorption rapide, un \u00e9claircissement et un blanchiment de la peau et une auto-r\u00e9g\u00e9n\u00e9ration du collag\u00e8ne.<\/p>\n<\/div>\n<div>\n<div><\/div>\n<div><img loading=\"lazy\" decoding=\"async\" class=\"aligncenter\" title=\"Appareil de beaut\u00e9 plasma 2 en 1\" src=\"https:\/\/sc04.alicdn.com\/kf\/Hd8b09c41f9454797b2a419edeec0ee91g\/247315878\/Hd8b09c41f9454797b2a419edeec0ee91g.jpg\" alt=\"Appareil de beaut\u00e9 plasma 2 en 1\" width=\"506\" height=\"1109\" data-src=\"\/\/sc04.alicdn.com\/kf\/Hd8b09c41f9454797b2a419edeec0ee91g\/247315878\/Hd8b09c41f9454797b2a419edeec0ee91g.jpg\" \/><\/div>\n<div>\n<h3><strong>Personnaliser Le Logo<\/strong><\/h3>\n<p>Vous voulez faire de votre marque de se d\u00e9marquer? Nous vous proposons logo personnalis\u00e9 de services pour vous aider \u00e0 cr\u00e9er un unique et personnalis\u00e9e de logo, qui refl\u00e8te l&#039;identit\u00e9 de votre marque. Notre \u00e9quipe d&#039;experts travaillera en \u00e9troite collaboration avec vous pour concevoir un logo qui r\u00e9sonne avec les valeurs de votre marque et de messagerie. Si vous \u00eates \u00e0 la recherche de r\u00e9organiser votre logo existant ou en cr\u00e9er un nouveau \u00e0 partir de z\u00e9ro, nous vous avons avons couvert. <a href=\"\/fr\/contact\/\">Contactez-nous<\/a> aujourd&#039;hui pour en savoir plus sur notre logo personnalis\u00e9 de services!<\/p>\n<p style=\"text-align: center;\">\n<\/div>\n<\/div>","protected":false},"excerpt":{"rendered":"<p class=\"p1\">D\u00e9couvrez la machine de beaut\u00e9 plasma 2 en 1, un appareil r\u00e9volutionnaire qui utilise la technologie avanc\u00e9e de transfert de plasma TDDS pour fournir une gamme de traitements de la peau, notamment l&#039;acn\u00e9, les cicatrices et le vieillissement cutan\u00e9.<\/p>","protected":false},"featured_media":2001,"comment_status":"open","ping_status":"closed","template":"","meta":{"_kad_post_transparent":"default","_kad_post_title":"","_kad_post_layout":"default","_kad_post_sidebar_id":"","_kad_post_content_style":"default","_kad_post_vertical_padding":"default","_kad_post_feature":"","_kad_post_feature_position":"","_kad_post_header":false,"_kad_post_footer":false,"_kad_post_classname":"","rank_math_title":"","rank_math_description":"","rank_math_focus_keyword":""},"product_brand":[],"product_cat":[33],"product_tag":[],"class_list":{"0":"post-1994","1":"product","2":"type-product","3":"status-publish","4":"has-post-thumbnail","6":"product_cat-face-care","8":"first","9":"instock","10":"sale","11":"shipping-taxable","12":"purchasable","13":"product-type-variable","14":"entry","15":"content-bg","16":"loop-entry"},"_links":{"self":[{"href":"https:\/\/skbty.com\/fr\/wp-json\/wp\/v2\/product\/1994","targetHints":{"allow":["GET"]}}],"collection":[{"href":"https:\/\/skbty.com\/fr\/wp-json\/wp\/v2\/product"}],"about":[{"href":"https:\/\/skbty.com\/fr\/wp-json\/wp\/v2\/types\/product"}],"replies":[{"embeddable":true,"href":"https:\/\/skbty.com\/fr\/wp-json\/wp\/v2\/comments?post=1994"}],"wp:featuredmedia":[{"embeddable":true,"href":"https:\/\/skbty.com\/fr\/wp-json\/wp\/v2\/media\/2001"}],"wp:attachment":[{"href":"https:\/\/skbty.com\/fr\/wp-json\/wp\/v2\/media?parent=1994"}],"wp:term":[{"taxonomy":"product_brand","embeddable":true,"href":"https:\/\/skbty.com\/fr\/wp-json\/wp\/v2\/product_brand?post=1994"},{"taxonomy":"product_cat","embeddable":true,"href":"https:\/\/skbty.com\/fr\/wp-json\/wp\/v2\/product_cat?post=1994"},{"taxonomy":"product_tag","embeddable":true,"href":"https:\/\/skbty.com\/fr\/wp-json\/wp\/v2\/product_tag?post=1994"}],"curies":[{"name":"Wp wp","href":"https:\/\/api.w.org\/{rel}","templated":true}]}}