{"id":2002,"date":"2023-06-19T17:00:31","date_gmt":"2023-06-19T09:00:31","guid":{"rendered":"https:\/\/skbty.com\/?post_type=product&#038;p=2002"},"modified":"2024-06-24T14:04:35","modified_gmt":"2024-06-24T06:04:35","slug":"machine-de-cavitation-9-en-1-80k","status":"publish","type":"product","link":"https:\/\/skbty.com\/fr\/produit\/machine-de-cavitation-9-en-1-80k\/","title":{"rendered":"9 dans 1 machine de cavitation de 80k"},"content":{"rendered":"<div>\n<h2><strong>Appareil de cavitation 9 en 1 80k : le traitement ultime du corps et du visage<\/strong><\/h2>\n<h3><strong>Qu&#039;est-ce que la machine de cavitation 9 en 1 80k ?<\/strong><\/h3>\n<p>La machine \u00e0 cavitation 9 en 1 80k est un appareil r\u00e9volutionnaire qui offre une gamme compl\u00e8te de traitements pour le corps, le visage et les yeux. Cette machine est con\u00e7ue pour offrir une exp\u00e9rience non invasive et sans douleur, ce qui en fait une solution id\u00e9ale pour ceux qui cherchent \u00e0 am\u00e9liorer leur apparence physique.<\/p>\n<p>&nbsp;<\/p>\n<table style=\"border-collapse: collapse; width: 100%;\">\n<tbody>\n<tr>\n<td style=\"width: 50%;\">\n<h3><img loading=\"lazy\" decoding=\"async\" class=\"magic-6 aligncenter\" title=\"Machine de cavitation 9 en 1 80k\" src=\"https:\/\/sc04.alicdn.com\/kf\/H00d2e3378e7843dc93bce86caacd204eB\/247434381\/H00d2e3378e7843dc93bce86caacd204eB.jpg\" alt=\"Machine de cavitation 9 en 1 80k\" width=\"366\" height=\"366\" data-src=\"\/\/sc04.alicdn.com\/kf\/H00d2e3378e7843dc93bce86caacd204eB\/247434381\/H00d2e3378e7843dc93bce86caacd204eB.jpg\" \/><\/h3>\n<\/td>\n<td style=\"width: 50%;\"><img loading=\"lazy\" decoding=\"async\" class=\"aligncenter\" title=\"Machine de cavitation 9 en 1 80k\" src=\"https:\/\/sc04.alicdn.com\/kf\/H12741e37309f44edb153c6a8a3d1047ex\/247315878\/H12741e37309f44edb153c6a8a3d1047ex.jpg\" alt=\"Machine de cavitation 9 en 1 80k\" width=\"363\" height=\"363\" data-src=\"\/\/sc04.alicdn.com\/kf\/H12741e37309f44edb153c6a8a3d1047ex\/247315878\/H12741e37309f44edb153c6a8a3d1047ex.jpg\" \/><\/td>\n<\/tr>\n<\/tbody>\n<\/table>\n<h3><strong>Utilisation et avantages<\/strong><\/h3>\n<h4><strong>Soins du corps<\/strong><\/h4>\n<p>La machine de cavitation 9 en 1 80k est \u00e9quip\u00e9e d&#039;une technologie avanc\u00e9e qui cible diff\u00e9rentes zones du corps, notamment :<\/p>\n<ul>\n<li><strong>Raffermissement cutan\u00e9 par RF<\/strong>: Augmente la fermet\u00e9, favorise la r\u00e9sistance naturelle du tissu sous-cutan\u00e9 et stimule l&#039;hyperplasie du collag\u00e8ne pour am\u00e9liorer la peau du corps et obtenir des r\u00e9sultats anti-\u00e2ge durables.<\/li>\n<li><strong>Lipolyse au laser<\/strong>:Utilise une longueur d&#039;onde de 635 \u00e0 650 nm pour lib\u00e9rer de l&#039;\u00e9nergie et p\u00e9n\u00e9trer la couche de graisse, dissolvant en toute s\u00e9curit\u00e9 la graisse sous-cutan\u00e9e et obtenant des r\u00e9sultats de sculpture corporelle.<\/li>\n<li><strong>Autocollants de physioth\u00e9rapie micro-\u00e9lectrique Courant puls\u00e9 EMS<\/strong>:Stimule les nerfs pour provoquer un mouvement de contraction musculaire, fa\u00e7onnant et exer\u00e7ant les muscles.<\/li>\n<\/ul>\n<table style=\"border-collapse: collapse; width: 100%;\">\n<tbody>\n<tr>\n<td style=\"width: 50%;\">\n<h4><img loading=\"lazy\" decoding=\"async\" class=\"magic-8 aligncenter\" title=\"Machine de cavitation 9 en 1 80k\" src=\"https:\/\/sc04.alicdn.com\/kf\/H27fc90c1fe004fa4b07e73a5d4a0a46fx\/247434381\/H27fc90c1fe004fa4b07e73a5d4a0a46fx.png\" alt=\"Machine de cavitation 9 en 1 80k\" width=\"331\" height=\"226\" data-src=\"\/\/sc04.alicdn.com\/kf\/H27fc90c1fe004fa4b07e73a5d4a0a46fx\/247434381\/H27fc90c1fe004fa4b07e73a5d4a0a46fx.png\" \/><\/h4>\n<\/td>\n<td style=\"width: 50%;\">\n<h4><img loading=\"lazy\" decoding=\"async\" class=\"magic-8 aligncenter\" title=\"Machine de cavitation 9 en 1 80k\" src=\"https:\/\/sc04.alicdn.com\/kf\/Hb4f6925ffdf24d1289e682e2c2fae0aer\/247434381\/Hb4f6925ffdf24d1289e682e2c2fae0aer.png\" alt=\"Machine de cavitation 9 en 1 80k\" width=\"323\" height=\"230\" data-src=\"\/\/sc04.alicdn.com\/kf\/Hb4f6925ffdf24d1289e682e2c2fae0aer\/247434381\/Hb4f6925ffdf24d1289e682e2c2fae0aer.png\" \/><\/h4>\n<\/td>\n<\/tr>\n<\/tbody>\n<\/table>\n<p>&nbsp;<\/p>\n<p><img loading=\"lazy\" decoding=\"async\" class=\"magic-10 aligncenter\" title=\"Machine de cavitation 9 en 1 80k\" src=\"https:\/\/sc04.alicdn.com\/kf\/H1418ff8cb71b468ba96c0d2a206bb079D\/247434381\/H1418ff8cb71b468ba96c0d2a206bb079D.png\" alt=\"Machine de cavitation 9 en 1 80k\" width=\"507\" height=\"346\" data-src=\"\/\/sc04.alicdn.com\/kf\/H1418ff8cb71b468ba96c0d2a206bb079D\/247434381\/H1418ff8cb71b468ba96c0d2a206bb079D.png\" \/><\/p>\n<h4><strong>Soins du visage et des yeux<\/strong><\/h4>\n<p>La machine propose \u00e9galement une gamme de soins pour le visage et les yeux, notamment :<\/p>\n<ul>\n<li><strong>Th\u00e9rapie par la lumi\u00e8re multicolore<\/strong>:Utilise des lumi\u00e8res rouges, bleues, vertes, violettes, orange, turquoise et blanches pour p\u00e9n\u00e9trer profond\u00e9ment dans la peau, r\u00e9duisant les rides et restaurant l&#039;\u00e9lasticit\u00e9 de la peau.<\/li>\n<li><strong>Compresse de glace pour soulager la douleur par refroidissement<\/strong>:R\u00e9tr\u00e9cit les pores, emp\u00eache la rupture continue des capillaires et resserre les vaisseaux sanguins locaux pour inhiber les r\u00e9ponses inflammatoires.<\/li>\n<\/ul>\n<table style=\"border-collapse: collapse; width: 100%;\">\n<tbody>\n<tr>\n<td style=\"width: 33.3333%;\"><img loading=\"lazy\" decoding=\"async\" class=\"magic-8 aligncenter\" title=\"Machine de cavitation 9 en 1 80k\" src=\"https:\/\/sc04.alicdn.com\/kf\/Hd2bbef26803d4f3793745583adb54f1fb\/247434381\/Hd2bbef26803d4f3793745583adb54f1fb.png\" alt=\"Machine de cavitation 9 en 1 80k\" width=\"389\" height=\"413\" data-src=\"\/\/sc04.alicdn.com\/kf\/Hd2bbef26803d4f3793745583adb54f1fb\/247434381\/Hd2bbef26803d4f3793745583adb54f1fb.png\" \/><\/td>\n<td style=\"width: 33.3333%;\"><img loading=\"lazy\" decoding=\"async\" class=\"magic-8 aligncenter\" title=\"Machine de cavitation 9 en 1 80k\" src=\"https:\/\/sc04.alicdn.com\/kf\/H35fc0d48fa7d4747891f1ca6f094d52ad\/247434381\/H35fc0d48fa7d4747891f1ca6f094d52ad.png\" alt=\"Machine de cavitation 9 en 1 80k\" width=\"750\" height=\"821\" data-src=\"\/\/sc04.alicdn.com\/kf\/H35fc0d48fa7d4747891f1ca6f094d52ad\/247434381\/H35fc0d48fa7d4747891f1ca6f094d52ad.png\" \/><\/td>\n<td style=\"width: 33.3333%;\"><img loading=\"lazy\" decoding=\"async\" class=\"magic-8 aligncenter\" title=\"Machine de cavitation 9 en 1 80k\" src=\"https:\/\/sc04.alicdn.com\/kf\/Heacc74a0071e44ac9edf05177c8f62ba8\/247434381\/Heacc74a0071e44ac9edf05177c8f62ba8.png\" alt=\"Machine de cavitation 9 en 1 80k\" width=\"750\" height=\"803\" data-src=\"\/\/sc04.alicdn.com\/kf\/Heacc74a0071e44ac9edf05177c8f62ba8\/247434381\/Heacc74a0071e44ac9edf05177c8f62ba8.png\" \/><\/td>\n<\/tr>\n<\/tbody>\n<\/table>\n<h3><img loading=\"lazy\" decoding=\"async\" class=\"magic-8 aligncenter\" title=\"Machine de cavitation 9 en 1 80k\" src=\"https:\/\/sc04.alicdn.com\/kf\/H95d62518f98244e68d6f408d9e417c35p\/247434381\/H95d62518f98244e68d6f408d9e417c35p.png\" alt=\"Machine de cavitation 9 en 1 80k\" width=\"457\" height=\"553\" data-src=\"\/\/sc04.alicdn.com\/kf\/H95d62518f98244e68d6f408d9e417c35p\/247434381\/H95d62518f98244e68d6f408d9e417c35p.png\" \/><\/h3>\n<h3><strong>Poign\u00e9es et technologie<\/strong><\/h3>\n<p>La machine est dot\u00e9e de poign\u00e9es et de technologies avanc\u00e9es, notamment\u00a0:<\/p>\n<ul>\n<li><strong>Principe RF et ultrasons<\/strong>:Combine les principes RF et ultrasons pour offrir une gamme compl\u00e8te de traitements.<\/li>\n<li><strong>Poign\u00e9es avanc\u00e9es<\/strong>:Les poign\u00e9es ergonomiques offrent facilit\u00e9 d&#039;utilisation et confort pendant les traitements.<\/li>\n<\/ul>\n<h3><strong>Comment \u00e7a marche ?<\/strong><\/h3>\n<p>La machine de cavitation 9 en 1 80k utilise une combinaison de technologies pour fournir une gamme de traitements. Du raffermissement cutan\u00e9 RF aux micro-autocollants de physioth\u00e9rapie \u00e9lectrique EMS \u00e0 courant puls\u00e9, chaque traitement est con\u00e7u pour cibler des zones sp\u00e9cifiques du corps et du visage.<\/p>\n<h3><strong>Quels sont les avantages de la machine de cavitation 9 en 1 80k ?<\/strong><\/h3>\n<p>La machine offre une gamme d&#039;avantages, notamment\u00a0:<\/p>\n<ul>\n<li><strong>Non invasif et sans douleur<\/strong>:Offre une exp\u00e9rience confortable et d\u00e9tendue.<\/li>\n<li><strong>Gamme compl\u00e8te de traitements<\/strong>:Cible diff\u00e9rentes zones du corps et du visage.<\/li>\n<li><strong>Technologie avanc\u00e9e<\/strong>:Combine les principes RF et ultrasons pour des r\u00e9sultats efficaces.<\/li>\n<\/ul>\n<h3><strong>Conclusion<\/strong><\/h3>\n<p>La machine \u00e0 cavitation 9 en 1 80k est un appareil r\u00e9volutionnaire qui offre une gamme compl\u00e8te de traitements pour le corps, le visage et les yeux. Avec sa technologie de pointe, sa conception ergonomique et son exp\u00e9rience sans douleur, c&#039;est une solution id\u00e9ale pour ceux qui cherchent \u00e0 am\u00e9liorer leur apparence physique.<\/p>\n<h3><strong>Questions fr\u00e9quemment pos\u00e9es<\/strong><\/h3>\n<h4><strong>Q\u00a0:\u00a0La machine de cavitation 9 en 1 80\u00a0k est-elle s\u00fbre \u00e0 utiliser\u00a0?<\/strong><\/h4>\n<p>R : Oui, la machine est s\u00fbre \u00e0 utiliser et offre une exp\u00e9rience non invasive et sans douleur.<\/p>\n<h4><strong>Q : Quelles zones du corps peuvent \u00eatre trait\u00e9es avec la machine ?<\/strong><\/h4>\n<p>R : La machine peut traiter diff\u00e9rentes zones du corps, notamment le visage, les yeux et le corps.<\/p>\n<h4><strong>Q : Combien de temps dure une s\u00e9ance de traitement ?<\/strong><\/h4>\n<p>R : Les s\u00e9ances de traitement peuvent varier en dur\u00e9e, mais durent g\u00e9n\u00e9ralement environ 30 \u00e0 60 minutes.<\/p>\n<h4><strong>Q : La machine est-elle facile \u00e0 utiliser ?<\/strong><\/h4>\n<p>R : Oui, la machine est facile \u00e0 utiliser et est livr\u00e9e avec un service et une assistance OEM.<\/p>\n<h4><strong>Q : Quels types de r\u00e9sultats puis-je attendre de la machine ?<\/strong><\/h4>\n<p>R : Les r\u00e9sultats peuvent varier, mais la machine peut fournir des r\u00e9sultats anti-\u00e2ge durables, am\u00e9liorer la peau du corps et r\u00e9duire les rides et ridules.<\/p>\n<\/div>\n<div>\n<div id=\"ali-anchor-AliMagic-kfqzh6\" data-section=\"AliMagic-kfqzh6\" data-section-title=\"Showroom\">\n<h3><strong>Personnaliser Le Logo<\/strong><\/h3>\n<p>Vous voulez faire de votre marque de se d\u00e9marquer? Nous vous proposons logo personnalis\u00e9 de services pour vous aider \u00e0 cr\u00e9er un unique et personnalis\u00e9e de logo, qui refl\u00e8te l&#039;identit\u00e9 de votre marque. Notre \u00e9quipe d&#039;experts travaillera en \u00e9troite collaboration avec vous pour concevoir un logo qui r\u00e9sonne avec les valeurs de votre marque et de messagerie. Si vous \u00eates \u00e0 la recherche de r\u00e9organiser votre logo existant ou en cr\u00e9er un nouveau \u00e0 partir de z\u00e9ro, nous vous avons avons couvert. <a href=\"\/fr\/contact\/\">Contactez-nous<\/a> aujourd&#039;hui pour en savoir plus sur notre logo personnalis\u00e9 de services!<\/p>\n<\/div>\n<\/div>","protected":false},"excerpt":{"rendered":"<p>D\u00e9couvrez la puissance transformatrice de la machine \u00e0 cavitation 9 en 1 80K, un outil multifonction qui combine cavitation, RF, lipolyse laser, EMS, luminoth\u00e9rapie color\u00e9e et compression de glace pour un modelage et un rajeunissement complets du corps. Obtenez le physique souhait\u00e9 et un teint radieux avec cet appareil innovant.<\/p>","protected":false},"featured_media":2009,"comment_status":"open","ping_status":"closed","template":"","meta":{"_kad_post_transparent":"default","_kad_post_title":"","_kad_post_layout":"default","_kad_post_sidebar_id":"","_kad_post_content_style":"default","_kad_post_vertical_padding":"default","_kad_post_feature":"","_kad_post_feature_position":"","_kad_post_header":false,"_kad_post_footer":false,"_kad_post_classname":"","rank_math_title":"","rank_math_description":"","rank_math_focus_keyword":""},"product_brand":[],"product_cat":[34],"product_tag":[],"class_list":{"0":"post-2002","1":"product","2":"type-product","3":"status-publish","4":"has-post-thumbnail","6":"product_cat-multifun-cavitation","8":"first","9":"instock","10":"shipping-taxable","11":"product-type-simple","12":"entry","13":"content-bg","14":"loop-entry"},"_links":{"self":[{"href":"https:\/\/skbty.com\/fr\/wp-json\/wp\/v2\/product\/2002","targetHints":{"allow":["GET"]}}],"collection":[{"href":"https:\/\/skbty.com\/fr\/wp-json\/wp\/v2\/product"}],"about":[{"href":"https:\/\/skbty.com\/fr\/wp-json\/wp\/v2\/types\/product"}],"replies":[{"embeddable":true,"href":"https:\/\/skbty.com\/fr\/wp-json\/wp\/v2\/comments?post=2002"}],"wp:featuredmedia":[{"embeddable":true,"href":"https:\/\/skbty.com\/fr\/wp-json\/wp\/v2\/media\/2009"}],"wp:attachment":[{"href":"https:\/\/skbty.com\/fr\/wp-json\/wp\/v2\/media?parent=2002"}],"wp:term":[{"taxonomy":"product_brand","embeddable":true,"href":"https:\/\/skbty.com\/fr\/wp-json\/wp\/v2\/product_brand?post=2002"},{"taxonomy":"product_cat","embeddable":true,"href":"https:\/\/skbty.com\/fr\/wp-json\/wp\/v2\/product_cat?post=2002"},{"taxonomy":"product_tag","embeddable":true,"href":"https:\/\/skbty.com\/fr\/wp-json\/wp\/v2\/product_tag?post=2002"}],"curies":[{"name":"Wp wp","href":"https:\/\/api.w.org\/{rel}","templated":true}]}}