{"id":2017,"date":"2023-06-19T18:12:51","date_gmt":"2023-06-19T10:12:51","guid":{"rendered":"https:\/\/skbty.com\/?post_type=product&#038;p=2017"},"modified":"2024-06-24T11:38:01","modified_gmt":"2024-06-24T03:38:01","slug":"appareil-de-resserrement-vaginal-hifu","status":"publish","type":"product","link":"https:\/\/skbty.com\/fr\/produit\/appareil-de-resserrement-vaginal-hifu\/","title":{"rendered":"Appareil de resserrement vaginal HIFU"},"content":{"rendered":"<div>\n<div>\n<h3><strong>Qu&#039;est-ce que le syst\u00e8me de resserrement vaginal HIFU ?<\/strong><\/h3>\n<p><strong>Le syst\u00e8me de resserrement vaginal HIFU<\/strong> est un dispositif m\u00e9dical de pointe qui utilise la technologie des ultrasons focalis\u00e9s de haute intensit\u00e9 (HIFU) pour un rajeunissement vaginal non invasif. En dirigeant l&#039;\u00e9nergie ultrasonique focalis\u00e9e vers la couche muqueuse et les couches musculaires, il stimule la r\u00e9organisation et la r\u00e9g\u00e9n\u00e9ration du collag\u00e8ne, ce qui conduit \u00e0 une am\u00e9lioration de la fermet\u00e9 vaginale, une sensibilit\u00e9 accrue et une lubrification accrue. Ce syst\u00e8me offre une solution s\u00fbre et efficace pour le resserrement vaginal avec un inconfort minimal et aucun temps de r\u00e9cup\u00e9ration.<\/p>\n<p><strong>Appareil de raffermissement vaginal<\/strong><\/p>\n<ul>\n<li><strong>Usage:<\/strong> Rajeunissement vaginal<\/li>\n<li><strong>Service OEM :<\/strong> Assistance disponible<\/li>\n<li><strong>Poign\u00e9es :<\/strong> 2 poign\u00e9es<\/li>\n<li><strong>Technologie:<\/strong> Ultrason HIFU<\/li>\n<\/ul>\n<p><img loading=\"lazy\" decoding=\"async\" class=\"aligncenter wp-image-2196\" title=\"Resserrement vaginal \" src=\"https:\/\/skbty.com\/wp-content\/uploads\/2023\/06\/principle.png\" alt=\"Resserrement vaginal \" width=\"660\" height=\"222\" srcset=\"https:\/\/skbty.com\/wp-content\/uploads\/2023\/06\/principle.png 731w, https:\/\/skbty.com\/wp-content\/uploads\/2023\/06\/principle-300x101.png 300w, https:\/\/skbty.com\/wp-content\/uploads\/2023\/06\/principle-600x202.png 600w\" sizes=\"auto, (max-width: 660px) 100vw, 660px\" \/><\/p>\n<p><strong>Principe de fonctionnement :<\/strong><\/p>\n<p>Le syst\u00e8me de resserrement vaginal HIFU utilise une technique de focalisation ultrasonique non invasive qui cible directement la couche muqueuse et la couche musculaire. En utilisant les ondes ultrasonores comme source d&#039;\u00e9nergie, il p\u00e9n\u00e8tre profond\u00e9ment et se concentre pr\u00e9cis\u00e9ment sur la couche de lamina propria et de fibres musculaires \u00e0 une profondeur pr\u00e9d\u00e9termin\u00e9e. Cela cr\u00e9e une r\u00e9gion focalis\u00e9e de haute intensit\u00e9 o\u00f9 la temp\u00e9rature peut d\u00e9passer 65 \u2103 en 0,1 seconde. Ce processus r\u00e9organise le collag\u00e8ne tout en laissant les tissus environnants intacts, obtenant la concentration, la r\u00e9organisation et la r\u00e9g\u00e9n\u00e9ration de collag\u00e8ne souhait\u00e9es pour un resserrement vaginal efficace.<\/p>\n<p><strong>Fonctions:<\/strong><\/p>\n<ul>\n<li>Effet raffermissant puissant pour am\u00e9liorer la satisfaction sexuelle<\/li>\n<li>Lubrification accrue, r\u00e9duisant la s\u00e9cheresse<\/li>\n<li>Sensibilit\u00e9 am\u00e9lior\u00e9e gr\u00e2ce \u00e0 la r\u00e9g\u00e9n\u00e9ration cellulaire<\/li>\n<li>Am\u00e9lioration globale de la sant\u00e9 vaginale, r\u00e9duisant les infections<\/li>\n<\/ul>\n<p><strong>Avantages :<\/strong><\/p>\n<ul>\n<li><strong>T\u00eates de travail doubles :<\/strong> Diff\u00e9rents effets op\u00e9rationnels avec des profondeurs de 3,0 mm et 4,5 mm.<\/li>\n<li><strong>\u00c9mission par rotation \u00e0 360\u00b0 :<\/strong> Soin complet de la zone vaginale.<\/li>\n<li><strong>R\u00e9glage pr\u00e9cis de la profondeur :<\/strong> Assure un traitement cibl\u00e9.<\/li>\n<li><strong>Non invasif :<\/strong> Aucune p\u00e9riode de r\u00e9cup\u00e9ration n\u00e9cessaire ; reprise imm\u00e9diate de l\u2019activit\u00e9 sexuelle.<\/li>\n<li><strong>Utilisation pratique :<\/strong> Traitement simple de 20 minutes avec des r\u00e9sultats instantan\u00e9s.<\/li>\n<li><strong>Rentable :<\/strong> Aucun consommable requis.<\/li>\n<li><strong>R\u00e9sultats durables :<\/strong> Effet tenseur et modelant notable pendant 18 \u00e0 24 mois apr\u00e8s un traitement, avec des traitements annuels favorisant l&#039;inversion du vieillissement cutan\u00e9.<\/li>\n<li><strong>Une vie quotidienne ininterrompue :<\/strong> Aucun impact sur les activit\u00e9s quotidiennes, y compris l&#039;application du maquillage.<\/li>\n<\/ul>\n<\/div>\n<\/div>\n<div>\n<h3><strong>Personnaliser Le Logo<\/strong><\/h3>\n<p>Vous voulez faire de votre marque de se d\u00e9marquer? Nous vous proposons logo personnalis\u00e9 de services pour vous aider \u00e0 cr\u00e9er un unique et personnalis\u00e9e de logo, qui refl\u00e8te l&#039;identit\u00e9 de votre marque. Notre \u00e9quipe d&#039;experts travaillera en \u00e9troite collaboration avec vous pour concevoir un logo qui r\u00e9sonne avec les valeurs de votre marque et de messagerie. Si vous \u00eates \u00e0 la recherche de r\u00e9organiser votre logo existant ou en cr\u00e9er un nouveau \u00e0 partir de z\u00e9ro, nous vous avons avons couvert. <a href=\"\/fr\/contact\/\">Contactez-nous<\/a> aujourd&#039;hui pour en savoir plus sur notre logo personnalis\u00e9 de services!<\/p>\n<\/div>","protected":false},"excerpt":{"rendered":"<p>Le syst\u00e8me de resserrement vaginal HIFU utilise une technique de focalisation ultrasonique non invasive pour se concentrer directement sur la lamia muqueuse et la couche musculaire. En utilisant les ondes ultrasoniques comme source d&#039;\u00e9nergie et en profitant de sa p\u00e9n\u00e9tration et de sa focalisation, le syst\u00e8me enverra de l&#039;\u00e9nergie ultrasonique en se concentrant sur la lamina propria et la couche de fibres musculaires \u00e0 une profondeur pr\u00e9d\u00e9termin\u00e9e.<\/p>","protected":false},"featured_media":2023,"comment_status":"open","ping_status":"closed","template":"","meta":{"_kad_post_transparent":"default","_kad_post_title":"","_kad_post_layout":"default","_kad_post_sidebar_id":"","_kad_post_content_style":"default","_kad_post_vertical_padding":"default","_kad_post_feature":"","_kad_post_feature_position":"","_kad_post_header":false,"_kad_post_footer":false,"_kad_post_classname":"","rank_math_title":"","rank_math_description":"","rank_math_focus_keyword":""},"product_brand":[],"product_cat":[35],"product_tag":[],"class_list":{"0":"post-2017","1":"product","2":"type-product","3":"status-publish","4":"has-post-thumbnail","6":"product_cat-hifu","8":"first","9":"instock","10":"shipping-taxable","11":"product-type-simple","12":"entry","13":"content-bg","14":"loop-entry"},"_links":{"self":[{"href":"https:\/\/skbty.com\/fr\/wp-json\/wp\/v2\/product\/2017","targetHints":{"allow":["GET"]}}],"collection":[{"href":"https:\/\/skbty.com\/fr\/wp-json\/wp\/v2\/product"}],"about":[{"href":"https:\/\/skbty.com\/fr\/wp-json\/wp\/v2\/types\/product"}],"replies":[{"embeddable":true,"href":"https:\/\/skbty.com\/fr\/wp-json\/wp\/v2\/comments?post=2017"}],"wp:featuredmedia":[{"embeddable":true,"href":"https:\/\/skbty.com\/fr\/wp-json\/wp\/v2\/media\/2023"}],"wp:attachment":[{"href":"https:\/\/skbty.com\/fr\/wp-json\/wp\/v2\/media?parent=2017"}],"wp:term":[{"taxonomy":"product_brand","embeddable":true,"href":"https:\/\/skbty.com\/fr\/wp-json\/wp\/v2\/product_brand?post=2017"},{"taxonomy":"product_cat","embeddable":true,"href":"https:\/\/skbty.com\/fr\/wp-json\/wp\/v2\/product_cat?post=2017"},{"taxonomy":"product_tag","embeddable":true,"href":"https:\/\/skbty.com\/fr\/wp-json\/wp\/v2\/product_tag?post=2017"}],"curies":[{"name":"Wp wp","href":"https:\/\/api.w.org\/{rel}","templated":true}]}}