{"id":2034,"date":"2023-06-19T19:01:35","date_gmt":"2023-06-19T11:01:35","guid":{"rendered":"https:\/\/skbty.com\/?post_type=product&#038;p=2034"},"modified":"2024-06-24T11:17:09","modified_gmt":"2024-06-24T03:17:09","slug":"machine-hifu-portable-7d","status":"publish","type":"product","link":"https:\/\/skbty.com\/fr\/produit\/machine-hifu-portable-7d\/","title":{"rendered":"Appareil HIFU 7D portable"},"content":{"rendered":"<h3>Qu&#039;est-ce que la machine HIFU portable 7D ?<\/h3>\n<p><strong>Appareil HIFU 7D portable<\/strong> \u2013 Technologie avanc\u00e9e d&#039;ultrasons focalis\u00e9s de haute intensit\u00e9 pour un lifting, un raffermissement et un rajeunissement cutan\u00e9s non invasifs. Con\u00e7u pour offrir des traitements pr\u00e9cis et efficaces, cet appareil garantit des r\u00e9sultats visibles avec un temps d&#039;arr\u00eat minimal.<\/p>\n<h3><img loading=\"lazy\" decoding=\"async\" class=\"aligncenter wp-image-2057\" title=\"Appareil HIFU 7D portable\" src=\"https:\/\/skbty.com\/wp-content\/uploads\/2023\/06\/299-1.png\" alt=\"Appareil HIFU 7D portable\" width=\"602\" height=\"317\" srcset=\"https:\/\/skbty.com\/wp-content\/uploads\/2023\/06\/299-1.png 1015w, https:\/\/skbty.com\/wp-content\/uploads\/2023\/06\/299-1-300x158.png 300w, https:\/\/skbty.com\/wp-content\/uploads\/2023\/06\/299-1-768x405.png 768w, https:\/\/skbty.com\/wp-content\/uploads\/2023\/06\/299-1-600x316.png 600w\" sizes=\"auto, (max-width: 602px) 100vw, 602px\" \/><\/h3>\n<h3>Caract\u00e9ristiques<\/h3>\n<ul>\n<li><strong>Nom<\/strong>:Machine HIFU 7D portable<\/li>\n<li><strong>Param\u00e8tres<\/strong>: 220V 50HZ<\/li>\n<li><strong>Puissance de sortie<\/strong>: 150 W<\/li>\n<li><strong>Fr\u00e9quence<\/strong>: 2-7 MHz<\/li>\n<li><strong>Taille de l&#039;\u00e9nergie<\/strong>: 0.1-3.0<\/li>\n<li><strong>Couleur de la machine<\/strong>: Blanc<\/li>\n<\/ul>\n<h3>Principe de fonctionnement<\/h3>\n<p>La machine portable 7D HIFU utilise la technologie des ultrasons focalis\u00e9s de haute intensit\u00e9 (HIFU) pour cibler et traiter les couches profondes de la peau sans affecter la surface. L&#039;appareil \u00e9met des ondes ultrasonores qui p\u00e9n\u00e8trent la peau, atteignant la couche du syst\u00e8me musculaire apon\u00e9vrotique superficiel (SMAS). Ce processus induit une coagulation thermique, qui stimule la production et la r\u00e9g\u00e9n\u00e9ration du collag\u00e8ne. En cons\u00e9quence, la peau devient plus ferme, plus tendue et plus lift\u00e9e au fil du temps. Les r\u00e9glages de profondeur r\u00e9glables (0,5-7 mm) permettent un ciblage pr\u00e9cis des diff\u00e9rentes couches de la peau, garantissant un traitement personnalis\u00e9 pour chaque patient. La conception avanc\u00e9e de la sonde assure un apport d&#039;\u00e9nergie constant, maximisant l&#039;efficacit\u00e9 du traitement tout en minimisant l&#039;inconfort et les temps d&#039;arr\u00eat. Cette m\u00e9thode non invasive offre une alternative s\u00fbre et efficace aux liftings chirurgicaux et autres proc\u00e9dures invasives.<\/p>\n<h3>Apparence de l&#039;instrument<\/h3>\n<h4>Installation de la sonde<\/h4>\n<p><strong>Installation de l&#039;instrument \u2013 Installation de la t\u00eate de poign\u00e9e<\/strong>:<\/p>\n<ol>\n<li>Retirez la t\u00eate de la poign\u00e9e et retirez le film protecteur, en vous assurant que l&#039;interface de la t\u00eate de la poign\u00e9e est s\u00e8che et exempte de corps \u00e9trangers.<\/li>\n<li>Alignez l&#039;interface de la t\u00eate de la poign\u00e9e avec la poign\u00e9e, en vous assurant que les saillies de la t\u00eate de la poign\u00e9e correspondent aux rainures de la poign\u00e9e.<\/li>\n<li>Ins\u00e9rez d\u00e9licatement la t\u00eate du manche horizontalement dans le manche. L&#039;installation est termin\u00e9e lorsque vous entendez un \u00ab clic \u00bb.<\/li>\n<li>Pour remplacer ou retirer la t\u00eate de la poign\u00e9e, appuyez sur le verrou de s\u00e9curit\u00e9 situ\u00e9 sur le c\u00f4t\u00e9 de la poign\u00e9e et retirez doucement la t\u00eate de la poign\u00e9e horizontalement.<\/li>\n<\/ol>\n<h3><img loading=\"lazy\" decoding=\"async\" class=\"aligncenter wp-image-2213\" title=\"Appareil HIFU 7D portable\" src=\"https:\/\/skbty.com\/wp-content\/uploads\/2023\/06\/\u5fae\u4fe1\u622a\u56fe_20230628175849.png\" alt=\"Appareil HIFU 7D portable\" width=\"606\" height=\"190\" srcset=\"https:\/\/skbty.com\/wp-content\/uploads\/2023\/06\/\u5fae\u4fe1\u622a\u56fe_20230628175849.png 1053w, https:\/\/skbty.com\/wp-content\/uploads\/2023\/06\/\u5fae\u4fe1\u622a\u56fe_20230628175849-300x94.png 300w, https:\/\/skbty.com\/wp-content\/uploads\/2023\/06\/\u5fae\u4fe1\u622a\u56fe_20230628175849-1024x321.png 1024w, https:\/\/skbty.com\/wp-content\/uploads\/2023\/06\/\u5fae\u4fe1\u622a\u56fe_20230628175849-768x241.png 768w, https:\/\/skbty.com\/wp-content\/uploads\/2023\/06\/\u5fae\u4fe1\u622a\u56fe_20230628175849-600x188.png 600w\" sizes=\"auto, (max-width: 606px) 100vw, 606px\" \/><\/h3>\n<h3>Introduction \u00e0 l&#039;interface principale de l&#039;instrument<\/h3>\n<ol>\n<li><strong>Heures d&#039;utilisation actuelles<\/strong>: Affiche le nombre de fois que l&#039;appareil a \u00e9t\u00e9 utilis\u00e9.<\/li>\n<li><strong>Temps restant<\/strong>: Affiche le nombre d&#039;utilisations restantes.<\/li>\n<li><strong>Informations sur la t\u00eate de poign\u00e9e<\/strong>:Affiche la profondeur, la longueur d&#039;onde et l&#039;espacement (affichage uniquement).<\/li>\n<li><strong>R\u00e9glage de la distance<\/strong>: D\u00e9finissez la distance entre les points de condensation.<\/li>\n<li><strong>Longueur d&#039;\u00e9nergie<\/strong>:R\u00e9glable de 5 mm \u00e0 25 mm (intervalle de r\u00e9glage minimum 5 mm).<\/li>\n<li><strong>M1, M2 Enregistrer les param\u00e8tres<\/strong>: Appuyez longuement pendant 3 secondes pour enregistrer les param\u00e8tres.<\/li>\n<li><strong>R\u00e9gulation de l&#039;\u00e9nergie<\/strong>: Ajustez le niveau d&#039;\u00e9nergie.<\/li>\n<li><strong>Mode de transmission<\/strong>:R\u00e9p\u00e9ter (continu) ou Simple (transmission unique).<\/li>\n<li><strong>Param\u00e8tres<\/strong>:Acc\u00e9der au menu des param\u00e8tres de l&#039;appareil.<\/li>\n<li><strong>Envoyer des informations sur le num\u00e9ro<\/strong>: Affiche le nombre de transmissions.<\/li>\n<li><strong>\u00c9tat du syst\u00e8me<\/strong>:Indique \u00ab veille \u00bb ou \u00ab d\u00e9marrage \u00bb.<\/li>\n<li><strong>R\u00e9glage de la limite de transmission<\/strong>: D\u00e9finissez la limite du nombre de transmissions\u00a0; un avertisseur sonore retentit lorsque la limite est atteinte.<\/li>\n<li><strong>Nombre total d&#039;utilisations<\/strong>: Affiche le nombre total de fois que l&#039;appareil a \u00e9t\u00e9 utilis\u00e9.<\/li>\n<\/ol>\n<h3><img loading=\"lazy\" decoding=\"async\" class=\"aligncenter wp-image-2041\" title=\"Appareil HIFU 7D portable\" src=\"https:\/\/skbty.com\/wp-content\/uploads\/2023\/06\/301.png\" alt=\"Appareil HIFU 7D portable\" width=\"672\" height=\"373\" srcset=\"https:\/\/skbty.com\/wp-content\/uploads\/2023\/06\/301.png 1089w, https:\/\/skbty.com\/wp-content\/uploads\/2023\/06\/301-300x167.png 300w, https:\/\/skbty.com\/wp-content\/uploads\/2023\/06\/301-1024x569.png 1024w, https:\/\/skbty.com\/wp-content\/uploads\/2023\/06\/301-768x427.png 768w, https:\/\/skbty.com\/wp-content\/uploads\/2023\/06\/301-600x333.png 600w\" sizes=\"auto, (max-width: 672px) 100vw, 672px\" \/><\/h3>\n<h3>Caract\u00e9ristiques et avantages<\/h3>\n<ul>\n<li><strong>Non invasif<\/strong>: Offre un lifting et un raffermissement efficaces de la peau sans chirurgie.<\/li>\n<li><strong>Traitements de pr\u00e9cision<\/strong>:Param\u00e8tres r\u00e9glables pour des traitements personnalis\u00e9s.<\/li>\n<li><strong>Facilit\u00e9 d&#039;utilisation<\/strong>:Interface conviviale avec affichage et param\u00e8tres clairs.<\/li>\n<li><strong>Caract\u00e9ristiques de s\u00e9curit\u00e9<\/strong>:M\u00e9canisme de verrouillage de s\u00e9curit\u00e9 pour une installation s\u00e9curis\u00e9e de la t\u00eate de poign\u00e9e.<\/li>\n<li><strong>Portabilit\u00e9<\/strong>:Conception compacte pour un transport et un stockage faciles.<\/li>\n<\/ul>\n<h3>Applications<\/h3>\n<ol>\n<li><strong>Lifting et raffermissement de la peau<\/strong>:Lifting du visage, du cou et remodelage du corps sans chirurgie.<\/li>\n<li><strong>R\u00e9duction des rides<\/strong>:Cible les ridules et les rides pour une peau plus lisse.<\/li>\n<li><strong>Production de collag\u00e8ne<\/strong>:Stimule la production de collag\u00e8ne pour des r\u00e9sultats durables.<\/li>\n<li><strong>Traitements personnalisables<\/strong>:Profondeur, taille d&#039;\u00e9nergie et modes de transmission r\u00e9glables pour des traitements personnalis\u00e9s.<\/li>\n<\/ol>\n<h3><strong>Personnaliser Le Logo<\/strong><\/h3>\n<p>Vous voulez faire de votre marque de se d\u00e9marquer? Nous vous proposons logo personnalis\u00e9 de services pour vous aider \u00e0 cr\u00e9er un unique et personnalis\u00e9e de logo, qui refl\u00e8te l&#039;identit\u00e9 de votre marque. Notre \u00e9quipe d&#039;experts travaillera en \u00e9troite collaboration avec vous pour concevoir un logo qui r\u00e9sonne avec les valeurs de votre marque et de messagerie. Si vous \u00eates \u00e0 la recherche de r\u00e9organiser votre logo existant ou en cr\u00e9er un nouveau \u00e0 partir de z\u00e9ro, nous vous avons avons couvert. <a href=\"\/fr\/contact\/\">Contactez-nous<\/a> aujourd&#039;hui pour en savoir plus sur notre logo personnalis\u00e9 de services!<\/p>","protected":false},"excerpt":{"rendered":"<p>Explorez les avanc\u00e9es <strong>Appareil HIFU 7D portable<\/strong> Pour un lifting et un raffermissement cutan\u00e9s non invasifs. Dot\u00e9 de param\u00e8tres r\u00e9glables, d&#039;une interface conviviale et de traitements pr\u00e9cis, cet appareil garantit des r\u00e9sultats visibles avec un temps d&#039;arr\u00eat minimal. Id\u00e9al pour le remodelage du visage et du corps.<\/p>","protected":false},"featured_media":2060,"comment_status":"open","ping_status":"closed","template":"","meta":{"_kad_post_transparent":"default","_kad_post_title":"","_kad_post_layout":"default","_kad_post_sidebar_id":"","_kad_post_content_style":"default","_kad_post_vertical_padding":"default","_kad_post_feature":"","_kad_post_feature_position":"","_kad_post_header":false,"_kad_post_footer":false,"_kad_post_classname":"","rank_math_title":"","rank_math_description":"","rank_math_focus_keyword":""},"product_brand":[],"product_cat":[35],"product_tag":[],"class_list":{"0":"post-2034","1":"product","2":"type-product","3":"status-publish","4":"has-post-thumbnail","6":"product_cat-hifu","8":"first","9":"instock","10":"shipping-taxable","11":"product-type-simple","12":"entry","13":"content-bg","14":"loop-entry"},"_links":{"self":[{"href":"https:\/\/skbty.com\/fr\/wp-json\/wp\/v2\/product\/2034","targetHints":{"allow":["GET"]}}],"collection":[{"href":"https:\/\/skbty.com\/fr\/wp-json\/wp\/v2\/product"}],"about":[{"href":"https:\/\/skbty.com\/fr\/wp-json\/wp\/v2\/types\/product"}],"replies":[{"embeddable":true,"href":"https:\/\/skbty.com\/fr\/wp-json\/wp\/v2\/comments?post=2034"}],"wp:featuredmedia":[{"embeddable":true,"href":"https:\/\/skbty.com\/fr\/wp-json\/wp\/v2\/media\/2060"}],"wp:attachment":[{"href":"https:\/\/skbty.com\/fr\/wp-json\/wp\/v2\/media?parent=2034"}],"wp:term":[{"taxonomy":"product_brand","embeddable":true,"href":"https:\/\/skbty.com\/fr\/wp-json\/wp\/v2\/product_brand?post=2034"},{"taxonomy":"product_cat","embeddable":true,"href":"https:\/\/skbty.com\/fr\/wp-json\/wp\/v2\/product_cat?post=2034"},{"taxonomy":"product_tag","embeddable":true,"href":"https:\/\/skbty.com\/fr\/wp-json\/wp\/v2\/product_tag?post=2034"}],"curies":[{"name":"Wp wp","href":"https:\/\/api.w.org\/{rel}","templated":true}]}}