{"id":2118,"date":"2023-06-21T16:58:58","date_gmt":"2023-06-21T08:58:58","guid":{"rendered":"https:\/\/skbty.com\/?post_type=product&#038;p=2118"},"modified":"2024-06-24T11:07:16","modified_gmt":"2024-06-24T03:07:16","slug":"machine-portable-de-rajeunissement-de-la-peau-dpl","status":"publish","type":"product","link":"https:\/\/skbty.com\/fr\/produit\/machine-portable-de-rajeunissement-de-la-peau-dpl\/","title":{"rendered":"Appareil portable de rajeunissement de la peau DPL"},"content":{"rendered":"<div>\n<div>\n<h3>Qu&#039;est-ce que le <strong>Machine portable de rajeunissement de la peau DPL ?<\/strong><\/h3>\n<p><strong>Appareil portable de rajeunissement de la peau DPL<\/strong> est un appareil de pointe con\u00e7u pour les traitements avanc\u00e9s de rajeunissement de la peau et d&#039;\u00e9pilation. Utilisant la technologie DPL (Dynamic Pulse Light), cette machine offre des traitements pr\u00e9cis, efficaces et confortables pour divers probl\u00e8mes de peau.<\/p>\n<h3><img loading=\"lazy\" decoding=\"async\" class=\"aligncenter\" title=\"Appareil portable de rajeunissement de la peau DPL\" src=\"https:\/\/sc04.alicdn.com\/kf\/Hc65f834570d84192bef3197ad565be6cB\/247315878\/Hc65f834570d84192bef3197ad565be6cB.png\" alt=\"Appareil portable de rajeunissement de la peau DPL\" width=\"794\" height=\"272\" data-src=\"\/\/sc04.alicdn.com\/kf\/Hc65f834570d84192bef3197ad565be6cB\/247315878\/Hc65f834570d84192bef3197ad565be6cB.png\" \/><\/h3>\n<h3>Caract\u00e9ristiques<\/h3>\n<ul>\n<li><strong>Nom<\/strong>: Machine laser DPL<\/li>\n<li><strong>\u00c9cran<\/strong>:\u00c9cran tactile num\u00e9rique LCD de 8 pouces<\/li>\n<li><strong>Longueur d&#039;onde<\/strong>: 530 nm, 585 nm, 630 nm<\/li>\n<li><strong>Tension<\/strong>: 110-220V<\/li>\n<\/ul>\n<h3>Th\u00e9orie<\/h3>\n<p>L&#039;instrument de rajeunissement de la peau par photons de bureau utilise la technologie de rajeunissement de la peau DPL, une innovation de pointe en mati\u00e8re de beaut\u00e9 optique reconnue dans le monde entier. Le rajeunissement de la peau de pr\u00e9cision DPL b\u00e9n\u00e9ficie d&#039;une lumi\u00e8re puls\u00e9e unique \u00e0 \u00ab bande ultra-\u00e9troite de 100 nm \u00bb, fournissant une \u00e9nergie lumineuse cibl\u00e9e et concentr\u00e9e pour \u00e9liminer rapidement et en profondeur les imperfections noires et rouges. Il stimule le r\u00e9arrangement du collag\u00e8ne et des fibres \u00e9lastiques, am\u00e9liorant la douceur de la peau et restaurant son apparence jeune. Le DPL traite les probl\u00e8mes de peau vasculaire tels que les injections de sang sur le visage et la rosac\u00e9e. La longueur d&#039;onde de 585 \u00e0 640 nm traite efficacement les taches du visage et le teint irr\u00e9gulier. Les longueurs d&#039;onde sp\u00e9cifiques comprennent 585 nm pour l&#039;\u00e9limination des taches de rousseur, 530 nm pour le rajeunissement de la peau et 640 nm pour l&#039;\u00e9pilation.<\/p>\n<h3>Caract\u00e9ristiques<\/h3>\n<ol>\n<li><strong>Rapide<\/strong>:\n<ul>\n<li>Utilise le mode intelligent \u00ab IN-Motion \u00bb pour une vitesse de traitement rapide, jusqu&#039;\u00e0 10 prises de vue par seconde.<\/li>\n<li>Id\u00e9al pour l&#039;\u00e9pilation du corps avec refroidissement thermo\u00e9lectrique (TEC) et v\u00e9ritable saphir pour un refroidissement par contact optimal, garantissant une exp\u00e9rience sans douleur.<\/li>\n<\/ul>\n<\/li>\n<li><strong>Efficace<\/strong>:\n<ul>\n<li>\u00c9nergie stable obtenue gr\u00e2ce \u00e0 des barres laser allemandes \u00e0 micro-canaux\/sans canaux.<\/li>\n<li>Comprend un filtre \u00e0 eau, un radiateur en cuivre, une pompe CC haute vitesse d&#039;Italie et un syst\u00e8me de refroidissement TEC pour des performances de refroidissement sup\u00e9rieures.<\/li>\n<\/ul>\n<\/li>\n<li><strong>Sans douleur, sans temps d&#039;arr\u00eat<\/strong>:\n<ul>\n<li>N\u00e9cessite 3 \u00e0 4 cycles de traitement pour une \u00e9pilation permanente.<\/li>\n<li>Convient \u00e0 tous les types de peau et parties du corps.<\/li>\n<li>La puissance et l&#039;\u00e9nergie \u00e9lev\u00e9es garantissent des temps de traitement courts (par exemple, 20 minutes pour les bras), r\u00e9duisant ainsi la dur\u00e9e globale du traitement.<\/li>\n<\/ul>\n<\/li>\n<li><strong>Utilisation facile<\/strong>:\n<ul>\n<li>Syst\u00e8me de refroidissement TEC pour r\u00e9servoirs d&#039;eau et pi\u00e8ce \u00e0 main saphir, permettant un fonctionnement 24 heures sur 24.<\/li>\n<li>Le mode automatique intelligent avec des pr\u00e9r\u00e9glages pour diff\u00e9rents patients garantit s\u00e9curit\u00e9 et efficacit\u00e9.<\/li>\n<\/ul>\n<\/li>\n<\/ol>\n<h3>Applications<\/h3>\n<ul>\n<li><strong>Rajeunissement de la peau<\/strong>: Am\u00e9liore la production de collag\u00e8ne, lisse la texture de la peau et am\u00e9liore le teint g\u00e9n\u00e9ral de la peau.<\/li>\n<li><strong>L&#039;\u00c9pilation<\/strong>: Fournit une \u00e9pilation efficace et permanente sur diverses parties du corps.<\/li>\n<li><strong>\u00c9limination des taches de rousseur<\/strong>:Cible et r\u00e9duit sp\u00e9cifiquement les taches de rousseur et la pigmentation.<\/li>\n<li><strong>L\u00e9sions vasculaires<\/strong>:Traite les vaisseaux sanguins du visage, les rougeurs et la rosac\u00e9e.<\/li>\n<\/ul>\n<\/div>\n<\/div>\n<div>\n<div>\n<div>\n<div>\n<div>\n<div>\n<h3><strong>Personnaliser Le Logo<\/strong><\/h3>\n<p>Vous voulez faire de votre marque de se d\u00e9marquer? Nous vous proposons logo personnalis\u00e9 de services pour vous aider \u00e0 cr\u00e9er un unique et personnalis\u00e9e de logo, qui refl\u00e8te l&#039;identit\u00e9 de votre marque. Notre \u00e9quipe d&#039;experts travaillera en \u00e9troite collaboration avec vous pour concevoir un logo qui r\u00e9sonne avec les valeurs de votre marque et de messagerie. Si vous \u00eates \u00e0 la recherche de r\u00e9organiser votre logo existant ou en cr\u00e9er un nouveau \u00e0 partir de z\u00e9ro, nous vous avons avons couvert. <a href=\"\/fr\/contact\/\">Contactez-nous<\/a> aujourd&#039;hui pour en savoir plus sur notre logo personnalis\u00e9 de services!<\/p>\n<\/div>\n<\/div>\n<\/div>\n<\/div>\n<\/div>\n<\/div>","protected":false},"excerpt":{"rendered":"<p>L&#039;appareil de rajeunissement cutan\u00e9 par photons de bureau adopte la technologie de rajeunissement cutan\u00e9 DPL, qui est une technologie de beaut\u00e9 optique de haute technologie populaire dans le monde entier et la technologie de pointe dans le domaine du rajeunissement cutan\u00e9 par photons. \u00ab DPL Precision Skin Rejuvenation \u00bb poss\u00e8de la seule lumi\u00e8re puls\u00e9e \u00e0 \u00ab bande ultra-\u00e9troite de 100 nm \u00bb au monde. L&#039;\u00e9nergie lumineuse est cibl\u00e9e et concentr\u00e9e, ce qui permet d&#039;\u00e9liminer les imperfections noires et rouges plus rapidement et plus compl\u00e8tement.<\/p>","protected":false},"featured_media":2124,"comment_status":"open","ping_status":"closed","template":"","meta":{"_kad_post_transparent":"default","_kad_post_title":"","_kad_post_layout":"default","_kad_post_sidebar_id":"","_kad_post_content_style":"default","_kad_post_vertical_padding":"default","_kad_post_feature":"","_kad_post_feature_position":"","_kad_post_header":false,"_kad_post_footer":false,"_kad_post_classname":"","rank_math_title":"","rank_math_description":"","rank_math_focus_keyword":""},"product_brand":[],"product_cat":[37],"product_tag":[],"class_list":{"0":"post-2118","1":"product","2":"type-product","3":"status-publish","4":"has-post-thumbnail","6":"product_cat-dpl","8":"first","9":"instock","10":"shipping-taxable","11":"product-type-simple","12":"entry","13":"content-bg","14":"loop-entry"},"_links":{"self":[{"href":"https:\/\/skbty.com\/fr\/wp-json\/wp\/v2\/product\/2118","targetHints":{"allow":["GET"]}}],"collection":[{"href":"https:\/\/skbty.com\/fr\/wp-json\/wp\/v2\/product"}],"about":[{"href":"https:\/\/skbty.com\/fr\/wp-json\/wp\/v2\/types\/product"}],"replies":[{"embeddable":true,"href":"https:\/\/skbty.com\/fr\/wp-json\/wp\/v2\/comments?post=2118"}],"wp:featuredmedia":[{"embeddable":true,"href":"https:\/\/skbty.com\/fr\/wp-json\/wp\/v2\/media\/2124"}],"wp:attachment":[{"href":"https:\/\/skbty.com\/fr\/wp-json\/wp\/v2\/media?parent=2118"}],"wp:term":[{"taxonomy":"product_brand","embeddable":true,"href":"https:\/\/skbty.com\/fr\/wp-json\/wp\/v2\/product_brand?post=2118"},{"taxonomy":"product_cat","embeddable":true,"href":"https:\/\/skbty.com\/fr\/wp-json\/wp\/v2\/product_cat?post=2118"},{"taxonomy":"product_tag","embeddable":true,"href":"https:\/\/skbty.com\/fr\/wp-json\/wp\/v2\/product_tag?post=2118"}],"curies":[{"name":"Wp wp","href":"https:\/\/api.w.org\/{rel}","templated":true}]}}