{"id":2128,"date":"2023-06-21T17:07:59","date_gmt":"2023-06-21T09:07:59","guid":{"rendered":"https:\/\/skbty.com\/?post_type=product&#038;p=2128"},"modified":"2024-06-21T16:08:53","modified_gmt":"2024-06-21T08:08:53","slug":"barres-empilees-de-diodes-laser","status":"publish","type":"product","link":"https:\/\/skbty.com\/fr\/produit\/barres-empilees-de-diodes-laser\/","title":{"rendered":"Barres empil\u00e9es de diodes laser pour machines d&#039;\u00e9pilation \u00e0 diode laser"},"content":{"rendered":"<p>Qu&#039;est-ce que le <strong>Barres empil\u00e9es de diodes laser\u00a0?<\/strong><\/p>\n<p><strong>Barres empil\u00e9es de diodes laser<\/strong> sont des composants \u00e0 haut rendement con\u00e7us pour les machines d&#039;\u00e9pilation \u00e0 diode laser. Disponibles en plusieurs longueurs d&#039;onde, ces barres empilables offrent une conversion de puissance sup\u00e9rieure, une fiabilit\u00e9 et une dur\u00e9e de vie prolong\u00e9e, ce qui les rend id\u00e9ales pour les applications professionnelles de traitement de la peau et des cheveux.<\/p>\n<h3>Caract\u00e9ristiques<\/h3>\n<ul>\n<li><strong>Nom<\/strong>: Barres empil\u00e9es de diodes laser<\/li>\n<li><strong>Longueurs d&#039;onde<\/strong>: 755 nm, 808 nm, 1064 nm<\/li>\n<li><strong>Service OEM<\/strong>: Soutien<\/li>\n<li><strong>Application<\/strong>: Pi\u00e8ces de la machine d&#039;\u00e9pilation \u00e0 diode laser<\/li>\n<li><strong>Pouvoir<\/strong>: 300 W \u2013 2\u00a0000 W<\/li>\n<\/ul>\n<h3>Caract\u00e9ristiques<\/h3>\n<ol>\n<li><strong>Efficacit\u00e9 de conversion de puissance sup\u00e9rieure<\/strong>:Maximise l\u2019efficacit\u00e9 de l\u2019utilisation de l\u2019\u00e9nergie, r\u00e9duisant ainsi le gaspillage.<\/li>\n<li><strong>Forfait de cha\u00eenes Macro, Maison scell\u00e9e<\/strong>:Assure la durabilit\u00e9 et la protection des composants.<\/li>\n<li><strong>Fiabilit\u00e9 accrue, dur\u00e9e de vie plus longue<\/strong>:Con\u00e7u pour une utilisation prolong\u00e9e sans compromettre les performances.<\/li>\n<li><strong>60 W QCW par barre<\/strong>: Puissance de sortie \u00e9lev\u00e9e par barre pour des traitements efficaces.<\/li>\n<li><strong>Jusqu&#039;\u00e0 6 \u00e0 16 barres dans un seul module de pile<\/strong>:Options de configuration polyvalentes pour s&#039;adapter \u00e0 diff\u00e9rentes conceptions de machines.<\/li>\n<li><strong>Longueur d&#039;onde unique ou multiple<\/strong>:Disponible en 760 nm, 808 nm et 1064 nm dans un seul module de pile.<\/li>\n<li><strong>Refroidissement actif par eau<\/strong>:Optimise la dur\u00e9e de vie et la puissance gr\u00e2ce \u00e0 un refroidissement efficace.<\/li>\n<li><strong>Bo\u00eetier \u00e0 faible r\u00e9sistance thermique<\/strong>:R\u00e9duit l\u2019accumulation de chaleur pour des performances et une long\u00e9vit\u00e9 am\u00e9lior\u00e9es.<\/li>\n<\/ol>\n<h3>Applications<\/h3>\n<ul>\n<li><strong>L&#039;\u00c9pilation<\/strong>:\u00c9limine efficacement les poils ind\u00e9sirables avec une grande pr\u00e9cision et un inconfort minimal.<\/li>\n<li><strong>Rajeunissement de la peau<\/strong>: Am\u00e9liore la texture et l\u2019apparence de la peau en stimulant la production de collag\u00e8ne et en r\u00e9duisant la pigmentation.<\/li>\n<\/ul>\n<h3><strong>Personnaliser Le Logo<\/strong><\/h3>\n<p>Vous voulez faire de votre marque de se d\u00e9marquer? Nous vous proposons logo personnalis\u00e9 de services pour vous aider \u00e0 cr\u00e9er un unique et personnalis\u00e9e de logo, qui refl\u00e8te l&#039;identit\u00e9 de votre marque. Notre \u00e9quipe d&#039;experts travaillera en \u00e9troite collaboration avec vous pour concevoir un logo qui r\u00e9sonne avec les valeurs de votre marque et de messagerie. Si vous \u00eates \u00e0 la recherche de r\u00e9organiser votre logo existant ou en cr\u00e9er un nouveau \u00e0 partir de z\u00e9ro, nous vous avons avons couvert. <a href=\"\/fr\/contact\/\">Contactez-nous<\/a> aujourd&#039;hui pour en savoir plus sur notre logo personnalis\u00e9 de services!<\/p>","protected":false},"excerpt":{"rendered":"<p>Am\u00e9liorez vos appareils d&#039;\u00e9pilation au laser avec des barres empilables de diodes laser \u00e0 haute efficacit\u00e9. Disponibles dans les longueurs d&#039;onde de 755 nm, 808 nm et 1064 nm, ces barres empilables offrent une conversion de puissance, une fiabilit\u00e9 et une long\u00e9vit\u00e9 sup\u00e9rieures. Id\u00e9al pour l&#039;\u00e9pilation professionnelle et les traitements de rajeunissement de la peau.<\/p>","protected":false},"featured_media":2136,"comment_status":"open","ping_status":"closed","template":"","meta":{"_kad_post_transparent":"default","_kad_post_title":"","_kad_post_layout":"default","_kad_post_sidebar_id":"","_kad_post_content_style":"default","_kad_post_vertical_padding":"default","_kad_post_feature":"","_kad_post_feature_position":"","_kad_post_header":false,"_kad_post_footer":false,"_kad_post_classname":"","rank_math_title":"","rank_math_description":"","rank_math_focus_keyword":""},"product_brand":[],"product_cat":[47],"product_tag":[],"class_list":{"0":"post-2128","1":"product","2":"type-product","3":"status-publish","4":"has-post-thumbnail","6":"product_cat-parts_hair_removal","8":"first","9":"instock","10":"shipping-taxable","11":"product-type-simple","12":"entry","13":"content-bg","14":"loop-entry"},"_links":{"self":[{"href":"https:\/\/skbty.com\/fr\/wp-json\/wp\/v2\/product\/2128","targetHints":{"allow":["GET"]}}],"collection":[{"href":"https:\/\/skbty.com\/fr\/wp-json\/wp\/v2\/product"}],"about":[{"href":"https:\/\/skbty.com\/fr\/wp-json\/wp\/v2\/types\/product"}],"replies":[{"embeddable":true,"href":"https:\/\/skbty.com\/fr\/wp-json\/wp\/v2\/comments?post=2128"}],"wp:featuredmedia":[{"embeddable":true,"href":"https:\/\/skbty.com\/fr\/wp-json\/wp\/v2\/media\/2136"}],"wp:attachment":[{"href":"https:\/\/skbty.com\/fr\/wp-json\/wp\/v2\/media?parent=2128"}],"wp:term":[{"taxonomy":"product_brand","embeddable":true,"href":"https:\/\/skbty.com\/fr\/wp-json\/wp\/v2\/product_brand?post=2128"},{"taxonomy":"product_cat","embeddable":true,"href":"https:\/\/skbty.com\/fr\/wp-json\/wp\/v2\/product_cat?post=2128"},{"taxonomy":"product_tag","embeddable":true,"href":"https:\/\/skbty.com\/fr\/wp-json\/wp\/v2\/product_tag?post=2128"}],"curies":[{"name":"Wp wp","href":"https:\/\/api.w.org\/{rel}","templated":true}]}}