{"id":2150,"date":"2023-06-27T16:24:24","date_gmt":"2023-06-27T08:24:24","guid":{"rendered":"https:\/\/skbty.com\/?post_type=product&#038;p=2150"},"modified":"2024-06-21T14:09:13","modified_gmt":"2024-06-21T06:09:13","slug":"machine-delimination-des-varicosites-980-nm","status":"publish","type":"product","link":"https:\/\/skbty.com\/fr\/produit\/machine-delimination-des-varicosites-980-nm\/","title":{"rendered":"Machine d&#039;\u00e9limination des varicosit\u00e9s 980 nm"},"content":{"rendered":"<div>\n<h3>Qu&#039;est-ce que la machine d&#039;\u00e9limination vasculaire des varicosit\u00e9s 980 nm ?<\/h3>\n<p>L&#039; <strong>Machine d&#039;\u00e9limination des veines araign\u00e9es 30 W 980 nm<\/strong> est un appareil de pointe con\u00e7u pour le traitement efficace des varicosit\u00e9s, des l\u00e9sions vasculaires et de diverses affections cutan\u00e9es. Utilisant une technologie laser \u00e0 diode avanc\u00e9e de 980 nm, cette machine offre un traitement pr\u00e9cis et efficace avec un minimum d&#039;inconfort.<\/p>\n<table style=\"border-collapse: collapse; width: 100%;\">\n<tbody>\n<tr>\n<td style=\"width: 50%;\"><img loading=\"lazy\" decoding=\"async\" class=\"aligncenter\" title=\"ablation vasculaire des varicosit\u00e9s\" src=\"https:\/\/sc04.alicdn.com\/kf\/H0f4a89028710488b83fa4bbbba7745e19\/247315878\/H0f4a89028710488b83fa4bbbba7745e19.png\" alt=\"ablation vasculaire des varicosit\u00e9s\" width=\"403\" height=\"403\" data-src=\"\/\/sc04.alicdn.com\/kf\/H0f4a89028710488b83fa4bbbba7745e19\/247315878\/H0f4a89028710488b83fa4bbbba7745e19.png\" \/><\/td>\n<td style=\"width: 50%;\">\n<h3><img loading=\"lazy\" decoding=\"async\" class=\"aligncenter\" title=\"ablation vasculaire des varicosit\u00e9s\" src=\"https:\/\/sc04.alicdn.com\/kf\/H383ce4a8760e453585d35df42536ddd2N\/247315878\/H383ce4a8760e453585d35df42536ddd2N.jpg\" alt=\"ablation vasculaire des varicosit\u00e9s\" width=\"536\" height=\"523\" data-src=\"\/\/sc04.alicdn.com\/kf\/H383ce4a8760e453585d35df42536ddd2N\/247315878\/H383ce4a8760e453585d35df42536ddd2N.jpg\" \/><\/h3>\n<\/td>\n<\/tr>\n<\/tbody>\n<\/table>\n<h3>Caract\u00e9ristiques<\/h3>\n<ul>\n<li><strong>Nom<\/strong>: Machine d&#039;\u00e9limination vasculaire des veines araign\u00e9es 30 W 980 nm<\/li>\n<li><strong>Fonction<\/strong>: Traitement de l&#039;acn\u00e9, \u00e9limination des vaisseaux sanguins, rajeunissement de la peau, raffermissement de la peau<\/li>\n<li><strong>Taille du spot<\/strong>: 1 mm, 2 mm, 3 mm<\/li>\n<li><strong>Largeur d&#039;impulsion<\/strong>: 0-1 s (pas de 0,05 s)<\/li>\n<li><strong>Pouvoir<\/strong>: 30 W<\/li>\n<li><strong>\u00c9cran LCD<\/strong>: 8,0 pouces<\/li>\n<li><strong>Tension<\/strong>: 220V\/110V<\/li>\n<\/ul>\n<h3>Th\u00e9orie<\/h3>\n<h4>Principe de traitement<\/h4>\n<ol>\n<li><strong>Laser 980 nm<\/strong>:Spectre d&#039;absorption optimal des cellules vasculaires porphyrines. Les cellules vasculaires absorbent le laser \u00e0 haute \u00e9nergie d&#039;une longueur d&#039;onde de 980 nm, provoquant une solidification et une dissipation \u00e9ventuelle.<\/li>\n<li><strong>\u00c9nergie concentr\u00e9e<\/strong>:Pour surmonter les rougeurs et les br\u00fblures sur une grande surface dues au traitement au laser traditionnel, la pi\u00e8ce \u00e0 main de l&#039;appareil focalise le faisceau laser de 980 nm sur une plage de diam\u00e8tre de 0,2 \u00e0 0,5 mm, permettant \u00e0 une \u00e9nergie plus focalis\u00e9e d&#039;atteindre le tissu cible tout en \u00e9vitant de br\u00fbler les tissus cutan\u00e9s environnants.<\/li>\n<li><strong>Stimulation du collag\u00e8ne<\/strong>:Le laser stimule la croissance du collag\u00e8ne dermique pendant le traitement vasculaire, augmentant l\u2019\u00e9paisseur et la densit\u00e9 de l\u2019\u00e9piderme, r\u00e9duisant la visibilit\u00e9 des petits vaisseaux sanguins et am\u00e9liorant l\u2019\u00e9lasticit\u00e9 et la r\u00e9sistance de la peau.<\/li>\n<li><strong>Action thermique<\/strong>:L&#039;action thermique du laser provoque une absorption s\u00e9lective des tissus par l&#039;h\u00e9moglobine, traitant ainsi efficacement les probl\u00e8mes vasculaires.<\/li>\n<\/ol>\n<table style=\"border-collapse: collapse; width: 100%;\">\n<tbody>\n<tr>\n<td style=\"width: 50%;\"><img loading=\"lazy\" decoding=\"async\" class=\"aligncenter\" title=\"ablation vasculaire des varicosit\u00e9s\" src=\"https:\/\/sc04.alicdn.com\/kf\/H8ba81a29834b46c7bae3fdaa8b8cc50di\/247315878\/H8ba81a29834b46c7bae3fdaa8b8cc50di.jpg\" alt=\"ablation vasculaire des varicosit\u00e9s\" width=\"375\" height=\"277\" data-src=\"\/\/sc04.alicdn.com\/kf\/H8ba81a29834b46c7bae3fdaa8b8cc50di\/247315878\/H8ba81a29834b46c7bae3fdaa8b8cc50di.jpg\" \/><\/td>\n<td style=\"width: 50%;\"><img loading=\"lazy\" decoding=\"async\" class=\"aligncenter\" title=\"ablation vasculaire des varicosit\u00e9s\" src=\"https:\/\/sc04.alicdn.com\/kf\/H93cd742e3e5846c79db52ddc3456f49dm\/247315878\/H93cd742e3e5846c79db52ddc3456f49dm.jpg\" alt=\"ablation vasculaire des varicosit\u00e9s\" width=\"750\" height=\"464\" data-src=\"\/\/sc04.alicdn.com\/kf\/H93cd742e3e5846c79db52ddc3456f49dm\/247315878\/H93cd742e3e5846c79db52ddc3456f49dm.jpg\" \/><\/td>\n<\/tr>\n<\/tbody>\n<\/table>\n<h3>Applications<\/h3>\n<ol>\n<li><strong>EVLT (Traitement au laser des veines endoveineuses)<\/strong><\/li>\n<li><strong>Th\u00e9rapie des l\u00e9sions vasculaires<\/strong><\/li>\n<li><strong>Traitement des varicosit\u00e9s et des veines du visage<\/strong><\/li>\n<li><strong>Traitement des vaisseaux superficiels<\/strong>:Convient aux vaisseaux dont le diam\u00e8tre varie de 0,2 \u00e0 2 mm, y compris les varicosit\u00e9s, les t\u00e9langiectasies et la rosac\u00e9e.<\/li>\n<\/ol>\n<h3><img loading=\"lazy\" decoding=\"async\" class=\"aligncenter\" title=\"ablation vasculaire des varicosit\u00e9s\" src=\"https:\/\/sc04.alicdn.com\/kf\/Hc5fe475f98bd49dd81f44db78cd86c28I\/247315878\/Hc5fe475f98bd49dd81f44db78cd86c28I.jpg\" alt=\"ablation vasculaire des varicosit\u00e9s\" width=\"601\" height=\"551\" data-src=\"\/\/sc04.alicdn.com\/kf\/Hc5fe475f98bd49dd81f44db78cd86c28I\/247315878\/Hc5fe475f98bd49dd81f44db78cd86c28I.jpg\" \/><\/h3>\n<h3>Avantages<\/h3>\n<ol>\n<li><strong>Sortie stable<\/strong>:Le module laser \u00e0 diode 980 nm est import\u00e9 d&#039;Allemagne, garantissant une sortie stable.<\/li>\n<li><strong>Contr\u00f4le pr\u00e9cis de la temp\u00e9rature<\/strong>:Une alarme automatique de haute temp\u00e9rature garantit que le laser fonctionne dans une plage de temp\u00e9rature pr\u00e9cise.<\/li>\n<li><strong>R\u00e9sultats imm\u00e9diats<\/strong>:Un seul traitement peut \u00e9liminer les varicosit\u00e9s et les probl\u00e8mes vasculaires, avec des r\u00e9sultats visibles imm\u00e9diats.<\/li>\n<\/ol>\n<\/div>\n<div>\n<div><img loading=\"lazy\" decoding=\"async\" class=\"aligncenter\" title=\"ablation vasculaire des varicosit\u00e9s\" src=\"https:\/\/sc04.alicdn.com\/kf\/H0dc4985e62de465299d0cadb832a6945q\/247315878\/H0dc4985e62de465299d0cadb832a6945q.png\" alt=\"ablation vasculaire des varicosit\u00e9s\" width=\"750\" height=\"482\" data-src=\"\/\/sc04.alicdn.com\/kf\/H0dc4985e62de465299d0cadb832a6945q\/247315878\/H0dc4985e62de465299d0cadb832a6945q.png\" \/><\/div>\n<div><\/div>\n<div>\n<h3><strong>Personnaliser Le Logo<\/strong><\/h3>\n<p>Vous voulez faire de votre marque de se d\u00e9marquer? Nous vous proposons logo personnalis\u00e9 de services pour vous aider \u00e0 cr\u00e9er un unique et personnalis\u00e9e de logo, qui refl\u00e8te l&#039;identit\u00e9 de votre marque. Notre \u00e9quipe d&#039;experts travaillera en \u00e9troite collaboration avec vous pour concevoir un logo qui r\u00e9sonne avec les valeurs de votre marque et de messagerie. Si vous \u00eates \u00e0 la recherche de r\u00e9organiser votre logo existant ou en cr\u00e9er un nouveau \u00e0 partir de z\u00e9ro, nous vous avons avons couvert. <a href=\"\/fr\/contact\/\">Contactez-nous<\/a> aujourd&#039;hui pour en savoir plus sur notre logo personnalis\u00e9 de services!<\/p>\n<\/div>\n<div><\/div>\n<\/div>","protected":false},"excerpt":{"rendered":"<p>\u2666 Le module laser \u00e0 diode 980 nm est import\u00e9 d&#039;Allemagne, assurant une sortie stable.<br \/>\n\u2666 Syst\u00e8me de contr\u00f4le pr\u00e9cis de la temp\u00e9rature, alarme automatique de haute temp\u00e9rature, garantit que le laser fonctionne dans une plage de temp\u00e9rature pr\u00e9cise\u00a0;<br \/>\n\u2666 Il suffit d&#039;un seul traitement pour que les varicosit\u00e9s\/vaisseaux vasculaires puissent \u00eatre compl\u00e8tement \u00e9limin\u00e9s et que le r\u00e9sultat soit visible imm\u00e9diatement<\/p>","protected":false},"featured_media":2188,"comment_status":"open","ping_status":"closed","template":"","meta":{"_kad_post_transparent":"default","_kad_post_title":"","_kad_post_layout":"default","_kad_post_sidebar_id":"","_kad_post_content_style":"default","_kad_post_vertical_padding":"default","_kad_post_feature":"","_kad_post_feature_position":"","_kad_post_header":false,"_kad_post_footer":false,"_kad_post_classname":"","rank_math_title":"","rank_math_description":"","rank_math_focus_keyword":""},"product_brand":[],"product_cat":[33],"product_tag":[],"class_list":{"0":"post-2150","1":"product","2":"type-product","3":"status-publish","4":"has-post-thumbnail","6":"product_cat-face-care","8":"first","9":"instock","10":"shipping-taxable","11":"product-type-simple","12":"entry","13":"content-bg","14":"loop-entry"},"_links":{"self":[{"href":"https:\/\/skbty.com\/fr\/wp-json\/wp\/v2\/product\/2150","targetHints":{"allow":["GET"]}}],"collection":[{"href":"https:\/\/skbty.com\/fr\/wp-json\/wp\/v2\/product"}],"about":[{"href":"https:\/\/skbty.com\/fr\/wp-json\/wp\/v2\/types\/product"}],"replies":[{"embeddable":true,"href":"https:\/\/skbty.com\/fr\/wp-json\/wp\/v2\/comments?post=2150"}],"wp:featuredmedia":[{"embeddable":true,"href":"https:\/\/skbty.com\/fr\/wp-json\/wp\/v2\/media\/2188"}],"wp:attachment":[{"href":"https:\/\/skbty.com\/fr\/wp-json\/wp\/v2\/media?parent=2150"}],"wp:term":[{"taxonomy":"product_brand","embeddable":true,"href":"https:\/\/skbty.com\/fr\/wp-json\/wp\/v2\/product_brand?post=2150"},{"taxonomy":"product_cat","embeddable":true,"href":"https:\/\/skbty.com\/fr\/wp-json\/wp\/v2\/product_cat?post=2150"},{"taxonomy":"product_tag","embeddable":true,"href":"https:\/\/skbty.com\/fr\/wp-json\/wp\/v2\/product_tag?post=2150"}],"curies":[{"name":"Wp wp","href":"https:\/\/api.w.org\/{rel}","templated":true}]}}