{"id":2151,"date":"2023-06-21T17:52:11","date_gmt":"2023-06-21T09:52:11","guid":{"rendered":"https:\/\/skbty.com\/?post_type=product&#038;p=2151"},"modified":"2024-06-21T15:46:03","modified_gmt":"2024-06-21T07:46:03","slug":"machine-depilation-a-diode-laser-picoseconde-808-nm","status":"publish","type":"product","link":"https:\/\/skbty.com\/fr\/produit\/machine-depilation-a-diode-laser-picoseconde-808-nm\/","title":{"rendered":"Machine portable d&#039;\u00e9pilation \u00e0 diode laser picoseconde + 808 nm"},"content":{"rendered":"<div>\n<div>\n<h3>Qu&#039;est-ce que le <strong>Machine d&#039;\u00e9pilation \u00e0 diode laser picoseconde + 808 nm ?<\/strong><\/h3>\n<p><strong>Machine d&#039;\u00e9pilation au laser \u00e0 diode picoseconde + 808 nm<\/strong> combine les technologies avanc\u00e9es du laser picoseconde et du laser \u00e0 diode 808 nm pour des traitements complets de la peau et des cheveux. Cette machine polyvalente offre un positionnement pr\u00e9cis, une r\u00e9cup\u00e9ration rapide et des proc\u00e9dures douces et confortables pour divers besoins dermatologiques.<\/p>\n<h3><img loading=\"lazy\" decoding=\"async\" class=\"aligncenter\" title=\"Machine \u00e0 diode laser picoseconde + 808\" src=\"https:\/\/sc04.alicdn.com\/kf\/Ha4e108c318d04b3db4693932245fde4fd\/247315878\/Ha4e108c318d04b3db4693932245fde4fd.png\" alt=\"Machine \u00e0 diode laser picoseconde + 808\" width=\"548\" height=\"500\" data-src=\"\/\/sc04.alicdn.com\/kf\/Ha4e108c318d04b3db4693932245fde4fd\/247315878\/Ha4e108c318d04b3db4693932245fde4fd.png\" \/><\/h3>\n<h3>Caract\u00e9ristiques<\/h3>\n<ul>\n<li><strong>Nom<\/strong>: Appareil d&#039;\u00e9pilation \u00e0 diode laser picoseconde + 808 nm<\/li>\n<li><strong>\u00c9cran<\/strong>: 10,4 pouces<\/li>\n<li><strong>Taille de la machine<\/strong>: 59x<em>49,5x<\/em>56,5 cm (55 kg)<\/li>\n<li><strong>Densit\u00e9 \u00e9nerg\u00e9tique<\/strong>: 1-120J\/CM\u00b2<\/li>\n<li><strong>Taille du spot<\/strong>: 12*18MM<\/li>\n<li><strong>Dissipation de chaleur<\/strong>:Refroidissement par air + refroidissement par eau + r\u00e9frig\u00e9ration des semi-conducteurs<\/li>\n<li><strong>Norme de longueur d&#039;onde<\/strong>:808 nm (options : 532 nm, 755 nm, 1064 nm)<\/li>\n<li><strong>Fr\u00e9quence<\/strong>: 1-10 Hz<\/li>\n<li><strong>Options de longueur d&#039;onde<\/strong>: 1064 nm\/532 nm\/1320 nm<\/li>\n<li><strong>Puissance totale<\/strong>: 2000 W<\/li>\n<\/ul>\n<h3>Caract\u00e9ristiques<\/h3>\n<ul>\n<li><strong>Nouvelle exp\u00e9rience et apparence raffin\u00e9e<\/strong>:Conception moderne avec une interface conviviale.<\/li>\n<li><strong>R\u00e9cup\u00e9ration rapide<\/strong>:Temps de r\u00e9cup\u00e9ration rapide apr\u00e8s le traitement.<\/li>\n<li><strong>Positionnement pr\u00e9cis<\/strong>: Assure un ciblage pr\u00e9cis pour des r\u00e9sultats efficaces.<\/li>\n<li><strong>\u00c9pilation par refroidissement par glace<\/strong>:Traitement confortable et indolore.<\/li>\n<li><strong>Filtre micron<\/strong>: Assure puret\u00e9 et efficacit\u00e9.<\/li>\n<li><strong>Doux et confortable<\/strong>:Minimise l\u2019inconfort pendant les proc\u00e9dures.<\/li>\n<li><strong>Polyvalent<\/strong>:Convient \u00e0 divers traitements, notamment l&#039;\u00e9limination des taches, l&#039;\u00e9limination des tatouages, le traitement des cicatrices l\u00e9g\u00e8res, l&#039;\u00e9pilation et le rajeunissement de la peau.<\/li>\n<\/ul>\n<h3><img loading=\"lazy\" decoding=\"async\" class=\"aligncenter\" title=\"Machine \u00e0 diode laser picoseconde + 808\" src=\"https:\/\/sc04.alicdn.com\/kf\/Hf399b3f702a64dfea0beaf4dc9e4b2c9F\/247315878\/Hf399b3f702a64dfea0beaf4dc9e4b2c9F.png\" alt=\"Machine \u00e0 diode laser picoseconde + 808\" width=\"534\" height=\"429\" data-src=\"\/\/sc04.alicdn.com\/kf\/Hf399b3f702a64dfea0beaf4dc9e4b2c9F\/247315878\/Hf399b3f702a64dfea0beaf4dc9e4b2c9F.png\" \/><\/h3>\n<h3>Avantages<\/h3>\n<ol>\n<li><strong>Marque d&#039;\u00e9metteur laser<\/strong>:Fournit une lumi\u00e8re stable pour des r\u00e9sultats coh\u00e9rents.<\/li>\n<li><strong>Traitement de s\u00e9curit\u00e9<\/strong>: Assure des performances stables et une longue dur\u00e9e de vie.<\/li>\n<li><strong>Haute efficacit\u00e9<\/strong>:Absorbe efficacement la m\u00e9lanine pour une \u00e9pilation sans douleur.<\/li>\n<li><strong>Sans douleur<\/strong>:Le syst\u00e8me de refroidissement tactile Sapphire garantit un traitement s\u00fbr et sans douleur.<\/li>\n<li><strong>R\u00e9sultats d&#039;\u00e9pilation rapides<\/strong>:La grande taille du spot augmente la vitesse de traitement.<\/li>\n<li><strong>\u00c9pilation d\u00e9finitive<\/strong>:Efficace pour toutes les couleurs de peau avec d\u2019excellents r\u00e9sultats.<\/li>\n<\/ol>\n<h3><img loading=\"lazy\" decoding=\"async\" class=\"aligncenter\" title=\"Machine \u00e0 diode laser picoseconde + 808\" src=\"https:\/\/sc04.alicdn.com\/kf\/Hdfe137e0fb5a4c5c8d4eacd1e4351dd31\/247315878\/Hdfe137e0fb5a4c5c8d4eacd1e4351dd31.png\" alt=\"Machine \u00e0 diode laser picoseconde + 808\" width=\"556\" height=\"426\" data-src=\"\/\/sc04.alicdn.com\/kf\/Hdfe137e0fb5a4c5c8d4eacd1e4351dd31\/247315878\/Hdfe137e0fb5a4c5c8d4eacd1e4351dd31.png\" \/><\/h3>\n<h3>Applications<\/h3>\n<ol>\n<li><strong>R\u00e9duction des pores<\/strong>:Traitement efficace contre le vieillissement et les pores dilat\u00e9s, montrant des am\u00e9liorations notables.<\/li>\n<li><strong>\u00c9limination des taches<\/strong>:Le laser picoseconde \u00e9limine facilement les taches sans se soucier des effets anti-noirs.<\/li>\n<li><strong>R\u00e9duction des ridules<\/strong>:\u00c9limine les ridules autour des yeux plus efficacement que les cr\u00e8mes de soin.<\/li>\n<li><strong>Traitement des cicatrices<\/strong>: Am\u00e9liore consid\u00e9rablement les cicatrices tenaces et la peau piqu\u00e9e en quelques traitements.<\/li>\n<li><strong>\u00c9claircissement de la peau<\/strong>: Am\u00e9liore la texture de la peau, la rendant plus lisse et plus tendre.<\/li>\n<li><strong>Suppression de tatouage<\/strong>:Enl\u00e8ve m\u00eame les tatouages difficiles (rouge, orange, jaune, vert, bleu) proprement sans laisser de traces.<\/li>\n<\/ol>\n<h3><img loading=\"lazy\" decoding=\"async\" class=\"aligncenter\" title=\"Machine \u00e0 diode laser picoseconde + 808\" src=\"https:\/\/sc04.alicdn.com\/kf\/H2b36a04f94984e03afec782eaeccd6c4m\/247315878\/H2b36a04f94984e03afec782eaeccd6c4m.png\" alt=\"Machine \u00e0 diode laser picoseconde + 808\" width=\"653\" height=\"350\" data-src=\"\/\/sc04.alicdn.com\/kf\/H2b36a04f94984e03afec782eaeccd6c4m\/247315878\/H2b36a04f94984e03afec782eaeccd6c4m.png\" \/><\/h3>\n<h3>Utilisation des effets<\/h3>\n<ul>\n<li><strong>R\u00e9duction des pores<\/strong>:R\u00e9tr\u00e9cissement notable des pores apr\u00e8s le traitement.<\/li>\n<li><strong>\u00c9limination des taches<\/strong>:R\u00e9solution efficace des taches du visage.<\/li>\n<li><strong>R\u00e9duction des ridules<\/strong>:R\u00e9duction visible des ridules en peu de temps.<\/li>\n<li><strong>Traitement des cicatrices<\/strong>: Am\u00e9lioration des cicatrices tenaces et de la peau piqu\u00e9e.<\/li>\n<li><strong>\u00c9claircissement de la peau<\/strong>:Une peau plus lisse et plus tendre apr\u00e8s le traitement.<\/li>\n<li><strong>Suppression de tatouage<\/strong>:\u00c9limination compl\u00e8te des tatouages difficiles sans traces.<\/li>\n<\/ul>\n<p>&nbsp;<\/p>\n<\/div>\n<\/div>\n<div>\n<h3><strong>Personnaliser Le Logo<\/strong><\/h3>\n<p>Vous voulez faire de votre marque de se d\u00e9marquer? Nous vous proposons logo personnalis\u00e9 de services pour vous aider \u00e0 cr\u00e9er un unique et personnalis\u00e9e de logo, qui refl\u00e8te l&#039;identit\u00e9 de votre marque. Notre \u00e9quipe d&#039;experts travaillera en \u00e9troite collaboration avec vous pour concevoir un logo qui r\u00e9sonne avec les valeurs de votre marque et de messagerie. Si vous \u00eates \u00e0 la recherche de r\u00e9organiser votre logo existant ou en cr\u00e9er un nouveau \u00e0 partir de z\u00e9ro, nous vous avons avons couvert. <a href=\"\/fr\/contact\/\">Contactez-nous<\/a> aujourd&#039;hui pour en savoir plus sur notre logo personnalis\u00e9 de services!<\/p>\n<\/div>","protected":false},"excerpt":{"rendered":"<div>1. \u00c9metteur laser de marque, lumi\u00e8re stable.<\/div>\n<div>2. Traitement de s\u00e9curit\u00e9. Performances stables. Longue dur\u00e9e de vie.<\/div>\n<div>3. Haute efficacit\u00e9. Absorption de la m\u00e9lanine pour obtenir un effet d&#039;\u00e9pilation indolore et efficace.<\/div>\n<div>4. Sans douleur. Le syst\u00e8me de refroidissement tactile Sapphire peut garantir un traitement plus s\u00fbr et sans danger pour la peau.<\/div>\n<div>5. R\u00e9sultat d&#039;\u00e9pilation rapide. La grande taille du spot acc\u00e9l\u00e8re la vitesse de traitement.<\/div>\n<div>6. \u00c9pilation d\u00e9finitive. Applicable \u00e0 toutes les couleurs de peau, excellent r\u00e9sultat.<\/div>","protected":false},"featured_media":2153,"comment_status":"open","ping_status":"closed","template":"","meta":{"_kad_post_transparent":"default","_kad_post_title":"","_kad_post_layout":"default","_kad_post_sidebar_id":"","_kad_post_content_style":"default","_kad_post_vertical_padding":"default","_kad_post_feature":"","_kad_post_feature_position":"","_kad_post_header":false,"_kad_post_footer":false,"_kad_post_classname":"","rank_math_title":"","rank_math_description":"","rank_math_focus_keyword":""},"product_brand":[],"product_cat":[29],"product_tag":[],"class_list":{"0":"post-2151","1":"product","2":"type-product","3":"status-publish","4":"has-post-thumbnail","6":"product_cat-pico-laser","8":"first","9":"instock","10":"shipping-taxable","11":"product-type-simple","12":"entry","13":"content-bg","14":"loop-entry"},"_links":{"self":[{"href":"https:\/\/skbty.com\/fr\/wp-json\/wp\/v2\/product\/2151","targetHints":{"allow":["GET"]}}],"collection":[{"href":"https:\/\/skbty.com\/fr\/wp-json\/wp\/v2\/product"}],"about":[{"href":"https:\/\/skbty.com\/fr\/wp-json\/wp\/v2\/types\/product"}],"replies":[{"embeddable":true,"href":"https:\/\/skbty.com\/fr\/wp-json\/wp\/v2\/comments?post=2151"}],"wp:featuredmedia":[{"embeddable":true,"href":"https:\/\/skbty.com\/fr\/wp-json\/wp\/v2\/media\/2153"}],"wp:attachment":[{"href":"https:\/\/skbty.com\/fr\/wp-json\/wp\/v2\/media?parent=2151"}],"wp:term":[{"taxonomy":"product_brand","embeddable":true,"href":"https:\/\/skbty.com\/fr\/wp-json\/wp\/v2\/product_brand?post=2151"},{"taxonomy":"product_cat","embeddable":true,"href":"https:\/\/skbty.com\/fr\/wp-json\/wp\/v2\/product_cat?post=2151"},{"taxonomy":"product_tag","embeddable":true,"href":"https:\/\/skbty.com\/fr\/wp-json\/wp\/v2\/product_tag?post=2151"}],"curies":[{"name":"Wp wp","href":"https:\/\/api.w.org\/{rel}","templated":true}]}}