{"id":2158,"date":"2023-06-21T18:00:34","date_gmt":"2023-06-21T10:00:34","guid":{"rendered":"https:\/\/skbty.com\/?post_type=product&#038;p=2158"},"modified":"2024-06-21T15:26:26","modified_gmt":"2024-06-21T07:26:26","slug":"machine-de-beaute-plasma-chirurgicale-3-en-1","status":"publish","type":"product","link":"https:\/\/skbty.com\/fr\/produit\/machine-de-beaute-plasma-chirurgicale-3-en-1\/","title":{"rendered":"Machine de beaut\u00e9 au plasma chirurgical 3 en 1"},"content":{"rendered":"<div>\n<h3>Qu&#039;est-ce que le <strong>Machine de beaut\u00e9 au plasma chirurgical 3 en 1 ?<\/strong><\/h3>\n<p><strong>Machine de beaut\u00e9 au plasma chirurgical 3 en 1<\/strong> combine une douche \u00e0 plasma, un plasma chirurgical et des poign\u00e9es chaudes\/froides pour offrir des solutions compl\u00e8tes de soins et de traitement de la peau. Cette machine avanc\u00e9e traite divers probl\u00e8mes de peau, notamment les grains de beaut\u00e9, les verrues, les vergetures, les rides, etc.<\/p>\n<h3><img loading=\"lazy\" decoding=\"async\" class=\"aligncenter\" title=\"Machine de beaut\u00e9 au plasma chirurgical\" src=\"https:\/\/sc04.alicdn.com\/kf\/H14e000d53e694ee7b1d4d5d3f504a744I\/247315878\/H14e000d53e694ee7b1d4d5d3f504a744I.png\" alt=\"Machine de beaut\u00e9 au plasma chirurgical\" width=\"472\" height=\"438\" data-src=\"\/\/sc04.alicdn.com\/kf\/H14e000d53e694ee7b1d4d5d3f504a744I\/247315878\/H14e000d53e694ee7b1d4d5d3f504a744I.png\" \/><\/h3>\n<h3>Caract\u00e9ristiques<\/h3>\n<ul>\n<li><strong>Nom<\/strong>: : Machine de beaut\u00e9 au plasma chirurgical 3 en 1<\/li>\n<li><strong>Taper<\/strong>:Plasma\/Poign\u00e9e chaude et froide\/Plasma BT<\/li>\n<li><strong>Pouvoir<\/strong>: \u226426 W<\/li>\n<li><strong>Alimentation \u00e9lectronique<\/strong>:CA 110~240V 50Hz\/60Hz<\/li>\n<li><strong>Poids<\/strong>:H\u00f4te : 4,4 kg, Support : 12,4 kg<\/li>\n<\/ul>\n<h3><img loading=\"lazy\" decoding=\"async\" class=\"aligncenter\" title=\"Machine de beaut\u00e9 au plasma chirurgical\" src=\"https:\/\/sc04.alicdn.com\/kf\/H8df98b2f1bc049aa8c028d9fc6b3d97aV\/247315878\/H8df98b2f1bc049aa8c028d9fc6b3d97aV.png\" alt=\"Machine de beaut\u00e9 au plasma chirurgical\" width=\"516\" height=\"315\" data-src=\"\/\/sc04.alicdn.com\/kf\/H8df98b2f1bc049aa8c028d9fc6b3d97aV\/247315878\/H8df98b2f1bc049aa8c028d9fc6b3d97aV.png\" \/><\/h3>\n<p><img loading=\"lazy\" decoding=\"async\" class=\"aligncenter\" title=\"Machine de beaut\u00e9 au plasma chirurgical\" src=\"https:\/\/sc04.alicdn.com\/kf\/H26ae065b1ad24a8da285199d563548f2s\/247315878\/H26ae065b1ad24a8da285199d563548f2s.png\" alt=\"Machine de beaut\u00e9 au plasma chirurgical\" width=\"457\" height=\"462\" data-src=\"\/\/sc04.alicdn.com\/kf\/H26ae065b1ad24a8da285199d563548f2s\/247315878\/H26ae065b1ad24a8da285199d563548f2s.png\" \/><\/p>\n<h3>Principe du plasma<\/h3>\n<p>Le plasma, quatri\u00e8me \u00e9tat de la mati\u00e8re, est constitu\u00e9 d&#039;ions et d&#039;\u00e9lectrons, formant un gaz ionis\u00e9 avec de l&#039;\u00e9nergie \u00e9lectrique. Il utilise la technologie de conduction du plasma pour ouvrir la structure mol\u00e9culaire de la muqueuse cutan\u00e9e, aidant ainsi les cellules \u00e0 se r\u00e9g\u00e9n\u00e9rer, \u00e0 renforcer la r\u00e9sistance des tissus et \u00e0 am\u00e9liorer le tissu de surface de la peau. Le plasma traite efficacement l&#039;acn\u00e9, les cicatrices et d&#039;autres affections cutan\u00e9es gr\u00e2ce \u00e0 ses effets rajeunissants, st\u00e9rilisants, antibact\u00e9riens et anti-inflammatoires.<\/p>\n<p><img loading=\"lazy\" decoding=\"async\" class=\"aligncenter\" title=\"Machine de beaut\u00e9 au plasma chirurgical\" src=\"https:\/\/sc04.alicdn.com\/kf\/H6b9f0dae91aa499d87aa24f90cbb2f0fJ\/247315878\/H6b9f0dae91aa499d87aa24f90cbb2f0fJ.png\" alt=\"Machine de beaut\u00e9 au plasma chirurgical\" width=\"541\" height=\"274\" data-src=\"\/\/sc04.alicdn.com\/kf\/H6b9f0dae91aa499d87aa24f90cbb2f0fJ\/247315878\/H6b9f0dae91aa499d87aa24f90cbb2f0fJ.png\" \/><\/p>\n<h3><img loading=\"lazy\" decoding=\"async\" class=\"aligncenter\" title=\"Machine de beaut\u00e9 au plasma chirurgical\" src=\"https:\/\/sc04.alicdn.com\/kf\/H5c35257c3e5f44c3adcf7c064b39856bI\/247315878\/H5c35257c3e5f44c3adcf7c064b39856bI.png\" alt=\"Machine de beaut\u00e9 au plasma chirurgical\" width=\"655\" height=\"303\" data-src=\"\/\/sc04.alicdn.com\/kf\/H5c35257c3e5f44c3adcf7c064b39856bI\/247315878\/H5c35257c3e5f44c3adcf7c064b39856bI.png\" \/><\/h3>\n<p><img loading=\"lazy\" decoding=\"async\" class=\"aligncenter\" title=\"Machine de beaut\u00e9 au plasma chirurgical\" src=\"https:\/\/sc04.alicdn.com\/kf\/H53986b0fdf3b451cabf0e7735f1bc544P\/247315878\/H53986b0fdf3b451cabf0e7735f1bc544P.png\" alt=\"Machine de beaut\u00e9 au plasma chirurgical\" width=\"582\" height=\"587\" data-src=\"\/\/sc04.alicdn.com\/kf\/H53986b0fdf3b451cabf0e7735f1bc544P\/247315878\/H53986b0fdf3b451cabf0e7735f1bc544P.png\" \/><\/p>\n<h3>Fonctions<\/h3>\n<ol>\n<li><strong>Antibact\u00e9rien et anti-inflammatoire<\/strong>:Efficace pour traiter l\u2019acn\u00e9, les cicatrices et autres affections cutan\u00e9es inflammatoires.<\/li>\n<li><strong>Lifting et blanchiment de la peau<\/strong>:Favorise la r\u00e9g\u00e9n\u00e9ration du collag\u00e8ne pour une peau plus lisse, plus ferme et plus \u00e9clatante.<\/li>\n<li><strong>Am\u00e9lioration des pores et de la k\u00e9ratinisation<\/strong>:R\u00e9duit la taille des pores et traite la k\u00e9ratinisation graisseuse.<\/li>\n<\/ol>\n<h3><img loading=\"lazy\" decoding=\"async\" class=\"aligncenter\" title=\"Machine de beaut\u00e9 au plasma chirurgical\" src=\"https:\/\/sc04.alicdn.com\/kf\/H25f92bb893494fe7971e10aa0b3817eaz\/247315878\/H25f92bb893494fe7971e10aa0b3817eaz.png\" alt=\"Machine de beaut\u00e9 au plasma chirurgical\" width=\"546\" height=\"551\" data-src=\"\/\/sc04.alicdn.com\/kf\/H25f92bb893494fe7971e10aa0b3817eaz\/247315878\/H25f92bb893494fe7971e10aa0b3817eaz.png\" \/><\/h3>\n<h3>Avantage technique<\/h3>\n<ol>\n<li><strong>Technologie de transfert plasma TDDS<\/strong>:Ouvre rapidement les mol\u00e9cules d\u2019adh\u00e9sion (CAM) qui relient les cellules, produisant une absorption \u00e9tonnante en 30 secondes.<\/li>\n<li><strong>Forte capacit\u00e9 de d\u00e9sinfection<\/strong>:L\u2019\u00e9nergie du plasma \u00e9limine efficacement les bact\u00e9ries, pr\u00e9venant ainsi divers probl\u00e8mes de peau.<\/li>\n<li><strong>Inhibition de la m\u00e9lanine<\/strong>:L\u2019\u00e9nergie plasmatique provoque l\u2019atrophie et la recombinaison des cellules vieillissantes, inhibant la pr\u00e9cipitation de m\u00e9lanine, ce qui donne une peau lumineuse, blanche et impeccable.<\/li>\n<li><strong>R\u00e9g\u00e9n\u00e9ration du collag\u00e8ne<\/strong>:L\u2019\u00e9nergie plasmatique auto-r\u00e9g\u00e9n\u00e8re le collag\u00e8ne, stimulant la production de fibroblastes et pr\u00e9venant le vieillissement cutan\u00e9.<\/li>\n<\/ol>\n<h3>Caract\u00e9ristiques d\u00e9taill\u00e9es<\/h3>\n<ul>\n<li><strong>Douche Plasma Beaut\u00e9<\/strong>:St\u00e9rilisation, antibact\u00e9rien, anti-inflammatoire, traitement de l&#039;acn\u00e9.<\/li>\n<li><strong>Douche chirurgicale \u00e0 plasma<\/strong>:\u00c9limination des taches, de la pigmentation, des acrochordons, des grains de beaut\u00e9 et des verrues.<\/li>\n<li><strong>Effet fractionnaire<\/strong>:R\u00e9duction des rides fines, am\u00e9lioration des pores, resurfa\u00e7age des cicatrices et de la peau.<\/li>\n<li><strong>Effet thermique<\/strong>:R\u00e9duction des rides fines, resserrement des pores, lifting du visage et raffermissement de la peau.<\/li>\n<li><strong>Poign\u00e9e froide\/chaude<\/strong>:\n<ul>\n<li><strong>Froid<\/strong>: Apaise la peau apr\u00e8s le traitement, ferme les pores, am\u00e9liore l&#039;\u00e9lasticit\u00e9, \u00e9limine les \u0153d\u00e8mes, raffermit la peau.<\/li>\n<li><strong>Chaud<\/strong>:Favorise une absorption profonde, acc\u00e9l\u00e8re le m\u00e9tabolisme.<\/li>\n<\/ul>\n<\/li>\n<\/ul>\n<h3>Utilisation des effets<\/h3>\n<ol>\n<li><strong>\u00c9claircissement du teint<\/strong>: Am\u00e9liore la peau jaune fonc\u00e9 et \u00e9limine la pigmentation.<\/li>\n<li><strong>R\u00e9duire les rougeurs et les gonflements<\/strong>:R\u00e9tr\u00e9cit les pores, raffermit et illumine le visage.<\/li>\n<li><strong>Antibact\u00e9rien et anti-inflammatoire<\/strong>:Traite les pores dilat\u00e9s, la k\u00e9ratose et l\u2019acn\u00e9 inflammatoire.<\/li>\n<li><strong>Remodelage du collag\u00e8ne<\/strong>:R\u00e9g\u00e9n\u00e8re la peau, am\u00e9liore la peau l\u00e2che et affaiss\u00e9e.<\/li>\n<\/ol>\n<\/div>\n<div>\n<div>\n<div>\n<div>\n<div>\n<div><img loading=\"lazy\" decoding=\"async\" class=\"aligncenter\" title=\"Machine de beaut\u00e9 au plasma chirurgical\" src=\"https:\/\/sc04.alicdn.com\/kf\/H600422064a844a4492a5fca2e1633e35M\/247315878\/H600422064a844a4492a5fca2e1633e35M.png\" alt=\"Machine de beaut\u00e9 au plasma chirurgical\" width=\"512\" height=\"517\" data-src=\"\/\/sc04.alicdn.com\/kf\/H600422064a844a4492a5fca2e1633e35M\/247315878\/H600422064a844a4492a5fca2e1633e35M.png\" \/><\/div>\n<div>\n<h3><strong>Personnaliser Le Logo<\/strong><\/h3>\n<p>Vous voulez faire de votre marque de se d\u00e9marquer? Nous vous proposons logo personnalis\u00e9 de services pour vous aider \u00e0 cr\u00e9er un unique et personnalis\u00e9e de logo, qui refl\u00e8te l&#039;identit\u00e9 de votre marque. Notre \u00e9quipe d&#039;experts travaillera en \u00e9troite collaboration avec vous pour concevoir un logo qui r\u00e9sonne avec les valeurs de votre marque et de messagerie. Si vous \u00eates \u00e0 la recherche de r\u00e9organiser votre logo existant ou en cr\u00e9er un nouveau \u00e0 partir de z\u00e9ro, nous vous avons avons couvert. <a href=\"\/fr\/contact\/\">Contactez-nous<\/a> aujourd&#039;hui pour en savoir plus sur notre logo personnalis\u00e9 de services!<\/p>\n<\/div>\n<\/div>\n<\/div>\n<\/div>\n<\/div>\n<\/div>","protected":false},"excerpt":{"rendered":"<p>D\u00e9couvrez la machine de beaut\u00e9 au plasma chirurgical 3 en 1 avanc\u00e9e pour des soins complets de la peau. Cet appareil multifonctionnel offre une douche \u00e0 plasma, un plasma chirurgical et des poign\u00e9es chaudes\/froides pour traiter les grains de beaut\u00e9, les verrues, les rides et plus encore, favorisant la r\u00e9g\u00e9n\u00e9ration du collag\u00e8ne et le rajeunissement de la peau.<\/p>","protected":false},"featured_media":2159,"comment_status":"open","ping_status":"closed","template":"","meta":{"_kad_post_transparent":"default","_kad_post_title":"","_kad_post_layout":"default","_kad_post_sidebar_id":"","_kad_post_content_style":"default","_kad_post_vertical_padding":"default","_kad_post_feature":"","_kad_post_feature_position":"","_kad_post_header":false,"_kad_post_footer":false,"_kad_post_classname":"","rank_math_title":"","rank_math_description":"","rank_math_focus_keyword":""},"product_brand":[],"product_cat":[33],"product_tag":[],"class_list":{"0":"post-2158","1":"product","2":"type-product","3":"status-publish","4":"has-post-thumbnail","6":"product_cat-face-care","8":"first","9":"instock","10":"shipping-taxable","11":"product-type-simple","12":"entry","13":"content-bg","14":"loop-entry"},"_links":{"self":[{"href":"https:\/\/skbty.com\/fr\/wp-json\/wp\/v2\/product\/2158","targetHints":{"allow":["GET"]}}],"collection":[{"href":"https:\/\/skbty.com\/fr\/wp-json\/wp\/v2\/product"}],"about":[{"href":"https:\/\/skbty.com\/fr\/wp-json\/wp\/v2\/types\/product"}],"replies":[{"embeddable":true,"href":"https:\/\/skbty.com\/fr\/wp-json\/wp\/v2\/comments?post=2158"}],"wp:featuredmedia":[{"embeddable":true,"href":"https:\/\/skbty.com\/fr\/wp-json\/wp\/v2\/media\/2159"}],"wp:attachment":[{"href":"https:\/\/skbty.com\/fr\/wp-json\/wp\/v2\/media?parent=2158"}],"wp:term":[{"taxonomy":"product_brand","embeddable":true,"href":"https:\/\/skbty.com\/fr\/wp-json\/wp\/v2\/product_brand?post=2158"},{"taxonomy":"product_cat","embeddable":true,"href":"https:\/\/skbty.com\/fr\/wp-json\/wp\/v2\/product_cat?post=2158"},{"taxonomy":"product_tag","embeddable":true,"href":"https:\/\/skbty.com\/fr\/wp-json\/wp\/v2\/product_tag?post=2158"}],"curies":[{"name":"Wp wp","href":"https:\/\/api.w.org\/{rel}","templated":true}]}}