{"id":2170,"date":"2023-06-21T18:20:21","date_gmt":"2023-06-21T10:20:21","guid":{"rendered":"https:\/\/skbty.com\/?post_type=product&#038;p=2170"},"modified":"2026-03-31T17:04:17","modified_gmt":"2026-03-31T09:04:17","slug":"chaise-magique-appareil-de-sante","status":"publish","type":"product","link":"https:\/\/skbty.com\/fr\/produit\/chaise-magique-appareil-de-sante\/","title":{"rendered":"Chaise magique pour la sant\u00e9"},"content":{"rendered":"<div>\n<h3>Qu&#039;est-ce que le <strong>Machine de sant\u00e9 Magic Chair ?<\/strong><\/h3>\n<p>L&#039; <strong>Chaise magique pour la sant\u00e9<\/strong> utilise l&#039;\u00e9nergie \u00e9lectromagn\u00e9tique focalis\u00e9e de haute intensit\u00e9 (HIFEM) pour cibler et traiter les probl\u00e8mes musculaires du plancher pelvien. Cet appareil avanc\u00e9 est con\u00e7u pour am\u00e9liorer la relaxation vaginale, l&#039;incontinence urinaire, la relaxation des muscles du plancher pelvien et le prolapsus ut\u00e9rin en d\u00e9livrant des impulsions \u00e9lectromagn\u00e9tiques qui stimulent les motoneurones et favorisent les contractions musculaires.<\/p>\n<h3><img loading=\"lazy\" decoding=\"async\" class=\"aligncenter\" title=\"La Magie Pr\u00e9sident\" src=\"https:\/\/sc04.alicdn.com\/kf\/Ha8b3b003a9244bd682c7b1d6b90a3011Q\/247315878\/Ha8b3b003a9244bd682c7b1d6b90a3011Q.png\" alt=\"La Magie Pr\u00e9sident\" width=\"502\" height=\"799\" data-src=\"\/\/sc04.alicdn.com\/kf\/Ha8b3b003a9244bd682c7b1d6b90a3011Q\/247315878\/Ha8b3b003a9244bd682c7b1d6b90a3011Q.png\" \/><\/h3>\n<h3>Caract\u00e9ristiques<\/h3>\n<ul>\n<li><strong>Nom du produit<\/strong>:Chaise magique<\/li>\n<li><strong>Intensit\u00e9 de sortie<\/strong>: 0-7 Tesla<\/li>\n<li><strong>Alimentation \u00e9lectronique<\/strong>:\u00c9nergie \u00e9lectromagn\u00e9tique focalis\u00e9e de haute intensit\u00e9<\/li>\n<li><strong>Taille<\/strong>: 76<em>70<\/em>65,5 cm<\/li>\n<li><strong>Poids<\/strong>: 45kg<\/li>\n<\/ul>\n<h3>Principe de fonctionnement<\/h3>\n<p>La machine de sant\u00e9 Magic Chair utilise des impulsions \u00e9lectromagn\u00e9tiques pour stimuler les motoneurones contr\u00f4lant les muscles du plancher pelvien. Cela entra\u00eene une hypercontraction des muscles du plancher pelvien, ce qui \u00e9quivaut \u00e0 12 000 contractions des muscles du plancher pelvien en une seule s\u00e9ance. Le traitement active les tissus du plancher pelvien, favorise la r\u00e9g\u00e9n\u00e9ration du collag\u00e8ne, restaure la fermet\u00e9, am\u00e9liore l&#039;\u00e9lasticit\u00e9 et r\u00e9pare compl\u00e8tement les muscles rel\u00e2ch\u00e9s, traitant ainsi efficacement les maladies du dysfonctionnement du plancher pelvien.<\/p>\n<table style=\"border-collapse: collapse; width: 100%;\">\n<tbody>\n<tr>\n<td style=\"width: 50%;\"><img loading=\"lazy\" decoding=\"async\" class=\"aligncenter\" title=\"La Magie Pr\u00e9sident\" src=\"https:\/\/sc04.alicdn.com\/kf\/Hbc49ecb951644d28935a0fbff6b0f702T\/247315878\/Hbc49ecb951644d28935a0fbff6b0f702T.png\" alt=\"La Magie Pr\u00e9sident\" width=\"750\" height=\"516\" data-src=\"\/\/sc04.alicdn.com\/kf\/Hbc49ecb951644d28935a0fbff6b0f702T\/247315878\/Hbc49ecb951644d28935a0fbff6b0f702T.png\" \/><\/td>\n<td style=\"width: 50%;\"><img loading=\"lazy\" decoding=\"async\" class=\"aligncenter\" title=\"La Magie Pr\u00e9sident\" src=\"https:\/\/sc04.alicdn.com\/kf\/Hc3254d855d524eed9f2bbafc5118ee691\/247315878\/Hc3254d855d524eed9f2bbafc5118ee691.png\" alt=\"La Magie Pr\u00e9sident\" width=\"349\" height=\"273\" data-src=\"\/\/sc04.alicdn.com\/kf\/Hc3254d855d524eed9f2bbafc5118ee691\/247315878\/Hc3254d855d524eed9f2bbafc5118ee691.png\" \/><\/td>\n<\/tr>\n<\/tbody>\n<\/table>\n<h3>Fonctions<\/h3>\n<ol>\n<li><strong>Am\u00e9liorer la relaxation vaginale<\/strong>:Resserre et renforce les muscles vaginaux.<\/li>\n<li><strong>Am\u00e9liorer l&#039;incontinence urinaire<\/strong>:R\u00e9duit les sympt\u00f4mes de fuites urinaires.<\/li>\n<li><strong>Am\u00e9liorer la force musculaire du plancher pelvien<\/strong>:Renforce et tonifie les muscles du plancher pelvien.<\/li>\n<li><strong>Am\u00e9liorer le prolapsus ut\u00e9rin<\/strong>:Aide \u00e0 g\u00e9rer et \u00e0 am\u00e9liorer les sympt\u00f4mes du prolapsus ut\u00e9rin.<\/li>\n<\/ol>\n<h3>Avantages d\u00e9taill\u00e9s<\/h3>\n<ol>\n<li><strong>Stimulation \u00e9lectromagn\u00e9tique \u00e0 haute intensit\u00e9<\/strong>:Stimule les motoneurones pour induire des exercices d\u2019hypercontraction des muscles du plancher pelvien.<\/li>\n<li><strong>R\u00e9g\u00e9n\u00e9ration du collag\u00e8ne<\/strong>:Active les tissus musculaires du plancher pelvien et favorise la r\u00e9g\u00e9n\u00e9ration du collag\u00e8ne.<\/li>\n<li><strong>Am\u00e9lioration des muscles du plancher pelvien<\/strong>:Renforce efficacement les muscles du plancher pelvien.<\/li>\n<li><strong>Restauration de la fermet\u00e9 et de l&#039;\u00e9lasticit\u00e9<\/strong>:Restaure la fermet\u00e9 musculaire et am\u00e9liore l\u2019\u00e9lasticit\u00e9.<\/li>\n<li><strong>Renforcement du plancher pelvien<\/strong>:Renforce les muscles du plancher pelvien pour traiter l\u2019incontinence urinaire, la protrusion du bas-ventre et la relaxation.<\/li>\n<\/ol>\n<h3><strong>Personnaliser Le Logo<\/strong><\/h3>\n<p>Vous voulez faire de votre marque de se d\u00e9marquer? Nous vous proposons logo personnalis\u00e9 de services pour vous aider \u00e0 cr\u00e9er un unique et personnalis\u00e9e de logo, qui refl\u00e8te l&#039;identit\u00e9 de votre marque. Notre \u00e9quipe d&#039;experts travaillera en \u00e9troite collaboration avec vous pour concevoir un logo qui r\u00e9sonne avec les valeurs de votre marque et de messagerie. Si vous \u00eates \u00e0 la recherche de r\u00e9organiser votre logo existant ou en cr\u00e9er un nouveau \u00e0 partir de z\u00e9ro, nous vous avons avons couvert. <a href=\"\/fr\/contact\/\">Contactez-nous<\/a> aujourd&#039;hui pour en savoir plus sur notre logo personnalis\u00e9 de services!<\/p>\n<\/div>\n<div>\n<div>\n<div>\n<div>\n<div>\n<div><\/div>\n<\/div>\n<\/div>\n<\/div>\n<\/div>\n<\/div>\n<div><\/div>","protected":false},"excerpt":{"rendered":"<div>(1) Le champ \u00e9lectromagn\u00e9tique focalis\u00e9 de haute intensit\u00e9 stimule les motoneurones pour contr\u00f4ler les muscles du plancher pelvien afin d\u2019effectuer des exercices d\u2019hypercontraction.<\/div>\n<div>(2) Activation du tissu musculaire du plancher pelvien et promotion de la r\u00e9g\u00e9n\u00e9ration du collag\u00e8ne.<\/div>\n<div>(3) Am\u00e9liore efficacement les muscles du plancher pelvien.<\/div>\n<div>(4)Restaurer la fermet\u00e9 et l\u2019\u00e9lasticit\u00e9.<\/div>\n<div>(5)Renforcez les muscles du plancher pelvien.<\/div>\n<div>(6)R\u00e9soudre des probl\u00e8mes tels que l&#039;incontinence urinaire, la protrusion du bas-ventre et la relaxation.<\/div>","protected":false},"featured_media":2171,"comment_status":"open","ping_status":"closed","template":"","meta":{"_kad_post_transparent":"default","_kad_post_title":"","_kad_post_layout":"default","_kad_post_sidebar_id":"","_kad_post_content_style":"default","_kad_post_vertical_padding":"default","_kad_post_feature":"","_kad_post_feature_position":"","_kad_post_header":false,"_kad_post_footer":false,"_kad_post_classname":"","rank_math_title":"","rank_math_description":"","rank_math_focus_keyword":""},"product_brand":[],"product_cat":[183],"product_tag":[],"class_list":{"0":"post-2170","1":"product","2":"type-product","3":"status-publish","4":"has-post-thumbnail","6":"product_cat-magic-chair","7":"product_shipping_class-included-shipping","9":"first","10":"instock","11":"sale","12":"shipping-taxable","13":"purchasable","14":"product-type-simple","15":"entry","16":"content-bg","17":"loop-entry"},"_links":{"self":[{"href":"https:\/\/skbty.com\/fr\/wp-json\/wp\/v2\/product\/2170","targetHints":{"allow":["GET"]}}],"collection":[{"href":"https:\/\/skbty.com\/fr\/wp-json\/wp\/v2\/product"}],"about":[{"href":"https:\/\/skbty.com\/fr\/wp-json\/wp\/v2\/types\/product"}],"replies":[{"embeddable":true,"href":"https:\/\/skbty.com\/fr\/wp-json\/wp\/v2\/comments?post=2170"}],"wp:featuredmedia":[{"embeddable":true,"href":"https:\/\/skbty.com\/fr\/wp-json\/wp\/v2\/media\/2171"}],"wp:attachment":[{"href":"https:\/\/skbty.com\/fr\/wp-json\/wp\/v2\/media?parent=2170"}],"wp:term":[{"taxonomy":"product_brand","embeddable":true,"href":"https:\/\/skbty.com\/fr\/wp-json\/wp\/v2\/product_brand?post=2170"},{"taxonomy":"product_cat","embeddable":true,"href":"https:\/\/skbty.com\/fr\/wp-json\/wp\/v2\/product_cat?post=2170"},{"taxonomy":"product_tag","embeddable":true,"href":"https:\/\/skbty.com\/fr\/wp-json\/wp\/v2\/product_tag?post=2170"}],"curies":[{"name":"Wp wp","href":"https:\/\/api.w.org\/{rel}","templated":true}]}}