{"id":2177,"date":"2023-06-21T18:34:10","date_gmt":"2023-06-21T10:34:10","guid":{"rendered":"https:\/\/skbty.com\/?post_type=product&#038;p=2177"},"modified":"2024-08-30T19:11:33","modified_gmt":"2024-08-30T11:11:33","slug":"tete-de-micro-aiguille-rf","status":"publish","type":"product","link":"https:\/\/skbty.com\/fr\/produit\/tete-de-micro-aiguille-rf\/","title":{"rendered":"10\/25\/64 broches\/embouts nano pour cartouches RF \u00e0 micro-aiguilles"},"content":{"rendered":"<div>\n<h3>Qu&#039;est-ce que 10\/25\/64Pins\/Nano Tips<strong>?<\/strong><\/h3>\n<p class=\"p1\">Les embouts 10\/25\/64 broches\/nano sont des accessoires sp\u00e9cialis\u00e9s con\u00e7us pour \u00eatre utilis\u00e9s avec les machines \u00e0 cartouches RF \u00e0 micro-aiguilles. Ces embouts varient en fonction du nombre de micro-aiguilles, ce qui permet des traitements personnalis\u00e9s en fonction des besoins sp\u00e9cifiques de la peau.<\/p>\n<p><img loading=\"lazy\" decoding=\"async\" class=\"aligncenter  wp-image-3014\" src=\"https:\/\/skbty.com\/wp-content\/uploads\/2023\/06\/tips-for-microneedle-machine-1024x975.avif\" alt=\"conseils pour la machine \u00e0 micro-aiguilles\" width=\"488\" height=\"465\" data-wp-pid=\"3014\" srcset=\"https:\/\/skbty.com\/wp-content\/uploads\/2023\/06\/tips-for-microneedle-machine-1024x975.avif 1024w, https:\/\/skbty.com\/wp-content\/uploads\/2023\/06\/tips-for-microneedle-machine-300x286.avif 300w, https:\/\/skbty.com\/wp-content\/uploads\/2023\/06\/tips-for-microneedle-machine-768x732.avif 768w, https:\/\/skbty.com\/wp-content\/uploads\/2023\/06\/tips-for-microneedle-machine-1536x1463.avif 1536w, https:\/\/skbty.com\/wp-content\/uploads\/2023\/06\/tips-for-microneedle-machine-600x571.avif 600w, https:\/\/skbty.com\/wp-content\/uploads\/2023\/06\/tips-for-microneedle-machine.avif 2020w\" sizes=\"auto, (max-width: 488px) 100vw, 488px\" \/><\/p>\n<ul>\n<li class=\"p3\"><b>10 broches :<\/b> Id\u00e9al pour les traitements cibl\u00e9s sur de petites zones, offrant un micro-aiguilletage pr\u00e9cis pour les zones d\u00e9licates ou difficiles \u00e0 atteindre.<\/li>\n<li class=\"p3\"><b>25 broches\u00a0:<\/b> Convient aux zones de taille moyenne, offrant un \u00e9quilibre entre couverture et pr\u00e9cision, couramment utilis\u00e9 pour les soins g\u00e9n\u00e9raux du visage.<\/li>\n<li class=\"p3\"><b>64 broches\u00a0:<\/b> Con\u00e7ues pour les zones plus larges, ces pointes offrent une couverture \u00e9tendue, ce qui les rend parfaites pour traiter des r\u00e9gions plus larges comme les joues ou le front.<\/li>\n<li class=\"p3\"><b>Conseils Nano :<\/b> Contrairement aux autres micro-aiguilles, les pointes nano ne p\u00e9n\u00e8trent pas aussi profond\u00e9ment et sont utilis\u00e9es pour des traitements superficiels. Elles sont excellentes pour am\u00e9liorer l&#039;absorption des s\u00e9rums et autres produits de soin de la peau, et pour les traitements visant \u00e0 am\u00e9liorer la texture et le teint de la peau.<\/li>\n<\/ul>\n<p class=\"p1\">Ces pointes de micro-aiguilles fonctionnent en cr\u00e9ant des micro-blessures contr\u00f4l\u00e9es dans la peau, en stimulant la production de collag\u00e8ne et en am\u00e9liorant l&#039;efficacit\u00e9 de l&#039;\u00e9nergie RF (radiofr\u00e9quence). Les diff\u00e9rentes configurations de broches permettent des traitements polyvalents, de la r\u00e9duction des ridules \u00e0 la r\u00e9vision des cicatrices profondes, le tout adapt\u00e9 au type de peau et aux pr\u00e9occupations du patient.<\/p>\n<p>L&#039; <a href=\"\/fr\/produit\/machine-rf-fractionnee-a-micro-aiguilles-dorees\/\"><strong>Machine \u00e0 cartouches RF \u00e0 micro-aiguilles<\/strong><\/a> est un appareil de traitement cutan\u00e9 avanc\u00e9 qui combine la technologie du microneedling et de la radiofr\u00e9quence (RF) pour am\u00e9liorer la texture, l&#039;\u00e9lasticit\u00e9 et l&#039;apparence de la peau. Cette machine est \u00e9quip\u00e9e de plusieurs embouts interchangeables, offrant une solution polyvalente pour diff\u00e9rents probl\u00e8mes de peau, des rides profondes aux cicatrices d&#039;acn\u00e9.<\/p>\n<table style=\"border-collapse: collapse; width: 100%;\">\n<tbody>\n<tr>\n<td style=\"width: 32.3816%;\"><a href=\"\/fr\/produit\/machine-rf-fractionnee-a-micro-aiguilles-dorees\/\"><img loading=\"lazy\" decoding=\"async\" class=\"aligncenter\" title=\"Cartouches RF \u00e0 micro-aiguilles\" src=\"https:\/\/sc04.alicdn.com\/kf\/Hc1379564e08b4b2aa5beb76fe4da2babD\/247315878\/Hc1379564e08b4b2aa5beb76fe4da2babD.jpg\" alt=\"Cartouches RF \u00e0 micro-aiguilles\" width=\"750\" height=\"577\" data-src=\"\/\/sc04.alicdn.com\/kf\/Hc1379564e08b4b2aa5beb76fe4da2babD\/247315878\/Hc1379564e08b4b2aa5beb76fe4da2babD.jpg\" \/><\/a><\/td>\n<td style=\"width: 67.6184%;\">\n<h3><img loading=\"lazy\" decoding=\"async\" class=\"aligncenter\" title=\"Cartouches RF \u00e0 micro-aiguilles\" src=\"https:\/\/sc04.alicdn.com\/kf\/H126bca153a9c45aeb466d70a05e2a4d8B\/247315878\/H126bca153a9c45aeb466d70a05e2a4d8B.png\" alt=\"Cartouches RF \u00e0 micro-aiguilles\" width=\"377\" height=\"359\" data-src=\"\/\/sc04.alicdn.com\/kf\/H126bca153a9c45aeb466d70a05e2a4d8B\/247315878\/H126bca153a9c45aeb466d70a05e2a4d8B.png\" \/><\/h3>\n<\/td>\n<\/tr>\n<\/tbody>\n<\/table>\n<h3>Caract\u00e9ristiques<\/h3>\n<ul>\n<li><strong>Conseils<\/strong>: 10 broches\/25 broches\/64 broches\/Nano<\/li>\n<li><strong>Technologie<\/strong>:Micro-aiguille RF<\/li>\n<li><strong>Fr\u00e9quence<\/strong>: 2~4 MHz r\u00e9glable<\/li>\n<li><strong>Machines compatibles<\/strong>: <a href=\"\/fr\/produit\/machine-rf-fractionnee-a-micro-aiguilles-dorees\/\">Machine RF \u00e0 micro-aiguilles<\/a><\/li>\n<\/ul>\n<h3>Principe de fonctionnement<\/h3>\n<p>Le syst\u00e8me d&#039;aiguilles RF fractionn\u00e9es utilise une conception sp\u00e9ciale avec de nombreuses pointes d&#039;aiguille fractionn\u00e9es dispos\u00e9es en r\u00e9seau. Un moteur num\u00e9rique \u00e0 grande vitesse contr\u00f4le les aiguilles, p\u00e9n\u00e9trant l&#039;\u00e9piderme et le derme \u00e0 une profondeur de 0,25 \u00e0 3 mm. \u00c0 l&#039;extr\u00e9mit\u00e9 de l&#039;aiguille en treillis, l&#039;\u00e9nergie RF est lib\u00e9r\u00e9e, stimulant le collag\u00e8ne et les tissus \u00e9lastiques sans endommager la couche \u00e9pidermique. L&#039;\u00e9nergie RF p\u00e9n\u00e8tre profond\u00e9ment dans le derme, favorisant l&#039;hyperplasie des prot\u00e9ines de collag\u00e8ne, ce qui am\u00e9liore les cicatrices et resserre les rides de la peau \u00e0 long terme.<\/p>\n<h3>Caract\u00e9ristiques<\/h3>\n<ol>\n<li><strong>Am\u00e9liore les pores et les cicatrices<\/strong>:Cible les rides profondes, l\u2019acn\u00e9 et la pigmentation.<\/li>\n<li><strong>Am\u00e9liore l&#039;\u00e9lasticit\u00e9 du collag\u00e8ne<\/strong>: Am\u00e9liore la fermet\u00e9 et la douceur de la peau.<\/li>\n<li><strong>Lisse la peau<\/strong>:Resserre les pores et fournit une \u00e9nergie pr\u00e9cise avec un minimum de douleur.<\/li>\n<li><strong>Minimalement invasif<\/strong>:Garantit que l&#039;\u00e9nergie RF atteint efficacement la zone cible.<\/li>\n<li><strong>\u00c9limination des cicatrices<\/strong>:R\u00e9duit les cicatrices d&#039;acn\u00e9 et convient aux vergetures, \u00e0 la th\u00e9rapie anti-\u00e2ge, anti-rides, \u00e0 la restauration des cheveux et au traitement de la pigmentation.<\/li>\n<\/ol>\n<h3>Avantages<\/h3>\n<ol>\n<li><strong>Traitement assist\u00e9 par aspiration<\/strong>: Assure des proc\u00e9dures plus confortables.<\/li>\n<li><strong>Aiguilles non isol\u00e9es<\/strong>:Agit \u00e9galement sur les couches de l\u2019\u00e9piderme et du derme, am\u00e9liorant ainsi l\u2019efficacit\u00e9 du traitement.<\/li>\n<li><strong>Type de moteur pas \u00e0 pas<\/strong>:Insertion de l\u2019aiguille en douceur sans choc, minimisant les saignements et la douleur.<\/li>\n<li><strong>Aiguilles plaqu\u00e9es or<\/strong>:Durable avec une biocompatibilit\u00e9 \u00e9lev\u00e9e, adapt\u00e9 aux patients allergiques aux m\u00e9taux.<\/li>\n<li><strong>Contr\u00f4le pr\u00e9cis de la profondeur<\/strong>:Profondeur d&#039;aiguille r\u00e9glable de 0,5 mm \u00e0 5,0 mm par incr\u00e9ments de 0,1 mm.<\/li>\n<li><strong>Syst\u00e8me d&#039;aiguille de s\u00e9curit\u00e9<\/strong>:\n<ul>\n<li>Embouts d&#039;aiguilles jetables st\u00e9rilis\u00e9s.<\/li>\n<li>Visualisation facile de l&#039;application de l&#039;\u00e9nergie RF gr\u00e2ce \u00e0 un indicateur lumineux rouge.<\/li>\n<\/ul>\n<\/li>\n<li><strong>\u00c9paisseur d&#039;aiguille \u00e9labor\u00e9e<\/strong>:Minimum 0 mm, maximum 0,3 mm, garantissant la pr\u00e9cision.<\/li>\n<\/ol>\n<\/div>\n<div>\n<div>\n<div><\/div>\n<\/div>\n<\/div>\n<div>\n<h3><strong>Personnaliser Le Logo<\/strong><\/h3>\n<p>Vous voulez faire de votre marque de se d\u00e9marquer? Nous vous proposons logo personnalis\u00e9 de services pour vous aider \u00e0 cr\u00e9er un unique et personnalis\u00e9e de logo, qui refl\u00e8te l&#039;identit\u00e9 de votre marque. Notre \u00e9quipe d&#039;experts travaillera en \u00e9troite collaboration avec vous pour concevoir un logo qui r\u00e9sonne avec les valeurs de votre marque et de messagerie. Si vous \u00eates \u00e0 la recherche de r\u00e9organiser votre logo existant ou en cr\u00e9er un nouveau \u00e0 partir de z\u00e9ro, nous vous avons avons couvert. <a href=\"\/fr\/contact\/\">Contactez-nous<\/a> aujourd&#039;hui pour en savoir plus sur notre logo personnalis\u00e9 de services!<\/p>\n<\/div>\n<div>\n<div><\/div>\n<div><\/div>\n<\/div>\n<div><\/div>\n<div id=\"haloword-lookup\" class=\"ui-widget-content ui-draggable\" style=\"position: relative;\">\n<div id=\"haloword-content\"><\/div>\n<\/div>","protected":false},"excerpt":{"rendered":"<p>Syst\u00e8me d&#039;aiguilles RF fractionn\u00e9es gr\u00e2ce \u00e0 la conception sp\u00e9ciale de nombreux r\u00e9seaux de points d&#039;aiguilles fractionn\u00e9es, le moteur num\u00e9rique \u00e0 grande vitesse contr\u00f4le l&#039;ordre \u00e0 travers l&#039;\u00e9piderme et le derme avec pr\u00e9cision pour contr\u00f4ler la profondeur de 0,25 \u00e0 3 mm, \u00e0 nouveau \u00e0 l&#039;extr\u00e9mit\u00e9 de l&#039;aiguille en treillis lib\u00e8re RF, stimule le collag\u00e8ne et le tissu \u00e9lastique, et la couche \u00e9pidermique est s\u00fbre, l&#039;\u00e9nergie RF peut bien p\u00e9n\u00e9trer dans le derme, stimuler l&#039;hyperplasie des prot\u00e9ines de collag\u00e8ne, non seulement c&#039;est le meilleur moyen d&#039;am\u00e9liorer les cicatrices, mais aussi le resserrement \u00e0 long terme des rides de la peau induit la bonne m\u00e9thode.<\/p>\n<div id=\"haloword-lookup\" class=\"ui-widget-content ui-draggable\" style=\"position: relative;\">\n<div id=\"haloword-title\">\n<p><span id=\"haloword-word\"><\/span><a id=\"haloword-pron\" class=\"haloword-button\" title=\"\u53d1\u97f3\"><\/a><audio id=\"haloword-audio\"><\/audio><\/p>\n<div id=\"haloword-control-container\"><\/div>\n<\/div>\n<div id=\"haloword-content\"><\/div>\n<\/div>","protected":false},"featured_media":2178,"comment_status":"open","ping_status":"closed","template":"","meta":{"_kad_post_transparent":"default","_kad_post_title":"","_kad_post_layout":"default","_kad_post_sidebar_id":"","_kad_post_content_style":"default","_kad_post_vertical_padding":"default","_kad_post_feature":"","_kad_post_feature_position":"","_kad_post_header":false,"_kad_post_footer":false,"_kad_post_classname":"","rank_math_title":"","rank_math_description":"","rank_math_focus_keyword":""},"product_brand":[],"product_cat":[49],"product_tag":[],"class_list":{"0":"post-2177","1":"product","2":"type-product","3":"status-publish","4":"has-post-thumbnail","6":"product_cat-parts_facial_care","7":"product_shipping_class-included-shipping","9":"first","10":"instock","11":"shipping-taxable","12":"purchasable","13":"product-type-variable","14":"has-default-attributes","15":"entry","16":"content-bg","17":"loop-entry"},"_links":{"self":[{"href":"https:\/\/skbty.com\/fr\/wp-json\/wp\/v2\/product\/2177","targetHints":{"allow":["GET"]}}],"collection":[{"href":"https:\/\/skbty.com\/fr\/wp-json\/wp\/v2\/product"}],"about":[{"href":"https:\/\/skbty.com\/fr\/wp-json\/wp\/v2\/types\/product"}],"replies":[{"embeddable":true,"href":"https:\/\/skbty.com\/fr\/wp-json\/wp\/v2\/comments?post=2177"}],"wp:featuredmedia":[{"embeddable":true,"href":"https:\/\/skbty.com\/fr\/wp-json\/wp\/v2\/media\/2178"}],"wp:attachment":[{"href":"https:\/\/skbty.com\/fr\/wp-json\/wp\/v2\/media?parent=2177"}],"wp:term":[{"taxonomy":"product_brand","embeddable":true,"href":"https:\/\/skbty.com\/fr\/wp-json\/wp\/v2\/product_brand?post=2177"},{"taxonomy":"product_cat","embeddable":true,"href":"https:\/\/skbty.com\/fr\/wp-json\/wp\/v2\/product_cat?post=2177"},{"taxonomy":"product_tag","embeddable":true,"href":"https:\/\/skbty.com\/fr\/wp-json\/wp\/v2\/product_tag?post=2177"}],"curies":[{"name":"Wp wp","href":"https:\/\/api.w.org\/{rel}","templated":true}]}}