{"id":2241,"date":"2024-01-02T17:22:34","date_gmt":"2024-01-02T09:22:34","guid":{"rendered":"https:\/\/skbty.com\/?post_type=product&#038;p=2241"},"modified":"2024-06-21T13:57:15","modified_gmt":"2024-06-21T05:57:15","slug":"appareil-de-therapie-par-ondes-de-choc-4","status":"publish","type":"product","link":"https:\/\/skbty.com\/fr\/produit\/appareil-de-therapie-par-ondes-de-choc-4\/","title":{"rendered":"Appareil de th\u00e9rapie par ondes de choc"},"content":{"rendered":"<div class=\"J_module\">\n<div class=\"detail-decorate-json-renderer-container\">\n<div class=\"magic-2\">\n<h3 class=\"magic-3\"><span class=\"magic-5\">Appareil de th\u00e9rapie par ondes de choc<\/span><\/h3>\n<div class=\"magic-7\">\n<div class=\"magic-8\">\n<div class=\"magic-9\"><span class=\"magic-10\"><span class=\"magic-4\">La machine de th\u00e9rapie par ondes de choc utilise le principe balistique de g\u00e9n\u00e9ration d&#039;ondes de choc : utiliser de l&#039;air comprim\u00e9 acc\u00e9l\u00e9r\u00e9 pour cr\u00e9er une onde de pression \u00e0 travers une machine \u00e0 ondes de choc. L&#039;air comprim\u00e9 est produit par un compresseur de pression balistique \u00e0 commande \u00e9lectronique. \u00c0 l&#039;aide d&#039;un choc \u00e9lastique, l&#039;\u00e9nergie cin\u00e9tique de la machine \u00e0 ondes de choc est transmise \u00e0 la sonde de l&#039;appareil de traitement, puis p\u00e9n\u00e8tre dans le corps du client. Par cons\u00e9quent, la pointe de l&#039;applicateur final doit \u00eatre en contact direct avec la peau et le tissu sous-cutan\u00e9 pendant le traitement. Les ondes de choc ciblent les zones affect\u00e9es \u00e0 l&#039;origine de la douleur chronique. L&#039;impact de l&#039;onde de choc provoque la dissolution des d\u00e9p\u00f4ts de calcium et conduit \u00e0 une meilleure vascularisation. L&#039;effet secondaire est le soulagement de la douleur.<\/span><\/span><\/div>\n<div><\/div>\n<\/div>\n<\/div>\n<\/div>\n<\/div>\n<\/div>\n<div class=\"J_module\">\n<div class=\"ife-detail-decorate-table\">\n<table style=\"border-color: #f3f3f3;\" border=\"1\" cellspacing=\"0\" cellpadding=\"0\">\n<tbody>\n<tr>\n<td colspan=\"1\" rowspan=\"1\">\n<div>Nom<\/div>\n<\/td>\n<td colspan=\"1\" rowspan=\"1\">\n<div class=\"magic-14\">Appareil de th\u00e9rapie par ondes de choc<\/div>\n<\/td>\n<\/tr>\n<tr>\n<td colspan=\"1\" rowspan=\"1\">\n<div class=\"magic-12\">Sp\u00e9cification<\/div>\n<\/td>\n<td colspan=\"1\" rowspan=\"1\">\n<div class=\"magic-14\">Aluminium + carton 41*51*45cm 35KG<\/div>\n<\/td>\n<\/tr>\n<tr>\n<td colspan=\"1\" rowspan=\"1\">\n<div class=\"magic-12\">Service OEM<\/div>\n<\/td>\n<td colspan=\"1\" rowspan=\"1\">\n<div class=\"magic-14\">Soutien<\/div>\n<\/td>\n<\/tr>\n<tr>\n<td colspan=\"1\" rowspan=\"1\">\n<div class=\"magic-12\">T\u00eate de choc<\/div>\n<\/td>\n<td colspan=\"1\" rowspan=\"1\">\n<div class=\"magic-14\">3 t\u00eates d&#039;amortisseurs de tailles diff\u00e9rentes<\/div>\n<\/td>\n<\/tr>\n<tr>\n<td colspan=\"1\" rowspan=\"1\">\n<div class=\"magic-12\">\u00c9cran tactile<\/div>\n<\/td>\n<td colspan=\"1\" rowspan=\"1\">\n<div class=\"magic-14\">\u00c9cran tactile de 8 pouces<\/div>\n<\/td>\n<\/tr>\n<tr>\n<td colspan=\"1\" rowspan=\"1\">\n<div class=\"magic-15\">Fr\u00e9quence<\/div>\n<\/td>\n<td colspan=\"1\" rowspan=\"1\">\n<div class=\"magic-16\">1 \u2013 21 Hz<\/div>\n<\/td>\n<\/tr>\n<tr>\n<td colspan=\"1\" rowspan=\"1\">\n<div class=\"magic-15\">\u00c9nergie<\/div>\n<\/td>\n<td colspan=\"1\" rowspan=\"1\">\n<div class=\"magic-16\">1 \u2013 8 bar<\/div>\n<\/td>\n<\/tr>\n<\/tbody>\n<\/table>\n<\/div>\n<\/div>\n<div class=\"J_module\">\n<div class=\"detail-decorate-json-renderer-container\">\n<div class=\"magic-2\">\n<h3 class=\"magic-3\"><span class=\"magic-5\">Principe de fonctionnement<\/span><\/h3>\n<div class=\"magic-7\">\n<div class=\"magic-8\">\n<div class=\"magic-9\"><span class=\"magic-10\">Adoptant les caract\u00e9ristiques de la th\u00e9rapie par ondes de choc SW8, la fr\u00e9quence est de 1 \u00e0 16 Hz, qui peut atteindre 8 cm sous la peau, agit sur le p\u00e9rioste pour g\u00e9n\u00e9rer de la chaleur et la temp\u00e9rature instantan\u00e9e atteint 43\u00b0C, tout en am\u00e9liorant la circulation sanguine.<\/span><\/div>\n<\/div>\n<\/div>\n<\/div>\n<\/div>\n<\/div>\n<div class=\"J_module\">\n<div class=\"icbu-pc-images magic-17\">\n<div>\n<div class=\"flex-layout-v\">\n<div class=\"flex-layout-h magic-17\">\n<div class=\"magic-18\"><img loading=\"lazy\" decoding=\"async\" class=\"magic-19 aligncenter\" title=\"Appareil de th\u00e9rapie par ondes de choc\" src=\"https:\/\/sc04.alicdn.com\/kf\/H04b14e8d47684697b913958bea850604p\/247315878\/H04b14e8d47684697b913958bea850604p.png\" alt=\"Appareil de th\u00e9rapie par ondes de choc\" width=\"609\" height=\"406\" data-src=\"\/\/sc04.alicdn.com\/kf\/H04b14e8d47684697b913958bea850604p\/247315878\/H04b14e8d47684697b913958bea850604p.png\" \/><\/div>\n<\/div>\n<\/div>\n<\/div>\n<\/div>\n<\/div>\n<div class=\"J_module\">\n<div class=\"detail-decorate-json-renderer-container\">\n<div class=\"magic-2\">\n<h3 class=\"magic-3\"><span class=\"magic-5\">Fonctions<\/span><\/h3>\n<div class=\"magic-7\">\n<div class=\"magic-8\">\n<div class=\"magic-9\"><span class=\"magic-10\">1. Points de d\u00e9clenchement de la douleur Douleurs aigu\u00ebs et chroniques dans le dos, les \u00e9paules, le cou, etc. dues au raccourcissement et \u00e0 l&#039;\u00e9paississement permanents des muscles <\/span><\/div>\n<div class=\"magic-9\"><span class=\"magic-10\">2. Syndrome de la marge tibiale Inflammation du bord tibial due \u00e0 une surutilisation <\/span><\/div>\n<div class=\"magic-9\"><span class=\"magic-10\">3. Bursite trochant\u00e9rienne P\u00e9riostite douloureuse de la hanche <\/span><\/div>\n<div class=\"magic-9\"><span class=\"magic-10\">4. Douleur Irritation du tendon d&#039;Achille <\/span><\/div>\n<div class=\"magic-9\"><span class=\"magic-10\">5. Douleur au talon Douleur au talon, principalement une inflammation chronique <\/span><\/div>\n<div class=\"magic-9\"><span class=\"magic-10\">6. Coude du golfeur Inflammation douloureuse de l&#039;attache du tendon sur le coude m\u00e9dial <\/span><\/div>\n<div class=\"magic-9\"><span class=\"magic-10\">7. Syndrome de la pointe de la rotule Inflammation du bord tibial due \u00e0 une surutilisation<\/span><\/div>\n<\/div>\n<\/div>\n<\/div>\n<\/div>\n<\/div>\n<div class=\"J_module\">\n<div class=\"icbu-pc-images magic-17\">\n<div>\n<div class=\"flex-layout-v\">\n<div class=\"flex-layout-h magic-17\">\n<div class=\"magic-20\"><img loading=\"lazy\" decoding=\"async\" class=\"magic-21 aligncenter\" title=\"Appareil de th\u00e9rapie par ondes de choc\" src=\"https:\/\/sc04.alicdn.com\/kf\/Ha8b3efa5a1044a29b216b7e0e004d82bX\/247315878\/Ha8b3efa5a1044a29b216b7e0e004d82bX.png\" alt=\"Appareil de th\u00e9rapie par ondes de choc\" width=\"609\" height=\"761\" data-src=\"\/\/sc04.alicdn.com\/kf\/Ha8b3efa5a1044a29b216b7e0e004d82bX\/247315878\/Ha8b3efa5a1044a29b216b7e0e004d82bX.png\" \/><\/div>\n<\/div>\n<\/div>\n<\/div>\n<\/div>\n<\/div>\n<div class=\"J_module\">\n<div class=\"detail-decorate-json-renderer-container\">\n<div class=\"magic-2\">\n<h3 class=\"magic-3\"><span class=\"magic-5\">Effets<\/span><\/h3>\n<div class=\"magic-7\">\n<div class=\"magic-8\">\n<div class=\"magic-9\"><span class=\"magic-10\">Imaginez le rouge comme une zone d&#039;\u00e9nergie qui fait des d\u00e9g\u00e2ts. Cette zone s&#039;\u00e9tend du bas de l&#039;amortisseur jusqu&#039;en haut, formant un pilier qui d\u00e9truit tout sur son passage. L&#039;onde de choc extracorporelle SW8 autour de ce poteau est la zone de moindre \u00e9nergie, repr\u00e9sent\u00e9e en vert, dos\u00e9e pour produire une gu\u00e9rison. Il existe \u00e9galement une zone (repr\u00e9sent\u00e9e en bleu) qui a beaucoup moins d&#039;\u00e9nergie et qui est capable de r\u00e9duire la douleur. Il existe \u00e9galement une zone o\u00f9 la force de l&#039;onde diminue au-dessus de la zone endommag\u00e9e (l&#039;\u00e9nergie ne peut pas durer \u00e9ternellement), ce qui cr\u00e9e \u00e0 son tour un effet de gu\u00e9rison ou de soulagement de la douleur. Ce qu&#039;il faut retenir, c&#039;est que les effets se produisent \u00e0 partir de niveaux d&#039;\u00e9nergie \u00e9lev\u00e9s vers des niveaux d&#039;\u00e9nergie faibles, c&#039;est-\u00e0-dire des niveaux d&#039;\u00e9nergie \u00e9lev\u00e9s = dommages + gu\u00e9rison + soulagement de la douleur.<\/span><\/div>\n<\/div>\n<\/div>\n<\/div>\n<\/div>\n<\/div>\n<div class=\"J_module\">\n<div class=\"icbu-pc-images magic-17\">\n<div>\n<div class=\"flex-layout-v\">\n<div class=\"flex-layout-h magic-17\">\n<div class=\"magic-18\"><img loading=\"lazy\" decoding=\"async\" class=\"magic-19 aligncenter\" title=\"Appareil de th\u00e9rapie par ondes de choc\" src=\"https:\/\/sc04.alicdn.com\/kf\/H587839aef88941b8b1a207390d3907cde\/247315878\/H587839aef88941b8b1a207390d3907cde.png\" alt=\"Appareil de th\u00e9rapie par ondes de choc\" width=\"578\" height=\"385\" data-src=\"\/\/sc04.alicdn.com\/kf\/H587839aef88941b8b1a207390d3907cde\/247315878\/H587839aef88941b8b1a207390d3907cde.png\" \/><\/div>\n<\/div>\n<\/div>\n<\/div>\n<\/div>\n<\/div>\n<div class=\"J_module\">\n<div class=\"detail-decorate-json-renderer-container\">\n<div class=\"magic-2\">\n<h3 class=\"magic-3\"><span class=\"magic-5\">Applications<\/span><\/h3>\n<div class=\"magic-7\">\n<div class=\"magic-8\">\n<div class=\"magic-9\"><span class=\"magic-10\">(1) Cellules : Augmenter la perm\u00e9abilit\u00e9 de la membrane cellulaire en am\u00e9liorant l\u2019activit\u00e9 des canaux ioniques, en stimulant la division cellulaire et en stimulant la production de cytokines. <\/span><\/div>\n<div class=\"magic-9\"><span class=\"magic-10\">(2) Angiogen\u00e8se dans les zones tendineuses et musculaires : am\u00e9liore la circulation sanguine, augmente la concentration du facteur de croissance \u03b21, a des effets chimiotactiques et mitog\u00e9niques sur les ost\u00e9oblastes. <\/span><\/div>\n<div class=\"magic-9\"><span class=\"magic-10\">(3) Effets sur le syst\u00e8me NOx : cicatrisation et remodelage osseux. <\/span><\/div>\n<div class=\"magic-9\"><span class=\"magic-10\">(4) Am\u00e9liorer la microcirculation et le m\u00e9tabolisme. <\/span><\/div>\n<div class=\"magic-9\"><span class=\"magic-10\">(5) Lyse des fibroblastes calcifi\u00e9s <\/span><\/div>\n<div class=\"magic-9\"><span class=\"magic-10\">(6) Soutient la production de collag\u00e8ne. <\/span><\/div>\n<div class=\"magic-9\"><span class=\"magic-10\">(7) R\u00e9duire la tension des tissus. <\/span><\/div>\n<div class=\"magic-9\"><span class=\"magic-10\">(8) Effet analg\u00e9sique. <\/span><\/div>\n<div class=\"magic-9\"><span class=\"magic-10\">(9) \u00c9D. <\/span><\/div>\n<div class=\"magic-9\"><span class=\"magic-10\">(10) R\u00e9duisez les graisses.<\/span><\/div>\n<\/div>\n<\/div>\n<\/div>\n<\/div>\n<\/div>\n<div class=\"J_module\">\n<div class=\"icbu-pc-images magic-17\">\n<div>\n<div class=\"flex-layout-v\">\n<div class=\"flex-layout-h magic-17\">\n<div class=\"magic-18\"><img loading=\"lazy\" decoding=\"async\" class=\"magic-19 aligncenter\" title=\"Appareil de th\u00e9rapie par ondes de choc\" src=\"https:\/\/sc04.alicdn.com\/kf\/Hbdd396ca82864c0083290756f2229ef64\/247315878\/Hbdd396ca82864c0083290756f2229ef64.png\" alt=\"Appareil de th\u00e9rapie par ondes de choc\" width=\"573\" height=\"382\" data-src=\"\/\/sc04.alicdn.com\/kf\/Hbdd396ca82864c0083290756f2229ef64\/247315878\/Hbdd396ca82864c0083290756f2229ef64.png\" \/><\/div>\n<\/div>\n<\/div>\n<\/div>\n<\/div>\n<\/div>\n<div class=\"J_module\">\n<div class=\"detail-decorate-json-renderer-container\">\n<div class=\"magic-2\">\n<h3 class=\"magic-3\"><span class=\"magic-5\">Avantages<\/span><\/h3>\n<div class=\"magic-7\">\n<div class=\"magic-8\">\n<div class=\"magic-9\"><span class=\"magic-10\">1. Soulagement efficace et rapide de la douleur <\/span><\/div>\n<div class=\"magic-9\"><span class=\"magic-10\">2. Non invasif, sans anesth\u00e9sie, pratique et rapide. <\/span><\/div>\n<div class=\"magic-9\"><span class=\"magic-10\">3. Chaque t\u00e9t\u00e9e ne prend que 20 minutes, soit 5 \u00e0 10 t\u00e9t\u00e9es par s\u00e9ance. <\/span><\/div>\n<div class=\"magic-9\"><span class=\"magic-10\">4. Largement applicable \u00e0 diff\u00e9rents traitements des tissus mous. Niveau mod\u00e9r\u00e9 = gu\u00e9rison + soulagement de la douleur.<\/span><\/div>\n<div>\n<h3><strong>Personnaliser Le Logo<\/strong><\/h3>\n<p>Vous voulez faire de votre marque de se d\u00e9marquer? Nous vous proposons logo personnalis\u00e9 de services pour vous aider \u00e0 cr\u00e9er un unique et personnalis\u00e9e de logo, qui refl\u00e8te l&#039;identit\u00e9 de votre marque. Notre \u00e9quipe d&#039;experts travaillera en \u00e9troite collaboration avec vous pour concevoir un logo qui r\u00e9sonne avec les valeurs de votre marque et de messagerie. Si vous \u00eates \u00e0 la recherche de r\u00e9organiser votre logo existant ou en cr\u00e9er un nouveau \u00e0 partir de z\u00e9ro, nous vous avons avons couvert. <a href=\"\/fr\/contact\/\">Contactez-nous<\/a> aujourd&#039;hui pour en savoir plus sur notre logo personnalis\u00e9 de services!<\/p>\n<\/div>\n<\/div>\n<\/div>\n<\/div>\n<\/div>\n<\/div>","protected":false},"excerpt":{"rendered":"<p><span class=\"magic-10\"><span class=\"magic-4\">Les syst\u00e8mes \u00e0 ondes de choc utilisent le principe balistique de g\u00e9n\u00e9ration d&#039;ondes de choc : l&#039;air comprim\u00e9 acc\u00e9l\u00e9r\u00e9 cr\u00e9e une onde de pression \u00e0 travers une machine \u00e0 ondes de choc. L&#039;air comprim\u00e9 est produit par un compresseur de pression balistique \u00e0 commande \u00e9lectronique. Gr\u00e2ce au choc \u00e9lastique, l&#039;\u00e9nergie cin\u00e9tique de la machine \u00e0 ondes de choc est transmise \u00e0 la sonde de l&#039;appareil de traitement, puis p\u00e9n\u00e8tre dans le corps du client. Par cons\u00e9quent, la pointe de l&#039;applicateur final doit \u00eatre en contact direct avec la peau et le tissu sous-cutan\u00e9 pendant le traitement. Les ondes de choc ciblent les zones affect\u00e9es \u00e0 l&#039;origine de la douleur chronique. L&#039;impact de l&#039;onde de choc provoque la dissolution des d\u00e9p\u00f4ts de calcium et conduit \u00e0 une meilleure vascularisation. L&#039;effet secondaire est le soulagement de la douleur.<\/span><\/span><\/p>","protected":false},"featured_media":2242,"comment_status":"open","ping_status":"closed","template":"","meta":{"_kad_post_transparent":"default","_kad_post_title":"","_kad_post_layout":"default","_kad_post_sidebar_id":"","_kad_post_content_style":"default","_kad_post_vertical_padding":"default","_kad_post_feature":"","_kad_post_feature_position":"","_kad_post_header":false,"_kad_post_footer":false,"_kad_post_classname":"","rank_math_title":"","rank_math_description":"","rank_math_focus_keyword":""},"product_brand":[],"product_cat":[65],"product_tag":[],"class_list":{"0":"post-2241","1":"product","2":"type-product","3":"status-publish","4":"has-post-thumbnail","6":"product_cat-shock-wave","8":"first","9":"instock","10":"shipping-taxable","11":"product-type-simple","12":"entry","13":"content-bg","14":"loop-entry"},"_links":{"self":[{"href":"https:\/\/skbty.com\/fr\/wp-json\/wp\/v2\/product\/2241","targetHints":{"allow":["GET"]}}],"collection":[{"href":"https:\/\/skbty.com\/fr\/wp-json\/wp\/v2\/product"}],"about":[{"href":"https:\/\/skbty.com\/fr\/wp-json\/wp\/v2\/types\/product"}],"replies":[{"embeddable":true,"href":"https:\/\/skbty.com\/fr\/wp-json\/wp\/v2\/comments?post=2241"}],"wp:featuredmedia":[{"embeddable":true,"href":"https:\/\/skbty.com\/fr\/wp-json\/wp\/v2\/media\/2242"}],"wp:attachment":[{"href":"https:\/\/skbty.com\/fr\/wp-json\/wp\/v2\/media?parent=2241"}],"wp:term":[{"taxonomy":"product_brand","embeddable":true,"href":"https:\/\/skbty.com\/fr\/wp-json\/wp\/v2\/product_brand?post=2241"},{"taxonomy":"product_cat","embeddable":true,"href":"https:\/\/skbty.com\/fr\/wp-json\/wp\/v2\/product_cat?post=2241"},{"taxonomy":"product_tag","embeddable":true,"href":"https:\/\/skbty.com\/fr\/wp-json\/wp\/v2\/product_tag?post=2241"}],"curies":[{"name":"Wp wp","href":"https:\/\/api.w.org\/{rel}","templated":true}]}}