{"id":2247,"date":"2024-01-02T17:32:56","date_gmt":"2024-01-02T09:32:56","guid":{"rendered":"https:\/\/skbty.com\/?post_type=product&#038;p=2247"},"modified":"2024-06-21T13:47:23","modified_gmt":"2024-06-21T05:47:23","slug":"appareil-de-therapie-par-ondes-de-choc","status":"publish","type":"product","link":"https:\/\/skbty.com\/fr\/produit\/appareil-de-therapie-par-ondes-de-choc\/","title":{"rendered":"Appareil de th\u00e9rapie par ondes de choc"},"content":{"rendered":"<div class=\"J_module\">\n<div class=\"detail-decorate-json-renderer-container\">\n<div class=\"magic-2\">\n<h3 class=\"magic-3\" data-spm-anchor-id=\"a2700.details.0.i82.50633bb0FyaxiD\"><span class=\"magic-5\" data-spm-anchor-id=\"a2700.details.0.i76.50633bb0FyaxiD\">Appareil de th\u00e9rapie par ondes de choc<\/span><\/h3>\n<div class=\"magic-7\">\n<div class=\"magic-8\">\n<div class=\"magic-9\"><span class=\"magic-10\" style=\"font-family: Arial;\">La machine de th\u00e9rapie par ondes de choc est bas\u00e9e sur la technologie des ondes radiales \u00e0 faible \u00e9nergie non focalis\u00e9es, qui est un type d&#039;onde sonore qui transporte une \u00e9nergie \u00e9lev\u00e9e pour les points douloureux et les tissus fibreux ou musculo-squelettiques dans les maladies subaigu\u00ebs, subchroniques et chroniques.<br \/>\nCette \u00e9nergie favorise les processus de cicatrisation, de r\u00e9g\u00e9n\u00e9ration et de r\u00e9paration des tendons et des tissus mous. Il a \u00e9t\u00e9 scientifiquement prouv\u00e9 que les ondes radiales non focalis\u00e9es \u00e0 faible \u00e9nergie ont un grand impact sur la structure du collag\u00e8ne et du tissu conjonctif cutan\u00e9, am\u00e9liorant la circulation sanguine et le m\u00e9tabolisme des cellules adipeuses. Le massage m\u00e9canique r\u00e9duit les \u0153d\u00e8mes et am\u00e9liore le drainage lymphatique. Il stimule la formation de collag\u00e8ne tandis que la peau devient plus \u00e9lastique et son raffermissement est visible apr\u00e8s quelques traitements.<\/span><\/div>\n<\/div>\n<\/div>\n<\/div>\n<\/div>\n<\/div>\n<div class=\"J_module\">\n<div class=\"ife-detail-decorate-table\">\n<table style=\"border-color: #f3f3f3;\" border=\"1\" cellspacing=\"0\" cellpadding=\"0\">\n<tbody>\n<tr>\n<td colspan=\"1\" rowspan=\"1\">\n<div>Nom<\/div>\n<\/td>\n<td colspan=\"1\" rowspan=\"1\">\n<div class=\"magic-13\"><span class=\"magic-10\" style=\"font-family: Arial;\">Appareil de th\u00e9rapie par ondes de choc<\/span><\/div>\n<\/td>\n<\/tr>\n<tr>\n<td colspan=\"1\" rowspan=\"1\">\n<div class=\"magic-12\"><span class=\"magic-10\" style=\"font-family: Arial;\">Sp\u00e9cification<\/span><\/div>\n<\/td>\n<td colspan=\"1\" rowspan=\"1\">\n<div class=\"magic-13\"><span class=\"magic-10\" style=\"font-family: Arial;\">Bo\u00eete en aluminium + carton 51*41*46 cm, 15 kg<\/span><\/div>\n<\/td>\n<\/tr>\n<tr>\n<td colspan=\"1\" rowspan=\"1\">\n<div class=\"magic-12\"><span class=\"magic-10\" style=\"font-family: Arial;\">Service OEM<\/span><\/div>\n<\/td>\n<td colspan=\"1\" rowspan=\"1\">\n<div class=\"magic-13\"><span class=\"magic-10\" style=\"font-family: Arial;\">Soutien<\/span><\/div>\n<\/td>\n<\/tr>\n<tr>\n<td colspan=\"1\" rowspan=\"1\">\n<div class=\"magic-12\"><span class=\"magic-10\" style=\"font-family: Arial;\">T\u00eate de choc<\/span><\/div>\n<\/td>\n<td colspan=\"1\" rowspan=\"1\">\n<div class=\"magic-13\"><span class=\"magic-10\" style=\"font-family: Arial;\">5 t\u00eates d&#039;amortisseurs de diff\u00e9rentes tailles<\/span><\/div>\n<\/td>\n<\/tr>\n<tr>\n<td colspan=\"1\" rowspan=\"1\">\n<div class=\"magic-12\"><span class=\"magic-10\" style=\"font-family: Arial;\">Tension d&#039;entr\u00e9e<\/span><\/div>\n<\/td>\n<td colspan=\"1\" rowspan=\"1\">\n<div class=\"magic-13\"><span class=\"magic-10\" style=\"font-family: Arial;\">CA 100 V-240 V 50 Hz-60 Hz<\/span><\/div>\n<\/td>\n<\/tr>\n<tr>\n<td colspan=\"1\" rowspan=\"1\">\n<div class=\"magic-12\"><span class=\"magic-10\" style=\"font-family: Arial;\">Fr\u00e9quence<\/span><\/div>\n<\/td>\n<td colspan=\"1\" rowspan=\"1\">\n<div class=\"magic-13\"><span class=\"magic-10\" style=\"font-family: Arial;\">1 \u2013 16 Hz<\/span><\/div>\n<\/td>\n<\/tr>\n<tr>\n<td colspan=\"1\" rowspan=\"1\">\n<div class=\"magic-12\"><span class=\"magic-10\" style=\"font-family: Arial;\">\u00c9nergie<\/span><\/div>\n<\/td>\n<td colspan=\"1\" rowspan=\"1\">\n<div class=\"magic-13\"><span class=\"magic-10\" style=\"font-family: Arial;\">50mj-200 mj<\/span><\/div>\n<\/td>\n<\/tr>\n<tr>\n<td colspan=\"1\" rowspan=\"1\">\n<div class=\"magic-14\"><span class=\"magic-10\" style=\"font-family: Arial;\">Pouvoir<\/span><\/div>\n<\/td>\n<td colspan=\"1\" rowspan=\"1\">\n<div class=\"magic-15\"><span class=\"magic-10\" style=\"font-family: Arial;\">230 W<\/span><\/div>\n<\/td>\n<\/tr>\n<tr>\n<td colspan=\"1\" rowspan=\"1\">\n<div class=\"magic-14\"><span class=\"magic-10\" style=\"font-family: Arial;\">Transducteur<\/span><\/div>\n<\/td>\n<td colspan=\"1\" rowspan=\"1\">\n<div class=\"magic-15\"><span class=\"magic-10\" style=\"font-family: Arial;\">DS-4.5D, DS-3.0, DS-1.5<\/span><\/div>\n<\/td>\n<\/tr>\n<\/tbody>\n<\/table>\n<\/div>\n<\/div>\n<div class=\"J_module\">\n<div class=\"detail-decorate-json-renderer-container\">\n<div class=\"magic-2\">\n<h3 class=\"magic-3\"><span class=\"magic-5\">Principe de fonctionnement<\/span><\/h3>\n<div class=\"magic-7\">\n<div class=\"magic-8\">\n<div class=\"magic-9\"><span class=\"magic-10\" style=\"font-family: Arial;\">La th\u00e9rapie par ondes de choc d\u00e9livre une onde de choc radiale \u00e0 travers la surface de la peau jusqu&#039;au tissu bless\u00e9. Cette onde de choc d\u00e9clenche une r\u00e9action inflammatoire dans le tissu bless\u00e9 et acc\u00e9l\u00e8re le processus de gu\u00e9rison en r\u00e9g\u00e9n\u00e9rant les vaisseaux sanguins. Elle soulage \u00e9galement la douleur du patient.<\/span><\/div>\n<\/div>\n<\/div>\n<\/div>\n<\/div>\n<\/div>\n<div class=\"J_module\">\n<div class=\"icbu-pc-images magic-16\">\n<div>\n<div class=\"flex-layout-v\">\n<div class=\"flex-layout-h magic-16\">\n<div class=\"magic-17\"><img loading=\"lazy\" decoding=\"async\" class=\"magic-18 aligncenter\" title=\"Appareil de th\u00e9rapie par ondes de choc\" src=\"https:\/\/sc04.alicdn.com\/kf\/He6b950acc1ff4b17818661ada821f69aR\/247315878\/He6b950acc1ff4b17818661ada821f69aR.png\" alt=\"Appareil de th\u00e9rapie par ondes de choc\" width=\"599\" height=\"298\" data-src=\"\/\/sc04.alicdn.com\/kf\/He6b950acc1ff4b17818661ada821f69aR\/247315878\/He6b950acc1ff4b17818661ada821f69aR.png\" \/><\/div>\n<\/div>\n<\/div>\n<\/div>\n<\/div>\n<\/div>\n<div class=\"J_module\">\n<div class=\"detail-decorate-json-renderer-container\">\n<div class=\"magic-2\">\n<h3 class=\"magic-3\"><span class=\"magic-5\">Fonctions<\/span><\/h3>\n<div class=\"magic-7\">\n<div class=\"magic-8\">\n<div class=\"magic-9\"><span class=\"magic-10\">1. Points g\u00e2chettes de la douleur Douleur aigu\u00eb et chronique dans le dos, les \u00e9paules, le cou, etc. en raison d&#039;un raccourcissement et d&#039;un \u00e9paississement permanents des muscles 2. Syndrome de la marge tibiale Inflammation du bord tibial due \u00e0 une surutilisation 3. Bursite trochant\u00e9rienne P\u00e9riostite douloureuse de la hanche 4. Douleur Irritation du tendon d&#039;Achille 5. Douleur au talon Douleur au talon, inflammation principalement chronique 6. Coude du golfeur Inflammation douloureuse de l&#039;attache du tendon sur le coude m\u00e9dial 7. Syndrome de la pointe de la rotule Inflammation du bord tibial due \u00e0 une surutilisation<\/span><\/div>\n<\/div>\n<\/div>\n<\/div>\n<\/div>\n<\/div>\n<div class=\"J_module\">\n<div class=\"icbu-pc-images magic-16\">\n<div>\n<div class=\"flex-layout-v\">\n<div class=\"flex-layout-h magic-16\">\n<div class=\"magic-19\"><img loading=\"lazy\" decoding=\"async\" class=\"magic-20 aligncenter\" title=\"Appareil de th\u00e9rapie par ondes de choc\" src=\"https:\/\/sc04.alicdn.com\/kf\/H607aab734c254573ba38ebc1ca329640e\/247315878\/H607aab734c254573ba38ebc1ca329640e.png\" alt=\"Appareil de th\u00e9rapie par ondes de choc\" width=\"618\" height=\"374\" data-src=\"\/\/sc04.alicdn.com\/kf\/H607aab734c254573ba38ebc1ca329640e\/247315878\/H607aab734c254573ba38ebc1ca329640e.png\" \/><\/div>\n<\/div>\n<\/div>\n<\/div>\n<\/div>\n<\/div>\n<div class=\"J_module\">\n<div class=\"detail-decorate-json-renderer-container\">\n<div class=\"magic-2\">\n<h3 class=\"magic-3\"><span class=\"magic-5\">Applications<\/span><\/h3>\n<div class=\"magic-7\">\n<div class=\"magic-8\">\n<div class=\"magic-9\">\n<p><span class=\"magic-10\" style=\"font-family: Arial;\">1) Douleur \u00e0 la taille ou \u00e0 la hanche ; <\/span><\/p>\n<div><span class=\"magic-10\" style=\"font-family: Arial;\">2) Acillodynie ;<br \/>\n3) Tendinite rotulienne ;<br \/>\n4) Fasciite plantaire ;<br \/>\n5) Syndrome de stress tibial ;<br \/>\n6) Tendinite trochant\u00e9rienne ;<br \/>\n7) Douleur \u00e0 l\u2019\u00e9paule, tendinite calcifiante ;<br \/>\n8) \u00c9picondylite du radius ou du cubitus de l&#039;hum\u00e9rus.<\/span><\/div>\n<\/div>\n<\/div>\n<\/div>\n<\/div>\n<\/div>\n<\/div>\n<div class=\"J_module\">\n<div class=\"icbu-pc-images magic-16\">\n<div>\n<div class=\"flex-layout-v\">\n<div class=\"flex-layout-h magic-16\">\n<div class=\"magic-21\"><img loading=\"lazy\" decoding=\"async\" class=\"magic-22 aligncenter\" title=\"Appareil de th\u00e9rapie par ondes de choc\" src=\"https:\/\/sc04.alicdn.com\/kf\/Hd48adc8567e94dac84ee1e781b348b989\/247315878\/Hd48adc8567e94dac84ee1e781b348b989.png\" alt=\"Appareil de th\u00e9rapie par ondes de choc\" width=\"605\" height=\"304\" data-src=\"\/\/sc04.alicdn.com\/kf\/Hd48adc8567e94dac84ee1e781b348b989\/247315878\/Hd48adc8567e94dac84ee1e781b348b989.png\" \/><\/div>\n<\/div>\n<\/div>\n<\/div>\n<\/div>\n<\/div>\n<div class=\"J_module\">\n<div class=\"icbu-pc-images magic-16\">\n<div class=\"flex-layout-v\">\n<div class=\"flex-layout-h magic-16\">\n<div class=\"magic-23\"><\/div>\n<\/div>\n<\/div>\n<\/div>\n<\/div>\n<div class=\"J_module\">\n<div class=\"icbu-pc-images magic-16\">\n<div class=\"flex-layout-v\">\n<div class=\"flex-layout-h magic-16\">\n<div class=\"magic-25\"><\/div>\n<\/div>\n<\/div>\n<\/div>\n<\/div>\n<div class=\"J_module\">\n<div class=\"detail-decorate-json-renderer-container\">\n<div class=\"magic-2\">\n<h3 class=\"magic-3\"><span class=\"magic-5\">Avantages<\/span><\/h3>\n<div class=\"magic-7\">\n<div class=\"magic-8\">\n<div class=\"magic-9\"><span class=\"magic-10\" style=\"font-family: Arial;\">\u2022 Conception technique humanis\u00e9e, facile \u00e0 r\u00e9gler, facile \u00e0 utiliser.<br \/>\n\u2022 Conception d&#039;\u00e9cran tactile couleur en cristal de 5 pouces en espagnol et en anglais, intuitive et claire.<br \/>\n\u2022 Alimentation import\u00e9e pour garantir un effet de sortie d&#039;impact imm\u00e9diat.<br \/>\n\u2022 S\u00e9lection de la pression de surpression et de la fr\u00e9quence pour r\u00e9pondre aux exigences de traitement.<br \/>\n\u2022 Le compresseur d&#039;air ultra-silencieux est livr\u00e9 avec un bo\u00eetier de collecte d&#039;accessoires.<br \/>\n\u2022 Des sorties simples ou doubles sont optionnelles et une vari\u00e9t\u00e9 de sondes professionnelles sont disponibles.<br \/>\n\u2022 Il existe 5 solutions de r\u00e9f\u00e9rence pr\u00e9d\u00e9finies r\u00e9glables.<\/span><\/div>\n<div>\n<table style=\"border-collapse: collapse; width: 100%;\">\n<tbody>\n<tr>\n<td style=\"width: 50%;\"><img loading=\"lazy\" decoding=\"async\" class=\"magic-24 aligncenter\" title=\"Appareil de th\u00e9rapie par ondes de choc\" src=\"https:\/\/sc04.alicdn.com\/kf\/H78ecdf0172834a4484130cea3e5c9c9eH\/247315878\/H78ecdf0172834a4484130cea3e5c9c9eH.png\" alt=\"Appareil de th\u00e9rapie par ondes de choc\" width=\"637\" height=\"317\" data-src=\"\/\/sc04.alicdn.com\/kf\/H78ecdf0172834a4484130cea3e5c9c9eH\/247315878\/H78ecdf0172834a4484130cea3e5c9c9eH.png\" \/><\/td>\n<td style=\"width: 50%;\"><img loading=\"lazy\" decoding=\"async\" class=\"magic-26 aligncenter\" title=\"Appareil de th\u00e9rapie par ondes de choc\" src=\"https:\/\/sc04.alicdn.com\/kf\/H045f5a0271b6446a885106ee1cafcac6R\/247315878\/H045f5a0271b6446a885106ee1cafcac6R.png\" alt=\"Appareil de th\u00e9rapie par ondes de choc\" width=\"800\" height=\"382\" data-src=\"\/\/sc04.alicdn.com\/kf\/H045f5a0271b6446a885106ee1cafcac6R\/247315878\/H045f5a0271b6446a885106ee1cafcac6R.png\" \/><\/td>\n<\/tr>\n<\/tbody>\n<\/table>\n<h3><strong>Personnaliser Le Logo<\/strong><\/h3>\n<p>Vous voulez faire de votre marque de se d\u00e9marquer? Nous vous proposons logo personnalis\u00e9 de services pour vous aider \u00e0 cr\u00e9er un unique et personnalis\u00e9e de logo, qui refl\u00e8te l&#039;identit\u00e9 de votre marque. Notre \u00e9quipe d&#039;experts travaillera en \u00e9troite collaboration avec vous pour concevoir un logo qui r\u00e9sonne avec les valeurs de votre marque et de messagerie. Si vous \u00eates \u00e0 la recherche de r\u00e9organiser votre logo existant ou en cr\u00e9er un nouveau \u00e0 partir de z\u00e9ro, nous vous avons avons couvert. <a href=\"\/fr\/contact\/\">Contactez-nous<\/a> aujourd&#039;hui pour en savoir plus sur notre logo personnalis\u00e9 de services!<\/p>\n<\/div>\n<\/div>\n<\/div>\n<\/div>\n<\/div>\n<\/div>","protected":false},"excerpt":{"rendered":"<p><span class=\"magic-10\" style=\"font-family: Arial;\">Les appareils de th\u00e9rapie par ondes de choc sont bas\u00e9s sur la technologie des ondes radiales \u00e0 faible \u00e9nergie non focalis\u00e9es, qui est un type d&#039;onde sonore qui transporte une \u00e9nergie \u00e9lev\u00e9e pour les points douloureux et les tissus fibreux ou musculo-squelettiques dans les maladies subaigu\u00ebs, subchroniques et chroniques.<br \/>\nCette \u00e9nergie favorise les processus de cicatrisation, de r\u00e9g\u00e9n\u00e9ration et de r\u00e9paration des tendons et des tissus mous. Il a \u00e9t\u00e9 scientifiquement prouv\u00e9 que les ondes radiales non focalis\u00e9es \u00e0 faible \u00e9nergie ont un grand impact sur la structure du collag\u00e8ne et du tissu conjonctif cutan\u00e9, am\u00e9liorant la circulation sanguine et le m\u00e9tabolisme des cellules adipeuses. Le massage m\u00e9canique r\u00e9duit les \u0153d\u00e8mes et am\u00e9liore le drainage lymphatique. Il stimule la formation de collag\u00e8ne tandis que la peau devient plus \u00e9lastique et son raffermissement est visible apr\u00e8s quelques traitements.<\/span><\/p>","protected":false},"featured_media":2248,"comment_status":"open","ping_status":"closed","template":"","meta":{"_kad_post_transparent":"default","_kad_post_title":"","_kad_post_layout":"default","_kad_post_sidebar_id":"","_kad_post_content_style":"default","_kad_post_vertical_padding":"default","_kad_post_feature":"","_kad_post_feature_position":"","_kad_post_header":false,"_kad_post_footer":false,"_kad_post_classname":"","rank_math_title":"","rank_math_description":"","rank_math_focus_keyword":""},"product_brand":[],"product_cat":[65],"product_tag":[],"class_list":{"0":"post-2247","1":"product","2":"type-product","3":"status-publish","4":"has-post-thumbnail","6":"product_cat-shock-wave","8":"first","9":"instock","10":"shipping-taxable","11":"product-type-simple","12":"entry","13":"content-bg","14":"loop-entry"},"_links":{"self":[{"href":"https:\/\/skbty.com\/fr\/wp-json\/wp\/v2\/product\/2247","targetHints":{"allow":["GET"]}}],"collection":[{"href":"https:\/\/skbty.com\/fr\/wp-json\/wp\/v2\/product"}],"about":[{"href":"https:\/\/skbty.com\/fr\/wp-json\/wp\/v2\/types\/product"}],"replies":[{"embeddable":true,"href":"https:\/\/skbty.com\/fr\/wp-json\/wp\/v2\/comments?post=2247"}],"wp:featuredmedia":[{"embeddable":true,"href":"https:\/\/skbty.com\/fr\/wp-json\/wp\/v2\/media\/2248"}],"wp:attachment":[{"href":"https:\/\/skbty.com\/fr\/wp-json\/wp\/v2\/media?parent=2247"}],"wp:term":[{"taxonomy":"product_brand","embeddable":true,"href":"https:\/\/skbty.com\/fr\/wp-json\/wp\/v2\/product_brand?post=2247"},{"taxonomy":"product_cat","embeddable":true,"href":"https:\/\/skbty.com\/fr\/wp-json\/wp\/v2\/product_cat?post=2247"},{"taxonomy":"product_tag","embeddable":true,"href":"https:\/\/skbty.com\/fr\/wp-json\/wp\/v2\/product_tag?post=2247"}],"curies":[{"name":"Wp wp","href":"https:\/\/api.w.org\/{rel}","templated":true}]}}