{"id":2255,"date":"2024-01-04T10:26:26","date_gmt":"2024-01-04T02:26:26","guid":{"rendered":"https:\/\/skbty.com\/?post_type=product&#038;p=2255"},"modified":"2024-06-21T13:43:34","modified_gmt":"2024-06-21T05:43:34","slug":"appareil-de-therapie-par-ondes-de-choc-2","status":"publish","type":"product","link":"https:\/\/skbty.com\/fr\/produit\/appareil-de-therapie-par-ondes-de-choc-2\/","title":{"rendered":"Appareil de th\u00e9rapie par ondes de choc"},"content":{"rendered":"<div class=\"J_module\">\n<div class=\"detail-decorate-json-renderer-container\">\n<div class=\"magic-2\">\n<h3 class=\"magic-3\"><span class=\"magic-5\" data-spm-anchor-id=\"a2700.details.0.i82.7edd1dbaa0NNx7\">Qu&#039;est-ce que la machine de th\u00e9rapie par ondes de choc ?<\/span><\/h3>\n<div class=\"magic-7\">\n<div class=\"magic-8\">\n<div>La machine de th\u00e9rapie par ondes de choc est un appareil de massage de physioth\u00e9rapie polyvalent largement utilis\u00e9 en orthop\u00e9die, en m\u00e9decine sportive, en urologie, en m\u00e9decine v\u00e9t\u00e9rinaire et dans d&#039;autres domaines. Elle offre un soulagement rapide de la douleur et une r\u00e9cup\u00e9ration am\u00e9lior\u00e9e de la mobilit\u00e9 sans avoir recours \u00e0 la chirurgie ou aux analg\u00e9siques, ce qui la rend id\u00e9ale pour traiter la douleur aigu\u00eb et chronique.<\/div>\n<div><\/div>\n<div class=\"magic-9\"><span class=\"magic-10\" style=\"font-family: Arial;\">Une onde de choc est une onde de pression : tout ce qui d\u00e9place le milieu qui l\u2019entoure est une onde de choc. Lorsqu\u2019une pierre est jet\u00e9e dans un \u00e9tang, les ondulations cr\u00e9\u00e9es sont appel\u00e9es ondes de choc. L\u2019onde de choc utilis\u00e9e en m\u00e9decine \u00e9quine est g\u00e9n\u00e9r\u00e9e dans un milieu fluide \u00e0 l\u2019int\u00e9rieur de la t\u00eate du transducteur, puis se propage facilement \u00e0 travers la peau, la graisse et les muscles. Les ondes \u00e0 haute \u00e9nergie sont concentr\u00e9es \u00e0 l\u2019int\u00e9rieur de la t\u00eate du transducteur afin que l\u2019onde de choc puisse \u00eatre dirig\u00e9e vers la zone pr\u00e9cise de la blessure. Lorsqu\u2019une onde de choc frappe une zone \u00e0 forte imp\u00e9dance acoustique, comme un os, l\u2019onde de choc ralentit consid\u00e9rablement et une grande quantit\u00e9 d\u2019\u00e9nergie est lib\u00e9r\u00e9e dans les tissus environnants.<\/span><\/div>\n<\/div>\n<\/div>\n<\/div>\n<\/div>\n<\/div>\n<div class=\"J_module\">\n<div class=\"ife-detail-decorate-table\">\n<table style=\"border-color: #f3f3f3;\" border=\"1\" cellspacing=\"0\" cellpadding=\"0\">\n<tbody>\n<tr>\n<td colspan=\"1\" rowspan=\"1\">\n<div>Nom<\/div>\n<\/td>\n<td colspan=\"1\" rowspan=\"1\">\n<div>Appareil de th\u00e9rapie par ondes de choc<\/div>\n<\/td>\n<\/tr>\n<tr>\n<td colspan=\"1\" rowspan=\"1\">\n<div class=\"magic-12\"><span class=\"magic-10\" style=\"font-family: Arial;\">Taper<\/span><\/div>\n<\/td>\n<td colspan=\"1\" rowspan=\"1\">\n<div class=\"magic-13\"><span class=\"magic-10\" style=\"font-family: Arial;\">TENU \u00c0 LA MAIN<\/span><\/div>\n<\/td>\n<\/tr>\n<tr>\n<td colspan=\"1\" rowspan=\"1\">\n<div class=\"magic-12\"><span class=\"magic-10\" style=\"font-family: Arial;\">Service OEM<\/span><\/div>\n<\/td>\n<td colspan=\"1\" rowspan=\"1\">\n<div class=\"magic-13\"><span class=\"magic-10\" style=\"font-family: Arial;\">Soutien<\/span><\/div>\n<\/td>\n<\/tr>\n<tr>\n<td colspan=\"1\" rowspan=\"1\">\n<div class=\"magic-12\"><span class=\"magic-10\" style=\"font-family: Arial;\">T\u00eate de choc<\/span><\/div>\n<\/td>\n<td colspan=\"1\" rowspan=\"1\">\n<div class=\"magic-13\"><span class=\"magic-10\" style=\"font-family: Arial;\">7 t\u00eates d&#039;amortisseurs\u00a0<\/span><\/div>\n<\/td>\n<\/tr>\n<tr>\n<td colspan=\"1\" rowspan=\"1\">\n<div class=\"magic-12\"><span class=\"magic-10\" style=\"font-family: Arial;\">Tension d&#039;entr\u00e9e<\/span><\/div>\n<\/td>\n<td colspan=\"1\" rowspan=\"1\">\n<div class=\"magic-13\"><span class=\"magic-10\" style=\"font-family: Arial;\">CA 100 V-230 V\/50-60 Hz<\/span><\/div>\n<\/td>\n<\/tr>\n<tr>\n<td colspan=\"1\" rowspan=\"1\">\n<div class=\"magic-12\"><span class=\"magic-10\" style=\"font-family: Arial;\">Fr\u00e9quence<\/span><\/div>\n<\/td>\n<td colspan=\"1\" rowspan=\"1\">\n<div class=\"magic-13\"><span class=\"magic-10\" style=\"font-family: Arial;\">1 \u2013 16 Hz<\/span><\/div>\n<\/td>\n<\/tr>\n<tr>\n<td colspan=\"1\" rowspan=\"1\">\n<div class=\"magic-12\"><span class=\"magic-10\" style=\"font-family: Arial;\">Pouvoir<\/span><\/div>\n<\/td>\n<td colspan=\"1\" rowspan=\"1\">\n<div class=\"magic-13\"><span class=\"magic-10\" style=\"font-family: Arial;\">350 W<\/span><\/div>\n<\/td>\n<\/tr>\n<tr>\n<td colspan=\"1\" rowspan=\"1\">\n<div class=\"magic-14\"><span class=\"magic-10\" style=\"font-family: Arial;\">\u00c9tanche<\/span><\/div>\n<\/td>\n<td colspan=\"1\" rowspan=\"1\">\n<div class=\"magic-15\"><span class=\"magic-10\" style=\"font-family: Arial;\">NON<\/span><\/div>\n<\/td>\n<\/tr>\n<tr>\n<td colspan=\"1\" rowspan=\"1\">\n<div class=\"magic-14\"><span class=\"magic-10\" style=\"font-family: Arial;\">Mat\u00e9riel<\/span><\/div>\n<\/td>\n<td colspan=\"1\" rowspan=\"1\">\n<div class=\"magic-15\"><span class=\"magic-10\" style=\"font-family: Arial;\">ABS, Aluminium<\/span><\/div>\n<\/td>\n<\/tr>\n<\/tbody>\n<\/table>\n<\/div>\n<\/div>\n<div class=\"J_module\">\n<div class=\"detail-decorate-json-renderer-container\">\n<div class=\"magic-2\">\n<h3 class=\"magic-3\"><span class=\"magic-5\">Principe de fonctionnement<\/span><\/h3>\n<div class=\"magic-7\">\n<div class=\"magic-8\">\n<div class=\"magic-9\">\n<div><span class=\"magic-10\" style=\"font-family: Arial;\">Gr\u00e2ce \u00e0 l&#039;application cibl\u00e9e des ondes de choc, la pression sur les tissus environnants est relativement faible et le corps n&#039;est pas alourdi par le m\u00e9dicament, \u00e0 l&#039;exception des effets \u00e0 court terme en cas d&#039;anesth\u00e9sie locale ; Pr\u00e9venir la possibilit\u00e9 d&#039;une intervention chirurgicale et les risques associ\u00e9s ; Pour certaines indications, comme le tennis elbow. Il n&#039;existe vraiment aucun autre traitement efficace<\/span><\/div>\n<\/div>\n<\/div>\n<\/div>\n<\/div>\n<\/div>\n<\/div>\n<div class=\"J_module\">\n<div class=\"detail-decorate-json-renderer-container\">\n<div class=\"magic-2\">\n<h3 class=\"magic-3\"><span class=\"magic-5\">Fonctions<\/span><\/h3>\n<div class=\"magic-7\">\n<div class=\"magic-8\">\n<div class=\"magic-9\"><span class=\"magic-10\">1) La physioth\u00e9rapie soulage la douleur <\/span><\/div>\n<div class=\"magic-9\"><span class=\"magic-10\">2) Massage complet du corps <\/span><\/div>\n<div class=\"magic-9\"><span class=\"magic-10\">3) Relaxants musculaires pour soulager la fatigue <\/span><\/div>\n<div class=\"magic-9\"><span class=\"magic-10\">4) Traitement professionnel de la dysfonction \u00e9rectile<\/span><\/div>\n<\/div>\n<\/div>\n<\/div>\n<\/div>\n<\/div>\n<div class=\"J_module\">\n<div class=\"icbu-pc-images magic-16\">\n<div>\n<div class=\"flex-layout-v\">\n<div class=\"flex-layout-h magic-16\">\n<div class=\"magic-17\"><img loading=\"lazy\" decoding=\"async\" class=\"magic-18 aligncenter\" title=\"Appareil de th\u00e9rapie par ondes de choc\" src=\"https:\/\/sc04.alicdn.com\/kf\/Hc99b5e9c57e34cea86ed764c118bb322f\/247315878\/Hc99b5e9c57e34cea86ed764c118bb322f.png\" alt=\"Appareil de th\u00e9rapie par ondes de choc\" width=\"513\" height=\"393\" data-src=\"\/\/sc04.alicdn.com\/kf\/Hc99b5e9c57e34cea86ed764c118bb322f\/247315878\/Hc99b5e9c57e34cea86ed764c118bb322f.png\" \/><\/div>\n<\/div>\n<\/div>\n<\/div>\n<\/div>\n<\/div>\n<div class=\"J_module\">\n<div class=\"detail-decorate-json-renderer-container\">\n<div class=\"magic-2\">\n<h3 class=\"magic-3\"><span class=\"magic-5\">Applications<\/span><\/h3>\n<div class=\"magic-7\">\n<div class=\"magic-8\">\n<div class=\"magic-9\">\n<p>1) Soulagement de la douleur<br \/>\n2) R\u00e9cup\u00e9ration de liquidit\u00e9<br \/>\n3) Gu\u00e9rison acc\u00e9l\u00e9r\u00e9e<br \/>\n4) Traitement de la dysfonction \u00e9rectile<\/p>\n<\/div>\n<\/div>\n<\/div>\n<\/div>\n<\/div>\n<\/div>\n<div class=\"J_module\">\n<div class=\"detail-decorate-json-renderer-container\">\n<div class=\"magic-2\">\n<h3 class=\"magic-3\"><span class=\"magic-5\">Avantages<\/span><\/h3>\n<div class=\"magic-7\">\n<div class=\"magic-8\">\n<div class=\"magic-9\"><span class=\"magic-10\" style=\"font-family: Arial;\">1. Fonctionnalit\u00e9s riches Il soulage les douleurs musculaires et am\u00e9liore la circulation sanguine. \u00c9quip\u00e9 d&#039;une vari\u00e9t\u00e9 de t\u00eates de convertisseur de sortie, flexibles pour s&#039;adapter \u00e0 diff\u00e9rentes parties du corps.<\/span><\/div>\n<div class=\"magic-9\"><span class=\"magic-10\" style=\"font-family: Arial;\"> 2. L\u00e9ger et facile \u00e0 transporter L\u00e9ger et pratique, adapt\u00e9 \u00e0 la famille, au centre de r\u00e9\u00e9ducation, \u00e0 la clinique, au centre de sant\u00e9. <\/span><\/div>\n<div class=\"magic-9\"><span class=\"magic-10\" style=\"font-family: Arial;\">3. Avantages \u00e9conomiques.<\/span><\/div>\n<\/div>\n<\/div>\n<\/div>\n<\/div>\n<\/div>\n<div class=\"J_module\">\n<div class=\"icbu-pc-images magic-16\">\n<div>\n<div class=\"flex-layout-v\">\n<div class=\"flex-layout-h magic-16\">\n<div class=\"magic-19\"><img loading=\"lazy\" decoding=\"async\" class=\"magic-20 aligncenter\" title=\"Appareil de th\u00e9rapie par ondes de choc\" src=\"https:\/\/sc04.alicdn.com\/kf\/Hddfc25d27dbd4f47930e1df40f5aacacC\/247315878\/Hddfc25d27dbd4f47930e1df40f5aacacC.jpg\" alt=\"Appareil de th\u00e9rapie par ondes de choc\" width=\"546\" height=\"451\" data-src=\"\/\/sc04.alicdn.com\/kf\/Hddfc25d27dbd4f47930e1df40f5aacacC\/247315878\/Hddfc25d27dbd4f47930e1df40f5aacacC.jpg\" \/><\/div>\n<\/div>\n<\/div>\n<\/div>\n<\/div>\n<\/div>\n<div class=\"J_module\">\n<div class=\"detail-decorate-json-renderer-container\">\n<div class=\"magic-2\">\n<h3 class=\"magic-3\"><span class=\"magic-21\">Effets<\/span><\/h3>\n<div class=\"magic-7\">\n<div class=\"magic-8\">\n<div class=\"magic-9\"><span class=\"magic-10\" style=\"font-family: Arial;\">Cellulaire : Augmentation de la transmittance de la membrane cellulaire par am\u00e9lioration de l&#039;activit\u00e9 des canaux ioniques, stimulation de la division cellulaire, stimulation de la production de cytokines cellulaires. Reproduction des vaisseaux dans la zone des tendons et des muscles : Am\u00e9lioration de la circulation sanguine, augmentation de la concentration du facteur de croissance b\u00eata 1, effet chimiotactique et mitog\u00e8ne sur les ost\u00e9oblastes. Effet sur le syst\u00e8me des oxydes d&#039;azote : Cicatrisation et remodelage osseux. Am\u00e9lioration de la macrocirculation et du m\u00e9tabolisme. Dissolution des fibroblastes calcifi\u00e9s. Soutient la production de collag\u00e8ne. R\u00e9duction de la tension tissulaire. Effet analg\u00e9sique.<\/span><\/div>\n<\/div>\n<\/div>\n<\/div>\n<\/div>\n<\/div>\n<div class=\"J_module\">\n<div class=\"icbu-pc-images magic-16\">\n<div>\n<div class=\"flex-layout-v\">\n<div class=\"flex-layout-h magic-16\">\n<div class=\"magic-22\"><img loading=\"lazy\" decoding=\"async\" class=\"magic-23 aligncenter\" title=\"Appareil de th\u00e9rapie par ondes de choc\" src=\"https:\/\/sc04.alicdn.com\/kf\/H7bc652bfa81f4218b05987f8fed645e5z\/247315878\/H7bc652bfa81f4218b05987f8fed645e5z.png\" alt=\"Appareil de th\u00e9rapie par ondes de choc\" width=\"543\" height=\"405\" data-src=\"\/\/sc04.alicdn.com\/kf\/H7bc652bfa81f4218b05987f8fed645e5z\/247315878\/H7bc652bfa81f4218b05987f8fed645e5z.png\" \/><\/div>\n<\/div>\n<\/div>\n<\/div>\n<\/div>\n<\/div>\n<div class=\"J_module\">\n<div class=\"icbu-pc-images magic-16\">\n<div>\n<div class=\"flex-layout-v\">\n<div class=\"flex-layout-h magic-16\">\n<div class=\"magic-24\"><img loading=\"lazy\" decoding=\"async\" class=\"magic-25 aligncenter\" title=\"Appareil de th\u00e9rapie par ondes de choc\" src=\"https:\/\/sc04.alicdn.com\/kf\/Ha5f7f100cf5045faaf70928dfed338d6M\/247315878\/Ha5f7f100cf5045faaf70928dfed338d6M.png\" alt=\"Appareil de th\u00e9rapie par ondes de choc\" width=\"522\" height=\"382\" data-src=\"\/\/sc04.alicdn.com\/kf\/Ha5f7f100cf5045faaf70928dfed338d6M\/247315878\/Ha5f7f100cf5045faaf70928dfed338d6M.png\" \/><\/div>\n<div>\n<h3><strong>Personnaliser Le Logo<\/strong><\/h3>\n<p>Vous voulez faire de votre marque de se d\u00e9marquer? Nous vous proposons logo personnalis\u00e9 de services pour vous aider \u00e0 cr\u00e9er un unique et personnalis\u00e9e de logo, qui refl\u00e8te l&#039;identit\u00e9 de votre marque. Notre \u00e9quipe d&#039;experts travaillera en \u00e9troite collaboration avec vous pour concevoir un logo qui r\u00e9sonne avec les valeurs de votre marque et de messagerie. Si vous \u00eates \u00e0 la recherche de r\u00e9organiser votre logo existant ou en cr\u00e9er un nouveau \u00e0 partir de z\u00e9ro, nous vous avons avons couvert. <a href=\"\/fr\/contact\/\">Contactez-nous<\/a> aujourd&#039;hui pour en savoir plus sur notre logo personnalis\u00e9 de services!<\/p>\n<\/div>\n<\/div>\n<\/div>\n<\/div>\n<\/div>\n<\/div>","protected":false},"excerpt":{"rendered":"<p><span class=\"magic-10\" style=\"font-family: Arial;\">Une onde de choc est une onde de pression : tout ce qui d\u00e9place le milieu qui l\u2019entoure est une onde de choc. Lorsqu\u2019une pierre est jet\u00e9e dans un \u00e9tang, les ondulations cr\u00e9\u00e9es sont appel\u00e9es ondes de choc. L\u2019onde de choc utilis\u00e9e en m\u00e9decine \u00e9quine est g\u00e9n\u00e9r\u00e9e dans un milieu fluide \u00e0 l\u2019int\u00e9rieur de la t\u00eate du transducteur, puis se propage facilement \u00e0 travers la peau, la graisse et les muscles. Les ondes \u00e0 haute \u00e9nergie sont concentr\u00e9es \u00e0 l\u2019int\u00e9rieur de la t\u00eate du transducteur afin que l\u2019onde de choc puisse \u00eatre dirig\u00e9e vers la zone pr\u00e9cise de la blessure. Lorsqu\u2019une onde de choc frappe une zone \u00e0 forte imp\u00e9dance acoustique, comme un os, l\u2019onde de choc ralentit consid\u00e9rablement et une grande quantit\u00e9 d\u2019\u00e9nergie est lib\u00e9r\u00e9e dans les tissus environnants.<\/span><\/p>","protected":false},"featured_media":2256,"comment_status":"open","ping_status":"closed","template":"","meta":{"_kad_post_transparent":"default","_kad_post_title":"","_kad_post_layout":"default","_kad_post_sidebar_id":"","_kad_post_content_style":"default","_kad_post_vertical_padding":"default","_kad_post_feature":"","_kad_post_feature_position":"","_kad_post_header":false,"_kad_post_footer":false,"_kad_post_classname":"","rank_math_title":"","rank_math_description":"","rank_math_focus_keyword":""},"product_brand":[],"product_cat":[65],"product_tag":[],"class_list":{"0":"post-2255","1":"product","2":"type-product","3":"status-publish","4":"has-post-thumbnail","6":"product_cat-shock-wave","8":"first","9":"instock","10":"shipping-taxable","11":"product-type-simple","12":"entry","13":"content-bg","14":"loop-entry"},"_links":{"self":[{"href":"https:\/\/skbty.com\/fr\/wp-json\/wp\/v2\/product\/2255","targetHints":{"allow":["GET"]}}],"collection":[{"href":"https:\/\/skbty.com\/fr\/wp-json\/wp\/v2\/product"}],"about":[{"href":"https:\/\/skbty.com\/fr\/wp-json\/wp\/v2\/types\/product"}],"replies":[{"embeddable":true,"href":"https:\/\/skbty.com\/fr\/wp-json\/wp\/v2\/comments?post=2255"}],"wp:featuredmedia":[{"embeddable":true,"href":"https:\/\/skbty.com\/fr\/wp-json\/wp\/v2\/media\/2256"}],"wp:attachment":[{"href":"https:\/\/skbty.com\/fr\/wp-json\/wp\/v2\/media?parent=2255"}],"wp:term":[{"taxonomy":"product_brand","embeddable":true,"href":"https:\/\/skbty.com\/fr\/wp-json\/wp\/v2\/product_brand?post=2255"},{"taxonomy":"product_cat","embeddable":true,"href":"https:\/\/skbty.com\/fr\/wp-json\/wp\/v2\/product_cat?post=2255"},{"taxonomy":"product_tag","embeddable":true,"href":"https:\/\/skbty.com\/fr\/wp-json\/wp\/v2\/product_tag?post=2255"}],"curies":[{"name":"Wp wp","href":"https:\/\/api.w.org\/{rel}","templated":true}]}}