{"id":2263,"date":"2024-01-04T10:32:32","date_gmt":"2024-01-04T02:32:32","guid":{"rendered":"https:\/\/skbty.com\/?post_type=product&#038;p=2263"},"modified":"2024-06-21T12:12:46","modified_gmt":"2024-06-21T04:12:46","slug":"appareil-de-therapie-par-ondes-de-choc-3","status":"publish","type":"product","link":"https:\/\/skbty.com\/fr\/produit\/appareil-de-therapie-par-ondes-de-choc-3\/","title":{"rendered":"Appareil de th\u00e9rapie par ondes de choc"},"content":{"rendered":"<div class=\"J_module\">\n<div class=\"detail-decorate-json-renderer-container\">\n<div class=\"magic-2\">\n<h3 class=\"magic-3\"><span class=\"magic-5\">Appareil de th\u00e9rapie par ondes de choc<\/span><\/h3>\n<div class=\"magic-7\">\n<div class=\"magic-8\">\n<div class=\"magic-9\"><span class=\"magic-10\" style=\"font-family: Arial;\">La machine de th\u00e9rapie par ondes de choc utilise le principe balistique de g\u00e9n\u00e9ration d&#039;ondes de choc : l&#039;utilisation d&#039;air comprim\u00e9 acc\u00e9l\u00e9r\u00e9 pour cr\u00e9er une onde de pression \u00e0 travers une machine \u00e0 ondes de choc. L&#039;air comprim\u00e9 est produit par un compresseur de pression balistique \u00e0 commande \u00e9lectronique. Gr\u00e2ce au choc \u00e9lastique, l&#039;\u00e9nergie cin\u00e9tique de la machine \u00e0 ondes de choc est transmise \u00e0 la sonde de l&#039;appareil de traitement, puis p\u00e9n\u00e8tre dans le corps du client. Par cons\u00e9quent, la pointe de l&#039;applicateur final doit \u00eatre en contact direct avec la peau et le tissu sous-cutan\u00e9 pendant le traitement. Les ondes de choc ciblent les zones affect\u00e9es \u00e0 l&#039;origine de la douleur chronique. L&#039;impact de l&#039;onde de choc provoque la dissolution des d\u00e9p\u00f4ts de calcium et conduit \u00e0 une meilleure vascularisation. L&#039;effet secondaire est le soulagement de la douleur.<\/span><\/div>\n<\/div>\n<\/div>\n<\/div>\n<\/div>\n<\/div>\n<div class=\"J_module\">\n<div class=\"ife-detail-decorate-table\">\n<table style=\"border-color: #f3f3f3;\" border=\"1\" cellspacing=\"0\" cellpadding=\"0\">\n<tbody>\n<tr>\n<td colspan=\"1\" rowspan=\"1\">\n<div class=\"magic-12\"><span class=\"magic-10\" style=\"font-family: Arial;\">Nom<\/span><\/div>\n<\/td>\n<td colspan=\"1\" rowspan=\"1\">\n<div class=\"magic-13\"><span class=\"magic-10\" style=\"font-family: Arial;\">Appareil de th\u00e9rapie par ondes de choc<\/span><\/div>\n<\/td>\n<\/tr>\n<tr>\n<td colspan=\"1\" rowspan=\"1\">\n<div class=\"magic-12\"><span class=\"magic-10\" style=\"font-family: Arial;\">Mode de fonctionnement<\/span><\/div>\n<\/td>\n<td colspan=\"1\" rowspan=\"1\">\n<div class=\"magic-13\"><span class=\"magic-10\" style=\"font-family: Arial;\">Impulsions continues 4\/8\/16<\/span><\/div>\n<\/td>\n<\/tr>\n<tr>\n<td colspan=\"1\" rowspan=\"1\">\n<div class=\"magic-12\"><span class=\"magic-10\" style=\"font-family: Arial;\">Niveaux de puissance \/ \u00c9nergie<\/span><\/div>\n<\/td>\n<td colspan=\"1\" rowspan=\"1\">\n<div class=\"magic-13\"><span class=\"magic-10\" style=\"font-family: Arial;\">60 \u00e0 185 mJ (\u00e9quivalent \u00e0 1-3 bar)<\/span><\/div>\n<\/td>\n<\/tr>\n<tr>\n<td colspan=\"1\" rowspan=\"1\">\n<div class=\"magic-12\"><span class=\"magic-10\" style=\"font-family: Arial;\">Tension d&#039;entr\u00e9e<\/span><\/div>\n<\/td>\n<td colspan=\"1\" rowspan=\"1\">\n<div class=\"magic-13\"><span class=\"magic-10\" style=\"font-family: Arial;\">CA 100 V-230 V\/50-60 Hz<\/span><\/div>\n<\/td>\n<\/tr>\n<tr>\n<td colspan=\"1\" rowspan=\"1\">\n<div class=\"magic-12\"><span class=\"magic-10\" style=\"font-family: Arial;\">Fr\u00e9quence<\/span><\/div>\n<\/td>\n<td colspan=\"1\" rowspan=\"1\">\n<div class=\"magic-13\"><span class=\"magic-10\" style=\"font-family: Arial;\">1 \u2013 16 Hz<\/span><\/div>\n<\/td>\n<\/tr>\n<tr>\n<td colspan=\"1\" rowspan=\"1\">\n<div class=\"magic-12\"><span class=\"magic-10\" style=\"font-family: Arial;\">Pouvoir<\/span><\/div>\n<\/td>\n<td colspan=\"1\" rowspan=\"1\">\n<div class=\"magic-13\"><span class=\"magic-10\" style=\"font-family: Arial;\">500 VA (350 W)<\/span><\/div>\n<\/td>\n<\/tr>\n<tr>\n<td colspan=\"1\" rowspan=\"1\">\n<div class=\"magic-14\"><span class=\"magic-10\" style=\"font-family: Arial;\">Alimentation \u00e9lectrique<\/span><\/div>\n<\/td>\n<td colspan=\"1\" rowspan=\"1\">\n<div class=\"magic-15\"><span class=\"magic-10\" style=\"font-family: Arial;\">CA 100 V-110 V\/CA 220 V-230 V, 50 Hz\/60 Hz<\/span><\/div>\n<\/td>\n<\/tr>\n<\/tbody>\n<\/table>\n<\/div>\n<\/div>\n<div><\/div>\n<div><\/div>\n<div class=\"J_module\">\n<div class=\"icbu-pc-images magic-16\">\n<div>\n<div class=\"flex-layout-v\">\n<div class=\"flex-layout-h magic-16\">\n<div class=\"magic-17\"><img loading=\"lazy\" decoding=\"async\" class=\"magic-18 aligncenter\" title=\"Appareil de th\u00e9rapie par ondes de choc\" src=\"https:\/\/sc04.alicdn.com\/kf\/H91563583a425465b824a93689d14eecel\/247315878\/H91563583a425465b824a93689d14eecel.png\" alt=\"Appareil de th\u00e9rapie par ondes de choc\" width=\"582\" height=\"493\" data-src=\"\/\/sc04.alicdn.com\/kf\/H91563583a425465b824a93689d14eecel\/247315878\/H91563583a425465b824a93689d14eecel.png\" \/><\/div>\n<\/div>\n<\/div>\n<\/div>\n<\/div>\n<\/div>\n<div class=\"J_module\">\n<div class=\"detail-decorate-json-renderer-container\">\n<div class=\"magic-2\">\n<h3 class=\"magic-3\"><span class=\"magic-5\">Principe de fonctionnement<\/span><\/h3>\n<div class=\"magic-7\">\n<div class=\"magic-8\">\n<div class=\"magic-9\">\n<div><span class=\"magic-10\" style=\"font-family: Arial;\">Adoptant les caract\u00e9ristiques de la th\u00e9rapie par ondes de choc SW10, la fr\u00e9quence est de 1 \u00e0 16 Hz, qui peut atteindre 8 cm sous la peau, agit sur le p\u00e9rioste pour g\u00e9n\u00e9rer de la chaleur et la temp\u00e9rature instantan\u00e9e atteint 43\u00b0C, tout en am\u00e9liorant la circulation sanguine.<\/span><\/div>\n<\/div>\n<\/div>\n<\/div>\n<\/div>\n<\/div>\n<\/div>\n<div class=\"J_module\">\n<div class=\"icbu-pc-images magic-16\">\n<div>\n<div class=\"flex-layout-v\">\n<div class=\"flex-layout-h magic-16\">\n<div class=\"magic-19\"><img loading=\"lazy\" decoding=\"async\" class=\"magic-20 aligncenter\" title=\"Appareil de th\u00e9rapie par ondes de choc\" src=\"https:\/\/sc04.alicdn.com\/kf\/Hbcf11c300ed54ecb9abbdce10822cfe0l\/247315878\/Hbcf11c300ed54ecb9abbdce10822cfe0l.png\" alt=\"Appareil de th\u00e9rapie par ondes de choc\" width=\"578\" height=\"356\" data-src=\"\/\/sc04.alicdn.com\/kf\/Hbcf11c300ed54ecb9abbdce10822cfe0l\/247315878\/Hbcf11c300ed54ecb9abbdce10822cfe0l.png\" \/><\/div>\n<\/div>\n<\/div>\n<\/div>\n<\/div>\n<\/div>\n<div class=\"J_module\">\n<div class=\"detail-decorate-json-renderer-container\">\n<div class=\"magic-2\">\n<h3 class=\"magic-3\"><span class=\"magic-5\">Avantages<\/span><\/h3>\n<div class=\"magic-7\">\n<div class=\"magic-8\">\n<div class=\"magic-9\"><span class=\"magic-10\" style=\"font-family: Arial;\">1) Pas d&#039;anesth\u00e9sie, pas de traumatisme, pas de m\u00e9dicaments, pas de chirurgie <\/span><\/div>\n<div class=\"magic-9\"><span class=\"magic-10\" style=\"font-family: Arial;\">2) R\u00e9sultats cliniques prouv\u00e9s. Convient \u00e0 d&#039;autres applications urologiques <\/span><\/div>\n<div class=\"magic-9\"><span class=\"magic-10\" style=\"font-family: Arial;\">3) Traitement efficace des sympt\u00f4mes de la dysfonction \u00e9rectile. <\/span><\/div>\n<div class=\"magic-9\"><span class=\"magic-10\" style=\"font-family: Arial;\">4) R\u00e9parer les tissus p\u00e9niens endommag\u00e9s. <\/span><\/div>\n<div class=\"magic-9\"><span class=\"magic-10\" style=\"font-family: Arial;\">5) Traitement rapide \u2013 15 minutes \u00e0 la fois, 3 \u00e0 4 traitements sont n\u00e9cessaires <\/span><\/div>\n<div class=\"magic-9\"><span class=\"magic-10\" style=\"font-family: Arial;\">6) R\u00e9duire les complications potentielles <\/span><\/div>\n<div class=\"magic-9\"><span class=\"magic-10\" style=\"font-family: Arial;\">7) L&#039;effet clinique \u00e9tait significatif 6 \u00e0 8 semaines apr\u00e8s le traitement<\/span><\/div>\n<\/div>\n<\/div>\n<\/div>\n<\/div>\n<\/div>\n<div class=\"J_module\">\n<div class=\"icbu-pc-images magic-16\">\n<div>\n<div class=\"flex-layout-v\">\n<div class=\"flex-layout-h magic-16\">\n<div class=\"magic-21\"><img loading=\"lazy\" decoding=\"async\" class=\"magic-22 aligncenter\" title=\"Appareil de th\u00e9rapie par ondes de choc\" src=\"https:\/\/sc04.alicdn.com\/kf\/H47a99e5a16924074a73cf8078ddffff6p\/247315878\/H47a99e5a16924074a73cf8078ddffff6p.png\" alt=\"Appareil de th\u00e9rapie par ondes de choc\" width=\"597\" height=\"454\" data-src=\"\/\/sc04.alicdn.com\/kf\/H47a99e5a16924074a73cf8078ddffff6p\/247315878\/H47a99e5a16924074a73cf8078ddffff6p.png\" \/><\/div>\n<\/div>\n<\/div>\n<\/div>\n<\/div>\n<\/div>\n<div class=\"J_module\">\n<div class=\"detail-decorate-json-renderer-container\">\n<div class=\"magic-2\">\n<h3 class=\"magic-3\"><span class=\"magic-23\">Effets<\/span><\/h3>\n<div class=\"magic-7\">\n<div class=\"magic-8\">\n<div class=\"magic-9\"><span class=\"magic-10\" style=\"font-family: Arial;\">Imaginez le rouge comme une zone d&#039;\u00e9nergie qui fait des d\u00e9g\u00e2ts. Cette zone s&#039;\u00e9tend du bas de l&#039;amortisseur jusqu&#039;en haut, formant un pilier qui d\u00e9truit tout sur son passage. L&#039;onde de choc extracorporelle SW10 autour de ce poteau est la zone de moindre \u00e9nergie, repr\u00e9sent\u00e9e en vert, dos\u00e9e pour produire une gu\u00e9rison. Il existe \u00e9galement une zone (repr\u00e9sent\u00e9e en bleu) qui a beaucoup moins d&#039;\u00e9nergie et qui est capable de r\u00e9duire la douleur. Il existe \u00e9galement une zone o\u00f9 la force de l&#039;onde diminue au-dessus de la zone endommag\u00e9e (l&#039;\u00e9nergie ne peut pas durer \u00e9ternellement), ce qui cr\u00e9e \u00e0 son tour un effet de gu\u00e9rison ou de soulagement de la douleur. Ce qu&#039;il faut retenir, c&#039;est que les effets se produisent \u00e0 partir de niveaux d&#039;\u00e9nergie \u00e9lev\u00e9s vers des niveaux d&#039;\u00e9nergie faibles, c&#039;est-\u00e0-dire des niveaux d&#039;\u00e9nergie \u00e9lev\u00e9s = dommages + gu\u00e9rison + soulagement de la douleur.<\/span><\/div>\n<\/div>\n<\/div>\n<\/div>\n<\/div>\n<\/div>\n<div class=\"J_module\">\n<div class=\"icbu-pc-images magic-16\">\n<div>\n<div class=\"flex-layout-v\">\n<div class=\"flex-layout-h magic-16\">\n<div class=\"magic-24\"><img loading=\"lazy\" decoding=\"async\" class=\"magic-25 aligncenter\" title=\"Appareil de th\u00e9rapie par ondes de choc\" src=\"https:\/\/sc04.alicdn.com\/kf\/H092f105b1333409ca514771a38b62501e\/247315878\/H092f105b1333409ca514771a38b62501e.png\" alt=\"Appareil de th\u00e9rapie par ondes de choc\" width=\"592\" height=\"516\" data-src=\"\/\/sc04.alicdn.com\/kf\/H092f105b1333409ca514771a38b62501e\/247315878\/H092f105b1333409ca514771a38b62501e.png\" \/><\/div>\n<div>\n<h3><strong>Personnaliser Le Logo<\/strong><\/h3>\n<p>Vous voulez faire de votre marque de se d\u00e9marquer? Nous vous proposons logo personnalis\u00e9 de services pour vous aider \u00e0 cr\u00e9er un unique et personnalis\u00e9e de logo, qui refl\u00e8te l&#039;identit\u00e9 de votre marque. Notre \u00e9quipe d&#039;experts travaillera en \u00e9troite collaboration avec vous pour concevoir un logo qui r\u00e9sonne avec les valeurs de votre marque et de messagerie. Si vous \u00eates \u00e0 la recherche de r\u00e9organiser votre logo existant ou en cr\u00e9er un nouveau \u00e0 partir de z\u00e9ro, nous vous avons avons couvert. <a href=\"\/fr\/contact\/\">Contactez-nous<\/a> aujourd&#039;hui pour en savoir plus sur notre logo personnalis\u00e9 de services!<\/p>\n<\/div>\n<\/div>\n<\/div>\n<\/div>\n<\/div>\n<\/div>","protected":false},"excerpt":{"rendered":"<p><span class=\"magic-10\" style=\"font-family: Arial;\">Les syst\u00e8mes \u00e0 ondes de choc utilisent le principe balistique de g\u00e9n\u00e9ration d&#039;ondes de choc : l&#039;air comprim\u00e9 acc\u00e9l\u00e9r\u00e9 cr\u00e9e une onde de pression \u00e0 travers une machine \u00e0 ondes de choc. L&#039;air comprim\u00e9 est produit par un compresseur de pression balistique \u00e0 commande \u00e9lectronique. Gr\u00e2ce au choc \u00e9lastique, l&#039;\u00e9nergie cin\u00e9tique de la machine \u00e0 ondes de choc est transmise \u00e0 la sonde de l&#039;appareil de traitement, puis p\u00e9n\u00e8tre dans le corps du client. Par cons\u00e9quent, la pointe de l&#039;applicateur final doit \u00eatre en contact direct avec la peau et le tissu sous-cutan\u00e9 pendant le traitement. Les ondes de choc ciblent les zones affect\u00e9es \u00e0 l&#039;origine de la douleur chronique. L&#039;impact de l&#039;onde de choc provoque la dissolution des d\u00e9p\u00f4ts de calcium et conduit \u00e0 une meilleure vascularisation. L&#039;effet secondaire est le soulagement de la douleur.<\/span><\/p>","protected":false},"featured_media":2264,"comment_status":"open","ping_status":"closed","template":"","meta":{"_kad_post_transparent":"default","_kad_post_title":"","_kad_post_layout":"default","_kad_post_sidebar_id":"","_kad_post_content_style":"default","_kad_post_vertical_padding":"default","_kad_post_feature":"","_kad_post_feature_position":"","_kad_post_header":false,"_kad_post_footer":false,"_kad_post_classname":"","rank_math_title":"","rank_math_description":"","rank_math_focus_keyword":""},"product_brand":[],"product_cat":[65],"product_tag":[],"class_list":{"0":"post-2263","1":"product","2":"type-product","3":"status-publish","4":"has-post-thumbnail","6":"product_cat-shock-wave","8":"first","9":"instock","10":"shipping-taxable","11":"product-type-simple","12":"entry","13":"content-bg","14":"loop-entry"},"_links":{"self":[{"href":"https:\/\/skbty.com\/fr\/wp-json\/wp\/v2\/product\/2263","targetHints":{"allow":["GET"]}}],"collection":[{"href":"https:\/\/skbty.com\/fr\/wp-json\/wp\/v2\/product"}],"about":[{"href":"https:\/\/skbty.com\/fr\/wp-json\/wp\/v2\/types\/product"}],"replies":[{"embeddable":true,"href":"https:\/\/skbty.com\/fr\/wp-json\/wp\/v2\/comments?post=2263"}],"wp:featuredmedia":[{"embeddable":true,"href":"https:\/\/skbty.com\/fr\/wp-json\/wp\/v2\/media\/2264"}],"wp:attachment":[{"href":"https:\/\/skbty.com\/fr\/wp-json\/wp\/v2\/media?parent=2263"}],"wp:term":[{"taxonomy":"product_brand","embeddable":true,"href":"https:\/\/skbty.com\/fr\/wp-json\/wp\/v2\/product_brand?post=2263"},{"taxonomy":"product_cat","embeddable":true,"href":"https:\/\/skbty.com\/fr\/wp-json\/wp\/v2\/product_cat?post=2263"},{"taxonomy":"product_tag","embeddable":true,"href":"https:\/\/skbty.com\/fr\/wp-json\/wp\/v2\/product_tag?post=2263"}],"curies":[{"name":"Wp wp","href":"https:\/\/api.w.org\/{rel}","templated":true}]}}