{"id":2271,"date":"2024-01-04T10:39:35","date_gmt":"2024-01-04T02:39:35","guid":{"rendered":"https:\/\/skbty.com\/?post_type=product&#038;p=2271"},"modified":"2024-06-21T12:09:11","modified_gmt":"2024-06-21T04:09:11","slug":"appareil-de-therapie-par-ondes-de-choc-de-style-tactile","status":"publish","type":"product","link":"https:\/\/skbty.com\/fr\/produit\/appareil-de-therapie-par-ondes-de-choc-de-style-tactile\/","title":{"rendered":"Appareil de th\u00e9rapie par ondes de choc (style tactile)"},"content":{"rendered":"<div class=\"J_module\">\n<div class=\"detail-decorate-json-renderer-container\">\n<div class=\"magic-2\">\n<h3 class=\"magic-3\" data-spm-anchor-id=\"a2700.details.0.i78.1778fb5bm3TcRl\"><span class=\"magic-5\">Appareil de th\u00e9rapie par ondes de choc<\/span><\/h3>\n<div class=\"magic-7\">\n<div class=\"magic-8\">\n<div class=\"magic-9\"><span class=\"magic-10\" style=\"font-family: Arial;\">La machine de th\u00e9rapie par ondes de choc est utilis\u00e9e en orthop\u00e9die, physioth\u00e9rapie, m\u00e9decine sportive, urologie, m\u00e9decine v\u00e9t\u00e9rinaire et autres \u00e9quipements multidisciplinaires. Ses principaux avantages sont le soulagement rapide de la douleur et la r\u00e9cup\u00e9ration de la mobilit\u00e9. Ceci, associ\u00e9 au fait qu&#039;il s&#039;agit d&#039;un traitement non chirurgical qui ne n\u00e9cessite pas d&#039;analg\u00e9siques, en fait un traitement id\u00e9al pour acc\u00e9l\u00e9rer la gu\u00e9rison et traiter divers signes de douleur aigu\u00eb ou chronique.<\/span><\/div>\n<\/div>\n<\/div>\n<\/div>\n<\/div>\n<\/div>\n<div class=\"J_module\">\n<div class=\"ife-detail-decorate-table\">\n<table style=\"border-color: #f3f3f3;\" border=\"1\" cellspacing=\"0\" cellpadding=\"0\">\n<tbody>\n<tr>\n<td colspan=\"1\" rowspan=\"1\">\n<div class=\"magic-12\"><span class=\"magic-10\" style=\"font-family: Arial;\">Nom<\/span><\/div>\n<\/td>\n<td colspan=\"1\" rowspan=\"1\">\n<div class=\"magic-13\"><span class=\"magic-10\" style=\"font-family: Arial;\">Appareil de th\u00e9rapie par ondes de choc<\/span><\/div>\n<\/td>\n<\/tr>\n<tr>\n<td colspan=\"1\" rowspan=\"1\">\n<div class=\"magic-12\"><span class=\"magic-10\" style=\"font-family: Arial;\">Num\u00e9ros de fr\u00e9quence de sortie<\/span><\/div>\n<\/td>\n<td colspan=\"1\" rowspan=\"1\">\n<div class=\"magic-13\"><span class=\"magic-10\" style=\"font-family: Arial;\">16<\/span><\/div>\n<\/td>\n<\/tr>\n<tr>\n<td colspan=\"1\" rowspan=\"1\">\n<div class=\"magic-12\"><span class=\"magic-10\" style=\"font-family: Arial;\">Num\u00e9ros de niveau de sortie<\/span><\/div>\n<\/td>\n<td colspan=\"1\" rowspan=\"1\">\n<div class=\"magic-13\"><span class=\"magic-10\" style=\"font-family: Arial;\">12<\/span><\/div>\n<\/td>\n<\/tr>\n<tr>\n<td colspan=\"1\" rowspan=\"1\">\n<div class=\"magic-12\"><span class=\"magic-10\" style=\"font-family: Arial;\">Tension d&#039;entr\u00e9e<\/span><\/div>\n<\/td>\n<td colspan=\"1\" rowspan=\"1\">\n<div class=\"magic-13\"><span class=\"magic-10\" style=\"font-family: Arial;\">CA 110 V-CA 220 V<\/span><\/div>\n<\/td>\n<\/tr>\n<tr>\n<td colspan=\"1\" rowspan=\"1\">\n<div class=\"magic-12\"><span class=\"magic-10\" style=\"font-family: Arial;\">Fr\u00e9quence<\/span><\/div>\n<\/td>\n<td colspan=\"1\" rowspan=\"1\">\n<div class=\"magic-13\"><span class=\"magic-10\" style=\"font-family: Arial;\">50 Hz\/60 Hz<\/span><\/div>\n<\/td>\n<\/tr>\n<tr>\n<td colspan=\"1\" rowspan=\"1\">\n<div class=\"magic-12\"><span class=\"magic-10\" style=\"font-family: Arial;\">Pouvoir<\/span><\/div>\n<\/td>\n<td colspan=\"1\" rowspan=\"1\">\n<div class=\"magic-13\"><span class=\"magic-10\" style=\"font-family: Arial;\">90 W MAX<\/span><\/div>\n<\/td>\n<\/tr>\n<tr>\n<td colspan=\"1\" rowspan=\"1\">\n<div class=\"magic-14\">Actuel<\/div>\n<\/td>\n<td colspan=\"1\" rowspan=\"1\">\n<div class=\"magic-15\"><span class=\"magic-10\" style=\"font-family: Arial;\">2A MAX<\/span><\/div>\n<\/td>\n<\/tr>\n<\/tbody>\n<\/table>\n<\/div>\n<\/div>\n<div class=\"J_module\">\n<div class=\"detail-decorate-json-renderer-container\">\n<div class=\"magic-2\">\n<h3 class=\"magic-3\"><span class=\"magic-5\">Principe de fonctionnement<\/span><\/h3>\n<div class=\"magic-7\">\n<div class=\"magic-8\">\n<div class=\"magic-9\">\n<div><span class=\"magic-10\" style=\"font-family: Arial;\">La th\u00e9rapie par ondes de choc d\u00e9livre une onde de choc radiale \u00e0 travers la surface de la peau jusqu&#039;au tissu bless\u00e9. Cette onde de choc d\u00e9clenche une r\u00e9action inflammatoire dans le tissu bless\u00e9 et acc\u00e9l\u00e8re le processus de gu\u00e9rison en r\u00e9g\u00e9n\u00e9rant les vaisseaux sanguins. Elle soulage \u00e9galement la douleur du patient.<\/span><\/div>\n<\/div>\n<\/div>\n<\/div>\n<\/div>\n<\/div>\n<\/div>\n<div class=\"J_module\">\n<div class=\"icbu-pc-images magic-16\">\n<div>\n<div class=\"flex-layout-v\">\n<div class=\"flex-layout-h magic-16\">\n<div class=\"magic-17\"><img loading=\"lazy\" decoding=\"async\" class=\"magic-18 aligncenter\" title=\"Appareil de th\u00e9rapie par ondes de choc\" src=\"https:\/\/sc04.alicdn.com\/kf\/H18a54888e92645aebece4acda80470eeZ\/247315878\/H18a54888e92645aebece4acda80470eeZ.png\" alt=\"Appareil de th\u00e9rapie par ondes de choc\" width=\"800\" height=\"516\" data-src=\"\/\/sc04.alicdn.com\/kf\/H18a54888e92645aebece4acda80470eeZ\/247315878\/H18a54888e92645aebece4acda80470eeZ.png\" \/><\/div>\n<\/div>\n<\/div>\n<\/div>\n<\/div>\n<\/div>\n<div class=\"J_module\">\n<div class=\"detail-decorate-json-renderer-container\">\n<div class=\"magic-2\">\n<h3 class=\"magic-3\"><span class=\"magic-19\">Fonctions<\/span><\/h3>\n<div class=\"magic-7\">\n<div class=\"magic-8\">\n<div class=\"magic-9\"><span class=\"magic-10\" style=\"font-family: Arial;\">1) Remodelage corporel <\/span><\/div>\n<div class=\"magic-9\"><span class=\"magic-10\" style=\"font-family: Arial;\">2) Th\u00e9rapie d&#039;amincissement <\/span><\/div>\n<div class=\"magic-9\"><span class=\"magic-10\" style=\"font-family: Arial;\">3) Traitement de la peau irr\u00e9guli\u00e8re apr\u00e8s liposuccion <\/span><\/div>\n<div class=\"magic-9\"><span class=\"magic-10\" style=\"font-family: Arial;\">4) Am\u00e9liore l&#039;\u00e9lasticit\u00e9 de la peau <\/span><\/div>\n<div class=\"magic-9\"><span class=\"magic-10\" style=\"font-family: Arial;\">5) Le tissu conjonctif se resserre <\/span><\/div>\n<div class=\"magic-9\"><span class=\"magic-10\" style=\"font-family: Arial;\">6) \u00c9liminer les cicatrices et les rides <\/span><\/div>\n<div class=\"magic-9\"><span class=\"magic-10\" style=\"font-family: Arial;\">7) R\u00e9duire les vergetures <\/span><\/div>\n<div class=\"magic-9\"><span class=\"magic-10\" style=\"font-family: Arial;\">8) Stimulation du syst\u00e8me lymphatique <\/span><\/div>\n<div class=\"magic-9\"><span class=\"magic-10\" style=\"font-family: Arial;\">9) Traitement de la dysfonction \u00e9rectile<\/span><\/div>\n<\/div>\n<\/div>\n<\/div>\n<\/div>\n<\/div>\n<div class=\"J_module\">\n<div class=\"icbu-pc-images magic-16\">\n<div>\n<div class=\"flex-layout-v\">\n<div class=\"flex-layout-h magic-16\">\n<div class=\"magic-20\"><img loading=\"lazy\" decoding=\"async\" class=\"magic-21 aligncenter\" title=\"Appareil de th\u00e9rapie par ondes de choc\" src=\"https:\/\/sc04.alicdn.com\/kf\/H3191a7d3f105493786a3287d2aab6295F\/247315878\/H3191a7d3f105493786a3287d2aab6295F.png\" alt=\"Appareil de th\u00e9rapie par ondes de choc\" width=\"750\" height=\"454\" data-src=\"\/\/sc04.alicdn.com\/kf\/H3191a7d3f105493786a3287d2aab6295F\/247315878\/H3191a7d3f105493786a3287d2aab6295F.png\" \/><\/div>\n<\/div>\n<\/div>\n<\/div>\n<\/div>\n<\/div>\n<div class=\"J_module\">\n<div class=\"detail-decorate-json-renderer-container\">\n<div class=\"magic-2\">\n<h3 class=\"magic-3\"><span class=\"magic-5\">Avantages<\/span><\/h3>\n<div class=\"magic-7\">\n<div class=\"magic-8\">\n<div class=\"magic-9\"><span class=\"magic-10\" style=\"font-family: Arial;\">1) Conception technique humanis\u00e9e, facile \u00e0 configurer, facile \u00e0 utiliser ; <\/span><\/div>\n<div class=\"magic-9\"><span class=\"magic-10\" style=\"font-family: Arial;\">2) Alimentation import\u00e9e pour assurer un effet de sortie d&#039;impact instantan\u00e9\u00a0; <\/span><\/div>\n<div class=\"magic-9\"><span class=\"magic-10\" style=\"font-family: Arial;\">3) La s\u00e9lection de la pression de surpression et de la fr\u00e9quence r\u00e9pond aux exigences de traitement\u00a0; <\/span><\/div>\n<div class=\"magic-9\"><span class=\"magic-10\" style=\"font-family: Arial;\">4)Bo\u00eete de collecte d&#039;accessoires int\u00e9gr\u00e9e au compresseur d&#039;air ultra-silencieux\u00a0; <\/span><\/div>\n<div class=\"magic-9\"><span class=\"magic-10\" style=\"font-family: Arial;\">5) Fournir une vari\u00e9t\u00e9 d\u2019\u00e9metteurs professionnels\u00a0; <\/span><\/div>\n<div class=\"magic-9\"><span class=\"magic-10\" style=\"font-family: Arial;\">6) Haute efficacit\u00e9, soulagement rapide de la douleur. <\/span><\/div>\n<div class=\"magic-9\"><span class=\"magic-10\" style=\"font-family: Arial;\">7) Sans chirurgie, le taux de gu\u00e9rison est de 80~90%. <\/span><\/div>\n<div class=\"magic-9\"><span class=\"magic-10\" style=\"font-family: Arial;\">8) Non invasif, pratique et rapide. <\/span><\/div>\n<div class=\"magic-9\"><span class=\"magic-10\" style=\"font-family: Arial;\">9) Largement utilis\u00e9 dans diff\u00e9rents traitements des tissus mous. <\/span><\/div>\n<div class=\"magic-9\"><span class=\"magic-10\" style=\"font-family: Arial;\">10) Cette machine peut \u00eatre utilis\u00e9e pour le traitement des douleurs articulaires et de la dysfonction \u00e9rectile. <\/span><\/div>\n<div class=\"magic-9\"><span class=\"magic-10\" style=\"font-family: Arial;\">11) Aucune blessure\/dommage aux tissus normaux.<\/span><\/div>\n<\/div>\n<\/div>\n<\/div>\n<\/div>\n<\/div>\n<div class=\"J_module\">\n<div class=\"icbu-pc-images magic-16\">\n<div>\n<div class=\"flex-layout-v\">\n<div class=\"flex-layout-h magic-16\">\n<div class=\"magic-22\"><img loading=\"lazy\" decoding=\"async\" class=\"magic-23 aligncenter\" title=\"Appareil de th\u00e9rapie par ondes de choc\" src=\"https:\/\/sc04.alicdn.com\/kf\/H6491e48e4b774656aedb0e0055656d95F\/247315878\/H6491e48e4b774656aedb0e0055656d95F.png\" alt=\"Appareil de th\u00e9rapie par ondes de choc\" width=\"750\" height=\"610\" data-src=\"\/\/sc04.alicdn.com\/kf\/H6491e48e4b774656aedb0e0055656d95F\/247315878\/H6491e48e4b774656aedb0e0055656d95F.png\" \/><\/div>\n<\/div>\n<\/div>\n<\/div>\n<\/div>\n<\/div>\n<div class=\"J_module\">\n<div class=\"icbu-pc-images magic-16\">\n<div>\n<div class=\"flex-layout-v\">\n<div class=\"flex-layout-h magic-16\">\n<div class=\"magic-24\"><img loading=\"lazy\" decoding=\"async\" class=\"magic-25 aligncenter\" title=\"Appareil de th\u00e9rapie par ondes de choc\" src=\"https:\/\/sc04.alicdn.com\/kf\/Hac29e01ca8fa4327a656fe4f538cd3c4W\/247315878\/Hac29e01ca8fa4327a656fe4f538cd3c4W.png\" alt=\"Appareil de th\u00e9rapie par ondes de choc\" width=\"750\" height=\"697\" data-src=\"\/\/sc04.alicdn.com\/kf\/Hac29e01ca8fa4327a656fe4f538cd3c4W\/247315878\/Hac29e01ca8fa4327a656fe4f538cd3c4W.png\" \/><\/div>\n<div>\n<h3><strong>Personnaliser Le Logo<\/strong><\/h3>\n<p>Vous voulez faire de votre marque de se d\u00e9marquer? Nous vous proposons logo personnalis\u00e9 de services pour vous aider \u00e0 cr\u00e9er un unique et personnalis\u00e9e de logo, qui refl\u00e8te l&#039;identit\u00e9 de votre marque. Notre \u00e9quipe d&#039;experts travaillera en \u00e9troite collaboration avec vous pour concevoir un logo qui r\u00e9sonne avec les valeurs de votre marque et de messagerie. Si vous \u00eates \u00e0 la recherche de r\u00e9organiser votre logo existant ou en cr\u00e9er un nouveau \u00e0 partir de z\u00e9ro, nous vous avons avons couvert. <a href=\"\/fr\/contact\/\">Contactez-nous<\/a> aujourd&#039;hui pour en savoir plus sur notre logo personnalis\u00e9 de services!<\/p>\n<\/div>\n<\/div>\n<\/div>\n<\/div>\n<\/div>\n<\/div>","protected":false},"excerpt":{"rendered":"<p><span class=\"magic-10\" style=\"font-family: Arial;\">L&#039;appareil de massage de physioth\u00e9rapie par ondes de choc est utilis\u00e9 en orthop\u00e9die, physioth\u00e9rapie, m\u00e9decine sportive, urologie, m\u00e9decine v\u00e9t\u00e9rinaire et autres \u00e9quipements multidisciplinaires. Ses principaux avantages sont le soulagement rapide de la douleur et la r\u00e9cup\u00e9ration de la mobilit\u00e9. Ceci, associ\u00e9 au fait qu&#039;il s&#039;agit d&#039;un traitement non chirurgical qui ne n\u00e9cessite pas d&#039;analg\u00e9siques, en fait un traitement id\u00e9al pour acc\u00e9l\u00e9rer la gu\u00e9rison et traiter divers signes de douleur aigu\u00eb ou chronique.<\/span><\/p>","protected":false},"featured_media":2278,"comment_status":"open","ping_status":"closed","template":"","meta":{"_kad_post_transparent":"default","_kad_post_title":"","_kad_post_layout":"default","_kad_post_sidebar_id":"","_kad_post_content_style":"default","_kad_post_vertical_padding":"default","_kad_post_feature":"","_kad_post_feature_position":"","_kad_post_header":false,"_kad_post_footer":false,"_kad_post_classname":"","rank_math_title":"","rank_math_description":"","rank_math_focus_keyword":""},"product_brand":[],"product_cat":[65],"product_tag":[],"class_list":{"0":"post-2271","1":"product","2":"type-product","3":"status-publish","4":"has-post-thumbnail","6":"product_cat-shock-wave","8":"first","9":"instock","10":"shipping-taxable","11":"product-type-simple","12":"entry","13":"content-bg","14":"loop-entry"},"_links":{"self":[{"href":"https:\/\/skbty.com\/fr\/wp-json\/wp\/v2\/product\/2271","targetHints":{"allow":["GET"]}}],"collection":[{"href":"https:\/\/skbty.com\/fr\/wp-json\/wp\/v2\/product"}],"about":[{"href":"https:\/\/skbty.com\/fr\/wp-json\/wp\/v2\/types\/product"}],"replies":[{"embeddable":true,"href":"https:\/\/skbty.com\/fr\/wp-json\/wp\/v2\/comments?post=2271"}],"wp:featuredmedia":[{"embeddable":true,"href":"https:\/\/skbty.com\/fr\/wp-json\/wp\/v2\/media\/2278"}],"wp:attachment":[{"href":"https:\/\/skbty.com\/fr\/wp-json\/wp\/v2\/media?parent=2271"}],"wp:term":[{"taxonomy":"product_brand","embeddable":true,"href":"https:\/\/skbty.com\/fr\/wp-json\/wp\/v2\/product_brand?post=2271"},{"taxonomy":"product_cat","embeddable":true,"href":"https:\/\/skbty.com\/fr\/wp-json\/wp\/v2\/product_cat?post=2271"},{"taxonomy":"product_tag","embeddable":true,"href":"https:\/\/skbty.com\/fr\/wp-json\/wp\/v2\/product_tag?post=2271"}],"curies":[{"name":"Wp wp","href":"https:\/\/api.w.org\/{rel}","templated":true}]}}