{"id":2285,"date":"2024-01-04T10:43:30","date_gmt":"2024-01-04T02:43:30","guid":{"rendered":"https:\/\/skbty.com\/?post_type=product&#038;p=2285"},"modified":"2025-12-05T19:08:30","modified_gmt":"2025-12-05T11:08:30","slug":"appareil-de-therapie-par-ondes-de-choc-type-bouton","status":"publish","type":"product","link":"https:\/\/skbty.com\/fr\/produit\/appareil-de-therapie-par-ondes-de-choc-type-bouton\/","title":{"rendered":"Appareil de th\u00e9rapie par ondes de choc (type bouton)"},"content":{"rendered":"<div class=\"J_module\">\n<div class=\"detail-decorate-json-renderer-container\">\n<div class=\"magic-2\">\n<h3>Appareil de th\u00e9rapie par ondes de choc<\/h3>\n<p>La machine de th\u00e9rapie par ondes de choc est un appareil de massage de physioth\u00e9rapie polyvalent largement utilis\u00e9 en orthop\u00e9die, en m\u00e9decine sportive, en urologie, en m\u00e9decine v\u00e9t\u00e9rinaire et dans d&#039;autres domaines. Elle offre un soulagement rapide de la douleur et une r\u00e9cup\u00e9ration am\u00e9lior\u00e9e de la mobilit\u00e9 sans avoir recours \u00e0 la chirurgie ou aux analg\u00e9siques, ce qui la rend id\u00e9ale pour traiter la douleur aigu\u00eb et chronique.<\/p>\n<h3>D\u00e9tails du produit<\/h3>\n<ul>\n<li><strong>Nom<\/strong>: Appareil de th\u00e9rapie par ondes de choc<\/li>\n<li><strong>Num\u00e9ros de fr\u00e9quence de sortie<\/strong>: 16<\/li>\n<li><strong>Num\u00e9ros de niveau de sortie<\/strong>: 12<\/li>\n<li><strong>Tension d&#039;entr\u00e9e<\/strong>:CA 110V-CA 220V<\/li>\n<li><strong>Fr\u00e9quence<\/strong>: 50 Hz\/60 Hz<\/li>\n<li><strong>Pouvoir<\/strong>: 90 W MAX<\/li>\n<li><strong>Actuel<\/strong>: 2A MAX<\/li>\n<\/ul>\n<h3>Comment \u00e7a marche<\/h3>\n<p>La th\u00e9rapie par ondes de choc d\u00e9livre des ondes de choc radiales \u00e0 travers la peau jusqu&#039;aux tissus bless\u00e9s. Cela d\u00e9clenche une r\u00e9action semblable \u00e0 une inflammation, favorisant la r\u00e9g\u00e9n\u00e9ration des vaisseaux sanguins et acc\u00e9l\u00e9rant le processus de gu\u00e9rison, tout en procurant un soulagement significatif de la douleur.<\/p>\n<p><img decoding=\"async\" class=\"magic-18 aligncenter\" src=\"https:\/\/sc04.alicdn.com\/kf\/H18a54888e92645aebece4acda80470eeZ\/247315878\/H18a54888e92645aebece4acda80470eeZ.png\" data-src=\"\/\/sc04.alicdn.com\/kf\/H18a54888e92645aebece4acda80470eeZ\/247315878\/H18a54888e92645aebece4acda80470eeZ.png\" \/><\/p>\n<h3>Fonctions<\/h3>\n<ol>\n<li><strong>Remodelage corporel<\/strong>:Aide \u00e0 remodeler et \u00e0 modeler le corps.<\/li>\n<li><strong>Th\u00e9rapie d&#039;amincissement<\/strong>:Aide \u00e0 la perte de poids.<\/li>\n<li><strong>Traitement post-liposuccion<\/strong>:Traite la peau irr\u00e9guli\u00e8re apr\u00e8s une liposuccion.<\/li>\n<li><strong>Am\u00e9liore l&#039;\u00e9lasticit\u00e9 de la peau<\/strong>:Am\u00e9liore l&#039;\u00e9lasticit\u00e9 naturelle de la peau.<\/li>\n<li><strong>Resserrement du tissu conjonctif<\/strong>:Resserre et raffermit les tissus conjonctifs.<\/li>\n<li><strong>\u00c9limination des cicatrices et des rides<\/strong>:R\u00e9duit l&#039;apparence des cicatrices et des rides.<\/li>\n<li><strong>R\u00e9duction des vergetures<\/strong>:Minimise les vergetures.<\/li>\n<li><strong>Stimulation du syst\u00e8me lymphatique<\/strong>: Stimule la circulation lymphatique.<\/li>\n<li><strong>Traitement de la dysfonction \u00e9rectile<\/strong>:Efficace pour le traitement de la dysfonction \u00e9rectile.<\/li>\n<\/ol>\n<h3><img decoding=\"async\" class=\"magic-21 aligncenter\" src=\"https:\/\/sc04.alicdn.com\/kf\/H3191a7d3f105493786a3287d2aab6295F\/247315878\/H3191a7d3f105493786a3287d2aab6295F.png\" data-src=\"\/\/sc04.alicdn.com\/kf\/H3191a7d3f105493786a3287d2aab6295F\/247315878\/H3191a7d3f105493786a3287d2aab6295F.png\" \/><\/h3>\n<h3>Avantages<\/h3>\n<ol>\n<li><strong>Conception conviviale<\/strong>:Facile \u00e0 installer et \u00e0 utiliser.<\/li>\n<li><strong>Alimentation \u00e9lectrique import\u00e9e<\/strong>: Assure une sortie d&#039;impact instantan\u00e9e efficace.<\/li>\n<li><strong>Param\u00e8tres personnalisables<\/strong>:Pression de surpression et fr\u00e9quence r\u00e9glables pour r\u00e9pondre aux exigences de traitement.<\/li>\n<li><strong>Fonctionnement ultra-silencieux<\/strong>:Dispose d&#039;un compresseur d&#039;air silencieux int\u00e9gr\u00e9 et d&#039;un bo\u00eetier de collecte d&#039;accessoires.<\/li>\n<li><strong>Transmetteurs professionnels<\/strong>:Livr\u00e9 avec une vari\u00e9t\u00e9 d&#039;\u00e9metteurs sp\u00e9cialis\u00e9s.<\/li>\n<li><strong>Haute efficacit\u00e9<\/strong>:Soulagement rapide de la douleur et taux de r\u00e9ussite du traitement \u00e9lev\u00e9 (80-90%).<\/li>\n<li><strong>Non chirurgical<\/strong>:Traitement pratique, rapide et non invasif.<\/li>\n<li><strong>Utilisation polyvalente<\/strong>:Convient \u00e0 divers traitements des tissus mous et des douleurs articulaires, y compris le traitement de la dysfonction \u00e9rectile.<\/li>\n<li><strong>S\u00fbr et efficace<\/strong>:Aucun dommage aux tissus normaux.<\/li>\n<\/ol>\n<h3>Fonctionnalit\u00e9s am\u00e9lior\u00e9es<\/h3>\n<ul>\n<li><strong>Conception technique humanis\u00e9e<\/strong>: Assure une facilit\u00e9 d&#039;utilisation et de fonctionnement.<\/li>\n<li><strong>Alimentation haute performance<\/strong>:Garantit un rendement optimal.<\/li>\n<li><strong>Personnalisation pr\u00e9cise<\/strong>:Adapte le traitement aux besoins sp\u00e9cifiques gr\u00e2ce \u00e0 des param\u00e8tres r\u00e9glables.<\/li>\n<li><strong>\u00c9quipement de qualit\u00e9 professionnelle<\/strong>:Fournit des r\u00e9sultats efficaces et fiables.<\/li>\n<li><strong>Applications \u00e9tendues<\/strong>:Convient \u00e0 de multiples usages th\u00e9rapeutiques, am\u00e9liorant le bien-\u00eatre g\u00e9n\u00e9ral.<\/li>\n<\/ul>\n<\/div>\n<\/div>\n<\/div>\n<div class=\"J_module\">\n<div class=\"detail-decorate-json-renderer-container\">\n<div class=\"magic-2\">\n<div class=\"magic-7\">\n<div class=\"magic-8\">\n<div class=\"magic-9\">\n<div>\n<table style=\"border-collapse: collapse; width: 100%;\">\n<tbody>\n<tr>\n<td style=\"width: 50%;\"><img decoding=\"async\" class=\"magic-23 aligncenter\" src=\"https:\/\/sc04.alicdn.com\/kf\/He0951b05050c443b8cd0b1d8c6fb8076h\/247315878\/He0951b05050c443b8cd0b1d8c6fb8076h.png\" data-src=\"\/\/sc04.alicdn.com\/kf\/He0951b05050c443b8cd0b1d8c6fb8076h\/247315878\/He0951b05050c443b8cd0b1d8c6fb8076h.png\" \/><\/td>\n<td style=\"width: 50%;\"><img decoding=\"async\" class=\"magic-25 aligncenter\" src=\"https:\/\/sc04.alicdn.com\/kf\/H1729764a9148440eb6b9a78b1e2c0f0ap\/247315878\/H1729764a9148440eb6b9a78b1e2c0f0ap.png\" data-src=\"\/\/sc04.alicdn.com\/kf\/H1729764a9148440eb6b9a78b1e2c0f0ap\/247315878\/H1729764a9148440eb6b9a78b1e2c0f0ap.png\" \/><\/td>\n<\/tr>\n<\/tbody>\n<\/table>\n<\/div>\n<\/div>\n<\/div>\n<\/div>\n<\/div>\n<\/div>\n<\/div>\n<div class=\"J_module\">\n<div class=\"icbu-pc-images magic-16\">\n<div class=\"flex-layout-v\">\n<div class=\"flex-layout-h magic-16\">\n<div class=\"magic-17\"><\/div>\n<\/div>\n<\/div>\n<\/div>\n<\/div>\n<div class=\"J_module\">\n<div class=\"icbu-pc-images magic-16\">\n<div class=\"flex-layout-v\">\n<div class=\"flex-layout-h magic-16\">\n<div class=\"magic-22\">\n<h3><strong>Personnaliser Le Logo<\/strong><\/h3>\n<p>Vous voulez faire de votre marque de se d\u00e9marquer? Nous vous proposons logo personnalis\u00e9 de services pour vous aider \u00e0 cr\u00e9er un unique et personnalis\u00e9e de logo, qui refl\u00e8te l&#039;identit\u00e9 de votre marque. Notre \u00e9quipe d&#039;experts travaillera en \u00e9troite collaboration avec vous pour concevoir un logo qui r\u00e9sonne avec les valeurs de votre marque et de messagerie. Si vous \u00eates \u00e0 la recherche de r\u00e9organiser votre logo existant ou en cr\u00e9er un nouveau \u00e0 partir de z\u00e9ro, nous vous avons avons couvert. <a href=\"\/fr\/contact\/\">Contactez-nous<\/a> aujourd&#039;hui pour en savoir plus sur notre logo personnalis\u00e9 de services!<\/p>\n<\/div>\n<\/div>\n<\/div>\n<\/div>\n<\/div>\n<div class=\"J_module\">\n<div class=\"icbu-pc-images magic-16\">\n<div class=\"flex-layout-v\">\n<div class=\"flex-layout-h magic-16\">\n<div class=\"magic-24\"><\/div>\n<\/div>\n<\/div>\n<\/div>\n<\/div>","protected":false},"excerpt":{"rendered":"<p><span class=\"magic-10\" style=\"font-family: Arial;\">L&#039;appareil de massage de physioth\u00e9rapie par ondes de choc est utilis\u00e9 en orthop\u00e9die, physioth\u00e9rapie, m\u00e9decine sportive, urologie, m\u00e9decine v\u00e9t\u00e9rinaire et autres \u00e9quipements multidisciplinaires. Ses principaux avantages sont le soulagement rapide de la douleur et la r\u00e9cup\u00e9ration de la mobilit\u00e9. Ceci, associ\u00e9 au fait qu&#039;il s&#039;agit d&#039;un traitement non chirurgical qui ne n\u00e9cessite pas d&#039;analg\u00e9siques, en fait un traitement id\u00e9al pour acc\u00e9l\u00e9rer la gu\u00e9rison et traiter divers signes de douleur aigu\u00eb ou chronique.<\/span><\/p>","protected":false},"featured_media":2272,"comment_status":"open","ping_status":"closed","template":"","meta":{"_kad_post_transparent":"default","_kad_post_title":"","_kad_post_layout":"default","_kad_post_sidebar_id":"","_kad_post_content_style":"default","_kad_post_vertical_padding":"default","_kad_post_feature":"","_kad_post_feature_position":"","_kad_post_header":false,"_kad_post_footer":false,"_kad_post_classname":"","rank_math_title":"","rank_math_description":"","rank_math_focus_keyword":""},"product_brand":[],"product_cat":[65],"product_tag":[],"class_list":{"0":"post-2285","1":"product","2":"type-product","3":"status-publish","4":"has-post-thumbnail","6":"product_cat-shock-wave","7":"product_shipping_class-included-shipping","9":"first","10":"instock","11":"sale","12":"shipping-taxable","13":"purchasable","14":"product-type-simple","15":"entry","16":"content-bg","17":"loop-entry"},"_links":{"self":[{"href":"https:\/\/skbty.com\/fr\/wp-json\/wp\/v2\/product\/2285","targetHints":{"allow":["GET"]}}],"collection":[{"href":"https:\/\/skbty.com\/fr\/wp-json\/wp\/v2\/product"}],"about":[{"href":"https:\/\/skbty.com\/fr\/wp-json\/wp\/v2\/types\/product"}],"replies":[{"embeddable":true,"href":"https:\/\/skbty.com\/fr\/wp-json\/wp\/v2\/comments?post=2285"}],"wp:featuredmedia":[{"embeddable":true,"href":"https:\/\/skbty.com\/fr\/wp-json\/wp\/v2\/media\/2272"}],"wp:attachment":[{"href":"https:\/\/skbty.com\/fr\/wp-json\/wp\/v2\/media?parent=2285"}],"wp:term":[{"taxonomy":"product_brand","embeddable":true,"href":"https:\/\/skbty.com\/fr\/wp-json\/wp\/v2\/product_brand?post=2285"},{"taxonomy":"product_cat","embeddable":true,"href":"https:\/\/skbty.com\/fr\/wp-json\/wp\/v2\/product_cat?post=2285"},{"taxonomy":"product_tag","embeddable":true,"href":"https:\/\/skbty.com\/fr\/wp-json\/wp\/v2\/product_tag?post=2285"}],"curies":[{"name":"Wp wp","href":"https:\/\/api.w.org\/{rel}","templated":true}]}}