{"id":2301,"date":"2024-01-05T11:29:03","date_gmt":"2024-01-05T03:29:03","guid":{"rendered":"https:\/\/skbty.com\/?post_type=product&#038;p=2301"},"modified":"2024-06-21T11:50:04","modified_gmt":"2024-06-21T03:50:04","slug":"machine-depilation-et-de-detatouage-au-laser-2-en-1-2","status":"publish","type":"product","link":"https:\/\/skbty.com\/fr\/produit\/machine-depilation-et-de-detatouage-au-laser-2-en-1-2\/","title":{"rendered":"Machine d&#039;\u00e9pilation et de d\u00e9tatouage au laser 2 en 1"},"content":{"rendered":"<div class=\"J_module\">\n<div class=\"ife-detail-decorate-table\">\n<table style=\"border-color: #f3f3f3;\" border=\"1\" cellspacing=\"0\" cellpadding=\"0\">\n<tbody>\n<tr>\n<td colspan=\"1\" rowspan=\"1\">\n<div class=\"magic-2\"><span class=\"magic-3\" style=\"font-family: Arial;\">Nom<\/span><\/div>\n<\/td>\n<td colspan=\"1\" rowspan=\"1\">\n<div class=\"magic-4\"><span class=\"magic-3\" style=\"font-family: Arial;\">Machine d&#039;\u00e9pilation 2 en 1 808 nm + machine de d\u00e9tatouage au laser picoseconde<\/span><\/div>\n<\/td>\n<\/tr>\n<tr>\n<td colspan=\"1\" rowspan=\"1\">\n<div class=\"magic-2\"><span class=\"magic-3\" style=\"font-family: Arial;\">\u00c9cran<\/span><\/div>\n<\/td>\n<td colspan=\"1\" rowspan=\"1\">\n<div class=\"magic-4\"><span class=\"magic-3\" style=\"font-family: Arial;\">10,4 pouces<\/span><\/div>\n<\/td>\n<\/tr>\n<tr>\n<td colspan=\"1\" rowspan=\"1\">\n<div class=\"magic-2\"><span class=\"magic-3\" style=\"font-family: Arial;\">Fr\u00e9quence<\/span><\/div>\n<\/td>\n<td colspan=\"1\" rowspan=\"1\">\n<div class=\"magic-4\"><span class=\"magic-3\" style=\"font-family: Arial;\">1-10Hz<\/span><\/div>\n<\/td>\n<\/tr>\n<tr>\n<td colspan=\"1\" rowspan=\"1\">\n<div class=\"magic-2\"><span class=\"magic-3\" style=\"font-family: Arial;\">Longueur d&#039;onde d&#039;\u00e9pilation<\/span><\/div>\n<\/td>\n<td colspan=\"1\" rowspan=\"1\">\n<div class=\"magic-4\"><span class=\"magic-3\" style=\"font-family: Arial;\">808 nm<\/span><\/div>\n<\/td>\n<\/tr>\n<tr>\n<td colspan=\"1\" rowspan=\"1\">\n<div class=\"magic-2\"><span class=\"magic-3\" style=\"font-family: Arial;\">\u00c9nergie<\/span><\/div>\n<\/td>\n<td colspan=\"1\" rowspan=\"1\">\n<div class=\"magic-4\"><span class=\"magic-3\" style=\"font-family: Arial;\">1-120J\/CM\u00b2<\/span><\/div>\n<\/td>\n<\/tr>\n<tr>\n<td colspan=\"1\" rowspan=\"1\">\n<div class=\"magic-2\"><span class=\"magic-3\" style=\"font-family: Arial;\">Puissance du laser<\/span><\/div>\n<\/td>\n<td colspan=\"1\" rowspan=\"1\">\n<div class=\"magic-4\"><span class=\"magic-3\" style=\"font-family: Arial;\">300 W\/400 W<\/span><\/div>\n<\/td>\n<\/tr>\n<tr>\n<td colspan=\"1\" rowspan=\"1\">\n<div class=\"magic-2\"><span class=\"magic-3\" style=\"font-family: Arial;\">Largeur d&#039;impulsion<\/span><\/div>\n<\/td>\n<td colspan=\"1\" rowspan=\"1\">\n<div class=\"magic-4\"><span class=\"magic-3\" style=\"font-family: Arial;\">1MS-400MS<\/span><\/div>\n<\/td>\n<\/tr>\n<tr>\n<td colspan=\"1\" rowspan=\"1\">\n<div class=\"magic-2\"><span class=\"magic-3\" style=\"font-family: Arial;\">Longueur * largeur * hauteur<\/span><\/div>\n<\/td>\n<td colspan=\"1\" rowspan=\"1\">\n<div class=\"magic-4\"><span class=\"magic-3\" style=\"font-family: Arial;\">53*44*142cm (55kg)<\/span><\/div>\n<\/td>\n<\/tr>\n<tr>\n<td colspan=\"1\" rowspan=\"1\">\n<div class=\"magic-2\"><span class=\"magic-3\" style=\"font-family: Arial;\">Puissance totale<\/span><\/div>\n<\/td>\n<td colspan=\"1\" rowspan=\"1\">\n<div class=\"magic-4\"><span class=\"magic-3\" style=\"font-family: Arial;\">2000w<\/span><\/div>\n<\/td>\n<\/tr>\n<\/tbody>\n<\/table>\n<\/div>\n<\/div>\n<div class=\"J_module\">\n<div class=\"detail-decorate-json-renderer-container\">\n<div class=\"magic-5\">\n<div><\/div>\n<h3><span class=\"magic-7\" style=\"font-family: Arial;\">Th\u00e9orie<\/span><\/h3>\n<div class=\"magic-8\">\n<div class=\"magic-9\">\n<div class=\"magic-10\">\n<p><strong><span class=\"magic-3\" style=\"font-family: Arial;\">2 en 1 utilise la technologie laser \u00e0 diode 808 nm et la technologie laser picoseconde <\/span><\/strong><\/p>\n<div><span class=\"magic-3\" style=\"font-family: Arial;\">Le laser \u00e0 diode a une longueur d&#039;onde de 808 nm et agit en particulier sur les m\u00e9lanocytes du follicule pileux sans endommager les tissus environnants. La lumi\u00e8re laser peut \u00eatre absorb\u00e9e par les m\u00e9lanocytes de la tige du cheveu et des follicules pileux et convertie en chaleur, augmentant ainsi la temp\u00e9rature des follicules pileux.<br \/>\nLorsque la temp\u00e9rature augmente dans une certaine mesure, la structure du follicule pileux peut \u00eatre d\u00e9truite de mani\u00e8re irr\u00e9versible et la structure du follicule pileux dispara\u00eet apr\u00e8s le processus physiologique naturel, de mani\u00e8re \u00e0 atteindre l&#039;objectif d&#039;une \u00e9pilation permanente. <\/span><\/div>\n<div><span class=\"magic-3\" style=\"font-family: Arial;\">Le laser picoseconde utilise un mode de sortie \u00e0 impulsion tr\u00e8s courte pour remplacer l&#039;effet thermique et utilise le principe d&#039;onde de choc m\u00e9canique de la lumi\u00e8re pour \u00ab \u00e9craser \u00bb le pigment en fines particules gr\u00e2ce \u00e0 l&#039;\u00e9nergie focalis\u00e9e, qui est plus facile \u00e0 absorber par le m\u00e9tabolisme humain. Le laser picoseconde minimise les effets secondaires des effets thermiques et peut atteindre l&#039;objectif de r\u00e9soudre presque tous les types de taches pigmentaires, ce qui est mieux que les taches de blanchiment au laser traditionnelles. Le laser picoseconde est un traitement cutan\u00e9 au laser rapide, facile, non chirurgical et non invasif pour le corps, y compris la poitrine ou le cou, le visage, les mains, les jambes, etc.<\/span><\/div>\n<div>\n<table style=\"border-collapse: collapse; width: 100%;\">\n<tbody>\n<tr>\n<td style=\"width: 50%;\"><img loading=\"lazy\" decoding=\"async\" class=\"magic-13 aligncenter\" title=\"Machine d&#039;\u00e9pilation 808 nm + machine de d\u00e9tatouage au laser picoseconde\" src=\"https:\/\/sc04.alicdn.com\/kf\/H37ad109e5dbb4fe9868f2b48e83eea3fN\/247315878\/H37ad109e5dbb4fe9868f2b48e83eea3fN.png\" alt=\"Machine d&#039;\u00e9pilation 808 nm + machine de d\u00e9tatouage au laser picoseconde\" width=\"591\" height=\"451\" data-src=\"\/\/sc04.alicdn.com\/kf\/H37ad109e5dbb4fe9868f2b48e83eea3fN\/247315878\/H37ad109e5dbb4fe9868f2b48e83eea3fN.png\" \/><\/td>\n<td style=\"width: 50%;\"><img loading=\"lazy\" decoding=\"async\" class=\"magic-15 aligncenter\" title=\"Machine d&#039;\u00e9pilation 808 nm + machine de d\u00e9tatouage au laser picoseconde\" src=\"https:\/\/sc04.alicdn.com\/kf\/Hb93de2e708ba46a78a16d7a6d8c4e502S\/247315878\/Hb93de2e708ba46a78a16d7a6d8c4e502S.png\" alt=\"Machine d&#039;\u00e9pilation 808 nm + machine de d\u00e9tatouage au laser picoseconde\" width=\"629\" height=\"657\" data-src=\"\/\/sc04.alicdn.com\/kf\/Hb93de2e708ba46a78a16d7a6d8c4e502S\/247315878\/Hb93de2e708ba46a78a16d7a6d8c4e502S.png\" \/><\/td>\n<\/tr>\n<\/tbody>\n<\/table>\n<\/div>\n<\/div>\n<\/div>\n<\/div>\n<\/div>\n<\/div>\n<\/div>\n<div class=\"J_module\">\n<div class=\"icbu-pc-images magic-11\">\n<div class=\"flex-layout-v\">\n<div class=\"flex-layout-h magic-11\">\n<div class=\"magic-12\"><\/div>\n<\/div>\n<\/div>\n<\/div>\n<\/div>\n<div class=\"J_module\">\n<div class=\"icbu-pc-images magic-11\">\n<div class=\"flex-layout-v\">\n<div class=\"flex-layout-h magic-11\">\n<div class=\"magic-14\"><\/div>\n<\/div>\n<\/div>\n<\/div>\n<\/div>\n<div class=\"J_module\">\n<div class=\"icbu-pc-images magic-11\">\n<div>\n<div class=\"flex-layout-v\">\n<div class=\"flex-layout-h magic-11\">\n<div class=\"magic-16\"><img loading=\"lazy\" decoding=\"async\" class=\"magic-17 aligncenter\" title=\"Machine d&#039;\u00e9pilation 808 nm + machine de d\u00e9tatouage au laser picoseconde\" src=\"https:\/\/sc04.alicdn.com\/kf\/Hed2faa57b1754604a282e6d596c3191al\/247315878\/Hed2faa57b1754604a282e6d596c3191al.png\" alt=\"Machine d&#039;\u00e9pilation 808 nm + machine de d\u00e9tatouage au laser picoseconde\" width=\"611\" height=\"371\" data-src=\"\/\/sc04.alicdn.com\/kf\/Hed2faa57b1754604a282e6d596c3191al\/247315878\/Hed2faa57b1754604a282e6d596c3191al.png\" \/><\/div>\n<\/div>\n<\/div>\n<\/div>\n<\/div>\n<\/div>\n<div class=\"J_module\">\n<div class=\"detail-decorate-json-renderer-container\">\n<div class=\"magic-5\">\n<div><\/div>\n<h3><span class=\"magic-7\" style=\"font-family: Arial;\">Fonctions<\/span><\/h3>\n<div class=\"magic-8\">\n<div class=\"magic-9\">\n<div class=\"magic-10\"><span class=\"magic-3\" style=\"font-family: Arial;\">1) Tous les tatouages de couleur, l&#039;eye-liner et les lignes des l\u00e8vres ont \u00e9t\u00e9 supprim\u00e9s. <\/span><\/div>\n<div class=\"magic-10\"><span class=\"magic-3\" style=\"font-family: Arial;\">2) \u00c9liminer les pigments \u00e9pidermiques et dermiques. <\/span><\/div>\n<div class=\"magic-10\"><span class=\"magic-3\" style=\"font-family: Arial;\">3) \u00c9limination des grains de beaut\u00e9, grains de beaut\u00e9 bleus, grains de beaut\u00e9 noirs et taches de caf\u00e9. <\/span><\/div>\n<div class=\"magic-10\"><span class=\"magic-3\" style=\"font-family: Arial;\">4) Taches de vieillesse, taches de rousseur, taches solaires, \u00e9limination du m\u00e9lasma. <\/span><\/div>\n<div class=\"magic-10\"><span class=\"magic-3\" style=\"font-family: Arial;\">5) Blanchiment, peau tendre, etc.<\/span><\/div>\n<\/div>\n<\/div>\n<\/div>\n<\/div>\n<\/div>\n<div class=\"J_module\">\n<div class=\"detail-decorate-json-renderer-container\">\n<div class=\"magic-5\">\n<h3 class=\"magic-6\"><span class=\"magic-7\" style=\"font-family: Arial;\">Avantages<\/span><\/h3>\n<div class=\"magic-8\">\n<div class=\"magic-9\">\n<div class=\"magic-10\"><span class=\"magic-3\" style=\"font-family: Arial;\">1) La technologie la plus avantageuse combine les lasers \u00e0 diode avec les lasers picosecondes.<br \/>\n2) Chaque syst\u00e8me d&#039;alimentation ind\u00e9pendant, de haute qualit\u00e9 et de stabilit\u00e9.<br \/>\n3) Interface intelligente, param\u00e8tres de traitement pr\u00e9d\u00e9finis, facile \u00e0 utiliser.<br \/>\n4) Le syst\u00e8me avanc\u00e9 de surveillance et d&#039;alarme prot\u00e8ge la machine minute par minute.<br \/>\n5) La fonction de verrouillage \u00e0 combinaison facilite le contr\u00f4le de l&#039;activit\u00e9 de location.<\/span><\/div>\n<\/div>\n<\/div>\n<\/div>\n<\/div>\n<\/div>\n<div class=\"J_module\">\n<div class=\"detail-decorate-json-renderer-container\">\n<div class=\"magic-5\">\n<h3 class=\"magic-6\"><span class=\"magic-7\" style=\"font-family: Arial;\">Effets<\/span><\/h3>\n<div class=\"magic-8\">\n<div class=\"magic-9\">\n<div class=\"magic-10\">\n<div><span class=\"magic-3\" style=\"font-family: Arial;\"><b>Effets du laser \u00e0 diode 808 nm<\/b><\/span><\/div>\n<p><span class=\"magic-3\" style=\"font-family: Arial;\"><b>1. \u00c9pilation des aisselles<\/b> Apr\u00e8s utilisation, les poils des aisselles sont r\u00e9duits, ce qui peut inhiber efficacement la croissance des follicules pileux <\/span><br \/>\n<span class=\"magic-3\" style=\"font-family: Arial;\"><b>2. \u00c9pilation des pieds<\/b> Apr\u00e8s utilisation, les poils des pieds r\u00e9duisent la brillance de la peau des pieds <\/span><br \/>\n<span class=\"magic-3\" style=\"font-family: Arial;\"><b>3. \u00c9pilation du dos<\/b> Pour les hommes ayant plus de poils dans le dos, r\u00e9duire la douceur du dos apr\u00e8s utilisation <\/span><br \/>\n<span class=\"magic-3\" style=\"font-family: Arial;\"><b>4. \u00c9pilation des bras<\/b> Apr\u00e8s utilisation, les poils des bras peuvent r\u00e9duire consid\u00e9rablement la brillance de la peau du bras<\/span><\/p>\n<div>\n<div><span style=\"font-family: Arial;\"><span class=\"magic-3\"><b>Effets du laser picoseconde<\/b><br \/>\n<\/span><\/span><\/p>\n<div><span class=\"magic-3\" style=\"font-family: Arial;\"><b>1.Pores<\/b> Les pores grossiers et ne peuvent pas r\u00e9sister au vieillissement, gr\u00e2ce au traitement, vous pouvez voir l&#039;effet apr\u00e8s la r\u00e9duction <\/span><\/div>\n<div><span class=\"magic-3\" style=\"font-family: Arial;\"><b>2. Tache<\/b> Le laser picoseconde peut \u00eatre facilement retir\u00e9 sans se soucier de la pr\u00e9vention de la noirceur, et en m\u00eame temps, les taches difficiles sur le visage peuvent \u00eatre r\u00e9solues <\/span><\/div>\n<div><span class=\"magic-3\" style=\"font-family: Arial;\"><b>3. Lignes fines<\/b> Aucune quantit\u00e9 de cr\u00e8me de soin de la peau ne peut \u00e9liminer les ridules sous les yeux, et avec un traitement au laser picoseconde en nid d&#039;abeille, vous pouvez ressentir la diff\u00e9rence en peu de temps <\/span><\/div>\n<div><span class=\"magic-3\" style=\"font-family: Arial;\"><b>4. Cicatrice en forme de poche<\/b> Le laser \u00e0 matrice de points utilis\u00e9 plusieurs fois ne peut toujours pas am\u00e9liorer compl\u00e8tement la cicatrice tenace, donc le laser picoseconde utilis\u00e9 plusieurs fois peut restaurer les creux sur le visage <\/span><\/div>\n<div><span class=\"magic-3\" style=\"font-family: Arial;\"><b>5. Tatouage<\/b> Les tatouages qui ne r\u00e9pondent pas bien au traitement laser traditionnel (rouge, orange, jaune, vert, bleu et bleu) peuvent \u00eatre supprim\u00e9s avec un laser picoseconde, ne laissant aucune trace <\/span><\/div>\n<div><span class=\"magic-3\" style=\"font-family: Arial;\"><b>6. Visage stupide <\/b> Parce que le laser picoseconde a un excellent effet sur la m\u00e9lanine, l&#039;exp\u00e9rience clinique montre que l&#039;extr\u00e9mit\u00e9 de la peau devient lisse et tendre<\/span><\/div>\n<div>\n<table style=\"border-collapse: collapse; width: 100%;\">\n<tbody>\n<tr>\n<td style=\"width: 50%;\"><img loading=\"lazy\" decoding=\"async\" class=\"magic-19 aligncenter\" title=\"Machine d&#039;\u00e9pilation 808 nm + machine de d\u00e9tatouage au laser picoseconde\" src=\"https:\/\/sc04.alicdn.com\/kf\/H451be777b7f64438820bb767cafcff85A\/247315878\/H451be777b7f64438820bb767cafcff85A.png\" alt=\"Machine d&#039;\u00e9pilation 808 nm + machine de d\u00e9tatouage au laser picoseconde\" width=\"504\" height=\"417\" data-src=\"\/\/sc04.alicdn.com\/kf\/H451be777b7f64438820bb767cafcff85A\/247315878\/H451be777b7f64438820bb767cafcff85A.png\" \/><\/td>\n<td style=\"width: 50%;\"><img loading=\"lazy\" decoding=\"async\" class=\"magic-21 aligncenter\" title=\"Machine d&#039;\u00e9pilation 808 nm + machine de d\u00e9tatouage au laser picoseconde\" src=\"https:\/\/sc04.alicdn.com\/kf\/Hdf4926f83b1542d1a80d1b37084da4c0i\/247315878\/Hdf4926f83b1542d1a80d1b37084da4c0i.png\" alt=\"Machine d&#039;\u00e9pilation 808 nm + machine de d\u00e9tatouage au laser picoseconde\" width=\"800\" height=\"611\" data-src=\"\/\/sc04.alicdn.com\/kf\/Hdf4926f83b1542d1a80d1b37084da4c0i\/247315878\/Hdf4926f83b1542d1a80d1b37084da4c0i.png\" \/><\/td>\n<\/tr>\n<\/tbody>\n<\/table>\n<\/div>\n<\/div>\n<\/div>\n<\/div>\n<\/div>\n<\/div>\n<\/div>\n<\/div>\n<\/div>\n<div class=\"J_module\">\n<div class=\"icbu-pc-images magic-11\">\n<div class=\"flex-layout-v\">\n<div class=\"magic-18\">\n<h3><strong>Personnaliser Le Logo<\/strong><\/h3>\n<p>Vous voulez faire de votre marque de se d\u00e9marquer? Nous vous proposons logo personnalis\u00e9 de services pour vous aider \u00e0 cr\u00e9er un unique et personnalis\u00e9e de logo, qui refl\u00e8te l&#039;identit\u00e9 de votre marque. Notre \u00e9quipe d&#039;experts travaillera en \u00e9troite collaboration avec vous pour concevoir un logo qui r\u00e9sonne avec les valeurs de votre marque et de messagerie. Si vous \u00eates \u00e0 la recherche de r\u00e9organiser votre logo existant ou en cr\u00e9er un nouveau \u00e0 partir de z\u00e9ro, nous vous avons avons couvert. <a href=\"\/fr\/contact\/\">Contactez-nous<\/a> aujourd&#039;hui pour en savoir plus sur notre logo personnalis\u00e9 de services!<\/p>\n<\/div>\n<\/div>\n<\/div>\n<\/div>\n<div class=\"J_module\">\n<div class=\"icbu-pc-images magic-11\">\n<div class=\"flex-layout-v\">\n<div class=\"flex-layout-h magic-11\">\n<div class=\"magic-20\"><\/div>\n<\/div>\n<\/div>\n<\/div>\n<\/div>","protected":false},"excerpt":{"rendered":"<p><span class=\"magic-3\" style=\"font-family: Arial;\">Le laser \u00e0 diode a une longueur d&#039;onde de 808 nm et agit en particulier sur les m\u00e9lanocytes du follicule pileux sans endommager les tissus environnants. La lumi\u00e8re laser peut \u00eatre absorb\u00e9e par les m\u00e9lanocytes de la tige du cheveu et des follicules pileux et convertie en chaleur, augmentant ainsi la temp\u00e9rature des follicules pileux.<\/span><br \/>\n<span class=\"magic-3\" style=\"font-family: Arial;\">Le dispositif laser picoseconde utilise un mode de sortie d&#039;impulsion tr\u00e8s courte pour remplacer l&#039;effet thermique et utilise le principe d&#039;onde de choc m\u00e9canique de la lumi\u00e8re pour \u00ab \u00e9craser \u00bb le pigment en fines particules gr\u00e2ce \u00e0 l&#039;\u00e9nergie focalis\u00e9e, qui est plus facile \u00e0 absorber par le m\u00e9tabolisme humain. <\/span><\/p>","protected":false},"featured_media":2302,"comment_status":"open","ping_status":"closed","template":"","meta":{"_kad_post_transparent":"default","_kad_post_title":"","_kad_post_layout":"default","_kad_post_sidebar_id":"","_kad_post_content_style":"default","_kad_post_vertical_padding":"default","_kad_post_feature":"","_kad_post_feature_position":"","_kad_post_header":false,"_kad_post_footer":false,"_kad_post_classname":"","rank_math_title":"","rank_math_description":"","rank_math_focus_keyword":""},"product_brand":[],"product_cat":[66],"product_tag":[],"class_list":{"0":"post-2301","1":"product","2":"type-product","3":"status-publish","4":"has-post-thumbnail","6":"product_cat-2-in-1-808nmpico","8":"first","9":"instock","10":"shipping-taxable","11":"product-type-simple","12":"entry","13":"content-bg","14":"loop-entry"},"_links":{"self":[{"href":"https:\/\/skbty.com\/fr\/wp-json\/wp\/v2\/product\/2301","targetHints":{"allow":["GET"]}}],"collection":[{"href":"https:\/\/skbty.com\/fr\/wp-json\/wp\/v2\/product"}],"about":[{"href":"https:\/\/skbty.com\/fr\/wp-json\/wp\/v2\/types\/product"}],"replies":[{"embeddable":true,"href":"https:\/\/skbty.com\/fr\/wp-json\/wp\/v2\/comments?post=2301"}],"wp:featuredmedia":[{"embeddable":true,"href":"https:\/\/skbty.com\/fr\/wp-json\/wp\/v2\/media\/2302"}],"wp:attachment":[{"href":"https:\/\/skbty.com\/fr\/wp-json\/wp\/v2\/media?parent=2301"}],"wp:term":[{"taxonomy":"product_brand","embeddable":true,"href":"https:\/\/skbty.com\/fr\/wp-json\/wp\/v2\/product_brand?post=2301"},{"taxonomy":"product_cat","embeddable":true,"href":"https:\/\/skbty.com\/fr\/wp-json\/wp\/v2\/product_cat?post=2301"},{"taxonomy":"product_tag","embeddable":true,"href":"https:\/\/skbty.com\/fr\/wp-json\/wp\/v2\/product_tag?post=2301"}],"curies":[{"name":"Wp wp","href":"https:\/\/api.w.org\/{rel}","templated":true}]}}