{"id":2311,"date":"2024-01-05T11:35:36","date_gmt":"2024-01-05T03:35:36","guid":{"rendered":"https:\/\/skbty.com\/?post_type=product&#038;p=2311"},"modified":"2024-06-21T11:24:54","modified_gmt":"2024-06-21T03:24:54","slug":"machine-depilation-au-laser-et-de-detatouage-2-en-1","status":"publish","type":"product","link":"https:\/\/skbty.com\/fr\/produit\/machine-depilation-au-laser-et-de-detatouage-2-en-1\/","title":{"rendered":"Machine d&#039;\u00e9pilation et de d\u00e9tatouage au laser 2 en 1"},"content":{"rendered":"<div class=\"J_module\">\n<div class=\"ife-detail-decorate-table\">\n<h3>Qu&#039;est-ce que le <strong>Machine d&#039;\u00e9pilation au laser 2 en 1 808 nm + machine d&#039;\u00e9limination des tatouages au laser picoseconde ?<\/strong><\/h3>\n<p>L&#039; <strong>\u00c9pilation au laser 2 en 1 808 nm + \u00e9limination des tatouages au laser picoseconde <\/strong>La machine combine la technologie avanc\u00e9e du laser \u00e0 diode 808 nm avec la technologie du laser picoseconde pour offrir une \u00e9pilation et des traitements cutan\u00e9s de qualit\u00e9 sup\u00e9rieure. Cet appareil multifonctionnel est con\u00e7u pour des traitements efficaces et non invasifs qui ciblent divers probl\u00e8mes de peau et de cheveux, offrant une solution compl\u00e8te pour l&#039;am\u00e9lioration esth\u00e9tique.<\/p>\n<h3>Caract\u00e9ristiques<\/h3>\n<ul>\n<li><strong>Nom<\/strong>: \u00c9pilation 2 en 1 808 nm + \u00e9limination des tatouages au laser picoseconde<\/li>\n<li><strong>\u00c9cran<\/strong>: 8 pouces<\/li>\n<li><strong>Fr\u00e9quence<\/strong>: 1-10 Hz<\/li>\n<li><strong>Longueur d&#039;onde d&#039;\u00e9pilation<\/strong>: 808 nm<\/li>\n<li><strong>\u00c9nergie<\/strong>: 1-120J\/CM\u00b2<\/li>\n<li><strong>Puissance du laser<\/strong>: 300 W\/400 W<\/li>\n<li><strong>Largeur d&#039;impulsion<\/strong>: 1MS-400MS<\/li>\n<li><strong>Dimensions<\/strong>: 53<em>44<\/em>142 cm (55 kg)<\/li>\n<li><strong>Puissance totale<\/strong>: 2000 W<\/li>\n<\/ul>\n<table style=\"border-collapse: collapse; width: 100%;\">\n<tbody>\n<tr>\n<td style=\"width: 50%;\"><img loading=\"lazy\" decoding=\"async\" class=\"magic-13 aligncenter\" title=\"Machine de d\u00e9tatouage au laser picoseconde\" src=\"https:\/\/sc04.alicdn.com\/kf\/H37ad109e5dbb4fe9868f2b48e83eea3fN\/247315878\/H37ad109e5dbb4fe9868f2b48e83eea3fN.png\" alt=\"Machine de d\u00e9tatouage au laser picoseconde\" width=\"346\" height=\"264\" data-src=\"\/\/sc04.alicdn.com\/kf\/H37ad109e5dbb4fe9868f2b48e83eea3fN\/247315878\/H37ad109e5dbb4fe9868f2b48e83eea3fN.png\" \/><\/td>\n<td style=\"width: 50%;\"><img loading=\"lazy\" decoding=\"async\" class=\"magic-15 aligncenter\" title=\"Machine de d\u00e9tatouage au laser picoseconde\" src=\"https:\/\/sc04.alicdn.com\/kf\/Hb93de2e708ba46a78a16d7a6d8c4e502S\/247315878\/Hb93de2e708ba46a78a16d7a6d8c4e502S.png\" alt=\"Machine de d\u00e9tatouage au laser picoseconde\" width=\"314\" height=\"329\" data-src=\"\/\/sc04.alicdn.com\/kf\/Hb93de2e708ba46a78a16d7a6d8c4e502S\/247315878\/Hb93de2e708ba46a78a16d7a6d8c4e502S.png\" \/><\/td>\n<\/tr>\n<\/tbody>\n<\/table>\n<h3>Th\u00e9orie<\/h3>\n<p>La machine 2 en 1 utilise deux technologies de pointe :<\/p>\n<ol>\n<li><strong>Technologie laser \u00e0 diode 808 nm<\/strong>:Cette technologie cible les m\u00e9lanocytes des follicules pileux sans endommager les tissus environnants. L&#039;\u00e9nergie laser est absorb\u00e9e par la m\u00e9lanine, la transformant en chaleur et augmentant la temp\u00e9rature des follicules pileux, entra\u00eenant leur destruction irr\u00e9versible et leur \u00e9pilation d\u00e9finitive.<\/li>\n<li><strong>Technologie laser picoseconde<\/strong>:Cette technologie utilise des impulsions de tr\u00e8s courte dur\u00e9e pour g\u00e9n\u00e9rer des ondes de choc m\u00e9caniques qui d\u00e9composent les particules pigmentaires. Ces particules sont ensuite absorb\u00e9es et \u00e9limin\u00e9es par le corps, minimisant ainsi les dommages thermiques et traitant efficacement diverses taches pigmentaires.<\/li>\n<\/ol>\n<h3><img loading=\"lazy\" decoding=\"async\" class=\"magic-17 aligncenter\" title=\"Machine de d\u00e9tatouage au laser picoseconde\" src=\"https:\/\/sc04.alicdn.com\/kf\/Hed2faa57b1754604a282e6d596c3191al\/247315878\/Hed2faa57b1754604a282e6d596c3191al.png\" alt=\"Machine de d\u00e9tatouage au laser picoseconde\" width=\"484\" height=\"294\" data-src=\"\/\/sc04.alicdn.com\/kf\/Hed2faa57b1754604a282e6d596c3191al\/247315878\/Hed2faa57b1754604a282e6d596c3191al.png\" \/><\/h3>\n<h3>Fonctions<\/h3>\n<ol>\n<li><strong>Suppression de tatouage<\/strong>:\u00c9limine tous les tatouages de couleur, y compris l&#039;eye-liner et les lignes des l\u00e8vres.<\/li>\n<li><strong>\u00c9limination des pigments<\/strong>:\u00c9limine les pigments \u00e9pidermiques et dermiques tels que le grain de beaut\u00e9 Ota, le grain de beaut\u00e9 bleu, le grain de beaut\u00e9 noir et les taches de caf\u00e9.<\/li>\n<li><strong>\u00c9limination des taches<\/strong>:Traite les taches de vieillesse, les taches de rousseur, les taches solaires et le m\u00e9lasma.<\/li>\n<li><strong>Blanchiment et rajeunissement de la peau<\/strong>: Am\u00e9liore la texture de la peau, la rendant plus blanche et plus lisse.<\/li>\n<\/ol>\n<h3>Avantages<\/h3>\n<ol>\n<li><strong>Technologie avanc\u00e9e<\/strong>:Combine les lasers \u00e0 diode et picoseconde pour une efficacit\u00e9 de traitement am\u00e9lior\u00e9e.<\/li>\n<li><strong>Alimentation \u00e9lectrique ind\u00e9pendante<\/strong>: Assure une qualit\u00e9 et une stabilit\u00e9 \u00e9lev\u00e9es.<\/li>\n<li><strong>Interface intelligente<\/strong>:Param\u00e8tres de traitement pr\u00e9d\u00e9finis pour une utilisation facile.<\/li>\n<li><strong>Syst\u00e8me de surveillance<\/strong>:Le syst\u00e8me avanc\u00e9 prot\u00e8ge la machine en continu.<\/li>\n<li><strong>Fonction de verrouillage \u00e0 combinaison<\/strong>: Facilite le contr\u00f4le dans les configurations d&#039;entreprises de location.<\/li>\n<\/ol>\n<h3>Effets<\/h3>\n<h4>Effets du laser \u00e0 diode 808 nm<\/h4>\n<ol>\n<li><strong>\u00c9pilation des aisselles<\/strong>:R\u00e9duit et inhibe la croissance des follicules pileux.<\/li>\n<li><strong>\u00c9pilation des pieds<\/strong>:Diminue les poils et am\u00e9liore la douceur de la peau.<\/li>\n<li><strong>\u00c9pilation du dos<\/strong>:R\u00e9duit les poils pour une peau du dos plus lisse.<\/li>\n<li><strong>\u00c9pilation des bras<\/strong>:R\u00e9duit consid\u00e9rablement les poils, am\u00e9liorant la brillance de la peau.<\/li>\n<\/ol>\n<h4>Effets du laser picoseconde<\/h4>\n<ol>\n<li><strong>R\u00e9duction des pores<\/strong>: Am\u00e9liore les pores grossiers, am\u00e9liorant la texture de la peau.<\/li>\n<li><strong>\u00c9limination des taches<\/strong>:\u00c9limine efficacement les taches du visage sans provoquer de noircissement.<\/li>\n<li><strong>R\u00e9duction des ridules<\/strong>:\u00c9limine les ridules sous les yeux, offrant des r\u00e9sultats visibles.<\/li>\n<li><strong>Traitement des cicatrices<\/strong>: Am\u00e9liore les cicatrices tenaces et les creux sur le visage.<\/li>\n<li><strong>Suppression de tatouage<\/strong>:\u00c9limine efficacement les tatouages de diff\u00e9rentes couleurs sans laisser de traces.<\/li>\n<li><strong>\u00c9claircissement de la peau<\/strong>: Am\u00e9liore la peau terne, la rendant lisse et tendre.<\/li>\n<\/ol>\n<h3><strong>Personnaliser Le Logo<\/strong><\/h3>\n<p>Vous voulez faire de votre marque de se d\u00e9marquer? Nous vous proposons logo personnalis\u00e9 de services pour vous aider \u00e0 cr\u00e9er un unique et personnalis\u00e9e de logo, qui refl\u00e8te l&#039;identit\u00e9 de votre marque. Notre \u00e9quipe d&#039;experts travaillera en \u00e9troite collaboration avec vous pour concevoir un logo qui r\u00e9sonne avec les valeurs de votre marque et de messagerie. Si vous \u00eates \u00e0 la recherche de r\u00e9organiser votre logo existant ou en cr\u00e9er un nouveau \u00e0 partir de z\u00e9ro, nous vous avons avons couvert. <a href=\"\/fr\/contact\/\">Contactez-nous<\/a> aujourd&#039;hui pour en savoir plus sur notre logo personnalis\u00e9 de services!<\/p>\n<\/div>\n<\/div>\n<div class=\"J_module\">\n<div class=\"detail-decorate-json-renderer-container\">\n<div class=\"magic-5\">\n<div class=\"magic-8\">\n<div class=\"magic-9\">\n<div class=\"magic-10\">\n<div><\/div>\n<\/div>\n<\/div>\n<\/div>\n<\/div>\n<\/div>\n<\/div>","protected":false},"excerpt":{"rendered":"<div><span class=\"magic-3\" style=\"font-family: Arial;\">Le laser \u00e0 diode a une longueur d&#039;onde de 808 nm et agit en particulier sur les m\u00e9lanocytes du follicule pileux sans endommager les tissus environnants. La lumi\u00e8re laser peut \u00eatre absorb\u00e9e par les m\u00e9lanocytes de la tige du cheveu et des follicules pileux et convertie en chaleur, augmentant ainsi la temp\u00e9rature des follicules pileux.<\/span><\/div>\n<div><span class=\"magic-3\" style=\"font-family: Arial;\">Le dispositif laser picoseconde utilise un mode de sortie d&#039;impulsion tr\u00e8s courte pour remplacer l&#039;effet thermique et utilise le principe d&#039;onde de choc m\u00e9canique de la lumi\u00e8re pour \u00ab \u00e9craser \u00bb le pigment en fines particules gr\u00e2ce \u00e0 l&#039;\u00e9nergie focalis\u00e9e, qui est plus facile \u00e0 absorber par le m\u00e9tabolisme humain.<\/span><\/div>","protected":false},"featured_media":2312,"comment_status":"open","ping_status":"closed","template":"","meta":{"_kad_post_transparent":"default","_kad_post_title":"","_kad_post_layout":"default","_kad_post_sidebar_id":"","_kad_post_content_style":"default","_kad_post_vertical_padding":"default","_kad_post_feature":"","_kad_post_feature_position":"","_kad_post_header":false,"_kad_post_footer":false,"_kad_post_classname":"","rank_math_title":"","rank_math_description":"","rank_math_focus_keyword":""},"product_brand":[],"product_cat":[66],"product_tag":[],"class_list":{"0":"post-2311","1":"product","2":"type-product","3":"status-publish","4":"has-post-thumbnail","6":"product_cat-2-in-1-808nmpico","8":"first","9":"instock","10":"shipping-taxable","11":"product-type-simple","12":"entry","13":"content-bg","14":"loop-entry"},"_links":{"self":[{"href":"https:\/\/skbty.com\/fr\/wp-json\/wp\/v2\/product\/2311","targetHints":{"allow":["GET"]}}],"collection":[{"href":"https:\/\/skbty.com\/fr\/wp-json\/wp\/v2\/product"}],"about":[{"href":"https:\/\/skbty.com\/fr\/wp-json\/wp\/v2\/types\/product"}],"replies":[{"embeddable":true,"href":"https:\/\/skbty.com\/fr\/wp-json\/wp\/v2\/comments?post=2311"}],"wp:featuredmedia":[{"embeddable":true,"href":"https:\/\/skbty.com\/fr\/wp-json\/wp\/v2\/media\/2312"}],"wp:attachment":[{"href":"https:\/\/skbty.com\/fr\/wp-json\/wp\/v2\/media?parent=2311"}],"wp:term":[{"taxonomy":"product_brand","embeddable":true,"href":"https:\/\/skbty.com\/fr\/wp-json\/wp\/v2\/product_brand?post=2311"},{"taxonomy":"product_cat","embeddable":true,"href":"https:\/\/skbty.com\/fr\/wp-json\/wp\/v2\/product_cat?post=2311"},{"taxonomy":"product_tag","embeddable":true,"href":"https:\/\/skbty.com\/fr\/wp-json\/wp\/v2\/product_tag?post=2311"}],"curies":[{"name":"Wp wp","href":"https:\/\/api.w.org\/{rel}","templated":true}]}}