{"id":2334,"date":"2024-01-06T12:17:31","date_gmt":"2024-01-06T04:17:31","guid":{"rendered":"https:\/\/skbty.com\/?post_type=product&#038;p=2334"},"modified":"2024-06-20T17:56:26","modified_gmt":"2024-06-20T09:56:26","slug":"appareil-de-beaute-plasma-2-en-1","status":"publish","type":"product","link":"https:\/\/skbty.com\/fr\/produit\/appareil-de-beaute-plasma-2-en-1\/","title":{"rendered":"Appareil de beaut\u00e9 plasma 2 en 1"},"content":{"rendered":"<div class=\"J_module\">\n<div class=\"detail-decorate-json-renderer-container\">\n<div class=\"magic-1\">\n<h3>Qu&#039;est-ce que le <strong>Machine de beaut\u00e9 plasma 2 en 1 ?<\/strong><\/h3>\n<p>L&#039; <strong>Appareil de beaut\u00e9 plasma 2 en 1<\/strong> combine la puissance des technologies plasma flash et plasma ozone pour un traitement complet de la peau. Le plasma flash avec un manche en or raffermit le visage et \u00e9limine les taches et les rides, tandis que le plasma ozone avec un manche blanc offre des avantages anti-inflammatoires, de st\u00e9rilisation, de soulagement des d\u00e9mangeaisons, de m\u00e9tabolisme des pigments, de contr\u00f4le du s\u00e9bum et de nettoyage de la peau. L&#039;appareil est livr\u00e9 avec sept sondes interchangeables con\u00e7ues pour traiter diverses affections cutan\u00e9es comme les allergies, l&#039;acn\u00e9, l&#039;ecz\u00e9ma et la dermatite.<\/p>\n<h3>Caract\u00e9ristiques<\/h3>\n<ul>\n<li><strong>Nom<\/strong>:Machine de beaut\u00e9 plasma 2 en 1<\/li>\n<li><strong>Technologie<\/strong>: Plasma \u00e9clair + plasma ozon\u00e9<\/li>\n<li><strong>Service<\/strong>:Fabricant d&#039;\u00e9quipement d&#039;origine \/ ODM<\/li>\n<li><strong>Tension<\/strong>:CA 110V\/220V<\/li>\n<li><strong>Puissance de sortie<\/strong>: 10-60 W<\/li>\n<li><strong>Fr\u00e9quence de sortie<\/strong>: 15 Hz-150 Hz<\/li>\n<li><strong>Taille<\/strong>: 41(longueur)\u00d741(largeur)\u00d750(hauteur)cm<\/li>\n<li><strong>Poids brut<\/strong>:Environ 13 kg<\/li>\n<\/ul>\n<table style=\"border-collapse: collapse; width: 100%;\">\n<tbody>\n<tr>\n<td style=\"width: 50%;\"><img loading=\"lazy\" decoding=\"async\" class=\"magic-24 aligncenter\" title=\"Appareil de beaut\u00e9 au plasma\" src=\"https:\/\/sc04.alicdn.com\/kf\/Hf6e5f224aa4c4cc189ebb0d5f5e15575K\/247315878\/Hf6e5f224aa4c4cc189ebb0d5f5e15575K.png\" alt=\"Appareil de beaut\u00e9 au plasma\" width=\"384\" height=\"256\" data-src=\"\/\/sc04.alicdn.com\/kf\/Hf6e5f224aa4c4cc189ebb0d5f5e15575K\/247315878\/Hf6e5f224aa4c4cc189ebb0d5f5e15575K.png\" \/><\/td>\n<td style=\"width: 50%;\"><img loading=\"lazy\" decoding=\"async\" class=\"magic-26 aligncenter\" title=\"Appareil de beaut\u00e9 au plasma\" src=\"https:\/\/sc04.alicdn.com\/kf\/H7001b3f33b1747fa92199444c8f3f588J\/247315878\/H7001b3f33b1747fa92199444c8f3f588J.png\" alt=\"Appareil de beaut\u00e9 au plasma\" width=\"750\" height=\"362\" data-src=\"\/\/sc04.alicdn.com\/kf\/H7001b3f33b1747fa92199444c8f3f588J\/247315878\/H7001b3f33b1747fa92199444c8f3f588J.png\" \/><\/td>\n<\/tr>\n<\/tbody>\n<\/table>\n<h3>Principe de fonctionnement<\/h3>\n<p><strong>Qu&#039;est-ce que le plasma ?<\/strong> Le plasma est un \u00e9tat de la mati\u00e8re dans lequel le gaz est \u00e9nergis\u00e9, lib\u00e9rant de l&#039;\u00e9nergie et produisant une ionisation. Dans cette machine, le courant continu (CC) est utilis\u00e9 comme source d&#039;\u00e9nergie pour cr\u00e9er une s\u00e9quence de d\u00e9charge d&#039;\u00e9tincelles, chauffant la peau sans endommager les tissus environnants. La pointe de l&#039;appareil, plac\u00e9e \u00e0 4 mm de la peau, ionise l&#039;air pour former du plasma, stimulant la r\u00e9g\u00e9n\u00e9ration cellulaire, am\u00e9liorant l&#039;absorption cutan\u00e9e, assurant un nettoyage antibact\u00e9rien et am\u00e9liorant l&#039;\u00e9lasticit\u00e9 et le contour de la peau.<\/p>\n<h3><img loading=\"lazy\" decoding=\"async\" class=\"magic-18 aligncenter\" title=\"Appareil de beaut\u00e9 au plasma\" src=\"https:\/\/sc04.alicdn.com\/kf\/H0f2d4ca5d81b4a798968bff0808070b4z\/247315878\/H0f2d4ca5d81b4a798968bff0808070b4z.png\" alt=\"Appareil de beaut\u00e9 au plasma\" width=\"546\" height=\"212\" data-src=\"\/\/sc04.alicdn.com\/kf\/H0f2d4ca5d81b4a798968bff0808070b4z\/247315878\/H0f2d4ca5d81b4a798968bff0808070b4z.png\" \/><\/h3>\n<p><img loading=\"lazy\" decoding=\"async\" class=\"magic-20 aligncenter\" title=\"Appareil de beaut\u00e9 au plasma\" src=\"https:\/\/sc04.alicdn.com\/kf\/H15aa9e5f516449148cf30b3128840968w\/247315878\/H15aa9e5f516449148cf30b3128840968w.png\" alt=\"Appareil de beaut\u00e9 au plasma\" width=\"526\" height=\"482\" data-src=\"\/\/sc04.alicdn.com\/kf\/H15aa9e5f516449148cf30b3128840968w\/247315878\/H15aa9e5f516449148cf30b3128840968w.png\" \/><\/p>\n<h3>Modes de fonctionnement<\/h3>\n<ul>\n<li><strong>A : Mode automatique<\/strong>:La pause de la poign\u00e9e et l&#039;interface de fonctionnement sont synchronis\u00e9es avec la touche de d\u00e9marrage, activ\u00e9e soit par l&#039;\u00e9cran d&#039;affichage, soit par la poign\u00e9e.<\/li>\n<li><strong>M : Mode manuel<\/strong>:Actionn\u00e9 \u00e0 l&#039;aide d&#039;une p\u00e9dale, la touche pause ou d\u00e9marrage de la poign\u00e9e ou de l&#039;\u00e9cran d&#039;affichage reste inactive.<\/li>\n<\/ul>\n<p><strong>Contr\u00f4leur unique \u00e0 deux canaux<\/strong>:Une seule poign\u00e9e peut fonctionner \u00e0 la fois.<\/p>\n<ul>\n<li><strong>Pouvoir<\/strong>: 10-60 W<\/li>\n<li><strong>Engrenage \u00e0 fr\u00e9quence d&#039;impulsion<\/strong>: 0-8<\/li>\n<li><strong>Niveau d&#039;\u00e9nergie Gear<\/strong>: 1-8<\/li>\n<\/ul>\n<h3>Caract\u00e9ristiques<\/h3>\n<ol>\n<li><strong>Technologie plasma<\/strong>:Contrairement aux lasers, le plasma ne cible pas de chromophores sp\u00e9cifiques, ce qui le rend polyvalent pour diff\u00e9rentes parties du corps.<\/li>\n<li><strong>G\u00e9n\u00e9ration de chaleur<\/strong>:Utilise de petits courants \u00e9lectriques pour g\u00e9n\u00e9rer de la chaleur.<\/li>\n<li><strong>Traitement rapide<\/strong>:Traite les zones affaiss\u00e9es avec une pr\u00e9cision extr\u00eame, favorisant un raffermissement imm\u00e9diat de la peau et la production de collag\u00e8ne.<\/li>\n<li><strong>R\u00e9g\u00e9n\u00e9ration du collag\u00e8ne<\/strong>:Favorise la r\u00e9g\u00e9n\u00e9ration de la peau et am\u00e9liore le contour du visage.<\/li>\n<\/ol>\n<h3>Fonctions<\/h3>\n<ol>\n<li>\u00c9limination des cicatrices d&#039;acn\u00e9<\/li>\n<li>\u00c9limination des grains de beaut\u00e9 et des taches<\/li>\n<li>\u00c9limination des pigments et des taches de rousseur<\/li>\n<li>Suppression des vergetures et correction des paupi\u00e8res<\/li>\n<li>Lifting de la peau, raffermissement et \u00e9limination des rides<\/li>\n<li>Effet tonifiant<\/li>\n<\/ol>\n<h3>Effets<\/h3>\n<ol>\n<li>Am\u00e9liore l&#039;absorption des ingr\u00e9dients actifs dans les produits de soins de la peau, am\u00e9liorant ainsi l&#039;efficacit\u00e9 cosm\u00e9tique.<\/li>\n<li>Bact\u00e9ricide et anti-inflammatoire, il \u00e9limine efficacement les bact\u00e9ries et les marques profondes de l&#039;acn\u00e9 cutan\u00e9e tout en pr\u00e9venant les r\u00e9cidives.<\/li>\n<li>Acc\u00e9l\u00e8re le m\u00e9tabolisme de la peau, favorise la r\u00e9g\u00e9n\u00e9ration du collag\u00e8ne et att\u00e9nue le vieillissement cutan\u00e9.<\/li>\n<li>Soulage les d\u00e9mangeaisons caus\u00e9es par les allergies et la s\u00e9cheresse.<\/li>\n<li>Inhibe la production de m\u00e9lanine, \u00e9claircit le teint, am\u00e9liore la qualit\u00e9 de la peau et r\u00e9tr\u00e9cit les pores.<\/li>\n<\/ol>\n<\/div>\n<\/div>\n<\/div>\n<div class=\"J_module\">\n<div class=\"icbu-pc-images magic-16\">\n<div>\n<div class=\"flex-layout-v\">\n<div class=\"flex-layout-h magic-16\">\n<div class=\"magic-29\"><img loading=\"lazy\" decoding=\"async\" class=\"magic-30 aligncenter\" title=\"Appareil de beaut\u00e9 au plasma\" src=\"https:\/\/sc04.alicdn.com\/kf\/Hc84e1501458c459f8036565a963fab8fG\/247315878\/Hc84e1501458c459f8036565a963fab8fG.png\" alt=\"Appareil de beaut\u00e9 au plasma\" width=\"547\" height=\"281\" data-src=\"\/\/sc04.alicdn.com\/kf\/Hc84e1501458c459f8036565a963fab8fG\/247315878\/Hc84e1501458c459f8036565a963fab8fG.png\" \/><\/div>\n<div>\n<h3><strong>Personnaliser Le Logo<\/strong><\/h3>\n<p>Vous voulez faire de votre marque de se d\u00e9marquer? Nous vous proposons logo personnalis\u00e9 de services pour vous aider \u00e0 cr\u00e9er un unique et personnalis\u00e9e de logo, qui refl\u00e8te l&#039;identit\u00e9 de votre marque. Notre \u00e9quipe d&#039;experts travaillera en \u00e9troite collaboration avec vous pour concevoir un logo qui r\u00e9sonne avec les valeurs de votre marque et de messagerie. Si vous \u00eates \u00e0 la recherche de r\u00e9organiser votre logo existant ou en cr\u00e9er un nouveau \u00e0 partir de z\u00e9ro, nous vous avons avons couvert. <a href=\"\/fr\/contact\/\">Contactez-nous<\/a> aujourd&#039;hui pour en savoir plus sur notre logo personnalis\u00e9 de services!<\/p>\n<\/div>\n<\/div>\n<\/div>\n<\/div>\n<\/div>\n<\/div>","protected":false},"excerpt":{"rendered":"<p><span class=\"magic-7\" style=\"font-family: Arial;\">Cette machine de beaut\u00e9 au plasma 2 en 1 se compose d&#039;un plasma flash et d&#039;un plasma ozone. L&#039;une des fonctions du plasma flash \u00e0 manche dor\u00e9 est de raffermir le visage et d&#039;\u00e9liminer les taches et les rides. Manche blanc - fonction plasma ozone deux : st\u00e9rilisation anti-inflammatoire, soulagement des d\u00e9mangeaisons, pigment m\u00e9tabolique, r\u00e9gulation de la s\u00e9cr\u00e9tion d&#039;huile - contr\u00f4le de l&#039;huile, nettoyage de la peau. Sept sondes diff\u00e9rentes peuvent \u00eatre remplac\u00e9es pour les peaux allergiques, l&#039;acn\u00e9, l&#039;ecz\u00e9ma, la dermatite et d&#039;autres peaux.<\/span><\/p>","protected":false},"featured_media":2327,"comment_status":"open","ping_status":"closed","template":"","meta":{"_kad_post_transparent":"default","_kad_post_title":"","_kad_post_layout":"default","_kad_post_sidebar_id":"","_kad_post_content_style":"default","_kad_post_vertical_padding":"default","_kad_post_feature":"","_kad_post_feature_position":"","_kad_post_header":false,"_kad_post_footer":false,"_kad_post_classname":"","rank_math_title":"","rank_math_description":"","rank_math_focus_keyword":""},"product_brand":[],"product_cat":[64],"product_tag":[],"class_list":{"0":"post-2334","1":"product","2":"type-product","3":"status-publish","4":"has-post-thumbnail","6":"product_cat-plasma-machines","8":"first","9":"instock","10":"shipping-taxable","11":"product-type-simple","12":"entry","13":"content-bg","14":"loop-entry"},"_links":{"self":[{"href":"https:\/\/skbty.com\/fr\/wp-json\/wp\/v2\/product\/2334","targetHints":{"allow":["GET"]}}],"collection":[{"href":"https:\/\/skbty.com\/fr\/wp-json\/wp\/v2\/product"}],"about":[{"href":"https:\/\/skbty.com\/fr\/wp-json\/wp\/v2\/types\/product"}],"replies":[{"embeddable":true,"href":"https:\/\/skbty.com\/fr\/wp-json\/wp\/v2\/comments?post=2334"}],"wp:featuredmedia":[{"embeddable":true,"href":"https:\/\/skbty.com\/fr\/wp-json\/wp\/v2\/media\/2327"}],"wp:attachment":[{"href":"https:\/\/skbty.com\/fr\/wp-json\/wp\/v2\/media?parent=2334"}],"wp:term":[{"taxonomy":"product_brand","embeddable":true,"href":"https:\/\/skbty.com\/fr\/wp-json\/wp\/v2\/product_brand?post=2334"},{"taxonomy":"product_cat","embeddable":true,"href":"https:\/\/skbty.com\/fr\/wp-json\/wp\/v2\/product_cat?post=2334"},{"taxonomy":"product_tag","embeddable":true,"href":"https:\/\/skbty.com\/fr\/wp-json\/wp\/v2\/product_tag?post=2334"}],"curies":[{"name":"Wp wp","href":"https:\/\/api.w.org\/{rel}","templated":true}]}}