{"id":2350,"date":"2024-01-08T16:14:20","date_gmt":"2024-01-08T08:14:20","guid":{"rendered":"https:\/\/skbty.com\/?post_type=product&#038;p=2350"},"modified":"2024-06-20T17:40:20","modified_gmt":"2024-06-20T09:40:20","slug":"machine-de-microneedling-rf-2-en-1-3","status":"publish","type":"product","link":"https:\/\/skbty.com\/fr\/produit\/machine-de-microneedling-rf-2-en-1-3\/","title":{"rendered":"Machine de microneedling RF 2 en 1"},"content":{"rendered":"<div class=\"J_module\">\n<div class=\"detail-decorate-json-renderer-container\">\n<div class=\"magic-1\">\n<h3>Qu&#039;est-ce que le <strong>Machine de micro-aiguilletage RF 2 en 1 ?<\/strong><\/h3>\n<p>L&#039; <strong>Machine de microneedling RF 2 en 1<\/strong>, \u00e9galement connu sous le nom de Crystallite Depth 8, est un dispositif m\u00e9dical de pointe combinant la RF (radiofr\u00e9quence), les micro-aiguilles isol\u00e9es et la technologie matricielle pour des traitements cutan\u00e9s avanc\u00e9s. Cet appareil peu invasif est \u00e9quip\u00e9 de sondes interchangeables (12p, 24p, 40p, nanoprobe) qui permettent une p\u00e9n\u00e9tration cutan\u00e9e pr\u00e9cise \u00e0 des profondeurs r\u00e9glables (0,5 \u00e0 7 mm), ce qui le rend id\u00e9al pour une vari\u00e9t\u00e9 de traitements de rajeunissement de la peau et anti-\u00e2ge.<\/p>\n<h3><img loading=\"lazy\" decoding=\"async\" class=\"magic-10 aligncenter\" title=\"Machine de micro-aiguilletage RF\" src=\"https:\/\/sc04.alicdn.com\/kf\/Hf9866e4cfd974860b77d5de20fa25727Z\/247315878\/Hf9866e4cfd974860b77d5de20fa25727Z.png\" alt=\"Machine de micro-aiguilletage RF\" width=\"505\" height=\"427\" data-src=\"\/\/sc04.alicdn.com\/kf\/Hf9866e4cfd974860b77d5de20fa25727Z\/247315878\/Hf9866e4cfd974860b77d5de20fa25727Z.png\" \/><\/h3>\n<h3>Caract\u00e9ristiques<\/h3>\n<ul>\n<li><strong>Nom<\/strong>:Machine de microneedling RF 2 en 1<\/li>\n<li><strong>\u00c9cran tactile<\/strong>: 15 pouces<\/li>\n<li><strong>Service OEM<\/strong>: Soutien<\/li>\n<li><strong>Technologie<\/strong>:Micro-aiguille RF fractionn\u00e9e<\/li>\n<li><strong>Sonde de th\u00e9rapie<\/strong>: 12P, 24P, 40P, t\u00eate nanocristalline<\/li>\n<li><strong>Profondeur<\/strong>: 0,5-7 mm<\/li>\n<li><strong>Tension de fonctionnement<\/strong>:CA 110 V~230 V\u00b1101 TP3T, 50 Hz-60 Hz<\/li>\n<li><strong>Fr\u00e9quence de sortie<\/strong>: 4 MHz<\/li>\n<li><strong>Pouvoir<\/strong>: 10-300 W<\/li>\n<li><strong>Taille de la bo\u00eete \u00e0 air<\/strong>: 40\u00d743\u00d742cm<\/li>\n<\/ul>\n<h3>Principe de fonctionnement<\/h3>\n<p>L&#039; <strong>Profondeur de cristallite 8<\/strong> utilise un traitement fractionn\u00e9 peu invasif combinant micro-aiguilles et \u00e9nergie RF. Contr\u00f4l\u00e9es par un syst\u00e8me \u00e9lectronique, les aiguilles isol\u00e9es p\u00e9n\u00e8trent rapidement dans l&#039;\u00e9piderme, \u00e9mettent de l&#039;\u00e9nergie RF et sortent de la peau. Ce processus cr\u00e9e de minuscules plaies, permettant aux nutriments de p\u00e9n\u00e9trer profond\u00e9ment dans la peau, d\u00e9clenchant une r\u00e9ponse de gu\u00e9rison naturelle. L&#039;\u00e9nergie RF stimule les effets thermiques, favorisant la liqu\u00e9faction des graisses, la contraction des tissus et la production de collag\u00e8ne, ce qui entra\u00eene une r\u00e9duction des graisses, un raffermissement de la peau et une am\u00e9lioration de la texture de la peau. Cette technologie traite \u00e9galement l&#039;acn\u00e9, r\u00e9duit la s\u00e9cr\u00e9tion de s\u00e9bum et affine les pores.<\/p>\n<table style=\"border-collapse: collapse; width: 100%;\">\n<tbody>\n<tr>\n<td style=\"width: 50%;\"><img loading=\"lazy\" decoding=\"async\" class=\"magic-17 aligncenter\" title=\"Machine de micro-aiguilletage RF\" src=\"https:\/\/sc04.alicdn.com\/kf\/H95ccbac9a60f4c8586498e0782f2060fB\/247315878\/H95ccbac9a60f4c8586498e0782f2060fB.png\" alt=\"Machine de micro-aiguilletage RF\" width=\"339\" height=\"594\" data-src=\"\/\/sc04.alicdn.com\/kf\/H95ccbac9a60f4c8586498e0782f2060fB\/247315878\/H95ccbac9a60f4c8586498e0782f2060fB.png\" \/><\/td>\n<td style=\"width: 50%;\"><img loading=\"lazy\" decoding=\"async\" class=\"magic-19 aligncenter\" title=\"Machine de micro-aiguilletage RF\" src=\"https:\/\/sc04.alicdn.com\/kf\/H165673cfb9e743b5964d01cb5717ad90L\/247315878\/H165673cfb9e743b5964d01cb5717ad90L.png\" alt=\"Machine de micro-aiguilletage RF\" width=\"750\" height=\"369\" data-src=\"\/\/sc04.alicdn.com\/kf\/H165673cfb9e743b5964d01cb5717ad90L\/247315878\/H165673cfb9e743b5964d01cb5717ad90L.png\" \/><\/p>\n<p><img loading=\"lazy\" decoding=\"async\" class=\"magic-21 aligncenter\" title=\"Machine de micro-aiguilletage RF\" src=\"https:\/\/sc04.alicdn.com\/kf\/H8a032c794e554272bbc00740883563cbS\/247315878\/H8a032c794e554272bbc00740883563cbS.png\" alt=\"Machine de micro-aiguilletage RF\" width=\"750\" height=\"658\" data-src=\"\/\/sc04.alicdn.com\/kf\/H8a032c794e554272bbc00740883563cbS\/247315878\/H8a032c794e554272bbc00740883563cbS.png\" \/><\/td>\n<\/tr>\n<\/tbody>\n<\/table>\n<h3><img loading=\"lazy\" decoding=\"async\" class=\"magic-23 aligncenter\" title=\"Machine de micro-aiguilletage RF\" src=\"https:\/\/sc04.alicdn.com\/kf\/H67eb5df8f81d4cc38f6fd3d24188489bu\/247315878\/H67eb5df8f81d4cc38f6fd3d24188489bu.png\" alt=\"Machine de micro-aiguilletage RF\" width=\"588\" height=\"348\" data-src=\"\/\/sc04.alicdn.com\/kf\/H67eb5df8f81d4cc38f6fd3d24188489bu\/247315878\/H67eb5df8f81d4cc38f6fd3d24188489bu.png\" \/><\/h3>\n<h3>Avantages<\/h3>\n<ol>\n<li><strong>Conception \u00e0 double poign\u00e9e<\/strong>:Large gamme de zones de traitement.<\/li>\n<li><strong>Vari\u00e9t\u00e9 de sondes<\/strong>:Comprend des t\u00eates de sonde 12P, 24P, 40P et nano, \u00e0 usage unique pour l&#039;hygi\u00e8ne.<\/li>\n<li><strong>Traitement fractionn\u00e9 RF profond<\/strong>:P\u00e9n\u00e8tre le tissu sous-cutan\u00e9 jusqu&#039;\u00e0 8 mm.<\/li>\n<li><strong>Profondeur r\u00e9glable<\/strong>:La profondeur varie de 0,5 \u00e0 7 mm pour diff\u00e9rentes \u00e9paisseurs de peau.<\/li>\n<li><strong>Technologie RF en mode rafale<\/strong>: Fournit de l\u2019\u00e9nergie uniform\u00e9ment \u00e0 plusieurs niveaux.<\/li>\n<li><strong>Sondes isol\u00e9es<\/strong>:Les aiguilles ultra-pointues, plaqu\u00e9es or et con\u00e7ues en forme de c\u00f4ne minimisent les dommages \u00e9pidermiques.<\/li>\n<\/ol>\n<h3>Applications<\/h3>\n<ol>\n<li><strong>\u00c9limination des rides<\/strong>:Traite les ridules, les pattes d&#039;oie, les rides du front et les rides du cou.<\/li>\n<li><strong>Rajeunissement du visage<\/strong>: Am\u00e9liore la r\u00e9g\u00e9n\u00e9ration, la fermet\u00e9 et l\u2019\u00e9lasticit\u00e9 de la peau.<\/li>\n<li><strong>Remodelage de la graisse et du collag\u00e8ne<\/strong>: Am\u00e9liore la cellulite, les vergetures et la texture de la peau.<\/li>\n<li><strong>R\u00e9paration post-partum<\/strong>:R\u00e9duit les vergetures et les gonflements sur l&#039;abdomen, les fesses et les jambes.<\/li>\n<li><strong>Rajeunissement de la peau<\/strong>:Unifie la peau rugueuse, illumine la peau terne et r\u00e9tr\u00e9cit les pores dilat\u00e9s.<\/li>\n<li><strong>\u00c9limination des cicatrices<\/strong>:Traite les cicatrices d\u2019acn\u00e9, les cicatrices de br\u00fblures et autres imperfections cutan\u00e9es.<\/li>\n<li><strong>Traitement de l&#039;acn\u00e9<\/strong>:Efficace pour la r\u00e9duction active de l\u2019acn\u00e9.<\/li>\n<li><strong>D\u00e9sodorisation<\/strong>:Traite les odeurs des aisselles et l&#039;hyperhidrose.<\/li>\n<li><strong>Entretien r\u00e9gulier de la peau<\/strong>:Maintient une peau saine et jeune.<\/li>\n<\/ol>\n<h3>Avantages<\/h3>\n<ul>\n<li><strong>Traitement complet de la peau<\/strong>: Propose une large gamme de solutions de rajeunissement de la peau et anti-\u00e2ge.<\/li>\n<li><strong>Technologie avanc\u00e9e<\/strong>:Utilise la RF et le microneedling pour un traitement efficace des tissus profonds.<\/li>\n<li><strong>Traitements personnalisables<\/strong>:Profondeur d&#039;aiguille r\u00e9glable et diff\u00e9rentes sondes pour des traitements sur mesure.<\/li>\n<li><strong>Minimalement invasif<\/strong>:R\u00e9duit les temps d\u2019arr\u00eat et minimise les dommages cutan\u00e9s.<\/li>\n<li><strong>S\u00e9curit\u00e9 renforc\u00e9e<\/strong>:Les aiguilles isol\u00e9es et ultra-pointues garantissent des proc\u00e9dures s\u00fbres et efficaces.<\/li>\n<\/ul>\n<\/div>\n<\/div>\n<\/div>\n<div class=\"J_module\">\n<div class=\"detail-decorate-json-renderer-container\">\n<div class=\"magic-1\">\n<div class=\"magic-4\"><\/div>\n<\/div>\n<\/div>\n<\/div>\n<div class=\"J_module\">\n<div class=\"icbu-pc-images magic-8\">\n<div>\n<div class=\"flex-layout-v\">\n<div class=\"flex-layout-h magic-8\">\n<div class=\"magic-28\"><img loading=\"lazy\" decoding=\"async\" class=\"magic-29 aligncenter\" title=\"Machine de micro-aiguilletage RF\" src=\"https:\/\/sc04.alicdn.com\/kf\/H7a66cc85d3b8480dbc9cd509d926d30fe\/247315878\/H7a66cc85d3b8480dbc9cd509d926d30fe.png\" alt=\"Machine de micro-aiguilletage RF\" width=\"518\" height=\"326\" data-src=\"\/\/sc04.alicdn.com\/kf\/H7a66cc85d3b8480dbc9cd509d926d30fe\/247315878\/H7a66cc85d3b8480dbc9cd509d926d30fe.png\" \/><\/div>\n<\/div>\n<\/div>\n<\/div>\n<\/div>\n<\/div>\n<div class=\"J_module\">\n<div class=\"icbu-pc-images magic-8\">\n<div class=\"flex-layout-v\">\n<div class=\"flex-layout-h magic-8\">\n<div class=\"magic-30\">\n<h3><strong>Personnaliser Le Logo<\/strong><\/h3>\n<p>Vous voulez faire de votre marque de se d\u00e9marquer? Nous vous proposons logo personnalis\u00e9 de services pour vous aider \u00e0 cr\u00e9er un unique et personnalis\u00e9e de logo, qui refl\u00e8te l&#039;identit\u00e9 de votre marque. Notre \u00e9quipe d&#039;experts travaillera en \u00e9troite collaboration avec vous pour concevoir un logo qui r\u00e9sonne avec les valeurs de votre marque et de messagerie. Si vous \u00eates \u00e0 la recherche de r\u00e9organiser votre logo existant ou en cr\u00e9er un nouveau \u00e0 partir de z\u00e9ro, nous vous avons avons couvert. <a href=\"\/fr\/contact\/\">Contactez-nous<\/a> aujourd&#039;hui pour en savoir plus sur notre logo personnalis\u00e9 de services!<\/p>\n<\/div>\n<\/div>\n<\/div>\n<\/div>\n<\/div>","protected":false},"excerpt":{"rendered":"<p><span class=\"magic-7\" style=\"font-family: Arial;\">Crystallite Depth 8, \u00e9galement connu sous le nom d&#039;instrument de beaut\u00e9 Gold RF Crystallite Depth 8, Crystallite Depth 8 est un nouvel instrument de beaut\u00e9 de la peau mini-invasif m\u00e9dical haut de gamme, qui combine un appareil \u00e0 technologie RF + micro-aiguille isol\u00e9e + matrice de points. L&#039;appareil est \u00e9quip\u00e9 de 4 configurations de sonde interchangeables diff\u00e9rentes (12p, 24p, 40p, nanoprobe), et le syst\u00e8me peut \u00eatre librement ajust\u00e9 pour r\u00e9gler la t\u00eate de cristal isol\u00e9e afin de p\u00e9n\u00e9trer la peau du tissu cible \u00e0 diff\u00e9rentes profondeurs (entre 0,5 et 7 mm), offrant un traitement mini-invasif pour le remodelage profond du tissu adipeux sous-cutan\u00e9 de 8 mm et un effet thermique p\u00e9n\u00e9trant le tissu sous-cutan\u00e9 jusqu&#039;\u00e0 7 mm + une profondeur suppl\u00e9mentaire de 1 mm. Con\u00e7u pour remodeler le collag\u00e8ne et coaguler le tissu adipeux.<\/span><\/p>","protected":false},"featured_media":2351,"comment_status":"open","ping_status":"closed","template":"","meta":{"_kad_post_transparent":"default","_kad_post_title":"","_kad_post_layout":"default","_kad_post_sidebar_id":"","_kad_post_content_style":"default","_kad_post_vertical_padding":"default","_kad_post_feature":"","_kad_post_feature_position":"","_kad_post_header":false,"_kad_post_footer":false,"_kad_post_classname":"","rank_math_title":"","rank_math_description":"","rank_math_focus_keyword":""},"product_brand":[],"product_cat":[30],"product_tag":[],"class_list":{"0":"post-2350","1":"product","2":"type-product","3":"status-publish","4":"has-post-thumbnail","6":"product_cat-microneedle","8":"first","9":"instock","10":"shipping-taxable","11":"product-type-simple","12":"entry","13":"content-bg","14":"loop-entry"},"_links":{"self":[{"href":"https:\/\/skbty.com\/fr\/wp-json\/wp\/v2\/product\/2350","targetHints":{"allow":["GET"]}}],"collection":[{"href":"https:\/\/skbty.com\/fr\/wp-json\/wp\/v2\/product"}],"about":[{"href":"https:\/\/skbty.com\/fr\/wp-json\/wp\/v2\/types\/product"}],"replies":[{"embeddable":true,"href":"https:\/\/skbty.com\/fr\/wp-json\/wp\/v2\/comments?post=2350"}],"wp:featuredmedia":[{"embeddable":true,"href":"https:\/\/skbty.com\/fr\/wp-json\/wp\/v2\/media\/2351"}],"wp:attachment":[{"href":"https:\/\/skbty.com\/fr\/wp-json\/wp\/v2\/media?parent=2350"}],"wp:term":[{"taxonomy":"product_brand","embeddable":true,"href":"https:\/\/skbty.com\/fr\/wp-json\/wp\/v2\/product_brand?post=2350"},{"taxonomy":"product_cat","embeddable":true,"href":"https:\/\/skbty.com\/fr\/wp-json\/wp\/v2\/product_cat?post=2350"},{"taxonomy":"product_tag","embeddable":true,"href":"https:\/\/skbty.com\/fr\/wp-json\/wp\/v2\/product_tag?post=2350"}],"curies":[{"name":"Wp wp","href":"https:\/\/api.w.org\/{rel}","templated":true}]}}