{"id":2365,"date":"2024-01-08T16:39:32","date_gmt":"2024-01-08T08:39:32","guid":{"rendered":"https:\/\/skbty.com\/?post_type=product&#038;p=2365"},"modified":"2024-06-20T16:37:57","modified_gmt":"2024-06-20T08:37:57","slug":"machine-danalyse-de-la-peau-du-visage-3d-de-13-3-pouces","status":"publish","type":"product","link":"https:\/\/skbty.com\/fr\/produit\/machine-danalyse-de-la-peau-du-visage-3d-de-13-3-pouces\/","title":{"rendered":"Machine d&#039;analyse de la peau du visage 3D de 13,3 pouces"},"content":{"rendered":"<div class=\"J_module\"><\/div>\n<div class=\"J_module\">\n<div class=\"detail-decorate-json-renderer-container\">\n<div class=\"magic-6\">\n<div class=\"magic-7\">\n<div class=\"magic-8\">\n<div>\n<h3>Qu&#039;est-ce que la 3D <strong>Analyseur de peau du visage ?<\/strong><\/h3>\n<p>Le 3D <strong>Analyseur de peau du visage<\/strong> est un appareil portable de pointe con\u00e7u pour une analyse compl\u00e8te de la peau. Gr\u00e2ce \u00e0 des technologies avanc\u00e9es telles que la num\u00e9risation faciale 3D, la reconnaissance faciale par IA et l&#039;apprentissage en profondeur, cet appareil \u00e9value avec pr\u00e9cision les conditions de la peau pour fournir une base scientifique \u00e0 la gestion personnalis\u00e9e des soins de la peau.<\/p>\n<h3><img loading=\"lazy\" decoding=\"async\" class=\"magic-15 aligncenter\" title=\"Analyseur de peau du visage\" src=\"https:\/\/sc04.alicdn.com\/kf\/H574aefb44f984ee9b4230c799b4235eez\/247315878\/H574aefb44f984ee9b4230c799b4235eez.png\" alt=\"Analyseur de peau du visage\" width=\"531\" height=\"397\" data-src=\"\/\/sc04.alicdn.com\/kf\/H574aefb44f984ee9b4230c799b4235eez\/247315878\/H574aefb44f984ee9b4230c799b4235eez.png\" \/><\/h3>\n<h3>Caract\u00e9ristiques<\/h3>\n<ul>\n<li><strong>Nom<\/strong>: Analyseur de peau du visage 3D<\/li>\n<li><strong>Taper<\/strong>: Portable<\/li>\n<li><strong>Fonction<\/strong>: Analyse des rides de la peau, analyse de la pigmentation, analyse de l&#039;acn\u00e9, d\u00e9tection de l&#039;humidit\u00e9 de la peau<\/li>\n<li><strong>Afficher<\/strong>: 13,3 pouces<\/li>\n<li><strong>Saisir<\/strong>:CA 100\/240V 50\/60Hz<\/li>\n<li><strong>Pouvoir<\/strong>: 0-100 W<\/li>\n<li><strong>Courant nominal<\/strong>: 1A<\/li>\n<li><strong>Service OEM<\/strong>: Soutien<\/li>\n<\/ul>\n<h3>Principe de fonctionnement<\/h3>\n<p>Le 3D <strong>Analyseur de peau du visage<\/strong> utilise 36 millions de pixels haute d\u00e9finition pour capturer des images de la peau du visage. Il utilise 8 technologies d&#039;imagerie spectrale, la reconnaissance faciale par IA, l&#039;apprentissage profond, la simulation 3D et le cloud computing pour analyser quantitativement les pathologies cutan\u00e9es superficielles et profondes. Cet appareil d\u00e9tecte 14 indicateurs de sant\u00e9 de la peau, fournissant une \u00e9valuation compl\u00e8te des conditions cutan\u00e9es pour une gestion pr\u00e9cise de la peau.<\/p>\n<h3><img loading=\"lazy\" decoding=\"async\" class=\"magic-20 aligncenter\" title=\"Analyseur de peau du visage\" src=\"https:\/\/sc04.alicdn.com\/kf\/H34a4d9d9a1e34a31ba97df47073ae67eS\/247315878\/H34a4d9d9a1e34a31ba97df47073ae67eS.png\" alt=\"Analyseur de peau du visage\" width=\"561\" height=\"560\" data-src=\"\/\/sc04.alicdn.com\/kf\/H34a4d9d9a1e34a31ba97df47073ae67eS\/247315878\/H34a4d9d9a1e34a31ba97df47073ae67eS.png\" \/><\/h3>\n<h3>Dix modules<\/h3>\n<ol>\n<li><strong>Module de gestion de fichiers<\/strong><\/li>\n<li><strong>Modules de Cloud Computing et de stockage en nuage<\/strong><\/li>\n<li><strong>Modules d&#039;analyse quantitative de surface et en profondeur<\/strong><\/li>\n<li><strong>Module de pr\u00e9diction de la peau<\/strong><\/li>\n<li><strong>Module de simulation 3D<\/strong><\/li>\n<li><strong>Module sur les probl\u00e8mes de peau<\/strong><\/li>\n<li><strong>Module d&#039;analyse comparative<\/strong><\/li>\n<li><strong>Module de rapport int\u00e9gr\u00e9<\/strong><\/li>\n<li><strong>Module de solution<\/strong><\/li>\n<li><strong>Module de personnalisation VIP<\/strong><\/li>\n<\/ol>\n<h3>Caract\u00e9ristiques<\/h3>\n<ol>\n<li><strong>Super Cloud Computing<\/strong>: Offre une vitesse d\u2019analyse sans pr\u00e9c\u00e9dent.<\/li>\n<li><strong>Donn\u00e9es objectives et pr\u00e9cises<\/strong>: Fournit une analyse pr\u00e9cise de la peau.<\/li>\n<li><strong>Cam\u00e9ras HD<\/strong>:Les cam\u00e9ras de qualit\u00e9 industrielle garantissent une qualit\u00e9 d&#039;image haute d\u00e9finition.<\/li>\n<li><strong>Reconnaissance faciale<\/strong>:D\u00e9crit automatiquement le visage pour une analyse efficace en termes de temps.<\/li>\n<li><strong>Apprentissage profond intelligent<\/strong>:Mises \u00e0 niveau continues et pr\u00e9cision des donn\u00e9es am\u00e9lior\u00e9e.<\/li>\n<li><strong>Stockage dans le Cloud<\/strong>:Capacit\u00e9 illimit\u00e9e de stockage de donn\u00e9es.<\/li>\n<li><strong>Gestion multi-comptes<\/strong>: Prend en charge plusieurs comptes utilisateurs.<\/li>\n<\/ol>\n<h3><img loading=\"lazy\" decoding=\"async\" class=\"magic-24 aligncenter\" title=\"Analyseur de peau du visage\" src=\"https:\/\/sc04.alicdn.com\/kf\/H70a26c09279a4c80a559345bab1eac1dP\/247315878\/H70a26c09279a4c80a559345bab1eac1dP.png\" alt=\"Analyseur de peau du visage\" width=\"697\" height=\"447\" data-src=\"\/\/sc04.alicdn.com\/kf\/H70a26c09279a4c80a559345bab1eac1dP\/247315878\/H70a26c09279a4c80a559345bab1eac1dP.png\" \/><\/h3>\n<h3>Applications<\/h3>\n<ol>\n<li><strong>Irr\u00e9gularit\u00e9s cutan\u00e9es<\/strong>:D\u00e9tecte les taches de rousseur, les dommages caus\u00e9s par le soleil et les probl\u00e8mes vasculaires \u00e0 la surface de la peau.<\/li>\n<li><strong>Rides<\/strong>:Identifie les rides, favorisant la production de collag\u00e8ne et d&#039;\u00e9lastine.<\/li>\n<li><strong>Texture<\/strong>:Analyse la texture de la peau, mettant en \u00e9vidence les zones sur\u00e9lev\u00e9es et creuses.<\/li>\n<li><strong>Pores<\/strong>:\u00c9value la r\u00e9partition des pores et sugg\u00e8re des traitements pour r\u00e9duire les boutons.<\/li>\n<li><strong>Taches UV<\/strong>:D\u00e9tecte les dommages caus\u00e9s par le soleil et les taches sur diff\u00e9rentes couches de la peau.<\/li>\n<li><strong>D\u00e9coloration de la peau<\/strong>:Identifie les ombres, la pigmentation et les probl\u00e8mes g\u00e9n\u00e9raux de teint de la peau.<\/li>\n<li><strong>Zone vasculaire<\/strong>:D\u00e9tecte les rougeurs dues aux capillaires bris\u00e9s, \u00e0 l\u2019inflammation ou \u00e0 l\u2019acn\u00e9.<\/li>\n<li><strong>Bact\u00e9ries et huiles<\/strong>:Analyse les bact\u00e9ries et le s\u00e9bum naturels de la peau, sugg\u00e9rant des traitements nettoyants.<\/li>\n<\/ol>\n<h3><img loading=\"lazy\" decoding=\"async\" class=\"magic-26 aligncenter\" title=\"Analyseur de peau du visage\" src=\"https:\/\/sc04.alicdn.com\/kf\/He939f08b8df343019642a2069afb6030Y\/247315878\/He939f08b8df343019642a2069afb6030Y.png\" alt=\"Analyseur de peau du visage\" width=\"601\" height=\"1047\" data-src=\"\/\/sc04.alicdn.com\/kf\/He939f08b8df343019642a2069afb6030Y\/247315878\/He939f08b8df343019642a2069afb6030Y.png\" \/><\/h3>\n<h3>Avantages<\/h3>\n<ul>\n<li><strong>Analyse compl\u00e8te de la peau<\/strong>:Fournit des informations d\u00e9taill\u00e9es sur la sant\u00e9 de la peau pour des soins personnalis\u00e9s.<\/li>\n<li><strong>Technologie avanc\u00e9e<\/strong>:Utilise l\u2019IA, l\u2019apprentissage en profondeur et la simulation 3D pour une analyse pr\u00e9cise.<\/li>\n<li><strong>Convivial<\/strong>:Dispose d&#039;un grand \u00e9cran tactile et d&#039;une interface facile \u00e0 utiliser.<\/li>\n<li><strong>Efficace en termes de temps<\/strong>:Analyse rapide et pr\u00e9cise avec reconnaissance faciale automatis\u00e9e.<\/li>\n<li><strong>Stockage bas\u00e9 sur le cloud<\/strong>:Garantit que les donn\u00e9es sont stock\u00e9es en toute s\u00e9curit\u00e9 et facilement accessibles.<\/li>\n<\/ul>\n<\/div>\n<div class=\"magic-9\">\n<div>\n<h3><strong>Personnaliser Le Logo<\/strong><\/h3>\n<p>Vous voulez faire de votre marque de se d\u00e9marquer? Nous vous proposons logo personnalis\u00e9 de services pour vous aider \u00e0 cr\u00e9er un unique et personnalis\u00e9e de logo, qui refl\u00e8te l&#039;identit\u00e9 de votre marque. Notre \u00e9quipe d&#039;experts travaillera en \u00e9troite collaboration avec vous pour concevoir un logo qui r\u00e9sonne avec les valeurs de votre marque et de messagerie. Si vous \u00eates \u00e0 la recherche de r\u00e9organiser votre logo existant ou en cr\u00e9er un nouveau \u00e0 partir de z\u00e9ro, nous vous avons avons couvert. <a href=\"\/fr\/contact\/\">Contactez-nous<\/a> aujourd&#039;hui pour en savoir plus sur notre logo personnalis\u00e9 de services!<\/p>\n<\/div>\n<\/div>\n<\/div>\n<\/div>\n<\/div>\n<\/div>\n<\/div>\n<div class=\"J_module\">\n<div class=\"detail-decorate-json-renderer-container\">\n<div class=\"magic-6\">\n<div class=\"magic-7\">\n<div class=\"magic-8\"><\/div>\n<\/div>\n<\/div>\n<\/div>\n<\/div>","protected":false},"excerpt":{"rendered":"<p><span class=\"magic-18\" style=\"font-family: Arial;\">Gr\u00e2ce \u00e0 36 millions de pixels haute d\u00e9finition pour obtenir les conditions d&#039;image de la peau du visage, en utilisant 8 types de technologie d&#039;imagerie spectrale, la technologie de reconnaissance faciale IA, la technologie d&#039;apprentissage profond, la technologie de simulation 3D, le stockage cloud de cloud computing, l&#039;analyse quantitative de la surface de la peau et des caract\u00e9ristiques pathologiques de la peau profonde, la d\u00e9tection de 14 indicateurs de sant\u00e9 de la peau. Analyse et \u00e9valuation compl\u00e8tes des probl\u00e8mes de peau, bas\u00e9es sur une base raisonnable pour une gestion scientifique et pr\u00e9cise de la peau.<\/span><\/p>","protected":false},"featured_media":2366,"comment_status":"open","ping_status":"closed","template":"","meta":{"_kad_post_transparent":"default","_kad_post_title":"","_kad_post_layout":"default","_kad_post_sidebar_id":"","_kad_post_content_style":"default","_kad_post_vertical_padding":"default","_kad_post_feature":"","_kad_post_feature_position":"","_kad_post_header":false,"_kad_post_footer":false,"_kad_post_classname":"","rank_math_title":"","rank_math_description":"","rank_math_focus_keyword":""},"product_brand":[],"product_cat":[32],"product_tag":[],"class_list":{"0":"post-2365","1":"product","2":"type-product","3":"status-publish","4":"has-post-thumbnail","6":"product_cat-skin-analyzer","8":"first","9":"instock","10":"shipping-taxable","11":"product-type-simple","12":"entry","13":"content-bg","14":"loop-entry"},"_links":{"self":[{"href":"https:\/\/skbty.com\/fr\/wp-json\/wp\/v2\/product\/2365","targetHints":{"allow":["GET"]}}],"collection":[{"href":"https:\/\/skbty.com\/fr\/wp-json\/wp\/v2\/product"}],"about":[{"href":"https:\/\/skbty.com\/fr\/wp-json\/wp\/v2\/types\/product"}],"replies":[{"embeddable":true,"href":"https:\/\/skbty.com\/fr\/wp-json\/wp\/v2\/comments?post=2365"}],"wp:featuredmedia":[{"embeddable":true,"href":"https:\/\/skbty.com\/fr\/wp-json\/wp\/v2\/media\/2366"}],"wp:attachment":[{"href":"https:\/\/skbty.com\/fr\/wp-json\/wp\/v2\/media?parent=2365"}],"wp:term":[{"taxonomy":"product_brand","embeddable":true,"href":"https:\/\/skbty.com\/fr\/wp-json\/wp\/v2\/product_brand?post=2365"},{"taxonomy":"product_cat","embeddable":true,"href":"https:\/\/skbty.com\/fr\/wp-json\/wp\/v2\/product_cat?post=2365"},{"taxonomy":"product_tag","embeddable":true,"href":"https:\/\/skbty.com\/fr\/wp-json\/wp\/v2\/product_tag?post=2365"}],"curies":[{"name":"Wp wp","href":"https:\/\/api.w.org\/{rel}","templated":true}]}}