{"id":2381,"date":"2024-01-08T17:16:03","date_gmt":"2024-01-08T09:16:03","guid":{"rendered":"https:\/\/skbty.com\/?post_type=product&#038;p=2381"},"modified":"2024-06-20T16:19:27","modified_gmt":"2024-06-20T08:19:27","slug":"machine-de-modelage-du-corps-pour-stimulateur-musculaire-electrique-a-16-poignees","status":"publish","type":"product","link":"https:\/\/skbty.com\/fr\/produit\/machine-de-modelage-du-corps-pour-stimulateur-musculaire-electrique-a-16-poignees\/","title":{"rendered":"Machine de modelage du corps EMS pour stimulateur musculaire \u00e0 16 poign\u00e9es"},"content":{"rendered":"<div class=\"J_module\">\n<div class=\"detail-decorate-json-renderer-container\">\n<div class=\"magic-1\">\n<h3>Qu&#039;est-ce que le <strong>Machine EMS de sculpture corporelle ?<\/strong><\/h3>\n<p><strong>Machine de modelage corporel EMS<\/strong> est un appareil de modelage musculaire personnalis\u00e9 con\u00e7u pour am\u00e9liorer le tonus musculaire, r\u00e9duire la graisse et am\u00e9liorer les contours g\u00e9n\u00e9raux du corps. Gr\u00e2ce \u00e0 sa technologie EMS avanc\u00e9e, cette machine stimule les contractions musculaires \u00e0 l&#039;aide d&#039;impulsions \u00e9lectriques, offrant un modelage corporel efficace et non invasif.<\/p>\n<p><img loading=\"lazy\" decoding=\"async\" class=\"magic-17 aligncenter\" title=\"Machine de modelage corporel EMS\" src=\"https:\/\/sc04.alicdn.com\/kf\/Hb95adc868ae64bb1b012d7b9650f3e117\/247315878\/Hb95adc868ae64bb1b012d7b9650f3e117.png\" alt=\"Machine de modelage corporel EMS\" width=\"558\" height=\"468\" data-src=\"\/\/sc04.alicdn.com\/kf\/Hb95adc868ae64bb1b012d7b9650f3e117\/247315878\/Hb95adc868ae64bb1b012d7b9650f3e117.png\" \/><\/p>\n<h3><img loading=\"lazy\" decoding=\"async\" class=\"magic-15 aligncenter\" title=\"Machine de modelage corporel EMS\" src=\"https:\/\/sc04.alicdn.com\/kf\/H8d68ab09258b42dea31288da0ef4e43dQ\/247315878\/H8d68ab09258b42dea31288da0ef4e43dQ.png\" alt=\"Machine de modelage corporel EMS\" width=\"513\" height=\"407\" data-src=\"\/\/sc04.alicdn.com\/kf\/H8d68ab09258b42dea31288da0ef4e43dQ\/247315878\/H8d68ab09258b42dea31288da0ef4e43dQ.png\" \/><\/h3>\n<h3>Caract\u00e9ristiques<\/h3>\n<ul>\n<li><strong>Nom du produit<\/strong>:Machine EMS de modelage corporel<\/li>\n<li><strong>\u00c9cran d&#039;affichage<\/strong>:\u00c9cran tactile de 10,4 pouces<\/li>\n<li><strong>Tension<\/strong>:CA 110V\/220V<\/li>\n<li><strong>Taille de la bo\u00eete \u00e0 air<\/strong>: 65\u00d745\u00d769 cm<\/li>\n<li><strong>Poids brut<\/strong>:Environ 28 kg<\/li>\n<li><strong>Technologie<\/strong>:Impulsions \u00e9lectriques EMS<\/li>\n<\/ul>\n<h3>Principe de fonctionnement<\/h3>\n<p>L&#039; <strong>Machine de modelage corporel EMS<\/strong> Le syst\u00e8me fonctionne en lib\u00e9rant une \u00e9nergie \u00e9lectrique \u00e0 impulsions de haute intensit\u00e9 \u00e0 travers des poign\u00e9es d&#039;\u00e9lectrodes. Ces impulsions stimulent directement les muscles profonds, d\u00e9clenchant des contractions musculaires continues et rapides. Ce processus augmente la tension, la masse et la force musculaires tout en favorisant la croissance musculaire et la r\u00e9duction de la graisse. Les poign\u00e9es et les patchs de gel uniques de la machine garantissent que l&#039;\u00e9nergie est d\u00e9livr\u00e9e efficacement, imitant les potentiels d&#039;action naturels initi\u00e9s par le syst\u00e8me nerveux.<\/p>\n<h3><img loading=\"lazy\" decoding=\"async\" class=\"magic-10 aligncenter\" title=\"Machine de modelage corporel EMS\" src=\"https:\/\/sc04.alicdn.com\/kf\/Ha10207a26ec245d4b98b884e0370563bV\/247315878\/Ha10207a26ec245d4b98b884e0370563bV.png\" alt=\"Machine de modelage corporel EMS\" width=\"582\" height=\"372\" data-src=\"\/\/sc04.alicdn.com\/kf\/Ha10207a26ec245d4b98b884e0370563bV\/247315878\/Ha10207a26ec245d4b98b884e0370563bV.png\" \/><\/h3>\n<h3>Fonctions<\/h3>\n<ol>\n<li><strong>Mise en forme du corps<\/strong>: Am\u00e9liore les contours g\u00e9n\u00e9raux du corps.<\/li>\n<li><strong>R\u00e9duction de la graisse<\/strong>:\u00c9limine les cellules graisseuses tenaces et le double menton.<\/li>\n<li><strong>Lifting et raffermissement de la peau<\/strong>:Resserre et raffermit la peau.<\/li>\n<li><strong>R\u00e9g\u00e9n\u00e9ration du collag\u00e8ne<\/strong>:Favorise la production de collag\u00e8ne.<\/li>\n<li><strong>Contour du visage am\u00e9lior\u00e9<\/strong>: Am\u00e9liore le contour du visage et la d\u00e9finition de la m\u00e2choire.<\/li>\n<\/ol>\n<h3>Avantages<\/h3>\n<ol>\n<li><strong>Non invasif et confortable<\/strong>:Traitement s\u00fbr et non invasif avec une exp\u00e9rience confortable.<\/li>\n<li><strong>Efficace et rapide<\/strong>: Fournit des r\u00e9sultats plus rapides et plus efficaces.<\/li>\n<li><strong>Gain de temps<\/strong>:Plusieurs poign\u00e9es permettent de traiter simultan\u00e9ment jusqu&#039;\u00e0 huit zones.<\/li>\n<li><strong>Traitements personnalis\u00e9s<\/strong>:16 poign\u00e9es offrent des options pour diff\u00e9rentes parties du corps et groupes musculaires.<\/li>\n<li><strong>R\u00e9sultats efficaces<\/strong>:Augmente la masse musculaire de 30% et r\u00e9duit la graisse de 25%.<\/li>\n<li><strong>Utilisation facile<\/strong>:Simple \u00e0 utiliser avec les modes automatique et manuel.<\/li>\n<li><strong>Boucle intelligente<\/strong>:Dispose d&#039;un mode automatique pour une boucle intelligente.<\/li>\n<li><strong>Boucle personnalis\u00e9e<\/strong>:Mode manuel pour un contr\u00f4le personnalis\u00e9 de l&#039;\u00e9nergie.<\/li>\n<\/ol>\n<h3>Applications<\/h3>\n<ul>\n<li><strong>Fa\u00e7onner et tonifier les muscles<\/strong>: Am\u00e9liore la d\u00e9finition et le tonus musculaire.<\/li>\n<li><strong>\u00c9liminer les cellules graisseuses<\/strong>:R\u00e9duit les graisses tenaces et le double menton.<\/li>\n<li><strong>Lifter et raffermir la peau<\/strong>: Am\u00e9liore la fermet\u00e9 et la fermet\u00e9 de la peau.<\/li>\n<li><strong>Stimuler la production de collag\u00e8ne<\/strong>: Am\u00e9liore la r\u00e9g\u00e9n\u00e9ration du collag\u00e8ne pour une peau plus saine.<\/li>\n<li><strong>Am\u00e9lioration des contours<\/strong>: Affine les contours g\u00e9n\u00e9raux du visage et du corps.<\/li>\n<\/ul>\n<h3>Avantages<\/h3>\n<ul>\n<li><strong>Remodelage corporel complet<\/strong>: Traitez plusieurs zones simultan\u00e9ment pour un corps plus sculpt\u00e9.<\/li>\n<li><strong>Non invasif<\/strong>:S\u00fbr et confortable sans temps d&#039;arr\u00eat.<\/li>\n<li><strong>Stimulation musculaire efficace<\/strong>:Utilise la technologie EMS avanc\u00e9e pour une contraction musculaire efficace et une r\u00e9duction de la graisse.<\/li>\n<li><strong>Traitement personnalis\u00e9<\/strong>:Adaptez l\u2019intensit\u00e9 et la concentration des traitements aux besoins individuels.<\/li>\n<\/ul>\n<h3><strong>Personnaliser Le Logo<\/strong><\/h3>\n<p>Vous voulez faire de votre marque de se d\u00e9marquer? Nous vous proposons logo personnalis\u00e9 de services pour vous aider \u00e0 cr\u00e9er un unique et personnalis\u00e9e de logo, qui refl\u00e8te l&#039;identit\u00e9 de votre marque. Notre \u00e9quipe d&#039;experts travaillera en \u00e9troite collaboration avec vous pour concevoir un logo qui r\u00e9sonne avec les valeurs de votre marque et de messagerie. Si vous \u00eates \u00e0 la recherche de r\u00e9organiser votre logo existant ou en cr\u00e9er un nouveau \u00e0 partir de z\u00e9ro, nous vous avons avons couvert. <a href=\"\/fr\/contact\/\">Contactez-nous<\/a> aujourd&#039;hui pour en savoir plus sur notre logo personnalis\u00e9 de services!<\/p>\n<\/div>\n<\/div>\n<\/div>","protected":false},"excerpt":{"rendered":"<p><span class=\"magic-7\" style=\"font-family: Arial;\">L&#039;EMS est un appareil de modelage musculaire personnalis\u00e9. L&#039;appareil est compos\u00e9 de 4 c\u00e2bles d&#039;\u00e9lectrodes, chaque c\u00e2ble d&#039;\u00e9lectrode est compos\u00e9 de 4 poign\u00e9es d&#039;\u00e9lectrodes, soit un total de 16 poign\u00e9es fonctionnelles. En pla\u00e7ant vos mains sur votre corps, vous pouvez traiter jusqu&#039;\u00e0 huit zones \u00e0 la fois. Avec une vari\u00e9t\u00e9 de r\u00e9glages d&#039;intensit\u00e9 et de modes de traitement, le Human Carving EMS d\u00e9livre des impulsions \u00e9lectriques via une poign\u00e9e plac\u00e9e sur la peau musculaire, imitant les potentiels d&#039;action initi\u00e9s par le syst\u00e8me nerveux, d\u00e9clenchant des contractions musculaires rythmiques et stimulant le m\u00e9tabolisme et la circulation sanguine. <\/span><\/p>","protected":false},"featured_media":2382,"comment_status":"open","ping_status":"closed","template":"","meta":{"_kad_post_transparent":"default","_kad_post_title":"","_kad_post_layout":"default","_kad_post_sidebar_id":"","_kad_post_content_style":"default","_kad_post_vertical_padding":"default","_kad_post_feature":"","_kad_post_feature_position":"","_kad_post_header":false,"_kad_post_footer":false,"_kad_post_classname":"","rank_math_title":"","rank_math_description":"","rank_math_focus_keyword":""},"product_brand":[],"product_cat":[31],"product_tag":[],"class_list":{"0":"post-2381","1":"product","2":"type-product","3":"status-publish","4":"has-post-thumbnail","6":"product_cat-body-slimming","8":"first","9":"instock","10":"shipping-taxable","11":"product-type-simple","12":"entry","13":"content-bg","14":"loop-entry"},"_links":{"self":[{"href":"https:\/\/skbty.com\/fr\/wp-json\/wp\/v2\/product\/2381","targetHints":{"allow":["GET"]}}],"collection":[{"href":"https:\/\/skbty.com\/fr\/wp-json\/wp\/v2\/product"}],"about":[{"href":"https:\/\/skbty.com\/fr\/wp-json\/wp\/v2\/types\/product"}],"replies":[{"embeddable":true,"href":"https:\/\/skbty.com\/fr\/wp-json\/wp\/v2\/comments?post=2381"}],"wp:featuredmedia":[{"embeddable":true,"href":"https:\/\/skbty.com\/fr\/wp-json\/wp\/v2\/media\/2382"}],"wp:attachment":[{"href":"https:\/\/skbty.com\/fr\/wp-json\/wp\/v2\/media?parent=2381"}],"wp:term":[{"taxonomy":"product_brand","embeddable":true,"href":"https:\/\/skbty.com\/fr\/wp-json\/wp\/v2\/product_brand?post=2381"},{"taxonomy":"product_cat","embeddable":true,"href":"https:\/\/skbty.com\/fr\/wp-json\/wp\/v2\/product_cat?post=2381"},{"taxonomy":"product_tag","embeddable":true,"href":"https:\/\/skbty.com\/fr\/wp-json\/wp\/v2\/product_tag?post=2381"}],"curies":[{"name":"Wp wp","href":"https:\/\/api.w.org\/{rel}","templated":true}]}}