{"id":2400,"date":"2024-01-11T17:51:00","date_gmt":"2024-01-11T09:51:00","guid":{"rendered":"https:\/\/skbty.com\/?post_type=product&#038;p=2400"},"modified":"2026-03-31T17:03:44","modified_gmt":"2026-03-31T09:03:44","slug":"machine-de-beaute-du-visage-ret-face-ems-rf","status":"publish","type":"product","link":"https:\/\/skbty.com\/fr\/produit\/machine-de-beaute-du-visage-ret-face-ems-rf\/","title":{"rendered":"Appareil de beaut\u00e9 du visage RET-Face EMS RF"},"content":{"rendered":"<div class=\"J_module\">\n<div class=\"detail-decorate-json-renderer-container\">\n<div class=\"magic-2\">\n<div class=\"magic-3\">\n<div class=\"magic-4\">\n<div class=\"magic-5\">\n<h3>Qu&#039;est-ce que le <strong>Machine de beaut\u00e9 du visage EMS RF ?<\/strong><\/h3>\n<p>L&#039; <strong>Appareil de beaut\u00e9 du visage EMS RF<\/strong> utilise l&#039;\u00e9nergie thermique synchronis\u00e9e et la technologie magn\u00e9tique \u00e0 impulsions de haute intensit\u00e9 pour am\u00e9liorer le traitement de la peau et des muscles du visage. Cet appareil avanc\u00e9 combine les \u00e9nergies RF et HI-EMS pour un lifting efficace de la peau, un raffermissement, une \u00e9limination des rides et une tonification musculaire.<\/p>\n<table style=\"border-collapse: collapse; width: 100%;\">\n<tbody>\n<tr>\n<td style=\"width: 50%;\"><img loading=\"lazy\" decoding=\"async\" class=\"magic-15 aligncenter\" title=\"Appareil de beaut\u00e9 du visage EMS RF\" src=\"https:\/\/sc04.alicdn.com\/kf\/H56243138d7944e57b9992e9fd42209c2W\/247315878\/H56243138d7944e57b9992e9fd42209c2W.png\" alt=\"Appareil de beaut\u00e9 du visage EMS RF\" width=\"401\" height=\"326\" data-src=\"\/\/sc04.alicdn.com\/kf\/H56243138d7944e57b9992e9fd42209c2W\/247315878\/H56243138d7944e57b9992e9fd42209c2W.png\" \/><\/td>\n<td style=\"width: 50%;\"><img loading=\"lazy\" decoding=\"async\" class=\"magic-26 aligncenter\" title=\"Appareil de beaut\u00e9 du visage EMS RF\" src=\"https:\/\/sc04.alicdn.com\/kf\/H5703c3be9f9c481a9159d56615913d2a3\/247315878\/H5703c3be9f9c481a9159d56615913d2a3.png\" alt=\"Appareil de beaut\u00e9 du visage EMS RF\" width=\"415\" height=\"329\" data-src=\"\/\/sc04.alicdn.com\/kf\/H5703c3be9f9c481a9159d56615913d2a3\/247315878\/H5703c3be9f9c481a9159d56615913d2a3.png\" \/><\/td>\n<\/tr>\n<\/tbody>\n<\/table>\n<h3>Caract\u00e9ristiques<\/h3>\n<ul>\n<li><strong>Nom<\/strong>: Appareil de beaut\u00e9 du visage EMS RF<\/li>\n<li><strong>Poign\u00e9e de commande<\/strong>: 6 correctifs<\/li>\n<li><strong>Pouvoir<\/strong>: 100-220 V, 50\/60 Hz<\/li>\n<li><strong>\u00c9nergie des ondes \u00e9lectromagn\u00e9tiques<\/strong>: 0-1,8T<\/li>\n<li><strong>Afficher<\/strong>:\u00c9cran tactile de 15,6 pouces<\/li>\n<li><strong>Fr\u00e9quence RF<\/strong>: 1M<\/li>\n<li><strong>Impulsion<\/strong>: 200 \u03bcs (microseconde)<\/li>\n<li><strong>\u00c9nergie \u00e9lectrique<\/strong>: 40 mA<\/li>\n<li><strong>Taille du ch\u00e2ssis<\/strong>: 57\u00d737,6\u00d790 cm<\/li>\n<li><strong>Taille du bo\u00eetier d&#039;air<\/strong>: 66x60x114 cm<\/li>\n<li><strong>Poids de l&#039;emballage<\/strong>: 84 kg<\/li>\n<\/ul>\n<h3>Principe de fonctionnement<\/h3>\n<p>L&#039; <strong>Appareil de beaut\u00e9 du visage EMS RF<\/strong> Le syst\u00e8me utilise une \u00e9nergie thermique synchronis\u00e9e pour chauffer le derme, augmentant la production de collag\u00e8ne pour restaurer l&#039;\u00e9lasticit\u00e9 de la peau et \u00e9liminer les rides. La technologie magn\u00e9tique \u00e0 impulsions de haute intensit\u00e9 stimule les contractions musculaires, am\u00e9liorant de mani\u00e8re s\u00e9lective l&#039;intensit\u00e9 et la qualit\u00e9 musculaires. Cette approche \u00e0 double action permet de lifter, de raffermir et d&#039;\u00e9liminer les rides de la peau, tout en r\u00e9g\u00e9n\u00e9rant la peau et en am\u00e9liorant le tonus musculaire.<\/p>\n<table style=\"border-collapse: collapse; width: 100%;\">\n<tbody>\n<tr>\n<td style=\"width: 50%;\"><img loading=\"lazy\" decoding=\"async\" class=\"magic-20 aligncenter\" title=\"Appareil de beaut\u00e9 du visage EMS RF\" src=\"https:\/\/sc04.alicdn.com\/kf\/H97ca48af7e2e449e93693de755539863A\/247315878\/H97ca48af7e2e449e93693de755539863A.png\" alt=\"Appareil de beaut\u00e9 du visage EMS RF\" width=\"400\" height=\"255\" data-src=\"\/\/sc04.alicdn.com\/kf\/H97ca48af7e2e449e93693de755539863A\/247315878\/H97ca48af7e2e449e93693de755539863A.png\" \/><\/td>\n<td style=\"width: 50%;\"><img loading=\"lazy\" decoding=\"async\" class=\"magic-22 alignnone\" title=\"Appareil de beaut\u00e9 du visage EMS RF\" src=\"https:\/\/sc04.alicdn.com\/kf\/H8006c765200f4ab9a3b5105587d12ba0y\/247315878\/H8006c765200f4ab9a3b5105587d12ba0y.png\" alt=\"Appareil de beaut\u00e9 du visage EMS RF\" width=\"541\" height=\"222\" data-src=\"\/\/sc04.alicdn.com\/kf\/H8006c765200f4ab9a3b5105587d12ba0y\/247315878\/H8006c765200f4ab9a3b5105587d12ba0y.png\" \/><\/td>\n<\/tr>\n<\/tbody>\n<\/table>\n<h3>Caract\u00e9ristiques principales<\/h3>\n<ol>\n<li><strong>Lifting et raffermissement de la peau<\/strong>: Am\u00e9liore la fermet\u00e9 et l\u2019\u00e9lasticit\u00e9 de la peau.<\/li>\n<li><strong>\u00c9limination des rides<\/strong>:R\u00e9duit l&#039;apparence des rides.<\/li>\n<li><strong>Levage musculaire<\/strong>:Augmente le tonus et l\u2019\u00e9lasticit\u00e9 musculaire.<\/li>\n<li><strong>R\u00e9g\u00e9n\u00e9rer l&#039;\u00e9lastine et le collag\u00e8ne<\/strong>: Stimule la production de prot\u00e9ines essentielles de la peau.<\/li>\n<\/ol>\n<h3>Avantages techniques<\/h3>\n<ol>\n<li><strong>2 th\u00e9rapies en une seule proc\u00e9dure<\/strong>:Combine les \u00e9nergies RF et HI-EMS synchronis\u00e9es pour un traitement simultan\u00e9 de la peau et des muscles du visage.<\/li>\n<li><strong>Non invasif \/ sans douleur \/ sans aiguille<\/strong>:Compl\u00e8tement non invasif et sans temps d\u2019arr\u00eat.<\/li>\n<li><strong>Soin du visage<\/strong>:R\u00e9duit les rides du visage, augmente le tonus et la densit\u00e9 musculaire, am\u00e9liore le lifting du visage, stimule le collag\u00e8ne et double la production d&#039;\u00e9lastine.<\/li>\n<li><strong>Fonctionnement mains libres<\/strong>:La proc\u00e9dure s&#039;ex\u00e9cute de mani\u00e8re ind\u00e9pendante une fois les applicateurs fix\u00e9s.<\/li>\n<li><strong>Soin complet du visage en 20 minutes<\/strong>:Traitement confortable et convivial d&#039;une dur\u00e9e de seulement 20 minutes.<\/li>\n<\/ol>\n<table style=\"border-collapse: collapse; width: 100%; height: 30px;\">\n<tbody>\n<tr style=\"height: 30px;\">\n<td style=\"width: 50%; height: 30px;\"><img loading=\"lazy\" decoding=\"async\" class=\"magic-28 aligncenter\" title=\"Appareil de beaut\u00e9 du visage EMS RF\" src=\"https:\/\/sc04.alicdn.com\/kf\/H3c4db5ae756141508bced991de1fbee8n\/247315878\/H3c4db5ae756141508bced991de1fbee8n.png\" alt=\"Appareil de beaut\u00e9 du visage EMS RF\" width=\"390\" height=\"312\" data-src=\"\/\/sc04.alicdn.com\/kf\/H3c4db5ae756141508bced991de1fbee8n\/247315878\/H3c4db5ae756141508bced991de1fbee8n.png\" \/><\/td>\n<td style=\"width: 50%; height: 30px;\"><img loading=\"lazy\" decoding=\"async\" class=\"magic-31 aligncenter\" title=\"Appareil de beaut\u00e9 du visage EMS RF\" src=\"https:\/\/sc04.alicdn.com\/kf\/Hbd4cb5c0df234ea6a35231aa1a92e99bg\/247315878\/Hbd4cb5c0df234ea6a35231aa1a92e99bg.png\" alt=\"Appareil de beaut\u00e9 du visage EMS RF\" width=\"453\" height=\"336\" data-src=\"\/\/sc04.alicdn.com\/kf\/Hbd4cb5c0df234ea6a35231aa1a92e99bg\/247315878\/Hbd4cb5c0df234ea6a35231aa1a92e99bg.png\" \/><\/td>\n<\/tr>\n<\/tbody>\n<\/table>\n<h3>Applications<\/h3>\n<ul>\n<li><strong>Lifting et raffermissement de la peau<\/strong>:Atteint une apparence plus ferme et plus jeune.<\/li>\n<li><strong>\u00c9limination des rides<\/strong>:Lisse les ridules et les rides.<\/li>\n<li><strong>Levage musculaire<\/strong>:Am\u00e9liore le tonus et l\u2019\u00e9lasticit\u00e9 des muscles du visage.<\/li>\n<li><strong>R\u00e9g\u00e9n\u00e9ration du collag\u00e8ne et de l&#039;\u00e9lastine<\/strong>: Am\u00e9liore la structure et la r\u00e9silience de la peau.<\/li>\n<\/ul>\n<h3>\u00a0Avantages<\/h3>\n<ul>\n<li><strong>Traitement efficace de la peau et des muscles<\/strong>:Traitement simultan\u00e9 de la peau et des muscles pour un rajeunissement complet du visage.<\/li>\n<li><strong>Confortable et s\u00fbr<\/strong>: Proc\u00e9dure non invasive, indolore et sans temps d\u2019arr\u00eat.<\/li>\n<li><strong>R\u00e9sultats rapides<\/strong>:Des am\u00e9liorations notables en seulement 20 minutes par s\u00e9ance.<\/li>\n<li><strong>Am\u00e9lioration du teint et de l&#039;\u00e9lasticit\u00e9 de la peau<\/strong>:Augmente la production de collag\u00e8ne et d\u2019\u00e9lastine pour une meilleure qualit\u00e9 de peau.<\/li>\n<\/ul>\n<\/div>\n<\/div>\n<\/div>\n<\/div>\n<\/div>\n<\/div>\n<div class=\"J_module\">\n<div class=\"detail-decorate-json-renderer-container\">\n<div class=\"magic-2\">\n<p><span style=\"font-family: 'Playfair Display', serif; font-size: 24px; font-weight: bold; text-transform: capitalize;\">Utilisation des effets<\/span><\/p>\n<p><img loading=\"lazy\" decoding=\"async\" class=\"magic-39 aligncenter\" title=\"Appareil de beaut\u00e9 du visage EMS RF\" src=\"https:\/\/sc04.alicdn.com\/kf\/H7d7f15a834ba430c9084ba75d1c9bae3Z\/247315878\/H7d7f15a834ba430c9084ba75d1c9bae3Z.jpg\" alt=\"Appareil de beaut\u00e9 du visage EMS RF\" width=\"550\" height=\"505\" data-src=\"\/\/sc04.alicdn.com\/kf\/H7d7f15a834ba430c9084ba75d1c9bae3Z\/247315878\/H7d7f15a834ba430c9084ba75d1c9bae3Z.jpg\" \/><\/p>\n<h3><strong>Personnaliser Le Logo<\/strong><\/h3>\n<p>Vous voulez faire de votre marque de se d\u00e9marquer? Nous vous proposons logo personnalis\u00e9 de services pour vous aider \u00e0 cr\u00e9er un unique et personnalis\u00e9e de logo, qui refl\u00e8te l&#039;identit\u00e9 de votre marque. Notre \u00e9quipe d&#039;experts travaillera en \u00e9troite collaboration avec vous pour concevoir un logo qui r\u00e9sonne avec les valeurs de votre marque et de messagerie. Si vous \u00eates \u00e0 la recherche de r\u00e9organiser votre logo existant ou en cr\u00e9er un nouveau \u00e0 partir de z\u00e9ro, nous vous avons avons couvert. <a href=\"\/fr\/contact\/\">Contactez-nous<\/a> aujourd&#039;hui pour en savoir plus sur notre logo personnalis\u00e9 de services!<\/p>\n<\/div>\n<\/div>\n<\/div>","protected":false},"excerpt":{"rendered":"<p>L&#039;\u00e9nergie thermique synchronis\u00e9e peut chauffer le derme et augmenter le collag\u00e8ne pour restaurer l&#039;\u00e9lasticit\u00e9 de la peau et \u00e9liminer les rides. Tandis que la technologie des impulsions magn\u00e9tiques \u00e0 haute intensit\u00e9 peut stimuler les muscles et les faire se contracter de mani\u00e8re s\u00e9lective. En augmentant l&#039;intensit\u00e9 et la qualit\u00e9 des muscles, il peut atteindre l&#039;objectif de soulever et de raffermir la peau. Avec \u00e0 la fois de l&#039;\u00e9nergie thermique et une impulsion \u00e9lev\u00e9e dans un seul coussin, il peut aider \u00e0 soulever et \u00e0 raffermir le visage, \u00e0 \u00e9liminer les rides et \u00e0 r\u00e9g\u00e9n\u00e9rer la peau.<\/p>","protected":false},"featured_media":2401,"comment_status":"open","ping_status":"closed","template":"","meta":{"_kad_post_transparent":"default","_kad_post_title":"","_kad_post_layout":"default","_kad_post_sidebar_id":"","_kad_post_content_style":"default","_kad_post_vertical_padding":"default","_kad_post_feature":"","_kad_post_feature_position":"","_kad_post_header":false,"_kad_post_footer":false,"_kad_post_classname":"","rank_math_title":"","rank_math_description":"","rank_math_focus_keyword":""},"product_brand":[],"product_cat":[31],"product_tag":[],"class_list":{"0":"post-2400","1":"product","2":"type-product","3":"status-publish","4":"has-post-thumbnail","6":"product_cat-body-slimming","8":"first","9":"instock","10":"sale","11":"shipping-taxable","12":"purchasable","13":"product-type-simple","14":"entry","15":"content-bg","16":"loop-entry"},"_links":{"self":[{"href":"https:\/\/skbty.com\/fr\/wp-json\/wp\/v2\/product\/2400","targetHints":{"allow":["GET"]}}],"collection":[{"href":"https:\/\/skbty.com\/fr\/wp-json\/wp\/v2\/product"}],"about":[{"href":"https:\/\/skbty.com\/fr\/wp-json\/wp\/v2\/types\/product"}],"replies":[{"embeddable":true,"href":"https:\/\/skbty.com\/fr\/wp-json\/wp\/v2\/comments?post=2400"}],"wp:featuredmedia":[{"embeddable":true,"href":"https:\/\/skbty.com\/fr\/wp-json\/wp\/v2\/media\/2401"}],"wp:attachment":[{"href":"https:\/\/skbty.com\/fr\/wp-json\/wp\/v2\/media?parent=2400"}],"wp:term":[{"taxonomy":"product_brand","embeddable":true,"href":"https:\/\/skbty.com\/fr\/wp-json\/wp\/v2\/product_brand?post=2400"},{"taxonomy":"product_cat","embeddable":true,"href":"https:\/\/skbty.com\/fr\/wp-json\/wp\/v2\/product_cat?post=2400"},{"taxonomy":"product_tag","embeddable":true,"href":"https:\/\/skbty.com\/fr\/wp-json\/wp\/v2\/product_tag?post=2400"}],"curies":[{"name":"Wp wp","href":"https:\/\/api.w.org\/{rel}","templated":true}]}}