{"id":2416,"date":"2024-01-11T18:06:55","date_gmt":"2024-01-11T10:06:55","guid":{"rendered":"https:\/\/skbty.com\/?post_type=product&#038;p=2416"},"modified":"2024-06-20T15:53:40","modified_gmt":"2024-06-20T07:53:40","slug":"appareil-de-luminotherapie-a-led-7-couleurs","status":"publish","type":"product","link":"https:\/\/skbty.com\/fr\/produit\/appareil-de-luminotherapie-a-led-7-couleurs\/","title":{"rendered":"Appareil de luminoth\u00e9rapie LED \u00e0 7 couleurs"},"content":{"rendered":"<div class=\"J_module\">\n<div class=\"icbu-pc-images magic-1\">\n<div class=\"flex-layout-v\">\n<div>\n<h3>Qu&#039;est-ce que le <strong>Appareil de luminoth\u00e9rapie LED ?<\/strong><\/h3>\n<p><strong>Appareil de luminoth\u00e9rapie \u00e0 LED<\/strong> utilise la th\u00e9rapie photodynamique (PDT) pour traiter diverses affections cutan\u00e9es, en exploitant la double nature de la lumi\u00e8re, \u00e0 la fois comme onde \u00e9lectromagn\u00e9tique et comme flux de particules. Cette machine utilise des sources de lumi\u00e8re LED en combinaison avec des cosm\u00e9tiques ou des m\u00e9dicaments photosensibles pour am\u00e9liorer la sant\u00e9 et l&#039;apparence de la peau.<\/p>\n<table style=\"border-collapse: collapse; width: 100%;\">\n<tbody>\n<tr>\n<td style=\"width: 50%;\"><img loading=\"lazy\" decoding=\"async\" class=\"magic-15 aligncenter\" title=\"Appareil de luminoth\u00e9rapie \u00e0 LED\" src=\"https:\/\/sc04.alicdn.com\/kf\/H6dd7a23fb9664992a06d0c98bb3adb0fL\/247315878\/H6dd7a23fb9664992a06d0c98bb3adb0fL.jpg\" alt=\"Appareil de luminoth\u00e9rapie \u00e0 LED\" width=\"527\" height=\"815\" data-src=\"\/\/sc04.alicdn.com\/kf\/H6dd7a23fb9664992a06d0c98bb3adb0fL\/247315878\/H6dd7a23fb9664992a06d0c98bb3adb0fL.jpg\" \/><\/td>\n<td style=\"width: 50%;\"><img loading=\"lazy\" decoding=\"async\" class=\"magic-17 aligncenter\" title=\"Appareil de luminoth\u00e9rapie \u00e0 LED\" src=\"https:\/\/sc04.alicdn.com\/kf\/Hc9abbcb3342645d1893bdd42baf158d7s\/247315878\/Hc9abbcb3342645d1893bdd42baf158d7s.jpg\" alt=\"Appareil de luminoth\u00e9rapie \u00e0 LED\" width=\"316\" height=\"677\" data-src=\"\/\/sc04.alicdn.com\/kf\/Hc9abbcb3342645d1893bdd42baf158d7s\/247315878\/Hc9abbcb3342645d1893bdd42baf158d7s.jpg\" \/><\/td>\n<\/tr>\n<\/tbody>\n<\/table>\n<h3>Caract\u00e9ristiques<\/h3>\n<ul>\n<li><strong>Nom<\/strong>: Appareil de luminoth\u00e9rapie \u00e0 LED<\/li>\n<li><strong>Sp\u00e9cification<\/strong>: 53<em>26<\/em>38 cm, 4,35 kg<\/li>\n<li><strong>Service OEM<\/strong>: Soutien<\/li>\n<li><strong>Technologie<\/strong>:Lumi\u00e8re LED PDT + Photon<\/li>\n<li><strong>Couleur LED<\/strong>: 7 couleurs, 7 fonctions<\/li>\n<li><strong>Tension<\/strong>: 110-220V<\/li>\n<li><strong>Accessoires<\/strong>:Moteur principal, manuel, cordon d&#039;alimentation, lunettes de protection<\/li>\n<\/ul>\n<h3><img loading=\"lazy\" decoding=\"async\" class=\"magic-24 aligncenter\" title=\"Appareil de luminoth\u00e9rapie \u00e0 LED\" src=\"https:\/\/sc04.alicdn.com\/kf\/Hc50d2a8a852942ecac1fd6ccfde5e42dR\/247315878\/Hc50d2a8a852942ecac1fd6ccfde5e42dR.jpg\" alt=\"Appareil de luminoth\u00e9rapie \u00e0 LED\" width=\"544\" height=\"474\" data-src=\"\/\/sc04.alicdn.com\/kf\/Hc50d2a8a852942ecac1fd6ccfde5e42dR\/247315878\/Hc50d2a8a852942ecac1fd6ccfde5e42dR.jpg\" \/><\/h3>\n<h3>Principe de fonctionnement<\/h3>\n<p>L&#039; <strong>Appareil de luminoth\u00e9rapie \u00e0 LED<\/strong> Le syst\u00e8me fonctionne sur le principe de la th\u00e9rapie photodynamique (PDT), qui repose sur la th\u00e9orie m\u00e9dicale. Cette technologie associe des sources de lumi\u00e8re LED \u00e0 des cosm\u00e9tiques ou m\u00e9dicaments photosensibles pour traiter les probl\u00e8mes de peau tels que l&#039;acn\u00e9, la rosac\u00e9e, les rougeurs, les boutons, etc. L&#039;\u00e9nergie photonique affecte positivement les cellules de la peau, acc\u00e9l\u00e9rant la croissance cellulaire, favorisant la production de collag\u00e8ne et d&#039;\u00e9lastine, am\u00e9liorant la microcirculation sanguine et am\u00e9liorant l&#039;\u00e9tat g\u00e9n\u00e9ral de la peau.<\/p>\n<table style=\"border-collapse: collapse; width: 100%;\">\n<tbody>\n<tr>\n<td style=\"width: 50%;\"><img loading=\"lazy\" decoding=\"async\" class=\"magic-26 aligncenter\" title=\"Appareil de luminoth\u00e9rapie \u00e0 LED\" src=\"https:\/\/sc04.alicdn.com\/kf\/Hfad70462fcb84c209ccb72c1bb05786fs\/247315878\/Hfad70462fcb84c209ccb72c1bb05786fs.jpg\" alt=\"Appareil de luminoth\u00e9rapie \u00e0 LED\" width=\"546\" height=\"950\" data-src=\"\/\/sc04.alicdn.com\/kf\/Hfad70462fcb84c209ccb72c1bb05786fs\/247315878\/Hfad70462fcb84c209ccb72c1bb05786fs.jpg\" \/><\/td>\n<td style=\"width: 50%;\"><img loading=\"lazy\" decoding=\"async\" class=\"magic-28 aligncenter\" title=\"Appareil de luminoth\u00e9rapie \u00e0 LED\" src=\"https:\/\/sc04.alicdn.com\/kf\/H6e87db1c87cf423c8ecb03f55ce966ceM\/247315878\/H6e87db1c87cf423c8ecb03f55ce966ceM.jpg\" alt=\"Appareil de luminoth\u00e9rapie \u00e0 LED\" width=\"399\" height=\"715\" data-src=\"\/\/sc04.alicdn.com\/kf\/H6e87db1c87cf423c8ecb03f55ce966ceM\/247315878\/H6e87db1c87cf423c8ecb03f55ce966ceM.jpg\" \/><\/td>\n<\/tr>\n<\/tbody>\n<\/table>\n<h3>Fonctions<\/h3>\n<ul>\n<li><strong>Lumi\u00e8re rouge (635 nm)<\/strong>:Anti-inflammatoire, analg\u00e9sique, cicatrisant, traite la n\u00e9vrodermite, l&#039;acn\u00e9, les douleurs articulaires, la polyarthrite rhumato\u00efde.<\/li>\n<li><strong>Lumi\u00e8re verte (560 nm)<\/strong>:Traite l&#039;asthme, le syndrome de la m\u00e9nopause, l&#039;engourdissement des nerfs, les maladies r\u00e9nales, le diab\u00e8te, les maladies du tube digestif, la rugosit\u00e9 de la peau, les rides, les points noirs, l&#039;acn\u00e9 et les troubles endocriniens.<\/li>\n<li><strong>Lumi\u00e8re bleue (415 nm)<\/strong>:Favorise la synth\u00e8se des prot\u00e9ines et du collag\u00e8ne, blanchit la peau, convient \u00e0 la jaunisse n\u00e9onatale, aux peaux allergiques et grasses, traite le goitre, les maladies cardiaques chroniques, l&#039;insomnie, le syndrome de la m\u00e9nopause.<\/li>\n<li><strong>Lumi\u00e8re violette (308 nm)<\/strong>:Stimule le syst\u00e8me de s\u00e9cr\u00e9tion, traite les ulc\u00e8res de la peau et des muqueuses, les plaies d&#039;acn\u00e9.<\/li>\n<li><strong>Lumi\u00e8re jaune (590 nm)<\/strong>:Inhibe le d\u00e9p\u00f4t de m\u00e9lanine, acc\u00e9l\u00e8re la cicatrisation des plaies, traite les affections li\u00e9es aux glandes surr\u00e9nales.<\/li>\n<li><strong>Lumi\u00e8re orange (610 nm)<\/strong>:Favorise le m\u00e9tabolisme, augmente l&#039;app\u00e9tit, traite les maladies cardiaques, les battements cardiaques faibles, les maladies cardiaques chroniques, les palpitations cardiaques.<\/li>\n<li><strong>Fonction du suppl\u00e9ment de calcium<\/strong>:Utilise deux lampes UVB de 320 nm pour favoriser la conversion du 7-d\u00e9hydrocholest\u00e9rol en vitamine D3, facilitant ainsi le m\u00e9tabolisme et l&#039;absorption du calcium et du phosphore.<\/li>\n<\/ul>\n<h3>Applications<\/h3>\n<ol>\n<li><strong>Lissage des rides et ridules<\/strong><\/li>\n<li><strong>R\u00e9duire l&#039;inflammation<\/strong><\/li>\n<li><strong>Am\u00e9liorer les cicatrices d&#039;acn\u00e9<\/strong><\/li>\n<li><strong>Pr\u00e9venir les pouss\u00e9es d\u2019acn\u00e9 en tuant les bact\u00e9ries<\/strong><\/li>\n<li><strong>Favoriser la circulation sanguine<\/strong><\/li>\n<li><strong>Stimuler la production de collag\u00e8ne<\/strong><\/li>\n<li><strong>\u00c9claircir la peau<\/strong><\/li>\n<\/ol>\n<table style=\"border-collapse: collapse; width: 100%;\">\n<tbody>\n<tr>\n<td style=\"width: 50%;\"><img loading=\"lazy\" decoding=\"async\" class=\"magic-30 aligncenter\" title=\"Appareil de luminoth\u00e9rapie \u00e0 LED\" src=\"https:\/\/sc04.alicdn.com\/kf\/Hd831c2f614cc491ba0d4e83dc2955a66G\/247315878\/Hd831c2f614cc491ba0d4e83dc2955a66G.jpg\" alt=\"Appareil de luminoth\u00e9rapie \u00e0 LED\" width=\"359\" height=\"610\" data-src=\"\/\/sc04.alicdn.com\/kf\/Hd831c2f614cc491ba0d4e83dc2955a66G\/247315878\/Hd831c2f614cc491ba0d4e83dc2955a66G.jpg\" \/><\/td>\n<td style=\"width: 50%;\"><img loading=\"lazy\" decoding=\"async\" class=\"magic-32 aligncenter\" title=\"Appareil de luminoth\u00e9rapie \u00e0 LED\" src=\"https:\/\/sc04.alicdn.com\/kf\/H4e961103ac0845dbbec7fe7d2f2858d43\/247315878\/H4e961103ac0845dbbec7fe7d2f2858d43.jpg\" alt=\"Appareil de luminoth\u00e9rapie \u00e0 LED\" width=\"454\" height=\"645\" data-src=\"\/\/sc04.alicdn.com\/kf\/H4e961103ac0845dbbec7fe7d2f2858d43\/247315878\/H4e961103ac0845dbbec7fe7d2f2858d43.jpg\" \/><\/td>\n<\/tr>\n<\/tbody>\n<\/table>\n<h3>Avantages<\/h3>\n<ol>\n<li><strong>Nouveau panneau de contr\u00f4le intelligent<\/strong>:Offre une exp\u00e9rience utilisateur am\u00e9lior\u00e9e.<\/li>\n<li><strong>Programme de contr\u00f4le de puissance maximale<\/strong>:S\u00e9ances de 15 minutes pour une utilisation optimale de la puissance.<\/li>\n<li><strong>Soins complets de la peau du visage<\/strong>:Traite une vari\u00e9t\u00e9 de probl\u00e8mes de peau.<\/li>\n<li><strong>Traitement non invasif<\/strong>:Compl\u00e8tement s\u00fbr sans temps d&#039;arr\u00eat.<\/li>\n<li><strong>\u00c9cran tactile complet<\/strong>:Utilisation simple et intuitive.<\/li>\n<li><strong>268 lumi\u00e8res LED<\/strong>: Assure de meilleurs r\u00e9sultats en mati\u00e8re de soins de la peau.<\/li>\n<li><strong>Acc\u00e9l\u00e8re le m\u00e9tabolisme<\/strong>: Avantages anti-\u00e2ge, active la peau, r\u00e9duit les rides et raffermit la peau.<\/li>\n<\/ol>\n<\/div>\n<div class=\"flex-layout-h magic-1\">\n<h3><strong>Personnaliser Le Logo<\/strong><\/h3>\n<p>Vous voulez faire de votre marque de se d\u00e9marquer? Nous vous proposons logo personnalis\u00e9 de services pour vous aider \u00e0 cr\u00e9er un unique et personnalis\u00e9e de logo, qui refl\u00e8te l&#039;identit\u00e9 de votre marque. Notre \u00e9quipe d&#039;experts travaillera en \u00e9troite collaboration avec vous pour concevoir un logo qui r\u00e9sonne avec les valeurs de votre marque et de messagerie. Si vous \u00eates \u00e0 la recherche de r\u00e9organiser votre logo existant ou en cr\u00e9er un nouveau \u00e0 partir de z\u00e9ro, nous vous avons avons couvert. <a href=\"\/fr\/contact\/\">Contactez-nous<\/a> aujourd&#039;hui pour en savoir plus sur notre logo personnalis\u00e9 de services!<\/p>\n<\/div>\n<\/div>\n<\/div>\n<\/div>","protected":false},"excerpt":{"rendered":"<p><span class=\"magic-8\" style=\"font-family: Arial;\">La lumi\u00e8re est une forme d&#039;\u00e9nergie rayonnante qui se d\u00e9place en ligne droite dans le vide \u00e0 une vitesse de 3,0 \u00d7 10 ^ m\/s. On pense que la lumi\u00e8re est \u00e0 la fois une onde \u00e9lectromagn\u00e9tique et un flux de particules. Cette compr\u00e9hension de la dualit\u00e9 onde-particule de la lumi\u00e8re est le fondement de la th\u00e9orie quantique de la lumi\u00e8re. La th\u00e9orie quantique de la lumi\u00e8re soutient qu&#039;en raison des diff\u00e9rentes \u00e9nergies du quantum de lumi\u00e8re, diff\u00e9rents rayons lumineux peuvent provoquer des r\u00e9actions photochimiques. L&#039;effet photo\u00e9lectrique. Le frottement fluorescent. L&#039;effet de perforation et l&#039;effet thermique. Ces effets deviennent la base th\u00e9orique de la m\u00e9decine de phototh\u00e9rapie.<\/span><\/p>","protected":false},"featured_media":2417,"comment_status":"open","ping_status":"closed","template":"","meta":{"_kad_post_transparent":"default","_kad_post_title":"","_kad_post_layout":"default","_kad_post_sidebar_id":"","_kad_post_content_style":"default","_kad_post_vertical_padding":"default","_kad_post_feature":"","_kad_post_feature_position":"","_kad_post_header":false,"_kad_post_footer":false,"_kad_post_classname":"","rank_math_title":"","rank_math_description":"","rank_math_focus_keyword":""},"product_brand":[],"product_cat":[33],"product_tag":[],"class_list":{"0":"post-2416","1":"product","2":"type-product","3":"status-publish","4":"has-post-thumbnail","6":"product_cat-face-care","8":"first","9":"instock","10":"shipping-taxable","11":"product-type-simple","12":"entry","13":"content-bg","14":"loop-entry"},"_links":{"self":[{"href":"https:\/\/skbty.com\/fr\/wp-json\/wp\/v2\/product\/2416","targetHints":{"allow":["GET"]}}],"collection":[{"href":"https:\/\/skbty.com\/fr\/wp-json\/wp\/v2\/product"}],"about":[{"href":"https:\/\/skbty.com\/fr\/wp-json\/wp\/v2\/types\/product"}],"replies":[{"embeddable":true,"href":"https:\/\/skbty.com\/fr\/wp-json\/wp\/v2\/comments?post=2416"}],"wp:featuredmedia":[{"embeddable":true,"href":"https:\/\/skbty.com\/fr\/wp-json\/wp\/v2\/media\/2417"}],"wp:attachment":[{"href":"https:\/\/skbty.com\/fr\/wp-json\/wp\/v2\/media?parent=2416"}],"wp:term":[{"taxonomy":"product_brand","embeddable":true,"href":"https:\/\/skbty.com\/fr\/wp-json\/wp\/v2\/product_brand?post=2416"},{"taxonomy":"product_cat","embeddable":true,"href":"https:\/\/skbty.com\/fr\/wp-json\/wp\/v2\/product_cat?post=2416"},{"taxonomy":"product_tag","embeddable":true,"href":"https:\/\/skbty.com\/fr\/wp-json\/wp\/v2\/product_tag?post=2416"}],"curies":[{"name":"Wp wp","href":"https:\/\/api.w.org\/{rel}","templated":true}]}}