{"id":2424,"date":"2024-01-11T18:14:05","date_gmt":"2024-01-11T10:14:05","guid":{"rendered":"https:\/\/skbty.com\/?post_type=product&#038;p=2424"},"modified":"2024-06-20T15:39:03","modified_gmt":"2024-06-20T07:39:03","slug":"machines-damincissement-a-diode-laser-1060-nm","status":"publish","type":"product","link":"https:\/\/skbty.com\/fr\/produit\/machines-damincissement-a-diode-laser-1060-nm\/","title":{"rendered":"Machines d&#039;amincissement \u00e0 diode laser 1060 nm"},"content":{"rendered":"<div class=\"J_module\">\n<div class=\"detail-decorate-json-renderer-container\">\n<div class=\"magic-1\">\n<div class=\"magic-2\">\n<div class=\"magic-3\">\n<div class=\"magic-4\">\n<h3>Qu&#039;est-ce que les machines d&#039;amincissement \u00e0 diode laser 1060 nm ?<\/h3>\n<p>L&#039; <strong>Appareil amincissant \u00e0 diode laser 1060 nm<\/strong> offre une solution non invasive pour cibler et r\u00e9duire les cellules adipeuses. Tirant parti de l&#039;affinit\u00e9 sp\u00e9cifique de la longueur d&#039;onde de 1060 nm pour le tissu adipeux, cet appareil avanc\u00e9 minimise l&#039;absorption dans le derme, ce qui en fait un traitement efficace pour les zones adipeuses probl\u00e9matiques. Chaque s\u00e9ance de traitement ne dure que 25 minutes, avec des r\u00e9sultats visibles en seulement 6 semaines et des r\u00e9sultats optimaux g\u00e9n\u00e9ralement observ\u00e9s en 12 semaines.<\/p>\n<table style=\"border-collapse: collapse; width: 100%;\">\n<tbody>\n<tr>\n<td style=\"width: 50%;\">\n<h3><img loading=\"lazy\" decoding=\"async\" class=\"magic-10 aligncenter\" title=\"Machines d&#039;amincissement \u00e0 diode laser 1060 nm\" src=\"https:\/\/sc04.alicdn.com\/kf\/H36070f937b734755a52c3b7227fc2e7bO\/247315878\/H36070f937b734755a52c3b7227fc2e7bO.png\" alt=\"Machines d&#039;amincissement \u00e0 diode laser 1060 nm\" width=\"405\" height=\"397\" data-src=\"\/\/sc04.alicdn.com\/kf\/H36070f937b734755a52c3b7227fc2e7bO\/247315878\/H36070f937b734755a52c3b7227fc2e7bO.png\" \/><\/h3>\n<\/td>\n<td style=\"width: 50%;\"><img loading=\"lazy\" decoding=\"async\" class=\"magic-17 aligncenter\" title=\"Machines d&#039;amincissement \u00e0 diode laser 1060 nm\" src=\"https:\/\/sc04.alicdn.com\/kf\/H64e55533e4c94b2baa10bb30dd873018G\/247315878\/H64e55533e4c94b2baa10bb30dd873018G.png\" alt=\"Machines d&#039;amincissement \u00e0 diode laser 1060 nm\" width=\"342\" height=\"364\" data-src=\"\/\/sc04.alicdn.com\/kf\/H64e55533e4c94b2baa10bb30dd873018G\/247315878\/H64e55533e4c94b2baa10bb30dd873018G.png\" \/><\/td>\n<\/tr>\n<\/tbody>\n<\/table>\n<h3>Caract\u00e9ristiques<\/h3>\n<ul>\n<li><strong>Taille de l&#039;\u00e9cran<\/strong>: 10,4 pouces<\/li>\n<li><strong>Nombre de poign\u00e9es<\/strong>: 4<\/li>\n<li><strong>Dur\u00e9e du traitement<\/strong>: 25 minutes<\/li>\n<li><strong>Densit\u00e9 de puissance<\/strong>: 0,5 W-2 W\/cm\u00b2<\/li>\n<li><strong>Modes d&#039;alimentation<\/strong>: Pouls<\/li>\n<li><strong>Longueur d&#039;onde<\/strong>: 1060 nm<\/li>\n<li><strong>Circuit de refroidissement<\/strong>:R\u00e9frig\u00e9ration par compresseur fr\u00e9on + eau + air + ventilateurs<\/li>\n<li><strong>Alimentation \u00e9lectrique<\/strong>:CA 200V-240V, 50\/60Hz<\/li>\n<li><strong>Taille de l&#039;emballage<\/strong>: 130<em>68<\/em>88 cm<\/li>\n<li><strong>Poids de l&#039;emballage<\/strong>: 156 kg<\/li>\n<\/ul>\n<h3>Principe de fonctionnement<\/h3>\n<p>L&#039; <strong>Appareil amincissant \u00e0 diode laser 1060 nm<\/strong> utilise une approche non invasive bas\u00e9e sur le laser pour cibler et r\u00e9duire directement les cellules graisseuses. Adapt\u00e9 aux hommes et aux femmes de tous types de corps, chaque op\u00e9ration dure en moyenne 25 minutes et peut traiter plusieurs zones simultan\u00e9ment. Le syst\u00e8me laser \u00e0 diode 1060 nm utilise la technologie d&#039;hyperthermie pour cibler sp\u00e9cifiquement le tissu adipeux, r\u00e9duisant ainsi la graisse tenace dans les bras, l&#039;abdomen et d&#039;autres zones. Cette technologie offre une r\u00e9duction permanente du nombre de cellules graisseuses, contrairement aux m\u00e9thodes traditionnelles de perte de poids.<\/p>\n<h3><img loading=\"lazy\" decoding=\"async\" class=\"magic-20 aligncenter\" title=\"Machines d&#039;amincissement \u00e0 diode laser 1060 nm\" src=\"https:\/\/sc04.alicdn.com\/kf\/Hc4ba27b831eb4baf8d6b5aa811e9102bg\/247315878\/Hc4ba27b831eb4baf8d6b5aa811e9102bg.png\" alt=\"Machines d&#039;amincissement \u00e0 diode laser 1060 nm\" width=\"530\" height=\"361\" data-src=\"\/\/sc04.alicdn.com\/kf\/Hc4ba27b831eb4baf8d6b5aa811e9102bg\/247315878\/Hc4ba27b831eb4baf8d6b5aa811e9102bg.png\" \/><\/h3>\n<table style=\"border-collapse: collapse; width: 100%;\">\n<tbody>\n<tr>\n<td style=\"width: 50%;\"><img loading=\"lazy\" decoding=\"async\" class=\"magic-22 aligncenter\" title=\"Machines d&#039;amincissement \u00e0 diode laser 1060 nm\" src=\"https:\/\/sc04.alicdn.com\/kf\/Hc168ff84a7f649f0bd3f851c71e28d8aI\/247315878\/Hc168ff84a7f649f0bd3f851c71e28d8aI.png\" alt=\"Machines d&#039;amincissement \u00e0 diode laser 1060 nm\" width=\"402\" height=\"205\" data-src=\"\/\/sc04.alicdn.com\/kf\/Hc168ff84a7f649f0bd3f851c71e28d8aI\/247315878\/Hc168ff84a7f649f0bd3f851c71e28d8aI.png\" \/><\/td>\n<td style=\"width: 50%;\"><img loading=\"lazy\" decoding=\"async\" class=\"magic-24 aligncenter\" title=\"Machines d&#039;amincissement \u00e0 diode laser 1060 nm\" src=\"https:\/\/sc04.alicdn.com\/kf\/H80d4f0b9841d469da31e660a1886e3fcA\/247315878\/H80d4f0b9841d469da31e660a1886e3fcA.png\" alt=\"Machines d&#039;amincissement \u00e0 diode laser 1060 nm\" width=\"387\" height=\"217\" data-src=\"\/\/sc04.alicdn.com\/kf\/H80d4f0b9841d469da31e660a1886e3fcA\/247315878\/H80d4f0b9841d469da31e660a1886e3fcA.png\" \/><\/td>\n<\/tr>\n<\/tbody>\n<\/table>\n<h3>Caract\u00e9ristiques<\/h3>\n<ol>\n<li><strong>Absorption minimale par le derme<\/strong>:Garantit que la surface de la peau reste intacte.<\/li>\n<li><strong>Refroidissement par contact avanc\u00e9<\/strong>: Am\u00e9liore le confort du patient pendant le traitement.<\/li>\n<li><strong>Plumage de la propagation de la chaleur<\/strong>: Fournit des r\u00e9sultats d&#039;apparence naturelle.<\/li>\n<li><strong>Effets secondaires l\u00e9gers<\/strong>:Les effets secondaires sont l\u00e9gers et transitoires.<\/li>\n<li><strong>Temps de traitement rapide<\/strong>:Chaque zone ne n\u00e9cessite qu&#039;un traitement de 25 minutes.<\/li>\n<\/ol>\n<h3>Avantages<\/h3>\n<ol>\n<li><strong>Technologie non invasive<\/strong>:Aucun dommage aux tissus environnants.<\/li>\n<li><strong>Syst\u00e8me de refroidissement avanc\u00e9<\/strong>:Offre une manipulation confortable et s\u00fbre.<\/li>\n<li><strong>Rendement \u00e9nerg\u00e9tique \u00e9lev\u00e9 et stable<\/strong>: Assure des r\u00e9sultats de traitement efficaces.<\/li>\n<li><strong>Tige de levage \u00e9lectrique<\/strong>: R\u00e8gle la hauteur de la t\u00eate de traitement pour plus de pr\u00e9cision.<\/li>\n<\/ol>\n<h3>Applications<\/h3>\n<ul>\n<li><strong>R\u00e9duction de la graisse<\/strong>:Cible et r\u00e9duit efficacement les graisses tenaces dans diverses zones du corps.<\/li>\n<li><strong>Remodelage Du Corps<\/strong>: Am\u00e9liore le profil corporel gr\u00e2ce \u00e0 une r\u00e9duction non invasive des graisses.<\/li>\n<li><strong>Raffermissement de la peau<\/strong>:L\u2019absorption minimale du derme aide \u00e0 maintenir l\u2019int\u00e9grit\u00e9 de la peau.<\/li>\n<li><strong>Traitements rapides<\/strong>:Convient aux horaires charg\u00e9s, chaque s\u00e9ance ne durant que 25 minutes.<\/li>\n<\/ul>\n<h3>Avantages<\/h3>\n<ul>\n<li><strong>R\u00e9sultats visibles<\/strong>:Des am\u00e9liorations notables en seulement 6 semaines, avec des r\u00e9sultats optimaux \u00e0 12 semaines.<\/li>\n<li><strong>Exp\u00e9rience confortable<\/strong>:Un refroidissement avanc\u00e9 et une technologie non invasive garantissent un traitement confortable.<\/li>\n<li><strong>R\u00e9duction permanente des graisses<\/strong>:R\u00e9duit le nombre de cellules graisseuses pour des r\u00e9sultats durables.<\/li>\n<\/ul>\n<\/div>\n<\/div>\n<\/div>\n<\/div>\n<\/div>\n<\/div>\n<div class=\"J_module\">\n<div class=\"detail-decorate-json-renderer-container\">\n<div class=\"magic-1\">\n<div class=\"magic-2\"><\/div>\n<\/div>\n<\/div>\n<\/div>\n<div class=\"J_module\">\n<div class=\"icbu-pc-images magic-8\">\n<div>\n<div class=\"flex-layout-v\">\n<div class=\"flex-layout-h magic-8\">\n<div class=\"magic-26\"><img loading=\"lazy\" decoding=\"async\" class=\"magic-27 aligncenter\" title=\"Machines d&#039;amincissement \u00e0 diode laser 1060 nm\" src=\"https:\/\/sc04.alicdn.com\/kf\/H03fcc9be0f454201848409c4b30dbda5P\/247315878\/H03fcc9be0f454201848409c4b30dbda5P.png\" alt=\"Machines d&#039;amincissement \u00e0 diode laser 1060 nm\" width=\"404\" height=\"423\" data-src=\"\/\/sc04.alicdn.com\/kf\/H03fcc9be0f454201848409c4b30dbda5P\/247315878\/H03fcc9be0f454201848409c4b30dbda5P.png\" \/><\/div>\n<\/div>\n<\/div>\n<\/div>\n<\/div>\n<\/div>\n<div class=\"J_module\">\n<div class=\"icbu-pc-images magic-8\">\n<div class=\"flex-layout-v\">\n<div class=\"flex-layout-h magic-8\">\n<div class=\"magic-28\"><\/div>\n<\/div>\n<\/div>\n<\/div>\n<\/div>\n<div class=\"J_module\">\n<div class=\"icbu-pc-images magic-8\">\n<div class=\"flex-layout-v\">\n<div class=\"flex-layout-h magic-8\">\n<div class=\"magic-30\">\n<h3><strong>Personnaliser Le Logo<\/strong><\/h3>\n<p>Vous voulez faire de votre marque de se d\u00e9marquer? Nous vous proposons logo personnalis\u00e9 de services pour vous aider \u00e0 cr\u00e9er un unique et personnalis\u00e9e de logo, qui refl\u00e8te l&#039;identit\u00e9 de votre marque. Notre \u00e9quipe d&#039;experts travaillera en \u00e9troite collaboration avec vous pour concevoir un logo qui r\u00e9sonne avec les valeurs de votre marque et de messagerie. Si vous \u00eates \u00e0 la recherche de r\u00e9organiser votre logo existant ou en cr\u00e9er un nouveau \u00e0 partir de z\u00e9ro, nous vous avons avons couvert. <a href=\"\/fr\/contact\/\">Contactez-nous<\/a> aujourd&#039;hui pour en savoir plus sur notre logo personnalis\u00e9 de services!<\/p>\n<\/div>\n<\/div>\n<\/div>\n<\/div>\n<\/div>","protected":false},"excerpt":{"rendered":"<p>Obtenez une r\u00e9duction de graisse non invasive avec la machine d&#039;amincissement au laser \u00e0 diode 1060 nm. Utilisant une technologie de longueur d&#039;onde avanc\u00e9e de 1060 nm, cette machine cible le tissu adipeux pour une r\u00e9duction efficace de la graisse en seulement 25 minutes par s\u00e9ance.<\/p>","protected":false},"featured_media":2425,"comment_status":"open","ping_status":"closed","template":"","meta":{"_kad_post_transparent":"default","_kad_post_title":"","_kad_post_layout":"default","_kad_post_sidebar_id":"","_kad_post_content_style":"default","_kad_post_vertical_padding":"default","_kad_post_feature":"","_kad_post_feature_position":"","_kad_post_header":false,"_kad_post_footer":false,"_kad_post_classname":"","rank_math_title":"","rank_math_description":"","rank_math_focus_keyword":""},"product_brand":[],"product_cat":[31],"product_tag":[],"class_list":{"0":"post-2424","1":"product","2":"type-product","3":"status-publish","4":"has-post-thumbnail","6":"product_cat-body-slimming","8":"first","9":"instock","10":"shipping-taxable","11":"product-type-simple","12":"entry","13":"content-bg","14":"loop-entry"},"_links":{"self":[{"href":"https:\/\/skbty.com\/fr\/wp-json\/wp\/v2\/product\/2424","targetHints":{"allow":["GET"]}}],"collection":[{"href":"https:\/\/skbty.com\/fr\/wp-json\/wp\/v2\/product"}],"about":[{"href":"https:\/\/skbty.com\/fr\/wp-json\/wp\/v2\/types\/product"}],"replies":[{"embeddable":true,"href":"https:\/\/skbty.com\/fr\/wp-json\/wp\/v2\/comments?post=2424"}],"wp:featuredmedia":[{"embeddable":true,"href":"https:\/\/skbty.com\/fr\/wp-json\/wp\/v2\/media\/2425"}],"wp:attachment":[{"href":"https:\/\/skbty.com\/fr\/wp-json\/wp\/v2\/media?parent=2424"}],"wp:term":[{"taxonomy":"product_brand","embeddable":true,"href":"https:\/\/skbty.com\/fr\/wp-json\/wp\/v2\/product_brand?post=2424"},{"taxonomy":"product_cat","embeddable":true,"href":"https:\/\/skbty.com\/fr\/wp-json\/wp\/v2\/product_cat?post=2424"},{"taxonomy":"product_tag","embeddable":true,"href":"https:\/\/skbty.com\/fr\/wp-json\/wp\/v2\/product_tag?post=2424"}],"curies":[{"name":"Wp wp","href":"https:\/\/api.w.org\/{rel}","templated":true}]}}