{"id":2433,"date":"2024-01-11T18:24:55","date_gmt":"2024-01-11T10:24:55","guid":{"rendered":"https:\/\/skbty.com\/?post_type=product&#038;p=2433"},"modified":"2024-06-20T15:28:37","modified_gmt":"2024-06-20T07:28:37","slug":"machine-de-detatouage-au-laser-picoseconde-2","status":"publish","type":"product","link":"https:\/\/skbty.com\/fr\/produit\/machine-de-detatouage-au-laser-picoseconde-2\/","title":{"rendered":"Machine de d\u00e9tatouage au laser picoseconde"},"content":{"rendered":"<div class=\"J_module\">\n<div class=\"detail-decorate-json-renderer-container\">\n<h3>Qu&#039;est-ce que le <strong>Machine de d\u00e9tatouage au laser picoseconde ?<\/strong><\/h3>\n<p><strong>Machine de d\u00e9tatouage au laser picoseconde<\/strong> utilise des temps d&#039;impulsion ultra-courts (375-450 picosecondes) pour d\u00e9livrer des traitements laser \u00e0 haute vitesse et \u00e0 haute \u00e9nergie. Cette technologie avanc\u00e9e \u00e9limine efficacement les particules pigmentaires avec un minimum de dommages aux tissus environnants, garantissant une p\u00e9riode de r\u00e9cup\u00e9ration plus courte et moins d&#039;effets secondaires.<\/p>\n<table style=\"border-collapse: collapse; width: 100%;\">\n<tbody>\n<tr>\n<td style=\"width: 50%;\">\n<h3><img loading=\"lazy\" decoding=\"async\" class=\"magic-11 aligncenter\" title=\"Machine de d\u00e9tatouage au laser picoseconde\" src=\"https:\/\/sc04.alicdn.com\/kf\/H8a3436292e4f4bd98558203592165568E\/247315878\/H8a3436292e4f4bd98558203592165568E.png\" alt=\"Machine de d\u00e9tatouage au laser picoseconde\" width=\"380\" height=\"352\" data-src=\"\/\/sc04.alicdn.com\/kf\/H8a3436292e4f4bd98558203592165568E\/247315878\/H8a3436292e4f4bd98558203592165568E.png\" \/><\/h3>\n<\/td>\n<td style=\"width: 50%;\"><img loading=\"lazy\" decoding=\"async\" class=\"magic-16 aligncenter\" title=\"Machine de d\u00e9tatouage au laser picoseconde\" src=\"https:\/\/sc04.alicdn.com\/kf\/H60ba13dc31034cddaef2a4d561d8c4dbY\/247315878\/H60ba13dc31034cddaef2a4d561d8c4dbY.png\" alt=\"Machine de d\u00e9tatouage au laser picoseconde\" width=\"516\" height=\"408\" data-src=\"\/\/sc04.alicdn.com\/kf\/H60ba13dc31034cddaef2a4d561d8c4dbY\/247315878\/H60ba13dc31034cddaef2a4d561d8c4dbY.png\" \/><\/td>\n<\/tr>\n<\/tbody>\n<\/table>\n<h3>Caract\u00e9ristiques<\/h3>\n<ul>\n<li><strong>Description<\/strong>: Machine de d\u00e9tatouage au laser picoseconde<\/li>\n<li><strong>Tension<\/strong>: 110 V-240 V, 50 Hz\/60 Hz<\/li>\n<li><strong>Sortie laser<\/strong>: 3000W<\/li>\n<li><strong>Fr\u00e9quence<\/strong>:1-10 Hz (r\u00e9glable)<\/li>\n<li><strong>Taille du spot<\/strong>: 2-10 mm (r\u00e9glable)<\/li>\n<li><strong>Longueur d&#039;onde<\/strong>: 1064 nm, 532 nm, 785 nm<\/li>\n<li><strong>Circuit de refroidissement<\/strong>:Refroidissement par air + refroidissement par eau + radiateur<\/li>\n<\/ul>\n<h3>Principe de fonctionnement<\/h3>\n<p>L&#039; <strong>Machine de d\u00e9tatouage au laser picoseconde<\/strong> Le laser fonctionne avec des temps d&#039;impulsion ultra-courts, aussi courts que 375-450 picosecondes, ce qui permet une \u00e9limination plus rapide et plus efficace des pigments. L&#039;impulsion \u00e0 grande vitesse g\u00e9n\u00e8re un pic d&#039;\u00e9nergie plus important, ce qui permet \u00e0 \u00ab l&#039;effet photoshock \u00bb d&#039;\u00e9liminer proprement les particules de pigment. La largeur d&#039;impulsion ultra-courte emp\u00eache une conversion excessive de chaleur, r\u00e9duisant ainsi les dommages aux tissus environnants et raccourcissant la p\u00e9riode de r\u00e9cup\u00e9ration postop\u00e9ratoire. La sonde de focalisation holographique unique amplifie l&#039;\u00e9nergie jusqu&#039;\u00e0 22 fois, am\u00e9liorant ainsi la d\u00e9sint\u00e9gration des pigments.<\/p>\n<table style=\"border-collapse: collapse; width: 100%;\">\n<tbody>\n<tr>\n<td style=\"width: 50%;\">\n<h3><img loading=\"lazy\" decoding=\"async\" class=\"magic-38 aligncenter\" title=\"Machine de d\u00e9tatouage au laser picoseconde\" src=\"https:\/\/sc04.alicdn.com\/kf\/Hca5919e6a7b843f5ba075a5fe00257aaZ\/247315878\/Hca5919e6a7b843f5ba075a5fe00257aaZ.png\" alt=\"Machine de d\u00e9tatouage au laser picoseconde\" width=\"431\" height=\"282\" data-src=\"\/\/sc04.alicdn.com\/kf\/Hca5919e6a7b843f5ba075a5fe00257aaZ\/247315878\/Hca5919e6a7b843f5ba075a5fe00257aaZ.png\" \/><\/h3>\n<\/td>\n<td style=\"width: 50%;\"><img loading=\"lazy\" decoding=\"async\" class=\"magic-20 aligncenter\" title=\"Machine de d\u00e9tatouage au laser picoseconde\" src=\"https:\/\/sc04.alicdn.com\/kf\/Hf8018cf19c15430cb02c7209711ecb56u\/247315878\/Hf8018cf19c15430cb02c7209711ecb56u.png\" alt=\"Machine de d\u00e9tatouage au laser picoseconde\" width=\"240\" height=\"284\" data-src=\"\/\/sc04.alicdn.com\/kf\/Hf8018cf19c15430cb02c7209711ecb56u\/247315878\/Hf8018cf19c15430cb02c7209711ecb56u.png\" \/><\/td>\n<\/tr>\n<\/tbody>\n<\/table>\n<h3>Comment \u00e7a marche<\/h3>\n<p>Le laser picoseconde utilise un mode de sortie \u00e0 impulsions tr\u00e8s courtes, concentrant l&#039;\u00e9nergie pour briser les pigments en fines granules, qui sont ensuite absorb\u00e9es par le m\u00e9tabolisme du corps. Cette m\u00e9thode minimise les effets secondaires de l&#039;effet thermique, traitant efficacement diverses taches pigmentaires mieux que les lasers traditionnels. Le principe d&#039;optique s\u00e9lective p\u00e9n\u00e8tre et cible les pigments cutan\u00e9s malades, les \u00e9crasant et permettant au corps de les \u00e9liminer par le m\u00e9tabolisme sans affecter les tissus normaux environnants.<\/p>\n<p><img loading=\"lazy\" decoding=\"async\" class=\"magic-22 aligncenter\" title=\"Machine de d\u00e9tatouage au laser picoseconde\" src=\"https:\/\/sc04.alicdn.com\/kf\/H0ecde74a52154bf6a317c148afd49376f\/247315878\/H0ecde74a52154bf6a317c148afd49376f.png\" alt=\"Machine de d\u00e9tatouage au laser picoseconde\" width=\"576\" height=\"393\" data-src=\"\/\/sc04.alicdn.com\/kf\/H0ecde74a52154bf6a317c148afd49376f\/247315878\/H0ecde74a52154bf6a317c148afd49376f.png\" \/><\/p>\n<h3>Applications<\/h3>\n<ul>\n<li><strong>Suppression de tatouage<\/strong>:Supprime les tatouages de diff\u00e9rentes couleurs, notamment le noir, le violet, le vert et le bleu.<\/li>\n<li><strong>D\u00e9tachage<\/strong>:Traite le chloasma, les taches de caf\u00e9, les taches de rousseur, les coups de soleil, l&#039;Otanevus et plus encore.<\/li>\n<li><strong>R\u00e9duction des cicatrices d&#039;acn\u00e9<\/strong>:R\u00e9duit les marques d&#039;acn\u00e9 et les creux d&#039;acn\u00e9 l\u00e9gers.<\/li>\n<li><strong>\u00c9limination des pigments<\/strong>:\u00c9limine efficacement diff\u00e9rents types de pigmentation.<\/li>\n<li><strong>Rajeunissement de la peau<\/strong>: Am\u00e9liore le teint de la peau en \u00e9liminant le jaunissement et en favorisant le renouvellement de la peau.<\/li>\n<\/ul>\n<h3><img loading=\"lazy\" decoding=\"async\" class=\"magic-35 aligncenter\" title=\"Machine de d\u00e9tatouage au laser picoseconde\" src=\"https:\/\/sc04.alicdn.com\/kf\/H68721aeda8ab44358da2f2065bc74f65g\/247315878\/H68721aeda8ab44358da2f2065bc74f65g.png\" alt=\"Machine de d\u00e9tatouage au laser picoseconde\" width=\"519\" height=\"362\" data-src=\"\/\/sc04.alicdn.com\/kf\/H68721aeda8ab44358da2f2065bc74f65g\/247315878\/H68721aeda8ab44358da2f2065bc74f65g.png\" \/><\/h3>\n<h3>Avantages<\/h3>\n<ol>\n<li><strong>Haute vitesse et haute \u00e9nergie<\/strong>:Les temps d\u2019impulsion ultra-courts (1 picoseconde = 0,01 nanoseconde) offrent des traitements plus rapides et plus efficaces.<\/li>\n<li><strong>Effet photom\u00e9canique puissant<\/strong>:Une largeur d&#039;impulsion courte produit un effet puissant, d\u00e9composant les particules de pigment en tailles plus petites.<\/li>\n<li><strong>Effet thermique minimal<\/strong>:R\u00e9duit la conversion de chaleur, minimisant ainsi les dommages aux tissus environnants.<\/li>\n<li><strong>\u00c9limination compl\u00e8te des pigments<\/strong>: Assure une d\u00e9composition compl\u00e8te des particules de pigment avec moins d\u2019\u00e9nergie.<\/li>\n<li><strong>P\u00e9riode de r\u00e9cup\u00e9ration plus courte<\/strong>:Moins de dommages aux tissus environnants se traduisent par une r\u00e9cup\u00e9ration plus rapide et moins d\u2019effets secondaires.<\/li>\n<\/ol>\n<p><img loading=\"lazy\" decoding=\"async\" class=\"magic-31 aligncenter\" title=\"Machine de d\u00e9tatouage au laser picoseconde\" src=\"https:\/\/sc04.alicdn.com\/kf\/Hf937e38fe18c44a0a39f30512db0eba92\/247315878\/Hf937e38fe18c44a0a39f30512db0eba92.jpg\" alt=\"Machine de d\u00e9tatouage au laser picoseconde\" width=\"499\" height=\"1144\" data-src=\"\/\/sc04.alicdn.com\/kf\/Hf937e38fe18c44a0a39f30512db0eba92\/247315878\/Hf937e38fe18c44a0a39f30512db0eba92.jpg\" \/><\/p>\n<h3>Fonctions<\/h3>\n<ol>\n<li><strong>D\u00e9tachage<\/strong>:\u00c9limine efficacement le chloasma, les taches de caf\u00e9, les taches de rousseur, les coups de soleil et l&#039;Otanevus.<\/li>\n<li><strong>Suppression de tatouage<\/strong>:Supprime les tatouages de diff\u00e9rentes couleurs telles que le noir, le violet, le vert et le bleu.<\/li>\n<li><strong>R\u00e9duction des cicatrices d&#039;acn\u00e9<\/strong>:R\u00e9duit les marques d&#039;acn\u00e9 et les creux d&#039;acn\u00e9 l\u00e9gers.<\/li>\n<li><strong>\u00c9limination des pigments<\/strong>:Traite efficacement diff\u00e9rents types de pigmentation.<\/li>\n<li><strong>Rajeunissement de la peau<\/strong>:Favorise le renouvellement cutan\u00e9 et am\u00e9liore le teint.<\/li>\n<\/ol>\n<div class=\"magic-2\">\n<div class=\"magic-5\">\n<div class=\"magic-6\">\n<div class=\"magic-7\">\n<table style=\"border-collapse: collapse; width: 100%;\">\n<tbody>\n<tr>\n<td style=\"width: 50%;\"><img loading=\"lazy\" decoding=\"async\" class=\"magic-31 aligncenter\" title=\"Machine de d\u00e9tatouage au laser picoseconde\" src=\"https:\/\/sc04.alicdn.com\/kf\/H37a7b1f67ab84a22bbee6371a34ac59bn\/247315878\/H37a7b1f67ab84a22bbee6371a34ac59bn.png\" alt=\"Machine de d\u00e9tatouage au laser picoseconde\" width=\"445\" height=\"283\" data-src=\"\/\/sc04.alicdn.com\/kf\/H37a7b1f67ab84a22bbee6371a34ac59bn\/247315878\/H37a7b1f67ab84a22bbee6371a34ac59bn.png\" \/><\/td>\n<td style=\"width: 50%;\"><img loading=\"lazy\" decoding=\"async\" class=\"magic-33 aligncenter\" title=\"Machine de d\u00e9tatouage au laser picoseconde\" src=\"https:\/\/sc04.alicdn.com\/kf\/H0d8bc69694f841efa0f806c00ae49508X\/247315878\/H0d8bc69694f841efa0f806c00ae49508X.png\" alt=\"Machine de d\u00e9tatouage au laser picoseconde\" width=\"305\" height=\"305\" data-src=\"\/\/sc04.alicdn.com\/kf\/H0d8bc69694f841efa0f806c00ae49508X\/247315878\/H0d8bc69694f841efa0f806c00ae49508X.png\" \/><\/td>\n<\/tr>\n<\/tbody>\n<\/table>\n<\/div>\n<\/div>\n<\/div>\n<\/div>\n<\/div>\n<\/div>\n<div class=\"J_module\">\n<div class=\"icbu-pc-images magic-9\">\n<div class=\"flex-layout-v\">\n<div class=\"flex-layout-h magic-9\">\n<div class=\"magic-10\"><\/div>\n<\/div>\n<\/div>\n<\/div>\n<\/div>\n<div class=\"J_module\">\n<div class=\"icbu-pc-images magic-9\">\n<div class=\"flex-layout-v\">\n<div class=\"flex-layout-h magic-9\">\n<h3 class=\"magic-15\">Effets<\/h3>\n<\/div>\n<\/div>\n<\/div>\n<\/div>\n<div class=\"J_module\">\n<div class=\"icbu-pc-images magic-9\">\n<div class=\"flex-layout-h\">\n<div class=\"text-wrapper magic-17\">\n<div class=\"text-wrapper-left text-theme-light text-align-left\">\n<div class=\"text-title\">\n<div><span class=\"magic-4\" style=\"font-family: Arial;\">\u00a0<\/span><\/div>\n<\/div>\n<\/div>\n<\/div>\n<\/div>\n<\/div>\n<\/div>\n<div class=\"J_module\">\n<div class=\"detail-decorate-json-renderer-container\">\n<div class=\"magic-2\">\n<div class=\"magic-5\">\n<div class=\"magic-6\">\n<div class=\"magic-7\"><img loading=\"lazy\" decoding=\"async\" class=\"magic-40 aligncenter\" style=\"font-family: var(--global-body-font-family);\" title=\"Machine de d\u00e9tatouage au laser picoseconde\" src=\"https:\/\/sc04.alicdn.com\/kf\/H66380961817f4532b0a22c6c8b4abf39Z\/247315878\/H66380961817f4532b0a22c6c8b4abf39Z.png\" alt=\"Machine de d\u00e9tatouage au laser picoseconde\" width=\"522\" height=\"331\" data-src=\"\/\/sc04.alicdn.com\/kf\/H66380961817f4532b0a22c6c8b4abf39Z\/247315878\/H66380961817f4532b0a22c6c8b4abf39Z.png\" \/><\/div>\n<div>\n<h3><strong>Personnaliser Le Logo<\/strong><\/h3>\n<p>Vous voulez faire de votre marque de se d\u00e9marquer? Nous vous proposons logo personnalis\u00e9 de services pour vous aider \u00e0 cr\u00e9er un unique et personnalis\u00e9e de logo, qui refl\u00e8te l&#039;identit\u00e9 de votre marque. Notre \u00e9quipe d&#039;experts travaillera en \u00e9troite collaboration avec vous pour concevoir un logo qui r\u00e9sonne avec les valeurs de votre marque et de messagerie. Si vous \u00eates \u00e0 la recherche de r\u00e9organiser votre logo existant ou en cr\u00e9er un nouveau \u00e0 partir de z\u00e9ro, nous vous avons avons couvert. <a href=\"\/fr\/contact\/\">Contactez-nous<\/a> aujourd&#039;hui pour en savoir plus sur notre logo personnalis\u00e9 de services!<\/p>\n<p style=\"text-align: center;\">\n<\/div>\n<\/div>\n<\/div>\n<\/div>\n<\/div>\n<\/div>","protected":false},"excerpt":{"rendered":"<div><span style=\"font-family: Tahoma;\">Le laser picoseconde utilise un mode de sortie \u00e0 impulsion tr\u00e8s courte, au lieu d&#039;une onde de choc m\u00e9canique l\u00e9g\u00e8re, le pigment est bris\u00e9 en fines particules via une \u00e9nergie focalis\u00e9e, ce qui est plus susceptible d&#039;\u00eatre absorb\u00e9 par le m\u00e9tabolisme du corps. Le laser picoseconde permettra de minimiser les effets secondaires de l&#039;effet thermique, peut atteindre l&#039;objectif de r\u00e9soudre presque tous les types de taches pigmentaires, est meilleur que le laser traditionnel.<\/span><\/div>\n<p><span style=\"font-family: Tahoma;\">Gr\u00e2ce au principe de l&#039;optique s\u00e9lective, il p\u00e9n\u00e8tre l&#039;expression et agit instantan\u00e9ment sur les vrais pigments cutan\u00e9s malades, les \u00e9crase, puis \u00e9limine les pigments du corps par l&#039;interm\u00e9diaire des cellules m\u00e9taboliques du corps, sans aucun effet sur la m\u00e9thode d&#039;\u00e9limination des taches de rousseur des tissus normaux environnants.<\/span><\/p>","protected":false},"featured_media":2434,"comment_status":"open","ping_status":"closed","template":"","meta":{"_kad_post_transparent":"default","_kad_post_title":"","_kad_post_layout":"default","_kad_post_sidebar_id":"","_kad_post_content_style":"default","_kad_post_vertical_padding":"default","_kad_post_feature":"","_kad_post_feature_position":"","_kad_post_header":false,"_kad_post_footer":false,"_kad_post_classname":"","rank_math_title":"","rank_math_description":"","rank_math_focus_keyword":""},"product_brand":[],"product_cat":[29],"product_tag":[],"class_list":{"0":"post-2433","1":"product","2":"type-product","3":"status-publish","4":"has-post-thumbnail","6":"product_cat-pico-laser","8":"first","9":"instock","10":"shipping-taxable","11":"product-type-simple","12":"entry","13":"content-bg","14":"loop-entry"},"_links":{"self":[{"href":"https:\/\/skbty.com\/fr\/wp-json\/wp\/v2\/product\/2433","targetHints":{"allow":["GET"]}}],"collection":[{"href":"https:\/\/skbty.com\/fr\/wp-json\/wp\/v2\/product"}],"about":[{"href":"https:\/\/skbty.com\/fr\/wp-json\/wp\/v2\/types\/product"}],"replies":[{"embeddable":true,"href":"https:\/\/skbty.com\/fr\/wp-json\/wp\/v2\/comments?post=2433"}],"wp:featuredmedia":[{"embeddable":true,"href":"https:\/\/skbty.com\/fr\/wp-json\/wp\/v2\/media\/2434"}],"wp:attachment":[{"href":"https:\/\/skbty.com\/fr\/wp-json\/wp\/v2\/media?parent=2433"}],"wp:term":[{"taxonomy":"product_brand","embeddable":true,"href":"https:\/\/skbty.com\/fr\/wp-json\/wp\/v2\/product_brand?post=2433"},{"taxonomy":"product_cat","embeddable":true,"href":"https:\/\/skbty.com\/fr\/wp-json\/wp\/v2\/product_cat?post=2433"},{"taxonomy":"product_tag","embeddable":true,"href":"https:\/\/skbty.com\/fr\/wp-json\/wp\/v2\/product_tag?post=2433"}],"curies":[{"name":"Wp wp","href":"https:\/\/api.w.org\/{rel}","templated":true}]}}