{"id":2441,"date":"2024-01-11T18:35:22","date_gmt":"2024-01-11T10:35:22","guid":{"rendered":"https:\/\/skbty.com\/?post_type=product&#038;p=2441"},"modified":"2024-06-20T14:40:33","modified_gmt":"2024-06-20T06:40:33","slug":"appareil-de-soin-du-visage-par-hydro-microdermabrasion-14-en-1","status":"publish","type":"product","link":"https:\/\/skbty.com\/fr\/produit\/appareil-de-soin-du-visage-par-hydro-microdermabrasion-14-en-1\/","title":{"rendered":"Appareil de soin de la peau pour le visage \u00e0 microdermabrasion hydro 14 en 1"},"content":{"rendered":"<div class=\"J_module\">\n<div class=\"detail-decorate-json-renderer-container\">\n<div class=\"magic-1\">\n<h3>Qu&#039;est-ce que l&#039;hydromicrodermabrasion ?<\/h3>\n<p><strong>Hydro-microdermabrasion<\/strong>, \u00e9galement connu sous le nom d&#039;Hydra Facial, exploite les pouvoirs curatifs de l&#039;eau et de l&#039;oxyg\u00e8ne pour exfolier la peau en douceur. Contrairement aux m\u00e9thodes traditionnelles qui utilisent des cristaux durs ou des baguettes abrasives, cette technique garantit une exp\u00e9rience plus douce et plus confortable, pour une peau profond\u00e9ment hydrat\u00e9e et rajeunie.<\/p>\n<p><strong>Hydro-microdermabrasion<\/strong> repr\u00e9sente la derni\u00e8re avanc\u00e9e en mati\u00e8re de technologie de soins de la peau. Ce traitement innovant utilise les pouvoirs de gu\u00e9rison naturels de l&#039;eau et de l&#039;oxyg\u00e8ne pour exfolier la peau sans effort, sans utiliser de cristaux agressifs ou de baguettes abrasives. Le r\u00e9sultat est une peau profond\u00e9ment hydrat\u00e9e et d&#039;apparence plus saine.<\/p>\n<h3><img loading=\"lazy\" decoding=\"async\" class=\"magic-20 aligncenter\" title=\"Appareil d&#039;hydro-microdermabrasion\" src=\"https:\/\/sc04.alicdn.com\/kf\/H2780c66ac866421383e24440bcef06094\/247315878\/H2780c66ac866421383e24440bcef06094.png\" alt=\"Appareil d&#039;hydro-microdermabrasion\" width=\"523\" height=\"546\" data-src=\"\/\/sc04.alicdn.com\/kf\/H2780c66ac866421383e24440bcef06094\/247315878\/H2780c66ac866421383e24440bcef06094.png\" \/><\/h3>\n<h3><img loading=\"lazy\" decoding=\"async\" class=\"magic-30 aligncenter\" title=\"Appareil d&#039;hydro-microdermabrasion\" src=\"https:\/\/sc04.alicdn.com\/kf\/Ha86f3f2a422b416bbaeadcdd2214d986J\/247315878\/Ha86f3f2a422b416bbaeadcdd2214d986J.png\" alt=\"Appareil d&#039;hydro-microdermabrasion\" width=\"600\" height=\"472\" data-src=\"\/\/sc04.alicdn.com\/kf\/Ha86f3f2a422b416bbaeadcdd2214d986J\/247315878\/Ha86f3f2a422b416bbaeadcdd2214d986J.png\" \/><\/h3>\n<h3>Caract\u00e9ristiques<\/h3>\n<ul>\n<li><strong>Nom<\/strong>: Appareil de soin de la peau pour le visage par hydro-microdermabrasion 14 en 1<\/li>\n<li><strong>Vide<\/strong>: &gt;100 Kpa<\/li>\n<li><strong>Technologie<\/strong>:Hydrodermabrasion, lumi\u00e8re photonique<\/li>\n<li><strong>Puissance de sortie maximale<\/strong>: 250 VA<\/li>\n<li><strong>Fonctionner<\/strong>: \u00c9cran tactile 10,4\u2033<\/li>\n<li><strong>Tension<\/strong>: 100-240 VCA, 50 Hz\/60 Hz<\/li>\n<li><strong>Taille du paquet<\/strong>: 55 X 52 X 146 cm<\/li>\n<li><strong>Poids net<\/strong>: 45 KG<\/li>\n<\/ul>\n<h3>Caract\u00e9ristiques principales<\/h3>\n<ol>\n<li><strong>Exfoliation douce<\/strong>:Utilise de l\u2019eau et de l\u2019oxyg\u00e8ne pour un processus d\u2019exfoliation non abrasif.<\/li>\n<li><strong>Hydratation profonde<\/strong>: Fournit une hydratation profonde de la peau, laissant la peau plus saine.<\/li>\n<li><strong>Technologie de la lumi\u00e8re photonique<\/strong>: Am\u00e9liore le traitement gr\u00e2ce \u00e0 une luminoth\u00e9rapie avanc\u00e9e.<\/li>\n<li><strong>Utilisation conviviale<\/strong>:\u00c9cran tactile de 10,4 pouces pour un contr\u00f4le facile et intuitif.<\/li>\n<li><strong>Aspirateur puissant<\/strong>: &gt;100 Kpa de r\u00e9sistance au vide pour un nettoyage efficace de la peau.<\/li>\n<\/ol>\n<h3>Avantages techniques<\/h3>\n<ol>\n<li><strong>Multifonctionnalit\u00e9 14 en 1<\/strong>:Combine les technologies d&#039;hydrodermabrasion et de lumi\u00e8re photonique dans un seul appareil.<\/li>\n<li><strong>Param\u00e8tres r\u00e9glables<\/strong>:Param\u00e8tres de traitement personnalisables pour diff\u00e9rents types et conditions de peau.<\/li>\n<li><strong>Rendement \u00e9lev\u00e9<\/strong>:La puissance de sortie maximale de 250 VA garantit des performances efficaces et puissantes.<\/li>\n<li><strong>Large plage de tension<\/strong>:Fonctionne sur 100-240 VCA, adapt\u00e9 \u00e0 une utilisation mondiale.<\/li>\n<li><strong>Conception compacte<\/strong>:Taille du colis de 55 X 52 X 146 cm, ce qui le rend adapt\u00e9 \u00e0 divers environnements de spa et de clinique.<\/li>\n<\/ol>\n<h3>Applications<\/h3>\n<ul>\n<li><strong>Exfoliation<\/strong>:\u00c9limine en douceur les cellules mortes de la peau pour un teint plus lisse.<\/li>\n<li><strong>Hydratation<\/strong>:Hydrate la peau en profondeur pour une apparence plus saine.<\/li>\n<li><strong>Rajeunissement de la peau<\/strong>:Favorise une peau d\u2019apparence plus jeune gr\u00e2ce \u00e0 une exfoliation et une hydratation am\u00e9lior\u00e9es.<\/li>\n<li><strong>Phototh\u00e9rapie par lumi\u00e8re photonique<\/strong>:Traite diverses affections cutan\u00e9es gr\u00e2ce \u00e0 une technologie lumineuse avanc\u00e9e.<\/li>\n<\/ul>\n<h3><img loading=\"lazy\" decoding=\"async\" class=\"magic-22 aligncenter\" title=\"Appareil d&#039;hydro-microdermabrasion\" src=\"https:\/\/sc04.alicdn.com\/kf\/H41bc4e04a9cb48cf9ec3beded24d905aR\/247315878\/H41bc4e04a9cb48cf9ec3beded24d905aR.png\" alt=\"Appareil d&#039;hydro-microdermabrasion\" width=\"470\" height=\"564\" data-src=\"\/\/sc04.alicdn.com\/kf\/H41bc4e04a9cb48cf9ec3beded24d905aR\/247315878\/H41bc4e04a9cb48cf9ec3beded24d905aR.png\" \/><\/h3>\n<h3>Avantages<\/h3>\n<ul>\n<li><strong>Non abrasif<\/strong>: Fournit une exfoliation douce mais efficace sans cristaux agressifs.<\/li>\n<li><strong>Hydratation profonde<\/strong>: Am\u00e9liore l\u2019hydratation de la peau pour un \u00e9clat radieux.<\/li>\n<li><strong>Facile \u00e0 utiliser<\/strong>:Interface \u00e0 \u00e9cran tactile intuitive pour une utilisation simple.<\/li>\n<li><strong>Polyvalent<\/strong>:Convient \u00e0 diff\u00e9rents types et conditions de peau.<\/li>\n<\/ul>\n<\/div>\n<\/div>\n<\/div>\n<div class=\"J_module\">\n<div class=\"icbu-pc-images magic-13\">\n<div class=\"flex-layout-v\"><\/div>\n<\/div>\n<\/div>\n<div class=\"J_module\">\n<div class=\"icbu-pc-detailManyImage magic-18\">\n<div class=\"magic-25\">\n<h3><strong>Personnaliser Le Logo<\/strong><\/h3>\n<p>Vous voulez faire de votre marque de se d\u00e9marquer? Nous vous proposons logo personnalis\u00e9 de services pour vous aider \u00e0 cr\u00e9er un unique et personnalis\u00e9e de logo, qui refl\u00e8te l&#039;identit\u00e9 de votre marque. Notre \u00e9quipe d&#039;experts travaillera en \u00e9troite collaboration avec vous pour concevoir un logo qui r\u00e9sonne avec les valeurs de votre marque et de messagerie. Si vous \u00eates \u00e0 la recherche de r\u00e9organiser votre logo existant ou en cr\u00e9er un nouveau \u00e0 partir de z\u00e9ro, nous vous avons avons couvert. <a href=\"\/fr\/contact\/\">Contactez-nous<\/a> aujourd&#039;hui pour en savoir plus sur notre logo personnalis\u00e9 de services!<\/p>\n<\/div>\n<div class=\"magic-29\"><\/div>\n<\/div>\n<\/div>","protected":false},"excerpt":{"rendered":"<p><span class=\"magic-7\" style=\"font-family: Arial;\">L&#039;hydrodermabrasion (Hydra Facial) est la toute derni\u00e8re technologie en mati\u00e8re de soins de la peau. L&#039;hydra dermabrasion utilise les pouvoirs de gu\u00e9rison naturels de l&#039;eau et de l&#039;oxyg\u00e8ne pour exfolier la peau sans effort, sans utiliser de cristaux durs ou de baguettes \u00e0 texture abrasive, g\u00e9n\u00e9rant une peau profond\u00e9ment hydrat\u00e9e et d&#039;apparence plus saine.<\/span><\/p>","protected":false},"featured_media":2442,"comment_status":"open","ping_status":"closed","template":"","meta":{"_kad_post_transparent":"default","_kad_post_title":"","_kad_post_layout":"default","_kad_post_sidebar_id":"","_kad_post_content_style":"default","_kad_post_vertical_padding":"default","_kad_post_feature":"","_kad_post_feature_position":"","_kad_post_header":false,"_kad_post_footer":false,"_kad_post_classname":"","rank_math_title":"","rank_math_description":"","rank_math_focus_keyword":""},"product_brand":[],"product_cat":[33],"product_tag":[],"class_list":{"0":"post-2441","1":"product","2":"type-product","3":"status-publish","4":"has-post-thumbnail","6":"product_cat-face-care","8":"first","9":"instock","10":"shipping-taxable","11":"product-type-simple","12":"entry","13":"content-bg","14":"loop-entry"},"_links":{"self":[{"href":"https:\/\/skbty.com\/fr\/wp-json\/wp\/v2\/product\/2441","targetHints":{"allow":["GET"]}}],"collection":[{"href":"https:\/\/skbty.com\/fr\/wp-json\/wp\/v2\/product"}],"about":[{"href":"https:\/\/skbty.com\/fr\/wp-json\/wp\/v2\/types\/product"}],"replies":[{"embeddable":true,"href":"https:\/\/skbty.com\/fr\/wp-json\/wp\/v2\/comments?post=2441"}],"wp:featuredmedia":[{"embeddable":true,"href":"https:\/\/skbty.com\/fr\/wp-json\/wp\/v2\/media\/2442"}],"wp:attachment":[{"href":"https:\/\/skbty.com\/fr\/wp-json\/wp\/v2\/media?parent=2441"}],"wp:term":[{"taxonomy":"product_brand","embeddable":true,"href":"https:\/\/skbty.com\/fr\/wp-json\/wp\/v2\/product_brand?post=2441"},{"taxonomy":"product_cat","embeddable":true,"href":"https:\/\/skbty.com\/fr\/wp-json\/wp\/v2\/product_cat?post=2441"},{"taxonomy":"product_tag","embeddable":true,"href":"https:\/\/skbty.com\/fr\/wp-json\/wp\/v2\/product_tag?post=2441"}],"curies":[{"name":"Wp wp","href":"https:\/\/api.w.org\/{rel}","templated":true}]}}