{"id":2450,"date":"2024-01-11T19:09:04","date_gmt":"2024-01-11T11:09:04","guid":{"rendered":"https:\/\/skbty.com\/?post_type=product&#038;p=2450"},"modified":"2024-06-20T14:26:49","modified_gmt":"2024-06-20T06:26:49","slug":"appareil-de-beaute-pour-le-visage","status":"publish","type":"product","link":"https:\/\/skbty.com\/fr\/produit\/appareil-de-beaute-pour-le-visage\/","title":{"rendered":"La machine de beaut\u00e9 RET-Face"},"content":{"rendered":"<div class=\"J_module\">\n<div class=\"ife-detail-decorate-table\">\n<h3>Qu&#039;est-ce que le <strong>Machine de beaut\u00e9 RET-Face ?<\/strong><\/h3>\n<p><strong>Appareil de beaut\u00e9 du visage RET<\/strong> combine l&#039;\u00e9nergie thermique synchronis\u00e9e et la technologie magn\u00e9tique \u00e0 impulsions de haute intensit\u00e9 pour lifter et raffermir la peau, \u00e9liminer les rides et r\u00e9g\u00e9n\u00e9rer l&#039;\u00e9lasticit\u00e9 et le collag\u00e8ne de la peau. Cet appareil avanc\u00e9 est con\u00e7u pour des soins du visage non invasifs et efficaces.<\/p>\n<h3><img loading=\"lazy\" decoding=\"async\" class=\"magic-18 aligncenter\" title=\"Appareil de beaut\u00e9 du visage RET\" src=\"https:\/\/sc04.alicdn.com\/kf\/H44c2272f4c064dd6a92a0c21b0d17b90U\/247315878\/H44c2272f4c064dd6a92a0c21b0d17b90U.png\" alt=\"Appareil de beaut\u00e9 du visage RET\" width=\"608\" height=\"588\" data-src=\"\/\/sc04.alicdn.com\/kf\/H44c2272f4c064dd6a92a0c21b0d17b90U\/247315878\/H44c2272f4c064dd6a92a0c21b0d17b90U.png\" \/><\/h3>\n<table style=\"border-collapse: collapse; width: 100%;\">\n<tbody>\n<tr>\n<td style=\"width: 50%;\"><img loading=\"lazy\" decoding=\"async\" class=\"magic-27 aligncenter\" title=\"Appareil de beaut\u00e9 du visage RET\" src=\"https:\/\/sc04.alicdn.com\/kf\/He9dd5a2aa2314ec7b9d4bbd3cb3d73435\/247315878\/He9dd5a2aa2314ec7b9d4bbd3cb3d73435.png\" alt=\"Appareil de beaut\u00e9 du visage RET\" width=\"564\" height=\"337\" data-src=\"\/\/sc04.alicdn.com\/kf\/He9dd5a2aa2314ec7b9d4bbd3cb3d73435\/247315878\/He9dd5a2aa2314ec7b9d4bbd3cb3d73435.png\" \/><\/td>\n<td style=\"width: 50%;\"><img loading=\"lazy\" decoding=\"async\" class=\"magic-33 aligncenter\" title=\"Appareil de beaut\u00e9 du visage RET\" src=\"https:\/\/sc04.alicdn.com\/kf\/Hd156d959f7ed4d19903d05c0ba2cb8e54\/247315878\/Hd156d959f7ed4d19903d05c0ba2cb8e54.png\" alt=\"Appareil de beaut\u00e9 du visage RET\" width=\"801\" height=\"389\" data-src=\"\/\/sc04.alicdn.com\/kf\/Hd156d959f7ed4d19903d05c0ba2cb8e54\/247315878\/Hd156d959f7ed4d19903d05c0ba2cb8e54.png\" \/><\/td>\n<\/tr>\n<\/tbody>\n<\/table>\n<h3>Caract\u00e9ristiques<\/h3>\n<ul>\n<li><strong>Taper<\/strong>: RET- Appareil de beaut\u00e9 du visage<\/li>\n<li><strong>Poign\u00e9e de commande<\/strong>: 6 correctifs<\/li>\n<li><strong>Pouvoir<\/strong>: 100-220 V 50\/60 Hz<\/li>\n<li><strong>\u00c9nergie des ondes \u00e9lectromagn\u00e9tiques<\/strong>: 0-1,8T<\/li>\n<li><strong>Afficher<\/strong>:\u00c9cran tactile de 10,4 pouces<\/li>\n<li><strong>Impulsion<\/strong>: 200 \u03bcs (microseconde)<\/li>\n<li><strong>\u00c9nergie \u00e9lectrique<\/strong>: 40 mA<\/li>\n<li><strong>Taille du ch\u00e2ssis<\/strong>: 40<em>39<\/em>40 cm<\/li>\n<li><strong>Poids de l&#039;emballage<\/strong>: 19 kg<\/li>\n<\/ul>\n<h3>Principe de fonctionnement<\/h3>\n<p>L&#039; <strong>Appareil de beaut\u00e9 du visage RET<\/strong> utilise l&#039;\u00e9nergie thermique synchronis\u00e9e pour chauffer le derme et augmenter la production de collag\u00e8ne, restaurant l&#039;\u00e9lasticit\u00e9 de la peau et \u00e9liminant les rides. La technologie magn\u00e9tique \u00e0 impulsions de haute intensit\u00e9 stimule les muscles, provoquant des contractions musculaires s\u00e9lectives. Cette combinaison augmente l&#039;intensit\u00e9 et la qualit\u00e9 musculaires, atteignant l&#039;objectif de soulever et de raffermir la peau. Avec \u00e0 la fois l&#039;\u00e9nergie thermique et l&#039;impulsion \u00e9lev\u00e9e dans un seul coussin, il soul\u00e8ve et raffermit efficacement le visage, \u00e9limine les rides et r\u00e9g\u00e9n\u00e8re la peau.<\/p>\n<h3>Caract\u00e9ristiques principales<\/h3>\n<ol>\n<li><strong>Lifting et raffermissement de la peau<\/strong>: Am\u00e9liore la fermet\u00e9 et l\u2019\u00e9lasticit\u00e9 de la peau.<\/li>\n<li><strong>\u00c9limination des rides<\/strong>:R\u00e9duit l&#039;apparence des rides.<\/li>\n<li><strong>Levage musculaire<\/strong>:Soul\u00e8ve et tonifie les muscles du visage.<\/li>\n<li><strong>Augmente le tonus et l&#039;\u00e9lasticit\u00e9 musculaire<\/strong>: Am\u00e9liore la qualit\u00e9 musculaire globale.<\/li>\n<li><strong>R\u00e9g\u00e9n\u00e9rer l&#039;\u00e9lastine et le collag\u00e8ne<\/strong>: Stimule la production de prot\u00e9ines essentielles de la peau.<\/li>\n<\/ol>\n<h3><img loading=\"lazy\" decoding=\"async\" class=\"magic-22 aligncenter\" title=\"Appareil de beaut\u00e9 du visage RET\" src=\"https:\/\/sc04.alicdn.com\/kf\/H5703c3be9f9c481a9159d56615913d2a3\/247315878\/H5703c3be9f9c481a9159d56615913d2a3.png\" alt=\"Appareil de beaut\u00e9 du visage RET\" width=\"588\" height=\"466\" data-src=\"\/\/sc04.alicdn.com\/kf\/H5703c3be9f9c481a9159d56615913d2a3\/247315878\/H5703c3be9f9c481a9159d56615913d2a3.png\" \/><\/h3>\n<h3>Avantages techniques<\/h3>\n<ol>\n<li><strong>2 th\u00e9rapies en une seule proc\u00e9dure<\/strong>:Combine les \u00e9nergies RF et HI-EMS synchronis\u00e9es pour un traitement simultan\u00e9 de la peau et des muscles du visage.<\/li>\n<li><strong>Non invasif \/ sans douleur \/ sans aiguille<\/strong>:Compl\u00e8tement non invasif et sans temps d\u2019arr\u00eat.<\/li>\n<li><strong>Soin du visage<\/strong>:R\u00e9duit les rides du visage, augmente le tonus et la densit\u00e9 musculaire, lifte le visage et stimule la production de collag\u00e8ne et d&#039;\u00e9lastine.<\/li>\n<li><strong>Fonctionnement mains libres<\/strong>:La proc\u00e9dure s&#039;ex\u00e9cute de mani\u00e8re ind\u00e9pendante une fois les applicateurs fix\u00e9s.<\/li>\n<li><strong>Soin complet du visage en 20 minutes<\/strong>:Traitement confortable et convivial d&#039;une dur\u00e9e de seulement 20 minutes.<\/li>\n<\/ol>\n<h3><img loading=\"lazy\" decoding=\"async\" class=\"magic-29 aligncenter\" title=\"Appareil de beaut\u00e9 du visage RET\" src=\"https:\/\/sc04.alicdn.com\/kf\/Hf331778f278745ed8b5a7aa8853dac76N\/247315878\/Hf331778f278745ed8b5a7aa8853dac76N.png\" alt=\"Appareil de beaut\u00e9 du visage RET\" width=\"572\" height=\"424\" data-src=\"\/\/sc04.alicdn.com\/kf\/Hf331778f278745ed8b5a7aa8853dac76N\/247315878\/Hf331778f278745ed8b5a7aa8853dac76N.png\" \/><\/h3>\n<h3>Applications<\/h3>\n<ul>\n<li><strong>Lifting et raffermissement de la peau<\/strong>:Atteint une apparence plus ferme et plus jeune.<\/li>\n<li><strong>\u00c9limination des rides<\/strong>:Lisse les ridules et les rides.<\/li>\n<li><strong>Levage musculaire<\/strong>:Am\u00e9liore le tonus et l\u2019\u00e9lasticit\u00e9 des muscles du visage.<\/li>\n<li><strong>R\u00e9g\u00e9n\u00e9ration du collag\u00e8ne et de l&#039;\u00e9lastine<\/strong>: Am\u00e9liore la structure et la r\u00e9silience de la peau.<\/li>\n<\/ul>\n<h3>\u00a0Utilisation des effets<\/h3>\n<p>L&#039; <strong>Appareil de beaut\u00e9 du visage RET<\/strong> Il permet un rajeunissement complet du visage en liftant et en resserrant la peau, en r\u00e9duisant les rides et en am\u00e9liorant le tonus musculaire. Il augmente efficacement la production de collag\u00e8ne et d&#039;\u00e9lastine, ce qui am\u00e9liore la texture et l&#039;\u00e9lasticit\u00e9 de la peau.<\/p>\n<\/div>\n<\/div>\n<div class=\"J_module\">\n<div class=\"icbu-pc-images magic-11\">\n<div>\n<div class=\"flex-layout-v\">\n<div class=\"flex-layout-h magic-11\">\n<div class=\"magic-34\"><img loading=\"lazy\" decoding=\"async\" class=\"magic-35 aligncenter\" src=\"https:\/\/sc04.alicdn.com\/kf\/H7d7f15a834ba430c9084ba75d1c9bae3Z\/247315878\/H7d7f15a834ba430c9084ba75d1c9bae3Z.jpg\" width=\"449\" height=\"412\" data-src=\"\/\/sc04.alicdn.com\/kf\/H7d7f15a834ba430c9084ba75d1c9bae3Z\/247315878\/H7d7f15a834ba430c9084ba75d1c9bae3Z.jpg\" \/><\/div>\n<div>\n<h3><strong>Personnaliser Le Logo<\/strong><\/h3>\n<p>Vous voulez faire de votre marque de se d\u00e9marquer? Nous vous proposons logo personnalis\u00e9 de services pour vous aider \u00e0 cr\u00e9er un unique et personnalis\u00e9e de logo, qui refl\u00e8te l&#039;identit\u00e9 de votre marque. Notre \u00e9quipe d&#039;experts travaillera en \u00e9troite collaboration avec vous pour concevoir un logo qui r\u00e9sonne avec les valeurs de votre marque et de messagerie. Si vous \u00eates \u00e0 la recherche de r\u00e9organiser votre logo existant ou en cr\u00e9er un nouveau \u00e0 partir de z\u00e9ro, nous vous avons avons couvert. <a href=\"\/fr\/contact\/\">Contactez-nous<\/a> aujourd&#039;hui pour en savoir plus sur notre logo personnalis\u00e9 de services!<\/p>\n<\/div>\n<\/div>\n<\/div>\n<\/div>\n<\/div>\n<\/div>","protected":false},"excerpt":{"rendered":"<p><span class=\"magic-9\" style=\"font-family: Arial;\">L&#039;\u00e9nergie thermique synchronis\u00e9e peut chauffer le derme et augmenter le collag\u00e8ne pour restaurer l&#039;\u00e9lasticit\u00e9 de la peau et \u00e9liminer les rides. Tandis que la technologie des impulsions magn\u00e9tiques \u00e0 haute intensit\u00e9 peut stimuler les muscles et les faire se contracter de mani\u00e8re s\u00e9lective. En augmentant l&#039;intensit\u00e9 et la qualit\u00e9 des muscles, il peut atteindre l&#039;objectif de soulever et de raffermir la peau. Avec \u00e0 la fois de l&#039;\u00e9nergie thermique et une impulsion \u00e9lev\u00e9e dans un seul coussin, il peut aider \u00e0 soulever et \u00e0 raffermir le visage, \u00e0 \u00e9liminer les rides et \u00e0 r\u00e9g\u00e9n\u00e9rer la peau.<\/span><\/p>","protected":false},"featured_media":2451,"comment_status":"open","ping_status":"closed","template":"","meta":{"_kad_post_transparent":"default","_kad_post_title":"","_kad_post_layout":"default","_kad_post_sidebar_id":"","_kad_post_content_style":"default","_kad_post_vertical_padding":"default","_kad_post_feature":"","_kad_post_feature_position":"","_kad_post_header":false,"_kad_post_footer":false,"_kad_post_classname":"","rank_math_title":"","rank_math_description":"","rank_math_focus_keyword":""},"product_brand":[],"product_cat":[33],"product_tag":[],"class_list":{"0":"post-2450","1":"product","2":"type-product","3":"status-publish","4":"has-post-thumbnail","6":"product_cat-face-care","8":"first","9":"instock","10":"shipping-taxable","11":"product-type-simple","12":"entry","13":"content-bg","14":"loop-entry"},"_links":{"self":[{"href":"https:\/\/skbty.com\/fr\/wp-json\/wp\/v2\/product\/2450","targetHints":{"allow":["GET"]}}],"collection":[{"href":"https:\/\/skbty.com\/fr\/wp-json\/wp\/v2\/product"}],"about":[{"href":"https:\/\/skbty.com\/fr\/wp-json\/wp\/v2\/types\/product"}],"replies":[{"embeddable":true,"href":"https:\/\/skbty.com\/fr\/wp-json\/wp\/v2\/comments?post=2450"}],"wp:featuredmedia":[{"embeddable":true,"href":"https:\/\/skbty.com\/fr\/wp-json\/wp\/v2\/media\/2451"}],"wp:attachment":[{"href":"https:\/\/skbty.com\/fr\/wp-json\/wp\/v2\/media?parent=2450"}],"wp:term":[{"taxonomy":"product_brand","embeddable":true,"href":"https:\/\/skbty.com\/fr\/wp-json\/wp\/v2\/product_brand?post=2450"},{"taxonomy":"product_cat","embeddable":true,"href":"https:\/\/skbty.com\/fr\/wp-json\/wp\/v2\/product_cat?post=2450"},{"taxonomy":"product_tag","embeddable":true,"href":"https:\/\/skbty.com\/fr\/wp-json\/wp\/v2\/product_tag?post=2450"}],"curies":[{"name":"Wp wp","href":"https:\/\/api.w.org\/{rel}","templated":true}]}}