{"id":2467,"date":"2024-01-12T10:14:16","date_gmt":"2024-01-12T02:14:16","guid":{"rendered":"https:\/\/skbty.com\/?post_type=product&#038;p=2467"},"modified":"2024-06-20T11:54:42","modified_gmt":"2024-06-20T03:54:42","slug":"appareil-de-stimulation-musculaire-electromagnetique-ems-neo","status":"publish","type":"product","link":"https:\/\/skbty.com\/fr\/produit\/appareil-de-stimulation-musculaire-electromagnetique-ems-neo\/","title":{"rendered":"Appareil de stimulation musculaire \u00e9lectromagn\u00e9tique EMS NEO"},"content":{"rendered":"<div class=\"ife-detail-decorate-table\">\n<h3>Qu&#039;est-ce que le <strong>Stimulation musculaire \u00e9lectromagn\u00e9tique EMS NEO ?<\/strong><\/h3>\n<p><strong>Appareil de th\u00e9rapie par ondes de choc pour stimulation musculaire \u00e9lectromagn\u00e9tique EMS NEO<\/strong> est un appareil non invasif de pointe con\u00e7u pour \u00e9liminer les cellules graisseuses et augmenter la masse musculaire. Combinant un chauffage RF synchrone et des ondes \u00e9lectromagn\u00e9tiques focalis\u00e9es de haute intensit\u00e9, cette machine stimule et contracte efficacement les muscles, en ciblant des zones telles que l&#039;abdomen, les fesses, les bras, les mollets et les cuisses.<\/p>\n<table style=\"border-collapse: collapse; width: 100%;\">\n<tbody>\n<tr>\n<td style=\"width: 50%;\">\n<h3><img loading=\"lazy\" decoding=\"async\" class=\"magic-10 aligncenter\" title=\"Stimulation musculaire \u00e9lectromagn\u00e9tique EMS NEO\" src=\"https:\/\/sc04.alicdn.com\/kf\/H117dd40a6cdf4508b2a7d186cdafe78bv\/247315878\/H117dd40a6cdf4508b2a7d186cdafe78bv.png\" alt=\"Stimulation musculaire \u00e9lectromagn\u00e9tique EMS NEO\" width=\"397\" height=\"459\" data-src=\"\/\/sc04.alicdn.com\/kf\/H117dd40a6cdf4508b2a7d186cdafe78bv\/247315878\/H117dd40a6cdf4508b2a7d186cdafe78bv.png\" \/><\/h3>\n<\/td>\n<td style=\"width: 50%;\">\n<h3><img loading=\"lazy\" decoding=\"async\" class=\"magic-27 aligncenter\" title=\"Stimulation musculaire \u00e9lectromagn\u00e9tique EMS NEO\" src=\"https:\/\/sc04.alicdn.com\/kf\/H824998f7b9494ad9a31652c51aeabd4fv\/247315878\/H824998f7b9494ad9a31652c51aeabd4fv.png\" alt=\"Stimulation musculaire \u00e9lectromagn\u00e9tique EMS NEO\" width=\"463\" height=\"491\" data-src=\"\/\/sc04.alicdn.com\/kf\/H824998f7b9494ad9a31652c51aeabd4fv\/247315878\/H824998f7b9494ad9a31652c51aeabd4fv.png\" \/><\/h3>\n<\/td>\n<\/tr>\n<\/tbody>\n<\/table>\n<h3>Caract\u00e9ristiques<\/h3>\n<ul>\n<li><strong>Poign\u00e9e de commande<\/strong>: 4 poign\u00e9es (refroidissement par eau)<\/li>\n<li><strong>Pouvoir<\/strong>: 220V 50\/60Hz<\/li>\n<li><strong>\u00c9nergie des ondes \u00e9lectromagn\u00e9tiques<\/strong>: 0-5T<\/li>\n<li><strong>Fr\u00e9quence RF<\/strong>: 3M<\/li>\n<li><strong>\u00c9cran<\/strong>:\u00c9cran tactile de 10,4 pouces<\/li>\n<li><strong>Impulsion<\/strong>: 300 \u03bcs (microsecondes)<\/li>\n<li><strong>Taille du bo\u00eetier<\/strong>: 54<em>43<\/em>97 cm<\/li>\n<li><strong>Poids brut<\/strong>: 59 kg<\/li>\n<\/ul>\n<h3>Principe de fonctionnement<\/h3>\n<p>L&#039; <strong>Appareil de th\u00e9rapie par ondes de choc pour stimulation musculaire \u00e9lectromagn\u00e9tique EMS NEO<\/strong> utilise la technologie RF Sculptor pour \u00e9liminer les cellules graisseuses et augmenter la masse musculaire gr\u00e2ce \u00e0 une combinaison de chauffage RF synchrone et d&#039;ondes \u00e9lectromagn\u00e9tiques focalis\u00e9es de haute intensit\u00e9. Cette m\u00e9thode non invasive stimule les contractions musculaires et r\u00e9duit les amas graisseux, ciblant efficacement l&#039;abdomen, les fesses, les bras, les mollets et les cuisses.<\/p>\n<h3><img loading=\"lazy\" decoding=\"async\" class=\"magic-22 aligncenter\" title=\"Stimulation musculaire \u00e9lectromagn\u00e9tique EMS NEO\" src=\"https:\/\/sc04.alicdn.com\/kf\/H0fea23ca612c4988a4458979cd48c6cca\/247315878\/H0fea23ca612c4988a4458979cd48c6cca.png\" alt=\"Stimulation musculaire \u00e9lectromagn\u00e9tique EMS NEO\" width=\"550\" height=\"369\" data-src=\"\/\/sc04.alicdn.com\/kf\/H0fea23ca612c4988a4458979cd48c6cca\/247315878\/H0fea23ca612c4988a4458979cd48c6cca.png\" \/><\/h3>\n<h3>Avantages<\/h3>\n<ol>\n<li><strong>D\u00e9velopper les muscles et br\u00fbler les graisses<\/strong>:Permet d\u2019obtenir une croissance musculaire et une r\u00e9duction de la graisse simultan\u00e9ment.<\/li>\n<li><strong>Lifting non invasif des hanches<\/strong>:Fournit une solution non chirurgicale pour le lifting des hanches.<\/li>\n<li><strong>Ad\u00e9quation universelle<\/strong>:Convient \u00e0 tous, sans anesth\u00e9sie ni chirurgie.<\/li>\n<li><strong>Proc\u00e9dure rapide<\/strong>:Chaque s\u00e9ance dure seulement 30 minutes, avec quatre s\u00e9ances espac\u00e9es de 2 \u00e0 3 jours.<\/li>\n<li><strong>Sensation d&#039;entra\u00eenement intense<\/strong>:Cela ressemble \u00e0 un entra\u00eenement intense.<\/li>\n<li><strong>S\u00fbr et sans temps d&#039;arr\u00eat<\/strong>:R\u00e9sultats imm\u00e9diats sans temps de r\u00e9cup\u00e9ration n\u00e9cessaire.<\/li>\n<li><strong>R\u00e9sultats visibles<\/strong>:Am\u00e9lioration notable apr\u00e8s deux \u00e0 quatre semaines.<\/li>\n<li><strong>Augmentation de la masse musculaire<\/strong>:La masse musculaire a augment\u00e9 en moyenne de 25%.<\/li>\n<li><strong>Teneur r\u00e9duite en mati\u00e8res grasses<\/strong>:Graisse r\u00e9duite en moyenne de 30%.<\/li>\n<\/ol>\n<h3><img loading=\"lazy\" decoding=\"async\" class=\"magic-31 aligncenter\" title=\"Stimulation musculaire \u00e9lectromagn\u00e9tique EMS NEO\" src=\"https:\/\/sc04.alicdn.com\/kf\/Hfb13a8e5eee242518b7ab1020057b956i\/247315878\/Hfb13a8e5eee242518b7ab1020057b956i.png\" alt=\"Stimulation musculaire \u00e9lectromagn\u00e9tique EMS NEO\" width=\"582\" height=\"296\" data-src=\"\/\/sc04.alicdn.com\/kf\/Hfb13a8e5eee242518b7ab1020057b956i\/247315878\/Hfb13a8e5eee242518b7ab1020057b956i.png\" \/><\/h3>\n<h3>Fonctions<\/h3>\n<ol>\n<li><strong>D\u00e9velopper les muscles<\/strong>:Les contractions \u00e0 haute fr\u00e9quence et intensit\u00e9 (30 000 fois) entra\u00eenent et augmentent la densit\u00e9 et le volume musculaire.<\/li>\n<li><strong>R\u00e9duire la graisse<\/strong>:Les contractions musculaires n\u00e9cessitent beaucoup d\u2019\u00e9nergie, ce qui entra\u00eene une apoptose naturelle des cellules graisseuses et une r\u00e9duction efficace des graisses.<\/li>\n<li><strong>Sculpture musculaire<\/strong>:Fa\u00e7onne les abdominaux, la taille, les fesses et les obliques, am\u00e9liorant la d\u00e9finition musculaire.<\/li>\n<li><strong>R\u00e9paration des muscles du plancher pelvien<\/strong>:Renforce et restaure la fermet\u00e9 et l\u2019\u00e9lasticit\u00e9, abordant des probl\u00e8mes tels que l\u2019incontinence urinaire et la protrusion abdominale inf\u00e9rieure.<\/li>\n<\/ol>\n<h3><img loading=\"lazy\" decoding=\"async\" class=\"magic-24 aligncenter\" title=\"Stimulation musculaire \u00e9lectromagn\u00e9tique EMS NEO\" src=\"https:\/\/sc04.alicdn.com\/kf\/Hde65317319fa4d8b9c7d0a1d51d9720bf\/247315878\/Hde65317319fa4d8b9c7d0a1d51d9720bf.png\" alt=\"Stimulation musculaire \u00e9lectromagn\u00e9tique EMS NEO\" width=\"544\" height=\"630\" data-src=\"\/\/sc04.alicdn.com\/kf\/Hde65317319fa4d8b9c7d0a1d51d9720bf\/247315878\/Hde65317319fa4d8b9c7d0a1d51d9720bf.png\" \/><\/h3>\n<h3>Effets<\/h3>\n<ol>\n<li><strong>Effet sur le tissu musculaire<\/strong>:Gr\u00e2ce \u00e0 la technologie HI-EMT, l&#039;expansion et la contraction continues des muscles entra\u00eenent un remodelage profond, une croissance musculaire et une augmentation de la densit\u00e9 et du volume musculaire. La technologie HI-EMT peut induire environ 20 000 contractions musculaires forc\u00e9es par s\u00e9ance, permettant d&#039;obtenir des contractions extr\u00eames impossibles \u00e0 r\u00e9aliser par des mouvements volontaires.<\/li>\n<li><strong>Effet sur le tissu adipeux<\/strong>:Les contractions musculaires extr\u00eames de la technologie HI-EMT provoquent la d\u00e9gradation des acides gras, qui sont ensuite excr\u00e9t\u00e9s par le m\u00e9tabolisme normal. Ce processus renforce les muscles et r\u00e9duit la graisse.<\/li>\n<\/ol>\n<\/div>\n<div class=\"J_module\">\n<div class=\"icbu-pc-images magic-8\">\n<div class=\"flex-layout-v\"><\/div>\n<\/div>\n<\/div>\n<div class=\"J_module\">\n<div class=\"icbu-pc-detailManyImage magic-25\"><\/div>\n<\/div>\n<div class=\"J_module\">\n<div class=\"detail-decorate-json-renderer-container\">\n<div class=\"magic-11\">\n<div class=\"magic-17\"><\/div>\n<\/div>\n<\/div>\n<\/div>\n<div class=\"J_module\">\n<div class=\"icbu-pc-images magic-8\">\n<div>\n<div class=\"flex-layout-v\">\n<div class=\"flex-layout-h magic-8\">\n<div class=\"magic-32\"><img loading=\"lazy\" decoding=\"async\" class=\"magic-33 aligncenter\" title=\"Stimulation musculaire \u00e9lectromagn\u00e9tique EMS NEO\" src=\"https:\/\/sc04.alicdn.com\/kf\/He7f574c8c67a4742a26ceeb4c294e7ebR\/247315878\/He7f574c8c67a4742a26ceeb4c294e7ebR.png\" alt=\"Stimulation musculaire \u00e9lectromagn\u00e9tique EMS NEO\" width=\"448\" height=\"505\" data-src=\"\/\/sc04.alicdn.com\/kf\/He7f574c8c67a4742a26ceeb4c294e7ebR\/247315878\/He7f574c8c67a4742a26ceeb4c294e7ebR.png\" \/><\/div>\n<div>\n<h3><strong>Personnaliser Le Logo<\/strong><\/h3>\n<p>Vous voulez faire de votre marque de se d\u00e9marquer? Nous vous proposons logo personnalis\u00e9 de services pour vous aider \u00e0 cr\u00e9er un unique et personnalis\u00e9e de logo, qui refl\u00e8te l&#039;identit\u00e9 de votre marque. Notre \u00e9quipe d&#039;experts travaillera en \u00e9troite collaboration avec vous pour concevoir un logo qui r\u00e9sonne avec les valeurs de votre marque et de messagerie. Si vous \u00eates \u00e0 la recherche de r\u00e9organiser votre logo existant ou en cr\u00e9er un nouveau \u00e0 partir de z\u00e9ro, nous vous avons avons couvert. <a href=\"\/fr\/contact\/\">Contactez-nous<\/a> aujourd&#039;hui pour en savoir plus sur notre logo personnalis\u00e9 de services!<\/p>\n<\/div>\n<\/div>\n<\/div>\n<\/div>\n<\/div>\n<\/div>","protected":false},"excerpt":{"rendered":"<div class=\"magic-20\">Principe de fonctionnement de la machine de th\u00e9rapie par ondes de choc pour stimulation musculaire \u00e9lectromagn\u00e9tique EMS NEO<\/div>\n<div class=\"magic-20\">RF Sculptor est un instrument non invasif qui \u00e9limine les cellules graisseuses et augmente la masse musculaire gr\u00e2ce \u00e0 une combinaison de chauffage RF synchrone et d&#039;ondes \u00e9lectromagn\u00e9tiques focalis\u00e9es de haute intensit\u00e9. Il est principalement utilis\u00e9 pour stimuler et contracter les muscles et r\u00e9duire la graisse, notamment au niveau de l&#039;abdomen, des fesses, des bras, des mollets et des cuisses.<\/div>","protected":false},"featured_media":2468,"comment_status":"open","ping_status":"closed","template":"","meta":{"_kad_post_transparent":"default","_kad_post_title":"","_kad_post_layout":"default","_kad_post_sidebar_id":"","_kad_post_content_style":"default","_kad_post_vertical_padding":"default","_kad_post_feature":"","_kad_post_feature_position":"","_kad_post_header":false,"_kad_post_footer":false,"_kad_post_classname":"","rank_math_title":"","rank_math_description":"","rank_math_focus_keyword":""},"product_brand":[],"product_cat":[31],"product_tag":[],"class_list":{"0":"post-2467","1":"product","2":"type-product","3":"status-publish","4":"has-post-thumbnail","6":"product_cat-body-slimming","8":"first","9":"instock","10":"shipping-taxable","11":"product-type-simple","12":"entry","13":"content-bg","14":"loop-entry"},"_links":{"self":[{"href":"https:\/\/skbty.com\/fr\/wp-json\/wp\/v2\/product\/2467","targetHints":{"allow":["GET"]}}],"collection":[{"href":"https:\/\/skbty.com\/fr\/wp-json\/wp\/v2\/product"}],"about":[{"href":"https:\/\/skbty.com\/fr\/wp-json\/wp\/v2\/types\/product"}],"replies":[{"embeddable":true,"href":"https:\/\/skbty.com\/fr\/wp-json\/wp\/v2\/comments?post=2467"}],"wp:featuredmedia":[{"embeddable":true,"href":"https:\/\/skbty.com\/fr\/wp-json\/wp\/v2\/media\/2468"}],"wp:attachment":[{"href":"https:\/\/skbty.com\/fr\/wp-json\/wp\/v2\/media?parent=2467"}],"wp:term":[{"taxonomy":"product_brand","embeddable":true,"href":"https:\/\/skbty.com\/fr\/wp-json\/wp\/v2\/product_brand?post=2467"},{"taxonomy":"product_cat","embeddable":true,"href":"https:\/\/skbty.com\/fr\/wp-json\/wp\/v2\/product_cat?post=2467"},{"taxonomy":"product_tag","embeddable":true,"href":"https:\/\/skbty.com\/fr\/wp-json\/wp\/v2\/product_tag?post=2467"}],"curies":[{"name":"Wp wp","href":"https:\/\/api.w.org\/{rel}","templated":true}]}}