{"id":2475,"date":"2024-01-12T10:26:22","date_gmt":"2024-01-12T02:26:22","guid":{"rendered":"https:\/\/skbty.com\/?post_type=product&#038;p=2475"},"modified":"2024-06-20T11:43:00","modified_gmt":"2024-06-20T03:43:00","slug":"machine-a-plasma-rfems-2-en-1","status":"publish","type":"product","link":"https:\/\/skbty.com\/fr\/produit\/machine-a-plasma-rfems-2-en-1\/","title":{"rendered":"Machine \u00e0 plasma RFEMS 2 en 1"},"content":{"rendered":"<div class=\"J_module\">\n<div class=\"icbu-pc-images magic-1\">\n<div class=\"flex-layout-v\">\n<div class=\"flex-layout-h magic-1\">\n<div>\n<h3>Qu&#039;est-ce que le <strong>Machine plasma RFEMS 2 en 1 ?<\/strong><\/h3>\n<p><strong>Machine \u00e0 plasma RFEMS 2 en 1<\/strong> est un appareil multifonctionnel combinant les technologies RFEMS et Plasma. Cette machine avanc\u00e9e est dot\u00e9e de deux poign\u00e9es et d&#039;une vari\u00e9t\u00e9 de sondes accessoires rempla\u00e7ables, offrant des traitements complets pour la r\u00e9g\u00e9n\u00e9ration de la peau, la r\u00e9paration musculaire, le remodelage du visage, etc.<\/p>\n<h3><img loading=\"lazy\" decoding=\"async\" class=\"magic-3 aligncenter\" title=\"Machine \u00e0 plasma RFEMS\" src=\"https:\/\/sc04.alicdn.com\/kf\/Hfd4efd8586d34588a9da1bd0527c4e65k\/247315878\/Hfd4efd8586d34588a9da1bd0527c4e65k.png\" alt=\"Machine \u00e0 plasma RFEMS\" width=\"461\" height=\"456\" data-src=\"\/\/sc04.alicdn.com\/kf\/Hfd4efd8586d34588a9da1bd0527c4e65k\/247315878\/Hfd4efd8586d34588a9da1bd0527c4e65k.png\" \/><\/h3>\n<h3>Caract\u00e9ristiques<\/h3>\n<ul>\n<li><strong>Nom<\/strong>:Machine \u00e0 plasma RFEMS 2 en 1<\/li>\n<li><strong>Technologie<\/strong>: RFEMS + Plasma<\/li>\n<li><strong>Service<\/strong>:Fabricant d&#039;\u00e9quipement d&#039;origine \/ ODM<\/li>\n<li><strong>Tension<\/strong>: 110V\/220V 50-60Hz<\/li>\n<li><strong>Pouvoir<\/strong>: 10-60 W<\/li>\n<li><strong>Poign\u00e9es<\/strong>: 2 poign\u00e9es<\/li>\n<li><strong>Embout multifonction plasma<\/strong>: 4 pointes standard<\/li>\n<li><strong>Taille<\/strong>: 39X44X42 cm<\/li>\n<\/ul>\n<h3>Principe de fonctionnement<\/h3>\n<p>L&#039; <strong>Machine \u00e0 plasma RFEMS 2 en 1<\/strong> fonctionne via deux poign\u00e9es principales, chacune avec des fonctionnalit\u00e9s distinctes :<\/p>\n<h4><img loading=\"lazy\" decoding=\"async\" class=\"magic-23 aligncenter\" title=\"Machine \u00e0 plasma RFEMS\" src=\"https:\/\/sc04.alicdn.com\/kf\/H2d793bf6f2ae4877a8e5267ec24fd9c9u\/247315878\/H2d793bf6f2ae4877a8e5267ec24fd9c9u.png\" alt=\"Machine \u00e0 plasma RFEMS\" width=\"753\" height=\"331\" data-src=\"\/\/sc04.alicdn.com\/kf\/H2d793bf6f2ae4877a8e5267ec24fd9c9u\/247315878\/H2d793bf6f2ae4877a8e5267ec24fd9c9u.png\" \/><\/h4>\n<h4>Poign\u00e9e RFEMS<\/h4>\n<ul>\n<li><strong>Stimulation musculaire<\/strong>:Stimule la contraction musculaire, active les cellules et aide \u00e0 la r\u00e9paration musculaire.<\/li>\n<li><strong>Circulation sanguine<\/strong>:Favorise la circulation sanguine et am\u00e9liore le drainage lymphatique.<\/li>\n<li><strong>Remodelage du visage<\/strong>:Am\u00e9liore le contour du visage et le teint de la peau.<\/li>\n<li><strong>Raffermissement de la peau<\/strong>:Atteint des effets non invasifs de lifting du visage et anti-\u00e2ge.<\/li>\n<\/ul>\n<h4>Manche \u00e0 plasma<\/h4>\n<ul>\n<li><strong>R\u00e9g\u00e9n\u00e9ration de la peau<\/strong>:Traite la r\u00e9g\u00e9n\u00e9ration de la peau, \u00e9limine les protub\u00e9rances cutan\u00e9es ou les verrues et \u00e9limine les grains de beaut\u00e9, les taches de rousseur et les rides.<\/li>\n<li><strong>R\u00e9paration des cicatrices et des vergetures<\/strong>:R\u00e9pare les vergetures, les creux et les cicatrices.<\/li>\n<li><strong>Sondes avanc\u00e9es<\/strong>:\u00c9quip\u00e9 de sondes de traitement sp\u00e9cialement con\u00e7ues pour maximiser l&#039;efficacit\u00e9 et minimiser les temps d&#039;arr\u00eat.<\/li>\n<\/ul>\n<table style=\"border-collapse: collapse; width: 100%;\">\n<tbody>\n<tr>\n<td style=\"width: 50%;\"><img loading=\"lazy\" decoding=\"async\" class=\"magic-19 aligncenter\" title=\"Machine \u00e0 plasma RFEMS\" src=\"https:\/\/sc04.alicdn.com\/kf\/H9409ad170f0a4a4eb5d4e334a95fbcf0m\/247315878\/H9409ad170f0a4a4eb5d4e334a95fbcf0m.png\" alt=\"Machine \u00e0 plasma RFEMS\" width=\"535\" height=\"381\" data-src=\"\/\/sc04.alicdn.com\/kf\/H9409ad170f0a4a4eb5d4e334a95fbcf0m\/247315878\/H9409ad170f0a4a4eb5d4e334a95fbcf0m.png\" \/><\/td>\n<td style=\"width: 50%;\"><img loading=\"lazy\" decoding=\"async\" class=\"magic-19 aligncenter\" title=\"Machine \u00e0 plasma RFEMS\" src=\"https:\/\/sc04.alicdn.com\/kf\/Hf51dd4e736684d94a25795c58f40c746I\/247315878\/Hf51dd4e736684d94a25795c58f40c746I.png\" alt=\"Machine \u00e0 plasma RFEMS\" width=\"1000\" height=\"712\" data-src=\"\/\/sc04.alicdn.com\/kf\/Hf51dd4e736684d94a25795c58f40c746I\/247315878\/Hf51dd4e736684d94a25795c58f40c746I.png\" \/><\/td>\n<\/tr>\n<\/tbody>\n<\/table>\n<h3>Fonctions<\/h3>\n<ol>\n<li><strong>Poign\u00e9e RFEMS<\/strong>:\n<ul>\n<li>Stimulation de la contraction musculaire<\/li>\n<li>Activation cellulaire<\/li>\n<li>R\u00e9paration musculaire<\/li>\n<li>Am\u00e9lioration de la circulation sanguine<\/li>\n<li>Am\u00e9lioration du drainage lymphatique<\/li>\n<li>Remodelage du visage<\/li>\n<li>Am\u00e9lioration du teint de la peau<\/li>\n<li>Raffermissement de la peau<\/li>\n<li>Lifting facial non invasif<\/li>\n<li>Traitement anti-\u00e2ge<\/li>\n<\/ul>\n<\/li>\n<li><strong>Manche \u00e0 plasma<\/strong>:\n<ul>\n<li>R\u00e9g\u00e9n\u00e9ration de la peau<\/li>\n<li>\u00c9limination des protub\u00e9rances cutan\u00e9es, des verrues, des grains de beaut\u00e9 et des taches de rousseur<\/li>\n<li>\u00c9limination des rides<\/li>\n<li>R\u00e9paration des vergetures<\/li>\n<li>R\u00e9paration des puits et des cicatrices<\/li>\n<\/ul>\n<\/li>\n<\/ol>\n<p><span class=\"magic-10\" style=\"font-family: Arial;\"><b>La poign\u00e9e multifonction plasma peut \u00eatre configur\u00e9e avec une vari\u00e9t\u00e9 de remplacements de sonde\u00a0:<\/b><\/span><\/p>\n<h3><img loading=\"lazy\" decoding=\"async\" class=\"magic-25 aligncenter\" title=\"Machine \u00e0 plasma RFEMS\" src=\"https:\/\/sc04.alicdn.com\/kf\/Hafd59f43155f49218cdfd7b0b024fe395\/247315878\/Hafd59f43155f49218cdfd7b0b024fe395.png\" alt=\"Machine \u00e0 plasma RFEMS\" width=\"777\" height=\"1068\" data-src=\"\/\/sc04.alicdn.com\/kf\/Hafd59f43155f49218cdfd7b0b024fe395\/247315878\/Hafd59f43155f49218cdfd7b0b024fe395.png\" \/><\/h3>\n<h3>Avantages<\/h3>\n<ol>\n<li><strong>Appareil multifonctionnel<\/strong>:Combine les technologies RFEMS et Plasma pour des traitements complets de la peau et des muscles.<\/li>\n<li><strong>Poign\u00e9es doubles<\/strong>:Deux poign\u00e9es avec sondes rempla\u00e7ables pour des options de traitement polyvalentes.<\/li>\n<li><strong>Sondes de traitement efficaces<\/strong>:Des sondes sp\u00e9cialement con\u00e7ues maximisent l\u2019efficacit\u00e9 du traitement et minimisent les temps d\u2019arr\u00eat.<\/li>\n<li><strong>Non invasif<\/strong>:Atteint un lifting du visage et un effet anti-\u00e2ge sans proc\u00e9dures invasives.<\/li>\n<li><strong>Service personnalisable<\/strong>: Propose des services OEM et ODM pour des solutions sur mesure.<\/li>\n<li><strong>Large plage de tension<\/strong>:Fonctionne sur 110 V\/220 V, 50-60 Hz pour une compatibilit\u00e9 mondiale.<\/li>\n<\/ol>\n<h3>Applications<\/h3>\n<ul>\n<li><strong>Stimulation et r\u00e9paration musculaire<\/strong>: Am\u00e9liore la sant\u00e9 et la r\u00e9paration musculaire.<\/li>\n<li><strong>Circulation sanguine et drainage lymphatique<\/strong>:Favorise une meilleure circulation et une meilleure sant\u00e9 lymphatique.<\/li>\n<li><strong>Remodelage du visage et raffermissement de la peau<\/strong>: Am\u00e9liore la forme du visage et la fermet\u00e9 de la peau.<\/li>\n<li><strong>R\u00e9g\u00e9n\u00e9ration de la peau<\/strong>:Favorise la cicatrisation et le rajeunissement de la peau.<\/li>\n<li><strong>\u00c9limination des imperfections de la peau<\/strong>:\u00c9limine efficacement les verrues, les grains de beaut\u00e9, les taches de rousseur et les rides.<\/li>\n<li><strong>R\u00e9paration des vergetures et des cicatrices<\/strong>:R\u00e9pare et r\u00e9duit l&#039;apparence des vergetures et des cicatrices.<\/li>\n<\/ul>\n<h3>Effets<\/h3>\n<p>L&#039; <strong>Machine \u00e0 plasma RFEMS 2 en 1<\/strong> fournit des traitements efficaces pour une vari\u00e9t\u00e9 de probl\u00e8mes cutan\u00e9s et musculaires, favorisant la sant\u00e9 globale de la peau, la r\u00e9paration musculaire et le rajeunissement. Il assure une am\u00e9lioration de la texture, de l&#039;\u00e9lasticit\u00e9 et de l&#039;apparence de la peau avec un temps d&#039;arr\u00eat minimal.<\/p>\n<\/div>\n<div><\/div>\n<div>\n<h3><strong>Personnaliser Le Logo<\/strong><\/h3>\n<p>Vous voulez faire de votre marque de se d\u00e9marquer? Nous vous proposons logo personnalis\u00e9 de services pour vous aider \u00e0 cr\u00e9er un unique et personnalis\u00e9e de logo, qui refl\u00e8te l&#039;identit\u00e9 de votre marque. Notre \u00e9quipe d&#039;experts travaillera en \u00e9troite collaboration avec vous pour concevoir un logo qui r\u00e9sonne avec les valeurs de votre marque et de messagerie. Si vous \u00eates \u00e0 la recherche de r\u00e9organiser votre logo existant ou en cr\u00e9er un nouveau \u00e0 partir de z\u00e9ro, nous vous avons avons couvert. <a href=\"\/fr\/contact\/\">Contactez-nous<\/a> aujourd&#039;hui pour en savoir plus sur notre logo personnalis\u00e9 de services!<\/p>\n<\/div>\n<\/div>\n<\/div>\n<\/div>\n<\/div>","protected":false},"excerpt":{"rendered":"<div class=\"J_module\">\n<div class=\"detail-decorate-json-renderer-container\">\n<div class=\"magic-4\">\n<div class=\"magic-7\">\n<div class=\"magic-8\">\n<div class=\"magic-9\"><span class=\"magic-10\" style=\"font-family: Arial;\">Le RFEMS Plasma Two in one est un appareil multifonctionnel qui combine deux technologies brevet\u00e9es. Il se compose de deux poign\u00e9es (mains) et d&#039;une vari\u00e9t\u00e9 de sondes accessoires rempla\u00e7ables. L&#039;une des poign\u00e9es RFEMS peut stimuler la contraction musculaire, activer les cellules et aider \u00e0 la r\u00e9paration musculaire, favoriser la circulation sanguine et am\u00e9liorer le drainage lymphatique, am\u00e9liorer le contour du visage et le teint de la peau, raffermir la peau, r\u00e9aliser un lifting facial non invasif et anti-\u00e2ge. La deuxi\u00e8me poign\u00e9e plasma peut \u00eatre utilis\u00e9e pour traiter la r\u00e9g\u00e9n\u00e9ration cutan\u00e9e, \u00e9liminer les protub\u00e9rances cutan\u00e9es ou les verrues, \u00e9liminer les grains de beaut\u00e9, les taches de rousseur et les rides. Il peut \u00e9galement aider \u00e0 r\u00e9parer les vergetures, r\u00e9parer les creux et les cicatrices.<br \/>\nLe c\u0153ur de sa technologie r\u00e9side dans les sondes de traitement, chacune \u00e9tant sp\u00e9cialement con\u00e7ue pour maximiser l\u2019efficacit\u00e9 du traitement tout en minimisant les temps d\u2019arr\u00eat.<\/span><\/div>\n<\/div>\n<\/div>\n<\/div>\n<\/div>\n<\/div>\n<div class=\"J_module\">\n<div class=\"ife-detail-decorate-table\"><\/div>\n<\/div>","protected":false},"featured_media":2476,"comment_status":"open","ping_status":"closed","template":"","meta":{"_kad_post_transparent":"default","_kad_post_title":"","_kad_post_layout":"default","_kad_post_sidebar_id":"","_kad_post_content_style":"default","_kad_post_vertical_padding":"default","_kad_post_feature":"","_kad_post_feature_position":"","_kad_post_header":false,"_kad_post_footer":false,"_kad_post_classname":"","rank_math_title":"","rank_math_description":"","rank_math_focus_keyword":""},"product_brand":[],"product_cat":[33],"product_tag":[],"class_list":{"0":"post-2475","1":"product","2":"type-product","3":"status-publish","4":"has-post-thumbnail","6":"product_cat-face-care","8":"first","9":"instock","10":"shipping-taxable","11":"product-type-simple","12":"entry","13":"content-bg","14":"loop-entry"},"_links":{"self":[{"href":"https:\/\/skbty.com\/fr\/wp-json\/wp\/v2\/product\/2475","targetHints":{"allow":["GET"]}}],"collection":[{"href":"https:\/\/skbty.com\/fr\/wp-json\/wp\/v2\/product"}],"about":[{"href":"https:\/\/skbty.com\/fr\/wp-json\/wp\/v2\/types\/product"}],"replies":[{"embeddable":true,"href":"https:\/\/skbty.com\/fr\/wp-json\/wp\/v2\/comments?post=2475"}],"wp:featuredmedia":[{"embeddable":true,"href":"https:\/\/skbty.com\/fr\/wp-json\/wp\/v2\/media\/2476"}],"wp:attachment":[{"href":"https:\/\/skbty.com\/fr\/wp-json\/wp\/v2\/media?parent=2475"}],"wp:term":[{"taxonomy":"product_brand","embeddable":true,"href":"https:\/\/skbty.com\/fr\/wp-json\/wp\/v2\/product_brand?post=2475"},{"taxonomy":"product_cat","embeddable":true,"href":"https:\/\/skbty.com\/fr\/wp-json\/wp\/v2\/product_cat?post=2475"},{"taxonomy":"product_tag","embeddable":true,"href":"https:\/\/skbty.com\/fr\/wp-json\/wp\/v2\/product_tag?post=2475"}],"curies":[{"name":"Wp wp","href":"https:\/\/api.w.org\/{rel}","templated":true}]}}