{"id":2486,"date":"2024-01-12T11:01:19","date_gmt":"2024-01-12T03:01:19","guid":{"rendered":"https:\/\/skbty.com\/?post_type=product&#038;p=2486"},"modified":"2024-06-19T18:07:51","modified_gmt":"2024-06-19T10:07:51","slug":"machine-depilation-et-de-tatouage-au-laser-a-diode-2-en-1-808","status":"publish","type":"product","link":"https:\/\/skbty.com\/fr\/produit\/machine-depilation-et-de-tatouage-au-laser-a-diode-2-en-1-808\/","title":{"rendered":"Machine d&#039;\u00e9pilation et de tatouage au laser \u00e0 diode 2 en 1 808"},"content":{"rendered":"<h3>Qu&#039;est-ce que le <strong>Machine d&#039;\u00e9pilation et de tatouage au laser \u00e0 diode 2 en 1 808 ?<\/strong><\/h3>\n<p><strong>Machine d&#039;\u00e9pilation et de tatouage au laser \u00e0 diode 2 en 1 808<\/strong> combine une technologie de pointe pour une \u00e9pilation et un d\u00e9tatouage efficaces. Utilisant plusieurs longueurs d&#039;onde, cette machine offre un traitement complet pour diff\u00e9rents types de peau et couleurs de cheveux, garantissant des r\u00e9sultats s\u00fbrs et efficaces.<\/p>\n<table style=\"border-collapse: collapse; width: 100%;\">\n<tbody>\n<tr>\n<td style=\"width: 50%;\">\n<h3><img loading=\"lazy\" decoding=\"async\" class=\"magic-23 aligncenter\" title=\"Machine d&#039;\u00e9pilation et de tatouage au laser \u00e0 diode 2 en 1 808\" src=\"https:\/\/sc04.alicdn.com\/kf\/Hcca0352ab6c844c29f2cd55acb3faa0dB\/247315878\/Hcca0352ab6c844c29f2cd55acb3faa0dB.png\" alt=\"Machine d&#039;\u00e9pilation et de tatouage au laser \u00e0 diode 2 en 1 808\" width=\"480\" height=\"517\" data-src=\"\/\/sc04.alicdn.com\/kf\/Hcca0352ab6c844c29f2cd55acb3faa0dB\/247315878\/Hcca0352ab6c844c29f2cd55acb3faa0dB.png\" \/><\/h3>\n<\/td>\n<td style=\"width: 50%;\"><img loading=\"lazy\" decoding=\"async\" class=\"magic-34 aligncenter\" title=\"Machine d&#039;\u00e9pilation et de tatouage au laser \u00e0 diode 2 en 1 808\" src=\"https:\/\/sc04.alicdn.com\/kf\/H5f33bb5d54fd4741a1fe30c0144a73faB\/247315878\/H5f33bb5d54fd4741a1fe30c0144a73faB.png\" alt=\"Machine d&#039;\u00e9pilation et de tatouage au laser \u00e0 diode 2 en 1 808\" width=\"585\" height=\"450\" data-src=\"\/\/sc04.alicdn.com\/kf\/H5f33bb5d54fd4741a1fe30c0144a73faB\/247315878\/H5f33bb5d54fd4741a1fe30c0144a73faB.png\" \/><\/td>\n<\/tr>\n<\/tbody>\n<\/table>\n<h3>Caract\u00e9ristiques<\/h3>\n<ul>\n<li><strong>Nom<\/strong>:Machine d&#039;\u00e9pilation et de tatouage au laser \u00e0 diode 2 en 1 808<\/li>\n<li><strong>Point lumineux<\/strong>: 10*20MM<\/li>\n<li><strong>Taille de l&#039;\u00e9cran<\/strong>: 1080\u00d71920<\/li>\n<li><strong>Nombre de poign\u00e9es<\/strong>: 50 millions de cartouches<\/li>\n<li><strong>Fr\u00e9quence<\/strong>: 1-10 Hz<\/li>\n<li><strong>Longueur d&#039;onde<\/strong>: 808 nm, 755 nm, 1064 nm, 808 nm<\/li>\n<li><strong>Barre laser<\/strong>: 12 bars<\/li>\n<li><strong>\u00c9nergie<\/strong>: 1-120J\/CM\u00b2<\/li>\n<li><strong>Puissance totale<\/strong>: 1800W<\/li>\n<li><strong>Largeur d&#039;impulsion<\/strong>: 1MS-400MS<\/li>\n<li><strong>Tension<\/strong>: 200-240V<\/li>\n<li><strong>Dissipation de chaleur<\/strong>:Refroidissement par air + refroidissement par eau + r\u00e9frig\u00e9ration des semi-conducteurs<\/li>\n<li><strong>Syst\u00e8me de protection<\/strong>: Protection de temp\u00e9rature, protection de tension, protection contre le manque d&#039;eau<\/li>\n<\/ul>\n<h3>Principe de fonctionnement<\/h3>\n<h4>Principe de l&#039;\u00e9pilation<\/h4>\n<p><strong>Technologie d&#039;\u00e9pilation au point de cong\u00e9lation 810<\/strong>: Originaire d&#039;Allemagne, cette technologie repose sur le principe photothermodynamique s\u00e9lectif. En r\u00e9gulant la longueur d&#039;onde, l&#039;\u00e9nergie et la largeur d&#039;impulsion, la lumi\u00e8re p\u00e9n\u00e8tre la surface de la peau jusqu&#039;\u00e0 la racine du follicule pileux, endommageant le tissu folliculaire pour ralentir ou arr\u00eater la croissance du poil. Le syst\u00e8me de point de cong\u00e9lation rapide refroidit la peau locale \u00e0 5 degr\u00e9s Celsius, surmontant ainsi les effets secondaires de l&#039;\u00e9pilation pr\u00e9coce, les dommages cutan\u00e9s et les op\u00e9rations complexes.<\/p>\n<h4>Principe du laser<\/h4>\n<p><strong>Mode Q-Switching et principe de photoblasting<\/strong>:Le laser \u00e9met instantan\u00e9ment une \u00e9nergie concentr\u00e9e \u00e9lev\u00e9e, ce qui permet au laser \u00e0 longueur d&#039;onde fixe de p\u00e9n\u00e9trer l&#039;\u00e9piderme et d&#039;atteindre rapidement le tissu malade. La masse pigmentaire s&#039;\u00e9chauffe, se dilate et explose en fines particules, qui sont phagocyt\u00e9es par les macrophages et expuls\u00e9es par le syst\u00e8me lymphatique. Le pigment s&#039;estompe et dispara\u00eet sans endommager le tissu cutan\u00e9 normal environnant.<\/p>\n<table style=\"border-collapse: collapse; width: 100%;\">\n<tbody>\n<tr>\n<td style=\"width: 50%;\"><img loading=\"lazy\" decoding=\"async\" class=\"magic-19 aligncenter\" title=\"Machine d&#039;\u00e9pilation et de tatouage au laser \u00e0 diode 2 en 1 808\" src=\"https:\/\/sc04.alicdn.com\/kf\/H178eff0920694d27a127e160725a0e64D\/247315878\/H178eff0920694d27a127e160725a0e64D.png\" alt=\"Machine d&#039;\u00e9pilation et de tatouage au laser \u00e0 diode 2 en 1 808\" width=\"689\" height=\"350\" data-src=\"\/\/sc04.alicdn.com\/kf\/H178eff0920694d27a127e160725a0e64D\/247315878\/H178eff0920694d27a127e160725a0e64D.png\" \/><\/td>\n<td style=\"width: 50%;\"><img loading=\"lazy\" decoding=\"async\" class=\"magic-21 aligncenter\" title=\"Machine d&#039;\u00e9pilation et de tatouage au laser \u00e0 diode 2 en 1 808\" src=\"https:\/\/sc04.alicdn.com\/kf\/Hc9c89b38662944938315c62adb30cc5eY\/247315878\/Hc9c89b38662944938315c62adb30cc5eY.png\" alt=\"Machine d&#039;\u00e9pilation et de tatouage au laser \u00e0 diode 2 en 1 808\" width=\"455\" height=\"287\" data-src=\"\/\/sc04.alicdn.com\/kf\/Hc9c89b38662944938315c62adb30cc5eY\/247315878\/Hc9c89b38662944938315c62adb30cc5eY.png\" \/><\/td>\n<\/tr>\n<\/tbody>\n<\/table>\n<h3>Th\u00e9orie de l&#039;\u00e9pilation au laser \u00e0 diode 755\/808\/1064 nm<\/h3>\n<ul>\n<li><strong>Laser \u00e0 diode 808 nm<\/strong>: Laser \u00e0 diode haut de gamme qui r\u00e9duit de moiti\u00e9 le temps de traitement, le rendant efficace pour les grandes zones et garantissant une \u00e9pilation rapide et efficace.<\/li>\n<li><strong>Laser \u00e0 diode 1064 nm<\/strong>:Id\u00e9al pour les peaux plus fonc\u00e9es, offrant une \u00e9pilation s\u00fbre et un rajeunissement de la peau avec un refroidissement puissant pour un traitement confortable.<\/li>\n<li><strong>Laser \u00e0 diode 755 nm<\/strong>:Efficace pour les cheveux blonds et fins, offrant une exp\u00e9rience de traitement confortable et des temps de traitement plus courts.<\/li>\n<\/ul>\n<h3><img loading=\"lazy\" decoding=\"async\" class=\"magic-30 aligncenter\" title=\"Machine d&#039;\u00e9pilation et de tatouage au laser \u00e0 diode 2 en 1 808\" src=\"https:\/\/sc04.alicdn.com\/kf\/H0899b67941c348e39e6762b4892d9dab8\/247315878\/H0899b67941c348e39e6762b4892d9dab8.png\" alt=\"Machine d&#039;\u00e9pilation et de tatouage au laser \u00e0 diode 2 en 1 808\" width=\"901\" height=\"330\" data-src=\"\/\/sc04.alicdn.com\/kf\/H0899b67941c348e39e6762b4892d9dab8\/247315878\/H0899b67941c348e39e6762b4892d9dab8.png\" \/><\/h3>\n<h3>Avantages des ondes 755 nm, 808 nm et 1\u00a0064 nm<\/h3>\n<ul>\n<li><strong>Vitesse 808 nm<\/strong>:La longueur d\u2019onde standard pour tous les types de cheveux.<\/li>\n<li><strong>Alex 755nm<\/strong>:Sp\u00e9cifiquement efficace pour les cheveux blonds et fins.<\/li>\n<li><strong>Ondes longues 1064 nm<\/strong>:Efficace pour les peaux fonc\u00e9es et bronz\u00e9es.<\/li>\n<\/ul>\n<h3><img loading=\"lazy\" decoding=\"async\" class=\"magic-32 aligncenter\" title=\"Machine d&#039;\u00e9pilation et de tatouage au laser \u00e0 diode 2 en 1 808\" src=\"https:\/\/sc04.alicdn.com\/kf\/H0b8b12d6e1ec4f668c6c1f124d4d4fa0m\/247315878\/H0b8b12d6e1ec4f668c6c1f124d4d4fa0m.png\" alt=\"Machine d&#039;\u00e9pilation et de tatouage au laser \u00e0 diode 2 en 1 808\" width=\"455\" height=\"523\" data-src=\"\/\/sc04.alicdn.com\/kf\/H0b8b12d6e1ec4f668c6c1f124d4d4fa0m\/247315878\/H0b8b12d6e1ec4f668c6c1f124d4d4fa0m.png\" \/><\/h3>\n<h3>Avantages<\/h3>\n<ol>\n<li><strong>Fonctions compl\u00e8tes<\/strong>:Combine l\u2019\u00e9pilation, le lifting de la peau, l\u2019\u00e9limination des tatouages et le rajeunissement de la peau.<\/li>\n<li><strong>Interface conviviale<\/strong>:\u00c9cran tactile haute r\u00e9solution 1080 \u00d7 1920 pour une utilisation facile.<\/li>\n<li><strong>Syst\u00e8me de refroidissement avanc\u00e9<\/strong>:Refroidissement par air, refroidissement par eau et r\u00e9frig\u00e9ration par semi-conducteurs pour des traitements s\u00fbrs et confortables.<\/li>\n<li><strong>Syst\u00e8mes de protection multiples<\/strong>:Comprend une protection contre la temp\u00e9rature, la tension et le manque d&#039;eau.<\/li>\n<li><strong>Longueurs d&#039;onde polyvalentes<\/strong>:Convient \u00e0 diff\u00e9rentes couleurs de cheveux et types de peau.<\/li>\n<li><strong>Services OEM et ODM<\/strong>:Options personnalisables pour les logos, les langues et les interfaces pour r\u00e9pondre \u00e0 des besoins sp\u00e9cifiques.<\/li>\n<\/ol>\n<h3>Applications<\/h3>\n<ul>\n<li><strong>\u00c9pilation rapide et d\u00e9finitive<\/strong><\/li>\n<li><strong>Suppression de tatouage<\/strong><\/li>\n<li><strong>Rajeunissement et blanchiment de la peau<\/strong><\/li>\n<li><strong>\u00c9limination des rides et lifting de la peau<\/strong><\/li>\n<li><strong>\u00c9limination des pigments<\/strong><\/li>\n<li><strong>Traitement de l&#039;acn\u00e9<\/strong><\/li>\n<li><strong>Th\u00e9rapie vasculaire<\/strong><\/li>\n<\/ul>\n<h3><img loading=\"lazy\" decoding=\"async\" class=\"magic-25 aligncenter\" title=\"Machine d&#039;\u00e9pilation et de tatouage au laser \u00e0 diode 2 en 1 808\" src=\"https:\/\/sc04.alicdn.com\/kf\/Ha8a7754b8d33400381abc3ae534622e8x\/247315878\/Ha8a7754b8d33400381abc3ae534622e8x.png\" alt=\"Machine d&#039;\u00e9pilation et de tatouage au laser \u00e0 diode 2 en 1 808\" width=\"574\" height=\"719\" data-src=\"\/\/sc04.alicdn.com\/kf\/Ha8a7754b8d33400381abc3ae534622e8x\/247315878\/Ha8a7754b8d33400381abc3ae534622e8x.png\" \/><\/h3>\n<h3>Effets<\/h3>\n<p>L&#039; <strong>Machine d&#039;\u00e9pilation et de tatouage au laser \u00e0 diode 2 en 1 808<\/strong> Fournit des r\u00e9sultats efficaces et durables pour l&#039;\u00e9pilation, le d\u00e9tatouage et le rajeunissement de la peau. Il am\u00e9liore la texture, l&#039;\u00e9lasticit\u00e9 et l&#039;apparence g\u00e9n\u00e9rale de la peau tout en garantissant s\u00e9curit\u00e9 et confort.<\/p>\n<h3><strong>Personnaliser Le Logo<\/strong><\/h3>\n<p>Vous voulez faire de votre marque de se d\u00e9marquer? Nous vous proposons logo personnalis\u00e9 de services pour vous aider \u00e0 cr\u00e9er un unique et personnalis\u00e9e de logo, qui refl\u00e8te l&#039;identit\u00e9 de votre marque. Notre \u00e9quipe d&#039;experts travaillera en \u00e9troite collaboration avec vous pour concevoir un logo qui r\u00e9sonne avec les valeurs de votre marque et de messagerie. Si vous \u00eates \u00e0 la recherche de r\u00e9organiser votre logo existant ou en cr\u00e9er un nouveau \u00e0 partir de z\u00e9ro, nous vous avons avons couvert. <a href=\"\/fr\/contact\/\">Contactez-nous<\/a> aujourd&#039;hui pour en savoir plus sur notre logo personnalis\u00e9 de services!<\/p>","protected":false},"excerpt":{"rendered":"<p><span class=\"magic-9\" style=\"font-family: Arial;\"><b>Principe de l&#039;\u00e9pilation : <\/b>La technologie d&#039;\u00e9pilation au point de cong\u00e9lation 810 est originaire d&#039;Allemagne et est bas\u00e9e sur le principe photothermodynamique s\u00e9lectif, gr\u00e2ce \u00e0 une r\u00e9gulation raisonnable de la longueur d&#039;onde, de l&#039;\u00e9nergie et de la largeur d&#039;impulsion, de sorte que la lumi\u00e8re traverse la surface de la peau jusqu&#039;au follicule pileux racinaire, le tissu du follicule pileux est endommag\u00e9, la croissance est lente ou aucune croissance.<\/span><br \/>\n<span class=\"magic-9\" style=\"font-family: Arial;\"><b>Principe du laser : <\/b>En adoptant le mode Q-switching de Gem et le principe du photoblasting, l&#039;\u00e9nergie \u00e9lev\u00e9e concentr\u00e9e du laser est \u00e9mise instantan\u00e9ment, de sorte que le laser \u00e0 longueur d&#039;onde fixe peut p\u00e9n\u00e9trer l&#039;\u00e9piderme instantan\u00e9ment et atteindre le tissu malade en tr\u00e8s peu de temps. <\/span><\/p>","protected":false},"featured_media":2487,"comment_status":"open","ping_status":"closed","template":"","meta":{"_kad_post_transparent":"default","_kad_post_title":"","_kad_post_layout":"default","_kad_post_sidebar_id":"","_kad_post_content_style":"default","_kad_post_vertical_padding":"default","_kad_post_feature":"","_kad_post_feature_position":"","_kad_post_header":false,"_kad_post_footer":false,"_kad_post_classname":"","rank_math_title":"","rank_math_description":"","rank_math_focus_keyword":""},"product_brand":[],"product_cat":[66],"product_tag":[],"class_list":{"0":"post-2486","1":"product","2":"type-product","3":"status-publish","4":"has-post-thumbnail","6":"product_cat-2-in-1-808nmpico","8":"first","9":"instock","10":"shipping-taxable","11":"product-type-simple","12":"entry","13":"content-bg","14":"loop-entry"},"_links":{"self":[{"href":"https:\/\/skbty.com\/fr\/wp-json\/wp\/v2\/product\/2486","targetHints":{"allow":["GET"]}}],"collection":[{"href":"https:\/\/skbty.com\/fr\/wp-json\/wp\/v2\/product"}],"about":[{"href":"https:\/\/skbty.com\/fr\/wp-json\/wp\/v2\/types\/product"}],"replies":[{"embeddable":true,"href":"https:\/\/skbty.com\/fr\/wp-json\/wp\/v2\/comments?post=2486"}],"wp:featuredmedia":[{"embeddable":true,"href":"https:\/\/skbty.com\/fr\/wp-json\/wp\/v2\/media\/2487"}],"wp:attachment":[{"href":"https:\/\/skbty.com\/fr\/wp-json\/wp\/v2\/media?parent=2486"}],"wp:term":[{"taxonomy":"product_brand","embeddable":true,"href":"https:\/\/skbty.com\/fr\/wp-json\/wp\/v2\/product_brand?post=2486"},{"taxonomy":"product_cat","embeddable":true,"href":"https:\/\/skbty.com\/fr\/wp-json\/wp\/v2\/product_cat?post=2486"},{"taxonomy":"product_tag","embeddable":true,"href":"https:\/\/skbty.com\/fr\/wp-json\/wp\/v2\/product_tag?post=2486"}],"curies":[{"name":"Wp wp","href":"https:\/\/api.w.org\/{rel}","templated":true}]}}