{"id":2504,"date":"2024-01-15T16:49:35","date_gmt":"2024-01-15T08:49:35","guid":{"rendered":"https:\/\/skbty.com\/?post_type=product&#038;p=2504"},"modified":"2024-06-19T17:32:24","modified_gmt":"2024-06-19T09:32:24","slug":"machine-depilation-au-laser-2-en-1-810-nm","status":"publish","type":"product","link":"https:\/\/skbty.com\/fr\/produit\/machine-depilation-au-laser-2-en-1-810-nm\/","title":{"rendered":"Machine d&#039;\u00e9pilation au laser 2 en 1 810 nm"},"content":{"rendered":"<div class=\"J_module\">\n<div class=\"icbu-pc-images magic-1\">\n<div class=\"flex-layout-v\">\n<div class=\"flex-layout-h magic-1\">\n<div>\n<h3>Qu&#039;est-ce que le <strong>Machine d&#039;\u00e9pilation au laser 810 nm ?<\/strong><\/h3>\n<p><strong>Machine d&#039;\u00e9pilation au laser 810 nm<\/strong>\u00a0proposent des solutions avanc\u00e9es pour une \u00e9pilation efficace et un rajeunissement de la peau. Utilisant la th\u00e9orie de la photopyrolyse s\u00e9lective, cette technologie assure des traitements s\u00fbrs et efficaces, ciblant les follicules pileux sans endommager l&#039;\u00e9piderme.<\/p>\n<table style=\"border-collapse: collapse; width: 100%;\">\n<tbody>\n<tr>\n<td style=\"width: 50%;\"><img loading=\"lazy\" decoding=\"async\" class=\"magic-3 aligncenter\" title=\"la machine d&#039;\u00e9pilation au laser \u00e0 diode 810 nm\" src=\"https:\/\/sc04.alicdn.com\/kf\/H84af7914dc6f400c9e31c9f9e3cfdfbeX\/247315878\/H84af7914dc6f400c9e31c9f9e3cfdfbeX.png\" alt=\"la machine d&#039;\u00e9pilation au laser \u00e0 diode 810 nm\" width=\"376\" height=\"539\" data-src=\"\/\/sc04.alicdn.com\/kf\/H84af7914dc6f400c9e31c9f9e3cfdfbeX\/247315878\/H84af7914dc6f400c9e31c9f9e3cfdfbeX.png\" \/><\/td>\n<td style=\"width: 50%;\"><img loading=\"lazy\" decoding=\"async\" class=\"magic-25 aligncenter\" title=\"la machine d&#039;\u00e9pilation au laser \u00e0 diode 810 nm\" src=\"https:\/\/sc04.alicdn.com\/kf\/H0ea90e565ae14079866dc13b59005e1bX\/247315878\/H0ea90e565ae14079866dc13b59005e1bX.png\" alt=\"la machine d&#039;\u00e9pilation au laser \u00e0 diode 810 nm\" width=\"355\" height=\"544\" data-src=\"\/\/sc04.alicdn.com\/kf\/H0ea90e565ae14079866dc13b59005e1bX\/247315878\/H0ea90e565ae14079866dc13b59005e1bX.png\" \/><\/td>\n<\/tr>\n<\/tbody>\n<\/table>\n<h3>Caract\u00e9ristiques<\/h3>\n<h4>Machine d&#039;\u00e9pilation au laser 810 nm<\/h4>\n<ul>\n<li><strong>Puissance d&#039;entr\u00e9e<\/strong>: 600 W \u00e0 1\u00a0000 W<\/li>\n<li><strong>Puissance de sortie<\/strong>: 600 W \u00e0 1 200 W<\/li>\n<li><strong>Fr\u00e9quence<\/strong>: 1-10 Hz<\/li>\n<li><strong>Circuit de refroidissement<\/strong>:Refroidi par air + refroidi par eau + semi-conducteur<\/li>\n<li><strong>Zone de couverture<\/strong>: 12*25mm<\/li>\n<li><strong>Largeur d&#039;impulsion<\/strong>: 30-400 ms<\/li>\n<li><strong>Densit\u00e9 \u00e9nerg\u00e9tique<\/strong>: 10~180J\/cm\u00b2<\/li>\n<li><strong>Poids total<\/strong>: 60 kg<\/li>\n<li><strong>Taille de l&#039;emballage<\/strong>: 60cm<em>60 cm<\/em>130cm<\/li>\n<\/ul>\n<h4>Laser<\/h4>\n<ul>\n<li><strong>Puissance d&#039;entr\u00e9e<\/strong>: 450 W~<\/li>\n<li><strong>Puissance de sortie<\/strong>: 450 W~<\/li>\n<li><strong>Fr\u00e9quence<\/strong>: 1-10 Hz<\/li>\n<li><strong>Circuit de refroidissement<\/strong>:Refroidi par air + refroidi par eau + semi-conducteur<\/li>\n<li><strong>Zone de couverture<\/strong>: 1 \u00e0 10 mm<\/li>\n<li><strong>Densit\u00e9 \u00e9nerg\u00e9tique<\/strong>: 1~10J\/cm\u00b2<\/li>\n<\/ul>\n<table style=\"border-collapse: collapse; width: 100%;\">\n<tbody>\n<tr>\n<td style=\"width: 50%;\"><img loading=\"lazy\" decoding=\"async\" class=\"magic-27 aligncenter\" title=\"la machine d&#039;\u00e9pilation au laser \u00e0 diode 810 nm\" src=\"https:\/\/sc04.alicdn.com\/kf\/Ha1a6b3debfda4f288a1f2d7eadff1a6fk\/247315878\/Ha1a6b3debfda4f288a1f2d7eadff1a6fk.png\" alt=\"la machine d&#039;\u00e9pilation au laser \u00e0 diode 810 nm\" width=\"443\" height=\"305\" data-src=\"\/\/sc04.alicdn.com\/kf\/Ha1a6b3debfda4f288a1f2d7eadff1a6fk\/247315878\/Ha1a6b3debfda4f288a1f2d7eadff1a6fk.png\" \/><\/td>\n<td style=\"width: 50%;\"><img loading=\"lazy\" decoding=\"async\" class=\"magic-29 aligncenter\" title=\"la machine d&#039;\u00e9pilation au laser \u00e0 diode 810 nm\" src=\"https:\/\/sc04.alicdn.com\/kf\/H781ed3836a98417eab2d78d647d2edaaf\/247315878\/H781ed3836a98417eab2d78d647d2edaaf.png\" alt=\"la machine d&#039;\u00e9pilation au laser \u00e0 diode 810 nm\" width=\"495\" height=\"303\" data-src=\"\/\/sc04.alicdn.com\/kf\/H781ed3836a98417eab2d78d647d2edaaf\/247315878\/H781ed3836a98417eab2d78d647d2edaaf.png\" \/><\/td>\n<\/tr>\n<\/tbody>\n<\/table>\n<h3><img loading=\"lazy\" decoding=\"async\" class=\"magic-18 aligncenter\" title=\"la machine d&#039;\u00e9pilation au laser \u00e0 diode 810 nm\" src=\"https:\/\/sc04.alicdn.com\/kf\/H67108350b9924046a5b06043f9fc9d32b\/247315878\/H67108350b9924046a5b06043f9fc9d32b.png\" alt=\"la machine d&#039;\u00e9pilation au laser \u00e0 diode 810 nm\" width=\"438\" height=\"342\" data-src=\"\/\/sc04.alicdn.com\/kf\/H67108350b9924046a5b06043f9fc9d32b\/247315878\/H67108350b9924046a5b06043f9fc9d32b.png\" \/><\/h3>\n<h3>Principe de fonctionnement<\/h3>\n<p>Le principe de base de <strong>\u00c9pilation au laser \u00e0 semi-conducteur<\/strong> La photopyrolyse s\u00e9lective est bas\u00e9e sur la th\u00e9orie de la photopyrolyse s\u00e9lective. Utilisant des longueurs d&#039;onde multibandes de 810 nm \u00e0 1064 nm, cette m\u00e9thode offre une large couverture et est facilement absorb\u00e9e par les follicules pileux sans endommager l&#039;\u00e9piderme. L&#039;\u00e9nergie lumineuse \u00e9mise est absorb\u00e9e par la pigmentation des follicules pileux et convertie en chaleur, augmentant la temp\u00e9rature des follicules pileux. Une fois que la temp\u00e9rature atteint un certain niveau, elle provoque des dommages irr\u00e9versibles aux follicules. Au fil du temps, les follicules pileux endommag\u00e9s sont excr\u00e9t\u00e9s par le m\u00e9tabolisme corporel, ce qui permet une \u00e9pilation permanente apr\u00e8s 4 \u00e0 5 traitements, tout en rajeunissant simultan\u00e9ment la peau.<\/p>\n<p>Le principe de fonctionnement du <strong>Poign\u00e9e laser<\/strong> Il s&#039;agit de concentrer et de focaliser l&#039;\u00e9nergie laser. Chaque source de lumi\u00e8re laser produit un effet d&#039;onde de choc efficace 10% sur le tissu cutan\u00e9, \u00e9crasant les m\u00e9lanocytes de la couche \u00e9pidermique et conduisant l&#039;onde de choc jusqu&#039;\u00e0 la couche profonde du derme. Ce processus initie la r\u00e9paration des facteurs de croissance, favorise le renouvellement et la prolif\u00e9ration des fibres de collag\u00e8ne et d&#039;\u00e9lastine, acc\u00e9l\u00e8re le m\u00e9tabolisme cutan\u00e9 et am\u00e9liore l&#039;excr\u00e9tion de m\u00e9lanine, abordant ainsi efficacement les probl\u00e8mes de pigmentation profonde.<\/p>\n<table style=\"border-collapse: collapse; width: 100%;\">\n<tbody>\n<tr>\n<td style=\"width: 50%;\"><img loading=\"lazy\" decoding=\"async\" class=\"magic-21 aligncenter\" title=\"la machine d&#039;\u00e9pilation au laser \u00e0 diode 810 nm\" src=\"https:\/\/sc04.alicdn.com\/kf\/Hb309ed3e12d2411db542f5dbabc16363n\/247315878\/Hb309ed3e12d2411db542f5dbabc16363n.png\" alt=\"la machine d&#039;\u00e9pilation au laser \u00e0 diode 810 nm\" width=\"535\" height=\"364\" data-src=\"\/\/sc04.alicdn.com\/kf\/Hb309ed3e12d2411db542f5dbabc16363n\/247315878\/Hb309ed3e12d2411db542f5dbabc16363n.png\" \/><\/td>\n<td style=\"width: 50%;\"><img loading=\"lazy\" decoding=\"async\" class=\"magic-23 aligncenter\" title=\"la machine d&#039;\u00e9pilation au laser \u00e0 diode 810 nm\" src=\"https:\/\/sc04.alicdn.com\/kf\/H9f6c9cae2fca4e69999ae872c8ce7d29e\/247315878\/H9f6c9cae2fca4e69999ae872c8ce7d29e.png\" alt=\"la machine d&#039;\u00e9pilation au laser \u00e0 diode 810 nm\" width=\"463\" height=\"435\" data-src=\"\/\/sc04.alicdn.com\/kf\/H9f6c9cae2fca4e69999ae872c8ce7d29e\/247315878\/H9f6c9cae2fca4e69999ae872c8ce7d29e.png\" \/><\/td>\n<\/tr>\n<\/tbody>\n<\/table>\n<h3>Avantages<\/h3>\n<ol>\n<li><strong>Photopyrolyse s\u00e9lective<\/strong>:Cible les follicules pileux sans endommager l&#039;\u00e9piderme.<\/li>\n<li><strong>Couverture de large longueur d&#039;onde<\/strong>:810nm \u00e0 1064nm multi-bande pour des traitements efficaces.<\/li>\n<li><strong>\u00c9pilation efficace<\/strong>:Permet une \u00e9pilation permanente en 4 \u00e0 5 traitements.<\/li>\n<li><strong>Rajeunissement de la peau<\/strong>:Rajeunit simultan\u00e9ment la peau pendant l\u2019\u00e9pilation.<\/li>\n<li><strong>Syst\u00e8me de refroidissement avanc\u00e9<\/strong>:Combine le refroidissement par air, eau et semi-conducteur pour des performances optimales.<\/li>\n<li><strong>Densit\u00e9 \u00e9nerg\u00e9tique \u00e9lev\u00e9e<\/strong>:Offre des traitements puissants et efficaces.<\/li>\n<\/ol>\n<h3>Avantages<\/h3>\n<ul>\n<li><strong>\u00c9pilation d\u00e9finitive<\/strong>:\u00c9limine efficacement les poils et pr\u00e9vient leur repousse.<\/li>\n<li><strong>Rajeunissement de la peau<\/strong>: Am\u00e9liore la texture et l\u2019apparence de la peau.<\/li>\n<li><strong>S\u00fbr et non invasif<\/strong>:Minimise les dommages \u00e0 la peau environnante.<\/li>\n<li><strong>Traitements rapides<\/strong>:Couvre efficacement de grandes zones de traitement.<\/li>\n<li><strong>Confort am\u00e9lior\u00e9<\/strong>:Le syst\u00e8me de refroidissement avanc\u00e9 garantit une exp\u00e9rience confortable.<\/li>\n<\/ul>\n<h3><strong>Personnaliser Le Logo<\/strong><\/h3>\n<p>Vous voulez faire de votre marque de se d\u00e9marquer? Nous vous proposons logo personnalis\u00e9 de services pour vous aider \u00e0 cr\u00e9er un unique et personnalis\u00e9e de logo, qui refl\u00e8te l&#039;identit\u00e9 de votre marque. Notre \u00e9quipe d&#039;experts travaillera en \u00e9troite collaboration avec vous pour concevoir un logo qui r\u00e9sonne avec les valeurs de votre marque et de messagerie. Si vous \u00eates \u00e0 la recherche de r\u00e9organiser votre logo existant ou en cr\u00e9er un nouveau \u00e0 partir de z\u00e9ro, nous vous avons avons couvert. <a href=\"\/fr\/contact\/\">Contactez-nous<\/a> aujourd&#039;hui pour en savoir plus sur notre logo personnalis\u00e9 de services!<\/p>\n<\/div>\n<div><\/div>\n<\/div>\n<\/div>\n<\/div>\n<\/div>","protected":false},"excerpt":{"rendered":"<div class=\"J_module\">\n<div class=\"detail-decorate-json-renderer-container\">\n<div class=\"magic-4\">\n<div class=\"magic-6\">\n<div class=\"magic-7\">\n<div class=\"magic-8\"><span class=\"magic-12\" style=\"font-family: Arial;\"><b>Le principe de base de l&#039;\u00e9pilation au laser \u00e0 semi-conducteur<\/b> est une th\u00e9orie de photopyrolyse s\u00e9lective, multi-bande 810 nm ~ 1064 nm, large couverture, facile \u00e0 absorber sans endommager les follicules pileux de couleur \u00e9pidermique.<br \/>\n<\/span><\/div>\n<\/div>\n<\/div>\n<\/div>\n<\/div>\n<\/div>\n<div class=\"J_module\">\n<div class=\"detail-decorate-json-renderer-container\">\n<div class=\"magic-4\">\n<div class=\"magic-6\">\n<div class=\"magic-7\">\n<div class=\"magic-8\"><span class=\"magic-12\" style=\"font-family: Arial;\"><b>Le principe de fonctionnement de la poign\u00e9e laser<\/b> consiste \u00e0 concentrer et focaliser l&#039;\u00e9nergie laser, chaque source de lumi\u00e8re laser fournit 10% de l&#039;effet d&#039;onde de choc efficace du tissu cutan\u00e9, \u00e9crase les m\u00e9lanocytes de la couche d&#039;\u00e9piderme et conduit l&#039;onde de choc vers la couche de derme profond.<\/span><\/div>\n<\/div>\n<\/div>\n<\/div>\n<\/div>\n<\/div>","protected":false},"featured_media":2505,"comment_status":"open","ping_status":"closed","template":"","meta":{"_kad_post_transparent":"default","_kad_post_title":"","_kad_post_layout":"default","_kad_post_sidebar_id":"","_kad_post_content_style":"default","_kad_post_vertical_padding":"default","_kad_post_feature":"","_kad_post_feature_position":"","_kad_post_header":false,"_kad_post_footer":false,"_kad_post_classname":"","rank_math_title":"","rank_math_description":"","rank_math_focus_keyword":""},"product_brand":[],"product_cat":[66],"product_tag":[],"class_list":{"0":"post-2504","1":"product","2":"type-product","3":"status-publish","4":"has-post-thumbnail","6":"product_cat-2-in-1-808nmpico","8":"first","9":"instock","10":"shipping-taxable","11":"product-type-simple","12":"entry","13":"content-bg","14":"loop-entry"},"_links":{"self":[{"href":"https:\/\/skbty.com\/fr\/wp-json\/wp\/v2\/product\/2504","targetHints":{"allow":["GET"]}}],"collection":[{"href":"https:\/\/skbty.com\/fr\/wp-json\/wp\/v2\/product"}],"about":[{"href":"https:\/\/skbty.com\/fr\/wp-json\/wp\/v2\/types\/product"}],"replies":[{"embeddable":true,"href":"https:\/\/skbty.com\/fr\/wp-json\/wp\/v2\/comments?post=2504"}],"wp:featuredmedia":[{"embeddable":true,"href":"https:\/\/skbty.com\/fr\/wp-json\/wp\/v2\/media\/2505"}],"wp:attachment":[{"href":"https:\/\/skbty.com\/fr\/wp-json\/wp\/v2\/media?parent=2504"}],"wp:term":[{"taxonomy":"product_brand","embeddable":true,"href":"https:\/\/skbty.com\/fr\/wp-json\/wp\/v2\/product_brand?post=2504"},{"taxonomy":"product_cat","embeddable":true,"href":"https:\/\/skbty.com\/fr\/wp-json\/wp\/v2\/product_cat?post=2504"},{"taxonomy":"product_tag","embeddable":true,"href":"https:\/\/skbty.com\/fr\/wp-json\/wp\/v2\/product_tag?post=2504"}],"curies":[{"name":"Wp wp","href":"https:\/\/api.w.org\/{rel}","templated":true}]}}