{"id":2512,"date":"2024-01-15T17:03:37","date_gmt":"2024-01-15T09:03:37","guid":{"rendered":"https:\/\/skbty.com\/?post_type=product&#038;p=2512"},"modified":"2024-06-19T16:51:17","modified_gmt":"2024-06-19T08:51:17","slug":"appareil-facial-a-oxygene-3-en-1","status":"publish","type":"product","link":"https:\/\/skbty.com\/fr\/produit\/appareil-facial-a-oxygene-3-en-1\/","title":{"rendered":"Appareil facial \u00e0 oxyg\u00e8ne 3 en 1"},"content":{"rendered":"<div class=\"J_module\">\n<div class=\"icbu-pc-images magic-1\">\n<div class=\"flex-layout-v\">\n<h3>Qu&#039;est-ce que le <strong>Machine faciale \u00e0 oxyg\u00e8ne 3 en 1 ?<\/strong><\/h3>\n<p><strong>Appareil facial \u00e0 oxyg\u00e8ne 3 en 1<\/strong> est un appareil de soin de la peau de pointe qui utilise une combinaison de rajeunissement dynamique \u00e0 l&#039;oxyg\u00e8ne et de technologie de radiofr\u00e9quence de troisi\u00e8me g\u00e9n\u00e9ration. En activant le m\u00e9canisme naturel du corps, l&#039;effet Bohr, cet appareil am\u00e9liore les niveaux d&#039;oxyg\u00e8ne de la peau, stimule le m\u00e9tabolisme cellulaire et acc\u00e9l\u00e8re la r\u00e9paration de la peau. Il am\u00e9liore la texture de la peau de l&#039;int\u00e9rieur vers l&#039;ext\u00e9rieur.<\/p>\n<table style=\"border-collapse: collapse; width: 100%;\">\n<tbody>\n<tr>\n<td style=\"width: 50%;\">\n<h3><img loading=\"lazy\" decoding=\"async\" class=\"magic-3 aligncenter\" title=\"Appareil d&#039;oxyg\u00e9noth\u00e9rapie faciale\" src=\"https:\/\/sc04.alicdn.com\/kf\/H07f61b0e8b1b43b18f07aa52599b8d0aT\/247315878\/H07f61b0e8b1b43b18f07aa52599b8d0aT.png\" alt=\"Appareil d&#039;oxyg\u00e9noth\u00e9rapie faciale\" width=\"414\" height=\"527\" data-src=\"\/\/sc04.alicdn.com\/kf\/H07f61b0e8b1b43b18f07aa52599b8d0aT\/247315878\/H07f61b0e8b1b43b18f07aa52599b8d0aT.png\" data-spm-anchor-id=\"a2700.details.0.i84.1e6f381adjBWnJ\" \/><\/h3>\n<\/td>\n<td style=\"width: 50%;\"><img loading=\"lazy\" decoding=\"async\" class=\"magic-15 aligncenter\" title=\"Appareil d&#039;oxyg\u00e9noth\u00e9rapie faciale\" src=\"https:\/\/sc04.alicdn.com\/kf\/H728631b144eb4dc2b48d0cb81db0e65dK\/247315878\/H728631b144eb4dc2b48d0cb81db0e65dK.png\" alt=\"Appareil d&#039;oxyg\u00e9noth\u00e9rapie faciale\" width=\"564\" height=\"418\" data-src=\"\/\/sc04.alicdn.com\/kf\/H728631b144eb4dc2b48d0cb81db0e65dK\/247315878\/H728631b144eb4dc2b48d0cb81db0e65dK.png\" \/><\/td>\n<\/tr>\n<\/tbody>\n<\/table>\n<h3>Caract\u00e9ristiques<\/h3>\n<ul>\n<li><strong>Nom<\/strong>: Appareil facial \u00e0 oxyg\u00e8ne 3 en 1<\/li>\n<li><strong>Technologie<\/strong>: Rajeunissement dynamique \u00e0 l&#039;oxyg\u00e8ne et radiofr\u00e9quence de troisi\u00e8me g\u00e9n\u00e9ration<\/li>\n<li><strong>Pouvoir<\/strong>: 5-30 Hz<\/li>\n<li><strong>Tension<\/strong>: 110 V \u00e0 220 V, 50 \u00e0 60 Hz<\/li>\n<li><strong>Poids brut<\/strong>: 7 kg<\/li>\n<li><strong>Taille de l&#039;emballage<\/strong>: 45 * 40 * 32 cm<\/li>\n<\/ul>\n<h3>Qu&#039;est-ce qu&#039;une machine de soin du visage ?<\/h3>\n<p>Un appareil de soin du visage est con\u00e7u pour am\u00e9liorer la sant\u00e9 et l&#039;apparence de votre peau. Cet appareil de beaut\u00e9 trois en un utilise du dioxyde de carbone pour activer le m\u00e9canisme naturel de l&#039;effet Bohr du corps, qui lib\u00e8re de l&#039;oxyg\u00e8ne dans un environnement \u00e0 forte teneur en dioxyde de carbone. Ce processus am\u00e9liore la teneur en oxyg\u00e8ne de la peau, stimule le m\u00e9tabolisme cellulaire et acc\u00e9l\u00e8re la r\u00e9paration de la peau, ce qui am\u00e9liore la texture de la peau.<\/p>\n<h3>Th\u00e9orie (technologie des appareils de beaut\u00e9)<\/h3>\n<p>L&#039; <strong>Appareil facial \u00e0 oxyg\u00e8ne 3 en 1<\/strong> La pi\u00e8ce \u00e0 main est compos\u00e9e de bicarbonate de sodium et d&#039;acide citrique. Lorsque la t\u00eate de traitement entre en contact avec un gel compos\u00e9 d&#039;ingr\u00e9dients actifs naturels, elle produit une grande quantit\u00e9 de CO2 sur la peau. Cela stimule la circulation sanguine sous-cutan\u00e9e, augmentant le d\u00e9bit sanguin et le nombre de cellules d&#039;oxyg\u00e8ne et d&#039;h\u00e9moglobine dans le sang. Par cons\u00e9quent, il augmente la teneur en oxyg\u00e8ne sous-cutan\u00e9, am\u00e9liorant l&#039;absorption des nutriments par la peau, ce qui entra\u00eene des effets blanchissants et anti-\u00e2ge.<\/p>\n<table style=\"border-collapse: collapse; width: 100%;\">\n<tbody>\n<tr>\n<td style=\"width: 50%;\"><img loading=\"lazy\" decoding=\"async\" class=\"magic-17 aligncenter\" title=\"Appareil d&#039;oxyg\u00e9noth\u00e9rapie faciale\" src=\"https:\/\/sc04.alicdn.com\/kf\/H4bc80867beee4103819a1ccb2ff1b95ar\/247315878\/H4bc80867beee4103819a1ccb2ff1b95ar.png\" alt=\"Appareil d&#039;oxyg\u00e9noth\u00e9rapie faciale\" width=\"750\" height=\"425\" data-src=\"\/\/sc04.alicdn.com\/kf\/H4bc80867beee4103819a1ccb2ff1b95ar\/247315878\/H4bc80867beee4103819a1ccb2ff1b95ar.png\" \/><\/td>\n<td style=\"width: 50%;\"><img loading=\"lazy\" decoding=\"async\" class=\"magic-22 aligncenter\" title=\"Appareil d&#039;oxyg\u00e9noth\u00e9rapie faciale\" src=\"https:\/\/sc04.alicdn.com\/kf\/H54615480b6884a729d1a473a31fbed8dW\/247315878\/H54615480b6884a729d1a473a31fbed8dW.png\" alt=\"Appareil d&#039;oxyg\u00e9noth\u00e9rapie faciale\" width=\"790\" height=\"496\" data-src=\"\/\/sc04.alicdn.com\/kf\/H54615480b6884a729d1a473a31fbed8dW\/247315878\/H54615480b6884a729d1a473a31fbed8dW.png\" \/><\/td>\n<\/tr>\n<\/tbody>\n<\/table>\n<h3>Avantages<\/h3>\n<ol>\n<li><strong>Fr\u00e9quence d&#039;action de 1 MHz<\/strong>: Fournit un remodelage cutan\u00e9 s\u00fbr et efficace.<\/li>\n<li><strong>Densit\u00e9 \u00e9nerg\u00e9tique \u00e9lev\u00e9e<\/strong>:Produit des effets notables d\u00e8s la premi\u00e8re utilisation.<\/li>\n<li><strong>Efficacit\u00e9 \u00e0 long terme<\/strong>:Cliniquement prouv\u00e9 pour fournir des r\u00e9sultats id\u00e9aux \u00e0 long terme.<\/li>\n<li><strong>Courant focalis\u00e9<\/strong>:Concentr\u00e9 entre les \u00e9lectrodes, \u00e9liminant le besoin de refroidissement \u00e9pidermique.<\/li>\n<li><strong>Faible consommation d&#039;\u00e9nergie<\/strong>:Utilise 600 mA, garantissant un confort \u00e9lev\u00e9 et un bon retour client.<\/li>\n<li><strong>Application universelle<\/strong>:Convient \u00e0 tous les types et tons de peau.<\/li>\n<li><strong>Caract\u00e9ristiques de s\u00e9curit\u00e9<\/strong>:L&#039;outil \u00e0 main est \u00e9quip\u00e9 d&#039;un thermom\u00e8tre sensible pour une s\u00e9curit\u00e9 accrue.<\/li>\n<\/ol>\n<h3><img loading=\"lazy\" decoding=\"async\" class=\"magic-20 aligncenter\" title=\"Appareil d&#039;oxyg\u00e9noth\u00e9rapie faciale\" src=\"https:\/\/sc04.alicdn.com\/kf\/H3dbafb62d646410d85454a892e02bad64\/247315878\/H3dbafb62d646410d85454a892e02bad64.png\" alt=\"Appareil d&#039;oxyg\u00e9noth\u00e9rapie faciale\" width=\"507\" height=\"512\" data-src=\"\/\/sc04.alicdn.com\/kf\/H3dbafb62d646410d85454a892e02bad64\/247315878\/H3dbafb62d646410d85454a892e02bad64.png\" \/><\/h3>\n<h3>Avantages<\/h3>\n<ul>\n<li><strong>Blanchiment<\/strong>: Am\u00e9liore le teint et la luminosit\u00e9 de la peau.<\/li>\n<li><strong>Anti-\u00e2ge<\/strong>:R\u00e9duit les signes du vieillissement et am\u00e9liore l\u2019\u00e9lasticit\u00e9 de la peau.<\/li>\n<li><strong>Am\u00e9lioration de la texture de la peau<\/strong>: Am\u00e9liore la texture g\u00e9n\u00e9rale et la douceur de la peau.<\/li>\n<li><strong>Absorption des nutriments<\/strong>: Augmente la capacit\u00e9 de la peau \u00e0 absorber les nutriments, am\u00e9liorant ainsi la sant\u00e9 globale de la peau.<\/li>\n<li><strong>Oxyg\u00e9nation<\/strong>:Augmente la teneur en oxyg\u00e8ne de la peau pour un teint plus sain et plus \u00e9clatant.<\/li>\n<\/ul>\n<\/div>\n<\/div>\n<\/div>\n<div class=\"J_module\">\n<div class=\"icbu-pc-images magic-1\">\n<div class=\"flex-layout-v\"><\/div>\n<\/div>\n<\/div>\n<div class=\"J_module\">\n<div class=\"icbu-pc-detailManyImage magic-18\">\n<div class=\"magic-21\"><\/div>\n<div class=\"magic-23\"><img loading=\"lazy\" decoding=\"async\" class=\"magic-24 aligncenter\" title=\"Appareil d&#039;oxyg\u00e9noth\u00e9rapie faciale\" src=\"https:\/\/sc04.alicdn.com\/kf\/H060666d0090d4ad4acce81eed7095edbp\/247315878\/H060666d0090d4ad4acce81eed7095edbp.png\" alt=\"Appareil d&#039;oxyg\u00e9noth\u00e9rapie faciale\" width=\"626\" height=\"379\" data-src=\"\/\/sc04.alicdn.com\/kf\/H060666d0090d4ad4acce81eed7095edbp\/247315878\/H060666d0090d4ad4acce81eed7095edbp.png\" \/><\/div>\n<div class=\"magic-29\">\n<h3><strong>Personnaliser Le Logo<\/strong><\/h3>\n<p>Vous voulez faire de votre marque de se d\u00e9marquer? Nous vous proposons logo personnalis\u00e9 de services pour vous aider \u00e0 cr\u00e9er un unique et personnalis\u00e9e de logo, qui refl\u00e8te l&#039;identit\u00e9 de votre marque. Notre \u00e9quipe d&#039;experts travaillera en \u00e9troite collaboration avec vous pour concevoir un logo qui r\u00e9sonne avec les valeurs de votre marque et de messagerie. Si vous \u00eates \u00e0 la recherche de r\u00e9organiser votre logo existant ou en cr\u00e9er un nouveau \u00e0 partir de z\u00e9ro, nous vous avons avons couvert. <a href=\"\/fr\/contact\/\">Contactez-nous<\/a> aujourd&#039;hui pour en savoir plus sur notre logo personnalis\u00e9 de services!<\/p>\n<\/div>\n<\/div>\n<\/div>","protected":false},"excerpt":{"rendered":"<div class=\"magic-9\"><span class=\"magic-10\" style=\"font-family: Arial;\">Il s&#039;agit d&#039;un appareil de beaut\u00e9 de la peau trois en un, qui utilise le dioxyde de carbone pour activer le m\u00e9canisme d&#039;\u00e9tat naturel du corps - l&#039;effet Bohr, de sorte que la peau lib\u00e8re de l&#039;oxyg\u00e8ne dans un environnement \u00e0 haute teneur en dioxyde de carbone. Am\u00e9liore la teneur en oxyg\u00e8ne de la peau, stimule le m\u00e9tabolisme cellulaire et acc\u00e9l\u00e8re la fonction de r\u00e9paration de la peau. Am\u00e9liore la texture de la peau de l&#039;int\u00e9rieur vers l&#039;ext\u00e9rieur.<\/span><\/div>\n<div><\/div>","protected":false},"featured_media":2513,"comment_status":"open","ping_status":"closed","template":"","meta":{"_kad_post_transparent":"default","_kad_post_title":"","_kad_post_layout":"default","_kad_post_sidebar_id":"","_kad_post_content_style":"default","_kad_post_vertical_padding":"default","_kad_post_feature":"","_kad_post_feature_position":"","_kad_post_header":false,"_kad_post_footer":false,"_kad_post_classname":"","rank_math_title":"","rank_math_description":"","rank_math_focus_keyword":""},"product_brand":[],"product_cat":[33],"product_tag":[],"class_list":{"0":"post-2512","1":"product","2":"type-product","3":"status-publish","4":"has-post-thumbnail","6":"product_cat-face-care","8":"first","9":"instock","10":"shipping-taxable","11":"product-type-simple","12":"entry","13":"content-bg","14":"loop-entry"},"_links":{"self":[{"href":"https:\/\/skbty.com\/fr\/wp-json\/wp\/v2\/product\/2512","targetHints":{"allow":["GET"]}}],"collection":[{"href":"https:\/\/skbty.com\/fr\/wp-json\/wp\/v2\/product"}],"about":[{"href":"https:\/\/skbty.com\/fr\/wp-json\/wp\/v2\/types\/product"}],"replies":[{"embeddable":true,"href":"https:\/\/skbty.com\/fr\/wp-json\/wp\/v2\/comments?post=2512"}],"wp:featuredmedia":[{"embeddable":true,"href":"https:\/\/skbty.com\/fr\/wp-json\/wp\/v2\/media\/2513"}],"wp:attachment":[{"href":"https:\/\/skbty.com\/fr\/wp-json\/wp\/v2\/media?parent=2512"}],"wp:term":[{"taxonomy":"product_brand","embeddable":true,"href":"https:\/\/skbty.com\/fr\/wp-json\/wp\/v2\/product_brand?post=2512"},{"taxonomy":"product_cat","embeddable":true,"href":"https:\/\/skbty.com\/fr\/wp-json\/wp\/v2\/product_cat?post=2512"},{"taxonomy":"product_tag","embeddable":true,"href":"https:\/\/skbty.com\/fr\/wp-json\/wp\/v2\/product_tag?post=2512"}],"curies":[{"name":"Wp wp","href":"https:\/\/api.w.org\/{rel}","templated":true}]}}