{"id":2527,"date":"2024-01-15T17:45:46","date_gmt":"2024-01-15T09:45:46","guid":{"rendered":"https:\/\/skbty.com\/?post_type=product&#038;p=2527"},"modified":"2024-06-19T15:59:38","modified_gmt":"2024-06-19T07:59:38","slug":"machine-amincissante-pour-le-corps-ems-2-4-poignees","status":"publish","type":"product","link":"https:\/\/skbty.com\/fr\/produit\/machine-amincissante-pour-le-corps-ems-2-4-poignees\/","title":{"rendered":"Appareil amincissant pour le corps EMS \u00e0 2\/4 poign\u00e9es"},"content":{"rendered":"<div class=\"J_module\"><span style=\"font-family: 'Playfair Display', serif; font-size: 24px; font-weight: bold; text-transform: capitalize;\">Qu&#039;est-ce que le <\/span><strong style=\"font-family: 'Playfair Display', serif; font-size: 24px; text-transform: capitalize;\">Machine amincissante pour le corps EMS 2\/4 poign\u00e9es ?<\/strong><\/div>\n<div class=\"J_module\">\n<div class=\"icbu-pc-images magic-6\">\n<div class=\"flex-layout-v\">\n<div class=\"flex-layout-h magic-6\">\n<p><strong>Appareil amincissant pour le corps EMS \u00e0 2\/4 poign\u00e9es<\/strong> est un appareil avanc\u00e9 con\u00e7u pour am\u00e9liorer la densit\u00e9 et le volume musculaire tout en r\u00e9duisant simultan\u00e9ment la graisse. Utilisant la technologie non invasive HI FEM (champ \u00e9lectromagn\u00e9tique focalis\u00e9 \u00e0 haute intensit\u00e9) et la technologie de radiofr\u00e9quence unipolaire focalis\u00e9e, cette machine offre des avantages complets en mati\u00e8re de remodelage du corps et de renforcement musculaire.<\/p>\n<h3><img loading=\"lazy\" decoding=\"async\" class=\"magic-8 aligncenter\" title=\"Appareil amincissant pour le corps EMS\" src=\"https:\/\/sc04.alicdn.com\/kf\/H83c6263350dd45f294b5d8744e5f1157I\/247315878\/H83c6263350dd45f294b5d8744e5f1157I.jpg\" alt=\"Appareil amincissant pour le corps EMS\" width=\"415\" height=\"607\" data-src=\"\/\/sc04.alicdn.com\/kf\/H83c6263350dd45f294b5d8744e5f1157I\/247315878\/H83c6263350dd45f294b5d8744e5f1157I.jpg\" \/><\/h3>\n<h3>Caract\u00e9ristiques<\/h3>\n<ul>\n<li><strong>Nom<\/strong>: Appareil amincissant pour le corps EMS \u00e0 2\/4 poign\u00e9es<\/li>\n<li><strong>\u00c9nergie des ondes \u00e9lectromagn\u00e9tiques<\/strong>: 0-5T<\/li>\n<li><strong>Fr\u00e9quence RF<\/strong>: 3,5 millions<\/li>\n<li><strong>Taille de l&#039;\u00e9cran<\/strong>: 12 pouces<\/li>\n<li><strong>Service OEM<\/strong>: OEM\/ODM\/Service en ligne 24 heures sur 24<\/li>\n<li><strong>Impulsion<\/strong>: 300 \u00b5s (microsecondes)<\/li>\n<li><strong>Pouvoir<\/strong>: 100-240 V 50\/60 Hz<\/li>\n<li><strong>Taille<\/strong>: 74<em>61<\/em>45(cm)<\/li>\n<li><strong>Poids<\/strong>: 35-45 kg<\/li>\n<\/ul>\n<h3>Principe de fonctionnement<\/h3>\n<ol>\n<li><strong>Technologie HI FEM et RF<\/strong>:La machine utilise la technologie non invasive HI FEM et la technologie de radiofr\u00e9quence unipolaire focalis\u00e9e pour lib\u00e9rer l&#039;\u00e9nergie de vibration magn\u00e9tique \u00e0 haute fr\u00e9quence \u00e0 travers les poign\u00e9es. Cela p\u00e9n\u00e8tre dans les muscles jusqu&#039;\u00e0 une profondeur de 8 cm, induisant une expansion et une contraction continues, simulant un entra\u00eenement extr\u00eame \u00e0 haute fr\u00e9quence. Ce processus approfondit la croissance des myofibrilles (\u00e9largissement musculaire), produisant de nouvelles cha\u00eenes de collag\u00e8ne et fibres musculaires (hyperplasie musculaire), augmentant ainsi la densit\u00e9 et le volume musculaires.<\/li>\n<li><strong>Chauffage par radiofr\u00e9quence<\/strong>:L&#039;\u00e9nergie RF chauffe la couche adipeuse \u00e0 43-45 degr\u00e9s Celsius, acc\u00e9l\u00e9rant la d\u00e9composition des cellules adipeuses et augmentant la force de contraction musculaire. Cette approche \u00e0 double \u00e9nergie stimule la prolif\u00e9ration musculaire, am\u00e9liore le m\u00e9tabolisme, am\u00e9liore la circulation sanguine et favorise l&#039;\u00e9lasticit\u00e9 musculaire.<\/li>\n<li><strong>Apoptose des cellules adipeuses<\/strong>:La concentration \u00e9lev\u00e9e d&#039;acides gras provoque l&#039;apoptose des cellules adipeuses, qui sont ensuite \u00e9limin\u00e9es par le m\u00e9tabolisme normal en quelques semaines. Il en r\u00e9sulte un renforcement musculaire et une r\u00e9duction de la graisse simultan\u00e9s.<\/li>\n<\/ol>\n<table style=\"border-collapse: collapse; width: 100%;\">\n<tbody>\n<tr>\n<td style=\"width: 50%;\">\n<h3><img loading=\"lazy\" decoding=\"async\" class=\"magic-17 aligncenter\" title=\"Appareil amincissant pour le corps EMS\" src=\"https:\/\/sc04.alicdn.com\/kf\/H41c231afb7a249dca57d7fc873e9abdbk\/247315878\/H41c231afb7a249dca57d7fc873e9abdbk.jpg\" alt=\"Appareil amincissant pour le corps EMS\" width=\"492\" height=\"455\" data-src=\"\/\/sc04.alicdn.com\/kf\/H41c231afb7a249dca57d7fc873e9abdbk\/247315878\/H41c231afb7a249dca57d7fc873e9abdbk.jpg\" \/><\/h3>\n<\/td>\n<td style=\"width: 50%;\"><img loading=\"lazy\" decoding=\"async\" class=\"magic-20 aligncenter\" title=\"Appareil amincissant pour le corps EMS\" src=\"https:\/\/sc04.alicdn.com\/kf\/H56e13b21023c4d5e96ed34da44fec9dcB\/247315878\/H56e13b21023c4d5e96ed34da44fec9dcB.png\" alt=\"Appareil amincissant pour le corps EMS\" width=\"466\" height=\"460\" data-src=\"\/\/sc04.alicdn.com\/kf\/H56e13b21023c4d5e96ed34da44fec9dcB\/247315878\/H56e13b21023c4d5e96ed34da44fec9dcB.png\" \/><\/td>\n<\/tr>\n<\/tbody>\n<\/table>\n<h3>Fonctions<\/h3>\n<ol>\n<li><strong>D\u00e9velopper les muscles<\/strong>:Les contractions musculaires \u00e0 haute fr\u00e9quence et intensit\u00e9 (30 000 fois) entra\u00eenent et augmentent la densit\u00e9 et le volume musculaire.<\/li>\n<li><strong>R\u00e9duire la graisse<\/strong>:Les contractions musculaires intenses n\u00e9cessitent une \u00e9nergie importante, conduisant \u00e0 l\u2019apoptose naturelle des cellules graisseuses et \u00e0 une r\u00e9duction efficace de l\u2019\u00e9paisseur de la graisse.<\/li>\n<li><strong>Sculpture musculaire<\/strong>:Forme les abdominaux, la taille, les fesses et les obliques pour un look sculpt\u00e9.<\/li>\n<li><strong>R\u00e9paration des muscles du plancher pelvien<\/strong>:Renforce les muscles du plancher pelvien, r\u00e9tablissant la fermet\u00e9 et l\u2019\u00e9lasticit\u00e9, am\u00e9liorant les probl\u00e8mes tels que l\u2019incontinence urinaire et la protrusion abdominale inf\u00e9rieure.<\/li>\n<\/ol>\n<h3>Les avantages de la construction musculaire<\/h3>\n<ol>\n<li><strong>Am\u00e9liorer l&#039;ob\u00e9sit\u00e9<\/strong>: Am\u00e9liore l&#039;efficacit\u00e9 de la perte de poids.<\/li>\n<li><strong>Construisez un corps fort<\/strong>:D\u00e9veloppe un physique fort et beau.<\/li>\n<li><strong>Pr\u00e9venir le vieillissement<\/strong>:Maintient le corps jeune et pr\u00e9vient le vieillissement.<\/li>\n<li><strong>Soulager la douleur chronique<\/strong>:Soulage les douleurs musculaires et articulaires chroniques.<\/li>\n<li><strong>Am\u00e9liorer la circulation sanguine<\/strong>: Am\u00e9liore la circulation sanguine g\u00e9n\u00e9rale.<\/li>\n<li><strong>Prot\u00e9ger les organes<\/strong>:Assure la s\u00e9curit\u00e9 de l\u2019ut\u00e9rus, des intestins et d\u2019autres organes.<\/li>\n<li><strong>Am\u00e9liorer le diab\u00e8te<\/strong>:Aide \u00e0 am\u00e9liorer et \u00e0 pr\u00e9venir le diab\u00e8te.<\/li>\n<li><strong>R\u00e9duire l&#039;hypertension art\u00e9rielle<\/strong>:Soulage la pression des vaisseaux sanguins.<\/li>\n<li><strong>Pr\u00e9venir les maladies cardiaques<\/strong>:R\u00e9duit le risque de maladie cardiaque.<\/li>\n<li><strong>Am\u00e9liorer la m\u00e9moire<\/strong>:Am\u00e9liore la m\u00e9moire et pr\u00e9vient la d\u00e9mence.<\/li>\n<\/ol>\n<h3>Effets<\/h3>\n<p>L&#039; <strong>Appareil amincissant pour le corps EMS \u00e0 2\/4 poign\u00e9es<\/strong> renforce efficacement les muscles, r\u00e9duit la graisse et am\u00e9liore la composition corporelle globale. Il am\u00e9liore la densit\u00e9, le volume et l&#039;\u00e9lasticit\u00e9 musculaires, offrant une apparence tonique et sculpt\u00e9e. L&#039;appareil favorise \u00e9galement un meilleur m\u00e9tabolisme, une meilleure circulation sanguine et une meilleure sant\u00e9 globale, abordant divers probl\u00e8mes tels que l&#039;ob\u00e9sit\u00e9, la douleur chronique et le vieillissement.<\/p>\n<h3><img loading=\"lazy\" decoding=\"async\" class=\"magic-29 aligncenter\" title=\"Appareil amincissant pour le corps EMS\" src=\"https:\/\/sc04.alicdn.com\/kf\/H116b5f89de21443eb899113300554747q\/247315878\/H116b5f89de21443eb899113300554747q.jpg\" alt=\"Appareil amincissant pour le corps EMS\" width=\"520\" height=\"509\" data-src=\"\/\/sc04.alicdn.com\/kf\/H116b5f89de21443eb899113300554747q\/247315878\/H116b5f89de21443eb899113300554747q.jpg\" \/><\/h3>\n<\/div>\n<\/div>\n<\/div>\n<\/div>\n<div class=\"J_module\">\n<div class=\"icbu-pc-images magic-6\">\n<div class=\"flex-layout-v\">\n<div class=\"flex-layout-h magic-6\">\n<div class=\"magic-28\">\n<h3><strong>Personnaliser Le Logo<\/strong><\/h3>\n<p>Vous voulez faire de votre marque de se d\u00e9marquer? Nous vous proposons logo personnalis\u00e9 de services pour vous aider \u00e0 cr\u00e9er un unique et personnalis\u00e9e de logo, qui refl\u00e8te l&#039;identit\u00e9 de votre marque. Notre \u00e9quipe d&#039;experts travaillera en \u00e9troite collaboration avec vous pour concevoir un logo qui r\u00e9sonne avec les valeurs de votre marque et de messagerie. Si vous \u00eates \u00e0 la recherche de r\u00e9organiser votre logo existant ou en cr\u00e9er un nouveau \u00e0 partir de z\u00e9ro, nous vous avons avons couvert. <a href=\"\/fr\/contact\/\">Contactez-nous<\/a> aujourd&#039;hui pour en savoir plus sur notre logo personnalis\u00e9 de services!<\/p>\n<\/div>\n<\/div>\n<\/div>\n<\/div>\n<\/div>","protected":false},"excerpt":{"rendered":"<p><span class=\"magic-4\" style=\"font-family: Arial;\">1. D\u00e9velopper les muscles Les muscles se contractent 30 000 fois avec une fr\u00e9quence et une intensit\u00e9 \u00e9lev\u00e9es pour entra\u00eener et augmenter la densit\u00e9 et le volume musculaire.<\/span><\/p>\n<div><span class=\"magic-4\" style=\"font-family: Arial;\">2. R\u00e9duire la graisse La contraction finale des muscles n\u00e9cessite un apport \u00e9nerg\u00e9tique important, les cellules graisseuses sont donc sur le c\u00f4t\u00e9. Le muscle est \u00e9galement consomm\u00e9, ce qui entra\u00eene une apoptose naturelle et une r\u00e9duction efficace de l&#039;\u00e9paisseur de la graisse. <\/span><\/div>\n<div><span class=\"magic-4\" style=\"font-family: Arial;\">3. Sculpture musculaire Travaillez les abdominaux, fa\u00e7onnez la ligne du gilet\/fa\u00e7onnez les muscles fessiers, fa\u00e7onnez les fesses en forme de p\u00eache\/exercez les obliques, fa\u00e7onnez la ligne de sir\u00e8ne. <\/span><\/div>\n<div>\n<p><span class=\"magic-4\" style=\"font-family: Arial;\">4. R\u00e9paration des muscles du plancher pelvien Renforce efficacement les muscles du plancher pelvien, restaure la fermet\u00e9, am\u00e9liore l&#039;\u00e9lasticit\u00e9 ; Renforce les muscles du plancher pelvien, repousse l&#039;incontinence urinaire, les fuites urinaires, les gouttes, ainsi que la protrusion abdominale inf\u00e9rieure, la relaxation du bassin inf\u00e9rieur et d&#039;autres probl\u00e8mes ; D\u00e9barrassez-vous des orgasmes difficiles et d&#039;autres probl\u00e8mes\u2026<\/span><\/p>\n<\/div>","protected":false},"featured_media":2528,"comment_status":"open","ping_status":"closed","template":"","meta":{"_kad_post_transparent":"default","_kad_post_title":"","_kad_post_layout":"default","_kad_post_sidebar_id":"","_kad_post_content_style":"default","_kad_post_vertical_padding":"default","_kad_post_feature":"","_kad_post_feature_position":"","_kad_post_header":false,"_kad_post_footer":false,"_kad_post_classname":"","rank_math_title":"","rank_math_description":"","rank_math_focus_keyword":""},"product_brand":[],"product_cat":[31],"product_tag":[],"class_list":{"0":"post-2527","1":"product","2":"type-product","3":"status-publish","4":"has-post-thumbnail","6":"product_cat-body-slimming","8":"first","9":"instock","10":"shipping-taxable","11":"product-type-simple","12":"entry","13":"content-bg","14":"loop-entry"},"_links":{"self":[{"href":"https:\/\/skbty.com\/fr\/wp-json\/wp\/v2\/product\/2527","targetHints":{"allow":["GET"]}}],"collection":[{"href":"https:\/\/skbty.com\/fr\/wp-json\/wp\/v2\/product"}],"about":[{"href":"https:\/\/skbty.com\/fr\/wp-json\/wp\/v2\/types\/product"}],"replies":[{"embeddable":true,"href":"https:\/\/skbty.com\/fr\/wp-json\/wp\/v2\/comments?post=2527"}],"wp:featuredmedia":[{"embeddable":true,"href":"https:\/\/skbty.com\/fr\/wp-json\/wp\/v2\/media\/2528"}],"wp:attachment":[{"href":"https:\/\/skbty.com\/fr\/wp-json\/wp\/v2\/media?parent=2527"}],"wp:term":[{"taxonomy":"product_brand","embeddable":true,"href":"https:\/\/skbty.com\/fr\/wp-json\/wp\/v2\/product_brand?post=2527"},{"taxonomy":"product_cat","embeddable":true,"href":"https:\/\/skbty.com\/fr\/wp-json\/wp\/v2\/product_cat?post=2527"},{"taxonomy":"product_tag","embeddable":true,"href":"https:\/\/skbty.com\/fr\/wp-json\/wp\/v2\/product_tag?post=2527"}],"curies":[{"name":"Wp wp","href":"https:\/\/api.w.org\/{rel}","templated":true}]}}