{"id":2535,"date":"2024-01-15T18:05:56","date_gmt":"2024-01-15T10:05:56","guid":{"rendered":"https:\/\/skbty.com\/?post_type=product&#038;p=2535"},"modified":"2024-06-19T15:40:51","modified_gmt":"2024-06-19T07:40:51","slug":"machine-de-detatouage-au-laser-picoseconde","status":"publish","type":"product","link":"https:\/\/skbty.com\/fr\/produit\/machine-de-detatouage-au-laser-picoseconde\/","title":{"rendered":"Machine de d\u00e9tatouage au laser picoseconde"},"content":{"rendered":"<div class=\"J_module\">\n<div class=\"detail-decorate-json-renderer-container\">\n<div class=\"magic-1\">\n<h3>Qu&#039;est-ce que le <strong>Machine de d\u00e9tatouage au laser picoseconde ?<\/strong><\/h3>\n<p><strong>Machine de d\u00e9tatouage au laser picoseconde<\/strong> est un appareil avanc\u00e9 con\u00e7u pour \u00e9liminer les tatouages avec des temps d&#039;impulsion ultra-courts (aussi courts que 375-450 picosecondes). Cette vitesse d\u00e9passe les picosecondes du PICOSURE Honeycomb, permettant un pic d&#039;\u00e9nergie plus \u00e9lev\u00e9 qui \u00e9limine efficacement les particules de pigment gr\u00e2ce \u00e0 \u00ab l&#039;effet photoshock \u00bb. La largeur d&#039;impulsion ultra-courte minimise la conversion de chaleur, r\u00e9duisant les dommages aux tissus environnants, raccourcissant la r\u00e9cup\u00e9ration postop\u00e9ratoire et \u00e9vitant les effets secondaires comme l&#039;anti-noir. Sa sonde de focalisation holographique unique amplifie l&#039;\u00e9nergie jusqu&#039;\u00e0 22 fois, am\u00e9liorant la dissolution des pigments.<\/p>\n<table style=\"border-collapse: collapse; width: 100%;\">\n<tbody>\n<tr>\n<td style=\"width: 50%;\">\n<h3><img loading=\"lazy\" decoding=\"async\" class=\"magic-15 aligncenter\" title=\"\u00c9limination des tatouages au laser picoseconde\" src=\"https:\/\/sc04.alicdn.com\/kf\/Hadad2b6610a0477d82f3fda54612366bQ\/247315878\/Hadad2b6610a0477d82f3fda54612366bQ.png\" alt=\"\u00c9limination des tatouages au laser picoseconde\" width=\"427\" height=\"440\" data-src=\"\/\/sc04.alicdn.com\/kf\/Hadad2b6610a0477d82f3fda54612366bQ\/247315878\/Hadad2b6610a0477d82f3fda54612366bQ.png\" \/><\/h3>\n<\/td>\n<td style=\"width: 50%;\"><img loading=\"lazy\" decoding=\"async\" class=\"magic-17 aligncenter\" title=\"\u00c9limination des tatouages au laser picoseconde\" src=\"https:\/\/sc04.alicdn.com\/kf\/Hde5e354ed9d743f98860785625fc7981X\/247315878\/Hde5e354ed9d743f98860785625fc7981X.png\" alt=\"\u00c9limination des tatouages au laser picoseconde\" width=\"750\" height=\"459\" data-src=\"\/\/sc04.alicdn.com\/kf\/Hde5e354ed9d743f98860785625fc7981X\/247315878\/Hde5e354ed9d743f98860785625fc7981X.png\" \/><\/td>\n<\/tr>\n<\/tbody>\n<\/table>\n<h3>Caract\u00e9ristiques<\/h3>\n<ul>\n<li><strong>Nom<\/strong>: Machine de d\u00e9tatouage au laser picoseconde<\/li>\n<li><strong>Puissance de la machine<\/strong>: 3000W<\/li>\n<li><strong>Longueur d&#039;onde<\/strong>: 1064 nm, 532 nm, 755 nm<\/li>\n<li><strong>Facule<\/strong>: 3000W<\/li>\n<li><strong>Circuit de refroidissement<\/strong>:Refroidissement par air + refroidissement par eau + radiateur<\/li>\n<li><strong>Fr\u00e9quence de sortie du laser<\/strong>:1-10 Hz (r\u00e9glable)<\/li>\n<li><strong>Tension<\/strong>: 110-240 V\/50-60 Hz<\/li>\n<li><strong>Taille<\/strong>: 57x36x42CM<\/li>\n<li><strong>Poids<\/strong>: 32,95 kg<\/li>\n<\/ul>\n<h3>Principe<\/h3>\n<p>L&#039; <strong>Machine de d\u00e9tatouage au laser picoseconde<\/strong> Le laser fonctionne avec des dur\u00e9es d&#039;impulsion ultra-courtes, nettement plus rapides que les lasers conventionnels pour l&#039;\u00e9limination des tatouages. Cette vitesse rapide g\u00e9n\u00e8re instantan\u00e9ment un pic d&#039;\u00e9nergie plus \u00e9lev\u00e9, \u00e9liminant efficacement les particules de pigments via \u00ab l&#039;effet photoshock \u00bb. La largeur d&#039;impulsion ultra-courte garantit une conversion de chaleur minimale, r\u00e9duisant les dommages aux tissus environnants, raccourcissant les p\u00e9riodes de r\u00e9cup\u00e9ration, \u00e9vitant les effets secondaires comme l&#039;anti-noir et r\u00e9duisant le nombre de traitements n\u00e9cessaires. De plus, la sonde de focalisation holographique unique amplifie l&#039;\u00e9nergie 22 fois, am\u00e9liorant la dissolution des pigments.<\/p>\n<p><img loading=\"lazy\" decoding=\"async\" class=\"aligncenter wp-image-2823\" title=\"\u00c9limination des tatouages au laser picoseconde\" src=\"https:\/\/skbty.com\/wp-content\/uploads\/2024\/01\/WX20240619-1530052x-832x1024.jpg\" alt=\" machine de d\u00e9tatouage au laser picoseconde\" width=\"500\" height=\"615\" data-wp-pid=\"2823\" srcset=\"https:\/\/skbty.com\/wp-content\/uploads\/2024\/01\/WX20240619-1530052x-832x1024.jpg 832w, https:\/\/skbty.com\/wp-content\/uploads\/2024\/01\/WX20240619-1530052x-244x300.jpg 244w, https:\/\/skbty.com\/wp-content\/uploads\/2024\/01\/WX20240619-1530052x-768x945.jpg 768w, https:\/\/skbty.com\/wp-content\/uploads\/2024\/01\/WX20240619-1530052x-600x738.jpg 600w, https:\/\/skbty.com\/wp-content\/uploads\/2024\/01\/WX20240619-1530052x.jpg 1110w\" sizes=\"auto, (max-width: 500px) 100vw, 500px\" \/><\/p>\n<h3>Caract\u00e9ristiques et avantages<\/h3>\n<ol>\n<li><strong>Dur\u00e9e d&#039;impulsion ultra-courte<\/strong>:Avec des temps d\u2019impulsion aussi courts que 375 \u00e0 450 picosecondes, la machine \u00e9limine les particules de pigments plus efficacement.<\/li>\n<li><strong>Pic d&#039;\u00e9nergie \u00e9lev\u00e9<\/strong>:G\u00e9n\u00e8re instantan\u00e9ment des pics d\u2019\u00e9nergie plus \u00e9lev\u00e9s pour une \u00e9limination plus propre des pigments.<\/li>\n<li><strong>L\u00e9sions tissulaires minimales<\/strong>:La largeur d\u2019impulsion ultra-courte minimise la conversion de chaleur, r\u00e9duisant ainsi les dommages aux tissus environnants.<\/li>\n<li><strong>P\u00e9riode de r\u00e9cup\u00e9ration raccourcie<\/strong>:R\u00e9cup\u00e9ration postop\u00e9ratoire plus rapide avec moins d\u2019effets secondaires.<\/li>\n<li><strong>S\u00e9ances de traitement r\u00e9duites<\/strong>:Moins de s\u00e9ances n\u00e9cessaires gr\u00e2ce \u00e0 la dissolution efficace des pigments.<\/li>\n<li><strong>Dissolution am\u00e9lior\u00e9e des pigments<\/strong>:La sonde de focalisation holographique unique amplifie l&#039;\u00e9nergie jusqu&#039;\u00e0 22 fois pour une meilleure \u00e9limination des pigments.<\/li>\n<\/ol>\n<h3>Applications<\/h3>\n<ul>\n<li><strong>Suppression de tatouage<\/strong>:\u00c9limine efficacement les tatouages de diff\u00e9rentes couleurs et profondeurs.<\/li>\n<li><strong>\u00c9limination des pigments<\/strong>:Dissout les pigments ind\u00e9sirables de la peau.<\/li>\n<li><strong>Rajeunissement de la peau<\/strong>: Am\u00e9liore la texture et l\u2019apparence g\u00e9n\u00e9rale de la peau.<\/li>\n<\/ul>\n<\/div>\n<\/div>\n<\/div>\n<div class=\"J_module\">\n<div class=\"icbu-pc-detailManyImage magic-13\">\n<h3>Fonctions<\/h3>\n<ol>\n<li>Enlever les taches<\/li>\n<li>Suppression de tatouage<\/li>\n<li>Traitement des cicatrices l\u00e9g\u00e8res<\/li>\n<li>\u00c9pilation<\/li>\n<li>Rajeunissement de la peau<\/li>\n<\/ol>\n<div>\n<p><img loading=\"lazy\" decoding=\"async\" class=\"aligncenter wp-image-2824\" title=\"\u00c9limination des tatouages au laser picoseconde\" src=\"https:\/\/skbty.com\/wp-content\/uploads\/2024\/01\/WX20240619-1531072x-764x1024.jpg\" alt=\" machine de d\u00e9tatouage au laser picoseconde\" width=\"450\" height=\"603\" data-wp-pid=\"2824\" srcset=\"https:\/\/skbty.com\/wp-content\/uploads\/2024\/01\/WX20240619-1531072x-764x1024.jpg 764w, https:\/\/skbty.com\/wp-content\/uploads\/2024\/01\/WX20240619-1531072x-224x300.jpg 224w, https:\/\/skbty.com\/wp-content\/uploads\/2024\/01\/WX20240619-1531072x-768x1029.jpg 768w, https:\/\/skbty.com\/wp-content\/uploads\/2024\/01\/WX20240619-1531072x-600x804.jpg 600w, https:\/\/skbty.com\/wp-content\/uploads\/2024\/01\/WX20240619-1531072x.jpg 1118w\" sizes=\"auto, (max-width: 450px) 100vw, 450px\" \/><\/p>\n<\/div>\n<div class=\"magic-16\"><\/div>\n<div class=\"magic-16\">\n<h3><strong>Personnaliser Le Logo<\/strong><\/h3>\n<p>Vous voulez faire de votre marque de se d\u00e9marquer? Nous vous proposons logo personnalis\u00e9 de services pour vous aider \u00e0 cr\u00e9er un unique et personnalis\u00e9e de logo, qui refl\u00e8te l&#039;identit\u00e9 de votre marque. Notre \u00e9quipe d&#039;experts travaillera en \u00e9troite collaboration avec vous pour concevoir un logo qui r\u00e9sonne avec les valeurs de votre marque et de messagerie. Si vous \u00eates \u00e0 la recherche de r\u00e9organiser votre logo existant ou en cr\u00e9er un nouveau \u00e0 partir de z\u00e9ro, nous vous avons avons couvert. <a href=\"\/fr\/contact\/\">Contactez-nous<\/a> aujourd&#039;hui pour en savoir plus sur notre logo personnalis\u00e9 de services!<\/p>\n<\/div>\n<div class=\"magic-16\"><\/div>\n<\/div>\n<\/div>","protected":false},"excerpt":{"rendered":"<p><span class=\"magic-7\" style=\"font-family: Arial;\">Il a un temps d&#039;impulsion ultra-court (aussi court que 375-450 picosecondes), ce qui est plus rapide que les picosecondes du PICOSURE Honeycomb, d&#039;o\u00f9 son nom. En raison de la vitesse rapide, le pic d&#039;\u00e9nergie qui peut \u00eatre g\u00e9n\u00e9r\u00e9 instantan\u00e9ment est plus grand et les particules de pigment peuvent \u00eatre \u00e9limin\u00e9es plus proprement gr\u00e2ce \u00e0 \u00ab l&#039;effet photoshock \u00bb. Dans le m\u00eame temps, en raison de la largeur d&#039;impulsion ultra-courte, l&#039;\u00e9nergie lumineuse est trop tardive pour \u00eatre convertie en trop d&#039;\u00e9nergie thermique, de sorte que les dommages aux tissus environnants sont moindres, la p\u00e9riode de r\u00e9cup\u00e9ration postop\u00e9ratoire peut \u00eatre consid\u00e9rablement raccourcie, les effets secondaires tels que l&#039;anti-noirceur peuvent \u00eatre \u00e9vit\u00e9s et le nombre de traitements peut \u00eatre r\u00e9duit. De plus, sa sonde de focalisation holographique unique peut amplifier l&#039;\u00e9nergie jusqu&#039;\u00e0 22 fois et la dissolution du pigment est meilleure.<\/span><\/p>","protected":false},"featured_media":2537,"comment_status":"open","ping_status":"closed","template":"","meta":{"_kad_post_transparent":"default","_kad_post_title":"","_kad_post_layout":"default","_kad_post_sidebar_id":"","_kad_post_content_style":"default","_kad_post_vertical_padding":"default","_kad_post_feature":"","_kad_post_feature_position":"","_kad_post_header":false,"_kad_post_footer":false,"_kad_post_classname":"","rank_math_title":"","rank_math_description":"","rank_math_focus_keyword":""},"product_brand":[],"product_cat":[29],"product_tag":[],"class_list":{"0":"post-2535","1":"product","2":"type-product","3":"status-publish","4":"has-post-thumbnail","6":"product_cat-pico-laser","8":"first","9":"instock","10":"shipping-taxable","11":"product-type-simple","12":"entry","13":"content-bg","14":"loop-entry"},"_links":{"self":[{"href":"https:\/\/skbty.com\/fr\/wp-json\/wp\/v2\/product\/2535","targetHints":{"allow":["GET"]}}],"collection":[{"href":"https:\/\/skbty.com\/fr\/wp-json\/wp\/v2\/product"}],"about":[{"href":"https:\/\/skbty.com\/fr\/wp-json\/wp\/v2\/types\/product"}],"replies":[{"embeddable":true,"href":"https:\/\/skbty.com\/fr\/wp-json\/wp\/v2\/comments?post=2535"}],"wp:featuredmedia":[{"embeddable":true,"href":"https:\/\/skbty.com\/fr\/wp-json\/wp\/v2\/media\/2537"}],"wp:attachment":[{"href":"https:\/\/skbty.com\/fr\/wp-json\/wp\/v2\/media?parent=2535"}],"wp:term":[{"taxonomy":"product_brand","embeddable":true,"href":"https:\/\/skbty.com\/fr\/wp-json\/wp\/v2\/product_brand?post=2535"},{"taxonomy":"product_cat","embeddable":true,"href":"https:\/\/skbty.com\/fr\/wp-json\/wp\/v2\/product_cat?post=2535"},{"taxonomy":"product_tag","embeddable":true,"href":"https:\/\/skbty.com\/fr\/wp-json\/wp\/v2\/product_tag?post=2535"}],"curies":[{"name":"Wp wp","href":"https:\/\/api.w.org\/{rel}","templated":true}]}}