{"id":2544,"date":"2024-01-15T18:16:12","date_gmt":"2024-01-15T10:16:12","guid":{"rendered":"https:\/\/skbty.com\/?post_type=product&#038;p=2544"},"modified":"2025-01-17T18:54:54","modified_gmt":"2025-01-17T10:54:54","slug":"machine-de-soin-anti-age-du-visage-emrf-2","status":"publish","type":"product","link":"https:\/\/skbty.com\/fr\/produit\/machine-de-soin-anti-age-du-visage-emrf-2\/","title":{"rendered":"Appareil de soin anti-\u00e2ge pour le visage EMRF"},"content":{"rendered":"<div class=\"J_module\">\n<div class=\"detail-decorate-json-renderer-container\">\n<div class=\"magic-2\">\n<h3>Qu&#039;est-ce que le <strong>Machine de soin anti-\u00e2ge du visage EMRF ?<\/strong><\/h3>\n<p><strong>Appareil de soin anti-\u00e2ge pour le visage EMRF<\/strong> est un appareil non invasif con\u00e7u pour rajeunir et restaurer la peau du visage. Utilisant une stimulation \u00e9lectromagn\u00e9tique faciale de haute intensit\u00e9 (HIFES) combin\u00e9e \u00e0 la technologie de radiofr\u00e9quence monopolaire (RF), il induit une contraction et une traction musculaires continues. Cela am\u00e9liore la force musculaire et la tension au repos, restaure le soutien des tissus faciaux et am\u00e9liore le remodelage du collag\u00e8ne, de l&#039;\u00e9lastine et du tissu conjonctif. Le r\u00e9sultat est une apparence plus jeune, plus forte, plus saine et plus tonique.<\/p>\n<h3><img loading=\"lazy\" decoding=\"async\" class=\"magic-14 aligncenter\" title=\"Appareil de soin anti-\u00e2ge pour le visage EMRF\" src=\"https:\/\/sc04.alicdn.com\/kf\/H9458ad9c73274d3f9680907d1ab57276x\/247315878\/H9458ad9c73274d3f9680907d1ab57276x.png\" alt=\"Appareil de soin anti-\u00e2ge pour le visage EMRF\" width=\"532\" height=\"485\" data-src=\"\/\/sc04.alicdn.com\/kf\/H9458ad9c73274d3f9680907d1ab57276x\/247315878\/H9458ad9c73274d3f9680907d1ab57276x.png\" \/><\/h3>\n<h3>Caract\u00e9ristiques<\/h3>\n<ul>\n<li><strong>Nom<\/strong>: Appareil de soin anti-\u00e2ge pour le visage EMRF<\/li>\n<li><strong>Technologie<\/strong>:Stimulation \u00e9lectromagn\u00e9tique faciale de haute intensit\u00e9 + Radiofr\u00e9quence monopolaire<\/li>\n<li><strong>\u00c9cran tactile<\/strong>: 15 pouces<\/li>\n<li><strong>Fr\u00e9quence RF<\/strong>: 1-4 MHz<\/li>\n<li><strong>Service OEM<\/strong>: OEM\/ODM\/Service en ligne 24 heures sur 24<\/li>\n<li><strong>Tension d&#039;alimentation<\/strong>:CA 100V~240V, 50Hz-60Hz<\/li>\n<li><strong>Pouvoir<\/strong>: 100-200 W<\/li>\n<li><strong>Taille de la bo\u00eete \u00e0 air<\/strong>: 40\u00d743\u00d750cm<\/li>\n<li><strong>Poids brut<\/strong>: 15kg<\/li>\n<\/ul>\n<h3>Principe de fonctionnement<\/h3>\n<p>L&#039; <strong>EMRF<\/strong> La machine utilise une stimulation \u00e9lectromagn\u00e9tique faciale \u00e0 haute intensit\u00e9 (HIFES) et une \u00e9nergie RF d\u00e9livr\u00e9e via un patch de t\u00eate de traitement. Cette combinaison d\u00e9clenche des contractions et des tractions musculaires rythmiques, am\u00e9liorant ainsi la force et la tension musculaires. L&#039;\u00e9nergie RF chauffe uniform\u00e9ment le derme, stimulant la production de collag\u00e8ne et d&#039;\u00e9lastine. Ce processus am\u00e9liore et raffermit les contours du visage, fa\u00e7onne le visage et am\u00e9liore la texture de la peau, ce qui donne une apparence plus claire, plus d\u00e9finie et revitalis\u00e9e.<\/p>\n<h3>Avantages<\/h3>\n<ol>\n<li><strong>Non invasif<\/strong>:Traitement indolore ne n\u00e9cessitant aucune anesth\u00e9sie.<\/li>\n<li><strong>Haute efficacit\u00e9<\/strong>:Combine une stimulation \u00e9lectromagn\u00e9tique faciale de haute intensit\u00e9 avec une RF synchrone pour un traitement efficace de la peau et des muscles du visage.<\/li>\n<li><strong>Fonctionnement mains libres<\/strong>:Facile \u00e0 utiliser, aucune op\u00e9ration manuelle requise.<\/li>\n<li><strong>Traitement rapide<\/strong>:Une seule s\u00e9ance de 20 minutes suffit pour un soin complet du visage.<\/li>\n<li><strong>Anti-\u00e2ge efficace<\/strong>: Lifte le visage, r\u00e9duit les ridules et les rides.<\/li>\n<li><strong>Exp\u00e9rience confortable<\/strong>:Sensation similaire \u00e0 un massage facial aux pierres chaudes, sans effets secondaires.<\/li>\n<li><strong>Pas d&#039;aiguilles ni de chirurgie<\/strong>:Une alternative avantageuse aux traitements invasifs.<\/li>\n<\/ol>\n<h3>Fonctions principales<\/h3>\n<ol>\n<li><strong>Lisser les rides du front<\/strong>:R\u00e9duit l&#039;apparence des rides du front.<\/li>\n<li><strong>\u00c9l\u00e9vateur de pommes<\/strong>:Soul\u00e8ve et raffermit les muscles des joues.<\/li>\n<li><strong>Anti-\u00e2ge<\/strong>:Combat les signes du vieillissement pour une apparence plus jeune.<\/li>\n<li><strong>R\u00e9duire les rides<\/strong>:Minimise les rides et les ridules.<\/li>\n<li><strong>Sculpter la m\u00e2choire<\/strong>:Am\u00e9liore et d\u00e9finit la m\u00e2choire.<\/li>\n<li><strong>Augmenter le tonus musculaire<\/strong>:Tonifie et raffermit les muscles du visage.<\/li>\n<li><strong>Am\u00e9liorer l&#039;\u00e9lasticit\u00e9 de la peau<\/strong>: Am\u00e9liore l\u2019\u00e9lasticit\u00e9 de la peau pour une apparence plus ferme.<\/li>\n<\/ol>\n<h3><img loading=\"lazy\" decoding=\"async\" class=\"magic-20 aligncenter\" title=\"Appareil de soin anti-\u00e2ge pour le visage EMRF\" src=\"https:\/\/sc04.alicdn.com\/kf\/H946fa0ed6edb44d3aee508e9e598902dU\/247315878\/H946fa0ed6edb44d3aee508e9e598902dU.png\" alt=\"Appareil de soin anti-\u00e2ge pour le visage EMRF\" width=\"603\" height=\"492\" data-src=\"\/\/sc04.alicdn.com\/kf\/H946fa0ed6edb44d3aee508e9e598902dU\/247315878\/H946fa0ed6edb44d3aee508e9e598902dU.png\" \/><\/h3>\n<h3>Avantages du traitement EMRF<\/h3>\n<p>L&#039;EMRF offre de nombreux avantages gr\u00e2ce aux soins du visage non invasifs, notamment :<\/p>\n<ul>\n<li><strong>Lifting du visage<\/strong>:Soul\u00e8ve et raffermit la peau du visage.<\/li>\n<li><strong>R\u00e9duction des rides<\/strong>:Minimise les ridules et les rides.<\/li>\n<li><strong>Stimulation du collag\u00e8ne et de l&#039;\u00e9lastine<\/strong>:Augmente la production de collag\u00e8ne et d\u2019\u00e9lastine.<\/li>\n<li><strong>Am\u00e9lioration du tonus musculaire<\/strong>: Am\u00e9liore le tonus musculaire et la puissance de levage.<\/li>\n<li><strong>Apparence am\u00e9lior\u00e9e<\/strong>: Am\u00e9liore l\u2019apparence g\u00e9n\u00e9rale du visage.<\/li>\n<li><strong>Teint uniforme<\/strong>: Fournit un teint plus uniforme.<\/li>\n<li><strong>Look jeune<\/strong>:Offre une apparence naturellement jeune.<\/li>\n<li><strong>R\u00e9sultats naturels<\/strong>: Assure des r\u00e9sultats qui semblent naturels.<\/li>\n<\/ul>\n<h3>Effets<\/h3>\n<p>L&#039;EMRF am\u00e9liore consid\u00e9rablement le tonus musculaire du visage, la fermet\u00e9 et l&#039;\u00e9lasticit\u00e9 de la peau, offrant ainsi une apparence jeune et rajeunie. Il r\u00e9duit efficacement les rides, lifte le visage et am\u00e9liore la texture de la peau, ce qui en fait une solution id\u00e9ale pour les soins du visage anti-\u00e2ge.<\/p>\n<\/div>\n<\/div>\n<\/div>\n<div class=\"J_module\">\n<div class=\"icbu-pc-images magic-12\">\n<div>\n<div class=\"flex-layout-v\">\n<div class=\"flex-layout-h magic-12\">\n<div class=\"magic-29\"><img loading=\"lazy\" decoding=\"async\" class=\"magic-30 aligncenter\" title=\"Appareil de soin anti-\u00e2ge pour le visage EMRF\" src=\"https:\/\/sc04.alicdn.com\/kf\/H7da226aae95c42ebad319912f98c54bfM\/247315878\/H7da226aae95c42ebad319912f98c54bfM.png\" alt=\"Appareil de soin anti-\u00e2ge pour le visage EMRF\" width=\"572\" height=\"395\" data-src=\"\/\/sc04.alicdn.com\/kf\/H7da226aae95c42ebad319912f98c54bfM\/247315878\/H7da226aae95c42ebad319912f98c54bfM.png\" \/><\/div>\n<\/div>\n<\/div>\n<\/div>\n<\/div>\n<\/div>\n<div class=\"J_module\">\n<div class=\"detail-decorate-json-renderer-container\">\n<div class=\"magic-2\"><\/div>\n<\/div>\n<\/div>\n<div class=\"J_module\">\n<div class=\"icbu-pc-images magic-12\">\n<div class=\"flex-layout-v\">\n<div class=\"flex-layout-h magic-12\">\n<div class=\"magic-31\"><\/div>\n<\/div>\n<\/div>\n<\/div>\n<\/div>\n<div class=\"J_module\">\n<div id=\"ali-anchor-AliMagic-eac4ep\" class=\"magic-1\" data-section=\"AliMagic-eac4ep\" data-section-title=\"About Us\">\n<h3><strong>Personnaliser Le Logo<\/strong><\/h3>\n<p>Vous voulez faire de votre marque de se d\u00e9marquer? Nous vous proposons logo personnalis\u00e9 de services pour vous aider \u00e0 cr\u00e9er un unique et personnalis\u00e9e de logo, qui refl\u00e8te l&#039;identit\u00e9 de votre marque. Notre \u00e9quipe d&#039;experts travaillera en \u00e9troite collaboration avec vous pour concevoir un logo qui r\u00e9sonne avec les valeurs de votre marque et de messagerie. Si vous \u00eates \u00e0 la recherche de r\u00e9organiser votre logo existant ou en cr\u00e9er un nouveau \u00e0 partir de z\u00e9ro, nous vous avons avons couvert. <a href=\"\/fr\/contact\/\">Contactez-nous<\/a> aujourd&#039;hui pour en savoir plus sur notre logo personnalis\u00e9 de services!<\/p>\n<\/div>\n<\/div>","protected":false},"excerpt":{"rendered":"<p><span class=\"magic-8\" style=\"font-family: Arial;\">EMRF est une machine de soin anti-\u00e2ge faciale non invasive, qui utilise la stimulation \u00e9lectromagn\u00e9tique faciale de haute intensit\u00e9 (stimulation \u00e9lectromagn\u00e9tique faciale de haute intensit\u00e9, HIFES) + la technologie de radiofr\u00e9quence monopolaire (RF) induit une contraction et une traction continues des muscles du visage, am\u00e9liore la force musculaire et la tension au repos pour restaurer et renforcer le soutien des tissus du visage, et en m\u00eame temps augmente le remodelage du collag\u00e8ne, de l&#039;\u00e9lastine et du tissu conjonctif, am\u00e9liorant ainsi les probl\u00e8mes de vieillissement de la musculature faciale caus\u00e9s par la perte. R\u00e9v\u00e9lez une version plus jeune, plus forte, plus saine, plus tonique, plus \u00e9nergique et renouvel\u00e9e de vous-m\u00eame \u00e0 l&#039;int\u00e9rieur comme \u00e0 l&#039;ext\u00e9rieur.<\/span><\/p>","protected":false},"featured_media":2545,"comment_status":"open","ping_status":"closed","template":"","meta":{"_kad_post_transparent":"default","_kad_post_title":"","_kad_post_layout":"default","_kad_post_sidebar_id":"","_kad_post_content_style":"default","_kad_post_vertical_padding":"default","_kad_post_feature":"","_kad_post_feature_position":"","_kad_post_header":false,"_kad_post_footer":false,"_kad_post_classname":"","rank_math_title":"","rank_math_description":"","rank_math_focus_keyword":""},"product_brand":[],"product_cat":[31],"product_tag":[],"class_list":{"0":"post-2544","1":"product","2":"type-product","3":"status-publish","4":"has-post-thumbnail","6":"product_cat-body-slimming","8":"first","9":"instock","10":"shipping-taxable","11":"product-type-simple","12":"entry","13":"content-bg","14":"loop-entry"},"_links":{"self":[{"href":"https:\/\/skbty.com\/fr\/wp-json\/wp\/v2\/product\/2544","targetHints":{"allow":["GET"]}}],"collection":[{"href":"https:\/\/skbty.com\/fr\/wp-json\/wp\/v2\/product"}],"about":[{"href":"https:\/\/skbty.com\/fr\/wp-json\/wp\/v2\/types\/product"}],"replies":[{"embeddable":true,"href":"https:\/\/skbty.com\/fr\/wp-json\/wp\/v2\/comments?post=2544"}],"wp:featuredmedia":[{"embeddable":true,"href":"https:\/\/skbty.com\/fr\/wp-json\/wp\/v2\/media\/2545"}],"wp:attachment":[{"href":"https:\/\/skbty.com\/fr\/wp-json\/wp\/v2\/media?parent=2544"}],"wp:term":[{"taxonomy":"product_brand","embeddable":true,"href":"https:\/\/skbty.com\/fr\/wp-json\/wp\/v2\/product_brand?post=2544"},{"taxonomy":"product_cat","embeddable":true,"href":"https:\/\/skbty.com\/fr\/wp-json\/wp\/v2\/product_cat?post=2544"},{"taxonomy":"product_tag","embeddable":true,"href":"https:\/\/skbty.com\/fr\/wp-json\/wp\/v2\/product_tag?post=2544"}],"curies":[{"name":"Wp wp","href":"https:\/\/api.w.org\/{rel}","templated":true}]}}