{"id":2568,"date":"2024-01-15T19:06:08","date_gmt":"2024-01-15T11:06:08","guid":{"rendered":"https:\/\/skbty.com\/?post_type=product&#038;p=2568"},"modified":"2024-06-18T18:15:29","modified_gmt":"2024-06-18T10:15:29","slug":"appareil-de-soin-du-visage-a-luminotherapie-led-7-couleurs","status":"publish","type":"product","link":"https:\/\/skbty.com\/fr\/produit\/appareil-de-soin-du-visage-a-luminotherapie-led-7-couleurs\/","title":{"rendered":"Appareil de soin du visage \u00e0 lumi\u00e8re LED 7 couleurs"},"content":{"rendered":"<div class=\"J_module\">\n<div class=\"icbu-pc-images magic-1\">\n<div class=\"flex-layout-v\">\n<div class=\"flex-layout-h magic-1\">\n<div>\n<h3>Qu&#039;est-ce que le <strong>Appareil de luminoth\u00e9rapie LED ?<\/strong><\/h3>\n<p><strong>Appareil de luminoth\u00e9rapie \u00e0 LED<\/strong> utilise l&#039;\u00e9nergie radiante pour am\u00e9liorer la sant\u00e9 de la peau. Se d\u00e9pla\u00e7ant \u00e0 une vitesse de 3,0 \u00d7 10^8 m\/s, la lumi\u00e8re fonctionne \u00e0 la fois comme une onde \u00e9lectromagn\u00e9tique et un flux de particules, constituant le fondement de la th\u00e9orie de la lumi\u00e8re quantique. Cette double nature permet \u00e0 diff\u00e9rents rayons lumineux de provoquer des r\u00e9actions photochimiques, constituant la base th\u00e9orique de la m\u00e9decine de phototh\u00e9rapie.<\/p>\n<table style=\"border-collapse: collapse; width: 100%;\">\n<tbody>\n<tr>\n<td style=\"width: 50%;\"><img loading=\"lazy\" decoding=\"async\" class=\"magic-3 aligncenter\" title=\"Appareil de luminoth\u00e9rapie \u00e0 LED\" src=\"https:\/\/sc04.alicdn.com\/kf\/H5acfccd2a6fd440d8ad528534c2b0c0bP\/247315878\/H5acfccd2a6fd440d8ad528534c2b0c0bP.png\" alt=\"Appareil de luminoth\u00e9rapie \u00e0 LED\" width=\"383\" height=\"581\" data-src=\"\/\/sc04.alicdn.com\/kf\/H5acfccd2a6fd440d8ad528534c2b0c0bP\/247315878\/H5acfccd2a6fd440d8ad528534c2b0c0bP.png\" \/><\/td>\n<td style=\"width: 50%;\"><img loading=\"lazy\" decoding=\"async\" class=\"magic-15 aligncenter\" title=\"Appareil de luminoth\u00e9rapie \u00e0 LED\" src=\"https:\/\/sc04.alicdn.com\/kf\/H8a881e933cf94cf98b754dc536f9f9bco\/247315878\/H8a881e933cf94cf98b754dc536f9f9bco.jpg\" alt=\"Appareil de luminoth\u00e9rapie \u00e0 LED\" width=\"362\" height=\"582\" data-src=\"\/\/sc04.alicdn.com\/kf\/H8a881e933cf94cf98b754dc536f9f9bco\/247315878\/H8a881e933cf94cf98b754dc536f9f9bco.jpg\" \/><\/td>\n<\/tr>\n<\/tbody>\n<\/table>\n<h3>Caract\u00e9ristiques<\/h3>\n<ul>\n<li><strong>Nom<\/strong>: Appareil de luminoth\u00e9rapie \u00e0 LED<\/li>\n<li><strong>Dimensions<\/strong>: 37<em>14.5<\/em>25 cm<\/li>\n<li><strong>Poids<\/strong>: 4kg<\/li>\n<li><strong>Service OEM<\/strong>: Soutien<\/li>\n<li><strong>Technologie<\/strong>:Lumi\u00e8re LED PDT + Photon<\/li>\n<li><strong>Couleur LED<\/strong>: 7 couleurs, 7 fonctions<\/li>\n<li><strong>Tension<\/strong>: 110-220V<\/li>\n<li><strong>Accessoires<\/strong>:Moteur principal, manuel, cordon d&#039;alimentation, lunettes de protection<\/li>\n<\/ul>\n<h3>Principe de fonctionnement<\/h3>\n<p>La th\u00e9rapie photodynamique (PDT) est bas\u00e9e sur la th\u00e9orie m\u00e9dicale et utilise des sources de lumi\u00e8re LED combin\u00e9es \u00e0 des cosm\u00e9tiques ou m\u00e9dicaments photosensibles pour traiter les probl\u00e8mes de peau tels que l&#039;acn\u00e9, la rosac\u00e9e, les rougeurs, etc. La PDT est devenue une technologie cosm\u00e9tique populaire pour les soins de la peau. L&#039;\u00e9nergie photonique affecte positivement les cellules de la peau en acc\u00e9l\u00e9rant la croissance cellulaire, en favorisant la production de collag\u00e8ne et d&#039;\u00e9lastine, en am\u00e9liorant la microcirculation sanguine et en am\u00e9liorant l&#039;\u00e9tat g\u00e9n\u00e9ral de la peau. Elle traite le vieillissement, l&#039;affaissement, les ridules, les rides, les pores dilat\u00e9s, la pigmentation, les taches de rousseur, les coups de soleil, l&#039;inflammation de l&#039;acn\u00e9 et la d\u00e9pression.<\/p>\n<table style=\"border-collapse: collapse; width: 100%;\">\n<tbody>\n<tr>\n<td style=\"width: 50%;\"><img loading=\"lazy\" decoding=\"async\" class=\"magic-20 aligncenter\" title=\"Appareil de luminoth\u00e9rapie \u00e0 LED\" src=\"https:\/\/sc04.alicdn.com\/kf\/H4b47d17f3fe4487f98b941dbe02b2f1fe\/247315878\/H4b47d17f3fe4487f98b941dbe02b2f1fe.jpg\" alt=\"Appareil de luminoth\u00e9rapie \u00e0 LED\" width=\"525\" height=\"879\" data-src=\"\/\/sc04.alicdn.com\/kf\/H4b47d17f3fe4487f98b941dbe02b2f1fe\/247315878\/H4b47d17f3fe4487f98b941dbe02b2f1fe.jpg\" \/><\/td>\n<td style=\"width: 50%;\"><img loading=\"lazy\" decoding=\"async\" class=\"magic-22 aligncenter\" title=\"Appareil de luminoth\u00e9rapie \u00e0 LED\" src=\"https:\/\/sc04.alicdn.com\/kf\/H82020b3c91cf4bd1ba8afb63c15f668en\/247315878\/H82020b3c91cf4bd1ba8afb63c15f668en.jpg\" alt=\"Appareil de luminoth\u00e9rapie \u00e0 LED\" width=\"398\" height=\"1048\" data-src=\"\/\/sc04.alicdn.com\/kf\/H82020b3c91cf4bd1ba8afb63c15f668en\/247315878\/H82020b3c91cf4bd1ba8afb63c15f668en.jpg\" \/><\/td>\n<\/tr>\n<\/tbody>\n<\/table>\n<h3>Fonctions<\/h3>\n<ul>\n<li><strong>Feu rouge<\/strong>:Blanchit, renouvelle la peau, am\u00e9liore les pores grossiers, traite la dilatation microvasculaire.<\/li>\n<li><strong>Lumi\u00e8re bleue<\/strong>:Traite l&#039;acn\u00e9, r\u00e9duit l&#039;activit\u00e9 du s\u00e9bum, \u00e9limine les bact\u00e9ries de l&#039;acn\u00e9, am\u00e9liore la peau grasse.<\/li>\n<li><strong>Feu vert<\/strong>: Apaise les peaux sensibles.<\/li>\n<li><strong>Lumi\u00e8re jaune<\/strong>:R\u00e9duit les taches de rousseur, am\u00e9liore les rougeurs de la peau, l&#039;\u00e9ryth\u00e8me, la pigmentation.<\/li>\n<li><strong>Lumi\u00e8re cyan<\/strong>:\u00c9quilibre la s\u00e9cr\u00e9tion, stabilise la peau, contr\u00f4le la graisse.<\/li>\n<li><strong>Lumi\u00e8re violette<\/strong>:Traite l&#039;acn\u00e9 et les marques d&#039;acn\u00e9.<\/li>\n<li><strong>Lumi\u00e8re cyclique<\/strong>:Parcourt sept couleurs pour le rajeunissement de la peau et une r\u00e9paration en profondeur.<\/li>\n<\/ul>\n<h3>Applications<\/h3>\n<ol>\n<li><strong>Lisse les ridules et les rides<\/strong>:R\u00e9duit l&#039;apparence des ridules et des rides.<\/li>\n<li><strong>R\u00e9duit l&#039;inflammation<\/strong>:Soulage l\u2019inflammation cutan\u00e9e.<\/li>\n<li><strong>Am\u00e9liore les cicatrices d&#039;acn\u00e9<\/strong>: Am\u00e9liore l&#039;apparence des cicatrices d&#039;acn\u00e9.<\/li>\n<li><strong>Pr\u00e9vient les \u00e9ruptions cutan\u00e9es<\/strong>:Tue les bact\u00e9ries responsables de l\u2019acn\u00e9.<\/li>\n<li><strong>Favorise la circulation sanguine<\/strong>: Am\u00e9liore la circulation sanguine g\u00e9n\u00e9rale.<\/li>\n<li><strong>Stimule la production de collag\u00e8ne<\/strong>:Stimule la production de collag\u00e8ne pour une peau plus ferme.<\/li>\n<li><strong>\u00c9claircit la peau<\/strong>: Am\u00e9liore l\u2019\u00e9clat et la clart\u00e9 de la peau.<\/li>\n<\/ol>\n<h3><img loading=\"lazy\" decoding=\"async\" class=\"magic-13 aligncenter\" title=\"Appareil de luminoth\u00e9rapie \u00e0 LED\" src=\"https:\/\/sc04.alicdn.com\/kf\/H60c223b12b0c44d9bf46cf46857a8920m\/247315878\/H60c223b12b0c44d9bf46cf46857a8920m.jpg\" alt=\"Appareil de luminoth\u00e9rapie \u00e0 LED\" width=\"482\" height=\"624\" data-src=\"\/\/sc04.alicdn.com\/kf\/H60c223b12b0c44d9bf46cf46857a8920m\/247315878\/H60c223b12b0c44d9bf46cf46857a8920m.jpg\" \/><\/h3>\n<h3>Caract\u00e9ristiques<\/h3>\n<ol>\n<li><strong>Spectrom\u00e8tre de beaut\u00e9 couleur PDT<\/strong>: Concentration de l&#039;\u00e9nergie lumineuse avec temp\u00e9rature r\u00e9glable et exp\u00e9rience d&#039;\u00e9clairage compl\u00e8te. Aucun contact direct avec la peau, garantissant une utilisation confortable.<\/li>\n<li><strong>Lampes de beaut\u00e9 \u00e0 LED<\/strong>:Blanchit, raffermit et rajeunit la peau gr\u00e2ce \u00e0 225 sources de lumi\u00e8re LED et une conception grand angle pour une plage d&#039;exposition \u00e9tendue.<\/li>\n<li><strong>Conception conviviale<\/strong>:Conception de bouton simple, \u00e9tanche et facile \u00e0 utiliser.<\/li>\n<\/ol>\n<\/div>\n<\/div>\n<\/div>\n<\/div>\n<\/div>\n<div class=\"J_module\">\n<div class=\"detail-decorate-json-renderer-container\">\n<div class=\"magic-4\"><\/div>\n<\/div>\n<\/div>\n<div class=\"J_module\">\n<div class=\"detail-decorate-json-renderer-container\">\n<div class=\"magic-4\">\n<div class=\"magic-5\"><\/div>\n<\/div>\n<\/div>\n<\/div>\n<div class=\"J_module\">\n<div class=\"icbu-pc-images magic-1\">\n<div class=\"flex-layout-v\">\n<div class=\"flex-layout-h magic-1\">\n<div class=\"magic-24\">\n<table style=\"border-collapse: collapse; width: 100%;\">\n<tbody>\n<tr>\n<td style=\"width: 50%;\"><img loading=\"lazy\" decoding=\"async\" class=\"magic-25 aligncenter\" title=\"Appareil de luminoth\u00e9rapie \u00e0 LED\" src=\"https:\/\/sc04.alicdn.com\/kf\/Hd0774beaad504c64b1d4e8a707a2e5cdJ\/247315878\/Hd0774beaad504c64b1d4e8a707a2e5cdJ.jpg\" alt=\"Appareil de luminoth\u00e9rapie \u00e0 LED\" width=\"347\" height=\"481\" data-src=\"\/\/sc04.alicdn.com\/kf\/Hd0774beaad504c64b1d4e8a707a2e5cdJ\/247315878\/Hd0774beaad504c64b1d4e8a707a2e5cdJ.jpg\" \/><\/td>\n<td style=\"width: 50%;\"><img loading=\"lazy\" decoding=\"async\" class=\"magic-27 aligncenter\" title=\"Appareil de luminoth\u00e9rapie \u00e0 LED\" src=\"https:\/\/sc04.alicdn.com\/kf\/H629576496e5942e9a701c8dff5338865O\/247315878\/H629576496e5942e9a701c8dff5338865O.jpg\" alt=\"Appareil de luminoth\u00e9rapie \u00e0 LED\" width=\"433\" height=\"489\" data-src=\"\/\/sc04.alicdn.com\/kf\/H629576496e5942e9a701c8dff5338865O\/247315878\/H629576496e5942e9a701c8dff5338865O.jpg\" \/><\/td>\n<\/tr>\n<\/tbody>\n<\/table>\n<\/div>\n<\/div>\n<\/div>\n<\/div>\n<\/div>\n<div class=\"J_module\">\n<div class=\"icbu-pc-images magic-1\">\n<div class=\"flex-layout-v\">\n<div class=\"magic-26\">\n<h3><strong>Personnaliser Le Logo<\/strong><\/h3>\n<p>Vous voulez faire de votre marque de se d\u00e9marquer? Nous vous proposons logo personnalis\u00e9 de services pour vous aider \u00e0 cr\u00e9er un unique et personnalis\u00e9e de logo, qui refl\u00e8te l&#039;identit\u00e9 de votre marque. Notre \u00e9quipe d&#039;experts travaillera en \u00e9troite collaboration avec vous pour concevoir un logo qui r\u00e9sonne avec les valeurs de votre marque et de messagerie. Si vous \u00eates \u00e0 la recherche de r\u00e9organiser votre logo existant ou en cr\u00e9er un nouveau \u00e0 partir de z\u00e9ro, nous vous avons avons couvert. <a href=\"\/fr\/contact\/\">Contactez-nous<\/a> aujourd&#039;hui pour en savoir plus sur notre logo personnalis\u00e9 de services!<\/p>\n<p style=\"text-align: center;\">\n<\/div>\n<\/div>\n<\/div>\n<\/div>","protected":false},"excerpt":{"rendered":"<p><span class=\"magic-8\" style=\"font-family: Arial;\">La lumi\u00e8re est une forme d&#039;\u00e9nergie rayonnante qui se d\u00e9place en ligne droite dans le vide \u00e0 une vitesse de 3,0 \u00d7 10 ^ m\/s. On pense que la lumi\u00e8re est \u00e0 la fois une onde \u00e9lectromagn\u00e9tique et un flux de particules. Cette compr\u00e9hension de la dualit\u00e9 onde-particule de la lumi\u00e8re est le fondement de la th\u00e9orie quantique de la lumi\u00e8re. La th\u00e9orie quantique de la lumi\u00e8re soutient qu&#039;en raison des diff\u00e9rentes \u00e9nergies du quantum de lumi\u00e8re, diff\u00e9rents rayons lumineux peuvent provoquer des r\u00e9actions photochimiques. L&#039;effet photo\u00e9lectrique. Le frottement fluorescent. L&#039;effet de perforation et l&#039;effet thermique. Ces effets deviennent la base th\u00e9orique de la m\u00e9decine de phototh\u00e9rapie.<\/span><\/p>","protected":false},"featured_media":2569,"comment_status":"open","ping_status":"closed","template":"","meta":{"_kad_post_transparent":"default","_kad_post_title":"","_kad_post_layout":"default","_kad_post_sidebar_id":"","_kad_post_content_style":"default","_kad_post_vertical_padding":"default","_kad_post_feature":"","_kad_post_feature_position":"","_kad_post_header":false,"_kad_post_footer":false,"_kad_post_classname":"","rank_math_title":"","rank_math_description":"","rank_math_focus_keyword":""},"product_brand":[],"product_cat":[33],"product_tag":[],"class_list":{"0":"post-2568","1":"product","2":"type-product","3":"status-publish","4":"has-post-thumbnail","6":"product_cat-face-care","8":"first","9":"instock","10":"shipping-taxable","11":"product-type-simple","12":"entry","13":"content-bg","14":"loop-entry"},"_links":{"self":[{"href":"https:\/\/skbty.com\/fr\/wp-json\/wp\/v2\/product\/2568","targetHints":{"allow":["GET"]}}],"collection":[{"href":"https:\/\/skbty.com\/fr\/wp-json\/wp\/v2\/product"}],"about":[{"href":"https:\/\/skbty.com\/fr\/wp-json\/wp\/v2\/types\/product"}],"replies":[{"embeddable":true,"href":"https:\/\/skbty.com\/fr\/wp-json\/wp\/v2\/comments?post=2568"}],"wp:featuredmedia":[{"embeddable":true,"href":"https:\/\/skbty.com\/fr\/wp-json\/wp\/v2\/media\/2569"}],"wp:attachment":[{"href":"https:\/\/skbty.com\/fr\/wp-json\/wp\/v2\/media?parent=2568"}],"wp:term":[{"taxonomy":"product_brand","embeddable":true,"href":"https:\/\/skbty.com\/fr\/wp-json\/wp\/v2\/product_brand?post=2568"},{"taxonomy":"product_cat","embeddable":true,"href":"https:\/\/skbty.com\/fr\/wp-json\/wp\/v2\/product_cat?post=2568"},{"taxonomy":"product_tag","embeddable":true,"href":"https:\/\/skbty.com\/fr\/wp-json\/wp\/v2\/product_tag?post=2568"}],"curies":[{"name":"Wp wp","href":"https:\/\/api.w.org\/{rel}","templated":true}]}}