{"id":2584,"date":"2024-01-15T19:20:39","date_gmt":"2024-01-15T11:20:39","guid":{"rendered":"https:\/\/skbty.com\/?post_type=product&#038;p=2584"},"modified":"2025-12-05T19:04:11","modified_gmt":"2025-12-05T11:04:11","slug":"appareil-de-beaute-a-plasma-dozone","status":"publish","type":"product","link":"https:\/\/skbty.com\/fr\/produit\/appareil-de-beaute-a-plasma-dozone\/","title":{"rendered":"Appareil de beaut\u00e9 \u00e0 plasma d&#039;ozone"},"content":{"rendered":"<div class=\"J_module\">\n<div class=\"detail-decorate-json-renderer-container\">\n<div class=\"magic-1\">\n<h3>Qu&#039;est-ce que le <strong>Machine de beaut\u00e9 au plasma d&#039;ozone ?<\/strong><\/h3>\n<p><strong>Appareil de beaut\u00e9 \u00e0 plasma d&#039;ozone<\/strong> utilise une technologie avanc\u00e9e de plasma d&#039;ozone pour am\u00e9liorer la sant\u00e9 et la beaut\u00e9 de la peau. En g\u00e9n\u00e9rant une tension \u00e0 haute fr\u00e9quence, l&#039;oxyg\u00e8ne de l&#039;air est \u00e9lectrolys\u00e9 pour produire de l&#039;ozone, qui tue efficacement les bact\u00e9ries, les champignons et les agents pathog\u00e8nes responsables de l&#039;acn\u00e9, favorise la r\u00e9g\u00e9n\u00e9ration de la peau et am\u00e9liore l&#039;\u00e9lasticit\u00e9 de la peau sans provoquer de r\u00e9sidus ni de pollution secondaire.<\/p>\n<h3><img loading=\"lazy\" decoding=\"async\" class=\"magic-10 aligncenter\" title=\"Appareil de beaut\u00e9 \u00e0 plasma d&#039;ozone\" src=\"https:\/\/sc04.alicdn.com\/kf\/Hd70375061cf243bf87c6b36a01917c3fn\/247315878\/Hd70375061cf243bf87c6b36a01917c3fn.png\" alt=\"Appareil de beaut\u00e9 \u00e0 plasma d&#039;ozone\" width=\"557\" height=\"383\" data-src=\"\/\/sc04.alicdn.com\/kf\/Hd70375061cf243bf87c6b36a01917c3fn\/247315878\/Hd70375061cf243bf87c6b36a01917c3fn.png\" \/><\/h3>\n<h3>Qu&#039;est-ce que l&#039;ozone ?<\/h3>\n<p>L&#039;ozone est g\u00e9n\u00e9r\u00e9 par \u00e9lectrolyse de l&#039;oxyg\u00e8ne de l&#039;air \u00e0 l&#039;aide d&#039;une tension \u00e0 haute fr\u00e9quence. Il agit sur les membranes cellulaires des bact\u00e9ries, endommageant leurs composants membranaires, d\u00e9truisant les lipoprot\u00e9ines et les lipopolysaccharides, entra\u00eenant la lyse et la mort des cellules. Ce processus tue les champignons bact\u00e9riens et les agents pathog\u00e8nes responsables de l&#039;acn\u00e9, inhibe l&#039;inflammation et r\u00e9duit l&#039;acn\u00e9. Apr\u00e8s st\u00e9rilisation, l&#039;ozone est r\u00e9duit en oxyg\u00e8ne, ne laissant aucun r\u00e9sidu ni pollution secondaire, contrairement \u00e0 tout syst\u00e8me chimique.<\/p>\n<h3>Caract\u00e9ristiques<\/h3>\n<ul>\n<li><strong>Nom<\/strong>:Machine de beaut\u00e9 \u00e0 plasma d&#039;ozone<\/li>\n<li><strong>Technologie<\/strong>: Plasma d&#039;ozone<\/li>\n<li><strong>Service<\/strong>:Fabricant d&#039;\u00e9quipement d&#039;origine \/ ODM<\/li>\n<li><strong>Tension<\/strong>: 100V-240V<\/li>\n<li><strong>Puissance de sortie<\/strong>: 27W<\/li>\n<li><strong>Tension de sortie r\u00e9gul\u00e9e<\/strong>: DC9V\/3A<\/li>\n<li><strong>Taille<\/strong>: 40<em>33<\/em>16 cm<\/li>\n<li><strong>Poids brut<\/strong>:Environ 2,5 kg<\/li>\n<\/ul>\n<h3>Th\u00e9orie<\/h3>\n<p><strong>Plasma<\/strong>:Le plasma est cr\u00e9\u00e9 lorsque des \u00e9lectrons libres ionisent un gaz, changeant ainsi son \u00e9tat. L&#039;\u00e9nergie appliqu\u00e9e peut \u00eatre de la chaleur, du courant alternatif, du courant continu, des radiofr\u00e9quences, etc. Dans cet appareil, le courant continu est utilis\u00e9 comme source d&#039;\u00e9nergie.<\/p>\n<p><img loading=\"lazy\" decoding=\"async\" class=\"magic-18 aligncenter\" title=\"Appareil de beaut\u00e9 \u00e0 plasma d&#039;ozone\" src=\"https:\/\/sc04.alicdn.com\/kf\/H0f2d4ca5d81b4a798968bff0808070b4z\/247315878\/H0f2d4ca5d81b4a798968bff0808070b4z.png\" alt=\"Appareil de beaut\u00e9 \u00e0 plasma d&#039;ozone\" width=\"582\" height=\"226\" data-src=\"\/\/sc04.alicdn.com\/kf\/H0f2d4ca5d81b4a798968bff0808070b4z\/247315878\/H0f2d4ca5d81b4a798968bff0808070b4z.png\" \/><\/p>\n<table style=\"border-collapse: collapse; width: 100%;\">\n<tbody>\n<tr>\n<td style=\"width: 50%;\"><img loading=\"lazy\" decoding=\"async\" class=\"magic-20 aligncenter\" title=\"Appareil de beaut\u00e9 \u00e0 plasma d&#039;ozone\" src=\"https:\/\/sc04.alicdn.com\/kf\/H15aa9e5f516449148cf30b3128840968w\/247315878\/H15aa9e5f516449148cf30b3128840968w.png\" alt=\"Appareil de beaut\u00e9 \u00e0 plasma d&#039;ozone\" width=\"370\" height=\"339\" data-src=\"\/\/sc04.alicdn.com\/kf\/H15aa9e5f516449148cf30b3128840968w\/247315878\/H15aa9e5f516449148cf30b3128840968w.png\" \/><\/td>\n<td style=\"width: 50%;\"><img loading=\"lazy\" decoding=\"async\" class=\"magic-22 aligncenter\" title=\"Appareil de beaut\u00e9 \u00e0 plasma d&#039;ozone\" src=\"https:\/\/sc04.alicdn.com\/kf\/H5117a312c5844745b951682205b242ed9\/247315878\/H5117a312c5844745b951682205b242ed9.png\" alt=\"Appareil de beaut\u00e9 \u00e0 plasma d&#039;ozone\" width=\"750\" height=\"418\" data-src=\"\/\/sc04.alicdn.com\/kf\/H5117a312c5844745b951682205b242ed9\/247315878\/H5117a312c5844745b951682205b242ed9.png\" \/><\/td>\n<\/tr>\n<\/tbody>\n<\/table>\n<h3>Caract\u00e9ristiques<\/h3>\n<ol>\n<li><strong>Application universelle<\/strong>:Peut \u00eatre utilis\u00e9 sur toutes les parties du corps.<\/li>\n<li><strong>Pas de blessures<\/strong>:Ne laisse aucune plaie sur l&#039;\u00e9piderme apr\u00e8s traitement.<\/li>\n<li><strong>R\u00e9g\u00e9n\u00e9ration de la peau<\/strong>:Favorise la r\u00e9g\u00e9n\u00e9ration cutan\u00e9e apr\u00e8s traitement.<\/li>\n<li><strong>Production de collag\u00e8ne<\/strong>:Stimule la production de nouveau collag\u00e8ne dans le derme.<\/li>\n<li><strong>Am\u00e9lioration de l&#039;\u00e9lasticit\u00e9 de la peau<\/strong>:Am\u00e9liore l\u2019\u00e9lasticit\u00e9 de la peau gr\u00e2ce \u00e0 la formation de nouveau collag\u00e8ne.<\/li>\n<li><strong>Non invasif<\/strong>:Sans douleur, sans cicatrice, sans saignement, sans plaie, non invasif, plus s\u00fbr et plus efficace.<\/li>\n<\/ol>\n<h3>Fonctions<\/h3>\n<ol>\n<li><strong>Absorption am\u00e9lior\u00e9e<\/strong>: Am\u00e9liore le taux d\u2019absorption des ingr\u00e9dients efficaces dans les produits de soins de la peau.<\/li>\n<li><strong>St\u00e9rilisation et anti-inflammatoire<\/strong>:\u00c9limine efficacement les bact\u00e9ries de l&#039;acn\u00e9 profonde de la peau, les marques d&#039;acn\u00e9 et pr\u00e9vient les r\u00e9cidives.<\/li>\n<li><strong>Acc\u00e9l\u00e8re le m\u00e9tabolisme<\/strong>:Favorise la r\u00e9g\u00e9n\u00e9ration du collag\u00e8ne et att\u00e9nue le vieillissement cutan\u00e9.<\/li>\n<li><strong>Soulage les d\u00e9mangeaisons<\/strong>:Soulage les d\u00e9mangeaisons cutan\u00e9es caus\u00e9es par les allergies et la s\u00e9cheresse.<\/li>\n<li><strong>\u00c9claircit le teint<\/strong>:Inhibe la m\u00e9lanine, \u00e9claircit le teint, affine la texture de la peau et r\u00e9tr\u00e9cit les pores.<\/li>\n<\/ol>\n<h3>Effets du plasma d&#039;ozone<\/h3>\n<ol>\n<li><strong>P\u00e9n\u00e9tration efficace<\/strong>:Active instantan\u00e9ment les cellules \u00e9pidermiques de la peau, augmentant l&#039;hydrophilie de la peau, aidant les solutions nutritives \u00e0 \u00eatre enti\u00e8rement absorb\u00e9es pour am\u00e9liorer la texture et l&#039;\u00e9clat de la peau.<\/li>\n<li><strong>Am\u00e9liore l&#039;\u00e9lasticit\u00e9 et l&#039;anti-\u00e2ge<\/strong>:\u00c9quilibre le potentiel membranaire, permettant aux ions de passer facilement, resserrant la membrane et am\u00e9liorant l&#039;\u00e9lasticit\u00e9 de la peau.<\/li>\n<li><strong>\u00c9limine l&#039;acn\u00e9 et les h\u00e9morro\u00efdes<\/strong>:Exfolie les cellules gliales mortes, tue les bact\u00e9ries responsables de l&#039;acn\u00e9 et inhibe la s\u00e9cr\u00e9tion de s\u00e9bum, pr\u00e9venant ainsi la r\u00e9cidive de l&#039;acn\u00e9.<\/li>\n<li><strong>Antibact\u00e9rien et anti-inflammatoire<\/strong>:Contient des atomes d\u2019oxyg\u00e8ne r\u00e9actifs et des mol\u00e9cules qui d\u00e9truisent les membranes cellulaires bact\u00e9riennes, l\u2019ADN et les prot\u00e9ines, offrant un puissant effet bact\u00e9ricide.<\/li>\n<\/ol>\n<\/div>\n<\/div>\n<\/div>\n<div class=\"J_module\">\n<div class=\"detail-decorate-json-renderer-container\">\n<div class=\"magic-1\">\n<div class=\"magic-4\"><\/div>\n<\/div>\n<\/div>\n<\/div>\n<div class=\"J_module\">\n<div class=\"detail-decorate-json-renderer-container\">\n<div class=\"magic-1\">\n<div class=\"magic-4\">\n<div class=\"magic-5\">\n<div class=\"magic-6\">\n<div><\/div>\n<\/div>\n<\/div>\n<\/div>\n<\/div>\n<\/div>\n<\/div>\n<div class=\"J_module\">\n<div class=\"icbu-pc-images magic-8\">\n<div>\n<div class=\"flex-layout-v\">\n<div class=\"flex-layout-h magic-8\">\n<div class=\"magic-27\"><img loading=\"lazy\" decoding=\"async\" class=\"magic-28 aligncenter\" title=\"Appareil de beaut\u00e9 \u00e0 plasma d&#039;ozone\" src=\"https:\/\/sc04.alicdn.com\/kf\/Hc84e1501458c459f8036565a963fab8fG\/247315878\/Hc84e1501458c459f8036565a963fab8fG.png\" alt=\"Appareil de beaut\u00e9 \u00e0 plasma d&#039;ozone\" width=\"750\" height=\"385\" data-src=\"\/\/sc04.alicdn.com\/kf\/Hc84e1501458c459f8036565a963fab8fG\/247315878\/Hc84e1501458c459f8036565a963fab8fG.png\" \/><\/div>\n<\/div>\n<div>\n<h3><strong>Personnaliser Le Logo<\/strong><\/h3>\n<p>Vous voulez faire de votre marque de se d\u00e9marquer? Nous vous proposons logo personnalis\u00e9 de services pour vous aider \u00e0 cr\u00e9er un unique et personnalis\u00e9e de logo, qui refl\u00e8te l&#039;identit\u00e9 de votre marque. Notre \u00e9quipe d&#039;experts travaillera en \u00e9troite collaboration avec vous pour concevoir un logo qui r\u00e9sonne avec les valeurs de votre marque et de messagerie. Si vous \u00eates \u00e0 la recherche de r\u00e9organiser votre logo existant ou en cr\u00e9er un nouveau \u00e0 partir de z\u00e9ro, nous vous avons avons couvert. <a href=\"\/fr\/contact\/\">Contactez-nous<\/a> aujourd&#039;hui pour en savoir plus sur notre logo personnalis\u00e9 de services!<\/p>\n<p style=\"text-align: center;\">\n<\/div>\n<\/div>\n<\/div>\n<\/div>\n<\/div>","protected":false},"excerpt":{"rendered":"<p><span class=\"magic-7\" style=\"font-family: Arial;\">L&#039;ozone agit sur la membrane cellulaire des bact\u00e9ries, endommageant les composants de la membrane, d\u00e9truisant les lipoprot\u00e9ines et les lipopolysaccharides de la membrane, modifiant la lyse et la mort cellulaires, tuant ainsi les champignons bact\u00e9riens et les pucerons en tr\u00e8s peu de temps, et inhibant l&#039;inflammation, et l&#039;effet de l&#039;acn\u00e9 est \u00e9vident. , l&#039;ozone est r\u00e9duit en oxyg\u00e8ne apr\u00e8s st\u00e9rilisation. Il n&#039;y a aucun r\u00e9sidu ni pollution secondaire, ce qui est impossible \u00e0 obtenir par n&#039;importe quel syst\u00e8me chimique.<\/span><\/p>","protected":false},"featured_media":2585,"comment_status":"open","ping_status":"closed","template":"","meta":{"_kad_post_transparent":"default","_kad_post_title":"","_kad_post_layout":"default","_kad_post_sidebar_id":"","_kad_post_content_style":"default","_kad_post_vertical_padding":"default","_kad_post_feature":"","_kad_post_feature_position":"","_kad_post_header":false,"_kad_post_footer":false,"_kad_post_classname":"","rank_math_title":"","rank_math_description":"","rank_math_focus_keyword":""},"product_brand":[],"product_cat":[33],"product_tag":[],"class_list":{"0":"post-2584","1":"product","2":"type-product","3":"status-publish","4":"has-post-thumbnail","6":"product_cat-face-care","7":"product_shipping_class-included-shipping","9":"first","10":"instock","11":"sale","12":"shipping-taxable","13":"purchasable","14":"product-type-simple","15":"entry","16":"content-bg","17":"loop-entry"},"_links":{"self":[{"href":"https:\/\/skbty.com\/fr\/wp-json\/wp\/v2\/product\/2584","targetHints":{"allow":["GET"]}}],"collection":[{"href":"https:\/\/skbty.com\/fr\/wp-json\/wp\/v2\/product"}],"about":[{"href":"https:\/\/skbty.com\/fr\/wp-json\/wp\/v2\/types\/product"}],"replies":[{"embeddable":true,"href":"https:\/\/skbty.com\/fr\/wp-json\/wp\/v2\/comments?post=2584"}],"wp:featuredmedia":[{"embeddable":true,"href":"https:\/\/skbty.com\/fr\/wp-json\/wp\/v2\/media\/2585"}],"wp:attachment":[{"href":"https:\/\/skbty.com\/fr\/wp-json\/wp\/v2\/media?parent=2584"}],"wp:term":[{"taxonomy":"product_brand","embeddable":true,"href":"https:\/\/skbty.com\/fr\/wp-json\/wp\/v2\/product_brand?post=2584"},{"taxonomy":"product_cat","embeddable":true,"href":"https:\/\/skbty.com\/fr\/wp-json\/wp\/v2\/product_cat?post=2584"},{"taxonomy":"product_tag","embeddable":true,"href":"https:\/\/skbty.com\/fr\/wp-json\/wp\/v2\/product_tag?post=2584"}],"curies":[{"name":"Wp wp","href":"https:\/\/api.w.org\/{rel}","templated":true}]}}