{"id":2592,"date":"2024-01-15T19:28:05","date_gmt":"2024-01-15T11:28:05","guid":{"rendered":"https:\/\/skbty.com\/?post_type=product&#038;p=2592"},"modified":"2025-12-05T18:42:05","modified_gmt":"2025-12-05T10:42:05","slug":"appareil-de-modelage-corporel-5-en-1-v9-velashape","status":"publish","type":"product","link":"https:\/\/skbty.com\/fr\/produit\/appareil-de-modelage-corporel-5-en-1-v9-velashape\/","title":{"rendered":"Appareil de modelage corporel 5 en 1 V9 Velashape"},"content":{"rendered":"<div class=\"J_module\">\n<div class=\"icbu-pc-images magic-1\">\n<div class=\"flex-layout-v\">\n<div class=\"flex-layout-h magic-1\">\n<div>\n<h3>Qu&#039;est-ce que le <strong>Machine de mise en forme du corps V9 Velashape ?<\/strong><\/h3>\n<p><strong>Appareil de modelage corporel de bureau V9 Velashape<\/strong> est un appareil multifonctionnel con\u00e7u pour le rajeunissement complet du corps et du visage. Il traite efficacement des probl\u00e8mes tels que l&#039;ob\u00e9sit\u00e9 corporelle et le vieillissement du visage en utilisant des ondes \u00e9nerg\u00e9tiques \u00e0 haute fr\u00e9quence s\u00fbres pour cibler les cellules graisseuses sous-cutan\u00e9es. Ce processus g\u00e9n\u00e8re de puissantes ondes de choc, des radicaux libres et des microjets \u00e0 grande vitesse, d\u00e9composant les parois des cellules graisseuses de l&#039;int\u00e9rieur. Les d\u00e9bris cellulaires sont engloutis par les phagocytes et la graisse libre est m\u00e9tabolis\u00e9e vers le foie via la lymphe et le sang. Cet appareil am\u00e9liore les contours du corps, soul\u00e8ve les zones affaiss\u00e9es, am\u00e9liore la fermet\u00e9 de la peau et r\u00e9duit la cellulite tenace.<\/p>\n<table style=\"border-collapse: collapse; width: 100%;\">\n<tbody>\n<tr>\n<td style=\"width: 50%;\">\n<h3><img loading=\"lazy\" decoding=\"async\" class=\"magic-3 aligncenter\" title=\"Appareil de modelage corporel V9 Velashape\" src=\"https:\/\/sc04.alicdn.com\/kf\/Hbdfdeb1c61eb43ef8ca7ab596539ac92F\/247315878\/Hbdfdeb1c61eb43ef8ca7ab596539ac92F.jpg\" alt=\"Appareil de modelage corporel V9 Velashape\" width=\"351\" height=\"596\" data-src=\"\/\/sc04.alicdn.com\/kf\/Hbdfdeb1c61eb43ef8ca7ab596539ac92F\/247315878\/Hbdfdeb1c61eb43ef8ca7ab596539ac92F.jpg\" \/><\/h3>\n<\/td>\n<td style=\"width: 50%;\"><img loading=\"lazy\" decoding=\"async\" class=\"magic-23 aligncenter\" title=\"Appareil de modelage corporel V9 Velashape\" src=\"https:\/\/sc04.alicdn.com\/kf\/H10f32915c4784cc7ad70204cb19d588bo\/247315878\/H10f32915c4784cc7ad70204cb19d588bo.jpg\" alt=\"Appareil de modelage corporel V9 Velashape\" width=\"492\" height=\"519\" data-src=\"\/\/sc04.alicdn.com\/kf\/H10f32915c4784cc7ad70204cb19d588bo\/247315878\/H10f32915c4784cc7ad70204cb19d588bo.jpg\" \/><\/td>\n<\/tr>\n<\/tbody>\n<\/table>\n<h3>Caract\u00e9ristiques<\/h3>\n<ul>\n<li><strong>Produit<\/strong>: Appareil de mise en forme du corps VelashapeIII de bureau<\/li>\n<li><strong>Tension<\/strong>: 220 V\/50 Hz, 110 V\/60 Hz<\/li>\n<li><strong>Dimensions du colis<\/strong>: 63cm<em>63 cm<\/em>63 cm<\/li>\n<li><strong>Puissance maximale<\/strong>: 800 W<\/li>\n<li><strong>Fusible<\/strong>: 220 V-5 A\/110 V-10 A<\/li>\n<\/ul>\n<h4>T\u00eate de cavitation 40KHz<\/h4>\n<ul>\n<li><strong>Tension<\/strong>: 36V<\/li>\n<li><strong>Fr\u00e9quence de cavitation<\/strong>: 40 KHz<\/li>\n<li><strong>Puissance de sortie maximale<\/strong>: 54W<\/li>\n<li><strong>Zone de travail<\/strong>: 33cm\u00b2<\/li>\n<li><strong>Intensit\u00e9 \u00e9nerg\u00e9tique<\/strong>: 1,62 W\/cm\u00b2<\/li>\n<li><strong>Sortir<\/strong>: Pouls<\/li>\n<li><strong>Niveau de sortie<\/strong>: 8<\/li>\n<\/ul>\n<h4>T\u00eate RF pour aspirateur facial<\/h4>\n<ul>\n<li><strong>Tension de la pompe \u00e0 air<\/strong>: 220V\/110V<\/li>\n<li><strong>Tension RF<\/strong>: DC36V<\/li>\n<li><strong>Fr\u00e9quence RF<\/strong>: 5 MHz<\/li>\n<li><strong>Niveau de sortie<\/strong>: 10<\/li>\n<\/ul>\n<h4>T\u00eate de rouleau interm\u00e9diaire<\/h4>\n<ul>\n<li><strong>Tension de la pompe \u00e0 air<\/strong>: 220V\/110V<\/li>\n<li><strong>Tension du moteur<\/strong>: DC5V<\/li>\n<li><strong>Tension RF<\/strong>: DC36V<\/li>\n<li><strong>Fr\u00e9quence RF<\/strong>: 5 MHz<\/li>\n<li><strong>Niveau RF<\/strong>: 10<\/li>\n<li><strong>Feu rouge<\/strong>: 650 nm<\/li>\n<\/ul>\n<h4>Stylo RF pour aspirateur oculaire<\/h4>\n<ul>\n<li><strong>Tension de la pompe \u00e0 air<\/strong>: 220V\/110V<\/li>\n<li><strong>Tension RF<\/strong>: DC36V<\/li>\n<li><strong>Fr\u00e9quence RF<\/strong>: 5 MHz<\/li>\n<li><strong>Niveau de sortie<\/strong>: 10<\/li>\n<\/ul>\n<h4>T\u00eate de rouleau large<\/h4>\n<ul>\n<li><strong>Tension de la pompe \u00e0 air<\/strong>: 220V\/110V<\/li>\n<li><strong>Tension du moteur<\/strong>: DC12V<\/li>\n<li><strong>Fr\u00e9quence RF<\/strong>: 5 MHz<\/li>\n<li><strong>Niveau de sortie RF<\/strong>: 10<\/li>\n<li><strong>Puissance de sortie RF maximale<\/strong>: 60 W<\/li>\n<li><strong>Puissance de la pompe \u00e0 air<\/strong>: 270 W<\/li>\n<li><strong>Feu rouge<\/strong>: 650 nm<\/li>\n<li><strong>Feu vert<\/strong>: 560 nm<\/li>\n<li><strong>Lumi\u00e8re bleue<\/strong>: 490 nm<\/li>\n<\/ul>\n<table style=\"border-collapse: collapse; width: 100%;\">\n<tbody>\n<tr>\n<td style=\"width: 50%;\"><img loading=\"lazy\" decoding=\"async\" class=\"magic-39 aligncenter\" title=\"Appareil de modelage corporel V9 Velashape\" src=\"https:\/\/sc04.alicdn.com\/kf\/Ha745133d14f9408aa651085591c3922ah\/247315878\/Ha745133d14f9408aa651085591c3922ah.jpg\" alt=\"Appareil de modelage corporel V9 Velashape\" width=\"427\" height=\"478\" data-src=\"\/\/sc04.alicdn.com\/kf\/Ha745133d14f9408aa651085591c3922ah\/247315878\/Ha745133d14f9408aa651085591c3922ah.jpg\" \/><\/td>\n<td style=\"width: 50%;\"><img loading=\"lazy\" decoding=\"async\" class=\"magic-41 aligncenter\" title=\"Appareil de modelage corporel V9 Velashape\" src=\"https:\/\/sc04.alicdn.com\/kf\/H49524add0fbe4a4ebbb4911a61adf65d4\/247315878\/H49524add0fbe4a4ebbb4911a61adf65d4.jpg\" alt=\"Appareil de modelage corporel V9 Velashape\" width=\"348\" height=\"458\" data-src=\"\/\/sc04.alicdn.com\/kf\/H49524add0fbe4a4ebbb4911a61adf65d4\/247315878\/H49524add0fbe4a4ebbb4911a61adf65d4.jpg\" \/><\/td>\n<\/tr>\n<\/tbody>\n<\/table>\n<h3>Principe de fonctionnement<\/h3>\n<h4>T\u00eate de rouleau large<\/h4>\n<p>Utilise une aspiration \u00e0 pression n\u00e9gative et une conception de rouleau unique pour soulever la peau et le tissu musculaire sous-cutan\u00e9. Les rouleaux d&#039;aspiration avant et arri\u00e8re effectuent un massage en profondeur, acc\u00e9l\u00e9rant le m\u00e9tabolisme des triglyc\u00e9rides et des acides gras d\u00e9compos\u00e9s par l&#039;explosion des graisses. La lampe tricolore (rouge, bleu, vert) am\u00e9liore la circulation sanguine, apaise la peau et favorise l&#039;absorption. Ce massage en profondeur augmente la d\u00e9toxification lymphatique et la circulation sanguine, consommant efficacement la graisse accumul\u00e9e pour un effet amincissant.<\/p>\n<h4>T\u00eate de rouleau interm\u00e9diaire<\/h4>\n<p>Utilise une aspiration \u00e0 pression n\u00e9gative et une conception de rouleau unique pour soulever la peau et le tissu musculaire sous-cutan\u00e9. La lumi\u00e8re infrarouge am\u00e9liore la circulation sanguine. Ce massage profond acc\u00e9l\u00e8re le m\u00e9tabolisme des graisses et la d\u00e9toxification, consommant efficacement la graisse accumul\u00e9e pour un effet amincissant.<\/p>\n<table style=\"width: 100%; border-collapse: collapse;\" border=\"1\">\n<tbody>\n<tr>\n<td style=\"width: 20%;\">\n<h5>T\u00eate de rouleau large<\/h5>\n<\/td>\n<td style=\"width: 20%;\">\n<h5>T\u00eate de rouleau interm\u00e9diaire<\/h5>\n<\/td>\n<td style=\"width: 20%;\">\n<h5>T\u00eate de cavitation 40KHz<\/h5>\n<\/td>\n<td style=\"width: 20%;\">\n<h5>T\u00eate RF pour aspirateur facial<\/h5>\n<\/td>\n<td style=\"width: 20%;\">\n<h5>Stylo RF pour aspirateur oculaire<\/h5>\n<\/td>\n<\/tr>\n<tr>\n<td style=\"width: 20%;\"><img loading=\"lazy\" decoding=\"async\" class=\"magic-30 aligncenter\" title=\"Appareil de modelage corporel V9 Velashape\" src=\"https:\/\/sc04.alicdn.com\/kf\/He62f99bdba0b40b1b5ad8aa981862649R\/247315878\/He62f99bdba0b40b1b5ad8aa981862649R.jpg\" alt=\"Appareil de modelage corporel V9 Velashape\" width=\"172\" height=\"172\" data-src=\"\/\/sc04.alicdn.com\/kf\/He62f99bdba0b40b1b5ad8aa981862649R\/247315878\/He62f99bdba0b40b1b5ad8aa981862649R.jpg\" \/><\/td>\n<td style=\"width: 20%;\"><img loading=\"lazy\" decoding=\"async\" class=\"magic-30 alignnone\" title=\"Appareil de modelage corporel V9 Velashape\" src=\"https:\/\/sc04.alicdn.com\/kf\/Hf3902ca765b5449d9e253deb76ac2ac1Q\/247315878\/Hf3902ca765b5449d9e253deb76ac2ac1Q.jpg\" alt=\"Appareil de modelage corporel V9 Velashape\" width=\"750\" height=\"750\" data-src=\"\/\/sc04.alicdn.com\/kf\/Hf3902ca765b5449d9e253deb76ac2ac1Q\/247315878\/Hf3902ca765b5449d9e253deb76ac2ac1Q.jpg\" \/><\/td>\n<td style=\"width: 20%;\"><span class=\"magic-13\" style=\"font-family: Arial;\"><img loading=\"lazy\" decoding=\"async\" class=\"magic-33 alignnone\" title=\"Appareil de modelage corporel V9 Velashape\" src=\"https:\/\/sc04.alicdn.com\/kf\/Hf7f3d7bdcd1945ef93f3091323db06e9e\/247315878\/Hf7f3d7bdcd1945ef93f3091323db06e9e.jpg\" alt=\"Appareil de modelage corporel V9 Velashape\" width=\"750\" height=\"750\" data-src=\"\/\/sc04.alicdn.com\/kf\/Hf7f3d7bdcd1945ef93f3091323db06e9e\/247315878\/Hf7f3d7bdcd1945ef93f3091323db06e9e.jpg\" \/><\/span><\/td>\n<td style=\"width: 20%;\"><img loading=\"lazy\" decoding=\"async\" class=\"magic-33 alignnone\" title=\"Appareil de modelage corporel V9 Velashape\" src=\"https:\/\/sc04.alicdn.com\/kf\/H33e9bb628a4946a59bd36e9c5ebf68be5\/247315878\/H33e9bb628a4946a59bd36e9c5ebf68be5.jpg\" alt=\"Appareil de modelage corporel V9 Velashape\" width=\"750\" height=\"750\" data-src=\"\/\/sc04.alicdn.com\/kf\/H33e9bb628a4946a59bd36e9c5ebf68be5\/247315878\/H33e9bb628a4946a59bd36e9c5ebf68be5.jpg\" \/><\/td>\n<td style=\"width: 20%;\"><img loading=\"lazy\" decoding=\"async\" class=\"magic-33 alignnone\" title=\"Appareil de modelage corporel V9 Velashape\" src=\"https:\/\/sc04.alicdn.com\/kf\/H9105239f72634cd5b5caeaf57377b2aei\/247315878\/H9105239f72634cd5b5caeaf57377b2aei.jpg\" alt=\"Appareil de modelage corporel V9 Velashape\" width=\"750\" height=\"750\" data-src=\"\/\/sc04.alicdn.com\/kf\/H9105239f72634cd5b5caeaf57377b2aei\/247315878\/H9105239f72634cd5b5caeaf57377b2aei.jpg\" \/><\/td>\n<\/tr>\n<\/tbody>\n<\/table>\n<h4>T\u00eate de cavitation 40KHz<\/h4>\n<p>\u00c9met des ondes sonores de 40 kHz pour g\u00e9n\u00e9rer des ondes de choc et des microjets, d\u00e9composant les cellules adipeuses en toute s\u00e9curit\u00e9. Les d\u00e9bris sont ensuite m\u00e9tabolis\u00e9s et excr\u00e9t\u00e9s par le syst\u00e8me lymphatique.<\/p>\n<h4>T\u00eate RF pour aspirateur facial<\/h4>\n<p>Combine la pression n\u00e9gative, la RF et la lumi\u00e8re infrarouge pour am\u00e9liorer l&#039;affaissement du visage et la perte de collag\u00e8ne. Renforce la circulation sanguine, active les cellules, favorise la r\u00e9g\u00e9n\u00e9ration du collag\u00e8ne et traite la graisse, l&#039;affaissement et les rides du visage.<\/p>\n<h4>Stylo RF pour aspirateur oculaire<\/h4>\n<p>Utilise la pression n\u00e9gative et la RF pour am\u00e9liorer la circulation sanguine autour des yeux, \u00e9liminer les poches sous les yeux, am\u00e9liorer les ridules et les cernes et favoriser l&#039;absorption des nutriments.<\/p>\n<table style=\"border-collapse: collapse; width: 100%;\">\n<tbody>\n<tr>\n<td style=\"width: 50%;\"><img loading=\"lazy\" decoding=\"async\" class=\"magic-35 aligncenter\" title=\"Appareil de modelage corporel V9 Velashape\" src=\"https:\/\/sc04.alicdn.com\/kf\/H0d1631f1a406439481b88d010ccecf5df\/247315878\/H0d1631f1a406439481b88d010ccecf5df.jpg\" alt=\"Appareil de modelage corporel V9 Velashape\" width=\"399\" height=\"361\" data-src=\"\/\/sc04.alicdn.com\/kf\/H0d1631f1a406439481b88d010ccecf5df\/247315878\/H0d1631f1a406439481b88d010ccecf5df.jpg\" \/><\/td>\n<td style=\"width: 50%;\"><img loading=\"lazy\" decoding=\"async\" class=\"magic-37 aligncenter\" title=\"Appareil de modelage corporel V9 Velashape\" src=\"https:\/\/sc04.alicdn.com\/kf\/Hf1c4e13a540047bdb66c78ed4505919fu\/247315878\/Hf1c4e13a540047bdb66c78ed4505919fu.jpg\" alt=\"Appareil de modelage corporel V9 Velashape\" width=\"308\" height=\"410\" data-src=\"\/\/sc04.alicdn.com\/kf\/Hf1c4e13a540047bdb66c78ed4505919fu\/247315878\/Hf1c4e13a540047bdb66c78ed4505919fu.jpg\" \/><\/td>\n<\/tr>\n<\/tbody>\n<\/table>\n<h3>\u00a0Caract\u00e9ristiques et avantages<\/h3>\n<ol>\n<li><strong>Efficacit\u00e9 prouv\u00e9e<\/strong>: Am\u00e9liore la cellulite et r\u00e9duit l\u2019accumulation de graisse.<\/li>\n<li><strong>Recommand\u00e9 dans le monde entier<\/strong>:Approuv\u00e9 par l\u2019Organisation mondiale de la sant\u00e9.<\/li>\n<li><strong>Approuv\u00e9 par des c\u00e9l\u00e9brit\u00e9s<\/strong>:Populaire parmi les stars d&#039;Hollywood et pr\u00e9sent\u00e9 dans de nombreux magazines.<\/li>\n<li><strong>Technologie avanc\u00e9e<\/strong>:Combine la lumi\u00e8re et la RF pour am\u00e9liorer l\u2019efficacit\u00e9 du traitement.<\/li>\n<li><strong>Non invasif<\/strong>:Traitement confortable sans temps d&#039;arr\u00eat.<\/li>\n<li><strong>Traitement complet<\/strong>:Aborde \u00e0 la fois le remodelage du corps et le rajeunissement du visage.<\/li>\n<li><strong>Rapide et efficace<\/strong>:Les r\u00e9sultats \u00e0 court et \u00e0 long terme sont pr\u00e9visibles et impressionnants.<\/li>\n<li><strong>S\u00fbr et confortable<\/strong>:Aucune aiguille ni chirurgie requise.<\/li>\n<\/ol>\n<h3>Applications<\/h3>\n<ol>\n<li><strong>Lifter et raffermir le visage<\/strong>:Soul\u00e8ve et raffermit efficacement la peau du visage.<\/li>\n<li><strong>Remodelage du corps et r\u00e9duction de la circonf\u00e9rence<\/strong>:R\u00e9duit la graisse corporelle et fa\u00e7onne le corps.<\/li>\n<li><strong>\u00c9limine les rides du visage et du cou<\/strong>:R\u00e9duit les rides pour une apparence plus lisse.<\/li>\n<li><strong>Traiter l&#039;acn\u00e9, les cernes et les poches sous les yeux<\/strong>: Am\u00e9liore la sant\u00e9 et l\u2019apparence de la peau.<\/li>\n<li><strong>Am\u00e9liorer le m\u00e9tabolisme de la peau<\/strong>:Stimule le m\u00e9tabolisme de la peau pour une peau plus saine.<\/li>\n<li><strong>Traitement des paupi\u00e8res sup\u00e9rieures<\/strong>:Sp\u00e9cialement con\u00e7u pour am\u00e9liorer l\u2019apparence de la paupi\u00e8re sup\u00e9rieure.<\/li>\n<li><strong>Surface de la peau lisse et massage<\/strong>: Offre une surface de peau lisse et un massage relaxant.<\/li>\n<li><strong>R\u00e9duire la cellulite<\/strong>:R\u00e9duit efficacement la cellulite pour une peau plus lisse.<\/li>\n<\/ol>\n<h3><strong>Personnaliser Le Logo<\/strong><\/h3>\n<p>Vous voulez faire de votre marque de se d\u00e9marquer? Nous vous proposons logo personnalis\u00e9 de services pour vous aider \u00e0 cr\u00e9er un unique et personnalis\u00e9e de logo, qui refl\u00e8te l&#039;identit\u00e9 de votre marque. Notre \u00e9quipe d&#039;experts travaillera en \u00e9troite collaboration avec vous pour concevoir un logo qui r\u00e9sonne avec les valeurs de votre marque et de messagerie. Si vous \u00eates \u00e0 la recherche de r\u00e9organiser votre logo existant ou en cr\u00e9er un nouveau \u00e0 partir de z\u00e9ro, nous vous avons avons couvert. <a href=\"\/fr\/contact\/\">Contactez-nous<\/a> aujourd&#039;hui pour en savoir plus sur notre logo personnalis\u00e9 de services!<\/p>\n<p style=\"text-align: center;\">\n<\/div>\n<\/div>\n<\/div>\n<\/div>\n<\/div>","protected":false},"excerpt":{"rendered":"<p><span class=\"magic-10\" style=\"font-family: Arial;\">La machine de mise en forme du corps Desktop V9 Velashape est un instrument int\u00e9gr\u00e9 au syst\u00e8me d&#039;exploitation multifonctionnel combinant le corps et le visage, qui peut am\u00e9liorer les probl\u00e8mes tels que l&#039;ob\u00e9sit\u00e9 corporelle et le vieillissement du visage. L&#039;instrument agit sur les cellules graisseuses sous-cutan\u00e9es du corps humain gr\u00e2ce \u00e0 une onde \u00e9nerg\u00e9tique haute fr\u00e9quence s\u00fbre, qui g\u00e9n\u00e8re la m\u00eame r\u00e9sonance de fr\u00e9quence \u00e0 l&#039;int\u00e9rieur des cellules graisseuses pour g\u00e9n\u00e9rer de puissantes ondes de choc. , Radicaux libres et microjets \u00e0 grande vitesse. D\u00e9composez en toute s\u00e9curit\u00e9 la paroi cellulaire adipeuse de l&#039;int\u00e9rieur pour g\u00e9n\u00e9rer des d\u00e9bris cellulaires et de la graisse libre. Les d\u00e9bris cellulaires sont engloutis par les phagocytes et la graisse libre est m\u00e9tabolis\u00e9e vers le foie via la lymphe et le sang.<\/span><\/p>","protected":false},"featured_media":2593,"comment_status":"open","ping_status":"closed","template":"","meta":{"_kad_post_transparent":"default","_kad_post_title":"","_kad_post_layout":"default","_kad_post_sidebar_id":"","_kad_post_content_style":"default","_kad_post_vertical_padding":"default","_kad_post_feature":"","_kad_post_feature_position":"","_kad_post_header":false,"_kad_post_footer":false,"_kad_post_classname":"","rank_math_title":"","rank_math_description":"","rank_math_focus_keyword":""},"product_brand":[],"product_cat":[31],"product_tag":[],"class_list":{"0":"post-2592","1":"product","2":"type-product","3":"status-publish","4":"has-post-thumbnail","6":"product_cat-body-slimming","8":"first","9":"instock","10":"sale","11":"shipping-taxable","12":"purchasable","13":"product-type-simple","14":"entry","15":"content-bg","16":"loop-entry"},"_links":{"self":[{"href":"https:\/\/skbty.com\/fr\/wp-json\/wp\/v2\/product\/2592","targetHints":{"allow":["GET"]}}],"collection":[{"href":"https:\/\/skbty.com\/fr\/wp-json\/wp\/v2\/product"}],"about":[{"href":"https:\/\/skbty.com\/fr\/wp-json\/wp\/v2\/types\/product"}],"replies":[{"embeddable":true,"href":"https:\/\/skbty.com\/fr\/wp-json\/wp\/v2\/comments?post=2592"}],"wp:featuredmedia":[{"embeddable":true,"href":"https:\/\/skbty.com\/fr\/wp-json\/wp\/v2\/media\/2593"}],"wp:attachment":[{"href":"https:\/\/skbty.com\/fr\/wp-json\/wp\/v2\/media?parent=2592"}],"wp:term":[{"taxonomy":"product_brand","embeddable":true,"href":"https:\/\/skbty.com\/fr\/wp-json\/wp\/v2\/product_brand?post=2592"},{"taxonomy":"product_cat","embeddable":true,"href":"https:\/\/skbty.com\/fr\/wp-json\/wp\/v2\/product_cat?post=2592"},{"taxonomy":"product_tag","embeddable":true,"href":"https:\/\/skbty.com\/fr\/wp-json\/wp\/v2\/product_tag?post=2592"}],"curies":[{"name":"Wp wp","href":"https:\/\/api.w.org\/{rel}","templated":true}]}}