{"id":2608,"date":"2024-01-15T19:39:47","date_gmt":"2024-01-15T11:39:47","guid":{"rendered":"https:\/\/skbty.com\/?post_type=product&#038;p=2608"},"modified":"2024-06-18T12:09:39","modified_gmt":"2024-06-18T04:09:39","slug":"machine-de-mise-en-forme-du-corps-velashape-5-en-1-v10-pour-la-cellulite","status":"publish","type":"product","link":"https:\/\/skbty.com\/fr\/produit\/machine-de-mise-en-forme-du-corps-velashape-5-en-1-v10-pour-la-cellulite\/","title":{"rendered":"Appareil de modelage corporel 5 en 1 V10 Velashape"},"content":{"rendered":"<div class=\"J_module\">\n<div class=\"icbu-pc-images magic-1\">\n<div class=\"flex-layout-v\">\n<div class=\"flex-layout-h magic-1\">\n<h3 class=\"magic-2\">Qu&#039;est-ce que le <strong>Machine de mise en forme du corps V10 Velashape ?<\/strong><\/h3>\n<\/div>\n<\/div>\n<\/div>\n<\/div>\n<div class=\"J_module\">\n<div class=\"detail-decorate-json-renderer-container\">\n<div class=\"magic-4\">\n<p><strong>Appareil de modelage corporel de bureau V10 Velashape<\/strong> est un appareil multifonctionnel con\u00e7u pour un amincissement complet du corps et un rajeunissement du visage. Combinant des technologies avanc\u00e9es, il s&#039;attaque efficacement \u00e0 l&#039;ob\u00e9sit\u00e9 corporelle et au vieillissement du visage. L&#039;appareil utilise des ondes \u00e9nerg\u00e9tiques \u00e0 haute fr\u00e9quence s\u00fbres pour cibler les cellules graisseuses sous-cutan\u00e9es, g\u00e9n\u00e9rant des ondes de choc, des radicaux libres et des microjets \u00e0 grande vitesse pour d\u00e9composer les cellules graisseuses. Cette m\u00e9thode non invasive soul\u00e8ve les fesses affaiss\u00e9es, r\u00e9duit la graisse abdominale et raffermit la peau tout en am\u00e9liorant la cellulite tenace. La t\u00eate RF faciale stimule la production de collag\u00e8ne, am\u00e9liorant ainsi le rel\u00e2chement du visage et les rides.<\/p>\n<table style=\"border-collapse: collapse; width: 100%;\">\n<tbody>\n<tr>\n<td style=\"width: 50%;\">\n<h3><img loading=\"lazy\" decoding=\"async\" class=\"magic-3 aligncenter\" title=\"Appareil de modelage corporel V10 Velashape\" src=\"https:\/\/sc04.alicdn.com\/kf\/H6fbc105297674cd383d026b64b01f4eel\/247315878\/H6fbc105297674cd383d026b64b01f4eel.png\" alt=\"Appareil de modelage corporel V10 Velashape\" width=\"342\" height=\"697\" data-src=\"\/\/sc04.alicdn.com\/kf\/H6fbc105297674cd383d026b64b01f4eel\/247315878\/H6fbc105297674cd383d026b64b01f4eel.png\" \/><\/h3>\n<\/td>\n<td style=\"width: 50%;\"><img loading=\"lazy\" decoding=\"async\" class=\"magic-23 aligncenter\" title=\"Appareil de modelage corporel V10 Velashape\" src=\"https:\/\/sc04.alicdn.com\/kf\/H430ac6c0b9364bd687ad96e530fbfbf2W\/247315878\/H430ac6c0b9364bd687ad96e530fbfbf2W.jpg\" alt=\"Appareil de modelage corporel V10 Velashape\" width=\"437\" height=\"468\" data-src=\"\/\/sc04.alicdn.com\/kf\/H430ac6c0b9364bd687ad96e530fbfbf2W\/247315878\/H430ac6c0b9364bd687ad96e530fbfbf2W.jpg\" \/><\/td>\n<\/tr>\n<\/tbody>\n<\/table>\n<h3>Principe de fonctionnement<\/h3>\n<p>L&#039; <strong>Appareil de modelage corporel de bureau V10 Velashape<\/strong> utilise plusieurs technologies pour un traitement complet :<\/p>\n<ul>\n<li><strong>T\u00eate multifonctionnelle int\u00e9gr\u00e9e<\/strong>:Combine des ondes sonores puissantes de 40\u00a0000\u00a0mW, des micro-courants BIO, des RF, une pression n\u00e9gative et une lumi\u00e8re infrarouge. Il cible la graisse sous-cutan\u00e9e avec des ondes sonores puissantes, puis utilise des ondes RF \u00e0 haute fr\u00e9quence pour favoriser la d\u00e9composition du tissu adipeux en acides gras libres et en glyc\u00e9rine, qui sont ensuite m\u00e9tabolis\u00e9s et excr\u00e9t\u00e9s.<\/li>\n<li><strong>T\u00eate RF sous vide 3D<\/strong>:Utilise une technologie avanc\u00e9e de liposuccion \u00e0 pression n\u00e9gative sous vide combin\u00e9e \u00e0 des rayons infrarouges et \u00e0 des \u00e9lectrodes RF. Cela permet de placer et de dissoudre efficacement la graisse libre, d&#039;am\u00e9liorer la cellulite et d&#039;obtenir des effets amincissants et remodelants.<\/li>\n<li><strong>T\u00eate de cavitation 40KHz<\/strong>:\u00c9met des ondes sonores de 40 kHz pour p\u00e9n\u00e9trer les cellules adipeuses sous-cutan\u00e9es, g\u00e9n\u00e9rant des ondes de choc et des microjets \u00e0 grande vitesse pour d\u00e9composer en toute s\u00e9curit\u00e9 les cellules adipeuses. Les d\u00e9bris sont ensuite m\u00e9tabolis\u00e9s et excr\u00e9t\u00e9s.<\/li>\n<li><strong>RF multipolaire<\/strong>: Am\u00e9liore la circulation sanguine locale, favorise le m\u00e9tabolisme des cellules graisseuses, raffermit la peau et obtient des effets amincissants et modelants.<\/li>\n<li><strong>Stylo RF sous vide pour le visage et les yeux<\/strong>:Utilise la pression n\u00e9gative, la RF et la lumi\u00e8re infrarouge pour am\u00e9liorer l&#039;affaissement du visage, stimuler la r\u00e9g\u00e9n\u00e9ration du collag\u00e8ne et traiter les probl\u00e8mes de vieillissement du visage et du contour des yeux.<\/li>\n<\/ul>\n<h3><img loading=\"lazy\" decoding=\"async\" class=\"magic-39 aligncenter\" title=\"Appareil de modelage corporel V10 Velashape\" src=\"https:\/\/sc04.alicdn.com\/kf\/Hf219cc11f3b044d4b5661c1590a9ea17g\/247315878\/Hf219cc11f3b044d4b5661c1590a9ea17g.jpg\" alt=\"Appareil de modelage corporel V10 Velashape\" width=\"466\" height=\"490\" data-src=\"\/\/sc04.alicdn.com\/kf\/Hf219cc11f3b044d4b5661c1590a9ea17g\/247315878\/Hf219cc11f3b044d4b5661c1590a9ea17g.jpg\" \/><\/h3>\n<h3>Caract\u00e9ristiques et avantages<\/h3>\n<ol>\n<li><strong>Efficacit\u00e9 prouv\u00e9e<\/strong>: Am\u00e9liore la cellulite et r\u00e9duit l\u2019accumulation de graisse.<\/li>\n<li><strong>Recommand\u00e9 dans le monde entier<\/strong>:Approuv\u00e9 par l\u2019Organisation mondiale de la sant\u00e9.<\/li>\n<li><strong>Approuv\u00e9 par des c\u00e9l\u00e9brit\u00e9s<\/strong>:Populaire parmi les stars d&#039;Hollywood et pr\u00e9sent\u00e9 dans de nombreux magazines.<\/li>\n<li><strong>Technologie avanc\u00e9e<\/strong>:Combine la lumi\u00e8re et la RF pour am\u00e9liorer l\u2019efficacit\u00e9 du traitement.<\/li>\n<li><strong>Non invasif<\/strong>:Traitement confortable sans temps d&#039;arr\u00eat.<\/li>\n<li><strong>Traitement complet<\/strong>:Aborde \u00e0 la fois le remodelage du corps et le rajeunissement du visage.<\/li>\n<li><strong>Rapide et efficace<\/strong>:Les r\u00e9sultats \u00e0 court et \u00e0 long terme sont pr\u00e9visibles et impressionnants.<\/li>\n<li><strong>S\u00fbr et confortable<\/strong>:Aucune aiguille ni chirurgie requise.<\/li>\n<\/ol>\n<h3>Applications<\/h3>\n<ol>\n<li><strong>Lifter le visage et raffermir la peau<\/strong>:Soul\u00e8ve et raffermit efficacement la peau du visage.<\/li>\n<li><strong>Remodelage du corps et r\u00e9duction de la circonf\u00e9rence<\/strong>:R\u00e9duit la graisse corporelle et fa\u00e7onne le corps.<\/li>\n<li><strong>\u00c9limine les rides du visage et du cou<\/strong>:R\u00e9duit les rides pour une apparence plus lisse.<\/li>\n<li><strong>Traiter l&#039;acn\u00e9, les cernes et les poches sous les yeux<\/strong>: Am\u00e9liore la sant\u00e9 et l\u2019apparence de la peau.<\/li>\n<li><strong>Am\u00e9liorer le m\u00e9tabolisme de la peau<\/strong>:Stimule le m\u00e9tabolisme de la peau pour une peau plus saine.<\/li>\n<li><strong>Traitement des paupi\u00e8res sup\u00e9rieures<\/strong>:Sp\u00e9cialement con\u00e7u pour am\u00e9liorer l\u2019apparence de la paupi\u00e8re sup\u00e9rieure.<\/li>\n<li><strong>Surface de la peau lisse et massage<\/strong>: Offre une surface de peau lisse et un massage relaxant.<\/li>\n<li><strong>R\u00e9duire la cellulite<\/strong>:R\u00e9duit efficacement la cellulite pour une peau plus lisse.<\/li>\n<\/ol>\n<h3>\u00a0T\u00eates multifonctions<\/h3>\n<\/div>\n<\/div>\n<\/div>\n<div class=\"J_module\">\n<div class=\"detail-decorate-json-renderer-container\">\n<div class=\"magic-4\">\n<div class=\"magic-24\">\n<table class=\"hight-light-first-column all magic-11\" style=\"width: 100%; height: 1164px;\">\n<tbody>\n<tr style=\"height: 248px;\">\n<td style=\"width: 20.5541%; height: 248px;\" colspan=\"1\" rowspan=\"1\">\n<div class=\"magic-12\" data-spm-anchor-id=\"a2700.details.0.i87.6eb928absgMT6Q\"><img loading=\"lazy\" decoding=\"async\" class=\"magic-30 alignnone\" title=\"Appareil de modelage corporel V10 Velashape\" src=\"https:\/\/sc04.alicdn.com\/kf\/He1f964e1e3014c77aaf8fd49e852a03bT\/247315878\/He1f964e1e3014c77aaf8fd49e852a03bT.jpg\" alt=\"Appareil de modelage corporel V10 Velashape\" width=\"750\" height=\"750\" data-src=\"\/\/sc04.alicdn.com\/kf\/He1f964e1e3014c77aaf8fd49e852a03bT\/247315878\/He1f964e1e3014c77aaf8fd49e852a03bT.jpg\" \/><\/div>\n<\/td>\n<td style=\"width: 78.731%; height: 248px;\" colspan=\"1\" rowspan=\"1\">\n<div class=\"magic-14\"><span class=\"magic-13\" style=\"font-family: Arial;\"><b>T\u00eate multifonctionnelle int\u00e9gr\u00e9e <\/b><br \/>\nCombin\u00e9e \u00e0 deux ondes sonores puissantes de 40K, deux micro-courants BIO, deux radiofr\u00e9quences, une pression n\u00e9gative et des lampes infrarouges, la poign\u00e9e multifonction utilise d&#039;abord des ondes sonores puissantes de 40K, puis des ondes radiofr\u00e9quences haute fr\u00e9quence pour agir avec pr\u00e9cision sur les mol\u00e9cules d&#039;eau dans la graisse sous-cutan\u00e9e. Les mol\u00e9cules d&#039;eau bipolaires g\u00e9n\u00e8rent des vibrations rapides. La chaleur g\u00e9n\u00e9r\u00e9e par ce frottement rotatif \u00e0 grande vitesse et la stimulation m\u00e9canique subtile du tissu cutan\u00e9 profond sous l&#039;effet alternatif de la pression n\u00e9gative favorisent la r\u00e9action biochimique du tissu adipeux profond pour acc\u00e9l\u00e9rer la consommation de graisse. Sous l&#039;action des ondes magn\u00e9tiques et de la radiofr\u00e9quence, il active rapidement la lipase pour acc\u00e9l\u00e9rer la d\u00e9composition des graisses, d\u00e9composer le tissu adipeux des cellules adipeuses en acides gras libres et en glyc\u00e9rine, et l&#039;excr\u00e9ter du corps par le m\u00e9tabolisme humain, de mani\u00e8re \u00e0 am\u00e9liorer le tissu de peau d&#039;orange et mincir.<\/span><\/div>\n<\/td>\n<\/tr>\n<tr style=\"height: 229px;\">\n<td style=\"width: 20.5541%; height: 229px;\" colspan=\"1\" rowspan=\"1\">\n<div class=\"magic-15\"><img loading=\"lazy\" decoding=\"async\" class=\"magic-30 alignnone\" title=\"Appareil de modelage corporel V10 Velashape\" src=\"https:\/\/sc04.alicdn.com\/kf\/H28cfd846e0b448cd85ba83bce3eab031a\/247315878\/H28cfd846e0b448cd85ba83bce3eab031a.jpg\" alt=\"Appareil de modelage corporel V10 Velashape\" width=\"750\" height=\"750\" data-src=\"\/\/sc04.alicdn.com\/kf\/H28cfd846e0b448cd85ba83bce3eab031a\/247315878\/H28cfd846e0b448cd85ba83bce3eab031a.jpg\" \/><\/div>\n<\/td>\n<td style=\"width: 78.731%; height: 229px;\" colspan=\"1\" rowspan=\"1\">\n<div class=\"magic-14\"><span class=\"magic-13\" style=\"font-family: Arial;\"><b>T\u00eate RF sous vide 3D <\/b><br \/>\nEn utilisant une technologie avanc\u00e9e de liposuccion \u00e0 pression n\u00e9gative sous vide, combin\u00e9e \u00e0 des rayons infrarouges pouvant atteindre une profondeur de 650 nm, et en m\u00eame temps avec le r\u00f4le d&#039;\u00e9lectrodes de radiofr\u00e9quence, la graisse libre est plac\u00e9e, l&#039;exc\u00e8s de graisse est br\u00fbl\u00e9 et dissous et \u00e9vacu\u00e9 par le m\u00e9tabolisme du corps pour obtenir une am\u00e9lioration de l&#039;organisation de la peau d&#039;orange, un effet amincissant et modelant.<\/span><\/div>\n<\/td>\n<\/tr>\n<tr style=\"height: 229px;\">\n<td style=\"width: 20.5541%; height: 229px;\" colspan=\"1\" rowspan=\"1\">\n<div class=\"magic-15\"><img loading=\"lazy\" decoding=\"async\" class=\"magic-33 alignnone\" title=\"Appareil de modelage corporel V10 Velashape\" src=\"https:\/\/sc04.alicdn.com\/kf\/Hf7f3d7bdcd1945ef93f3091323db06e9e\/247315878\/Hf7f3d7bdcd1945ef93f3091323db06e9e.jpg\" alt=\"Appareil de modelage corporel V10 Velashape\" width=\"750\" height=\"750\" data-src=\"\/\/sc04.alicdn.com\/kf\/Hf7f3d7bdcd1945ef93f3091323db06e9e\/247315878\/Hf7f3d7bdcd1945ef93f3091323db06e9e.jpg\" \/><\/div>\n<\/td>\n<td style=\"width: 78.731%; height: 229px;\" colspan=\"1\" rowspan=\"1\">\n<div class=\"magic-14\">\n<p><b><span class=\"magic-13\" style=\"font-family: Arial;\">T\u00eate de cavitation 40 kHz<\/span><\/b><\/p>\n<div><span class=\"magic-13\" style=\"font-family: Arial;\">L&#039;onde sonore d&#039;une fr\u00e9quence de 40 000 Hz est \u00e9mise par une t\u00eate d&#039;onde sonore puissante qui rassemble de fortes ondes sonores, et l&#039;onde d&#039;\u00e9nergie p\u00e9n\u00e8tre dans les cellules graisseuses sous-cutan\u00e9es du corps humain, et g\u00e9n\u00e8re la m\u00eame r\u00e9sonance de fr\u00e9quence \u00e0 l&#039;int\u00e9rieur de la graisse pour produire de puissantes ondes de choc, des radicaux libres et des microjets \u00e0 grande vitesse, et la paroi des cellules graisseuses est prot\u00e9g\u00e9e de l&#039;int\u00e9rieur Se d\u00e9compose pour produire des d\u00e9bris cellulaires et de la graisse libre. Les d\u00e9bris cellulaires sont engloutis par les phagocytes et la graisse libre est m\u00e9tabolis\u00e9e vers le foie via la lymphe et le sang.<\/span><\/div>\n<\/div>\n<\/td>\n<\/tr>\n<tr style=\"height: 229px;\">\n<td style=\"width: 20.5541%; height: 229px;\" colspan=\"1\" rowspan=\"1\">\n<div class=\"magic-15\"><img loading=\"lazy\" decoding=\"async\" class=\"magic-33 alignnone\" title=\"Appareil de modelage corporel V10 Velashape\" src=\"https:\/\/sc04.alicdn.com\/kf\/H724ea3d832604acd897f69294d5f134d0\/247315878\/H724ea3d832604acd897f69294d5f134d0.jpg\" alt=\"Appareil de modelage corporel V10 Velashape\" width=\"750\" height=\"750\" data-src=\"\/\/sc04.alicdn.com\/kf\/H724ea3d832604acd897f69294d5f134d0\/247315878\/H724ea3d832604acd897f69294d5f134d0.jpg\" \/><\/div>\n<\/td>\n<td style=\"width: 78.731%; height: 229px;\" colspan=\"1\" rowspan=\"1\">\n<div class=\"magic-14\"><span style=\"font-family: Arial;\"><b>RF multipolaire <\/b><br \/>\nLa radiofr\u00e9quence \u00e0 haute fr\u00e9quence peut rapidement am\u00e9liorer la circulation sanguine locale, provoquer une perte d&#039;acide gras<br \/>\nd\u00e9composition et m\u00e9tabolisme des cellules adipeuses, favorisent la circulation sanguine, resserrent la peau et obtiennent l&#039;effet<br \/>\nde minceur et<\/span><span style=\"font-family: Arial;\">\u00a0fa\u00e7onnage.<\/span><\/div>\n<\/td>\n<\/tr>\n<tr style=\"height: 229px;\">\n<td style=\"width: 20.5541%; height: 229px;\" colspan=\"1\" rowspan=\"1\">\n<div class=\"magic-15\"><img loading=\"lazy\" decoding=\"async\" class=\"magic-33 alignnone\" title=\"Appareil de modelage corporel V10 Velashape\" src=\"https:\/\/sc04.alicdn.com\/kf\/H9105239f72634cd5b5caeaf57377b2aei\/247315878\/H9105239f72634cd5b5caeaf57377b2aei.jpg\" alt=\"Appareil de modelage corporel V10 Velashape\" width=\"750\" height=\"750\" data-src=\"\/\/sc04.alicdn.com\/kf\/H9105239f72634cd5b5caeaf57377b2aei\/247315878\/H9105239f72634cd5b5caeaf57377b2aei.jpg\" \/><\/div>\n<\/td>\n<td style=\"width: 78.731%; height: 229px;\" colspan=\"1\" rowspan=\"1\">\n<div class=\"magic-14\"><span style=\"font-family: Arial;\"><b>Stylo RF sous vide pour le visage et les yeux <\/b><br \/>\nUtilisez la pression n\u00e9gative, la radiofr\u00e9quence et l&#039;infrarouge pour am\u00e9liorer les probl\u00e8mes de vieillissement tels que les rides du visage.<br \/>\naffaissement et perte accrue de collag\u00e8ne, renforcement de la circulation sanguine vers le visage, activation des cellules endormies,<br \/>\nfavoriser la r\u00e9g\u00e9n\u00e9ration du collag\u00e8ne, r\u00e9soudre l&#039;exc\u00e8s de graisse sur le visage et d\u00e9tendre l&#039;affaissement et les rides, am\u00e9liorer<br \/>\nFermet\u00e9 La peau du visage \u00e9claircit les rides. Favorise la circulation sanguine dans les yeux, \u00e9limine les poches sous les yeux, am\u00e9liore les ridules s\u00e8ches et att\u00e9nue les cernes, r\u00e9sout l&#039;accumulation de graisse en exc\u00e8s dans les yeux et favorise l&#039;absorption des nutriments.<\/span><\/div>\n<\/td>\n<\/tr>\n<\/tbody>\n<\/table>\n<\/div>\n<\/div>\n<\/div>\n<\/div>\n<div class=\"J_module\">\n<div class=\"icbu-pc-images magic-1\">\n<div class=\"flex-layout-v\">\n<div class=\"flex-layout-h magic-1\">\n<div class=\"magic-34\">\n<table style=\"border-collapse: collapse; width: 100%;\">\n<tbody>\n<tr>\n<td style=\"width: 50%;\"><img loading=\"lazy\" decoding=\"async\" class=\"magic-35 aligncenter\" title=\"Appareil de modelage corporel V10 Velashape\" src=\"https:\/\/sc04.alicdn.com\/kf\/H2158c7927b664de880edcb8cb34a477ca\/247315878\/H2158c7927b664de880edcb8cb34a477ca.jpg\" alt=\"Appareil de modelage corporel V10 Velashape\" width=\"790\" height=\"692\" data-src=\"\/\/sc04.alicdn.com\/kf\/H2158c7927b664de880edcb8cb34a477ca\/247315878\/H2158c7927b664de880edcb8cb34a477ca.jpg\" \/><\/td>\n<td style=\"width: 50%;\"><img loading=\"lazy\" decoding=\"async\" class=\"magic-37 aligncenter\" title=\"Appareil de modelage corporel V10 Velashape\" src=\"https:\/\/sc04.alicdn.com\/kf\/H2c5be636130b4f7db0ddda00c9962ceeJ\/247315878\/H2c5be636130b4f7db0ddda00c9962ceeJ.jpg\" alt=\"Appareil de modelage corporel V10 Velashape\" width=\"377\" height=\"483\" data-src=\"\/\/sc04.alicdn.com\/kf\/H2c5be636130b4f7db0ddda00c9962ceeJ\/247315878\/H2c5be636130b4f7db0ddda00c9962ceeJ.jpg\" \/><\/td>\n<\/tr>\n<\/tbody>\n<\/table>\n<\/div>\n<\/div>\n<\/div>\n<\/div>\n<\/div>\n<div class=\"J_module\">\n<div class=\"icbu-pc-images magic-1\">\n<div class=\"flex-layout-v\">\n<div class=\"flex-layout-h magic-1\">\n<div class=\"magic-36\"><\/div>\n<\/div>\n<\/div>\n<\/div>\n<\/div>\n<div class=\"J_module\">\n<div class=\"icbu-pc-images magic-1\">\n<div class=\"flex-layout-v\">\n<div class=\"flex-layout-h magic-1\"><\/div>\n<\/div>\n<\/div>\n<\/div>\n<div class=\"J_module\">\n<div class=\"detail-decorate-json-renderer-container\">\n<div class=\"magic-4\">\n<div class=\"magic-7\">\n<div class=\"magic-8\">\n<div class=\"magic-9\">\n<h3><strong>Personnaliser Le Logo<\/strong><\/h3>\n<p>Vous voulez faire de votre marque de se d\u00e9marquer? Nous vous proposons logo personnalis\u00e9 de services pour vous aider \u00e0 cr\u00e9er un unique et personnalis\u00e9e de logo, qui refl\u00e8te l&#039;identit\u00e9 de votre marque. Notre \u00e9quipe d&#039;experts travaillera en \u00e9troite collaboration avec vous pour concevoir un logo qui r\u00e9sonne avec les valeurs de votre marque et de messagerie. Si vous \u00eates \u00e0 la recherche de r\u00e9organiser votre logo existant ou en cr\u00e9er un nouveau \u00e0 partir de z\u00e9ro, nous vous avons avons couvert. <a href=\"\/fr\/contact\/\">Contactez-nous<\/a> aujourd&#039;hui pour en savoir plus sur notre logo personnalis\u00e9 de services!<\/p>\n<\/div>\n<\/div>\n<\/div>\n<\/div>\n<\/div>\n<\/div>\n<div class=\"J_module\">\n<div class=\"detail-decorate-json-renderer-container\">\n<div class=\"magic-4\">\n<div class=\"magic-7\">\n<div class=\"magic-8\">\n<div class=\"magic-9\"><\/div>\n<\/div>\n<\/div>\n<\/div>\n<\/div>\n<\/div>","protected":false},"excerpt":{"rendered":"<p><span class=\"magic-10\" style=\"font-family: Arial;\">L&#039;appareil de bureau V10 pour la perte de poids est un instrument int\u00e9gr\u00e9 multifonctionnel qui combine le corps et le visage, ce qui peut am\u00e9liorer les probl\u00e8mes tels que l&#039;ob\u00e9sit\u00e9 corporelle et le vieillissement du visage. L&#039;appareil agit sur les cellules graisseuses sous-cutan\u00e9es humaines gr\u00e2ce \u00e0 une onde \u00e9nerg\u00e9tique haute fr\u00e9quence s\u00fbre et est g\u00e9n\u00e9r\u00e9e \u00e0 l&#039;int\u00e9rieur des cellules graisseuses. La m\u00eame r\u00e9sonance de fr\u00e9quence g\u00e9n\u00e8re de puissantes ondes de choc, des radicaux libres et des microjets \u00e0 grande vitesse. D\u00e9composez en toute s\u00e9curit\u00e9 la paroi des cellules graisseuses de l&#039;int\u00e9rieur pour g\u00e9n\u00e9rer des d\u00e9bris cellulaires et de la graisse libre. Les d\u00e9bris cellulaires sont engloutis par les phagocytes et la graisse libre est m\u00e9tabolis\u00e9e vers le foie via la lymphe et le sang.<\/span><\/p>","protected":false},"featured_media":2609,"comment_status":"open","ping_status":"closed","template":"","meta":{"_kad_post_transparent":"default","_kad_post_title":"","_kad_post_layout":"default","_kad_post_sidebar_id":"","_kad_post_content_style":"default","_kad_post_vertical_padding":"default","_kad_post_feature":"","_kad_post_feature_position":"","_kad_post_header":false,"_kad_post_footer":false,"_kad_post_classname":"","rank_math_title":"","rank_math_description":"","rank_math_focus_keyword":""},"product_brand":[],"product_cat":[31],"product_tag":[],"class_list":{"0":"post-2608","1":"product","2":"type-product","3":"status-publish","4":"has-post-thumbnail","6":"product_cat-body-slimming","8":"first","9":"instock","10":"shipping-taxable","11":"product-type-simple","12":"entry","13":"content-bg","14":"loop-entry"},"_links":{"self":[{"href":"https:\/\/skbty.com\/fr\/wp-json\/wp\/v2\/product\/2608","targetHints":{"allow":["GET"]}}],"collection":[{"href":"https:\/\/skbty.com\/fr\/wp-json\/wp\/v2\/product"}],"about":[{"href":"https:\/\/skbty.com\/fr\/wp-json\/wp\/v2\/types\/product"}],"replies":[{"embeddable":true,"href":"https:\/\/skbty.com\/fr\/wp-json\/wp\/v2\/comments?post=2608"}],"wp:featuredmedia":[{"embeddable":true,"href":"https:\/\/skbty.com\/fr\/wp-json\/wp\/v2\/media\/2609"}],"wp:attachment":[{"href":"https:\/\/skbty.com\/fr\/wp-json\/wp\/v2\/media?parent=2608"}],"wp:term":[{"taxonomy":"product_brand","embeddable":true,"href":"https:\/\/skbty.com\/fr\/wp-json\/wp\/v2\/product_brand?post=2608"},{"taxonomy":"product_cat","embeddable":true,"href":"https:\/\/skbty.com\/fr\/wp-json\/wp\/v2\/product_cat?post=2608"},{"taxonomy":"product_tag","embeddable":true,"href":"https:\/\/skbty.com\/fr\/wp-json\/wp\/v2\/product_tag?post=2608"}],"curies":[{"name":"Wp wp","href":"https:\/\/api.w.org\/{rel}","templated":true}]}}