{"id":2642,"date":"2024-02-01T16:56:52","date_gmt":"2024-02-01T08:56:52","guid":{"rendered":"https:\/\/skbty.com\/?post_type=product&#038;p=2642"},"modified":"2024-06-18T11:46:47","modified_gmt":"2024-06-18T03:46:47","slug":"appareil-anti-cellulite-v5","status":"publish","type":"product","link":"https:\/\/skbty.com\/fr\/produit\/appareil-anti-cellulite-v5\/","title":{"rendered":"Appareil anti-cellulite V5"},"content":{"rendered":"<h3>Qu&#039;est-ce que la machine anti-cellulite V5 ?<\/h3>\n<p><strong>\u00c9quipement de beaut\u00e9 pour l&#039;\u00e9limination de la cellulite V5<\/strong> est un appareil r\u00e9volutionnaire qui combine les technologies HIFU et RF. Il offre des fonctions d&#039;amincissement du corps et de raffermissement de la peau, offrant une solution compl\u00e8te pour les traitements esth\u00e9tiques.<\/p>\n<table style=\"border-collapse: collapse; width: 100%;\">\n<tbody>\n<tr>\n<td style=\"width: 50%;\"><img loading=\"lazy\" decoding=\"async\" class=\"aligncenter wp-image-2643\" title=\"Appareil anti-cellulite V5\" src=\"https:\/\/skbty.com\/wp-content\/uploads\/2024\/02\/11.jpg\" alt=\"Appareil anti-cellulite V5\" width=\"339\" height=\"401\" srcset=\"https:\/\/skbty.com\/wp-content\/uploads\/2024\/02\/11.jpg 790w, https:\/\/skbty.com\/wp-content\/uploads\/2024\/02\/11-254x300.jpg 254w, https:\/\/skbty.com\/wp-content\/uploads\/2024\/02\/11-768x908.jpg 768w, https:\/\/skbty.com\/wp-content\/uploads\/2024\/02\/11-600x709.jpg 600w\" sizes=\"auto, (max-width: 339px) 100vw, 339px\" \/><\/td>\n<td style=\"width: 50%;\"><img loading=\"lazy\" decoding=\"async\" class=\"aligncenter wp-image-2644\" title=\"Appareil anti-cellulite V5\" src=\"https:\/\/skbty.com\/wp-content\/uploads\/2024\/02\/12.jpg\" alt=\"Appareil anti-cellulite V5\" width=\"287\" height=\"547\" srcset=\"https:\/\/skbty.com\/wp-content\/uploads\/2024\/02\/12.jpg 790w, https:\/\/skbty.com\/wp-content\/uploads\/2024\/02\/12-158x300.jpg 158w, https:\/\/skbty.com\/wp-content\/uploads\/2024\/02\/12-538x1024.jpg 538w, https:\/\/skbty.com\/wp-content\/uploads\/2024\/02\/12-768x1462.jpg 768w, https:\/\/skbty.com\/wp-content\/uploads\/2024\/02\/12-600x1142.jpg 600w\" sizes=\"auto, (max-width: 287px) 100vw, 287px\" \/><\/td>\n<\/tr>\n<\/tbody>\n<\/table>\n<h3>Technologie HIFU<\/h3>\n<p>La technologie HIFU (ultrasons focalis\u00e9s de haute intensit\u00e9) cible la couche de graisse sous-cutan\u00e9e en convertissant l&#039;\u00e9nergie en points de condensation thermique pr\u00e9cis. Ce processus d\u00e9truit les cellules graisseuses ind\u00e9sirables, stimule la contraction et l&#039;\u00e9paississement du collag\u00e8ne et active les fibres \u00e9lastiques. Les cellules graisseuses d\u00e9compos\u00e9es sont converties en triglyc\u00e9rides et naturellement excr\u00e9t\u00e9es par le m\u00e9tabolisme du corps, ce qui permet un modelage corporel efficace.<\/p>\n<h3>Technologie RF<\/h3>\n<p>La technologie RF (Radio Fr\u00e9quence) p\u00e9n\u00e8tre l&#039;\u00e9piderme et cible les tissus sous-cutan\u00e9s. Elle entre en r\u00e9sonance avec les mol\u00e9cules d&#039;eau de la peau et des tissus sous-cutan\u00e9s, g\u00e9n\u00e9rant de la chaleur par frottement des tissus. Cette temp\u00e9rature \u00e9lev\u00e9e favorise le catabolisme de la graisse sous-cutan\u00e9e, stimule la prolif\u00e9ration du collag\u00e8ne et des fibres \u00e9lastiques et permet d&#039;obtenir des effets de raffermissement, de modelage et de lifting de la peau.<\/p>\n<h3>Caract\u00e9ristiques et avantages<\/h3>\n<ol>\n<li><strong>Technologie avanc\u00e9e<\/strong>:Combine les technologies HIFU et RF pour un amincissement complet du corps et un raffermissement de la peau.<\/li>\n<li><strong>R\u00e9duction efficace des graisses<\/strong>: HIFU cible et d\u00e9truit les cellules graisseuses ind\u00e9sirables, favorisant ainsi le remodelage du corps.<\/li>\n<li><strong>Raffermissement et lifting de la peau<\/strong>:La technologie RF stimule la production de collag\u00e8ne et de fibres \u00e9lastiques, am\u00e9liorant ainsi la fermet\u00e9 et l\u2019\u00e9lasticit\u00e9 de la peau.<\/li>\n<li><strong>Traitement non invasif<\/strong>:Le HIFU et le RF fournissent tous deux des r\u00e9sultats efficaces sans n\u00e9cessiter de chirurgie.<\/li>\n<li><strong>Double avantage<\/strong>:Offre \u00e0 la fois une r\u00e9duction de la graisse et un rajeunissement de la peau dans un seul appareil.<\/li>\n<\/ol>\n<h3>Applications<\/h3>\n<ul>\n<li><strong>Corps Amincissant<\/strong>:R\u00e9duit efficacement les graisses ind\u00e9sirables et favorise un contour du corps plus mince.<\/li>\n<li><strong>Raffermissement de la peau<\/strong>: Am\u00e9liore la fermet\u00e9 et l\u2019\u00e9lasticit\u00e9 de la peau, r\u00e9duisant ainsi l\u2019affaissement.<\/li>\n<li><strong>Lifting du visage<\/strong>: Am\u00e9liore les contours du visage en liftant et en resserrant la peau.<\/li>\n<li><strong>Stimulation du collag\u00e8ne<\/strong>:Stimule la production de collag\u00e8ne pour une peau plus saine et plus jeune.<\/li>\n<\/ul>\n<table style=\"border-collapse: collapse; width: 100%;\">\n<tbody>\n<tr>\n<td style=\"width: 50%;\"><img loading=\"lazy\" decoding=\"async\" class=\"aligncenter wp-image-2646\" title=\"Appareil anti-cellulite V5\" src=\"https:\/\/skbty.com\/wp-content\/uploads\/2024\/02\/14.png\" alt=\"Appareil anti-cellulite V5\" width=\"475\" height=\"278\" srcset=\"https:\/\/skbty.com\/wp-content\/uploads\/2024\/02\/14.png 890w, https:\/\/skbty.com\/wp-content\/uploads\/2024\/02\/14-300x176.png 300w, https:\/\/skbty.com\/wp-content\/uploads\/2024\/02\/14-768x450.png 768w, https:\/\/skbty.com\/wp-content\/uploads\/2024\/02\/14-600x351.png 600w\" sizes=\"auto, (max-width: 475px) 100vw, 475px\" \/><\/td>\n<td style=\"width: 50%;\"><img loading=\"lazy\" decoding=\"async\" class=\"aligncenter wp-image-2645\" title=\"Appareil anti-cellulite V5\" src=\"https:\/\/skbty.com\/wp-content\/uploads\/2024\/02\/13.jpg\" alt=\"Appareil anti-cellulite V5\" width=\"384\" height=\"522\" srcset=\"https:\/\/skbty.com\/wp-content\/uploads\/2024\/02\/13.jpg 790w, https:\/\/skbty.com\/wp-content\/uploads\/2024\/02\/13-220x300.jpg 220w, https:\/\/skbty.com\/wp-content\/uploads\/2024\/02\/13-753x1024.jpg 753w, https:\/\/skbty.com\/wp-content\/uploads\/2024\/02\/13-768x1045.jpg 768w, https:\/\/skbty.com\/wp-content\/uploads\/2024\/02\/13-600x816.jpg 600w\" sizes=\"auto, (max-width: 384px) 100vw, 384px\" \/><\/td>\n<\/tr>\n<\/tbody>\n<\/table>\n<h3><strong>Personnaliser Le Logo<\/strong><\/h3>\n<p>Vous voulez faire de votre marque de se d\u00e9marquer? Nous vous proposons logo personnalis\u00e9 de services pour vous aider \u00e0 cr\u00e9er un unique et personnalis\u00e9e de logo, qui refl\u00e8te l&#039;identit\u00e9 de votre marque. Notre \u00e9quipe d&#039;experts travaillera en \u00e9troite collaboration avec vous pour concevoir un logo qui r\u00e9sonne avec les valeurs de votre marque et de messagerie. Si vous \u00eates \u00e0 la recherche de r\u00e9organiser votre logo existant ou en cr\u00e9er un nouveau \u00e0 partir de z\u00e9ro, nous vous avons avons couvert. <a href=\"\/fr\/contact\/\">Contactez-nous<\/a> aujourd&#039;hui pour en savoir plus sur notre logo personnalis\u00e9 de services!<\/p>","protected":false},"excerpt":{"rendered":"<p>D\u00e9couvrez l&#039;\u00e9quipement de beaut\u00e9 V5, combinant les technologies HIFU et RF pour un amincissement corporel et un raffermissement cutan\u00e9 efficaces. Obtenez une apparence plus mince et plus jeune gr\u00e2ce \u00e0 des traitements avanc\u00e9s non invasifs.<\/p>","protected":false},"featured_media":2647,"comment_status":"open","ping_status":"closed","template":"","meta":{"_kad_post_transparent":"default","_kad_post_title":"","_kad_post_layout":"default","_kad_post_sidebar_id":"","_kad_post_content_style":"default","_kad_post_vertical_padding":"default","_kad_post_feature":"","_kad_post_feature_position":"","_kad_post_header":false,"_kad_post_footer":false,"_kad_post_classname":"","rank_math_title":"","rank_math_description":"","rank_math_focus_keyword":""},"product_brand":[],"product_cat":[31],"product_tag":[],"class_list":{"0":"post-2642","1":"product","2":"type-product","3":"status-publish","4":"has-post-thumbnail","6":"product_cat-body-slimming","8":"first","9":"instock","10":"shipping-taxable","11":"product-type-simple","12":"entry","13":"content-bg","14":"loop-entry"},"_links":{"self":[{"href":"https:\/\/skbty.com\/fr\/wp-json\/wp\/v2\/product\/2642","targetHints":{"allow":["GET"]}}],"collection":[{"href":"https:\/\/skbty.com\/fr\/wp-json\/wp\/v2\/product"}],"about":[{"href":"https:\/\/skbty.com\/fr\/wp-json\/wp\/v2\/types\/product"}],"replies":[{"embeddable":true,"href":"https:\/\/skbty.com\/fr\/wp-json\/wp\/v2\/comments?post=2642"}],"wp:featuredmedia":[{"embeddable":true,"href":"https:\/\/skbty.com\/fr\/wp-json\/wp\/v2\/media\/2647"}],"wp:attachment":[{"href":"https:\/\/skbty.com\/fr\/wp-json\/wp\/v2\/media?parent=2642"}],"wp:term":[{"taxonomy":"product_brand","embeddable":true,"href":"https:\/\/skbty.com\/fr\/wp-json\/wp\/v2\/product_brand?post=2642"},{"taxonomy":"product_cat","embeddable":true,"href":"https:\/\/skbty.com\/fr\/wp-json\/wp\/v2\/product_cat?post=2642"},{"taxonomy":"product_tag","embeddable":true,"href":"https:\/\/skbty.com\/fr\/wp-json\/wp\/v2\/product_tag?post=2642"}],"curies":[{"name":"Wp wp","href":"https:\/\/api.w.org\/{rel}","templated":true}]}}