{"id":2685,"date":"2024-03-08T16:28:03","date_gmt":"2024-03-08T08:28:03","guid":{"rendered":"https:\/\/skbty.com\/?post_type=product&#038;p=2685"},"modified":"2024-06-17T17:02:20","modified_gmt":"2024-06-17T09:02:20","slug":"machine-de-mesotherapie-hello-face","status":"publish","type":"product","link":"https:\/\/skbty.com\/fr\/produit\/machine-de-mesotherapie-hello-face\/","title":{"rendered":"Appareil de m\u00e9soth\u00e9rapie HELLO FACE"},"content":{"rendered":"<div class=\"J_module\">\n<div class=\"detail-decorate-json-renderer-container\">\n<div class=\"magic-1\"><\/div>\n<\/div>\n<\/div>\n<div class=\"J_module\">\n<div class=\"icbu-pc-images magic-8\">\n<div class=\"flex-layout-v\">\n<div class=\"flex-layout-h magic-8\">\n<h3>Qu&#039;est-ce que la machine de m\u00e9soth\u00e9rapie HELLO FACE ?<\/h3>\n<p><strong>Appareil de m\u00e9soth\u00e9rapie HELLO FACE<\/strong> utilise une technologie avanc\u00e9e de pulv\u00e9risation \u00e0 haute pression pour convertir les solutions nutritives en nanomol\u00e9cules, p\u00e9n\u00e9trant instantan\u00e9ment la peau. Maintenue \u00e0 une temp\u00e9rature constante de 36 degr\u00e9s Celsius, la peau subit un effet rafra\u00eechissant imm\u00e9diat, activant la circulation sanguine et ouvrant les pores. Cela permet aux mol\u00e9cules ultrafines d&#039;atteindre les couches plus profondes de la peau, fournissant des nutriments qui r\u00e9veillent la r\u00e9g\u00e9n\u00e9ration cellulaire, r\u00e9parent les cellules endommag\u00e9es et restaurent la fonction barri\u00e8re de la peau. Cet appareil s&#039;attaque aux probl\u00e8mes de peau \u00e0 leur racine, am\u00e9liore la r\u00e9sistance de la peau et favorise une peau plus saine. Il fonctionne en combinaison avec divers produits hydratants, r\u00e9parateurs et anti-\u00e2ge pour obtenir des r\u00e9sultats optimaux.<\/p>\n<h3>Principe de fonctionnement<\/h3>\n<p><strong>Technologie de super transmission HELLO FACE II<\/strong><\/p>\n<p>L&#039;appareil HELLO FACE II utilise une technologie de jet haute pression pour projeter instantan\u00e9ment des solutions nutritives dans de petites nanomol\u00e9cules. Ces mol\u00e9cules p\u00e9n\u00e8trent profond\u00e9ment dans la peau, couche par couche, d\u00e9livrant des nutriments qui stimulent la r\u00e9g\u00e9n\u00e9ration cellulaire et r\u00e9parent les cellules endommag\u00e9es. Cette technologie am\u00e9liore la r\u00e9sistance de la peau, favorise la sant\u00e9 globale de la peau et fonctionne efficacement avec des produits hydratants, r\u00e9parateurs et anti-\u00e2ge pour obtenir des r\u00e9sultats parfaits.<\/p>\n<h3>Avantages<\/h3>\n<ul>\n<li><strong>Technologie de pointe<\/strong>: \u00c0 la pointe des nouvelles exp\u00e9riences de soins de la peau.<\/li>\n<li><strong>Haute technologie et non invasif<\/strong>:Offre des traitements indolores et non invasifs.<\/li>\n<li><strong>Une peau plus jeune<\/strong>:Favorise une peau jeune et riche en collag\u00e8ne.<\/li>\n<\/ul>\n<h3>Caract\u00e9ristiques<\/h3>\n<ul>\n<li><strong>Nom<\/strong>: Appareil de m\u00e9soth\u00e9rapie Hello Face<\/li>\n<li><strong>Caract\u00e9ristiques<\/strong>: Anti-rides, raffermissement de la peau, anti-\u00e2ge, raffermissement, revitalisant de la peau, blanchiment, rajeunissement de la peau, \u00e9limination des imperfections, hydratant, nettoyeur de pores.<\/li>\n<li><strong>Service<\/strong>:Fabricant d&#039;\u00e9quipement d&#039;origine \/ ODM<\/li>\n<li><strong>Tension<\/strong>:CA 210V-240V<\/li>\n<li><strong>Tension de fonctionnement<\/strong>: 24V<\/li>\n<li><strong>Pression atmosph\u00e9rique<\/strong>: 1 MPA<\/li>\n<li><strong>Pouvoir<\/strong>: 140 W<\/li>\n<li><strong>Taille<\/strong>: 38<em>31<\/em>24 cm<\/li>\n<li><strong>Poids brut<\/strong>: 6,8 kg<\/li>\n<\/ul>\n<table style=\"border-collapse: collapse; width: 100%;\">\n<tbody>\n<tr>\n<td style=\"width: 33.311%;\"><img loading=\"lazy\" decoding=\"async\" class=\"magic-19 aligncenter\" title=\"Appareil de m\u00e9soth\u00e9rapie HELLO FACE\" src=\"https:\/\/sc04.alicdn.com\/kf\/H8bb0410966ba41b18b472670e6618d2cW\/247315878\/H8bb0410966ba41b18b472670e6618d2cW.jpg\" alt=\"Appareil de m\u00e9soth\u00e9rapie HELLO FACE\" width=\"309\" height=\"384\" data-src=\"\/\/sc04.alicdn.com\/kf\/H8bb0410966ba41b18b472670e6618d2cW\/247315878\/H8bb0410966ba41b18b472670e6618d2cW.jpg\" \/><\/td>\n<td style=\"width: 35.0983%;\"><img loading=\"lazy\" decoding=\"async\" class=\"magic-21 aligncenter\" title=\"Appareil de m\u00e9soth\u00e9rapie HELLO FACE\" src=\"https:\/\/sc04.alicdn.com\/kf\/H7e69602adb5e46528734352c165cfc8bM\/247315878\/H7e69602adb5e46528734352c165cfc8bM.jpg\" alt=\"Appareil de m\u00e9soth\u00e9rapie HELLO FACE\" width=\"415\" height=\"418\" data-src=\"\/\/sc04.alicdn.com\/kf\/H7e69602adb5e46528734352c165cfc8bM\/247315878\/H7e69602adb5e46528734352c165cfc8bM.jpg\" \/><\/td>\n<td style=\"width: 31.5907%;\"><img loading=\"lazy\" decoding=\"async\" class=\"magic-33 aligncenter\" title=\"Appareil de m\u00e9soth\u00e9rapie HELLO FACE\" src=\"https:\/\/sc04.alicdn.com\/kf\/H601523f71c1646f8a2003eb91d514bd0A\/247315878\/H601523f71c1646f8a2003eb91d514bd0A.jpg\" alt=\"Appareil de m\u00e9soth\u00e9rapie HELLO FACE\" width=\"273\" height=\"461\" data-src=\"\/\/sc04.alicdn.com\/kf\/H601523f71c1646f8a2003eb91d514bd0A\/247315878\/H601523f71c1646f8a2003eb91d514bd0A.jpg\" \/><\/td>\n<\/tr>\n<\/tbody>\n<\/table>\n<h3>Avantages et fonctionnalit\u00e9s<\/h3>\n<ol>\n<li><strong>Technologie avanc\u00e9e<\/strong>:Utilise la technologie de jet haute pression pour une p\u00e9n\u00e9tration profonde de la peau.<\/li>\n<li><strong>Temp\u00e9rature constante<\/strong>:Maintient une temp\u00e9rature constante de 36 degr\u00e9s Celsius pour une absorption cutan\u00e9e optimale.<\/li>\n<li><strong>Effet imm\u00e9diat<\/strong>:Active la circulation sanguine, ouvre les pores et fournit des nutriments instantan\u00e9ment.<\/li>\n<li><strong>R\u00e9g\u00e9n\u00e9ration cellulaire<\/strong>:Stimule la r\u00e9g\u00e9n\u00e9ration cellulaire et r\u00e9pare les cellules endommag\u00e9es.<\/li>\n<li><strong>R\u00e9paration de la fonction barri\u00e8re<\/strong>:Restaure la fonction barri\u00e8re de la peau pour une peau plus saine.<\/li>\n<li><strong>Soins complets de la peau<\/strong>:Fonctionne avec des produits hydratants, r\u00e9parateurs et anti-\u00e2ge pour obtenir les meilleurs r\u00e9sultats.<\/li>\n<\/ol>\n<table style=\"border-collapse: collapse; width: 100%;\">\n<tbody>\n<tr>\n<td style=\"width: 50%;\"><img loading=\"lazy\" decoding=\"async\" class=\"magic-25 aligncenter\" title=\"Appareil de m\u00e9soth\u00e9rapie HELLO FACE\" src=\"https:\/\/sc04.alicdn.com\/kf\/H28aecbc8fde6430fa2efd2d9d75984faI\/247315878\/H28aecbc8fde6430fa2efd2d9d75984faI.jpg\" alt=\"Appareil de m\u00e9soth\u00e9rapie HELLO FACE\" width=\"431\" height=\"582\" data-src=\"\/\/sc04.alicdn.com\/kf\/H28aecbc8fde6430fa2efd2d9d75984faI\/247315878\/H28aecbc8fde6430fa2efd2d9d75984faI.jpg\" \/><\/td>\n<td style=\"width: 50%;\"><img loading=\"lazy\" decoding=\"async\" class=\"magic-27 aligncenter\" title=\"Appareil de m\u00e9soth\u00e9rapie HELLO FACE\" src=\"https:\/\/sc04.alicdn.com\/kf\/H8c508d6eefac429aabd7cd5ad074a82bS\/247315878\/H8c508d6eefac429aabd7cd5ad074a82bS.jpg\" alt=\"Appareil de m\u00e9soth\u00e9rapie HELLO FACE\" width=\"359\" height=\"631\" data-src=\"\/\/sc04.alicdn.com\/kf\/H8c508d6eefac429aabd7cd5ad074a82bS\/247315878\/H8c508d6eefac429aabd7cd5ad074a82bS.jpg\" \/><\/td>\n<\/tr>\n<\/tbody>\n<\/table>\n<h3>Applications<\/h3>\n<ul>\n<li><strong>\u00c9limination des rides<\/strong>:R\u00e9duit efficacement les rides et les ridules.<\/li>\n<li><strong>Raffermissement de la peau<\/strong>: Raffermit et raffermit la peau.<\/li>\n<li><strong>Anti-\u00e2ge<\/strong>:Combat les signes du vieillissement pour une apparence plus jeune.<\/li>\n<li><strong>Revitalisation de la peau<\/strong>: Revitalise et rajeunit la peau.<\/li>\n<li><strong>Blanchiment<\/strong>: Am\u00e9liore le teint de la peau et r\u00e9duit les imperfections.<\/li>\n<li><strong>Hydratant<\/strong>:Hydrate la peau en profondeur.<\/li>\n<li><strong>Nettoyage des pores<\/strong>:Nettoie et minimise les pores pour un teint plus lisse.<\/li>\n<\/ul>\n<\/div>\n<\/div>\n<\/div>\n<\/div>\n<div class=\"J_module\">\n<div class=\"icbu-pc-images magic-8\">\n<div class=\"flex-layout-v\">\n<div class=\"flex-layout-h magic-8\">\n<div class=\"magic-30\">\n<h3><strong>Personnaliser Le Logo<\/strong><\/h3>\n<p>Vous voulez faire de votre marque de se d\u00e9marquer? Nous vous proposons logo personnalis\u00e9 de services pour vous aider \u00e0 cr\u00e9er un unique et personnalis\u00e9e de logo, qui refl\u00e8te l&#039;identit\u00e9 de votre marque. Notre \u00e9quipe d&#039;experts travaillera en \u00e9troite collaboration avec vous pour concevoir un logo qui r\u00e9sonne avec les valeurs de votre marque et de messagerie. Si vous \u00eates \u00e0 la recherche de r\u00e9organiser votre logo existant ou en cr\u00e9er un nouveau \u00e0 partir de z\u00e9ro, nous vous avons avons couvert. <a href=\"\/fr\/contact\/\">Contactez-nous<\/a> aujourd&#039;hui pour en savoir plus sur notre logo personnalis\u00e9 de services!<\/p>\n<\/div>\n<\/div>\n<\/div>\n<\/div>\n<\/div>\n<div class=\"J_module\">\n<div class=\"icbu-pc-images magic-8\">\n<div class=\"flex-layout-v\">\n<div class=\"flex-layout-h magic-8\">\n<div class=\"magic-32\"><\/div>\n<\/div>\n<\/div>\n<\/div>\n<\/div>\n<div class=\"J_module\">\n<div class=\"icbu-pc-images magic-8\">\n<div class=\"flex-layout-v\">\n<div class=\"flex-layout-h magic-8\">\n<div class=\"magic-34\"><\/div>\n<\/div>\n<\/div>\n<\/div>\n<\/div>\n<div class=\"J_module\">\n<div class=\"icbu-pc-images magic-8\">\n<div>\n<div class=\"flex-layout-v\">\n<div class=\"flex-layout-h magic-8\"><\/div>\n<\/div>\n<\/div>\n<\/div>\n<\/div>\n<div class=\"J_module\">\n<div class=\"icbu-pc-detailManyImage magic-40\">\n<div class=\"magic-41\"><\/div>\n<\/div>\n<\/div>","protected":false},"excerpt":{"rendered":"<p>La solution nutritive est instantan\u00e9ment transform\u00e9e en petites nanomol\u00e9cules gr\u00e2ce \u00e0 la technologie de pulv\u00e9risation \u00e0 haute pression. Le produit est maintenu \u00e0 une temp\u00e9rature constante de 36 degr\u00e9s Celsius. La peau se refroidit instantan\u00e9ment et r\u00e9agit, activant la circulation sanguine pour ouvrir les pores de la peau, de sorte que l&#039;essence nutritive \u00e0 petites mol\u00e9cules ultrafines p\u00e9n\u00e8tre en une microseconde. La couche inf\u00e9rieure de la peau lib\u00e8re les nutriments dans la peau couche par couche, r\u00e9veillant la fonction de r\u00e9g\u00e9n\u00e9ration cellulaire.<\/p>","protected":false},"featured_media":2686,"comment_status":"open","ping_status":"closed","template":"","meta":{"_kad_post_transparent":"default","_kad_post_title":"","_kad_post_layout":"default","_kad_post_sidebar_id":"","_kad_post_content_style":"default","_kad_post_vertical_padding":"default","_kad_post_feature":"","_kad_post_feature_position":"","_kad_post_header":false,"_kad_post_footer":false,"_kad_post_classname":"","rank_math_title":"","rank_math_description":"","rank_math_focus_keyword":""},"product_brand":[],"product_cat":[33],"product_tag":[],"class_list":{"0":"post-2685","1":"product","2":"type-product","3":"status-publish","4":"has-post-thumbnail","6":"product_cat-face-care","8":"first","9":"instock","10":"shipping-taxable","11":"product-type-simple","12":"entry","13":"content-bg","14":"loop-entry"},"_links":{"self":[{"href":"https:\/\/skbty.com\/fr\/wp-json\/wp\/v2\/product\/2685","targetHints":{"allow":["GET"]}}],"collection":[{"href":"https:\/\/skbty.com\/fr\/wp-json\/wp\/v2\/product"}],"about":[{"href":"https:\/\/skbty.com\/fr\/wp-json\/wp\/v2\/types\/product"}],"replies":[{"embeddable":true,"href":"https:\/\/skbty.com\/fr\/wp-json\/wp\/v2\/comments?post=2685"}],"wp:featuredmedia":[{"embeddable":true,"href":"https:\/\/skbty.com\/fr\/wp-json\/wp\/v2\/media\/2686"}],"wp:attachment":[{"href":"https:\/\/skbty.com\/fr\/wp-json\/wp\/v2\/media?parent=2685"}],"wp:term":[{"taxonomy":"product_brand","embeddable":true,"href":"https:\/\/skbty.com\/fr\/wp-json\/wp\/v2\/product_brand?post=2685"},{"taxonomy":"product_cat","embeddable":true,"href":"https:\/\/skbty.com\/fr\/wp-json\/wp\/v2\/product_cat?post=2685"},{"taxonomy":"product_tag","embeddable":true,"href":"https:\/\/skbty.com\/fr\/wp-json\/wp\/v2\/product_tag?post=2685"}],"curies":[{"name":"Wp wp","href":"https:\/\/api.w.org\/{rel}","templated":true}]}}