{"id":2692,"date":"2024-03-08T16:42:03","date_gmt":"2024-03-08T08:42:03","guid":{"rendered":"https:\/\/skbty.com\/?post_type=product&#038;p=2692"},"modified":"2024-06-17T16:30:43","modified_gmt":"2024-06-17T08:30:43","slug":"appareil-de-massage-a-billes-internes","status":"publish","type":"product","link":"https:\/\/skbty.com\/fr\/produit\/appareil-de-massage-a-billes-internes\/","title":{"rendered":"Appareil de massage \u00e0 billes internes"},"content":{"rendered":"<div class=\"J_module\">\n<div class=\"detail-decorate-json-renderer-container\">\n<div class=\"magic-1\">\n<div class=\"magic-2\">\n<div class=\"magic-3\">\n<div>\n<h3>Qu&#039;est-ce que la machine de massage \u00e0 rouleaux \u00e0 billes internes ?<\/h3>\n<p><strong>Le rouleau \u00e0 billes int\u00e9rieur<\/strong> est une machine de modelage corporel de pointe, reconnue mondialement. Utilisant une technologie innovante de micro-vibration par compression, elle am\u00e9liore le drainage lymphatique, stimule la circulation sanguine, r\u00e9duit et am\u00e9liore la cellulite, inverse les signes du vieillissement, tonifie les muscles et aide \u00e0 la d\u00e9toxification. Elle peut \u00eatre utilis\u00e9e aussi bien sur le visage que sur le corps, les cuisses, les fesses et le haut des bras \u00e9tant les zones de traitement les plus populaires.<\/p>\n<p><img loading=\"lazy\" decoding=\"async\" class=\"magic-8 aligncenter\" title=\"Appareil de massage \u00e0 billes internes\" src=\"https:\/\/sc04.alicdn.com\/kf\/Hc470fc6b3f8b4adcbdf42de4e32f6260g\/247315878\/Hc470fc6b3f8b4adcbdf42de4e32f6260g.jpg\" alt=\"Appareil de massage \u00e0 billes internes\" width=\"473\" height=\"363\" data-src=\"\/\/sc04.alicdn.com\/kf\/Hc470fc6b3f8b4adcbdf42de4e32f6260g\/247315878\/Hc470fc6b3f8b4adcbdf42de4e32f6260g.jpg\" \/><\/p>\n<p><strong>Caract\u00e9ristiques:<\/strong><\/p>\n<ul>\n<li><strong>Taille de l&#039;\u00e9cran :<\/strong> Grand \u00e9cran LCD de 10,4 pouces<\/li>\n<li><strong>Nombre de poign\u00e9es :<\/strong> 2<\/li>\n<li><strong>Technologie:<\/strong> Micro-vibration de compression + infrarouge<\/li>\n<li><strong>Fr\u00e9quence de sortie :<\/strong> 40-355 Hz<\/li>\n<li><strong>Tension d&#039;entr\u00e9e :<\/strong> CA 110 V\/220 V<\/li>\n<li><strong>Puissance de sortie :<\/strong> 10-300 W<\/li>\n<li><strong>Fusible:<\/strong> 5A<\/li>\n<li><strong>Taille de la bo\u00eete \u00e0 air :<\/strong> 46\u00d752\u00d735cm<\/li>\n<li><strong>Poids total :<\/strong> 13 kg<\/li>\n<\/ul>\n<h3>Principe de fonctionnement<\/h3>\n<p>La machine Inner Ball Roller utilise une micro-vibration de compression non invasive combin\u00e9e \u00e0 une technologie infrarouge. Les billes de silicone tournent \u00e0 360\u00b0 le long des rouleaux, g\u00e9n\u00e9rant un effet de \u00ab compression pulsatoire \u00bb. Ce mouvement continu de pouss\u00e9e, de traction et de p\u00e9trissage exerce une pression sur la peau, stimulant l&#039;activit\u00e9 cellulaire, la circulation sanguine et l&#039;oxyg\u00e9nation. Les amas graisseux sont d\u00e9compos\u00e9s et d\u00e9compos\u00e9s, r\u00e9duisant ainsi la cellulite. Le massage des tissus profonds adoucit et \u00e9tire \u00e9galement les muscles, r\u00e9duisant ainsi la raideur, acc\u00e9l\u00e9rant le m\u00e9tabolisme et favorisant la d\u00e9toxification. De plus, il stimule les fibroblastes pour augmenter la production de collag\u00e8ne et d&#039;\u00e9lastine, ce qui donne une peau plus lisse, plus ferme et plus jeune.<\/p>\n<h3><img loading=\"lazy\" decoding=\"async\" class=\"magic-20 aligncenter\" title=\"Appareil de massage \u00e0 billes internes\" src=\"https:\/\/sc04.alicdn.com\/kf\/H542d399a3e6a44e1aabae96cf61fc452V\/247315878\/H542d399a3e6a44e1aabae96cf61fc452V.png\" alt=\"Appareil de massage \u00e0 billes internes\" width=\"662\" height=\"370\" data-src=\"\/\/sc04.alicdn.com\/kf\/H542d399a3e6a44e1aabae96cf61fc452V\/247315878\/H542d399a3e6a44e1aabae96cf61fc452V.png\" \/><\/h3>\n<h3>Fonctions<\/h3>\n<ul>\n<li><strong>\u00c9limination de la cellulite :<\/strong> R\u00e9duit et am\u00e9liore efficacement l\u2019apparence de la cellulite.<\/li>\n<li><strong>Am\u00e9lioration de la circulation sanguine :<\/strong> Am\u00e9liore la circulation sanguine locale.<\/li>\n<li><strong>Fermet\u00e9 de la peau :<\/strong> Raffermit et raffermit la peau.<\/li>\n<li><strong>Tonification musculaire :<\/strong> Tonifie et d\u00e9tend les muscles.<\/li>\n<li><strong>Production de collag\u00e8ne :<\/strong> Stimule la production de collag\u00e8ne et d&#039;\u00e9lastine.<\/li>\n<li><strong>Nourrissement de la peau :<\/strong> Illumine et nourrit la peau.<\/li>\n<li><strong>Minimisation des rides d&#039;expression :<\/strong> R\u00e9duit les ridules.<\/li>\n<li><strong>Anti-affaissement :<\/strong> Pr\u00e9vient et r\u00e9duit le rel\u00e2chement cutan\u00e9.<\/li>\n<li><strong>Soulagement de la douleur :<\/strong> Soulage la douleur en r\u00e9duisant l\u2019inflammation des tissus.<\/li>\n<\/ul>\n<h3><img loading=\"lazy\" decoding=\"async\" class=\"magic-23 aligncenter\" title=\"Appareil de massage \u00e0 billes internes\" src=\"https:\/\/sc04.alicdn.com\/kf\/H0e2cb347cd8447cb9d0bdfb4370ef8e8o\/247315878\/H0e2cb347cd8447cb9d0bdfb4370ef8e8o.jpg\" alt=\"Appareil de massage \u00e0 billes internes\" width=\"466\" height=\"436\" data-src=\"\/\/sc04.alicdn.com\/kf\/H0e2cb347cd8447cb9d0bdfb4370ef8e8o\/247315878\/H0e2cb347cd8447cb9d0bdfb4370ef8e8o.jpg\" \/><\/h3>\n<h3>Caract\u00e9ristiques<\/h3>\n<ol>\n<li><strong>Poign\u00e9e de tambour rotative intelligente \u00e0 360\u00b0 :<\/strong> Assure un fonctionnement continu, s\u00fbr et stable.<\/li>\n<li><strong>Affichage LED :<\/strong> Affiche l&#039;heure et la vitesse, ce qui facilite le contr\u00f4le et le r\u00e9glage.<\/li>\n<li><strong>Interrupteur de direction \u00e0 une touche :<\/strong> Permet de basculer facilement entre la marche avant et la marche arri\u00e8re.<\/li>\n<li><strong>Boule en silicone souple :<\/strong> Assure un processus de roulage doux et fluide sans picotement.<\/li>\n<li><strong>Fonctionnement sans effort :<\/strong> Pas besoin de massage laborieux, assurant une utilisation simple et s\u00fbre.<\/li>\n<\/ol>\n<h3>Applications<\/h3>\n<h4>Soin du visage et du cou<\/h4>\n<ol>\n<li><strong>R\u00e9duction des rides :<\/strong> R\u00e9duit les rides caus\u00e9es par le soleil et le stress, laissant la peau rajeunie et radieuse.<\/li>\n<li><strong>\u00c9claircissement du teint :<\/strong> Stimule l&#039;oxyg\u00e9nation, redonnant un \u00e9clat sain.<\/li>\n<li><strong>Relaxation et tonification musculaire :<\/strong> D\u00e9tend et tonifie les muscles du visage, am\u00e9liorant l\u2019apparence et le teint de la peau.<\/li>\n<li><strong>Restauration de la vitalit\u00e9 :<\/strong> Am\u00e9liore le teint, r\u00e9duit les cernes et les poches sous les yeux et stimule la production de collag\u00e8ne et d&#039;\u00e9lastine pour une peau plus ferme et plus lisse.<\/li>\n<\/ol>\n<h4>Soin du corps<\/h4>\n<ol>\n<li><strong>R\u00e9duction de la cellulite :<\/strong> R\u00e9duit les cellules graisseuses et la r\u00e9tention d\u2019eau, am\u00e9liorant ainsi les zones \u00e0 probl\u00e8mes.<\/li>\n<li><strong>Circulation lymphatique :<\/strong> Active la circulation sanguine et lymphatique locale.<\/li>\n<li><strong>Am\u00e9lioration du tonus et de la texture :<\/strong> Tonifie et resserre les tissus, produisant un teint plus jeune.<\/li>\n<\/ol>\n<h3>Effets<\/h3>\n<p>La synergie des micro-vibrations de compression m\u00e9canique et des rayons infrarouges am\u00e9liore la circulation sanguine, le flux lymphatique et d\u00e9compose les agr\u00e9gats graisseux. Elle r\u00e9duit la cellulite, raffermit la peau et remod\u00e8le le corps d\u00e8s les premiers soins. L&#039;am\u00e9lioration du flux sanguin et du m\u00e9tabolisme favorise la r\u00e9organisation des tissus, la d\u00e9toxification et am\u00e9liore l&#039;apparence de la cellulite.<\/p>\n<p><img loading=\"lazy\" decoding=\"async\" class=\"magic-28 aligncenter\" title=\"Appareil de massage \u00e0 billes internes\" src=\"https:\/\/sc04.alicdn.com\/kf\/H81b16f5c732140efae6eb2f92802a79be\/247315878\/H81b16f5c732140efae6eb2f92802a79be.png\" alt=\"Appareil de massage \u00e0 billes internes\" width=\"406\" height=\"486\" data-src=\"\/\/sc04.alicdn.com\/kf\/H81b16f5c732140efae6eb2f92802a79be\/247315878\/H81b16f5c732140efae6eb2f92802a79be.png\" \/><\/p>\n<h3>Observations cliniques<\/h3>\n<p>Des \u00e9tudes cliniques ont montr\u00e9 que la th\u00e9rapie par micro-vibrations par compression est efficace pour stimuler le volume sanguin, augmenter l&#039;oxyg\u00e9nation, am\u00e9liorer le drainage lymphatique et renforcer la microcirculation. Elle est \u00e9galement id\u00e9ale pour traiter la stase veineuse et \u00e9liminer les toxines.<\/p>\n<\/div>\n<div><\/div>\n<\/div>\n<\/div>\n<\/div>\n<\/div>\n<\/div>\n<div class=\"J_module\">\n<div class=\"detail-decorate-json-renderer-container\">\n<div class=\"magic-1\">\n<div class=\"magic-2\">\n<div class=\"magic-3\">\n<div class=\"magic-4\">\n<h3><strong>Personnaliser Le Logo<\/strong><\/h3>\n<p>Vous voulez faire de votre marque de se d\u00e9marquer? Nous vous proposons logo personnalis\u00e9 de services pour vous aider \u00e0 cr\u00e9er un unique et personnalis\u00e9e de logo, qui refl\u00e8te l&#039;identit\u00e9 de votre marque. Notre \u00e9quipe d&#039;experts travaillera en \u00e9troite collaboration avec vous pour concevoir un logo qui r\u00e9sonne avec les valeurs de votre marque et de messagerie. Si vous \u00eates \u00e0 la recherche de r\u00e9organiser votre logo existant ou en cr\u00e9er un nouveau \u00e0 partir de z\u00e9ro, nous vous avons avons couvert. <a href=\"\/fr\/contact\/\">Contactez-nous<\/a> aujourd&#039;hui pour en savoir plus sur notre logo personnalis\u00e9 de services!<\/p>\n<\/div>\n<\/div>\n<\/div>\n<\/div>\n<\/div>\n<\/div>\n<div class=\"J_module\">\n<div class=\"icbu-pc-images magic-6\">\n<div class=\"flex-layout-v\">\n<div class=\"flex-layout-h magic-6\">\n<div class=\"magic-19\"><\/div>\n<\/div>\n<\/div>\n<\/div>\n<\/div>\n<div class=\"J_module\">\n<div class=\"detail-decorate-json-renderer-container\">\n<div class=\"magic-1\">\n<div><\/div>\n<\/div>\n<\/div>\n<\/div>\n<div class=\"J_module\">\n<div class=\"detail-decorate-json-renderer-container\">\n<div class=\"magic-1\">\n<div class=\"magic-2\">\n<div class=\"magic-3\">\n<div class=\"magic-4\">\n<div><\/div>\n<\/div>\n<\/div>\n<\/div>\n<\/div>\n<\/div>\n<\/div>\n<div class=\"J_module\">\n<div class=\"icbu-pc-images magic-6\">\n<div class=\"flex-layout-v\">\n<div class=\"flex-layout-h magic-6\">\n<div class=\"magic-27\"><\/div>\n<\/div>\n<\/div>\n<\/div>\n<\/div>","protected":false},"excerpt":{"rendered":"<p><span class=\"magic-5\" style=\"font-family: Arial;\"><span data-spm-anchor-id=\"a2700.details.0.i61.27b89d639KtIbM\">Le rouleau \u00e0 billes int\u00e9rieur est une machine de modelage corporel de pointe, reconnue mondialement. Gr\u00e2ce \u00e0 une micro-vibration de compression innovante, il am\u00e9liore le drainage lymphatique, augmente la circulation sanguine, am\u00e9liore la cellulite, r\u00e9duit la cellulite, inverse les signes du vieillissement, tonifie les muscles, traite la d\u00e9toxification. Peut \u00eatre utilis\u00e9 sur le visage et le corps. Les zones les plus populaires pour le traitement sont les cuisses, les fesses et le haut des bras.<\/span><\/span><\/p>","protected":false},"featured_media":2693,"comment_status":"open","ping_status":"closed","template":"","meta":{"_kad_post_transparent":"default","_kad_post_title":"","_kad_post_layout":"default","_kad_post_sidebar_id":"","_kad_post_content_style":"default","_kad_post_vertical_padding":"default","_kad_post_feature":"","_kad_post_feature_position":"","_kad_post_header":false,"_kad_post_footer":false,"_kad_post_classname":"","rank_math_title":"","rank_math_description":"","rank_math_focus_keyword":""},"product_brand":[],"product_cat":[31],"product_tag":[],"class_list":{"0":"post-2692","1":"product","2":"type-product","3":"status-publish","4":"has-post-thumbnail","6":"product_cat-body-slimming","8":"first","9":"instock","10":"shipping-taxable","11":"product-type-simple","12":"entry","13":"content-bg","14":"loop-entry"},"_links":{"self":[{"href":"https:\/\/skbty.com\/fr\/wp-json\/wp\/v2\/product\/2692","targetHints":{"allow":["GET"]}}],"collection":[{"href":"https:\/\/skbty.com\/fr\/wp-json\/wp\/v2\/product"}],"about":[{"href":"https:\/\/skbty.com\/fr\/wp-json\/wp\/v2\/types\/product"}],"replies":[{"embeddable":true,"href":"https:\/\/skbty.com\/fr\/wp-json\/wp\/v2\/comments?post=2692"}],"wp:featuredmedia":[{"embeddable":true,"href":"https:\/\/skbty.com\/fr\/wp-json\/wp\/v2\/media\/2693"}],"wp:attachment":[{"href":"https:\/\/skbty.com\/fr\/wp-json\/wp\/v2\/media?parent=2692"}],"wp:term":[{"taxonomy":"product_brand","embeddable":true,"href":"https:\/\/skbty.com\/fr\/wp-json\/wp\/v2\/product_brand?post=2692"},{"taxonomy":"product_cat","embeddable":true,"href":"https:\/\/skbty.com\/fr\/wp-json\/wp\/v2\/product_cat?post=2692"},{"taxonomy":"product_tag","embeddable":true,"href":"https:\/\/skbty.com\/fr\/wp-json\/wp\/v2\/product_tag?post=2692"}],"curies":[{"name":"Wp wp","href":"https:\/\/api.w.org\/{rel}","templated":true}]}}