{"id":2700,"date":"2024-04-03T15:16:36","date_gmt":"2024-04-03T07:16:36","guid":{"rendered":"https:\/\/skbty.com\/?post_type=product&#038;p=2700"},"modified":"2025-12-05T19:09:31","modified_gmt":"2025-12-05T11:09:31","slug":"appareil-de-massage-roulant-a-micro-vibrations","status":"publish","type":"product","link":"https:\/\/skbty.com\/fr\/produit\/appareil-de-massage-roulant-a-micro-vibrations\/","title":{"rendered":"Appareil de massage roulant \u00e0 micro-vibrations"},"content":{"rendered":"<div id=\"module_product_packaging_and_quick_detail\">\n<div class=\"widget-detail-overview\">\n<h3>Description du massage roulant<\/h3>\n<p>Pr\u00e9sentation de la machine de massage \u00e0 micro-vibrations, un instrument \u00e0 billes \u00e9lectriques avanc\u00e9 con\u00e7u pour cibler les tissus et les muscles avec pr\u00e9cision. L&#039;appareil pr\u00e9sente une conception cylindrique compos\u00e9e de plusieurs billes roulantes, utilisant la pression des micro-vibrations pour fournir une th\u00e9rapie de massage efficace. La \u00ab configuration en nid d&#039;abeille \u00bb unique des billes s&#039;aligne sur des courbes ergonomiques, cr\u00e9ant des mouvements puls\u00e9s et rythm\u00e9s qui rendent l&#039;op\u00e9ration plus efficace, plus puissante et plus p\u00e9n\u00e9trante.<\/p>\n<p style=\"text-align: center;\"><iframe loading=\"lazy\" src=\"\/\/www.youtube.com\/embed\/L7FbNVF0yFg\" width=\"560\" height=\"314\" allowfullscreen=\"allowfullscreen\"><\/iframe><\/p>\n<div data-spm-anchor-id=\"a2700.details.0.i61.57065ba5t7RUMd\">\n<p><img loading=\"lazy\" decoding=\"async\" class=\"magic-8 aligncenter\" title=\"Massage par roulement\" src=\"https:\/\/sc04.alicdn.com\/kf\/H14e7e9450be84060b0aa2613cc8770ebh\/247315878\/H14e7e9450be84060b0aa2613cc8770ebh.jpg\" alt=\"Massage par roulement\" width=\"472\" height=\"472\" data-src=\"\/\/sc04.alicdn.com\/kf\/H14e7e9450be84060b0aa2613cc8770ebh\/247315878\/H14e7e9450be84060b0aa2613cc8770ebh.jpg\" \/><\/p>\n<\/div>\n<h3>D\u00e9tails du produit<\/h3>\n<ul>\n<li><strong>Nom du produit<\/strong>: Machine \u00e0 rouler \u00e0 micro-vibrations<\/li>\n<li><strong>Caract\u00e9ristiques<\/strong>: 55*7,2 cm<\/li>\n<li><strong>Puissance maximale<\/strong>: 40 W<\/li>\n<li><strong>Alimentation \u00e9lectrique<\/strong>: 12V 1A<\/li>\n<li><strong>Poids<\/strong>: 1200g<\/li>\n<\/ul>\n<h3>Avantages<\/h3>\n<p>La machine \u00e0 rouler \u00e0 micro-vibrations est \u00e9quip\u00e9e de 39 billes de roulement de 25 mm de diam\u00e8tre chacune. Le cylindre tourne \u00e0 une fr\u00e9quence de 40 \u00e0 320 Hz, r\u00e9glable en fonction des diff\u00e9rentes parties du corps. Sa conception \u00e0 double poign\u00e9e assure une r\u00e9partition uniforme de la force et une facilit\u00e9 d&#039;utilisation.<\/p>\n<h3><img loading=\"lazy\" decoding=\"async\" class=\"magic-8 aligncenter\" title=\"Massage par roulement\" src=\"https:\/\/sc04.alicdn.com\/kf\/H268ec1c00f264a20a2b18321871d3de9c\/247315878\/H268ec1c00f264a20a2b18321871d3de9c.jpg\" alt=\"Massage par roulement\" width=\"466\" height=\"466\" data-src=\"\/\/sc04.alicdn.com\/kf\/H268ec1c00f264a20a2b18321871d3de9c\/247315878\/H268ec1c00f264a20a2b18321871d3de9c.jpg\" \/><\/h3>\n<h3>Efficacit\u00e9 du produit<\/h3>\n<ol>\n<li><strong>Dragage m\u00e9ridien<\/strong>:Aide \u00e0 r\u00e9guler le flux sanguin et \u00e0 soulager les douleurs musculaires en stimulant les m\u00e9ridiens du corps.<\/li>\n<li><strong>Soulagement de la protrusion du dos<\/strong>:Soulage l\u2019inconfort associ\u00e9 \u00e0 la protrusion du dos.<\/li>\n<li><strong>R\u00e9duction de la graisse<\/strong>:Aide \u00e0 d\u00e9composer les d\u00e9p\u00f4ts de graisse, am\u00e9liorant ainsi les courbes du corps.<\/li>\n<li><strong>Aide \u00e0 la digestion<\/strong>:Le massage de l\u2019abdomen favorise le p\u00e9ristaltisme gastro-intestinal, facilitant ainsi la digestion.<\/li>\n<li><strong>Raffermissement des seins<\/strong>: Am\u00e9liore la fermet\u00e9 et la forme des seins.<\/li>\n<\/ol>\n<div class=\"J_module\">\n<div class=\"detail-decorate-json-renderer-container\">\n<div class=\"magic-1\">\n<div class=\"magic-2\">\n<div class=\"magic-3\">\n<div class=\"magic-4\" data-spm-anchor-id=\"a2700.details.0.i61.57065ba5t7RUMd\"><\/div>\n<\/div>\n<\/div>\n<\/div>\n<\/div>\n<\/div>\n<div class=\"J_module\">\n<div>\n<table style=\"border-collapse: collapse; width: 100%;\">\n<tbody>\n<tr>\n<td style=\"width: 50%;\"><img loading=\"lazy\" decoding=\"async\" class=\"magic-15 aligncenter\" title=\"Massage par roulement\" src=\"https:\/\/sc04.alicdn.com\/kf\/H5c39bd4597c4410c92a5dd73744359eb6\/247315878\/H5c39bd4597c4410c92a5dd73744359eb6.png\" alt=\"Massage par roulement\" width=\"428\" height=\"428\" data-src=\"\/\/sc04.alicdn.com\/kf\/H5c39bd4597c4410c92a5dd73744359eb6\/247315878\/H5c39bd4597c4410c92a5dd73744359eb6.png\" \/><\/td>\n<td style=\"width: 50%;\"><img loading=\"lazy\" decoding=\"async\" class=\"magic-17 aligncenter\" title=\"Massage par roulement\" src=\"https:\/\/sc04.alicdn.com\/kf\/Hb08d9005680a4d21b6c2c875f5964b5eC\/247315878\/Hb08d9005680a4d21b6c2c875f5964b5eC.jpg\" alt=\"Massage par roulement\" width=\"315\" height=\"420\" data-src=\"\/\/sc04.alicdn.com\/kf\/Hb08d9005680a4d21b6c2c875f5964b5eC\/247315878\/Hb08d9005680a4d21b6c2c875f5964b5eC.jpg\" \/><\/td>\n<\/tr>\n<\/tbody>\n<\/table>\n<\/div>\n<div class=\"icbu-pc-images magic-6\">\n<div class=\"flex-layout-v\">\n<div class=\"flex-layout-h magic-6\">\n<div class=\"magic-14\"><\/div>\n<\/div>\n<\/div>\n<\/div>\n<\/div>\n<h3>Fonctionnalit\u00e9s am\u00e9lior\u00e9es<\/h3>\n<ul>\n<li><strong>Conception ergonomique<\/strong>:La configuration de la boule en nid d&#039;abeille garantit que l&#039;appareil s&#039;adapte aux courbes naturelles du corps, offrant un massage plus confortable et plus efficace.<\/li>\n<li><strong>Fr\u00e9quence r\u00e9glable<\/strong>:La fr\u00e9quence de rotation personnalisable permet une th\u00e9rapie cibl\u00e9e sur diff\u00e9rentes parties du corps, maximisant ainsi les avantages.<\/li>\n<li><strong>Facilit\u00e9 d&#039;utilisation<\/strong>:La conception \u00e0 double poign\u00e9e rend non seulement l&#039;appareil plus facile \u00e0 utiliser, mais garantit \u00e9galement que la force est appliqu\u00e9e uniform\u00e9ment, r\u00e9duisant ainsi la fatigue de l&#039;op\u00e9rateur.<\/li>\n<\/ul>\n<p>La machine \u00e0 micro-vibrations est un excellent outil pour tous ceux qui cherchent \u00e0 am\u00e9liorer leur bien-\u00eatre physique gr\u00e2ce \u00e0 une th\u00e9rapie de massage efficace et non invasive. Ses fonctionnalit\u00e9s avanc\u00e9es et sa conception ergonomique en font un incontournable pour les routines de soins personnels.<\/p>\n<\/div>\n<\/div>\n<div id=\"module_product_specification\">\n<div id=\"J-rich-text-description\" class=\"richtext richtext-detail rich-text-description is-magic\">\n<div id=\"detail_decorate_root\" data-magic-global=\"%7B%22bizId%22%3A2209652043073%2C%22pageId%22%3A21408191363%2C%22siteId%22%3A10002137009%7D\">\n<div class=\"J_module\">\n<div class=\"detail-decorate-json-renderer-container\">\n<div class=\"magic-1\">\n<div class=\"magic-2\">\n<div class=\"magic-3\"><\/div>\n<\/div>\n<\/div>\n<\/div>\n<\/div>\n<div class=\"J_module\">\n<div class=\"detail-decorate-json-renderer-container\">\n<div class=\"magic-1\">\n<div class=\"magic-2\">\n<div class=\"magic-3\">\n<div>\n<h3><strong>Personnaliser Le Logo<\/strong><\/h3>\n<p>Vous voulez faire de votre marque de se d\u00e9marquer? Nous vous proposons logo personnalis\u00e9 de services pour vous aider \u00e0 cr\u00e9er un unique et personnalis\u00e9e de logo, qui refl\u00e8te l&#039;identit\u00e9 de votre marque. Notre \u00e9quipe d&#039;experts travaillera en \u00e9troite collaboration avec vous pour concevoir un logo qui r\u00e9sonne avec les valeurs de votre marque et de messagerie. Si vous \u00eates \u00e0 la recherche de r\u00e9organiser votre logo existant ou en cr\u00e9er un nouveau \u00e0 partir de z\u00e9ro, nous vous avons avons couvert. <a href=\"\/fr\/contact\/\">Contactez-nous<\/a> aujourd&#039;hui pour en savoir plus sur notre logo personnalis\u00e9 de services!<\/p>\n<p style=\"text-align: center;\"><iframe loading=\"lazy\" src=\"\/\/www.youtube.com\/embed\/Vds_NGy93qk\" width=\"560\" height=\"314\" allowfullscreen=\"allowfullscreen\"><\/iframe><\/p>\n<\/div>\n<\/div>\n<\/div>\n<\/div>\n<\/div>\n<\/div>\n<div class=\"J_module\">\n<div class=\"detail-decorate-json-renderer-container\">\n<div class=\"magic-1\">\n<div style=\"text-align: center;\"><\/div>\n<div class=\"magic-2\">\n<div>\n<table style=\"border-collapse: collapse; width: 100%;\">\n<tbody>\n<tr>\n<td style=\"width: 50%;\"><\/td>\n<td style=\"width: 50%;\"><\/td>\n<\/tr>\n<\/tbody>\n<\/table>\n<\/div>\n<\/div>\n<\/div>\n<\/div>\n<\/div>\n<div class=\"J_module\">\n<div class=\"icbu-pc-images magic-6\">\n<div class=\"flex-layout-v\">\n<div class=\"flex-layout-h magic-6\">\n<div class=\"magic-7\"><\/div>\n<\/div>\n<\/div>\n<div><\/div>\n<\/div>\n<\/div>\n<\/div>\n<\/div>\n<\/div>","protected":false},"excerpt":{"rendered":"<p>Il s&#039;agit d&#039;un instrument \u00e0 billes \u00e9lectriques \u00e0 pression micro-vibratoire qui agit sur les tissus et les muscles, et est un cylindre compos\u00e9 de plusieurs billes. Il agit sur diff\u00e9rentes parties du corps en pressant et en roulant ; la \u00ab configuration en nid d&#039;abeille \u00bb sp\u00e9ciale des billes est plus conforme \u00e0 la conception ergonomique de la courbe, g\u00e9n\u00e9rant des mouvements puls\u00e9s et rythmiques, rendant l&#039;op\u00e9ration plus \u00e9conomique, le massage plus puissant et la p\u00e9n\u00e9tration plus forte.<\/p>","protected":false},"featured_media":2702,"comment_status":"open","ping_status":"closed","template":"","meta":{"_kad_post_transparent":"default","_kad_post_title":"","_kad_post_layout":"default","_kad_post_sidebar_id":"","_kad_post_content_style":"default","_kad_post_vertical_padding":"default","_kad_post_feature":"","_kad_post_feature_position":"","_kad_post_header":false,"_kad_post_footer":false,"_kad_post_classname":"","rank_math_title":"","rank_math_description":"","rank_math_focus_keyword":""},"product_brand":[],"product_cat":[67],"product_tag":[71,73,72],"class_list":{"0":"post-2700","1":"product","2":"type-product","3":"status-publish","4":"has-post-thumbnail","6":"product_cat-vera-roller-machines","7":"product_tag-micro-vibration","8":"product_tag-rolling-massage","9":"product_tag-rolling-massage-device","10":"product_shipping_class-included-shipping","12":"first","13":"instock","14":"sale","15":"shipping-taxable","16":"purchasable","17":"product-type-simple","18":"entry","19":"content-bg","20":"loop-entry"},"_links":{"self":[{"href":"https:\/\/skbty.com\/fr\/wp-json\/wp\/v2\/product\/2700","targetHints":{"allow":["GET"]}}],"collection":[{"href":"https:\/\/skbty.com\/fr\/wp-json\/wp\/v2\/product"}],"about":[{"href":"https:\/\/skbty.com\/fr\/wp-json\/wp\/v2\/types\/product"}],"replies":[{"embeddable":true,"href":"https:\/\/skbty.com\/fr\/wp-json\/wp\/v2\/comments?post=2700"}],"wp:featuredmedia":[{"embeddable":true,"href":"https:\/\/skbty.com\/fr\/wp-json\/wp\/v2\/media\/2702"}],"wp:attachment":[{"href":"https:\/\/skbty.com\/fr\/wp-json\/wp\/v2\/media?parent=2700"}],"wp:term":[{"taxonomy":"product_brand","embeddable":true,"href":"https:\/\/skbty.com\/fr\/wp-json\/wp\/v2\/product_brand?post=2700"},{"taxonomy":"product_cat","embeddable":true,"href":"https:\/\/skbty.com\/fr\/wp-json\/wp\/v2\/product_cat?post=2700"},{"taxonomy":"product_tag","embeddable":true,"href":"https:\/\/skbty.com\/fr\/wp-json\/wp\/v2\/product_tag?post=2700"}],"curies":[{"name":"Wp wp","href":"https:\/\/api.w.org\/{rel}","templated":true}]}}