{"id":2752,"date":"2024-06-04T16:50:54","date_gmt":"2024-06-04T08:50:54","guid":{"rendered":"https:\/\/skbty.com\/?post_type=product&#038;p=2752"},"modified":"2024-06-18T15:47:15","modified_gmt":"2024-06-18T07:47:15","slug":"machine-de-tatouage-et-depilation-au-laser-pico-2-en-1","status":"publish","type":"product","link":"https:\/\/skbty.com\/fr\/produit\/machine-de-tatouage-et-depilation-au-laser-pico-2-en-1\/","title":{"rendered":"Machine de tatouage et d&#039;\u00e9pilation au laser Pico 2 en 1"},"content":{"rendered":"<div class=\"J_module\">\n<div data-section=\"AliMagic-75po0l\" data-section-title=\"Products Description\" data-spm-anchor-id=\"a2700.details.0.i53.7ac112f70cwNC0\">\n<h2>Machine de tatouage et d&#039;\u00e9pilation au laser Pico 2 en 1<\/h2>\n<h3>Principe de fonctionnement<\/h3>\n<h4>Principe du laser<\/h4>\n<p>La machine de tatouage et d&#039;\u00e9pilation au laser Pico 2 en 1 utilise le mode Q-switched et le principe du photodynamitage. Des impulsions laser \u00e0 haute \u00e9nergie sont \u00e9mises instantan\u00e9ment, permettant au laser \u00e0 longueur d&#039;onde fixe de p\u00e9n\u00e9trer l&#039;\u00e9piderme en tr\u00e8s peu de temps. Le groupe de pigments cibl\u00e9 se r\u00e9chauffe, se dilate et se d\u00e9compose rapidement. Les fines particules de pigment sont ensuite absorb\u00e9es par les macrophages et \u00e9limin\u00e9es par le syst\u00e8me lymphatique, \u00e9liminant ainsi efficacement les taches.<\/p>\n<h4>Principe de l&#039;\u00e9pilation<\/h4>\n<p>Bas\u00e9e sur la photo-thermodynamique s\u00e9lective, cette machine ajuste la longueur d&#039;onde, l&#039;\u00e9nergie et la largeur d&#039;impulsion pour permettre \u00e0 l&#039;\u00e9nergie lumineuse de p\u00e9n\u00e9trer la peau et d&#039;atteindre les racines des follicules pileux. Cela endommage le tissu du follicule pileux, ralentissant ou arr\u00eatant la croissance des poils. Le syst\u00e8me d&#039;\u00e9pilation \u00e0 point de cong\u00e9lation rapide utilise une technologie de refroidissement unique pour abaisser la temp\u00e9rature locale de l&#039;\u00e9piderme \u00e0 5 \u00b0C, garantissant un processus d&#039;\u00e9pilation indolore et efficace sans dommage cutan\u00e9.<\/p>\n<table style=\"border-collapse: collapse; width: 100%;\">\n<tbody>\n<tr>\n<td style=\"width: 50%;\"><img loading=\"lazy\" decoding=\"async\" class=\"magic-27 alignnone\" title=\"Machine de tatouage et d&#039;\u00e9pilation au laser Pico 2 en 1\" src=\"https:\/\/sc04.alicdn.com\/kf\/H2b36a04f94984e03afec782eaeccd6c4m\/247315878\/H2b36a04f94984e03afec782eaeccd6c4m.png\" alt=\"Machine de tatouage et d&#039;\u00e9pilation au laser Pico 2 en 1\" width=\"750\" height=\"402\" data-src=\"\/\/sc04.alicdn.com\/kf\/H2b36a04f94984e03afec782eaeccd6c4m\/247315878\/H2b36a04f94984e03afec782eaeccd6c4m.png\" \/><\/td>\n<td style=\"width: 50%;\"><img loading=\"lazy\" decoding=\"async\" class=\"magic-29 aligncenter\" title=\"Machine de tatouage et d&#039;\u00e9pilation au laser Pico 2 en 1\" src=\"https:\/\/sc04.alicdn.com\/kf\/Hdfe137e0fb5a4c5c8d4eacd1e4351dd31\/247315878\/Hdfe137e0fb5a4c5c8d4eacd1e4351dd31.png\" alt=\"Machine de tatouage et d&#039;\u00e9pilation au laser Pico 2 en 1\" width=\"405\" height=\"310\" data-src=\"\/\/sc04.alicdn.com\/kf\/Hdfe137e0fb5a4c5c8d4eacd1e4351dd31\/247315878\/Hdfe137e0fb5a4c5c8d4eacd1e4351dd31.png\" \/><\/td>\n<\/tr>\n<\/tbody>\n<\/table>\n<h3>Sp\u00e9cifications du produit<\/h3>\n<ul>\n<li><strong>Nom<\/strong>:Machine de tatouage et d&#039;\u00e9pilation au laser Pico 2 en 1<\/li>\n<\/ul>\n<h4>Param\u00e8tres de la poign\u00e9e laser<\/h4>\n<ul>\n<li><strong>Longueur d&#039;onde de la lumi\u00e8re<\/strong>: 532 nm\/785 nm\/1064 nm<\/li>\n<li><strong>Fr\u00e9quence<\/strong>: 0-3,0 Hz<\/li>\n<li><strong>\u00c9nergie<\/strong>: 0,5-2,9 J\/cm\u00b2<\/li>\n<\/ul>\n<h4>Param\u00e8tres de l&#039;appareil d&#039;\u00e9pilation<\/h4>\n<ul>\n<li><strong>Taille du spot<\/strong>: 12*26mm<\/li>\n<li><strong>R\u00e9solution<\/strong>: 1080\u00d71920<\/li>\n<li><strong>Op\u00e9rations<\/strong>: 50,000,000<\/li>\n<li><strong>Longueur d&#039;onde<\/strong>: 808 nm<\/li>\n<li><strong>Fr\u00e9quence<\/strong>: 1-10 Hz<\/li>\n<li><strong>\u00c9nergie<\/strong>: 1-50 J\/cm\u00b2<\/li>\n<li><strong>Pouvoir<\/strong>: 2000 W<\/li>\n<li><strong>Largeur d&#039;impulsion<\/strong>: 1MS-400MS<\/li>\n<li><strong>Tension<\/strong>: 200-240V<\/li>\n<li><strong>Refroidissement<\/strong>:Semi-conducteur + refroidissement par air + r\u00e9frig\u00e9ration TEC<\/li>\n<li><strong>Taille du paquet<\/strong>: 61cm 55cm 57cm<\/li>\n<li><strong>Prise en charge linguistique<\/strong>: Personnalisable<\/li>\n<li><strong>Poids<\/strong>: 32,5 kg<\/li>\n<\/ul>\n<h3>Caract\u00e9ristiques<\/h3>\n<ul>\n<li>Nouvelle exp\u00e9rience avec une apparence raffin\u00e9e<\/li>\n<li>R\u00e9cup\u00e9ration rapide et positionnement pr\u00e9cis<\/li>\n<li>\u00c9pilation par refroidissement par glace avec filtre micron<\/li>\n<li>Utilisation polyvalente douce et confortable<\/li>\n<\/ul>\n<div class=\"magic-28\"><\/div>\n<div>\n<table style=\"border-collapse: collapse; width: 100%;\">\n<tbody>\n<tr>\n<td style=\"width: 50%;\"><img loading=\"lazy\" decoding=\"async\" class=\"magic-31 aligncenter\" title=\"Machine de tatouage et d&#039;\u00e9pilation au laser Pico 2 en 1\" src=\"https:\/\/sc04.alicdn.com\/kf\/Hcd4539f86171472996b55ef04ae039a25\/247315878\/Hcd4539f86171472996b55ef04ae039a25.png\" alt=\"Machine de tatouage et d&#039;\u00e9pilation au laser Pico 2 en 1\" width=\"422\" height=\"422\" data-src=\"\/\/sc04.alicdn.com\/kf\/Hcd4539f86171472996b55ef04ae039a25\/247315878\/Hcd4539f86171472996b55ef04ae039a25.png\" \/><\/td>\n<td style=\"width: 50%;\"><img loading=\"lazy\" decoding=\"async\" class=\"magic-33 aligncenter\" title=\"Machine de tatouage et d&#039;\u00e9pilation au laser Pico 2 en 1\" src=\"https:\/\/sc04.alicdn.com\/kf\/Ha4e108c318d04b3db4693932245fde4fd\/247315878\/Ha4e108c318d04b3db4693932245fde4fd.png\" alt=\"Machine de tatouage et d&#039;\u00e9pilation au laser Pico 2 en 1\" width=\"415\" height=\"378\" data-src=\"\/\/sc04.alicdn.com\/kf\/Ha4e108c318d04b3db4693932245fde4fd\/247315878\/Ha4e108c318d04b3db4693932245fde4fd.png\" \/><\/td>\n<\/tr>\n<\/tbody>\n<\/table>\n<\/div>\n<h4>Fonctions<\/h4>\n<ol>\n<li>Enlever les taches<\/li>\n<li>Suppression de tatouage<\/li>\n<li>Traitement des cicatrices l\u00e9g\u00e8res<\/li>\n<li>\u00c9pilation<\/li>\n<li>Rajeunissement de la peau<\/li>\n<\/ol>\n<h3>Avantages<\/h3>\n<ol>\n<li><strong>Marque d&#039;\u00e9metteur laser<\/strong>:Lumi\u00e8re et performances stables, longue dur\u00e9e de vie.<\/li>\n<li><strong>S\u00e9curit\u00e9<\/strong>:Traitement stable et s\u00fbr sans danger pour la peau.<\/li>\n<li><strong>Haute efficacit\u00e9<\/strong>:Absorption efficace de la m\u00e9lanine pour une \u00e9pilation sans douleur.<\/li>\n<li><strong>Sans douleur<\/strong>:Le syst\u00e8me de refroidissement tactile Sapphire garantit un traitement s\u00fbr et sans douleur.<\/li>\n<li><strong>R\u00e9sultats rapides<\/strong>:La grande taille du spot augmente la vitesse de traitement.<\/li>\n<li><strong>\u00c9pilation d\u00e9finitive<\/strong>:Convient \u00e0 tous les types de peau avec d&#039;excellents r\u00e9sultats.<\/li>\n<\/ol>\n<h3><img loading=\"lazy\" decoding=\"async\" class=\"magic-35 aligncenter\" title=\"Machine de tatouage et d&#039;\u00e9pilation au laser Pico 2 en 1\" src=\"https:\/\/sc04.alicdn.com\/kf\/Hf399b3f702a64dfea0beaf4dc9e4b2c9F\/247315878\/Hf399b3f702a64dfea0beaf4dc9e4b2c9F.png\" alt=\"Machine de tatouage et d&#039;\u00e9pilation au laser Pico 2 en 1\" width=\"557\" height=\"447\" data-src=\"\/\/sc04.alicdn.com\/kf\/Hf399b3f702a64dfea0beaf4dc9e4b2c9F\/247315878\/Hf399b3f702a64dfea0beaf4dc9e4b2c9F.png\" \/><\/h3>\n<h3>Applications<\/h3>\n<ol>\n<li><strong>R\u00e9duction des pores<\/strong>:Effet r\u00e9tr\u00e9cissant visible apr\u00e8s une cure.<\/li>\n<li><strong>\u00c9limination des taches<\/strong>:\u00c9limine facilement les taches sans craindre l&#039;hyperpigmentation.<\/li>\n<li><strong>R\u00e9duction des ridules<\/strong>:Am\u00e9lioration notable des ridules gr\u00e2ce au traitement au laser picoseconde en nid d&#039;abeille.<\/li>\n<li><strong>Traitement des cicatrices<\/strong>:Efficace pour les cicatrices tenaces et les marques de variole.<\/li>\n<li><strong>Douceur de la peau<\/strong>: Am\u00e9liore la texture de la peau, la rendant lisse et tendre.<\/li>\n<li><strong>Suppression de tatouage<\/strong>: \u00c9limine les couleurs de tatouage difficiles (rouge, orange, jaune, vert, bleu) sans laisser de traces.<\/li>\n<\/ol>\n<\/div>\n<\/div>\n<div class=\"J_module\">\n<div class=\"detail-decorate-json-renderer-container\">\n<div class=\"magic-4\">\n<div class=\"magic-7\">\n<div class=\"magic-8\">\n<h3 class=\"magic-9\"><span style=\"font-family: Arial;\">Images du produit<\/span><\/h3>\n<\/div>\n<\/div>\n<\/div>\n<\/div>\n<\/div>\n<div class=\"J_module\">\n<div class=\"detail-decorate-json-renderer-container\">\n<div class=\"magic-4\">\n<div class=\"magic-7\">\n<div class=\"magic-8\">\n<div class=\"magic-9\">\n<table style=\"border-collapse: collapse; width: 100%;\">\n<tbody>\n<tr>\n<td style=\"width: 50%;\"><img loading=\"lazy\" decoding=\"async\" class=\"magic-31 alignnone\" title=\"Machine de tatouage et d&#039;\u00e9pilation au laser Pico 2 en 1\" src=\"https:\/\/sc04.alicdn.com\/kf\/H873a43bc0ea642aa8ec9487c0c7de1d8K\/247315878\/H873a43bc0ea642aa8ec9487c0c7de1d8K.png\" alt=\"Machine de tatouage et d&#039;\u00e9pilation au laser Pico 2 en 1\" width=\"1000\" height=\"1000\" data-src=\"\/\/sc04.alicdn.com\/kf\/H873a43bc0ea642aa8ec9487c0c7de1d8K\/247315878\/H873a43bc0ea642aa8ec9487c0c7de1d8K.png\" \/><\/td>\n<td style=\"width: 50%;\"><img loading=\"lazy\" decoding=\"async\" class=\"magic-31 alignnone\" title=\"Machine de tatouage et d&#039;\u00e9pilation au laser Pico 2 en 1\" src=\"https:\/\/sc04.alicdn.com\/kf\/H8397ceef7d3c4ecdb5a598f1b67b8be6C\/247315878\/H8397ceef7d3c4ecdb5a598f1b67b8be6C.png\" alt=\"Machine de tatouage et d&#039;\u00e9pilation au laser Pico 2 en 1\" width=\"1000\" height=\"1000\" data-src=\"\/\/sc04.alicdn.com\/kf\/H8397ceef7d3c4ecdb5a598f1b67b8be6C\/247315878\/H8397ceef7d3c4ecdb5a598f1b67b8be6C.png\" \/><\/td>\n<\/tr>\n<\/tbody>\n<\/table>\n<\/div>\n<\/div>\n<\/div>\n<\/div>\n<\/div>\n<\/div>\n<div class=\"J_module\">\n<div class=\"icbu-pc-images magic-1\">\n<div class=\"flex-layout-v\">\n<div class=\"flex-layout-h magic-1\">\n<div class=\"magic-30\"><\/div>\n<\/div>\n<\/div>\n<\/div>\n<\/div>\n<div class=\"J_module\">\n<div class=\"icbu-pc-images magic-1\">\n<div class=\"flex-layout-v\">\n<div class=\"flex-layout-h magic-1\">\n<div class=\"magic-30\">\n<h3><strong>Personnaliser Le Logo<\/strong><\/h3>\n<p>Vous voulez faire de votre marque de se d\u00e9marquer? Nous vous proposons logo personnalis\u00e9 de services pour vous aider \u00e0 cr\u00e9er un unique et personnalis\u00e9e de logo, qui refl\u00e8te l&#039;identit\u00e9 de votre marque. Notre \u00e9quipe d&#039;experts travaillera en \u00e9troite collaboration avec vous pour concevoir un logo qui r\u00e9sonne avec les valeurs de votre marque et de messagerie. Si vous \u00eates \u00e0 la recherche de r\u00e9organiser votre logo existant ou en cr\u00e9er un nouveau \u00e0 partir de z\u00e9ro, nous vous avons avons couvert. <a href=\"\/fr\/contact\/\">Contactez-nous<\/a> aujourd&#039;hui pour en savoir plus sur notre logo personnalis\u00e9 de services!<\/p>\n<p>&nbsp;<\/p>\n<\/div>\n<div style=\"text-align: center;\"><iframe loading=\"lazy\" src=\"\/\/www.youtube.com\/embed\/_Tv6Vu_I_Mw?si=UIqSYODM4GoOZp64\" width=\"560\" height=\"314\" allowfullscreen=\"allowfullscreen\"><\/iframe><\/div>\n<\/div>\n<\/div>\n<\/div>\n<\/div>","protected":false},"excerpt":{"rendered":"<p>D\u00e9couvrez la machine \u00e0 diode laser Desktop Picosecond + 808 pour une \u00e9limination efficace des taches, des tatouages, des cicatrices et une \u00e9pilation permanente. S\u00fbr, efficace et polyvalent.<\/p>","protected":false},"featured_media":2755,"comment_status":"open","ping_status":"closed","template":"","meta":{"_kad_post_transparent":"default","_kad_post_title":"","_kad_post_layout":"default","_kad_post_sidebar_id":"","_kad_post_content_style":"default","_kad_post_vertical_padding":"default","_kad_post_feature":"","_kad_post_feature_position":"","_kad_post_header":false,"_kad_post_footer":false,"_kad_post_classname":"","rank_math_title":"","rank_math_description":"","rank_math_focus_keyword":"Laser Tattoo Removal"},"product_brand":[],"product_cat":[29],"product_tag":[],"class_list":{"0":"post-2752","1":"product","2":"type-product","3":"status-publish","4":"has-post-thumbnail","6":"product_cat-pico-laser","8":"first","9":"instock","10":"shipping-taxable","11":"product-type-simple","12":"entry","13":"content-bg","14":"loop-entry"},"_links":{"self":[{"href":"https:\/\/skbty.com\/fr\/wp-json\/wp\/v2\/product\/2752","targetHints":{"allow":["GET"]}}],"collection":[{"href":"https:\/\/skbty.com\/fr\/wp-json\/wp\/v2\/product"}],"about":[{"href":"https:\/\/skbty.com\/fr\/wp-json\/wp\/v2\/types\/product"}],"replies":[{"embeddable":true,"href":"https:\/\/skbty.com\/fr\/wp-json\/wp\/v2\/comments?post=2752"}],"wp:featuredmedia":[{"embeddable":true,"href":"https:\/\/skbty.com\/fr\/wp-json\/wp\/v2\/media\/2755"}],"wp:attachment":[{"href":"https:\/\/skbty.com\/fr\/wp-json\/wp\/v2\/media?parent=2752"}],"wp:term":[{"taxonomy":"product_brand","embeddable":true,"href":"https:\/\/skbty.com\/fr\/wp-json\/wp\/v2\/product_brand?post=2752"},{"taxonomy":"product_cat","embeddable":true,"href":"https:\/\/skbty.com\/fr\/wp-json\/wp\/v2\/product_cat?post=2752"},{"taxonomy":"product_tag","embeddable":true,"href":"https:\/\/skbty.com\/fr\/wp-json\/wp\/v2\/product_tag?post=2752"}],"curies":[{"name":"Wp wp","href":"https:\/\/api.w.org\/{rel}","templated":true}]}}