{"id":2782,"date":"2024-06-04T17:44:50","date_gmt":"2024-06-04T09:44:50","guid":{"rendered":"https:\/\/skbty.com\/?post_type=product&#038;p=2782"},"modified":"2025-01-09T17:13:41","modified_gmt":"2025-01-09T09:13:41","slug":"chaise-magique-de-reeducation-des-muscles-du-plancher-pelvien-6t-nouvelle-bande-de-roulement-chaise-ems-de-reeducation-par-stimulation-electromagnetique-non-invasive","status":"publish","type":"product","link":"https:\/\/skbty.com\/fr\/produit\/chaise-magique-de-reeducation-des-muscles-du-plancher-pelvien-6t-nouvelle-bande-de-roulement-chaise-ems-de-reeducation-par-stimulation-electromagnetique-non-invasive\/","title":{"rendered":"Chaise de r\u00e9paration des muscles du plancher pelvien \u00e0 bande de roulement 6T"},"content":{"rendered":"<h3>Principe de r\u00e9paration des muscles du plancher pelvien<\/h3>\n<p>La chaise de r\u00e9sonance pelvienne BTL Emsella, \u00e9galement connue sous le nom de \u00ab Happy Chair \u00bb, r\u00e9volutionne le traitement de l&#039;incontinence urinaire. Utilisant la technologie avanc\u00e9e \u00ab HIFEM \u00bb (\u00e9lectromagn\u00e9tique focalis\u00e9 \u00e0 haute intensit\u00e9), elle stimule les motoneurones pour contr\u00f4ler les muscles du plancher pelvien. Ce processus d\u00e9clenche des hypercontractions r\u00e9p\u00e9t\u00e9es pour reconstruire la force et l&#039;endurance des muscles du plancher pelvien et du syst\u00e8me urinaire, contribuant ainsi efficacement \u00e0 la r\u00e9paration, \u00e0 la force et \u00e0 l&#039;endurance des muscles du plancher pelvien.<\/p>\n<p><img loading=\"lazy\" decoding=\"async\" class=\"wp-image-2789 aligncenter\" title=\"r\u00e9paration des muscles du plancher pelvien\" src=\"https:\/\/skbty.com\/wp-content\/uploads\/2024\/06\/GirlSit-xuanchuan-1024x585.jpg\" alt=\"r\u00e9paration des muscles du plancher pelvien\" width=\"677\" height=\"387\" srcset=\"https:\/\/skbty.com\/wp-content\/uploads\/2024\/06\/GirlSit-xuanchuan-1024x585.jpg 1024w, https:\/\/skbty.com\/wp-content\/uploads\/2024\/06\/GirlSit-xuanchuan-300x171.jpg 300w, https:\/\/skbty.com\/wp-content\/uploads\/2024\/06\/GirlSit-xuanchuan-768x439.jpg 768w, https:\/\/skbty.com\/wp-content\/uploads\/2024\/06\/GirlSit-xuanchuan-1536x878.jpg 1536w, https:\/\/skbty.com\/wp-content\/uploads\/2024\/06\/GirlSit-xuanchuan-600x343.jpg 600w, https:\/\/skbty.com\/wp-content\/uploads\/2024\/06\/GirlSit-xuanchuan.jpg 1792w\" sizes=\"auto, (max-width: 677px) 100vw, 677px\" \/><\/p>\n<h4>Comment fonctionne la technologie HIFEM<\/h4>\n<p>La technologie HIFEM g\u00e9n\u00e8re un champ \u00e9lectromagn\u00e9tique de haute intensit\u00e9 qui p\u00e9n\u00e8tre profond\u00e9ment dans les muscles du plancher pelvien. Cette approche non invasive garantit que les motoneurones sont stimul\u00e9s sans avoir recours \u00e0 la chirurgie ou \u00e0 des proc\u00e9dures invasives. Les impulsions \u00e9lectromagn\u00e9tiques provoquent des contractions musculaires rapides et r\u00e9p\u00e9t\u00e9es, d\u00e9passant de loin le nombre de contractions qui pourraient \u00eatre obtenues par des exercices volontaires seuls.<\/p>\n<p><img loading=\"lazy\" decoding=\"async\" class=\"wp-image-2786 aligncenter\" title=\"r\u00e9paration des muscles du plancher pelvien\" src=\"https:\/\/skbty.com\/wp-content\/uploads\/2024\/06\/\u56fe\u7247\u5df2\u7c98\u8d34\u81f32024-4-16-15-31.png\" alt=\"r\u00e9paration des muscles du plancher pelvien\" width=\"425\" height=\"418\" srcset=\"https:\/\/skbty.com\/wp-content\/uploads\/2024\/06\/\u56fe\u7247\u5df2\u7c98\u8d34\u81f32024-4-16-15-31.png 750w, https:\/\/skbty.com\/wp-content\/uploads\/2024\/06\/\u56fe\u7247\u5df2\u7c98\u8d34\u81f32024-4-16-15-31-300x295.png 300w, https:\/\/skbty.com\/wp-content\/uploads\/2024\/06\/\u56fe\u7247\u5df2\u7c98\u8d34\u81f32024-4-16-15-31-600x590.png 600w\" sizes=\"auto, (max-width: 425px) 100vw, 425px\" \/><\/p>\n<h4>Processus de traitement<\/h4>\n<p>Chaque s\u00e9ance avec la chaise BTL Emsella dure environ 30 minutes. Pendant ce temps, les patients restent habill\u00e9s et assis confortablement. Le traitement ne n\u00e9cessite aucune anesth\u00e9sie et n&#039;entra\u00eene aucune douleur. Les patients peuvent reprendre leurs activit\u00e9s normales imm\u00e9diatement apr\u00e8s la s\u00e9ance, car aucune p\u00e9riode de r\u00e9cup\u00e9ration n&#039;est requise.<\/p>\n<h4>Avantages de la chaise Metis Happy<\/h4>\n<ol>\n<li><strong>Activation des muscles du plancher pelvien<\/strong>:La chaise Metis Happy Chair active les tissus musculaires du plancher pelvien et favorise la r\u00e9g\u00e9n\u00e9ration du collag\u00e8ne, essentiel au maintien de la force et de l&#039;\u00e9lasticit\u00e9 de ces muscles. Le collag\u00e8ne est un composant essentiel qui fournit structure et soutien aux tissus, garantissant ainsi leur fermet\u00e9 et leur r\u00e9silience.<\/li>\n<li><strong>Am\u00e9lioration des muscles du plancher pelvien<\/strong>:Des s\u00e9ances r\u00e9guli\u00e8res avec la Happy Chair renforcent efficacement les muscles du plancher pelvien, leur redonnant fermet\u00e9 et \u00e9lasticit\u00e9. Cela conduit \u00e0 un meilleur contr\u00f4le de la vessie et \u00e0 une r\u00e9duction des sympt\u00f4mes d&#039;incontinence urinaire. L&#039;am\u00e9lioration de la force musculaire favorise \u00e9galement un meilleur positionnement et un meilleur fonctionnement des organes pelviens.<\/li>\n<li><strong>R\u00e9duction de l&#039;incontinence et des fuites urinaires<\/strong>:En renfor\u00e7ant les muscles du plancher pelvien, la Happy Chair permet de lutter contre divers probl\u00e8mes tels que l&#039;incontinence, les fuites urinaires et les \u00e9coulements. Elle permet \u00e9galement de rem\u00e9dier aux probl\u00e8mes li\u00e9s \u00e0 la faiblesse du bas-ventre, qui peuvent contribuer au prolapsus des organes pelviens et \u00e0 d&#039;autres probl\u00e8mes de sant\u00e9.<\/li>\n<li><strong>Am\u00e9lioration de la sant\u00e9 sexuelle<\/strong>:Des muscles du plancher pelvien plus forts peuvent am\u00e9liorer la sant\u00e9 sexuelle, r\u00e9duisant ainsi les probl\u00e8mes tels que la difficult\u00e9 \u00e0 atteindre l&#039;orgasme. Un tonus et un contr\u00f4le musculaires am\u00e9lior\u00e9s peuvent contribuer \u00e0 des exp\u00e9riences sexuelles plus satisfaisantes et \u00e0 un bien-\u00eatre sexuel g\u00e9n\u00e9ral.<\/li>\n<\/ol>\n<h4>Avantages et efficacit\u00e9<\/h4>\n<ul>\n<li><strong>Contraction musculaire intense<\/strong>:La chaise d\u00e9clenche environ 12 000 contractions des muscles du plancher pelvien en 30 minutes. Cet entra\u00eenement intensif renforce consid\u00e9rablement les muscles et am\u00e9liore le contr\u00f4le urinaire. L&#039;effet surpasse celui des exercices de Kegel traditionnels, offrant un traitement plus efficace et plus efficient.<\/li>\n<li><strong>Technologie non invasive<\/strong>:En utilisant la technologie de resserrement vaginal non invasive la plus avanc\u00e9e, le traitement est s\u00fbr, confortable et ne n\u00e9cessite aucune p\u00e9riode de d\u00e9shabillage ou d&#039;abstinence. Les patients peuvent maintenir leurs routines habituelles sans aucune interruption.<\/li>\n<li><strong>Cours de traitement efficace<\/strong>:Une s\u00e9ance de la chaise Metis Happy Chair est plus efficace que 10 000 exercices de Kegel. Cette efficacit\u00e9 remarquable permet aux patients d&#039;obtenir des am\u00e9liorations notables en un temps plus court.<\/li>\n<li><strong>Commodit\u00e9 et confort<\/strong>:Chaque s\u00e9ance de traitement ne dure que 30 minutes, sans douleur, sans anesth\u00e9sie ni p\u00e9riode de r\u00e9cup\u00e9ration. Cette commodit\u00e9 permet aux patients d&#039;int\u00e9grer facilement le traitement \u00e0 leur emploi du temps charg\u00e9.<\/li>\n<\/ul>\n<p><img loading=\"lazy\" decoding=\"async\" class=\"wp-image-2785 aligncenter\" title=\"r\u00e9paration des muscles du plancher pelvien,\" src=\"https:\/\/skbty.com\/wp-content\/uploads\/2024\/06\/\u56fe\u7247\u5df2\u7c98\u8d34\u81f32024-4-16-15-32.png\" alt=\"r\u00e9paration des muscles du plancher pelvien,\" width=\"456\" height=\"442\" srcset=\"https:\/\/skbty.com\/wp-content\/uploads\/2024\/06\/\u56fe\u7247\u5df2\u7c98\u8d34\u81f32024-4-16-15-32.png 750w, https:\/\/skbty.com\/wp-content\/uploads\/2024\/06\/\u56fe\u7247\u5df2\u7c98\u8d34\u81f32024-4-16-15-32-300x291.png 300w, https:\/\/skbty.com\/wp-content\/uploads\/2024\/06\/\u56fe\u7247\u5df2\u7c98\u8d34\u81f32024-4-16-15-32-600x582.png 600w\" sizes=\"auto, (max-width: 456px) 100vw, 456px\" \/><\/p>\n<h3>Avantages \u00e0 long terme<\/h3>\n<p>L&#039;utilisation r\u00e9guli\u00e8re de la chaise BTL Emsella peut entra\u00eener des am\u00e9liorations durables de la sant\u00e9 du plancher pelvien. Les patients signalent souvent des avantages \u00e0 long terme tels qu&#039;un meilleur contr\u00f4le de la vessie, une r\u00e9duction des fuites urinaires, une r\u00e9paration des muscles du plancher pelvien et une am\u00e9lioration de la satisfaction sexuelle. Un traitement r\u00e9gulier aide \u00e0 maintenir la force et la fonctionnalit\u00e9 des muscles du plancher pelvien, pr\u00e9venant ainsi les probl\u00e8mes futurs et favorisant le bien-\u00eatre g\u00e9n\u00e9ral.<\/p>\n<h3><strong>Personnaliser Le Logo<\/strong><\/h3>\n<p>Vous voulez faire de votre marque de se d\u00e9marquer? Nous vous proposons logo personnalis\u00e9 de services pour vous aider \u00e0 cr\u00e9er un unique et personnalis\u00e9e de logo, qui refl\u00e8te l&#039;identit\u00e9 de votre marque. Notre \u00e9quipe d&#039;experts travaillera en \u00e9troite collaboration avec vous pour concevoir un logo qui r\u00e9sonne avec les valeurs de votre marque et de messagerie. Si vous \u00eates \u00e0 la recherche de r\u00e9organiser votre logo existant ou en cr\u00e9er un nouveau \u00e0 partir de z\u00e9ro, nous vous avons avons couvert. <a href=\"\/fr\/contact\/\">Contactez-nous<\/a> aujourd&#039;hui pour en savoir plus sur notre logo personnalis\u00e9 de services!<\/p>\n<p style=\"text-align: center;\"><iframe loading=\"lazy\" src=\"\/\/www.youtube.com\/embed\/HE8EiDrZZU0?si=oZgDwGREVs-M2BzF\" width=\"560\" height=\"314\" allowfullscreen=\"allowfullscreen\"><\/iframe><\/p>","protected":false},"excerpt":{"rendered":"<p>La chaise de r\u00e9sonance pelvienne Emsella de BTL, \u00e9galement connue sous le nom de \u00ab Happy Chair \u00bb, r\u00e9volutionne le traitement de l\u2019incontinence urinaire gr\u00e2ce \u00e0 la technologie avanc\u00e9e HIFEM. Elle stimule les muscles du plancher pelvien, am\u00e9liorant la force et l\u2019endurance, et favorisant la r\u00e9g\u00e9n\u00e9ration du collag\u00e8ne. Ce traitement non invasif de 30 minutes offre des avantages significatifs par rapport aux exercices de Kegel traditionnels, am\u00e9liorant la fermet\u00e9, l\u2019\u00e9lasticit\u00e9 et le contr\u00f4le urinaire des muscles pelviens sans douleur ni temps de r\u00e9cup\u00e9ration. Id\u00e9ale pour traiter l\u2019incontinence, les fuites urinaires et les probl\u00e8mes de sant\u00e9 sexuelle, la chaise Happy de Metis offre une solution confortable et efficace pour la r\u00e9paration des muscles du plancher pelvien et le bien-\u00eatre g\u00e9n\u00e9ral.<\/p>","protected":false},"featured_media":2783,"comment_status":"open","ping_status":"closed","template":"","meta":{"_kad_post_transparent":"default","_kad_post_title":"","_kad_post_layout":"default","_kad_post_sidebar_id":"","_kad_post_content_style":"default","_kad_post_vertical_padding":"default","_kad_post_feature":"","_kad_post_feature_position":"","_kad_post_header":false,"_kad_post_footer":false,"_kad_post_classname":"","rank_math_title":"","rank_math_description":"","rank_math_focus_keyword":"Floor Muscle Repair"},"product_brand":[],"product_cat":[183],"product_tag":[],"class_list":{"0":"post-2782","1":"product","2":"type-product","3":"status-publish","4":"has-post-thumbnail","6":"product_cat-magic-chair","8":"first","9":"instock","10":"shipping-taxable","11":"product-type-simple","12":"entry","13":"content-bg","14":"loop-entry"},"_links":{"self":[{"href":"https:\/\/skbty.com\/fr\/wp-json\/wp\/v2\/product\/2782","targetHints":{"allow":["GET"]}}],"collection":[{"href":"https:\/\/skbty.com\/fr\/wp-json\/wp\/v2\/product"}],"about":[{"href":"https:\/\/skbty.com\/fr\/wp-json\/wp\/v2\/types\/product"}],"replies":[{"embeddable":true,"href":"https:\/\/skbty.com\/fr\/wp-json\/wp\/v2\/comments?post=2782"}],"wp:featuredmedia":[{"embeddable":true,"href":"https:\/\/skbty.com\/fr\/wp-json\/wp\/v2\/media\/2783"}],"wp:attachment":[{"href":"https:\/\/skbty.com\/fr\/wp-json\/wp\/v2\/media?parent=2782"}],"wp:term":[{"taxonomy":"product_brand","embeddable":true,"href":"https:\/\/skbty.com\/fr\/wp-json\/wp\/v2\/product_brand?post=2782"},{"taxonomy":"product_cat","embeddable":true,"href":"https:\/\/skbty.com\/fr\/wp-json\/wp\/v2\/product_cat?post=2782"},{"taxonomy":"product_tag","embeddable":true,"href":"https:\/\/skbty.com\/fr\/wp-json\/wp\/v2\/product_tag?post=2782"}],"curies":[{"name":"Wp wp","href":"https:\/\/api.w.org\/{rel}","templated":true}]}}