{"id":2908,"date":"2024-06-28T11:36:49","date_gmt":"2024-06-28T03:36:49","guid":{"rendered":"https:\/\/skbty.com\/?post_type=product&#038;p=2908"},"modified":"2025-01-09T17:13:03","modified_gmt":"2025-01-09T09:13:03","slug":"fauteuil-de-reparation-des-muscles-du-plancher-pelvien-avec-vaisseau-spatial-de-therapie-magnetique","status":"publish","type":"product","link":"https:\/\/skbty.com\/fr\/produit\/fauteuil-de-reparation-des-muscles-du-plancher-pelvien-avec-vaisseau-spatial-de-therapie-magnetique\/","title":{"rendered":"Fauteuil de r\u00e9paration des muscles du plancher pelvien avec vaisseau spatial de th\u00e9rapie magn\u00e9tique"},"content":{"rendered":"<h2>Vaisseau spatial de th\u00e9rapie magn\u00e9tique : r\u00e9volutionnez votre bien-\u00eatre intime<\/h2>\n<p>Pr\u00e9sentation de la\u00a0<strong>Un vaisseau spatial de th\u00e9rapie magn\u00e9tique<\/strong>, un appareil r\u00e9volutionnaire con\u00e7u pour renforcer et rajeunir les muscles de votre plancher pelvien pour une intimit\u00e9 am\u00e9lior\u00e9e, un meilleur contr\u00f4le de la vessie et un bien-\u00eatre g\u00e9n\u00e9ral. Utilisant une technologie \u00e9lectromagn\u00e9tique focalis\u00e9e de pointe \u00e0 haute intensit\u00e9, ce traitement non invasif offre une alternative s\u00fbre et efficace \u00e0 la chirurgie et fournit des r\u00e9sultats durables.<\/p>\n<table style=\"border-collapse: collapse; width: 100%;\">\n<tbody>\n<tr>\n<td style=\"width: 48.7027%;\"><img loading=\"lazy\" decoding=\"async\" class=\"wp-image-2909 aligncenter\" src=\"https:\/\/skbty.com\/wp-content\/uploads\/2024\/06\/\u6d77\u62a5-\u82f1\u65871-642x1024.jpg\" alt=\"Un vaisseau spatial de th\u00e9rapie magn\u00e9tique\" width=\"429\" height=\"684\" data-wp-pid=\"2909\" srcset=\"\" sizes=\"auto, (max-width: 429px) 100vw, 429px\" data-srcset=\"\" \/><\/td>\n<td style=\"width: 51.2973%;\"><img loading=\"lazy\" decoding=\"async\" class=\"wp-image-2915 aligncenter\" src=\"https:\/\/skbty.com\/wp-content\/uploads\/2024\/06\/\u6d77\u62a5-\u82f1\u65873-704x1024.jpg\" alt=\"Un vaisseau spatial de th\u00e9rapie magn\u00e9tique\" width=\"470\" height=\"683\" data-wp-pid=\"2915\" srcset=\"https:\/\/skbty.com\/wp-content\/uploads\/2024\/06\/\u6d77\u62a5-\u82f1\u65873-704x1024.jpg 704w, https:\/\/skbty.com\/wp-content\/uploads\/2024\/06\/\u6d77\u62a5-\u82f1\u65873-206x300.jpg 206w, https:\/\/skbty.com\/wp-content\/uploads\/2024\/06\/\u6d77\u62a5-\u82f1\u65873-768x1118.jpg 768w, https:\/\/skbty.com\/wp-content\/uploads\/2024\/06\/\u6d77\u62a5-\u82f1\u65873-1055x1536.jpg 1055w, https:\/\/skbty.com\/wp-content\/uploads\/2024\/06\/\u6d77\u62a5-\u82f1\u65873-600x873.jpg 600w, https:\/\/skbty.com\/wp-content\/uploads\/2024\/06\/\u6d77\u62a5-\u82f1\u65873.jpg 1181w\" sizes=\"auto, (max-width: 470px) 100vw, 470px\" \/><\/td>\n<\/tr>\n<\/tbody>\n<\/table>\n<h2>D\u00e9couvrez la puissance de la th\u00e9rapie magn\u00e9tique<\/h2>\n<p>Le vaisseau spatial de th\u00e9rapie magn\u00e9tique utilise des ondes \u00e9lectromagn\u00e9tiques focalis\u00e9es de haute intensit\u00e9 pour stimuler les contractions musculaires profondes du plancher pelvien.\u00a0<strong>Une seule s\u00e9ance de 15 minutes \u00e9quivaut \u00e0 10 000 exercices de Kegel,<\/strong>\u00a0renforcer et tonifier efficacement les muscles qui soutiennent votre vessie, votre ut\u00e9rus et votre rectum.<\/p>\n<h2>Qui peut en b\u00e9n\u00e9ficier ?<\/h2>\n<p>Ce traitement innovant est id\u00e9al pour les femmes souffrant de :<\/p>\n<ul>\n<li><strong>D\u00e9tente vaginale :<\/strong>\u00a0Am\u00e9liore le tonus et la tension musculaire pour une sensation et une satisfaction sexuelles accrues.<\/li>\n<li><strong>Incontinence urinaire :<\/strong>\u00a0Reprenez le contr\u00f4le de votre vessie et r\u00e9duisez ou \u00e9liminez les fuites.<\/li>\n<li><strong>Prolapsus des organes pelviens :<\/strong>\u00a0Renforcez les muscles du plancher pelvien pour soutenir et soulever les organes prolab\u00e9s.<\/li>\n<li><strong>R\u00e9cup\u00e9ration post-partum :<\/strong>\u00a0R\u00e9tablir la sant\u00e9 vaginale et la force musculaire apr\u00e8s l\u2019accouchement.<\/li>\n<\/ul>\n<p><img loading=\"lazy\" decoding=\"async\" class=\"wp-image-2914 aligncenter\" src=\"https:\/\/skbty.com\/wp-content\/uploads\/2024\/06\/\u6d77\u62a5-\u82f1\u65872-688x1024.jpg\" alt=\"Un vaisseau spatial de th\u00e9rapie magn\u00e9tique\" width=\"489\" height=\"728\" data-wp-pid=\"2914\" srcset=\"https:\/\/skbty.com\/wp-content\/uploads\/2024\/06\/\u6d77\u62a5-\u82f1\u65872-688x1024.jpg 688w, https:\/\/skbty.com\/wp-content\/uploads\/2024\/06\/\u6d77\u62a5-\u82f1\u65872-202x300.jpg 202w, https:\/\/skbty.com\/wp-content\/uploads\/2024\/06\/\u6d77\u62a5-\u82f1\u65872-768x1143.jpg 768w, https:\/\/skbty.com\/wp-content\/uploads\/2024\/06\/\u6d77\u62a5-\u82f1\u65872-1032x1536.jpg 1032w, https:\/\/skbty.com\/wp-content\/uploads\/2024\/06\/\u6d77\u62a5-\u82f1\u65872-600x893.jpg 600w, https:\/\/skbty.com\/wp-content\/uploads\/2024\/06\/\u6d77\u62a5-\u82f1\u65872.jpg 1181w\" sizes=\"auto, (max-width: 489px) 100vw, 489px\" \/><\/p>\n<h2>B\u00e9n\u00e9ficiez d&#039;une multitude d&#039;avantages :<\/h2>\n<ul>\n<li><strong>Sensation sexuelle am\u00e9lior\u00e9e :<\/strong>\u00a0L\u2019am\u00e9lioration du tonus et du contr\u00f4le musculaire peut conduire \u00e0 une sensibilit\u00e9 et un plaisir accrus pendant l\u2019intimit\u00e9.<\/li>\n<li><strong>Am\u00e9lioration du contr\u00f4le de la vessie :<\/strong>\u00a0Des muscles du plancher pelvien renforc\u00e9s offrent un meilleur soutien de la vessie, r\u00e9duisant ou \u00e9liminant les fuites.<\/li>\n<li><strong>Confiance et bien-\u00eatre accrus :<\/strong>\u00a0Reprenez le contr\u00f4le de votre corps et profitez d\u2019une confiance accrue au quotidien.<\/li>\n<li><strong>Non invasif et indolore :<\/strong>\u00a0B\u00e9n\u00e9ficiez d\u2019un traitement confortable sans chirurgie, sans temps d\u2019arr\u00eat ni inconfort.<\/li>\n<li><strong>R\u00e9sultats durables :<\/strong>\u00a0B\u00e9n\u00e9ficiez d\u2019une am\u00e9lioration continue de la force et de la fonction du plancher pelvien gr\u00e2ce \u00e0 des traitements continus.<\/li>\n<\/ul>\n<h2>Fonctionnalit\u00e9s avanc\u00e9es pour des r\u00e9sultats optimaux\u00a0:<\/h2>\n<ul>\n<li><strong>Technologie \u00e9lectromagn\u00e9tique focalis\u00e9e \u00e0 haute intensit\u00e9 :<\/strong>\u00a0Fournit une \u00e9nergie puissante mais s\u00fbre pour stimuler efficacement les contractions musculaires.<\/li>\n<li><strong>Programmes de traitement multiples :<\/strong>\u00a0Les param\u00e8tres personnalis\u00e9s permettent des traitements personnalis\u00e9s adapt\u00e9s \u00e0 vos besoins sp\u00e9cifiques.<\/li>\n<li><strong>Conception confortable et ergonomique :<\/strong>\u00a0D\u00e9tendez-vous et d\u00e9compressez pendant le traitement gr\u00e2ce \u00e0 la conception spacieuse et confortable.<\/li>\n<li><strong>Facile \u00e0 utiliser :<\/strong>\u00a0L&#039;interface intuitive simplifie l&#039;utilisation et la personnalisation de votre exp\u00e9rience de traitement.<\/li>\n<\/ul>\n<h2>Sp\u00e9cifications techniques :<\/h2>\n<ul>\n<li><strong>Nom du produit:<\/strong>\u00a0Un vaisseau spatial de th\u00e9rapie magn\u00e9tique<\/li>\n<li><strong>Tension nominale :<\/strong>\u00a0110V\/220V<\/li>\n<li><strong>\u00c9nergie des ondes \u00e9lectromagn\u00e9tiques :<\/strong>\u00a00 \u00e0 7 T<\/li>\n<li><strong>Puissance nominale :<\/strong>\u00a01000 W par unit\u00e9<\/li>\n<li><strong>Impulsion:<\/strong>\u00a0300 \u00b5s (microsecondes)<\/li>\n<li><strong>Taille de l&#039;entr\u00e9e :<\/strong>\u00a073CM<\/li>\n<li><strong>Horaire de travail :<\/strong>\u00a015 minutes<\/li>\n<li><strong>Taille du produit:<\/strong>\u00a0156 cm (L) x 71,5 cm (l) x 85 cm (H)<\/li>\n<li><strong>Espace massage :<\/strong>\u00a0Cou, \u00e9paules, dos, taille, fesses, jambes<\/li>\n<li><strong>Fonctions de massage :<\/strong>\u00a0P\u00e9trissage, tuina, pressage<\/li>\n<li><strong>Fonctionnalit\u00e9s suppl\u00e9mentaires\u00a0:<\/strong>\u00a0Pression d&#039;air, compresse chaude, gravit\u00e9 z\u00e9ro<\/li>\n<\/ul>\n<h2>Investissez dans votre bien-\u00eatre intime d\u00e8s aujourd&#039;hui<\/h2>\n<p>Le vaisseau spatial de th\u00e9rapie magn\u00e9tique offre une approche r\u00e9volutionnaire de la sant\u00e9 et du rajeunissement du plancher pelvien. D\u00e9couvrez le pouvoir transformateur de cette technologie de pointe et reprenez le contr\u00f4le de votre corps, de votre confiance et de votre vie.<\/p>\n<h2><strong>Personnaliser Le Logo<\/strong><\/h2>\n<p>Vous voulez faire de votre marque de se d\u00e9marquer? Nous vous proposons logo personnalis\u00e9 de services pour vous aider \u00e0 cr\u00e9er un unique et personnalis\u00e9e de logo, qui refl\u00e8te l&#039;identit\u00e9 de votre marque. Notre \u00e9quipe d&#039;experts travaillera en \u00e9troite collaboration avec vous pour concevoir un logo qui r\u00e9sonne avec les valeurs de votre marque et de messagerie. Si vous \u00eates \u00e0 la recherche de r\u00e9organiser votre logo existant ou en cr\u00e9er un nouveau \u00e0 partir de z\u00e9ro, nous vous avons avons couvert. <a href=\"\/fr\/contact\/\">Contactez-nous<\/a> aujourd&#039;hui pour en savoir plus sur notre logo personnalis\u00e9 de services!<\/p>","protected":false},"excerpt":{"rendered":"<p>Renforcez et rajeunissez votre plancher pelvien avec le vaisseau spatial de th\u00e9rapie magn\u00e9tique ! Ce traitement non invasif utilise la technologie \u00e9lectromagn\u00e9tique pour am\u00e9liorer le contr\u00f4le de la vessie, renforcer l&#039;intimit\u00e9 et restaurer la sant\u00e9 vaginale.<\/p>","protected":false},"featured_media":2916,"comment_status":"open","ping_status":"closed","template":"","meta":{"_kad_post_transparent":"default","_kad_post_title":"","_kad_post_layout":"default","_kad_post_sidebar_id":"","_kad_post_content_style":"default","_kad_post_vertical_padding":"default","_kad_post_feature":"","_kad_post_feature_position":"","_kad_post_header":false,"_kad_post_footer":false,"_kad_post_classname":"","rank_math_title":"","rank_math_description":"","rank_math_focus_keyword":"Floor Muscle Repair"},"product_brand":[],"product_cat":[183],"product_tag":[],"class_list":{"0":"post-2908","1":"product","2":"type-product","3":"status-publish","4":"has-post-thumbnail","6":"product_cat-magic-chair","8":"first","9":"instock","10":"shipping-taxable","11":"product-type-simple","12":"entry","13":"content-bg","14":"loop-entry"},"_links":{"self":[{"href":"https:\/\/skbty.com\/fr\/wp-json\/wp\/v2\/product\/2908","targetHints":{"allow":["GET"]}}],"collection":[{"href":"https:\/\/skbty.com\/fr\/wp-json\/wp\/v2\/product"}],"about":[{"href":"https:\/\/skbty.com\/fr\/wp-json\/wp\/v2\/types\/product"}],"replies":[{"embeddable":true,"href":"https:\/\/skbty.com\/fr\/wp-json\/wp\/v2\/comments?post=2908"}],"wp:featuredmedia":[{"embeddable":true,"href":"https:\/\/skbty.com\/fr\/wp-json\/wp\/v2\/media\/2916"}],"wp:attachment":[{"href":"https:\/\/skbty.com\/fr\/wp-json\/wp\/v2\/media?parent=2908"}],"wp:term":[{"taxonomy":"product_brand","embeddable":true,"href":"https:\/\/skbty.com\/fr\/wp-json\/wp\/v2\/product_brand?post=2908"},{"taxonomy":"product_cat","embeddable":true,"href":"https:\/\/skbty.com\/fr\/wp-json\/wp\/v2\/product_cat?post=2908"},{"taxonomy":"product_tag","embeddable":true,"href":"https:\/\/skbty.com\/fr\/wp-json\/wp\/v2\/product_tag?post=2908"}],"curies":[{"name":"Wp wp","href":"https:\/\/api.w.org\/{rel}","templated":true}]}}