{"id":3024,"date":"2024-09-15T19:09:57","date_gmt":"2024-09-15T11:09:57","guid":{"rendered":"https:\/\/skbty.com\/?post_type=product&#038;p=3024"},"modified":"2025-04-07T18:53:36","modified_gmt":"2025-04-07T10:53:36","slug":"accessoires-pe-face-ems-rf-machine-de-beaute-du-visage","status":"publish","type":"product","link":"https:\/\/skbty.com\/fr\/produit\/accessoires-pe-face-ems-rf-machine-de-beaute-du-visage\/","title":{"rendered":"Accessoires pour appareil de beaut\u00e9 du visage PE-Face EMS RF"},"content":{"rendered":"<div class=\"J_module\">\n<div class=\"detail-decorate-json-renderer-container\">\n<div class=\"magic-2\">\n<div class=\"magic-3\">\n<div class=\"magic-4\">\n<div class=\"magic-5\">\n<h1>Accessoires pour <a href=\"\/fr\/produit\/machine-de-beaute-du-visage-pe-face-ems-rf\/\">Appareil de beaut\u00e9 du visage PE-Face EMS RF<\/a><\/h1>\n<table style=\"border-collapse: collapse; width: 100%;\">\n<tbody>\n<tr>\n<td style=\"width: 50%;\"><span style=\"font-size: 18pt;\">(1)support x1<\/span><\/td>\n<td style=\"width: 50%;\"><span style=\"font-size: 18pt;\">(2)tampon x6<\/span><\/td>\n<\/tr>\n<tr>\n<td style=\"width: 50%;\"><img loading=\"lazy\" decoding=\"async\" class=\"wp-image-3026 alignleft\" src=\"https:\/\/skbty.com\/wp-content\/uploads\/2024\/09\/Bracket-PE-FACE-1024x1024.jpg\" alt=\"Support de PE-FACE\" width=\"320\" height=\"320\" data-wp-pid=\"3026\" srcset=\"https:\/\/skbty.com\/wp-content\/uploads\/2024\/09\/Bracket-PE-FACE-1024x1024.jpg 1024w, https:\/\/skbty.com\/wp-content\/uploads\/2024\/09\/Bracket-PE-FACE-300x300.jpg 300w, https:\/\/skbty.com\/wp-content\/uploads\/2024\/09\/Bracket-PE-FACE-150x150.jpg 150w, https:\/\/skbty.com\/wp-content\/uploads\/2024\/09\/Bracket-PE-FACE-768x768.jpg 768w, https:\/\/skbty.com\/wp-content\/uploads\/2024\/09\/Bracket-PE-FACE-600x600.jpg 600w, https:\/\/skbty.com\/wp-content\/uploads\/2024\/09\/Bracket-PE-FACE-100x100.jpg 100w, https:\/\/skbty.com\/wp-content\/uploads\/2024\/09\/Bracket-PE-FACE.jpg 1080w\" sizes=\"auto, (max-width: 320px) 100vw, 320px\" \/><\/td>\n<td style=\"width: 50%;\"><img loading=\"lazy\" decoding=\"async\" class=\"wp-image-3025\" src=\"https:\/\/skbty.com\/wp-content\/uploads\/2024\/09\/fc21cc2b-4844-4538-9dc7-20ce99aef8ef-768x1024.jpg\" alt=\"Poign\u00e9es pour PE-FACE\" width=\"195\" height=\"260\" data-wp-pid=\"3025\" srcset=\"https:\/\/skbty.com\/wp-content\/uploads\/2024\/09\/fc21cc2b-4844-4538-9dc7-20ce99aef8ef-768x1024.jpg 768w, https:\/\/skbty.com\/wp-content\/uploads\/2024\/09\/fc21cc2b-4844-4538-9dc7-20ce99aef8ef-225x300.jpg 225w, https:\/\/skbty.com\/wp-content\/uploads\/2024\/09\/fc21cc2b-4844-4538-9dc7-20ce99aef8ef-1152x1536.jpg 1152w, https:\/\/skbty.com\/wp-content\/uploads\/2024\/09\/fc21cc2b-4844-4538-9dc7-20ce99aef8ef-600x800.jpg 600w, https:\/\/skbty.com\/wp-content\/uploads\/2024\/09\/fc21cc2b-4844-4538-9dc7-20ce99aef8ef.jpg 1280w\" sizes=\"auto, (max-width: 195px) 100vw, 195px\" \/><\/td>\n<\/tr>\n<\/tbody>\n<\/table>\n<p>&nbsp;<\/p>\n<p>Veuillez consulter les informations d\u00e9taill\u00e9es pour <a href=\"\/fr\/produit\/machine-de-beaute-du-visage-pe-face-ems-rf\/\">Appareil de beaut\u00e9 du visage PE-Face EMS RF<\/a>.<\/p>\n<p><strong style=\"font-family: 'Playfair Display', serif; font-size: 32px; text-transform: capitalize;\">Personnaliser Le Logo<\/strong><\/p>\n<\/div>\n<\/div>\n<\/div>\n<\/div>\n<\/div>\n<\/div>\n<div class=\"J_module\">\n<div class=\"detail-decorate-json-renderer-container\">\n<div class=\"magic-2\">\n<div class=\"magic-3\">\n<div class=\"magic-4\">\n<div class=\"magic-5\">\n<p>Vous voulez faire de votre marque de se d\u00e9marquer? Nous vous proposons logo personnalis\u00e9 de services pour vous aider \u00e0 cr\u00e9er un unique et personnalis\u00e9e de logo, qui refl\u00e8te l&#039;identit\u00e9 de votre marque. Notre \u00e9quipe d&#039;experts travaillera en \u00e9troite collaboration avec vous pour concevoir un logo qui r\u00e9sonne avec les valeurs de votre marque et de messagerie. Si vous \u00eates \u00e0 la recherche de r\u00e9organiser votre logo existant ou en cr\u00e9er un nouveau \u00e0 partir de z\u00e9ro, nous vous avons avons couvert. <a href=\"\/fr\/contact\/\">Contactez-nous<\/a> aujourd&#039;hui pour en savoir plus sur notre logo personnalis\u00e9 de services!<\/p>\n<\/div>\n<\/div>\n<\/div>\n<\/div>\n<\/div>\n<\/div>\n<div id=\"haloword-lookup\" class=\"ui-widget-content ui-draggable\" style=\"position: relative;\">\n<div id=\"haloword-title\">\n<div id=\"haloword-control-container\"><\/div>\n<\/div>\n<div id=\"haloword-content\"><\/div>\n<\/div>","protected":false},"excerpt":{"rendered":"<p class=\"p1\">Red\u00e9finissez les contours de votre visage avec la machine de beaut\u00e9 du visage PE-Face EMS RF ! Cet appareil avanc\u00e9 combine HIFEM, RF, EMS et \u00e9nergie thermique pour un raffermissement ultime de la peau, une r\u00e9duction des rides et une tonification musculaire - le tout sans aiguilles ni temps d&#039;arr\u00eat !<\/p>","protected":false},"featured_media":3026,"comment_status":"open","ping_status":"closed","template":"","meta":{"_kad_post_transparent":"default","_kad_post_title":"","_kad_post_layout":"default","_kad_post_sidebar_id":"","_kad_post_content_style":"default","_kad_post_vertical_padding":"default","_kad_post_feature":"","_kad_post_feature_position":"","_kad_post_header":false,"_kad_post_footer":false,"_kad_post_classname":"","rank_math_title":"","rank_math_description":"","rank_math_focus_keyword":""},"product_brand":[],"product_cat":[49],"product_tag":[],"class_list":{"0":"post-3024","1":"product","2":"type-product","3":"status-publish","4":"has-post-thumbnail","6":"product_cat-parts_facial_care","7":"product_shipping_class-included-shipping","9":"first","10":"instock","11":"sale","12":"shipping-taxable","13":"purchasable","14":"product-type-simple","15":"entry","16":"content-bg","17":"loop-entry"},"_links":{"self":[{"href":"https:\/\/skbty.com\/fr\/wp-json\/wp\/v2\/product\/3024","targetHints":{"allow":["GET"]}}],"collection":[{"href":"https:\/\/skbty.com\/fr\/wp-json\/wp\/v2\/product"}],"about":[{"href":"https:\/\/skbty.com\/fr\/wp-json\/wp\/v2\/types\/product"}],"replies":[{"embeddable":true,"href":"https:\/\/skbty.com\/fr\/wp-json\/wp\/v2\/comments?post=3024"}],"wp:featuredmedia":[{"embeddable":true,"href":"https:\/\/skbty.com\/fr\/wp-json\/wp\/v2\/media\/3026"}],"wp:attachment":[{"href":"https:\/\/skbty.com\/fr\/wp-json\/wp\/v2\/media?parent=3024"}],"wp:term":[{"taxonomy":"product_brand","embeddable":true,"href":"https:\/\/skbty.com\/fr\/wp-json\/wp\/v2\/product_brand?post=3024"},{"taxonomy":"product_cat","embeddable":true,"href":"https:\/\/skbty.com\/fr\/wp-json\/wp\/v2\/product_cat?post=3024"},{"taxonomy":"product_tag","embeddable":true,"href":"https:\/\/skbty.com\/fr\/wp-json\/wp\/v2\/product_tag?post=3024"}],"curies":[{"name":"Wp wp","href":"https:\/\/api.w.org\/{rel}","templated":true}]}}